{"id":10806,"date":"2020-12-18T08:06:31","date_gmt":"2020-12-18T07:06:31","guid":{"rendered":"http:\/\/onlinelotto365.net\/?page_id=10806"},"modified":"2021-03-02T10:44:00","modified_gmt":"2021-03-02T09:44:00","slug":"mega-millions","status":"publish","type":"page","link":"https:\/\/onlinelotto365.com\/sl\/kupiti-vstopnice\/mega-millions\/","title":{"rendered":"Loterij Mega Millions iz Slovenije"},"content":{"rendered":"<p>Nekaj \u010dasa nazaj, 13. februarja 2016, je bil podeljen najve\u010dji dobitek v zgodovini loterije ZD, trem igralcem z veliko sre\u010de. Zaradi neverjetnega glavnega dobitka v vi\u0161ini 1,5 milijarde USD, so navdu\u0161enci loterije po celotni ZDA pre\u017eiveli ure \u010dakajo\u010d v vrsti za sre\u010dko. Kaj pa igralci iz Slovenije? So bili izlo\u010deni iz mo\u017enosti za Powerball dobitek \u010de v tistem \u010dasu niso bili v ZDA? Ne, niso bili \u2013 \u010de bi le vedeli, da lahko igrajo\u00a0 Mega Millions loterijo tudi iz Slovenije.<br \/>\n<a href=\"https:\/\/redfoxlotto.com\/play\/mega-millions\/?ref=a8564250a2&amp;medium=ol365\" target=\"_blank\" rel=\"noopener noreferrer\"><img decoding=\"async\" class=\"aligncenter\" src=\"https:\/\/redfoxlotto.com\/image?size=8&amp;lottery=mega-millions\" alt=\"mega millions\" \/><\/a><\/p>\n<p>Internet omogo\u010da, da lahko kupite sre\u010dko za omenjene loterije v ZD. Ni vam potrebno \u017eiveti v ZDA, da bi imeli mo\u017enost zadeti te neverjetne glavne dobitke.<\/p>\n<p><a href=\"https:\/\/redfoxlotto.com\/sl\/?ref=A8564250A2&amp;campaign=ol\" target=\"_blank\" rel=\"noopener\">\u010ce \u017eelite igrati kliknite na to povezavo, ki vas vodi do loterijske slu\u017ebe na spletu z imenom RedFoxLotto<\/a>. Potem izberite va\u0161e loterijske \u0161tevilke ter pla\u010date in v nekaj urah boste prejeli va\u0161o sre\u010dko za Powerball ali Mega Millions.<\/p>\n<h2>Igrajte Mega Millions loterijo na spletu, \u010de \u017eivite v Sloveniji.<\/h2>\n<p>Tako to deluje: ko izberete va\u0161e \u0161tevilke in pla\u010date va\u0161o sre\u010dko, bo spletna loterijska slu\u017eba poslala agenta do prodajalne sre\u010dk v ZDA. Agent bo kupil sre\u010dko v va\u0161em imenu ter se prepri\u010dal, da so va\u0161e \u0161tevilke in va\u0161e ime na sre\u010dki, potem jo bo skeniral in vam poslal e-po\u0161to s povezavo za prenos sre\u010dke.<\/p>\n<p>\u010ce zadenete je postopek odvisen od vi\u0161ine zadetka. Zneski pod $500 bodo avtomatsko preneseni na va\u0161 ra\u010dun. Ta znesek lahko dvignete ali uporabite za nakup drugih loterijskih sre\u010dk. \u010ce zadenete ve\u010dji znesek, vam bo RedFoxLotto poslal obrazec, ki ga boste izpolnili in poslali nazaj po e-po\u0161ti. RedFoxLotto bo ta obrazec poslal loterijski komisiji, ki vam bo nakazala denar.<\/p>\n<p>Pomembno je, da je RedFoxLotto legalna in zanesljiva posredovalna slu\u017eba. Z nakupom loterijske sre\u010dke na spletu imate pogodbo direktno z loterijo &#8211; kar zagotavlja, da denar, ki ga zadenete pride od njih.<\/p>\n<h2>Ostale loterije, ki jih lahko igrate iz Slovenije<\/h2>\n<p>&nbsp;<\/p>\n<p>Preko te spletne loterijske slu\u017ebe lahko kupite sre\u010dke iz 20 najve\u010djih svetovnih loterij.<\/p>\n<h2>Razvoj loterije<img loading=\"lazy\" decoding=\"async\" class=\" wp-image-1785 alignright\" src=\"https:\/\/onlinelotto365.com\/wp-content\/uploads\/2020\/11\/online_lottery-159-300x300.jpg\" alt=\"Kupite mega millions preko spleta\" width=\"155\" height=\"155\" \/><\/h2>\n<p>Zgodovinsko gledano se zdi, da so prve loterije potekale na Kitajskem, in \u0161e takrat so bile loterije namenjene financiranju javnih projektov. Tudi Kitajski zid je bil eden od teh projektov. V starem Rimu so v \u010dasu dogodkov za bogate dr\u017eavljane potekale loterije, prihodke pa so porabili za financiranje popravil v mestu. Januarja 1449 se je vojna med Milanom in Benetkami financirala z loterijo.<\/p>\n<p>Skozi stoletja so se loterije ve\u010dinoma sankcionirale in vodile dr\u017eave in vlade, da bi zbrale denar. Na nek na\u010din so te loterije slu\u017eile kot oblika prostovoljne obdav\u010ditve mno\u017eic. Zaradi tega je odstotek prihodkov od prodaje vstopnic v primerjavi z izpla\u010dilom nagrad in je bil pogosto precej nizek.<\/p>\n<h2>Loterija v sodobnem \u010dasu<\/h2>\n<p>Ker je internet za mnoge od nas olaj\u0161al stvari, je ve\u010dina nacionalnih loterij za\u010dela ponujati mo\u017enost za nakup vstopnic na spletu. Toda nakup loto vstopnic na spletu preko spletnih strani nacionalnih loterij je bil omejen na igralce iz dr\u017eave, ki je bila loterija. Medtem ko je bil nakup na spletu bolj priro\u010den, to ni izbolj\u0161alo kvote za zmago na kakr\u0161en koli na\u010din. To bi dosegli le z naslednjim korakom v razvoju loterije.<\/p>\n<h2>Ve\u010dja izbira daje bolj\u0161e kvote<\/h2>\n<p>Zamisel o storitvi, kot je RedFoxLotto.com, ki omogo\u010da loto obo\u017eevalcem, da sodelujejo v loteriji iz drugih jurisdikcij, je bila naslednji logi\u010dni korak v razvoju. Zdaj lahko igralci loto izbirajo med \u0161tevilnimi loterijami. S prizadevanjem za trenutno najvi\u0161ji jackpot, lahko znatno izbolj\u0161ajo svoje zmagovalno pri\u010dakovanje. Za loterije, kot so Mega Millions, Powerball in Euromillions, se odstotek nakupa spletnih iger s strani igralcev iz celega sveta pove\u010duje iz meseca v mesec.<\/p>\n<h2>Pogled v prihodnost<\/h2>\n<p>Obstajajo \u017ee na\u010drti za &#8220;svetovno loterijo&#8221;, ki jo ne bo vodila dr\u017eava, ampak globalna korporacija. Na\u010drti za tak\u0161no loterijo vklju\u010dujejo koncept spletnega tr\u017eenja z vi\u0161jimi odstotki izpla\u010dil kot dr\u017eavne loterije.<\/p>\n<p>Velik odstotek dobi\u010dka iz te loterije bo uporabljen za dobrodelne namene. \u0160e pomembneje pa je, da na\u010drti za ta svetovni projekt vklju\u010dujejo bolj demokrati\u010den proces, da se odlo\u010di, kako bodo sredstva uporabljena. Natan\u010den proces je \u0161e vedno neznan, vendar bodo tako ali druga\u010de igralci imeli mo\u017enost glasovati za razli\u010dne mednarodne dobrodelne projekte. Ob\u010dasno se vrnite na na\u0161o spletno stran &#8211; o projektu World Lottery vas bomo obve\u0161\u010dali takoj, ko bo na voljo ve\u010d informacij!<\/p>\n","protected":false},"excerpt":{"rendered":"<p>Nekaj \u010dasa nazaj, 13. februarja 2016, je bil podeljen najve\u010dji dobitek v zgodovini loterije ZD, trem igralcem z veliko sre\u010de. Zaradi neverjetnega glavnega dobitka v vi\u0161ini 1,5 milijarde USD, so navdu\u0161enci loterije po celotni ZDA pre\u017eiveli ure \u010dakajo\u010d v vrsti za sre\u010dko. Kaj pa igralci iz Slovenije? So bili izlo\u010deni iz mo\u017enosti za Powerball dobitek [&hellip;]<\/p>\n","protected":false},"author":1,"featured_media":0,"parent":5679,"menu_order":2,"comment_status":"closed","ping_status":"closed","template":"megamillion-info.php","meta":{"_et_pb_use_builder":"","_et_pb_old_content":"","_et_gb_content_width":"","exclude_from_search":false,"footnotes":""},"class_list":["post-10806","page","type-page","status-publish","hentry"],"yoast_head":"<!-- This site is optimized with the Yoast SEO plugin v23.4 - https:\/\/yoast.com\/wordpress\/plugins\/seo\/ -->\n<title>Nakup vstopnic za Mega Millions preko spleta iz Slovenije | Mega Millions info, pridobivanje vstopnic po spletu<\/title>\n<meta name=\"description\" content=\"Mega Millions Lotto zdaj zagrabi prebivalce Slovenije - tukaj kupite zakonite spletne vstopnice Mega Millions\" \/>\n<meta name=\"robots\" content=\"index, follow, max-snippet:-1, max-image-preview:large, max-video-preview:-1\" \/>\n<link rel=\"canonical\" href=\"https:\/\/onlinelotto365.com\/sl\/kupiti-vstopnice\/mega-millions\/\" \/>\n<meta property=\"og:locale\" content=\"sl_SI\" \/>\n<meta property=\"og:type\" content=\"article\" \/>\n<meta property=\"og:title\" content=\"Nakup vstopnic za Mega Millions preko spleta iz Slovenije | Mega Millions info, pridobivanje vstopnic po spletu\" \/>\n<meta property=\"og:description\" content=\"Mega Millions Lotto zdaj zagrabi prebivalce Slovenije - tukaj kupite zakonite spletne vstopnice Mega Millions\" \/>\n<meta property=\"og:url\" content=\"https:\/\/onlinelotto365.com\/sl\/kupiti-vstopnice\/mega-millions\/\" \/>\n<meta property=\"og:site_name\" content=\"OnlineLotto365\" \/>\n<meta property=\"article:modified_time\" content=\"2021-03-02T09:44:00+00:00\" \/>\n<meta property=\"og:image\" content=\"https:\/\/redfoxlotto.com\/image?size=8&amp;lottery=mega-millions\" \/>\n<meta name=\"twitter:card\" content=\"summary_large_image\" \/>\n<meta name=\"twitter:label1\" content=\"Est. reading time\" \/>\n\t<meta name=\"twitter:data1\" content=\"4 minute\" \/>\n<script type=\"application\/ld+json\" class=\"yoast-schema-graph\">{\"@context\":\"https:\/\/schema.org\",\"@graph\":[{\"@type\":\"WebPage\",\"@id\":\"https:\/\/onlinelotto365.com\/sl\/kupiti-vstopnice\/mega-millions\/\",\"url\":\"https:\/\/onlinelotto365.com\/sl\/kupiti-vstopnice\/mega-millions\/\",\"name\":\"Nakup vstopnic za Mega Millions preko spleta iz Slovenije | Mega Millions info, pridobivanje vstopnic po spletu\",\"isPartOf\":{\"@id\":\"https:\/\/onlinelotto365.com\/sl\/#website\"},\"primaryImageOfPage\":{\"@id\":\"https:\/\/onlinelotto365.com\/sl\/kupiti-vstopnice\/mega-millions\/#primaryimage\"},\"image\":{\"@id\":\"https:\/\/onlinelotto365.com\/sl\/kupiti-vstopnice\/mega-millions\/#primaryimage\"},\"thumbnailUrl\":\"https:\/\/redfoxlotto.com\/image?size=8&amp;lottery=mega-millions\",\"datePublished\":\"2020-12-18T07:06:31+00:00\",\"dateModified\":\"2021-03-02T09:44:00+00:00\",\"description\":\"Mega Millions Lotto zdaj zagrabi prebivalce Slovenije - tukaj kupite zakonite spletne vstopnice Mega Millions\",\"breadcrumb\":{\"@id\":\"https:\/\/onlinelotto365.com\/sl\/kupiti-vstopnice\/mega-millions\/#breadcrumb\"},\"inLanguage\":\"sl-SI\",\"potentialAction\":[{\"@type\":\"ReadAction\",\"target\":[\"https:\/\/onlinelotto365.com\/sl\/kupiti-vstopnice\/mega-millions\/\"]}]},{\"@type\":\"ImageObject\",\"inLanguage\":\"sl-SI\",\"@id\":\"https:\/\/onlinelotto365.com\/sl\/kupiti-vstopnice\/mega-millions\/#primaryimage\",\"url\":\"https:\/\/redfoxlotto.com\/image?size=8&amp;lottery=mega-millions\",\"contentUrl\":\"https:\/\/redfoxlotto.com\/image?size=8&amp;lottery=mega-millions\"},{\"@type\":\"BreadcrumbList\",\"@id\":\"https:\/\/onlinelotto365.com\/sl\/kupiti-vstopnice\/mega-millions\/#breadcrumb\",\"itemListElement\":[{\"@type\":\"ListItem\",\"position\":1,\"name\":\"Home\",\"item\":\"https:\/\/onlinelotto365.com\/sl\/\"},{\"@type\":\"ListItem\",\"position\":2,\"name\":\"Zakaj je bolj smiselno kupovati loterijske sre\u010dke prek spleta\",\"item\":\"https:\/\/onlinelotto365.com\/sl\/kupiti-vstopnice\/\"},{\"@type\":\"ListItem\",\"position\":3,\"name\":\"Loterij Mega Millions iz Slovenije\"}]},{\"@type\":\"WebSite\",\"@id\":\"https:\/\/onlinelotto365.com\/sl\/#website\",\"url\":\"https:\/\/onlinelotto365.com\/sl\/\",\"name\":\"OnlineLotto365\",\"description\":\"\",\"potentialAction\":[{\"@type\":\"SearchAction\",\"target\":{\"@type\":\"EntryPoint\",\"urlTemplate\":\"https:\/\/onlinelotto365.com\/sl\/?s={search_term_string}\"},\"query-input\":{\"@type\":\"PropertyValueSpecification\",\"valueRequired\":true,\"valueName\":\"search_term_string\"}}],\"inLanguage\":\"sl-SI\"}]}<\/script>\n<!-- \/ Yoast SEO plugin. -->","yoast_head_json":{"title":"Nakup vstopnic za Mega Millions preko spleta iz Slovenije | Mega Millions info, pridobivanje vstopnic po spletu","description":"Mega Millions Lotto zdaj zagrabi prebivalce Slovenije - tukaj kupite zakonite spletne vstopnice Mega Millions","robots":{"index":"index","follow":"follow","max-snippet":"max-snippet:-1","max-image-preview":"max-image-preview:large","max-video-preview":"max-video-preview:-1"},"canonical":"https:\/\/onlinelotto365.com\/sl\/kupiti-vstopnice\/mega-millions\/","og_locale":"sl_SI","og_type":"article","og_title":"Nakup vstopnic za Mega Millions preko spleta iz Slovenije | Mega Millions info, pridobivanje vstopnic po spletu","og_description":"Mega Millions Lotto zdaj zagrabi prebivalce Slovenije - tukaj kupite zakonite spletne vstopnice Mega Millions","og_url":"https:\/\/onlinelotto365.com\/sl\/kupiti-vstopnice\/mega-millions\/","og_site_name":"OnlineLotto365","article_modified_time":"2021-03-02T09:44:00+00:00","og_image":[{"url":"https:\/\/redfoxlotto.com\/image?size=8&amp;lottery=mega-millions"}],"twitter_card":"summary_large_image","twitter_misc":{"Est. reading time":"4 minute"},"schema":{"@context":"https:\/\/schema.org","@graph":[{"@type":"WebPage","@id":"https:\/\/onlinelotto365.com\/sl\/kupiti-vstopnice\/mega-millions\/","url":"https:\/\/onlinelotto365.com\/sl\/kupiti-vstopnice\/mega-millions\/","name":"Nakup vstopnic za Mega Millions preko spleta iz Slovenije | Mega Millions info, pridobivanje vstopnic po spletu","isPartOf":{"@id":"https:\/\/onlinelotto365.com\/sl\/#website"},"primaryImageOfPage":{"@id":"https:\/\/onlinelotto365.com\/sl\/kupiti-vstopnice\/mega-millions\/#primaryimage"},"image":{"@id":"https:\/\/onlinelotto365.com\/sl\/kupiti-vstopnice\/mega-millions\/#primaryimage"},"thumbnailUrl":"https:\/\/redfoxlotto.com\/image?size=8&amp;lottery=mega-millions","datePublished":"2020-12-18T07:06:31+00:00","dateModified":"2021-03-02T09:44:00+00:00","description":"Mega Millions Lotto zdaj zagrabi prebivalce Slovenije - tukaj kupite zakonite spletne vstopnice Mega Millions","breadcrumb":{"@id":"https:\/\/onlinelotto365.com\/sl\/kupiti-vstopnice\/mega-millions\/#breadcrumb"},"inLanguage":"sl-SI","potentialAction":[{"@type":"ReadAction","target":["https:\/\/onlinelotto365.com\/sl\/kupiti-vstopnice\/mega-millions\/"]}]},{"@type":"ImageObject","inLanguage":"sl-SI","@id":"https:\/\/onlinelotto365.com\/sl\/kupiti-vstopnice\/mega-millions\/#primaryimage","url":"https:\/\/redfoxlotto.com\/image?size=8&amp;lottery=mega-millions","contentUrl":"https:\/\/redfoxlotto.com\/image?size=8&amp;lottery=mega-millions"},{"@type":"BreadcrumbList","@id":"https:\/\/onlinelotto365.com\/sl\/kupiti-vstopnice\/mega-millions\/#breadcrumb","itemListElement":[{"@type":"ListItem","position":1,"name":"Home","item":"https:\/\/onlinelotto365.com\/sl\/"},{"@type":"ListItem","position":2,"name":"Zakaj je bolj smiselno kupovati loterijske sre\u010dke prek spleta","item":"https:\/\/onlinelotto365.com\/sl\/kupiti-vstopnice\/"},{"@type":"ListItem","position":3,"name":"Loterij Mega Millions iz Slovenije"}]},{"@type":"WebSite","@id":"https:\/\/onlinelotto365.com\/sl\/#website","url":"https:\/\/onlinelotto365.com\/sl\/","name":"OnlineLotto365","description":"","potentialAction":[{"@type":"SearchAction","target":{"@type":"EntryPoint","urlTemplate":"https:\/\/onlinelotto365.com\/sl\/?s={search_term_string}"},"query-input":{"@type":"PropertyValueSpecification","valueRequired":true,"valueName":"search_term_string"}}],"inLanguage":"sl-SI"}]}},"_links":{"self":[{"href":"https:\/\/onlinelotto365.com\/sl\/wp-json\/wp\/v2\/pages\/10806","targetHints":{"allow":["GET"]}}],"collection":[{"href":"https:\/\/onlinelotto365.com\/sl\/wp-json\/wp\/v2\/pages"}],"about":[{"href":"https:\/\/onlinelotto365.com\/sl\/wp-json\/wp\/v2\/types\/page"}],"author":[{"embeddable":true,"href":"https:\/\/onlinelotto365.com\/sl\/wp-json\/wp\/v2\/users\/1"}],"replies":[{"embeddable":true,"href":"https:\/\/onlinelotto365.com\/sl\/wp-json\/wp\/v2\/comments?post=10806"}],"version-history":[{"count":0,"href":"https:\/\/onlinelotto365.com\/sl\/wp-json\/wp\/v2\/pages\/10806\/revisions"}],"up":[{"embeddable":true,"href":"https:\/\/onlinelotto365.com\/sl\/wp-json\/wp\/v2\/pages\/5679"}],"wp:attachment":[{"href":"https:\/\/onlinelotto365.com\/sl\/wp-json\/wp\/v2\/media?parent=10806"}],"curies":[{"name":"wp","href":"https:\/\/api.w.org\/{rel}","templated":true}]}}