{"id":10812,"date":"2020-12-18T08:07:47","date_gmt":"2020-12-18T07:07:47","guid":{"rendered":"http:\/\/onlinelotto365.net\/?page_id=10812"},"modified":"2021-03-02T11:01:56","modified_gmt":"2021-03-02T10:01:56","slug":"euromillions","status":"publish","type":"page","link":"https:\/\/onlinelotto365.com\/sl\/kupiti-vstopnice\/euromillions\/","title":{"rendered":"Kupi Euromillions loto listke na spletu"},"content":{"rendered":"<h2>Euromillions je ena najve\u010djih loterij na svetu<\/h2>\n<p>The Euromillions so ustanovili leta 2004 kot sodelujo\u010d trud med nacionalnimi operaterji loterije v Franciji, \u0160paniji in Veliki Britaniji. Trajalo je deset let, da so dosegli dogovor med dr\u017eavami, zato je z za\u010detkom bilo, zagotovo bilo vse zelo dobro organizirano in tako tudi ostaja.<br \/>\n<a href=\"https:\/\/redfoxlotto.com\/play\/euromillions\/?ref=a8564250a2&amp;medium=ol365\" target=\"_blank\" rel=\"noopener noreferrer\"><img decoding=\"async\" class=\"aligncenter\" src=\"https:\/\/redfoxlotto.com\/image?size=8&amp;lottery=euromillions\" alt=\"euromillions\" \/><\/a><\/p>\n<p>Na\u010drt je bil ponuditi loterijskim igralcem v teh treh dr\u017eavah mo\u017enost igranja za veliko ve\u010dje jackpote, kot je bilo prej na voljo. Ker so ogromni jackpoti resni\u010dno vznemirljivo navdu\u0161enje, je bilo pri\u010dakovati, da bo ta novi loto velik hit in ustvaril nekaj fantasti\u010dnih jackpotov na teden. To se je tudi zgodilo.<\/p>\n<p>Ko je uspeh loterije rastel, se je pridru\u017eilo \u0161e ve\u010d dr\u017eav, danes pa sodeluje devet razli\u010dnih dr\u017eav. Jackpoti so vedno med najve\u010djimi razpolo\u017eljivimi kjerkoli na svetu, od 15 milijoni evrov naprej.<\/p>\n<p>Ko jackpot dose\u017ee 190 milijonov evrov, je omejen, dodatna pove\u010danja pa se dodajo drugim nagradam. Organizatorji loterije menijo, da je ta velikost jackpot dovolj velika, in to je vsekakor ve\u010d kot dovolj denarja za zadovoljitev vsakega od nas. Njihovo razmi\u0161ljanje je, da so na tej to\u010dki ustvarili ve\u010d kot dovolj vznemirjenja za jackpot in zdaj lahko to storijo enako z drugimi nagradami.<\/p>\n<h2>O Euromillions<\/h2>\n<p><img loading=\"lazy\" decoding=\"async\" class=\"alignright size-medium wp-image-3672\" src=\"https:\/\/onlinelotto365.com\/wp-content\/uploads\/2020\/11\/online_lottery-161-300x207.jpg\" alt=\"kupite Euromillions Slovenija\" width=\"300\" height=\"207\" srcset=\"https:\/\/onlinelotto365.com\/wp-content\/uploads\/2020\/11\/online_lottery-161-300x207.jpg 300w, https:\/\/onlinelotto365.com\/wp-content\/uploads\/2020\/11\/online_lottery-161.jpg 320w\" sizes=\"auto, (max-width: 300px) 100vw, 300px\" \/><\/p>\n<ul>\n<li>Dr\u017eava: razno Evropa<\/li>\n<li>Razpon glavnih \u0161tevilk: 50<\/li>\n<li>Izberete: 5<\/li>\n<li>Razpon dodatnih \u0161tevilk: 12<\/li>\n<li>Izberete: 2<\/li>\n<li>\u017drebanje dni, ure: torek, petek, 19.30 GMT, 20.30 po srednjeevropskem \u010dasu<\/li>\n<li>Najni\u017eji jackpot: 17 milijonov EUR<\/li>\n<li>Najvi\u0161ji jackpot: 190 milijonov EUR<\/li>\n<li>Verjetnost dobitka jackpota: 1 leta 186450880<\/li>\n<li>Verjetnost zmage stopnje 2: 1 v 2118760<\/li>\n<li>Verjetnost zmage na katerem koli nivoju: 1 proti 12,98<\/li>\n<li>\u0160tevilo nagrad: 13<\/li>\n<\/ul>\n<h2>Ni vam treba \u017eiveti v vseh teh dr\u017eavah da bi igrali<\/h2>\n<p>Ker je Euromillions v zgodovini omogo\u010den samo v devetih evropskih dr\u017eavah, je ve\u010dina od nas izpu\u0161\u010dena, pri tem da bi dobiti listek Euromillions Lotto. Pravzaprav, igranje te loterije sploh ni bila na\u0161a ideja, do zadnjega \u010dasa.<\/p>\n<p>Preudarni loterijski igralci, tisti od nas z znanjem, zdaj vemo, da fizi\u010dne ovire v svetu loterij ne obstajajo ve\u010d. Pravzaprav \u0161e vedno delajo v smislu, saj morate \u0161e vedno fizi\u010dno kupiti svoje loterijske listke za Euromillions in druge loterije iz vsega sveta. Seveda ne boste tam potovali dvakrat na teden, da bi kupili listke, saj bi to trajalo precej \u010dasa in denarja.<\/p>\n<p>Lahko bi najeli nekoga, ki \u017eivi v dr\u017eavi, v kateri \u017eelite kupiti loterijske listke, vendar bi to zahtevalo ve\u010d znanja in naporov, kot bi ve\u010dina ljudi mislila. Kako torej lahko kupite listke za Euromillions?<\/p>\n<p>Odgovor je, da preprosto kupite listek za Euromillions na spletu, neposredno od doma, in imate cenjeno in zaupanja vredno storitev za vse va\u0161e potrebe, vklju\u010dno z nakupom vstopnic v va\u0161em imenu, po\u0161iljanjem e-po\u0161te s skeniranim izvodom, shranjevanjem vstopnic za vas, preverjanje va\u0161ih \u0161tevilk in obve\u0161\u010danje, \u010de ste zmagali, in vam pomagajo, da dobite denar od dobitkov.<\/p>\n<p>Ta nova storitev se imenuje RedFoxLotto, sanje o tem, kako ljudje lahko kupijo na spletu svoje loterijske listke in imajo vse, ker je poskrbljeno zanje, je zdaj postalo resni\u010dnost. Ne samo, da lahko zelo udobno kupite vse listke Euromillions, ki jih \u017eelite, ponujajo tudi spletne nakupe listkov za vse najve\u010dje in najbolj priljubljene loterije na svetu.<\/p>\n<p><a href=\"https:\/\/redfoxlotto.com\/sl\/?ref=A8564250A2&amp;campaign=ol\" target=\"_blank\" rel=\"noopener\"><span style=\"text-decoration: underline;\">Kliknite tukaj, da obi\u0161\u010dete njihovo spletno stran in dobite svoj listek Euromillions!<\/span><\/a><\/p>\n<h2>Kako deluje Euromillions loto<\/h2>\n<p>Tukaj je skupno 13 razli\u010dnih izpla\u010dil nagrad v tem loto dogodku, od ujemanja le dveh \u0161tevilk do glavnih 5, da ujemanja vseh 5 plus obe sre\u010dni zvezdi in tako osvoji znesek jackpota. Poleg svojih velikih jackpotov, Euromillions ponuja svojim igralcem tudi ve\u010djo mo\u017enost, da dobijo kak\u0161no izpla\u010dilo, kot obi\u010dajno vidite v velikih loterijah.<\/p>\n<p>\u017drebanja so dvakrat na teden, ob torkih in petkih, ob 21. Uri po britanskem \u010dasu. RedFoxLotto od\u0161teva \u010das do \u017ereba in do vseh ostalih loterije na svoji spletni strani, tako da igralci vedno vedo, koliko \u010dasa jim ostane do naslednjega \u017erebanja. Igralci izberejo 5 \u0161tevilk od 1 do 50, kot tudi 2 sre\u010dni \u0161tevilki od 1 do 11. Tako kot loto kabine, RedFoxLotto igralcem ponuja mo\u017enost izbire lastnih \u0161tevilk ali da jih ra\u010dunalnik izbere naklju\u010dno.<\/p>\n<p>Za vsako \u017erebanje lahko kupite najve\u010d listkov. Nato lahko obi\u0161\u010dete spletno stran RedFoxLotto, da preverite svoje listke ali \u010de \u017eelite, lahko po\u010dakate na to, da vam RedFoxLotto po\u0161lje e-po\u0161to, ko zmagate. Odvisno od tega, koliko boste zadeli, vam bodo nato svetovali in vam pomagali pri zbiranju.<\/p>\n<h2>Sedaj ko veste vse, imate mo\u010d<\/h2>\n<p>Nismo ve\u010d odrezani od velikih loterij, kot so Euromillions, samo zaradi tega kjer \u017eivimo. Zdaj lahko kupimo kakr\u0161ne koli loterijske listke, ki jih \u017eelimo, in nas nih\u010de ne more ustaviti. Internet je resni\u010dno odprl svet, zdaj pa se je to kon\u010dno raz\u0161irilo tudi na loterije. \u010cakanje je kon\u010dano.<\/p>\n<p>Torej, s tako veliko loterijskega navdu\u0161enja, ki je zdaj tako zlahka na voljo, ni nobenega dobrega razloga, da bi zanikali zabavo, ki \u010daka na vas.<\/p>\n","protected":false},"excerpt":{"rendered":"<p>Euromillions je ena najve\u010djih loterij na svetu The Euromillions so ustanovili leta 2004 kot sodelujo\u010d trud med nacionalnimi operaterji loterije v Franciji, \u0160paniji in Veliki Britaniji. Trajalo je deset let, da so dosegli dogovor med dr\u017eavami, zato je z za\u010detkom bilo, zagotovo bilo vse zelo dobro organizirano in tako tudi ostaja. Na\u010drt je bil ponuditi [&hellip;]<\/p>\n","protected":false},"author":1,"featured_media":0,"parent":5679,"menu_order":3,"comment_status":"closed","ping_status":"closed","template":"euromillions-info.php","meta":{"_et_pb_use_builder":"","_et_pb_old_content":"","_et_gb_content_width":"","exclude_from_search":false,"footnotes":""},"class_list":["post-10812","page","type-page","status-publish","hentry"],"yoast_head":"<!-- This site is optimized with the Yoast SEO plugin v23.4 - https:\/\/yoast.com\/wordpress\/plugins\/seo\/ -->\n<title>Spletni Euromillions loto | Listki za Euromillions preko spletne storitve<\/title>\n<meta name=\"description\" content=\"Ljubitelji lota iz katere koli dr\u017eave, vklju\u010dno s Slovenijo, lahko zdaj tukaj kupujejo karte Euromillions\" \/>\n<meta name=\"robots\" content=\"index, follow, max-snippet:-1, max-image-preview:large, max-video-preview:-1\" \/>\n<link rel=\"canonical\" href=\"https:\/\/onlinelotto365.com\/sl\/kupiti-vstopnice\/euromillions\/\" \/>\n<meta property=\"og:locale\" content=\"sl_SI\" \/>\n<meta property=\"og:type\" content=\"article\" \/>\n<meta property=\"og:title\" content=\"Spletni Euromillions loto | Listki za Euromillions preko spletne storitve\" \/>\n<meta property=\"og:description\" content=\"Ljubitelji lota iz katere koli dr\u017eave, vklju\u010dno s Slovenijo, lahko zdaj tukaj kupujejo karte Euromillions\" \/>\n<meta property=\"og:url\" content=\"https:\/\/onlinelotto365.com\/sl\/kupiti-vstopnice\/euromillions\/\" \/>\n<meta property=\"og:site_name\" content=\"OnlineLotto365\" \/>\n<meta property=\"article:modified_time\" content=\"2021-03-02T10:01:56+00:00\" \/>\n<meta property=\"og:image\" content=\"https:\/\/redfoxlotto.com\/image?size=8&amp;lottery=euromillions\" \/>\n<meta name=\"twitter:card\" content=\"summary_large_image\" \/>\n<meta name=\"twitter:label1\" content=\"Est. reading time\" \/>\n\t<meta name=\"twitter:data1\" content=\"4 minute\" \/>\n<script type=\"application\/ld+json\" class=\"yoast-schema-graph\">{\"@context\":\"https:\/\/schema.org\",\"@graph\":[{\"@type\":\"WebPage\",\"@id\":\"https:\/\/onlinelotto365.com\/sl\/kupiti-vstopnice\/euromillions\/\",\"url\":\"https:\/\/onlinelotto365.com\/sl\/kupiti-vstopnice\/euromillions\/\",\"name\":\"Spletni Euromillions loto | Listki za Euromillions preko spletne storitve\",\"isPartOf\":{\"@id\":\"https:\/\/onlinelotto365.com\/sl\/#website\"},\"primaryImageOfPage\":{\"@id\":\"https:\/\/onlinelotto365.com\/sl\/kupiti-vstopnice\/euromillions\/#primaryimage\"},\"image\":{\"@id\":\"https:\/\/onlinelotto365.com\/sl\/kupiti-vstopnice\/euromillions\/#primaryimage\"},\"thumbnailUrl\":\"https:\/\/redfoxlotto.com\/image?size=8&amp;lottery=euromillions\",\"datePublished\":\"2020-12-18T07:07:47+00:00\",\"dateModified\":\"2021-03-02T10:01:56+00:00\",\"description\":\"Ljubitelji lota iz katere koli dr\u017eave, vklju\u010dno s Slovenijo, lahko zdaj tukaj kupujejo karte Euromillions\",\"breadcrumb\":{\"@id\":\"https:\/\/onlinelotto365.com\/sl\/kupiti-vstopnice\/euromillions\/#breadcrumb\"},\"inLanguage\":\"sl-SI\",\"potentialAction\":[{\"@type\":\"ReadAction\",\"target\":[\"https:\/\/onlinelotto365.com\/sl\/kupiti-vstopnice\/euromillions\/\"]}]},{\"@type\":\"ImageObject\",\"inLanguage\":\"sl-SI\",\"@id\":\"https:\/\/onlinelotto365.com\/sl\/kupiti-vstopnice\/euromillions\/#primaryimage\",\"url\":\"https:\/\/redfoxlotto.com\/image?size=8&amp;lottery=euromillions\",\"contentUrl\":\"https:\/\/redfoxlotto.com\/image?size=8&amp;lottery=euromillions\"},{\"@type\":\"BreadcrumbList\",\"@id\":\"https:\/\/onlinelotto365.com\/sl\/kupiti-vstopnice\/euromillions\/#breadcrumb\",\"itemListElement\":[{\"@type\":\"ListItem\",\"position\":1,\"name\":\"Home\",\"item\":\"https:\/\/onlinelotto365.com\/sl\/\"},{\"@type\":\"ListItem\",\"position\":2,\"name\":\"Zakaj je bolj smiselno kupovati loterijske sre\u010dke prek spleta\",\"item\":\"https:\/\/onlinelotto365.com\/sl\/kupiti-vstopnice\/\"},{\"@type\":\"ListItem\",\"position\":3,\"name\":\"Kupi Euromillions loto listke na spletu\"}]},{\"@type\":\"WebSite\",\"@id\":\"https:\/\/onlinelotto365.com\/sl\/#website\",\"url\":\"https:\/\/onlinelotto365.com\/sl\/\",\"name\":\"OnlineLotto365\",\"description\":\"\",\"potentialAction\":[{\"@type\":\"SearchAction\",\"target\":{\"@type\":\"EntryPoint\",\"urlTemplate\":\"https:\/\/onlinelotto365.com\/sl\/?s={search_term_string}\"},\"query-input\":{\"@type\":\"PropertyValueSpecification\",\"valueRequired\":true,\"valueName\":\"search_term_string\"}}],\"inLanguage\":\"sl-SI\"}]}<\/script>\n<!-- \/ Yoast SEO plugin. -->","yoast_head_json":{"title":"Spletni Euromillions loto | Listki za Euromillions preko spletne storitve","description":"Ljubitelji lota iz katere koli dr\u017eave, vklju\u010dno s Slovenijo, lahko zdaj tukaj kupujejo karte Euromillions","robots":{"index":"index","follow":"follow","max-snippet":"max-snippet:-1","max-image-preview":"max-image-preview:large","max-video-preview":"max-video-preview:-1"},"canonical":"https:\/\/onlinelotto365.com\/sl\/kupiti-vstopnice\/euromillions\/","og_locale":"sl_SI","og_type":"article","og_title":"Spletni Euromillions loto | Listki za Euromillions preko spletne storitve","og_description":"Ljubitelji lota iz katere koli dr\u017eave, vklju\u010dno s Slovenijo, lahko zdaj tukaj kupujejo karte Euromillions","og_url":"https:\/\/onlinelotto365.com\/sl\/kupiti-vstopnice\/euromillions\/","og_site_name":"OnlineLotto365","article_modified_time":"2021-03-02T10:01:56+00:00","og_image":[{"url":"https:\/\/redfoxlotto.com\/image?size=8&amp;lottery=euromillions"}],"twitter_card":"summary_large_image","twitter_misc":{"Est. reading time":"4 minute"},"schema":{"@context":"https:\/\/schema.org","@graph":[{"@type":"WebPage","@id":"https:\/\/onlinelotto365.com\/sl\/kupiti-vstopnice\/euromillions\/","url":"https:\/\/onlinelotto365.com\/sl\/kupiti-vstopnice\/euromillions\/","name":"Spletni Euromillions loto | Listki za Euromillions preko spletne storitve","isPartOf":{"@id":"https:\/\/onlinelotto365.com\/sl\/#website"},"primaryImageOfPage":{"@id":"https:\/\/onlinelotto365.com\/sl\/kupiti-vstopnice\/euromillions\/#primaryimage"},"image":{"@id":"https:\/\/onlinelotto365.com\/sl\/kupiti-vstopnice\/euromillions\/#primaryimage"},"thumbnailUrl":"https:\/\/redfoxlotto.com\/image?size=8&amp;lottery=euromillions","datePublished":"2020-12-18T07:07:47+00:00","dateModified":"2021-03-02T10:01:56+00:00","description":"Ljubitelji lota iz katere koli dr\u017eave, vklju\u010dno s Slovenijo, lahko zdaj tukaj kupujejo karte Euromillions","breadcrumb":{"@id":"https:\/\/onlinelotto365.com\/sl\/kupiti-vstopnice\/euromillions\/#breadcrumb"},"inLanguage":"sl-SI","potentialAction":[{"@type":"ReadAction","target":["https:\/\/onlinelotto365.com\/sl\/kupiti-vstopnice\/euromillions\/"]}]},{"@type":"ImageObject","inLanguage":"sl-SI","@id":"https:\/\/onlinelotto365.com\/sl\/kupiti-vstopnice\/euromillions\/#primaryimage","url":"https:\/\/redfoxlotto.com\/image?size=8&amp;lottery=euromillions","contentUrl":"https:\/\/redfoxlotto.com\/image?size=8&amp;lottery=euromillions"},{"@type":"BreadcrumbList","@id":"https:\/\/onlinelotto365.com\/sl\/kupiti-vstopnice\/euromillions\/#breadcrumb","itemListElement":[{"@type":"ListItem","position":1,"name":"Home","item":"https:\/\/onlinelotto365.com\/sl\/"},{"@type":"ListItem","position":2,"name":"Zakaj je bolj smiselno kupovati loterijske sre\u010dke prek spleta","item":"https:\/\/onlinelotto365.com\/sl\/kupiti-vstopnice\/"},{"@type":"ListItem","position":3,"name":"Kupi Euromillions loto listke na spletu"}]},{"@type":"WebSite","@id":"https:\/\/onlinelotto365.com\/sl\/#website","url":"https:\/\/onlinelotto365.com\/sl\/","name":"OnlineLotto365","description":"","potentialAction":[{"@type":"SearchAction","target":{"@type":"EntryPoint","urlTemplate":"https:\/\/onlinelotto365.com\/sl\/?s={search_term_string}"},"query-input":{"@type":"PropertyValueSpecification","valueRequired":true,"valueName":"search_term_string"}}],"inLanguage":"sl-SI"}]}},"_links":{"self":[{"href":"https:\/\/onlinelotto365.com\/sl\/wp-json\/wp\/v2\/pages\/10812","targetHints":{"allow":["GET"]}}],"collection":[{"href":"https:\/\/onlinelotto365.com\/sl\/wp-json\/wp\/v2\/pages"}],"about":[{"href":"https:\/\/onlinelotto365.com\/sl\/wp-json\/wp\/v2\/types\/page"}],"author":[{"embeddable":true,"href":"https:\/\/onlinelotto365.com\/sl\/wp-json\/wp\/v2\/users\/1"}],"replies":[{"embeddable":true,"href":"https:\/\/onlinelotto365.com\/sl\/wp-json\/wp\/v2\/comments?post=10812"}],"version-history":[{"count":0,"href":"https:\/\/onlinelotto365.com\/sl\/wp-json\/wp\/v2\/pages\/10812\/revisions"}],"up":[{"embeddable":true,"href":"https:\/\/onlinelotto365.com\/sl\/wp-json\/wp\/v2\/pages\/5679"}],"wp:attachment":[{"href":"https:\/\/onlinelotto365.com\/sl\/wp-json\/wp\/v2\/media?parent=10812"}],"curies":[{"name":"wp","href":"https:\/\/api.w.org\/{rel}","templated":true}]}}