{"id":10821,"date":"2020-12-18T08:08:56","date_gmt":"2020-12-18T07:08:56","guid":{"rendered":"http:\/\/onlinelotto365.net\/?page_id=10821"},"modified":"2021-03-02T11:05:47","modified_gmt":"2021-03-02T10:05:47","slug":"eurojackpot","status":"publish","type":"page","link":"https:\/\/onlinelotto365.com\/sl\/kupiti-vstopnice\/eurojackpot\/","title":{"rendered":"Lahko sodelujem v Eurojackpotu preko spleta?"},"content":{"rendered":"<p>\u010ce iz katerega koli razloga ne morete kupiti listka za Eurojackpot v va\u0161i lokalni trgovini, imate \u0161e vedno mo\u017enost igranja Eurojackpot preko spleta.<br \/>\nVse kar morate storiti je, <a href=\"https:\/\/redfoxlotto.com\/sl\/?ref=A8564250A2&amp;campaign=ol\" target=\"_blank\" rel=\"noopener\"><span style=\"text-decoration: underline;\">da kliknite to povezavo, da pridete do spletnega mesta RedFoxLotto<\/span><\/a>. RedFoxLotto je spletna storitev, ki vam omogo\u010da sodelovanje v ve\u010d kot 20 najve\u010djih loterij na svetu, ne glede na to, kje ste.<\/p>\n<p>To omogo\u010da mre\u017ea zaposlenih, ki delajo za to dru\u017ebo, ki kupujejo loterijske listke, ki so bili prvotno naro\u010deni na spletu za svoje stranke. Naro\u010dene listke lahko pla\u010date s kreditno kartico (obstajajo tudi \u0161tevilne druge mo\u017enosti pla\u010dila) in \u010dez nekaj \u010dasa prejmete potrditveno e-po\u0161tno sporo\u010dilo, ki je takoj veljavno za naslednji \u017ereb loterije.<br \/>\n<a href=\"https:\/\/redfoxlotto.com\/play\/eurojackpot\/?ref=a8564250a2&amp;medium=ol365\" target=\"_blank\" rel=\"noopener noreferrer\"> <img decoding=\"async\" class=\"aligncenter\" src=\"https:\/\/redfoxlotto.com\/image?size=8&amp;lottery=eurojackpot\" alt=\"eurojackpot\" \/> <\/a><\/p>\n<p>Sodelovanje v Eurojackpotu in prav tako na katera koli od ve\u010d kot 20 loterij, ponujenih na spletu, je popolnoma zakonito, in ko ste kupili svoj listek, imate zahtevek do loterijske komisije. Manj\u0161i dobitki do 600 dolarjev bodo takoj knji\u017eeni na va\u0161 ra\u010dun RedFoxLotto, za ve\u010dje dobitke pa potrebujemo nekaj dni, saj bo RedFoxLotto (brezpla\u010dno) obdelal va\u0161e dobitke, z lokalno loterijo.<\/p>\n<p>Trenutna koli\u010dina razli\u010dnih jackpotov lahko najdete na desni (ali pod tem besedilom, \u010de to berete v svojem mobilnem telefonu).<\/p>\n<h2>Ve\u010d informacij o Eurojackpotu<\/h2>\n<p><img loading=\"lazy\" decoding=\"async\" class=\"alignright wp-image-1246\" src=\"https:\/\/onlinelotto365.com\/wp-content\/uploads\/2020\/11\/online_lottery-106.jpg\" alt=\" kupiti vstopnice Eurojackpot preko spleta\" width=\"302\" height=\"181\" \/><\/p>\n<ul>\n<li>Dr\u017eava: razne evropske dr\u017eave<\/li>\n<li>Razpon glavnih \u0161tevilk: 50<\/li>\n<li>Izberete: 5<\/li>\n<li>Razpon dodatnih \u0161tevilk: 10<\/li>\n<li>Izberete: 2<\/li>\n<li>\u017drebanje dni, ure: petek, 21:00 po srednjeevropskem \u010dasu<\/li>\n<li>Najni\u017eji jackpot: 10 milijonov EUR<\/li>\n<li>Najvi\u0161ji jackpot: 90 milijonov EUR<\/li>\n<li>Verjetnost dobitka jackpota: 1 na 135.600.640<\/li>\n<li>Verjetnost zmage stopnje 2: 1 v 2.118.760<\/li>\n<li>Verjetnost zmage na katerem koli nivoju: 1 proti 26,39<\/li>\n<li>\u0160tevilo nagrad: 12<\/li>\n<\/ul>\n<h2>Kako deluje Eurojackpot?<\/h2>\n<p>To loterijo ponuja ve\u010d evropskih dr\u017eav (Nem\u010dija, \u0160panija, Italija, Nizozemska, Estonija, Finska, Danska, Islandija, Hrva\u0161ka, Mad\u017earska, Latvija, Litva, Norve\u0161ka, Poljska, \u0160vedska, Slova\u0161ka, Slovenija in \u010ce\u0161ka). \u010ce ne \u017eivite ali ne bivate v eni od teh dr\u017eav, lahko sodelujete v Eurojackpotu samo s to spletno storitvijo.<\/p>\n<p>Jackpot se vedno pri\u010dne z najmanj 10 milijoni evrov. Igralec ima na izbiro 50 glavnih \u0161tevilk, od katerih lahko izbere 5. Obstajajo tudi 2 dodatni \u0161tevilki, ki jih je treba izbrati (med 1 in 10). Jackpot se podeli, \u010de ima igralec pravilne \u0161tevilke 5 + 2. \u010ce jackpot prese\u017ee znesek 90 milijonov evrov, se prese\u017eek prevzame v 2. razred. S tem se pove\u010da znesek, ki ga lahko dobite s 5 pravilnimi glavnimi \u0161tevilkami in eno dodatno \u0161tevilko. Dejanski jackpot v vi\u0161ini 90 milijonov evrov bo ostal v igri, dokler ne bo nekdo dejansko zmagal.<\/p>\n<p>V preteklosti je zadetek jackpot ve\u010dinoma podeljen eni osebi, delitev delitev jackpota med ve\u010d igralci se je zgodila precej redko.<br \/>\nMatemati\u010dna verjetnost za nagrado za jackpot je 1:95 milijonov &#8211; veliko \u0161tevilo, vendar so te mo\u017enosti bolj\u0161e kot pri velikih ameri\u0161kih loterijah, kot sta Powerball in Mega Millions.<\/p>\n<p>Pridobite va\u0161 Eurojackpot listek in se udele\u017eite ene najve\u010djih loterij na svetu &#8211; morda trenutni Eurojackpot \u010daka na vas, da ga zmagate!<\/p>\n","protected":false},"excerpt":{"rendered":"<p>\u010ce iz katerega koli razloga ne morete kupiti listka za Eurojackpot v va\u0161i lokalni trgovini, imate \u0161e vedno mo\u017enost igranja Eurojackpot preko spleta. Vse kar morate storiti je, da kliknite to povezavo, da pridete do spletnega mesta RedFoxLotto. RedFoxLotto je spletna storitev, ki vam omogo\u010da sodelovanje v ve\u010d kot 20 najve\u010djih loterij na svetu, ne [&hellip;]<\/p>\n","protected":false},"author":1,"featured_media":0,"parent":5679,"menu_order":4,"comment_status":"closed","ping_status":"closed","template":"eurojackpot-info.php","meta":{"_et_pb_use_builder":"","_et_pb_old_content":"","_et_gb_content_width":"","exclude_from_search":false,"footnotes":""},"class_list":["post-10821","page","type-page","status-publish","hentry"],"yoast_head":"<!-- This site is optimized with the Yoast SEO plugin v23.4 - https:\/\/yoast.com\/wordpress\/plugins\/seo\/ -->\n<title>Lahko sodelujem v Eurojackpotu preko spleta?| Eurojackpot preko spleta<\/title>\n<meta name=\"description\" content=\"\u017divite v Sloveniji, a \u017eelite kupiti vstopnice za Eurojackpot? Kupite jih na spletu tukaj!\" \/>\n<meta name=\"robots\" content=\"index, follow, max-snippet:-1, max-image-preview:large, max-video-preview:-1\" \/>\n<link rel=\"canonical\" href=\"https:\/\/onlinelotto365.com\/sl\/kupiti-vstopnice\/eurojackpot\/\" \/>\n<meta property=\"og:locale\" content=\"sl_SI\" \/>\n<meta property=\"og:type\" content=\"article\" \/>\n<meta property=\"og:title\" content=\"Lahko sodelujem v Eurojackpotu preko spleta?| Eurojackpot preko spleta\" \/>\n<meta property=\"og:description\" content=\"\u017divite v Sloveniji, a \u017eelite kupiti vstopnice za Eurojackpot? Kupite jih na spletu tukaj!\" \/>\n<meta property=\"og:url\" content=\"https:\/\/onlinelotto365.com\/sl\/kupiti-vstopnice\/eurojackpot\/\" \/>\n<meta property=\"og:site_name\" content=\"OnlineLotto365\" \/>\n<meta property=\"article:modified_time\" content=\"2021-03-02T10:05:47+00:00\" \/>\n<meta property=\"og:image\" content=\"https:\/\/redfoxlotto.com\/image?size=8&amp;lottery=eurojackpot\" \/>\n<meta name=\"twitter:card\" content=\"summary_large_image\" \/>\n<meta name=\"twitter:label1\" content=\"Est. reading time\" \/>\n\t<meta name=\"twitter:data1\" content=\"3 minute\" \/>\n<script type=\"application\/ld+json\" class=\"yoast-schema-graph\">{\"@context\":\"https:\/\/schema.org\",\"@graph\":[{\"@type\":\"WebPage\",\"@id\":\"https:\/\/onlinelotto365.com\/sl\/kupiti-vstopnice\/eurojackpot\/\",\"url\":\"https:\/\/onlinelotto365.com\/sl\/kupiti-vstopnice\/eurojackpot\/\",\"name\":\"Lahko sodelujem v Eurojackpotu preko spleta?| Eurojackpot preko spleta\",\"isPartOf\":{\"@id\":\"https:\/\/onlinelotto365.com\/sl\/#website\"},\"primaryImageOfPage\":{\"@id\":\"https:\/\/onlinelotto365.com\/sl\/kupiti-vstopnice\/eurojackpot\/#primaryimage\"},\"image\":{\"@id\":\"https:\/\/onlinelotto365.com\/sl\/kupiti-vstopnice\/eurojackpot\/#primaryimage\"},\"thumbnailUrl\":\"https:\/\/redfoxlotto.com\/image?size=8&amp;lottery=eurojackpot\",\"datePublished\":\"2020-12-18T07:08:56+00:00\",\"dateModified\":\"2021-03-02T10:05:47+00:00\",\"description\":\"\u017divite v Sloveniji, a \u017eelite kupiti vstopnice za Eurojackpot? Kupite jih na spletu tukaj!\",\"breadcrumb\":{\"@id\":\"https:\/\/onlinelotto365.com\/sl\/kupiti-vstopnice\/eurojackpot\/#breadcrumb\"},\"inLanguage\":\"sl-SI\",\"potentialAction\":[{\"@type\":\"ReadAction\",\"target\":[\"https:\/\/onlinelotto365.com\/sl\/kupiti-vstopnice\/eurojackpot\/\"]}]},{\"@type\":\"ImageObject\",\"inLanguage\":\"sl-SI\",\"@id\":\"https:\/\/onlinelotto365.com\/sl\/kupiti-vstopnice\/eurojackpot\/#primaryimage\",\"url\":\"https:\/\/redfoxlotto.com\/image?size=8&amp;lottery=eurojackpot\",\"contentUrl\":\"https:\/\/redfoxlotto.com\/image?size=8&amp;lottery=eurojackpot\"},{\"@type\":\"BreadcrumbList\",\"@id\":\"https:\/\/onlinelotto365.com\/sl\/kupiti-vstopnice\/eurojackpot\/#breadcrumb\",\"itemListElement\":[{\"@type\":\"ListItem\",\"position\":1,\"name\":\"Home\",\"item\":\"https:\/\/onlinelotto365.com\/sl\/\"},{\"@type\":\"ListItem\",\"position\":2,\"name\":\"Zakaj je bolj smiselno kupovati loterijske sre\u010dke prek spleta\",\"item\":\"https:\/\/onlinelotto365.com\/sl\/kupiti-vstopnice\/\"},{\"@type\":\"ListItem\",\"position\":3,\"name\":\"Lahko sodelujem v Eurojackpotu preko spleta?\"}]},{\"@type\":\"WebSite\",\"@id\":\"https:\/\/onlinelotto365.com\/sl\/#website\",\"url\":\"https:\/\/onlinelotto365.com\/sl\/\",\"name\":\"OnlineLotto365\",\"description\":\"\",\"potentialAction\":[{\"@type\":\"SearchAction\",\"target\":{\"@type\":\"EntryPoint\",\"urlTemplate\":\"https:\/\/onlinelotto365.com\/sl\/?s={search_term_string}\"},\"query-input\":{\"@type\":\"PropertyValueSpecification\",\"valueRequired\":true,\"valueName\":\"search_term_string\"}}],\"inLanguage\":\"sl-SI\"}]}<\/script>\n<!-- \/ Yoast SEO plugin. -->","yoast_head_json":{"title":"Lahko sodelujem v Eurojackpotu preko spleta?| Eurojackpot preko spleta","description":"\u017divite v Sloveniji, a \u017eelite kupiti vstopnice za Eurojackpot? Kupite jih na spletu tukaj!","robots":{"index":"index","follow":"follow","max-snippet":"max-snippet:-1","max-image-preview":"max-image-preview:large","max-video-preview":"max-video-preview:-1"},"canonical":"https:\/\/onlinelotto365.com\/sl\/kupiti-vstopnice\/eurojackpot\/","og_locale":"sl_SI","og_type":"article","og_title":"Lahko sodelujem v Eurojackpotu preko spleta?| Eurojackpot preko spleta","og_description":"\u017divite v Sloveniji, a \u017eelite kupiti vstopnice za Eurojackpot? Kupite jih na spletu tukaj!","og_url":"https:\/\/onlinelotto365.com\/sl\/kupiti-vstopnice\/eurojackpot\/","og_site_name":"OnlineLotto365","article_modified_time":"2021-03-02T10:05:47+00:00","og_image":[{"url":"https:\/\/redfoxlotto.com\/image?size=8&amp;lottery=eurojackpot"}],"twitter_card":"summary_large_image","twitter_misc":{"Est. reading time":"3 minute"},"schema":{"@context":"https:\/\/schema.org","@graph":[{"@type":"WebPage","@id":"https:\/\/onlinelotto365.com\/sl\/kupiti-vstopnice\/eurojackpot\/","url":"https:\/\/onlinelotto365.com\/sl\/kupiti-vstopnice\/eurojackpot\/","name":"Lahko sodelujem v Eurojackpotu preko spleta?| Eurojackpot preko spleta","isPartOf":{"@id":"https:\/\/onlinelotto365.com\/sl\/#website"},"primaryImageOfPage":{"@id":"https:\/\/onlinelotto365.com\/sl\/kupiti-vstopnice\/eurojackpot\/#primaryimage"},"image":{"@id":"https:\/\/onlinelotto365.com\/sl\/kupiti-vstopnice\/eurojackpot\/#primaryimage"},"thumbnailUrl":"https:\/\/redfoxlotto.com\/image?size=8&amp;lottery=eurojackpot","datePublished":"2020-12-18T07:08:56+00:00","dateModified":"2021-03-02T10:05:47+00:00","description":"\u017divite v Sloveniji, a \u017eelite kupiti vstopnice za Eurojackpot? Kupite jih na spletu tukaj!","breadcrumb":{"@id":"https:\/\/onlinelotto365.com\/sl\/kupiti-vstopnice\/eurojackpot\/#breadcrumb"},"inLanguage":"sl-SI","potentialAction":[{"@type":"ReadAction","target":["https:\/\/onlinelotto365.com\/sl\/kupiti-vstopnice\/eurojackpot\/"]}]},{"@type":"ImageObject","inLanguage":"sl-SI","@id":"https:\/\/onlinelotto365.com\/sl\/kupiti-vstopnice\/eurojackpot\/#primaryimage","url":"https:\/\/redfoxlotto.com\/image?size=8&amp;lottery=eurojackpot","contentUrl":"https:\/\/redfoxlotto.com\/image?size=8&amp;lottery=eurojackpot"},{"@type":"BreadcrumbList","@id":"https:\/\/onlinelotto365.com\/sl\/kupiti-vstopnice\/eurojackpot\/#breadcrumb","itemListElement":[{"@type":"ListItem","position":1,"name":"Home","item":"https:\/\/onlinelotto365.com\/sl\/"},{"@type":"ListItem","position":2,"name":"Zakaj je bolj smiselno kupovati loterijske sre\u010dke prek spleta","item":"https:\/\/onlinelotto365.com\/sl\/kupiti-vstopnice\/"},{"@type":"ListItem","position":3,"name":"Lahko sodelujem v Eurojackpotu preko spleta?"}]},{"@type":"WebSite","@id":"https:\/\/onlinelotto365.com\/sl\/#website","url":"https:\/\/onlinelotto365.com\/sl\/","name":"OnlineLotto365","description":"","potentialAction":[{"@type":"SearchAction","target":{"@type":"EntryPoint","urlTemplate":"https:\/\/onlinelotto365.com\/sl\/?s={search_term_string}"},"query-input":{"@type":"PropertyValueSpecification","valueRequired":true,"valueName":"search_term_string"}}],"inLanguage":"sl-SI"}]}},"_links":{"self":[{"href":"https:\/\/onlinelotto365.com\/sl\/wp-json\/wp\/v2\/pages\/10821","targetHints":{"allow":["GET"]}}],"collection":[{"href":"https:\/\/onlinelotto365.com\/sl\/wp-json\/wp\/v2\/pages"}],"about":[{"href":"https:\/\/onlinelotto365.com\/sl\/wp-json\/wp\/v2\/types\/page"}],"author":[{"embeddable":true,"href":"https:\/\/onlinelotto365.com\/sl\/wp-json\/wp\/v2\/users\/1"}],"replies":[{"embeddable":true,"href":"https:\/\/onlinelotto365.com\/sl\/wp-json\/wp\/v2\/comments?post=10821"}],"version-history":[{"count":0,"href":"https:\/\/onlinelotto365.com\/sl\/wp-json\/wp\/v2\/pages\/10821\/revisions"}],"up":[{"embeddable":true,"href":"https:\/\/onlinelotto365.com\/sl\/wp-json\/wp\/v2\/pages\/5679"}],"wp:attachment":[{"href":"https:\/\/onlinelotto365.com\/sl\/wp-json\/wp\/v2\/media?parent=10821"}],"curies":[{"name":"wp","href":"https:\/\/api.w.org\/{rel}","templated":true}]}}