{"id":4499,"date":"2020-11-30T12:01:10","date_gmt":"2020-11-30T11:01:10","guid":{"rendered":"http:\/\/onlinelotto365.net\/dobrodosli-v-onlinelotto365"},"modified":"2023-10-04T09:19:55","modified_gmt":"2023-10-04T08:19:55","slug":"home","status":"publish","type":"page","link":"https:\/\/onlinelotto365.com\/sl\/","title":{"rendered":"Dobrodo\u0161li v OnlineLotto365!"},"content":{"rendered":"<p>Do nedavnega smo bili vsi loto navdu\u0161enci omejeni le na igranje loterije iz svoje dr\u017eave ali regije. Nenehno smo lahko poslu\u0161ali kak\u0161ni ogromni in skoraj nepredstavljivi jackpoti se odvijajo drugje, vredni ve\u010d deset ali celo sto milijonov dolarjev ali evrov in zagotovo smo si \u017eeleli, da bi \u017eiveli tam, kjer je mo\u017een nakup sre\u010dk za te gigantske loterijske zadetke.<\/p>\n<p>Zagotovo ste si \u017ee dlje \u010dasa \u017eeleli biti del te svetovno znane loterije tako kot sem o tem sanjal tudi jaz. Vidimo kako nekateri unov\u010dujejo te nore nagrade in si \u017eelimo, da bi bili to mi. Sodelovanje za nas ni bilo mogo\u010de, kaj \u0161ele zmaga.<br \/>\n<a href=\"https:\/\/redfoxlotto.com\/?ref=a8564250a2&amp;medium=ol365\" target=\"_blank\" rel=\"noopener noreferrer\"><img loading=\"lazy\" decoding=\"async\" class=\"aligncenter\" src=\"https:\/\/redfoxlotto.com\/image?size=8&amp;lottery=mega-millions\" alt=\"Mega Millions\" width=\"728\" height=\"90\" \/><\/a><br \/>\nNo, vse to se bo spremenilo. Zdaj, ko je na voljo na\u0161a nova storitev nakupa spletnih loto sre\u010dk sploh ni ve\u010d pomembno, da \u017eivite v dr\u017eavi, kjer poteka loterija. Tisti, ki so odgovorni za te loterije kon\u010dno dojemajo, da se tudi v drugih dr\u017eavah nahaja veliko potencialnih kupcev, ki si prav tako \u017eelijo biti del razburljivih \u017erebanj.<\/p>\n<h2>Zdaj lahko naro\u010dite sre\u010dke prek spleta<\/h2>\n<p>Nismo ve\u010d v starih \u010dasih, \u017eivimo v dobi interneta, kjer nam je vse dostopno preko spleta. Zakaj torej ne bi imeli dostopa do vseh velikih loterij iz ostalih dr\u017eav? To je ideja na katero smo dolgo \u010dakali, a kon\u010dno je tu.<br \/>\nDostop do vsega smo poenostavili kot je bilo mogo\u010de. Vse, kar morate storit za takoj\u0161en dostop do ogromnih jackpotov je, da kliknete na eno od loterij. Nato preprosto sledite enostavnim navodilom, ki ste jih prejeli, izberite va\u0161e \u0161tevilke in vpla\u010dajte va\u0161o sre\u010dko.<\/p>\n<h2>Varno pla\u010dilo za spletni loto<\/h2>\n<p>Ta odli\u010dna nova storitev ponuja ve\u010d priro\u010dnih mo\u017enosti pla\u010dila s 100% varnim in najsodobnej\u0161im obdelovanjem pla\u010dil. Po nakupu sre\u010dk boste po e-po\u0161ti prejeli potrditev in va\u0161e sre\u010dke bodo vidne v va\u0161em ra\u010dunu. Prav tako vam bomo zagotovili brezpla\u010dno pomo\u010d pri izpla\u010dilu va\u0161ih dobitkov, saj ne \u017eivite v dr\u017eavi, kjer poteka loterija. Brez skrbi, mi poskrbimo za vse.<\/p>\n<h2>Vi\u0161je kot je jackpot, ve\u010dje so va\u0161e mo\u017enosti<\/h2>\n<p><img loading=\"lazy\" decoding=\"async\" class=\" wp-image-1840 alignright\" src=\"https:\/\/onlinelotto365.com\/wp-content\/uploads\/2023\/10\/online_lottery-164-300x250-1.jpg\" alt=\"Spletna loterijska storitev\" width=\"248\" height=\"207\" \/><br \/>\nNobena skrivnost ni, da se vrednost loterije dvigne, ko se dvignejo jackpoti. Torej, \u010de boste \u010dakali, da vrednost velikih loto iger v va\u0161i dr\u017eavi mo\u010dno naraste, boste ve\u010dinoma \u010dakali. Igranje manj\u0161ih jackpotov je sicer zelo zabavno a ni\u010d se ne pribli\u017ea igranju tistih resni\u010dno velikih. Ne samo, da je veliko bolj zabavno, \u010de si predstavljamo, da osvojimo eno izmed tistih ogromnih nagrad, s katerimi se drugih radi hvalijo ampak imamo pri tem tudi bolj\u0161e mo\u017enosti za zmago.<\/p>\n<p>Da Jackpoti s\u010dasoma narastejo do resni\u010dno visoke vrednosti je potrebno kar nekaj \u010dasa, kar pomeni, da je preteklo \u017ee precej \u010dasa brez zmagovalca jackpota na loteriji. Ker se ta \u010das nadaljuje, se vsi ti manj\u0161i jackpoti, ki \u0161e niso bili zmagani, \u0161e kar naprej kopi\u010dijo.<\/p>\n<p>Ne bomo se spu\u0161\u010dali v podrobnosti zakaj so ve\u010dji jackpoti bolj\u0161i za vas. Torej, bolj\u0161i dostop imate do teh velikih jackpotov, tem bolje. Ko se pojavi internetna storitev, ki vam nudi dostop do igranja vseh velikih lotov imate na podro\u010dju loterije odprte vse mo\u017enosti.<\/p>\n<p>Zdaj imate dostop do vseh najve\u010djih iger, vklju\u010dno z ameri\u0161kimi Powerball in Mega Millions, \u0161panskim El Gordom, italijanskim Superenalotto, EuroMillions, Eurojackpot, Britansko loterijo, razli\u010dnimi avstralskimi loterijami in veliko ve\u010d.<\/p>\n<p>Tudi \u010de loto igrate le ob\u010dasno, se vam ni potrebno omejiti le na doma\u010de loterije saj lahko s pomo\u010djo te odli\u010dne spletne storitve raz\u0161irite svoja obzorja in vklju\u010dite ves svet! Vse to vam ponujamo za pla\u010dilo, vendar ra\u010dunajte na to da so dobitki \u010disto va\u0161i.<\/p>\n<h2>Najve\u010dji izpla\u010dani dobitki v zgodovini<\/h2>\n<p><img loading=\"lazy\" decoding=\"async\" class=\" wp-image-1840 alignright\" src=\"https:\/\/onlinelotto365.com\/wp-content\/uploads\/2021\/02\/international-lottery.jpg\" alt=\"mednarodne loterije\" width=\"250\" height=\"200\" \/><br \/>\nTu je seznam najve\u010djih jackpotov iz zadnjih nekaj let. Ni presenetljivo, da so se vsi zgodili v ZDA. Giganta ameri\u0161ke loterije Powerball in Mega Millions redno generirata ogromna izpla\u010dila. Zato niti ni presenetljivo, da je ve\u010dina spletnih vpla\u010dil namenjenih ravno za Powerball in Mega Millions.<\/p>\n<ul>\n<li>$1568 milijonov, Powerball jackpot osvojen 13. januarja 2016. Ta jackpot je bil razdeljen med 3 zmagovalce.<\/li>\n<li>$1537 milijonov, Mega Millions jackpot zmaga en posameznik 23. oktobra 2018<\/li>\n<li>$768 milijonov, zmaganih v Powerballu 27. marca 2019<\/li>\n<li>$758 milijonov, posameznik osvoji glavni zadetek Powerballa avgusta 2017<\/li>\n<li>$687 milijonov, razdeljenih med dva zmagovalca Powerballa 27. oktobra 2018<\/li>\n<li>$656 milijonov, Mega Millions jackpot razdeljen med tremi zmagovalci marca 2016<\/li>\n<\/ul>\n<p>Zdaj imate tudi vi prilo\u017enost za veliko zmago na eni iz med teh loterij. Pripravite se, da boste izpostavljeni najbolj\u0161emu, kar ponuja svet, in kar je \u0161e pomembneje, na mo\u010dno pove\u010dane mo\u017enosti za osvojitev pravega bogastva!<\/p>\n<h2>Razvoj loterije<\/h2>\n<p>Zgodovinsko gledano se zdi, da so se prve loterije odvijale na Kitajskem, \u017ee takrat pa so te loterije ve\u010dinoma slu\u017eile za financiranje javnih projektov. Celo Kitajski zid je bil morda eden izmed teh projektov. V anti\u010dnem Rimu so med prireditvami potekale loterije za bogate dr\u017eavljane, prihodki pa so bili namenjeni financiranju popravil v mestu. Januarja leta 1449 je bila vojna med Milanom in Benetkami financirana z loterijo.<\/p>\n<p>Skozi stoletja so bile loterije ve\u010dinoma sankcionirane in vodene s strani dr\u017eav in vlad. Na nek na\u010din so te loterije slu\u017eile kot oblika prostovoljnega obdav\u010devanja mno\u017eic. Zaradi tega je bil odstotek prihodkov od prodaje sre\u010dk v primerjavi z izpla\u010dilom glavne nagrade pogosto precej nizek.<\/p>\n<h2>Loterija v dana\u0161njih \u010dasih<\/h2>\n<p>Od kar nam je internet olaj\u0161al stvari, je ve\u010dina dr\u017eavnih loterij za\u010dela ponujati mo\u017enost nakupa sre\u010dk tudi prek spleta. Toda vpla\u010devanje spletnih loto sre\u010dk prek uradnih strani nacionalnih loterij je bilo omejeno na igralce iz dr\u017eave, kjer izvira ta loterija. Kljub temu, da je bil spletni nakup bolj priro\u010den, to na noben na\u010din ni ravno izbolj\u0161alo mo\u017enosti za zmago. To je bilo dose\u017eeno komaj v naslednjem koraku v razvoju loterije.<\/p>\n<h2>Ve\u010dja izbira vam daje bolj\u0161e mo\u017enosti<\/h2>\n<p>Naslednji logi\u010den korak v razvoju loterije je bila zamisel o storitvi, kot je na\u0161a, ki ljubiteljem loterije omogo\u010da igranja lota iz drugih dr\u017eav. Zdaj lahko igralci lota izbirajo med \u0161tevilnimi loterijami. \u010ce si prizadevajo za trenutno najvi\u0161ji jackpot, lahko znatno izbolj\u0161ajo svoja zmagovalna pri\u010dakovanja. Pri loterijah, kot so Mega Millions, Powerball in Euromillions , odstotek spletnih loterijskih sre\u010dk, ki jih kupujejo igralci iz celega sveta, nara\u0161\u010da iz meseca v mesec.<\/p>\n","protected":false},"excerpt":{"rendered":"<p>Do nedavnega smo bili vsi loto navdu\u0161enci omejeni le na igranje loterije iz svoje dr\u017eave ali regije. Nenehno smo lahko poslu\u0161ali kak\u0161ni ogromni in skoraj nepredstavljivi jackpoti se odvijajo drugje, vredni ve\u010d deset ali celo sto milijonov dolarjev ali evrov in zagotovo smo si \u017eeleli, da bi \u017eiveli tam, kjer je mo\u017een nakup sre\u010dk za [&hellip;]<\/p>\n","protected":false},"author":1,"featured_media":0,"parent":0,"menu_order":1,"comment_status":"closed","ping_status":"closed","template":"lotto.php","meta":{"_et_pb_use_builder":"","_et_pb_old_content":"","_et_gb_content_width":"","exclude_from_search":false,"footnotes":""},"class_list":["post-4499","page","type-page","status-publish","hentry"],"yoast_head":"<!-- This site is optimized with the Yoast SEO plugin v23.4 - https:\/\/yoast.com\/wordpress\/plugins\/seo\/ -->\n<title>Loto prek spleta | Vsi svetovni loto jackpoti dostopni prek spleta<\/title>\n<meta name=\"description\" content=\"Spletna storitev nakupa loto sre\u010dk za kateri koli mednarodni jackpot. Kupite loterijske sre\u010dke za katero koli svetovno loterijo, ne glede na to, kje \u017eivite!\" \/>\n<meta name=\"robots\" content=\"index, follow, max-snippet:-1, max-image-preview:large, max-video-preview:-1\" \/>\n<link rel=\"canonical\" href=\"https:\/\/onlinelotto365.com\/sl\/\" \/>\n<meta property=\"og:locale\" content=\"sl_SI\" \/>\n<meta property=\"og:type\" content=\"article\" \/>\n<meta property=\"og:title\" content=\"Loto prek spleta | Vsi svetovni loto jackpoti dostopni prek spleta\" \/>\n<meta property=\"og:description\" content=\"Spletna storitev nakupa loto sre\u010dk za kateri koli mednarodni jackpot. Kupite loterijske sre\u010dke za katero koli svetovno loterijo, ne glede na to, kje \u017eivite!\" \/>\n<meta property=\"og:url\" content=\"https:\/\/onlinelotto365.com\/sl\/\" \/>\n<meta property=\"og:site_name\" content=\"OnlineLotto365\" \/>\n<meta property=\"article:modified_time\" content=\"2023-10-04T08:19:55+00:00\" \/>\n<meta property=\"og:image\" content=\"https:\/\/redfoxlotto.com\/image?size=8&amp;lottery=mega-millions\" \/>\n<meta name=\"twitter:card\" content=\"summary_large_image\" \/>\n<meta name=\"twitter:label1\" content=\"Est. reading time\" \/>\n\t<meta name=\"twitter:data1\" content=\"5 minut\" \/>\n<script type=\"application\/ld+json\" class=\"yoast-schema-graph\">{\"@context\":\"https:\/\/schema.org\",\"@graph\":[{\"@type\":\"WebPage\",\"@id\":\"https:\/\/onlinelotto365.com\/sl\/\",\"url\":\"https:\/\/onlinelotto365.com\/sl\/\",\"name\":\"Loto prek spleta | Vsi svetovni loto jackpoti dostopni prek spleta\",\"isPartOf\":{\"@id\":\"https:\/\/onlinelotto365.com\/sl\/#website\"},\"primaryImageOfPage\":{\"@id\":\"https:\/\/onlinelotto365.com\/sl\/#primaryimage\"},\"image\":{\"@id\":\"https:\/\/onlinelotto365.com\/sl\/#primaryimage\"},\"thumbnailUrl\":\"https:\/\/redfoxlotto.com\/image?size=8&amp;lottery=mega-millions\",\"datePublished\":\"2020-11-30T11:01:10+00:00\",\"dateModified\":\"2023-10-04T08:19:55+00:00\",\"description\":\"Spletna storitev nakupa loto sre\u010dk za kateri koli mednarodni jackpot. Kupite loterijske sre\u010dke za katero koli svetovno loterijo, ne glede na to, kje \u017eivite!\",\"breadcrumb\":{\"@id\":\"https:\/\/onlinelotto365.com\/sl\/#breadcrumb\"},\"inLanguage\":\"sl-SI\",\"potentialAction\":[{\"@type\":\"ReadAction\",\"target\":[\"https:\/\/onlinelotto365.com\/sl\/\"]}]},{\"@type\":\"ImageObject\",\"inLanguage\":\"sl-SI\",\"@id\":\"https:\/\/onlinelotto365.com\/sl\/#primaryimage\",\"url\":\"https:\/\/redfoxlotto.com\/image?size=8&amp;lottery=mega-millions\",\"contentUrl\":\"https:\/\/redfoxlotto.com\/image?size=8&amp;lottery=mega-millions\"},{\"@type\":\"BreadcrumbList\",\"@id\":\"https:\/\/onlinelotto365.com\/sl\/#breadcrumb\",\"itemListElement\":[{\"@type\":\"ListItem\",\"position\":1,\"name\":\"Home\",\"item\":\"https:\/\/onlinelotto365.com\/sl\/\"},{\"@type\":\"ListItem\",\"position\":2,\"name\":\"Dobrodo\u0161li v OnlineLotto365!\"}]},{\"@type\":\"WebSite\",\"@id\":\"https:\/\/onlinelotto365.com\/sl\/#website\",\"url\":\"https:\/\/onlinelotto365.com\/sl\/\",\"name\":\"OnlineLotto365\",\"description\":\"\",\"potentialAction\":[{\"@type\":\"SearchAction\",\"target\":{\"@type\":\"EntryPoint\",\"urlTemplate\":\"https:\/\/onlinelotto365.com\/sl\/?s={search_term_string}\"},\"query-input\":{\"@type\":\"PropertyValueSpecification\",\"valueRequired\":true,\"valueName\":\"search_term_string\"}}],\"inLanguage\":\"sl-SI\"}]}<\/script>\n<!-- \/ Yoast SEO plugin. -->","yoast_head_json":{"title":"Loto prek spleta | Vsi svetovni loto jackpoti dostopni prek spleta","description":"Spletna storitev nakupa loto sre\u010dk za kateri koli mednarodni jackpot. Kupite loterijske sre\u010dke za katero koli svetovno loterijo, ne glede na to, kje \u017eivite!","robots":{"index":"index","follow":"follow","max-snippet":"max-snippet:-1","max-image-preview":"max-image-preview:large","max-video-preview":"max-video-preview:-1"},"canonical":"https:\/\/onlinelotto365.com\/sl\/","og_locale":"sl_SI","og_type":"article","og_title":"Loto prek spleta | Vsi svetovni loto jackpoti dostopni prek spleta","og_description":"Spletna storitev nakupa loto sre\u010dk za kateri koli mednarodni jackpot. Kupite loterijske sre\u010dke za katero koli svetovno loterijo, ne glede na to, kje \u017eivite!","og_url":"https:\/\/onlinelotto365.com\/sl\/","og_site_name":"OnlineLotto365","article_modified_time":"2023-10-04T08:19:55+00:00","og_image":[{"url":"https:\/\/redfoxlotto.com\/image?size=8&amp;lottery=mega-millions"}],"twitter_card":"summary_large_image","twitter_misc":{"Est. reading time":"5 minut"},"schema":{"@context":"https:\/\/schema.org","@graph":[{"@type":"WebPage","@id":"https:\/\/onlinelotto365.com\/sl\/","url":"https:\/\/onlinelotto365.com\/sl\/","name":"Loto prek spleta | Vsi svetovni loto jackpoti dostopni prek spleta","isPartOf":{"@id":"https:\/\/onlinelotto365.com\/sl\/#website"},"primaryImageOfPage":{"@id":"https:\/\/onlinelotto365.com\/sl\/#primaryimage"},"image":{"@id":"https:\/\/onlinelotto365.com\/sl\/#primaryimage"},"thumbnailUrl":"https:\/\/redfoxlotto.com\/image?size=8&amp;lottery=mega-millions","datePublished":"2020-11-30T11:01:10+00:00","dateModified":"2023-10-04T08:19:55+00:00","description":"Spletna storitev nakupa loto sre\u010dk za kateri koli mednarodni jackpot. Kupite loterijske sre\u010dke za katero koli svetovno loterijo, ne glede na to, kje \u017eivite!","breadcrumb":{"@id":"https:\/\/onlinelotto365.com\/sl\/#breadcrumb"},"inLanguage":"sl-SI","potentialAction":[{"@type":"ReadAction","target":["https:\/\/onlinelotto365.com\/sl\/"]}]},{"@type":"ImageObject","inLanguage":"sl-SI","@id":"https:\/\/onlinelotto365.com\/sl\/#primaryimage","url":"https:\/\/redfoxlotto.com\/image?size=8&amp;lottery=mega-millions","contentUrl":"https:\/\/redfoxlotto.com\/image?size=8&amp;lottery=mega-millions"},{"@type":"BreadcrumbList","@id":"https:\/\/onlinelotto365.com\/sl\/#breadcrumb","itemListElement":[{"@type":"ListItem","position":1,"name":"Home","item":"https:\/\/onlinelotto365.com\/sl\/"},{"@type":"ListItem","position":2,"name":"Dobrodo\u0161li v OnlineLotto365!"}]},{"@type":"WebSite","@id":"https:\/\/onlinelotto365.com\/sl\/#website","url":"https:\/\/onlinelotto365.com\/sl\/","name":"OnlineLotto365","description":"","potentialAction":[{"@type":"SearchAction","target":{"@type":"EntryPoint","urlTemplate":"https:\/\/onlinelotto365.com\/sl\/?s={search_term_string}"},"query-input":{"@type":"PropertyValueSpecification","valueRequired":true,"valueName":"search_term_string"}}],"inLanguage":"sl-SI"}]}},"_links":{"self":[{"href":"https:\/\/onlinelotto365.com\/sl\/wp-json\/wp\/v2\/pages\/4499","targetHints":{"allow":["GET"]}}],"collection":[{"href":"https:\/\/onlinelotto365.com\/sl\/wp-json\/wp\/v2\/pages"}],"about":[{"href":"https:\/\/onlinelotto365.com\/sl\/wp-json\/wp\/v2\/types\/page"}],"author":[{"embeddable":true,"href":"https:\/\/onlinelotto365.com\/sl\/wp-json\/wp\/v2\/users\/1"}],"replies":[{"embeddable":true,"href":"https:\/\/onlinelotto365.com\/sl\/wp-json\/wp\/v2\/comments?post=4499"}],"version-history":[{"count":0,"href":"https:\/\/onlinelotto365.com\/sl\/wp-json\/wp\/v2\/pages\/4499\/revisions"}],"wp:attachment":[{"href":"https:\/\/onlinelotto365.com\/sl\/wp-json\/wp\/v2\/media?parent=4499"}],"curies":[{"name":"wp","href":"https:\/\/api.w.org\/{rel}","templated":true}]}}