{"id":5088,"date":"2020-12-03T10:48:47","date_gmt":"2020-12-03T09:48:47","guid":{"rendered":"http:\/\/onlinelotto365.net\/?page_id=5088"},"modified":"2021-03-02T10:31:26","modified_gmt":"2021-03-02T09:31:26","slug":"igrajte","status":"publish","type":"page","link":"https:\/\/onlinelotto365.com\/sl\/igrajte\/","title":{"rendered":"Vse, kar morate vedeti o va\u0161ih mo\u017enostih igranja najbolj\u0161ih loterij prek spleta"},"content":{"rendered":"<p>Bi radi pri\u010deli z igranjem loterije? \u010ce bi radi poskusili va\u0161o sre\u010do, boste zagotovo \u017eeleli preveriti svoje spletne mo\u017enosti. Vse velike loto igre iz celega sveta, so vam na voljo za igranje prek spleta. Vedeti morate le kje iskati in kako za\u010deti.<br \/>\n<a href=\"https:\/\/redfoxlotto.com\/play\/mega-millions\/?ref=a8564250a2&amp;medium=ol365\" target=\"_blank\" rel=\"noopener noreferrer\"> <img decoding=\"async\" class=\"aligncenter\" src=\" https:\/\/redfoxlotto.com\/image?size=7&amp;lottery=mega-millions \" alt=\" play mega millions \" width=\" 841 \" height=\" 108 \" \/><\/a><\/p>\n<p>Na va\u0161o sre\u010do je vse izredno preprosto. Na\u0161e spletno mesto dodajte med zaznamke in preverite posodobljene informacije. Na\u0161li boste veliko mo\u017enosti za igranje navedenih loto iger iz vseh na\u0161tetih dr\u017eav.<br \/>\nDobra stran spletnih mo\u017enostih je, da vam omogo\u010da igranje iger, ki se nahajajo po vsem svetu. Ne boste ve\u010d omejeni le na igre, ki jih lahko igrate v lokalni trgovini. Namesto tega boste lahko preverili, kako se igre igrajo v razli\u010dnih dr\u017eavah, in imeli boste tudi prilo\u017enost, da v njih poskusite svojo sre\u010do.<\/p>\n<h2>Igranje loterije prek spleta vam daje ve\u010d mo\u017enosti<\/h2>\n<p>Najbolj\u0161i del igranja loterije prek spleta je dejstvo, da vam bo v vsakem trenutku za zmago na voljo velik jackpot. \u010ce se omejite na igranje svojega lokalnega lota, boste morda dolgo \u010dakali, da jackpot naraste do te mere, da boste vlo\u017eiti denar v nakup sre\u010dk.<\/p>\n<p>Jasno je, da je velikost samega jackpota pomembna za va\u0161o odlo\u010ditev. Ve\u010dja nagrada pomeni, da je tudi pri\u010dakovana matemati\u010dna zmaga ve\u010dja. Zato ve\u010dina na\u0161ih strank porabi svoja loto sredstva za trenutno najvi\u0161ji jackpot.<\/p>\n<h2>Kako deluje spletna loto storitev?<\/h2>\n<p><img loading=\"lazy\" decoding=\"async\" class=\"alignright wp-image-1862\" src=\"https:\/\/onlinelotto365.com\/wp-content\/uploads\/2020\/11\/online_lottery-166-200x300.jpg\" alt=\"igrajte loto prek spleta\" width=\"141\" height=\"213\" \/><\/p>\n<p>Najhitrej\u0161i na\u010din za pri\u010detek igranja spletne loterije je, da kliknete enega od gumbov ali pasic loterije in izberete svoje \u0161tevilke, da ustvarite sre\u010dko. \u010ce \u017eelite, lahko igrate tudi ve\u010d loterij. V ko\u0161arico preprosto dodajte toliko sre\u010dk kot \u017eelite. Nato kliknite &#8216;na blagajno&#8217; in pla\u010dajte. Pri nas morate prvo ustvariti ra\u010dun. Ne pozabite verificirati va\u0161ega ra\u010duna \u2013 poslali vam bomo e-sporo\u010dilo za namen verifikacije. \u010ce ne najdete sporo\u010dila v mapi prejeto, se verjetno nahaja med ne\u017eeleno po\u0161to.<\/p>\n<h2>Ali lahko igram tudi iz moje dr\u017eave prebivali\u0161\u010da?<\/h2>\n<p>Igranje spletnega lota deluje skoraj povsod, ne glede na to kje \u017eivite. Izjema so le stranke iz Nizozemske in iz ZDA, katerih \u017eal ne moremo sprejemati.<\/p>\n<h2>Kako dobim svoj dobitek?<\/h2>\n<p>Na\u0161a storitev loterijskih sre\u010dk vklju\u010duje na\u0161o pomo\u010d pri unov\u010denju va\u0161ih dobitkov. Za to obstajata dva razli\u010dna postopka:<\/p>\n<ul>\n<li>Dobitki, manj\u0161i od 2500\u20ac: Zmagani znesek bo knji\u017een med va\u0161e uporabni\u0161ko stanje na na\u0161i spletni strani. Od tam pa si lahko va\u0161 znesek izpla\u010date npr. na kreditno kartico ali na ban\u010dni ra\u010dun.<\/li>\n<li>Dobitki nad 2500\u20ac: Izpla\u010dila vi\u0161jih zneskov bo izvedla neposredno loterija sama. Priskrbeli vam bomo obrazec, ki ga morate izpolniti in nam ga poslati nazaj. Obrazec vsebuje va\u0161a navodila za izpla\u010dilo, ki je lahko bodisi ban\u010dno nakazilo ali \u010dek. Vse poteka preko spleta. Obrazec bomo poslali nazaj loteriji, denar pa bodo nato glede na va\u0161e \u017eelje nakazali na va\u0161 ban\u010dni ra\u010dun oziroma vam poslali \u010dek.<\/li>\n<\/ul>\n","protected":false},"excerpt":{"rendered":"<p>Bi radi pri\u010deli z igranjem loterije? \u010ce bi radi poskusili va\u0161o sre\u010do, boste zagotovo \u017eeleli preveriti svoje spletne mo\u017enosti. Vse velike loto igre iz celega sveta, so vam na voljo za igranje prek spleta. Vedeti morate le kje iskati in kako za\u010deti. Na va\u0161o sre\u010do je vse izredno preprosto. Na\u0161e spletno mesto dodajte med zaznamke [&hellip;]<\/p>\n","protected":false},"author":1,"featured_media":0,"parent":0,"menu_order":2,"comment_status":"closed","ping_status":"closed","template":"Play-all.php","meta":{"_et_pb_use_builder":"","_et_pb_old_content":"","_et_gb_content_width":"","exclude_from_search":false,"footnotes":""},"class_list":["post-5088","page","type-page","status-publish","hentry"],"yoast_head":"<!-- This site is optimized with the Yoast SEO plugin v23.4 - https:\/\/yoast.com\/wordpress\/plugins\/seo\/ -->\n<title>Igrajte loto prek spleta | Ve\u010d jackpotov za loterijske navdu\u0161ence z vsega sveta<\/title>\n<meta name=\"description\" content=\"Omogo\u010damo vam enostavno igranje tujih loterij prek spleta - vsi veliki jackpoti so tu\" \/>\n<meta name=\"robots\" content=\"index, follow, max-snippet:-1, max-image-preview:large, max-video-preview:-1\" \/>\n<link rel=\"canonical\" href=\"https:\/\/onlinelotto365.com\/sl\/igrajte\/\" \/>\n<meta property=\"og:locale\" content=\"sl_SI\" \/>\n<meta property=\"og:type\" content=\"article\" \/>\n<meta property=\"og:title\" content=\"Igrajte loto prek spleta | Ve\u010d jackpotov za loterijske navdu\u0161ence z vsega sveta\" \/>\n<meta property=\"og:description\" content=\"Omogo\u010damo vam enostavno igranje tujih loterij prek spleta - vsi veliki jackpoti so tu\" \/>\n<meta property=\"og:url\" content=\"https:\/\/onlinelotto365.com\/sl\/igrajte\/\" \/>\n<meta property=\"og:site_name\" content=\"OnlineLotto365\" \/>\n<meta property=\"article:modified_time\" content=\"2021-03-02T09:31:26+00:00\" \/>\n<meta property=\"og:image\" content=\"https:\/\/onlinelotto365.com\/wp-content\/uploads\/2020\/11\/online_lottery-166-200x300.jpg\" \/>\n<meta name=\"twitter:card\" content=\"summary_large_image\" \/>\n<meta name=\"twitter:label1\" content=\"Est. reading time\" \/>\n\t<meta name=\"twitter:data1\" content=\"3 minute\" \/>\n<script type=\"application\/ld+json\" class=\"yoast-schema-graph\">{\"@context\":\"https:\/\/schema.org\",\"@graph\":[{\"@type\":\"WebPage\",\"@id\":\"https:\/\/onlinelotto365.com\/sl\/igrajte\/\",\"url\":\"https:\/\/onlinelotto365.com\/sl\/igrajte\/\",\"name\":\"Igrajte loto prek spleta | Ve\u010d jackpotov za loterijske navdu\u0161ence z vsega sveta\",\"isPartOf\":{\"@id\":\"https:\/\/onlinelotto365.com\/sl\/#website\"},\"primaryImageOfPage\":{\"@id\":\"https:\/\/onlinelotto365.com\/sl\/igrajte\/#primaryimage\"},\"image\":{\"@id\":\"https:\/\/onlinelotto365.com\/sl\/igrajte\/#primaryimage\"},\"thumbnailUrl\":\"https:\/\/onlinelotto365.com\/wp-content\/uploads\/2020\/11\/online_lottery-166-200x300.jpg\",\"datePublished\":\"2020-12-03T09:48:47+00:00\",\"dateModified\":\"2021-03-02T09:31:26+00:00\",\"description\":\"Omogo\u010damo vam enostavno igranje tujih loterij prek spleta - vsi veliki jackpoti so tu\",\"breadcrumb\":{\"@id\":\"https:\/\/onlinelotto365.com\/sl\/igrajte\/#breadcrumb\"},\"inLanguage\":\"sl-SI\",\"potentialAction\":[{\"@type\":\"ReadAction\",\"target\":[\"https:\/\/onlinelotto365.com\/sl\/igrajte\/\"]}]},{\"@type\":\"ImageObject\",\"inLanguage\":\"sl-SI\",\"@id\":\"https:\/\/onlinelotto365.com\/sl\/igrajte\/#primaryimage\",\"url\":\"https:\/\/onlinelotto365.com\/wp-content\/uploads\/2020\/11\/online_lottery-166-200x300.jpg\",\"contentUrl\":\"https:\/\/onlinelotto365.com\/wp-content\/uploads\/2020\/11\/online_lottery-166-200x300.jpg\"},{\"@type\":\"BreadcrumbList\",\"@id\":\"https:\/\/onlinelotto365.com\/sl\/igrajte\/#breadcrumb\",\"itemListElement\":[{\"@type\":\"ListItem\",\"position\":1,\"name\":\"Home\",\"item\":\"https:\/\/onlinelotto365.com\/sl\/\"},{\"@type\":\"ListItem\",\"position\":2,\"name\":\"Vse, kar morate vedeti o va\u0161ih mo\u017enostih igranja najbolj\u0161ih loterij prek spleta\"}]},{\"@type\":\"WebSite\",\"@id\":\"https:\/\/onlinelotto365.com\/sl\/#website\",\"url\":\"https:\/\/onlinelotto365.com\/sl\/\",\"name\":\"OnlineLotto365\",\"description\":\"\",\"potentialAction\":[{\"@type\":\"SearchAction\",\"target\":{\"@type\":\"EntryPoint\",\"urlTemplate\":\"https:\/\/onlinelotto365.com\/sl\/?s={search_term_string}\"},\"query-input\":{\"@type\":\"PropertyValueSpecification\",\"valueRequired\":true,\"valueName\":\"search_term_string\"}}],\"inLanguage\":\"sl-SI\"}]}<\/script>\n<!-- \/ Yoast SEO plugin. -->","yoast_head_json":{"title":"Igrajte loto prek spleta | Ve\u010d jackpotov za loterijske navdu\u0161ence z vsega sveta","description":"Omogo\u010damo vam enostavno igranje tujih loterij prek spleta - vsi veliki jackpoti so tu","robots":{"index":"index","follow":"follow","max-snippet":"max-snippet:-1","max-image-preview":"max-image-preview:large","max-video-preview":"max-video-preview:-1"},"canonical":"https:\/\/onlinelotto365.com\/sl\/igrajte\/","og_locale":"sl_SI","og_type":"article","og_title":"Igrajte loto prek spleta | Ve\u010d jackpotov za loterijske navdu\u0161ence z vsega sveta","og_description":"Omogo\u010damo vam enostavno igranje tujih loterij prek spleta - vsi veliki jackpoti so tu","og_url":"https:\/\/onlinelotto365.com\/sl\/igrajte\/","og_site_name":"OnlineLotto365","article_modified_time":"2021-03-02T09:31:26+00:00","og_image":[{"url":"https:\/\/onlinelotto365.com\/wp-content\/uploads\/2020\/11\/online_lottery-166-200x300.jpg"}],"twitter_card":"summary_large_image","twitter_misc":{"Est. reading time":"3 minute"},"schema":{"@context":"https:\/\/schema.org","@graph":[{"@type":"WebPage","@id":"https:\/\/onlinelotto365.com\/sl\/igrajte\/","url":"https:\/\/onlinelotto365.com\/sl\/igrajte\/","name":"Igrajte loto prek spleta | Ve\u010d jackpotov za loterijske navdu\u0161ence z vsega sveta","isPartOf":{"@id":"https:\/\/onlinelotto365.com\/sl\/#website"},"primaryImageOfPage":{"@id":"https:\/\/onlinelotto365.com\/sl\/igrajte\/#primaryimage"},"image":{"@id":"https:\/\/onlinelotto365.com\/sl\/igrajte\/#primaryimage"},"thumbnailUrl":"https:\/\/onlinelotto365.com\/wp-content\/uploads\/2020\/11\/online_lottery-166-200x300.jpg","datePublished":"2020-12-03T09:48:47+00:00","dateModified":"2021-03-02T09:31:26+00:00","description":"Omogo\u010damo vam enostavno igranje tujih loterij prek spleta - vsi veliki jackpoti so tu","breadcrumb":{"@id":"https:\/\/onlinelotto365.com\/sl\/igrajte\/#breadcrumb"},"inLanguage":"sl-SI","potentialAction":[{"@type":"ReadAction","target":["https:\/\/onlinelotto365.com\/sl\/igrajte\/"]}]},{"@type":"ImageObject","inLanguage":"sl-SI","@id":"https:\/\/onlinelotto365.com\/sl\/igrajte\/#primaryimage","url":"https:\/\/onlinelotto365.com\/wp-content\/uploads\/2020\/11\/online_lottery-166-200x300.jpg","contentUrl":"https:\/\/onlinelotto365.com\/wp-content\/uploads\/2020\/11\/online_lottery-166-200x300.jpg"},{"@type":"BreadcrumbList","@id":"https:\/\/onlinelotto365.com\/sl\/igrajte\/#breadcrumb","itemListElement":[{"@type":"ListItem","position":1,"name":"Home","item":"https:\/\/onlinelotto365.com\/sl\/"},{"@type":"ListItem","position":2,"name":"Vse, kar morate vedeti o va\u0161ih mo\u017enostih igranja najbolj\u0161ih loterij prek spleta"}]},{"@type":"WebSite","@id":"https:\/\/onlinelotto365.com\/sl\/#website","url":"https:\/\/onlinelotto365.com\/sl\/","name":"OnlineLotto365","description":"","potentialAction":[{"@type":"SearchAction","target":{"@type":"EntryPoint","urlTemplate":"https:\/\/onlinelotto365.com\/sl\/?s={search_term_string}"},"query-input":{"@type":"PropertyValueSpecification","valueRequired":true,"valueName":"search_term_string"}}],"inLanguage":"sl-SI"}]}},"_links":{"self":[{"href":"https:\/\/onlinelotto365.com\/sl\/wp-json\/wp\/v2\/pages\/5088","targetHints":{"allow":["GET"]}}],"collection":[{"href":"https:\/\/onlinelotto365.com\/sl\/wp-json\/wp\/v2\/pages"}],"about":[{"href":"https:\/\/onlinelotto365.com\/sl\/wp-json\/wp\/v2\/types\/page"}],"author":[{"embeddable":true,"href":"https:\/\/onlinelotto365.com\/sl\/wp-json\/wp\/v2\/users\/1"}],"replies":[{"embeddable":true,"href":"https:\/\/onlinelotto365.com\/sl\/wp-json\/wp\/v2\/comments?post=5088"}],"version-history":[{"count":0,"href":"https:\/\/onlinelotto365.com\/sl\/wp-json\/wp\/v2\/pages\/5088\/revisions"}],"wp:attachment":[{"href":"https:\/\/onlinelotto365.com\/sl\/wp-json\/wp\/v2\/media?parent=5088"}],"curies":[{"name":"wp","href":"https:\/\/api.w.org\/{rel}","templated":true}]}}