{"id":5679,"date":"2020-12-04T19:44:59","date_gmt":"2020-12-04T18:44:59","guid":{"rendered":"http:\/\/onlinelotto365.net\/?page_id=5679"},"modified":"2021-03-02T10:34:33","modified_gmt":"2021-03-02T09:34:33","slug":"kupiti-vstopnice","status":"publish","type":"page","link":"https:\/\/onlinelotto365.com\/sl\/kupiti-vstopnice\/","title":{"rendered":"Zakaj je bolj smiselno kupovati loterijske sre\u010dke prek spleta"},"content":{"rendered":"<p>Na splo\u0161no je nakup stvari prek spleta veliko bolj priro\u010den. To velja tudi za nakup loterijskih sre\u010dk. Ni vam potrebno zapustiti hi\u0161e, zapravljati denarja za bencin in \u010dakati v vrstah pred prodajalno loto sre\u010dk.<br \/>\n<a href=\"https:\/\/redfoxlotto.com\/?ref=a8564250a2&amp;medium=ol365\" target=\"_blank\" rel=\"noopener noreferrer\"><img loading=\"lazy\" decoding=\"async\" class=\"aligncenter\" src=\"https:\/\/redfoxlotto.com\/image?size=8&amp;lottery=euromillions\" alt=\"Euromillions\" width=\"720\" height=\"90\" \/><\/a><\/p>\n<p>Kar je \u0161e bolj pomembno pa je, da niste ve\u010d omejeni samo na lokalno loterijo. Skozi na\u0161o storitev so vam sedaj prek spleta na voljo vsi ti jackpoti in loterije iz oddaljenih dr\u017eav. Ni se vam treba zadovoljiti z majhnimi jackpoti. Ni\u010d ve\u010d \u010dakanja, da va\u0161 lokalni jackpot dovolj zraste.<\/p>\n<p>Loterije, kot so Mega Millions, Powerball, Euromillions , Eurojackpot in Superenalotto (\u010de omenimo samo nekaj ve\u010djih), so veliko bolj privla\u010dne kot dobitki povpre\u010dnih dr\u017eavnih loterij. Kupite sre\u010dke prek spleta za samo eno ali ve\u010d loterij, sodelujte v enem \u017erebu ali ve\u010d \u017erebanjih &#8211; tukaj je vse mogo\u010de. To je popolnoma legalna storitev &#8211; pravzaprav gre za posrednega ponudnika loterijskih sre\u010dk.<\/p>\n<h2>Kak\u0161en je postopek nakupa loterijskih sre\u010dk?<\/h2>\n<p>Potrudili smo se ponuditi \u010dim bolj preprost in hiter postopek celotnega nakupa. Na\u0161a platforma vas bo vodila skozi korake, ki so potrebni za nakup sre\u010dk, registracijo ra\u010duna stranke in na koncu skozi pla\u010dilo prek spleta. V primeru vpra\u0161anj, predlagamo, da najprej preverite na\u0161e odgovore na pogosto zastavljena vpra\u0161anja. Najpogostej\u0161e te\u017eave bodo razre\u0161ene z branjem teh komentarjev. \u010ce imate \u0161e naprej te\u017eave, se lahko vedno obrnete na na\u0161o ekipo za pomo\u010d strankam. Na va\u0161a vpra\u0161anja bodo odgovorili v 24 urah.<\/p>\n<h2>Enostavno preverite svoje rezultate<\/h2>\n<p><img loading=\"lazy\" decoding=\"async\" class=\" wp-image-729 alignright\" src=\"https:\/\/onlinelotto365.com\/wp-content\/uploads\/2020\/11\/online_lottery-52-300x169.jpg\" alt=\"kupite loterijske sre\u010dke prek spleta\" width=\"210\" height=\"119\" \/><\/p>\n<p>Ko kupite sre\u010dko prek spleta, boste kasneje tudi la\u017eje preverili rezultate. Ponovno obi\u0161\u010dite na\u0161o stran, se prijavite v svoj ra\u010dun in si oglejte va\u0161e obstoje\u010de sre\u010dke. Zmagovalne \u0161tevilke bodo ozna\u010dene, rezultati \u017erebanja pa bodo prikazani tik ob sre\u010dki. Povedali vam bomo tudi , kak\u0161en znesek ste osvojili.<\/p>\n<p>Tukaj lahko najdete tudi arhiv preteklih rezultatov \u017erebanj. Mnogi na\u0161i igralci radi preverijo pretekle rezultate in nato izberejo \u0161tevilke za svojo naslednjo sre\u010dko glede na pretekle zmagovalne \u0161tevilke.<\/p>\n<h2>Nakup in pla\u010dilo va\u0161ih sre\u010dk na najbolj varen na\u010din<\/h2>\n<p>Ni vam treba skrbeti glede varnosti va\u0161ih pla\u010dilnih podatkov kot je \u0161tevilka kreditne kartice ali ban\u010dnega ra\u010duna. Med postopkom pla\u010dila uporabljamo najnovej\u0161o in najvarnej\u0161o tehnologijo \u0161ifriranja. Ponujamo vam tudi \u0161tevilne mo\u017enosti pla\u010dila. Najbolj priljubljena mo\u017enost je pla\u010dilo s kreditno kartico, za nakup loterijskih sre\u010dk pa lahko uporabite tudi Bitcoine, ban\u010dno nakazilo (samo nekatere dr\u017eave) in nekaj ostalih mo\u017enosti.<\/p>\n","protected":false},"excerpt":{"rendered":"<p>Na splo\u0161no je nakup stvari prek spleta veliko bolj priro\u010den. To velja tudi za nakup loterijskih sre\u010dk. Ni vam potrebno zapustiti hi\u0161e, zapravljati denarja za bencin in \u010dakati v vrstah pred prodajalno loto sre\u010dk. Kar je \u0161e bolj pomembno pa je, da niste ve\u010d omejeni samo na lokalno loterijo. Skozi na\u0161o storitev so vam sedaj [&hellip;]<\/p>\n","protected":false},"author":1,"featured_media":0,"parent":0,"menu_order":3,"comment_status":"closed","ping_status":"closed","template":"Information.php","meta":{"_et_pb_use_builder":"","_et_pb_old_content":"","_et_gb_content_width":"","exclude_from_search":false,"footnotes":""},"class_list":["post-5679","page","type-page","status-publish","hentry"],"yoast_head":"<!-- This site is optimized with the Yoast SEO plugin v23.4 - https:\/\/yoast.com\/wordpress\/plugins\/seo\/ -->\n<title>Kupite spletne loterijske sre\u010dke za najve\u010dje jackpote na svetu<\/title>\n<meta name=\"description\" content=\"\u0160e vedno kupujete loterijske sre\u010dke lokalno? Obstajajo veliko bolj\u0161i loto jackpoti - kupite sre\u010dke kar prek spleta!\" \/>\n<meta name=\"robots\" content=\"index, follow, max-snippet:-1, max-image-preview:large, max-video-preview:-1\" \/>\n<link rel=\"canonical\" href=\"https:\/\/onlinelotto365.com\/sl\/kupiti-vstopnice\/\" \/>\n<meta property=\"og:locale\" content=\"sl_SI\" \/>\n<meta property=\"og:type\" content=\"article\" \/>\n<meta property=\"og:title\" content=\"Kupite spletne loterijske sre\u010dke za najve\u010dje jackpote na svetu\" \/>\n<meta property=\"og:description\" content=\"\u0160e vedno kupujete loterijske sre\u010dke lokalno? Obstajajo veliko bolj\u0161i loto jackpoti - kupite sre\u010dke kar prek spleta!\" \/>\n<meta property=\"og:url\" content=\"https:\/\/onlinelotto365.com\/sl\/kupiti-vstopnice\/\" \/>\n<meta property=\"og:site_name\" content=\"OnlineLotto365\" \/>\n<meta property=\"article:modified_time\" content=\"2021-03-02T09:34:33+00:00\" \/>\n<meta property=\"og:image\" content=\"https:\/\/redfoxlotto.com\/image?size=8&amp;lottery=euromillions\" \/>\n<meta name=\"twitter:card\" content=\"summary_large_image\" \/>\n<meta name=\"twitter:label1\" content=\"Est. reading time\" \/>\n\t<meta name=\"twitter:data1\" content=\"3 minute\" \/>\n<script type=\"application\/ld+json\" class=\"yoast-schema-graph\">{\"@context\":\"https:\/\/schema.org\",\"@graph\":[{\"@type\":\"WebPage\",\"@id\":\"https:\/\/onlinelotto365.com\/sl\/kupiti-vstopnice\/\",\"url\":\"https:\/\/onlinelotto365.com\/sl\/kupiti-vstopnice\/\",\"name\":\"Kupite spletne loterijske sre\u010dke za najve\u010dje jackpote na svetu\",\"isPartOf\":{\"@id\":\"https:\/\/onlinelotto365.com\/sl\/#website\"},\"primaryImageOfPage\":{\"@id\":\"https:\/\/onlinelotto365.com\/sl\/kupiti-vstopnice\/#primaryimage\"},\"image\":{\"@id\":\"https:\/\/onlinelotto365.com\/sl\/kupiti-vstopnice\/#primaryimage\"},\"thumbnailUrl\":\"https:\/\/redfoxlotto.com\/image?size=8&amp;lottery=euromillions\",\"datePublished\":\"2020-12-04T18:44:59+00:00\",\"dateModified\":\"2021-03-02T09:34:33+00:00\",\"description\":\"\u0160e vedno kupujete loterijske sre\u010dke lokalno? Obstajajo veliko bolj\u0161i loto jackpoti - kupite sre\u010dke kar prek spleta!\",\"breadcrumb\":{\"@id\":\"https:\/\/onlinelotto365.com\/sl\/kupiti-vstopnice\/#breadcrumb\"},\"inLanguage\":\"sl-SI\",\"potentialAction\":[{\"@type\":\"ReadAction\",\"target\":[\"https:\/\/onlinelotto365.com\/sl\/kupiti-vstopnice\/\"]}]},{\"@type\":\"ImageObject\",\"inLanguage\":\"sl-SI\",\"@id\":\"https:\/\/onlinelotto365.com\/sl\/kupiti-vstopnice\/#primaryimage\",\"url\":\"https:\/\/redfoxlotto.com\/image?size=8&amp;lottery=euromillions\",\"contentUrl\":\"https:\/\/redfoxlotto.com\/image?size=8&amp;lottery=euromillions\"},{\"@type\":\"BreadcrumbList\",\"@id\":\"https:\/\/onlinelotto365.com\/sl\/kupiti-vstopnice\/#breadcrumb\",\"itemListElement\":[{\"@type\":\"ListItem\",\"position\":1,\"name\":\"Home\",\"item\":\"https:\/\/onlinelotto365.com\/sl\/\"},{\"@type\":\"ListItem\",\"position\":2,\"name\":\"Zakaj je bolj smiselno kupovati loterijske sre\u010dke prek spleta\"}]},{\"@type\":\"WebSite\",\"@id\":\"https:\/\/onlinelotto365.com\/sl\/#website\",\"url\":\"https:\/\/onlinelotto365.com\/sl\/\",\"name\":\"OnlineLotto365\",\"description\":\"\",\"potentialAction\":[{\"@type\":\"SearchAction\",\"target\":{\"@type\":\"EntryPoint\",\"urlTemplate\":\"https:\/\/onlinelotto365.com\/sl\/?s={search_term_string}\"},\"query-input\":{\"@type\":\"PropertyValueSpecification\",\"valueRequired\":true,\"valueName\":\"search_term_string\"}}],\"inLanguage\":\"sl-SI\"}]}<\/script>\n<!-- \/ Yoast SEO plugin. -->","yoast_head_json":{"title":"Kupite spletne loterijske sre\u010dke za najve\u010dje jackpote na svetu","description":"\u0160e vedno kupujete loterijske sre\u010dke lokalno? Obstajajo veliko bolj\u0161i loto jackpoti - kupite sre\u010dke kar prek spleta!","robots":{"index":"index","follow":"follow","max-snippet":"max-snippet:-1","max-image-preview":"max-image-preview:large","max-video-preview":"max-video-preview:-1"},"canonical":"https:\/\/onlinelotto365.com\/sl\/kupiti-vstopnice\/","og_locale":"sl_SI","og_type":"article","og_title":"Kupite spletne loterijske sre\u010dke za najve\u010dje jackpote na svetu","og_description":"\u0160e vedno kupujete loterijske sre\u010dke lokalno? Obstajajo veliko bolj\u0161i loto jackpoti - kupite sre\u010dke kar prek spleta!","og_url":"https:\/\/onlinelotto365.com\/sl\/kupiti-vstopnice\/","og_site_name":"OnlineLotto365","article_modified_time":"2021-03-02T09:34:33+00:00","og_image":[{"url":"https:\/\/redfoxlotto.com\/image?size=8&amp;lottery=euromillions"}],"twitter_card":"summary_large_image","twitter_misc":{"Est. reading time":"3 minute"},"schema":{"@context":"https:\/\/schema.org","@graph":[{"@type":"WebPage","@id":"https:\/\/onlinelotto365.com\/sl\/kupiti-vstopnice\/","url":"https:\/\/onlinelotto365.com\/sl\/kupiti-vstopnice\/","name":"Kupite spletne loterijske sre\u010dke za najve\u010dje jackpote na svetu","isPartOf":{"@id":"https:\/\/onlinelotto365.com\/sl\/#website"},"primaryImageOfPage":{"@id":"https:\/\/onlinelotto365.com\/sl\/kupiti-vstopnice\/#primaryimage"},"image":{"@id":"https:\/\/onlinelotto365.com\/sl\/kupiti-vstopnice\/#primaryimage"},"thumbnailUrl":"https:\/\/redfoxlotto.com\/image?size=8&amp;lottery=euromillions","datePublished":"2020-12-04T18:44:59+00:00","dateModified":"2021-03-02T09:34:33+00:00","description":"\u0160e vedno kupujete loterijske sre\u010dke lokalno? Obstajajo veliko bolj\u0161i loto jackpoti - kupite sre\u010dke kar prek spleta!","breadcrumb":{"@id":"https:\/\/onlinelotto365.com\/sl\/kupiti-vstopnice\/#breadcrumb"},"inLanguage":"sl-SI","potentialAction":[{"@type":"ReadAction","target":["https:\/\/onlinelotto365.com\/sl\/kupiti-vstopnice\/"]}]},{"@type":"ImageObject","inLanguage":"sl-SI","@id":"https:\/\/onlinelotto365.com\/sl\/kupiti-vstopnice\/#primaryimage","url":"https:\/\/redfoxlotto.com\/image?size=8&amp;lottery=euromillions","contentUrl":"https:\/\/redfoxlotto.com\/image?size=8&amp;lottery=euromillions"},{"@type":"BreadcrumbList","@id":"https:\/\/onlinelotto365.com\/sl\/kupiti-vstopnice\/#breadcrumb","itemListElement":[{"@type":"ListItem","position":1,"name":"Home","item":"https:\/\/onlinelotto365.com\/sl\/"},{"@type":"ListItem","position":2,"name":"Zakaj je bolj smiselno kupovati loterijske sre\u010dke prek spleta"}]},{"@type":"WebSite","@id":"https:\/\/onlinelotto365.com\/sl\/#website","url":"https:\/\/onlinelotto365.com\/sl\/","name":"OnlineLotto365","description":"","potentialAction":[{"@type":"SearchAction","target":{"@type":"EntryPoint","urlTemplate":"https:\/\/onlinelotto365.com\/sl\/?s={search_term_string}"},"query-input":{"@type":"PropertyValueSpecification","valueRequired":true,"valueName":"search_term_string"}}],"inLanguage":"sl-SI"}]}},"_links":{"self":[{"href":"https:\/\/onlinelotto365.com\/sl\/wp-json\/wp\/v2\/pages\/5679","targetHints":{"allow":["GET"]}}],"collection":[{"href":"https:\/\/onlinelotto365.com\/sl\/wp-json\/wp\/v2\/pages"}],"about":[{"href":"https:\/\/onlinelotto365.com\/sl\/wp-json\/wp\/v2\/types\/page"}],"author":[{"embeddable":true,"href":"https:\/\/onlinelotto365.com\/sl\/wp-json\/wp\/v2\/users\/1"}],"replies":[{"embeddable":true,"href":"https:\/\/onlinelotto365.com\/sl\/wp-json\/wp\/v2\/comments?post=5679"}],"version-history":[{"count":0,"href":"https:\/\/onlinelotto365.com\/sl\/wp-json\/wp\/v2\/pages\/5679\/revisions"}],"wp:attachment":[{"href":"https:\/\/onlinelotto365.com\/sl\/wp-json\/wp\/v2\/media?parent=5679"}],"curies":[{"name":"wp","href":"https:\/\/api.w.org\/{rel}","templated":true}]}}