{"id":58291,"date":"2021-03-09T12:30:18","date_gmt":"2021-03-09T11:30:18","guid":{"rendered":"https:\/\/onlinelotto365.com\/?page_id=58291"},"modified":"2022-11-08T09:56:46","modified_gmt":"2022-11-08T08:56:46","slug":"powerball","status":"publish","type":"page","link":"https:\/\/onlinelotto365.com\/sl\/igrajte\/powerball\/","title":{"rendered":"Kako lahko rezidenti Slovenije igrajo Powerball prek spleta?"},"content":{"rendered":"<p>Pravzaprav je igranje Powerball lota prek spleta izredno preprosto, tudi za tiste, ki \u017eivijo v Sloveniji. Da ne omenjamo kako priro\u010dno je.<\/p>\n<p>Izberite pravo loterijo &#8211; torej Powerball, zatem pa morate izbrati \u0161e svoje \u0161tevilke.<br \/>\n<a href=\"https:\/\/redfoxlotto.com\/play\/powerball\/?ref=a8564250a2&amp;medium=ol365\" target=\"_blank\" rel=\"noopener noreferrer\"><img loading=\"lazy\" decoding=\"async\" class=\"aligncenter\" src=\"https:\/\/redfoxlotto.com\/image?size=8&amp;lottery=powerball\" alt=\"powerball\" width=\"793\" height=\"98\" \/><\/a><\/p>\n<p>Obstaja tudi metoda, ki jo mnogo igralcev velikokrat uporabi \u2013 gre za funkcijo hitre izbire. Preprosto kliknete gumb za hitro izbiro in spletna stran bo za vas naklju\u010dno izbrala nekaj \u0161tevilk.<\/p>\n<p>Ko ste kon\u010dali z izbiranjem va\u0161ih \u0161tevilk za Powerball, lahko izberete tudi drugo loterijo oziroma igrate ve\u010d loto listkov in jih nato dodate v svoje naro\u010dilo. Potem zaklju\u010dite naro\u010dilo in varno pla\u010date va\u0161e loto listke. Za uporabo na\u0161ih storitev boste morali na tej to\u010dki ustvariti svoj ra\u010dun, lahko pa to seveda storite tudi na za\u010detku, \u0161e preden za\u010dnete z naro\u010dilom va\u0161ih listkov.<\/p>\n<p>Potem, ko ste odprli svoj ra\u010dun, morate svojo registracijo na na\u0161em spletnem mestu tudi verificirati. Za ta namen vam bomo poslali e-sporo\u010dilo s potrditveno povezavo. Pametno je, da na\u0161 e-naslov ozna\u010dite kot zaupanja vrednega po\u0161iljatelja. S tem boste zagotovili prejem na\u0161ih pomembnih sporo\u010dil, kot so obvestila v primeru zmage. To je ena od prednosti igranja Powerballa prek spleta &#8211; nikoli ne boste zamudili zmage saj vas bomo o tem nemudoma obvestili.<\/p>\n<p>Na\u0161a storitev je resni\u010dno pripeljala igranje loterije v 21. Stoletje. To je zagotovo najve\u010dja stvar, ki se je zgodila na podro\u010dju loterij, vse odkar so pri\u010deli s prodajo loterijskih listkov. \u010ce te spletne storitve slu\u010dajno \u0161e ne izkori\u0161\u010date, potem se zavedajte, da zamujate vse te odli\u010dne svetovne loterije, ki so vam sedaj skozi na\u0161o storitev dostopne.<\/p>\n<h2>O Powerball lotu<\/h2>\n<p><img loading=\"lazy\" decoding=\"async\" class=\"size-medium wp-image-1356 alignright\" src=\"https:\/\/onlinelotto365.com\/wp-content\/uploads\/2020\/11\/online_lottery-117-300x217.jpg\" alt=\"Igrajte Powerball prek spleta\" width=\"300\" height=\"217\" \/><\/p>\n<ul>\n<li>Dr\u017eava: ZDA<\/li>\n<li>Razpon glavnih \u0161tevilk: 69<\/li>\n<li>Izbrati morate: 5<\/li>\n<li>Razpon dodatnih \u0161tevilk: 26<\/li>\n<li>Izbrati morate: 1<\/li>\n<li>Dnevi in ure \u017erebanja: Sreda, Sobota \/ 21:00 EST, +1 dan 3:00 CET<\/li>\n<li>Najmanj\u0161i jackpot: $40 milijonov<\/li>\n<li>Omejitev jackpota: brez<\/li>\n<li>Verjetnost dobitka Powerball jackpota: 1 proti 175.223.510<\/li>\n<li>Verjetnost dobitka na drugi stopnji: 1 proti 5.006.386<\/li>\n<li>Verjetnost dobitka na katerikoli stopnji: 1 proti 24,87<\/li>\n<li>\u0160tevilo nagradnih stopenj: 9<\/li>\n<\/ul>\n<h2>Najbolj\u0161e lastnosti Powerball igre<\/h2>\n<p><img loading=\"lazy\" decoding=\"async\" class=\" wp-image-1521 alignright\" src=\"https:\/\/onlinelotto365.com\/wp-content\/uploads\/2020\/11\/online_lottery-133-300x212.jpg\" alt=\"Ameri\u0161ki Powerball iz Slovenije\" width=\"231\" height=\"163\" \/><\/p>\n<p>Powerball loto lahko zadovolji vse va\u0161e sanje, ne glede na to kako velike so. Z jackpoti, ki redno dosegajo na stotine milijonov imate vsekakor mo\u017enost dobitka skoraj nepredstavljivega zneska.<br \/>\nVsaki\u010d, ko ni zmagovalca za jackpot, le ta naraste &#8211; pogosto tudi na sto ali dvesto milijonov, v\u010dasih pa celo za tristo milijonov. Verjetno se nas bi ve\u010dina strinjala, da je tudi najmanj\u0161i jackpot v vrednosti $40 milijonov \u010disto dovolj, da bi lahko uresni\u010dili vse na\u0161e fantazije, a \u010de je loto znesek ve\u010dji, potem \u0161e bolje. Powerball je vsekakor za vas, \u010de tako kot ve\u010dina ljudi radi igrate za ve\u010dje zneske.<\/p>\n<h2>Kaj je \u0161e dobro vedeti o igranju Powerball lota prek spleta<\/h2>\n<p>Zmagovalci Powerball jackpota imajo na voljo dva na\u010dina za izpla\u010dila dobitka. Lahko se odlo\u010dite za enkratno izpla\u010dilo oziroma za veliko ve\u010dji znesek v primeru, da je dobitek izpla\u010dan v 30 letnih obrokih.<\/p>\n<h2>Kako preveriti Powerball rezultate iz Slovenije<\/h2>\n<p>Rezidenti Slovenije imajo za preverjanje zmagovalnih \u0161tevilk in Powerball rezultatov na voljo kar nekaj na\u010dinov. \u010ce ste Powerball igrali prek spleta, bo najla\u017eje, da preprosto ponovno obi\u0161\u010dete na\u0161o stran kjer ste kupili va\u0161 listek. V svojem ra\u010dunu boste lahko primerjali svoje \u0161tevilke z zmagovalnimi \u0161tevilkami zadnjega \u017erebanja. V primeru zmagovalne kombinacije boste od nas prejeli tudi e-sporo\u010dilo.<\/p>\n<h2>Prek spleta ste igrali Powerball in zmagali &#8211; kaj pa zdaj?<\/h2>\n<p>Na\u0161a storitev vklju\u010duje obdelavo izpla\u010dil za vas. Ni vam treba skrbeti za izpla\u010dilo. Prav tako vam ne zara\u010dunamo provizije za va\u0161 dobitek.<\/p>\n<p>Postopek je odvisen od tega, koliko ste osvojili. \u010ce ste osvojili znesek 2500 EUR ali manj, bo ta znesek nakazan na va\u0161 ra\u010dun pri nas. Lahko ga dvignete ali pa ga pustite na ra\u010dunu in ga uporabite za igranje ve\u010d spletnih loterijskih sre\u010dk.<\/p>\n<p>\u010ce boste osvojili ve\u010dji znesek, vam bomo po elektronski po\u0161ti poslali obrazec za zahtevek. Vanj morate vpisati nekaj osebnih podatkov, vklju\u010dno s tem, kako \u017eelite dobiti izpla\u010dilo. Na voljo sta dve mo\u017enosti: ban\u010dno nakazilo ali \u010dek. Obrazec zahtevka bomo posredovali loterijski komisiji, ki vam bo izpla\u010dala sredstva v skladu z va\u0161imi navodili.<\/p>\n","protected":false},"excerpt":{"rendered":"<p>Pravzaprav je igranje Powerball lota prek spleta izredno preprosto, tudi za tiste, ki \u017eivijo v Sloveniji. Da ne omenjamo kako priro\u010dno je. Izberite pravo loterijo &#8211; torej Powerball, zatem pa morate izbrati \u0161e svoje \u0161tevilke. Obstaja tudi metoda, ki jo mnogo igralcev velikokrat uporabi \u2013 gre za funkcijo hitre izbire. Preprosto kliknete gumb za hitro [&hellip;]<\/p>\n","protected":false},"author":1,"featured_media":0,"parent":5088,"menu_order":1,"comment_status":"closed","ping_status":"closed","template":"powerball-usa.php","meta":{"_et_pb_use_builder":"","_et_pb_old_content":"","_et_gb_content_width":"","exclude_from_search":false,"footnotes":""},"class_list":["post-58291","page","type-page","status-publish","hentry"],"yoast_head":"<!-- This site is optimized with the Yoast SEO plugin v23.4 - https:\/\/yoast.com\/wordpress\/plugins\/seo\/ -->\n<title>Igrajte Powerball prek spleta iz Slovenije | Ali lahko osvojim Powerball nagrado iz Slovenije<\/title>\n<meta name=\"description\" content=\"Tu lahko igrate Powerball loto - najve\u010djo ameri\u0161ko loterijo, ki je prek spleta na voljo tudi igralcem iz Slovenije in ostalih dr\u017eav\" \/>\n<meta name=\"robots\" content=\"index, follow, max-snippet:-1, max-image-preview:large, max-video-preview:-1\" \/>\n<link rel=\"canonical\" href=\"https:\/\/onlinelotto365.com\/sl\/igrajte\/powerball\/\" \/>\n<meta property=\"og:locale\" content=\"sl_SI\" \/>\n<meta property=\"og:type\" content=\"article\" \/>\n<meta property=\"og:title\" content=\"Igrajte Powerball prek spleta iz Slovenije | Ali lahko osvojim Powerball nagrado iz Slovenije\" \/>\n<meta property=\"og:description\" content=\"Tu lahko igrate Powerball loto - najve\u010djo ameri\u0161ko loterijo, ki je prek spleta na voljo tudi igralcem iz Slovenije in ostalih dr\u017eav\" \/>\n<meta property=\"og:url\" content=\"https:\/\/onlinelotto365.com\/sl\/igrajte\/powerball\/\" \/>\n<meta property=\"og:site_name\" content=\"OnlineLotto365\" \/>\n<meta property=\"article:modified_time\" content=\"2022-11-08T08:56:46+00:00\" \/>\n<meta property=\"og:image\" content=\"https:\/\/redfoxlotto.com\/image?size=8&amp;lottery=powerball\" \/>\n<meta name=\"twitter:card\" content=\"summary_large_image\" \/>\n<meta name=\"twitter:label1\" content=\"Est. reading time\" \/>\n\t<meta name=\"twitter:data1\" content=\"4 minute\" \/>\n<script type=\"application\/ld+json\" class=\"yoast-schema-graph\">{\"@context\":\"https:\/\/schema.org\",\"@graph\":[{\"@type\":\"WebPage\",\"@id\":\"https:\/\/onlinelotto365.com\/sl\/igrajte\/powerball\/\",\"url\":\"https:\/\/onlinelotto365.com\/sl\/igrajte\/powerball\/\",\"name\":\"Igrajte Powerball prek spleta iz Slovenije | Ali lahko osvojim Powerball nagrado iz Slovenije\",\"isPartOf\":{\"@id\":\"https:\/\/onlinelotto365.com\/sl\/#website\"},\"primaryImageOfPage\":{\"@id\":\"https:\/\/onlinelotto365.com\/sl\/igrajte\/powerball\/#primaryimage\"},\"image\":{\"@id\":\"https:\/\/onlinelotto365.com\/sl\/igrajte\/powerball\/#primaryimage\"},\"thumbnailUrl\":\"https:\/\/redfoxlotto.com\/image?size=8&amp;lottery=powerball\",\"datePublished\":\"2021-03-09T11:30:18+00:00\",\"dateModified\":\"2022-11-08T08:56:46+00:00\",\"description\":\"Tu lahko igrate Powerball loto - najve\u010djo ameri\u0161ko loterijo, ki je prek spleta na voljo tudi igralcem iz Slovenije in ostalih dr\u017eav\",\"breadcrumb\":{\"@id\":\"https:\/\/onlinelotto365.com\/sl\/igrajte\/powerball\/#breadcrumb\"},\"inLanguage\":\"sl-SI\",\"potentialAction\":[{\"@type\":\"ReadAction\",\"target\":[\"https:\/\/onlinelotto365.com\/sl\/igrajte\/powerball\/\"]}]},{\"@type\":\"ImageObject\",\"inLanguage\":\"sl-SI\",\"@id\":\"https:\/\/onlinelotto365.com\/sl\/igrajte\/powerball\/#primaryimage\",\"url\":\"https:\/\/redfoxlotto.com\/image?size=8&amp;lottery=powerball\",\"contentUrl\":\"https:\/\/redfoxlotto.com\/image?size=8&amp;lottery=powerball\"},{\"@type\":\"BreadcrumbList\",\"@id\":\"https:\/\/onlinelotto365.com\/sl\/igrajte\/powerball\/#breadcrumb\",\"itemListElement\":[{\"@type\":\"ListItem\",\"position\":1,\"name\":\"Home\",\"item\":\"https:\/\/onlinelotto365.com\/sl\/\"},{\"@type\":\"ListItem\",\"position\":2,\"name\":\"Vse, kar morate vedeti o va\u0161ih mo\u017enostih igranja najbolj\u0161ih loterij prek spleta\",\"item\":\"https:\/\/onlinelotto365.com\/sl\/igrajte\/\"},{\"@type\":\"ListItem\",\"position\":3,\"name\":\"Kako lahko rezidenti Slovenije igrajo Powerball prek spleta?\"}]},{\"@type\":\"WebSite\",\"@id\":\"https:\/\/onlinelotto365.com\/sl\/#website\",\"url\":\"https:\/\/onlinelotto365.com\/sl\/\",\"name\":\"OnlineLotto365\",\"description\":\"\",\"potentialAction\":[{\"@type\":\"SearchAction\",\"target\":{\"@type\":\"EntryPoint\",\"urlTemplate\":\"https:\/\/onlinelotto365.com\/sl\/?s={search_term_string}\"},\"query-input\":{\"@type\":\"PropertyValueSpecification\",\"valueRequired\":true,\"valueName\":\"search_term_string\"}}],\"inLanguage\":\"sl-SI\"}]}<\/script>\n<!-- \/ Yoast SEO plugin. -->","yoast_head_json":{"title":"Igrajte Powerball prek spleta iz Slovenije | Ali lahko osvojim Powerball nagrado iz Slovenije","description":"Tu lahko igrate Powerball loto - najve\u010djo ameri\u0161ko loterijo, ki je prek spleta na voljo tudi igralcem iz Slovenije in ostalih dr\u017eav","robots":{"index":"index","follow":"follow","max-snippet":"max-snippet:-1","max-image-preview":"max-image-preview:large","max-video-preview":"max-video-preview:-1"},"canonical":"https:\/\/onlinelotto365.com\/sl\/igrajte\/powerball\/","og_locale":"sl_SI","og_type":"article","og_title":"Igrajte Powerball prek spleta iz Slovenije | Ali lahko osvojim Powerball nagrado iz Slovenije","og_description":"Tu lahko igrate Powerball loto - najve\u010djo ameri\u0161ko loterijo, ki je prek spleta na voljo tudi igralcem iz Slovenije in ostalih dr\u017eav","og_url":"https:\/\/onlinelotto365.com\/sl\/igrajte\/powerball\/","og_site_name":"OnlineLotto365","article_modified_time":"2022-11-08T08:56:46+00:00","og_image":[{"url":"https:\/\/redfoxlotto.com\/image?size=8&amp;lottery=powerball"}],"twitter_card":"summary_large_image","twitter_misc":{"Est. reading time":"4 minute"},"schema":{"@context":"https:\/\/schema.org","@graph":[{"@type":"WebPage","@id":"https:\/\/onlinelotto365.com\/sl\/igrajte\/powerball\/","url":"https:\/\/onlinelotto365.com\/sl\/igrajte\/powerball\/","name":"Igrajte Powerball prek spleta iz Slovenije | Ali lahko osvojim Powerball nagrado iz Slovenije","isPartOf":{"@id":"https:\/\/onlinelotto365.com\/sl\/#website"},"primaryImageOfPage":{"@id":"https:\/\/onlinelotto365.com\/sl\/igrajte\/powerball\/#primaryimage"},"image":{"@id":"https:\/\/onlinelotto365.com\/sl\/igrajte\/powerball\/#primaryimage"},"thumbnailUrl":"https:\/\/redfoxlotto.com\/image?size=8&amp;lottery=powerball","datePublished":"2021-03-09T11:30:18+00:00","dateModified":"2022-11-08T08:56:46+00:00","description":"Tu lahko igrate Powerball loto - najve\u010djo ameri\u0161ko loterijo, ki je prek spleta na voljo tudi igralcem iz Slovenije in ostalih dr\u017eav","breadcrumb":{"@id":"https:\/\/onlinelotto365.com\/sl\/igrajte\/powerball\/#breadcrumb"},"inLanguage":"sl-SI","potentialAction":[{"@type":"ReadAction","target":["https:\/\/onlinelotto365.com\/sl\/igrajte\/powerball\/"]}]},{"@type":"ImageObject","inLanguage":"sl-SI","@id":"https:\/\/onlinelotto365.com\/sl\/igrajte\/powerball\/#primaryimage","url":"https:\/\/redfoxlotto.com\/image?size=8&amp;lottery=powerball","contentUrl":"https:\/\/redfoxlotto.com\/image?size=8&amp;lottery=powerball"},{"@type":"BreadcrumbList","@id":"https:\/\/onlinelotto365.com\/sl\/igrajte\/powerball\/#breadcrumb","itemListElement":[{"@type":"ListItem","position":1,"name":"Home","item":"https:\/\/onlinelotto365.com\/sl\/"},{"@type":"ListItem","position":2,"name":"Vse, kar morate vedeti o va\u0161ih mo\u017enostih igranja najbolj\u0161ih loterij prek spleta","item":"https:\/\/onlinelotto365.com\/sl\/igrajte\/"},{"@type":"ListItem","position":3,"name":"Kako lahko rezidenti Slovenije igrajo Powerball prek spleta?"}]},{"@type":"WebSite","@id":"https:\/\/onlinelotto365.com\/sl\/#website","url":"https:\/\/onlinelotto365.com\/sl\/","name":"OnlineLotto365","description":"","potentialAction":[{"@type":"SearchAction","target":{"@type":"EntryPoint","urlTemplate":"https:\/\/onlinelotto365.com\/sl\/?s={search_term_string}"},"query-input":{"@type":"PropertyValueSpecification","valueRequired":true,"valueName":"search_term_string"}}],"inLanguage":"sl-SI"}]}},"_links":{"self":[{"href":"https:\/\/onlinelotto365.com\/sl\/wp-json\/wp\/v2\/pages\/58291","targetHints":{"allow":["GET"]}}],"collection":[{"href":"https:\/\/onlinelotto365.com\/sl\/wp-json\/wp\/v2\/pages"}],"about":[{"href":"https:\/\/onlinelotto365.com\/sl\/wp-json\/wp\/v2\/types\/page"}],"author":[{"embeddable":true,"href":"https:\/\/onlinelotto365.com\/sl\/wp-json\/wp\/v2\/users\/1"}],"replies":[{"embeddable":true,"href":"https:\/\/onlinelotto365.com\/sl\/wp-json\/wp\/v2\/comments?post=58291"}],"version-history":[{"count":0,"href":"https:\/\/onlinelotto365.com\/sl\/wp-json\/wp\/v2\/pages\/58291\/revisions"}],"up":[{"embeddable":true,"href":"https:\/\/onlinelotto365.com\/sl\/wp-json\/wp\/v2\/pages\/5088"}],"wp:attachment":[{"href":"https:\/\/onlinelotto365.com\/sl\/wp-json\/wp\/v2\/media?parent=58291"}],"curies":[{"name":"wp","href":"https:\/\/api.w.org\/{rel}","templated":true}]}}