{"id":58292,"date":"2021-03-09T12:34:08","date_gmt":"2021-03-09T11:34:08","guid":{"rendered":"https:\/\/onlinelotto365.com\/?page_id=58292"},"modified":"2021-03-09T12:40:14","modified_gmt":"2021-03-09T11:40:14","slug":"mega-millions","status":"publish","type":"page","link":"https:\/\/onlinelotto365.com\/sl\/igrajte\/mega-millions\/","title":{"rendered":"Mega Millions prek spleta"},"content":{"rendered":"<h2>O Mega Millions<\/h2>\n<p>To je verjetno najbolj znana svetovna loterija. Slovenskim loterijskim navdu\u0161encem ponujamo prilo\u017enost igranja Mega Millions prek spleta in jim tako pomagamo uresni\u010diti njihove sanje. \u010ce prebivate v Sloveniji lahko igrate Mega Millions s spletnim listkom katerega nakup vam omogo\u010da na\u0161a povsem zakonita storitev skozi katero vam ponujamo prilo\u017enost igranja te ameri\u0161ke mega loterije.<br \/>\n<a href=\"https:\/\/redfoxlotto.com\/play\/mega-millions\/?ref=a8564250a2&amp;medium=ol365\" target=\"_blank\" rel=\"noopener noreferrer\"><img decoding=\"async\" class=\"aligncenter\" src=\"https:\/\/redfoxlotto.com\/image?size=8&amp;lottery=mega-millions\" alt=\"mega millions\" \/><\/a><\/p>\n<ul>\n<li>Dr\u017eava: ZDA<\/li>\n<li>Razpon glavnih \u0161tevilk: 70<\/li>\n<li>Izbrati morate: 5<\/li>\n<li>Razpon dodatnih \u0161tevilk: 25<\/li>\n<li>Izbrati morate: 1<\/li>\n<li>Dnevi in ure \u017erebanja: Torek, Petek \/ 21:00 EST &#8211; + 1 dan 03:00 CET<\/li>\n<li>Mega Millions jackpot se pri\u010dne pri: $40 milijonih<\/li>\n<li>Omejitev Mega Millions jackpota: brez<\/li>\n<li>Verjetnost dobitka jackpota: 1 leta 175711536<\/li>\n<li>Verjetnost dobitka druge nagrade: 1 proti 3819816<\/li>\n<li>Verjetnost dobitka katere koli nagrade: 1 proti 24,12<\/li>\n<li>\u0160tevilo nagradnih kategorij: 9<\/li>\n<\/ul>\n<h2>Najbolj\u0161e lastnosti Mega Millions igre<\/h2>\n<p><img loading=\"lazy\" decoding=\"async\" class=\"alignright wp-image-1026\" src=\"https:\/\/onlinelotto365.com\/wp-content\/uploads\/2020\/11\/online_lottery-85.jpg\" alt=\"Igrajte Mega Millions prek spleta\" width=\"189\" height=\"162\" \/><\/p>\n<p>Razlog izjemne popularnosti Mega Millions loterije je seveda velikost dose\u017eenih jackpotov. Mega Millions jackpot ne more biti ni\u017eji od $40 milijonov. Vedno ko nekdo osvoji jackpot, se na novo za\u010dne od minimalnega zneska $40 milijonov. Mega Millions jackpot kar hitro raste saj tedensko potekata dve \u017erebanji. Mega Millions tedensko igra ve\u010d milijonov ameri\u0161kih igralcev, kot tudi ne\u0161teto ljudi iz ostalih dr\u017eav vklju\u010dno z Slovenijo, kjer Mega Millions igrajo prek spleta.<\/p>\n<p>Popolnoma obi\u010dajno je, da Mega Millions jackpot po vsakem \u017erebanju zraste za $10 milijonov (razen \u010de nekdo osvoji jackpot). Ker tedensko potekata dva \u017ereba, to pomeni pribli\u017eno $20 milijonov na teden.<\/p>\n<p>Ko jackpot enkrat naraste na ve\u010d kot $100 milijonov, se v fizi\u010dnih in spletnih loto prodajalnah proda \u0161e ve\u010d loterijskih listkov. Jackpot je \u017ee ve\u010dkrat dosegel $400 milijonov ali ve\u010d. In od tiste to\u010dke dalje je tedenska rast v vi\u0161ini $100 milijonov povsem normalna zaradi mo\u010dno pove\u010dane prodaje listkov. Do zdaj je rekordni jackpot zna\u0161al $1500 milijonov..da, prav ste prebrali, $1,5 milijardni dobitek!<\/p>\n<h2>Kako preveriti Mega Millions rezultate<\/h2>\n<p>\u010ce ste rezident Slovenije ali katere koli druge dr\u017eave izven ZDA, zmagovalnih \u0161tevilk najverjetneje ne boste mogli preveriti na lokalnem televizijskem ali radio kanalu. Seveda lahko obi\u0161\u010dete uradno spletno mesto Mega Millions igre, vam pa mi ponujamo \u0161e la\u017ejo pot. Preprosto se vrnite na na\u0161e spletno mesto in preverite na\u0161o stran z objavljenimi rezultati. Tukaj bomo objavili rezultate vseh loterij.<\/p>\n<p>Poslali vam bomo tudi e-sporo\u010dilo z obvestilom o dobitku &#8211; \u010de ste igrali prek spleta in imate v svojem ra\u010dunu listek za Mega Millions.<\/p>\n<p>Va\u0161e loterijske rezultate lahko preverite tudi v svojem igralskem ra\u010dunu. Ko ste enkrat igrali spletni Mega Millions prek na\u0161e spletne strani bo va\u0161 igran listek shranjen v va\u0161em ra\u010dunu. Tja se lahko vrnete po \u017erebanju in primerjate svoj Mega Millions listek z zadnjimi zmagovalnimi \u0161tevilkami.<\/p>\n<h2>Prek spleta ste igrali Mega Millions in zmagali &#8211; kaj pa zdaj?<\/h2>\n<p><img loading=\"lazy\" decoding=\"async\" class=\"alignright size-full wp-image-1103\" src=\"https:\/\/onlinelotto365.com\/wp-content\/uploads\/2020\/11\/online_lottery-93.jpg\" alt=\"Mega Millions Slovenija\" width=\"212\" height=\"142\" \/><\/p>\n<p>Kadar osvojite nagrado ve\u010dje vrednosti vam bo na\u0161e osebje poslalo e-sporo\u010dilo z nadaljnjimi navodili. Izpolniti boste morali tudi obrazec, ki vam ga bomo posredovali. Na\u0161a ekipa bo nato izpolnjen obrazec poslala loterijski komisiji. Sam obrazec vsebuje va\u0161e podatke o ban\u010dnem ra\u010dunu in fizi\u010dnem naslovu v Sloveniji (oziroma drugje), na njem pa opredelite tudi va\u0161e \u017eelje glede izpla\u010dila nagrade. V nekaj dneh boste prejeli va\u0161 znesek na na\u010din izpla\u010dila, ki ste ga izbrali na obrazcu.<\/p>\n<p>V primeru, da ste osvojili manj\u0161i znesek do 2500\u20ac, bo izpla\u010dilo nemudoma nakazano na va\u0161 ra\u010dun &#8211; preprosto preverite svoje stanje v igralnem ra\u010dunu. Kasneje se sami odlo\u010dite ali boste sredstva pustili na ra\u010dunu za igranje ostalih spletnih loterij (oziroma Mega Millions) oziroma si jih nakazali na svoj ban\u010dni ra\u010dun.<\/p>\n","protected":false},"excerpt":{"rendered":"<p>O Mega Millions To je verjetno najbolj znana svetovna loterija. Slovenskim loterijskim navdu\u0161encem ponujamo prilo\u017enost igranja Mega Millions prek spleta in jim tako pomagamo uresni\u010diti njihove sanje. \u010ce prebivate v Sloveniji lahko igrate Mega Millions s spletnim listkom katerega nakup vam omogo\u010da na\u0161a povsem zakonita storitev skozi katero vam ponujamo prilo\u017enost igranja te ameri\u0161ke mega [&hellip;]<\/p>\n","protected":false},"author":1,"featured_media":0,"parent":5088,"menu_order":2,"comment_status":"closed","ping_status":"closed","template":"megamillion.php","meta":{"_et_pb_use_builder":"","_et_pb_old_content":"","_et_gb_content_width":"","exclude_from_search":false,"footnotes":""},"class_list":["post-58292","page","type-page","status-publish","hentry"],"yoast_head":"<!-- This site is optimized with the Yoast SEO plugin v23.4 - https:\/\/yoast.com\/wordpress\/plugins\/seo\/ -->\n<title>Igrajte ameri\u0161ki Mega Millions prek spleta | Kako lahko rezidenti Slovenije zakonito igrajo Mega Millions<\/title>\n<meta name=\"description\" content=\"Zdaj lahko tudi vi igrate Mega Millions - na\u0161a spletna storitev vam omogo\u010da nakup Mega Millions listkov iz Slovenije\" \/>\n<meta name=\"robots\" content=\"index, follow, max-snippet:-1, max-image-preview:large, max-video-preview:-1\" \/>\n<link rel=\"canonical\" href=\"https:\/\/onlinelotto365.com\/sl\/igrajte\/mega-millions\/\" \/>\n<meta property=\"og:locale\" content=\"sl_SI\" \/>\n<meta property=\"og:type\" content=\"article\" \/>\n<meta property=\"og:title\" content=\"Igrajte ameri\u0161ki Mega Millions prek spleta | Kako lahko rezidenti Slovenije zakonito igrajo Mega Millions\" \/>\n<meta property=\"og:description\" content=\"Zdaj lahko tudi vi igrate Mega Millions - na\u0161a spletna storitev vam omogo\u010da nakup Mega Millions listkov iz Slovenije\" \/>\n<meta property=\"og:url\" content=\"https:\/\/onlinelotto365.com\/sl\/igrajte\/mega-millions\/\" \/>\n<meta property=\"og:site_name\" content=\"OnlineLotto365\" \/>\n<meta property=\"article:modified_time\" content=\"2021-03-09T11:40:14+00:00\" \/>\n<meta property=\"og:image\" content=\"https:\/\/redfoxlotto.com\/image?size=8&amp;lottery=mega-millions\" \/>\n<meta name=\"twitter:card\" content=\"summary_large_image\" \/>\n<meta name=\"twitter:label1\" content=\"Est. reading time\" \/>\n\t<meta name=\"twitter:data1\" content=\"4 minute\" \/>\n<script type=\"application\/ld+json\" class=\"yoast-schema-graph\">{\"@context\":\"https:\/\/schema.org\",\"@graph\":[{\"@type\":\"WebPage\",\"@id\":\"https:\/\/onlinelotto365.com\/sl\/igrajte\/mega-millions\/\",\"url\":\"https:\/\/onlinelotto365.com\/sl\/igrajte\/mega-millions\/\",\"name\":\"Igrajte ameri\u0161ki Mega Millions prek spleta | Kako lahko rezidenti Slovenije zakonito igrajo Mega Millions\",\"isPartOf\":{\"@id\":\"https:\/\/onlinelotto365.com\/sl\/#website\"},\"primaryImageOfPage\":{\"@id\":\"https:\/\/onlinelotto365.com\/sl\/igrajte\/mega-millions\/#primaryimage\"},\"image\":{\"@id\":\"https:\/\/onlinelotto365.com\/sl\/igrajte\/mega-millions\/#primaryimage\"},\"thumbnailUrl\":\"https:\/\/redfoxlotto.com\/image?size=8&amp;lottery=mega-millions\",\"datePublished\":\"2021-03-09T11:34:08+00:00\",\"dateModified\":\"2021-03-09T11:40:14+00:00\",\"description\":\"Zdaj lahko tudi vi igrate Mega Millions - na\u0161a spletna storitev vam omogo\u010da nakup Mega Millions listkov iz Slovenije\",\"breadcrumb\":{\"@id\":\"https:\/\/onlinelotto365.com\/sl\/igrajte\/mega-millions\/#breadcrumb\"},\"inLanguage\":\"sl-SI\",\"potentialAction\":[{\"@type\":\"ReadAction\",\"target\":[\"https:\/\/onlinelotto365.com\/sl\/igrajte\/mega-millions\/\"]}]},{\"@type\":\"ImageObject\",\"inLanguage\":\"sl-SI\",\"@id\":\"https:\/\/onlinelotto365.com\/sl\/igrajte\/mega-millions\/#primaryimage\",\"url\":\"https:\/\/redfoxlotto.com\/image?size=8&amp;lottery=mega-millions\",\"contentUrl\":\"https:\/\/redfoxlotto.com\/image?size=8&amp;lottery=mega-millions\"},{\"@type\":\"BreadcrumbList\",\"@id\":\"https:\/\/onlinelotto365.com\/sl\/igrajte\/mega-millions\/#breadcrumb\",\"itemListElement\":[{\"@type\":\"ListItem\",\"position\":1,\"name\":\"Home\",\"item\":\"https:\/\/onlinelotto365.com\/sl\/\"},{\"@type\":\"ListItem\",\"position\":2,\"name\":\"Vse, kar morate vedeti o va\u0161ih mo\u017enostih igranja najbolj\u0161ih loterij prek spleta\",\"item\":\"https:\/\/onlinelotto365.com\/sl\/igrajte\/\"},{\"@type\":\"ListItem\",\"position\":3,\"name\":\"Mega Millions prek spleta\"}]},{\"@type\":\"WebSite\",\"@id\":\"https:\/\/onlinelotto365.com\/sl\/#website\",\"url\":\"https:\/\/onlinelotto365.com\/sl\/\",\"name\":\"OnlineLotto365\",\"description\":\"\",\"potentialAction\":[{\"@type\":\"SearchAction\",\"target\":{\"@type\":\"EntryPoint\",\"urlTemplate\":\"https:\/\/onlinelotto365.com\/sl\/?s={search_term_string}\"},\"query-input\":{\"@type\":\"PropertyValueSpecification\",\"valueRequired\":true,\"valueName\":\"search_term_string\"}}],\"inLanguage\":\"sl-SI\"}]}<\/script>\n<!-- \/ Yoast SEO plugin. -->","yoast_head_json":{"title":"Igrajte ameri\u0161ki Mega Millions prek spleta | Kako lahko rezidenti Slovenije zakonito igrajo Mega Millions","description":"Zdaj lahko tudi vi igrate Mega Millions - na\u0161a spletna storitev vam omogo\u010da nakup Mega Millions listkov iz Slovenije","robots":{"index":"index","follow":"follow","max-snippet":"max-snippet:-1","max-image-preview":"max-image-preview:large","max-video-preview":"max-video-preview:-1"},"canonical":"https:\/\/onlinelotto365.com\/sl\/igrajte\/mega-millions\/","og_locale":"sl_SI","og_type":"article","og_title":"Igrajte ameri\u0161ki Mega Millions prek spleta | Kako lahko rezidenti Slovenije zakonito igrajo Mega Millions","og_description":"Zdaj lahko tudi vi igrate Mega Millions - na\u0161a spletna storitev vam omogo\u010da nakup Mega Millions listkov iz Slovenije","og_url":"https:\/\/onlinelotto365.com\/sl\/igrajte\/mega-millions\/","og_site_name":"OnlineLotto365","article_modified_time":"2021-03-09T11:40:14+00:00","og_image":[{"url":"https:\/\/redfoxlotto.com\/image?size=8&amp;lottery=mega-millions"}],"twitter_card":"summary_large_image","twitter_misc":{"Est. reading time":"4 minute"},"schema":{"@context":"https:\/\/schema.org","@graph":[{"@type":"WebPage","@id":"https:\/\/onlinelotto365.com\/sl\/igrajte\/mega-millions\/","url":"https:\/\/onlinelotto365.com\/sl\/igrajte\/mega-millions\/","name":"Igrajte ameri\u0161ki Mega Millions prek spleta | Kako lahko rezidenti Slovenije zakonito igrajo Mega Millions","isPartOf":{"@id":"https:\/\/onlinelotto365.com\/sl\/#website"},"primaryImageOfPage":{"@id":"https:\/\/onlinelotto365.com\/sl\/igrajte\/mega-millions\/#primaryimage"},"image":{"@id":"https:\/\/onlinelotto365.com\/sl\/igrajte\/mega-millions\/#primaryimage"},"thumbnailUrl":"https:\/\/redfoxlotto.com\/image?size=8&amp;lottery=mega-millions","datePublished":"2021-03-09T11:34:08+00:00","dateModified":"2021-03-09T11:40:14+00:00","description":"Zdaj lahko tudi vi igrate Mega Millions - na\u0161a spletna storitev vam omogo\u010da nakup Mega Millions listkov iz Slovenije","breadcrumb":{"@id":"https:\/\/onlinelotto365.com\/sl\/igrajte\/mega-millions\/#breadcrumb"},"inLanguage":"sl-SI","potentialAction":[{"@type":"ReadAction","target":["https:\/\/onlinelotto365.com\/sl\/igrajte\/mega-millions\/"]}]},{"@type":"ImageObject","inLanguage":"sl-SI","@id":"https:\/\/onlinelotto365.com\/sl\/igrajte\/mega-millions\/#primaryimage","url":"https:\/\/redfoxlotto.com\/image?size=8&amp;lottery=mega-millions","contentUrl":"https:\/\/redfoxlotto.com\/image?size=8&amp;lottery=mega-millions"},{"@type":"BreadcrumbList","@id":"https:\/\/onlinelotto365.com\/sl\/igrajte\/mega-millions\/#breadcrumb","itemListElement":[{"@type":"ListItem","position":1,"name":"Home","item":"https:\/\/onlinelotto365.com\/sl\/"},{"@type":"ListItem","position":2,"name":"Vse, kar morate vedeti o va\u0161ih mo\u017enostih igranja najbolj\u0161ih loterij prek spleta","item":"https:\/\/onlinelotto365.com\/sl\/igrajte\/"},{"@type":"ListItem","position":3,"name":"Mega Millions prek spleta"}]},{"@type":"WebSite","@id":"https:\/\/onlinelotto365.com\/sl\/#website","url":"https:\/\/onlinelotto365.com\/sl\/","name":"OnlineLotto365","description":"","potentialAction":[{"@type":"SearchAction","target":{"@type":"EntryPoint","urlTemplate":"https:\/\/onlinelotto365.com\/sl\/?s={search_term_string}"},"query-input":{"@type":"PropertyValueSpecification","valueRequired":true,"valueName":"search_term_string"}}],"inLanguage":"sl-SI"}]}},"_links":{"self":[{"href":"https:\/\/onlinelotto365.com\/sl\/wp-json\/wp\/v2\/pages\/58292","targetHints":{"allow":["GET"]}}],"collection":[{"href":"https:\/\/onlinelotto365.com\/sl\/wp-json\/wp\/v2\/pages"}],"about":[{"href":"https:\/\/onlinelotto365.com\/sl\/wp-json\/wp\/v2\/types\/page"}],"author":[{"embeddable":true,"href":"https:\/\/onlinelotto365.com\/sl\/wp-json\/wp\/v2\/users\/1"}],"replies":[{"embeddable":true,"href":"https:\/\/onlinelotto365.com\/sl\/wp-json\/wp\/v2\/comments?post=58292"}],"version-history":[{"count":0,"href":"https:\/\/onlinelotto365.com\/sl\/wp-json\/wp\/v2\/pages\/58292\/revisions"}],"up":[{"embeddable":true,"href":"https:\/\/onlinelotto365.com\/sl\/wp-json\/wp\/v2\/pages\/5088"}],"wp:attachment":[{"href":"https:\/\/onlinelotto365.com\/sl\/wp-json\/wp\/v2\/media?parent=58292"}],"curies":[{"name":"wp","href":"https:\/\/api.w.org\/{rel}","templated":true}]}}