{"id":5867,"date":"2020-12-05T10:10:32","date_gmt":"2020-12-05T09:10:32","guid":{"rendered":"http:\/\/onlinelotto365.net\/?page_id=5867"},"modified":"2021-03-02T10:37:38","modified_gmt":"2021-03-02T09:37:38","slug":"zmagovalne-stevilke","status":"publish","type":"page","link":"https:\/\/onlinelotto365.com\/sl\/zmagovalne-stevilke\/","title":{"rendered":"Preglejte zmagovalne \u0161tevilke in rezultate najnovej\u0161ih loto \u017erebanj"},"content":{"rendered":"<p>Tukaj boste na\u0161li zmagovalne \u0161tevilke za najve\u010dje mednarodne loterije na svetu. To stran nenehno posodabljamo, zato se po najnovej\u0161e rezultate vrnite, kadar koli jih potrebujete. \u010ce ste igrali kak\u0161no iz med mednarodnih loterij, dr\u017eimo pesti, da ima ravno va\u0161a sre\u010dka zmagovalne \u0161tevilke! In mimogrede &#8211; ali ste vedeli, da so igralci \u017ee ve\u010dkrat zmagali z uporabo zmagovalnih \u0161tevilk tujega lota pri igranju svoje lokalne loterije?<\/p>\n<p>Najverjetneje sploh niste vedeli, da imate zdaj mo\u017enost sodelovanja v najve\u010djih loterijah na svetu &#8211; celo v loterijah ostalih dr\u017eav! Sre\u010dke zlahka kupite prek spleta ne glede na to, ali vas zanima Powerball, Mega Millions, Euromillions ali katera koli druga od tukaj ponujenih loterij. \u010ce \u017eelite igrati, preprosto kliknite gumb &#8216;Igraj&#8217; ob va\u0161i najljub\u0161i loteriji poleg spodnjih rezultatov. V samo nekaj minutah boste imeli svoje sre\u010dke. Priporo\u010damo vam, da najprej preverite kako veliki so jackpoti in nato izberete loterijo, ki ima trenutno najvi\u0161ji jackpot!<br \/>\n<a href=\"https:\/\/redfoxlotto.com\/?ref=a8564250a2&amp;medium=ol365\" target=\"_blank\" rel=\"noopener noreferrer\"><img loading=\"lazy\" decoding=\"async\" class=\"aligncenter\" src=\"https:\/\/redfoxlotto.com\/image?size=8&amp;lottery=eurojackpot\" alt=\"eurojackpot\" width=\"720\" height=\"90\" \/><\/a><\/p>\n<h2>Kako preveriti dana\u0161nje loto rezultate<\/h2>\n<p>Ali radi igrate loto? Mogo\u010de igrate ve\u010dkrat na dan, vsak dan, ali pa le ob\u010dasno. Ne glede na pogostost va\u0161e igre,zagotovo \u017eelite izvedeti, katere so bile zmagovalne \u0161tevilke. Nih\u010de ne \u017eeli tvegati in zamuditi izpla\u010dilo dobitka zaradi ne preverjenih \u0161tevilk. Torej, kako izveste za dana\u0161nje loto rezultate? Pravzaprav je la\u017eje, kot si morda mislite, saj imate na voljo kar nekaj razli\u010dnih mo\u017enosti.<\/p>\n<h2>Kje najti dana\u0161nje rezultate loterije<\/h2>\n<p>\u017delite takoj izvesti za rezultate? Takoj, ko bodo na voljo? V tem primeru se boste morali vrniti na spletno stran z va\u0161imi sre\u010dkami. Vsekakor boste zadovoljni, saj so rezultati loterije na voljo ne samo na dan \u017erebanja, temve\u010d takoj v danem trenutku \u017erebanja. Torej, \u010de ste nestrpni, ne boste imeli te\u017eav z rezultati, saj bodo na voljo takoj. Ko boste izvedeli ali ste zmagovalec ali ne, boste hitro pripravljeni na novo igro in igranje z novim zaporedjem \u0161tevilk.<\/p>\n<h2>Prijavite se in preverite razdelek Moje sre\u010dke<\/h2>\n<p>Najbolj priro\u010den in varen na\u010din za ugotavljanje rezultatov je, da se prijavite v svoj ra\u010dun in preverite obstoje\u010de sre\u010dke. Ko so znani rezultati \u017erebanja, lahko sre\u010dke enostavno primerjate z zmagovalnimi \u0161tevilkami. S spletno sre\u010dko tudi ni nevarnosti, da bi jo lahko izgubili. Vedno je tu, na va\u0161em ra\u010dunu. Prav tako vas bomo obvestili ob vseh morebitnih dobitkih!<\/p>\n<p>\u010ce ste prek nas kupili spletne sre\u010dke, vas bomo v primeru zmage vedno obvestili po e-po\u0161ti. Pomembno je, da va\u0161 ponudnik spletnega po\u0161te ne premakne na\u0161ih sporo\u010dil v mapo z ne\u017eeleno po\u0161to. Dodajte nas na va\u0161 seznam zaupanja vrednih po\u0161iljateljev.<\/p>\n<h2>Streamajte \u017erebanje v \u017eivo<\/h2>\n<p>Obstaja nekaj ponudnikov prenosov \u017erebanja v \u017eivo, ki vam nudijo streaming samega dogodka direktno prek va\u0161e mobilne naprave. \u010ce noben od va\u0161ih lokalnih televizijskih kanalov ne predvaja \u017ereba, ki vas zanima, boste te\u017eavo zlahka re\u0161ili s pretakanjem \u017ereba v \u017eivo. Tako boste pripravljeni na trenutek, ko bo izre\u010dena va\u0161a \u0161tevilka. Poskusite najti svojo najljub\u0161o loterijo kar na Youtube. Ve\u010dina loterij svojih \u017erebanj sicer ne prena\u0161a v \u017eivo na Youtubu, vendar obi\u010dajno nalo\u017eijo videoposnetek \u017erebanja kmalu po objavi rezultatov.<\/p>\n<h2>Poi\u0161\u010dite rezultate pozneje<\/h2>\n<p>\u010ce ste eden iz med tistih, ki se vam ne mudi s preverjanem rezultatov nemudoma po \u017erebanju, potem imate za kasnej\u0161e preverjanje kar nekaj razli\u010dnih mo\u017enosti. Nekatere od njih so na voljo takoj po \u017erebanju, nekatere pa \u0161ele naslednji dan, izbira metode kje \u017eelite izvedeti za iz\u017erebane \u0161tevilke bo povsem va\u0161a odlo\u010ditev. \u010ce ste pripravljeni \u010dakati dlje, lahko preverite rezultate v \u010dasopisu naslednji dan po \u017erebanju. \u010ce \u017eelite do rezultatov priti relativno hitro pa obstajajo uradna spletna mesta, katera lahko preverite, \u010de \u017eelite poiskati ve\u010d informacij po samem \u017erebanju.<\/p>\n<p>\u010casopis je ena najpogostej\u0161ih metod za preverjanje loto \u0161tevilk in zagotovo ena iz med najla\u017ejih. Na enem mestu boste lahko preverili vse objavljene zmagovalne \u0161tevilke prej\u0161njega dneva en dan po \u017erebanju. Tako lahko preverite vse va\u0161e \u0161tevilke hkrati, \u010de slu\u010dajno igrate ve\u010d loterij. Vse kar potrebujete je naro\u010dnina na \u010dasopis, lahko pa svojo kopijo seveda kupite tudi v trgovini naslednji dan po \u017erebanju.<\/p>\n<p>\u010ce \u017eelite hitro izvesti za rezultate a no\u010dete oziroma ne morete spremljati prenosa v \u017eivo, potem je va\u0161a naslednja najbolj\u0161a opcija, da jih poi\u0161\u010dete na spletu. Vse loto rezultate za najve\u010dja \u017erebanja in jackpote najdete direktno pri Red Fox Lotto, tako da boste vedno na teko\u010dem z dana\u0161njimi loto rezultati. Za to storitev se morate prijaviti in na doma\u010di strani boste lahko preverili vse rezultate, od najstarej\u0161ih do najnovej\u0161ih. Prav tako boste lahko preverili kje sama loterija poteka in izpla\u010dan znesek. Na voljo imate torej vse potrebne informacije.<\/p>\n<h2>Poi\u0161\u010dite izpla\u010dila<\/h2>\n<p>Kaj storiti, \u010de ste \u017ee pogledali \u0161tevilke, zdaj pa bi radi izvedeli ve\u010d o samih izpla\u010dilih? Pravzaprav je povsem preprosto. Vse, kar morate storiti, je, da preverite na\u0161o stran z sre\u010dkami. Vse te sproti posodobljene informacije bodo na voljo tukaj.<\/p>\n<h2>Izpla\u010dilo spletnih nagrad<\/h2>\n<p>\u010ce osvojite spletno nagrado, se postopek razlikuje od tistega, kar bi storili, \u010de bi zmagali z sre\u010dko, kupljeno v prodajalni. \u010ce je znesek ve\u010dji od 2500\u20ac, boste morali izpolniti obrazec prek na\u0161e spletne platforme, da boste lahko prevzeli nagrado. Za vse ostalo bomo poskrbeli mi.<\/p>\n<p>Dobitki ni\u017eji od 2500\u20ac bodo nemudoma nakazani na va\u0161 ra\u010dun na na\u0161i spletni strani. Od tam lahko sredstva porabite za nakup ostalih sre\u010dk ali pa dvignete va\u0161a sredstva. Za dvig lahko uporabite kateri koli na\u010din pla\u010dila, ki je bil prej uporabljen za nakup ali polog.<\/p>\n<h2>Povzetek<\/h2>\n<p>\u010ce i\u0161\u010dete dana\u0161nje rezultate loterije morate samo vedeti kje to\u010dno iskati. Ne glede na to, ali to pomeni brskanje po spletu, spremljanje v \u017eivo ali pa preverjanje rezultata naslednji dan, s postopkom zagotovo ne boste imeli te\u017eav. Spremljali boste lahko svoje \u0161tevilke in zmagovalne nize. In zlahka boste pri\u010deli z igranjem svojih najljub\u0161ih iger na sre\u010do in celo odkrivanjem novih loterij iz drugih delov sveta. Le kaj je lahko bolj\u0161e od tega?<\/p>\n","protected":false},"excerpt":{"rendered":"<p>Tukaj boste na\u0161li zmagovalne \u0161tevilke za najve\u010dje mednarodne loterije na svetu. To stran nenehno posodabljamo, zato se po najnovej\u0161e rezultate vrnite, kadar koli jih potrebujete. \u010ce ste igrali kak\u0161no iz med mednarodnih loterij, dr\u017eimo pesti, da ima ravno va\u0161a sre\u010dka zmagovalne \u0161tevilke! In mimogrede &#8211; ali ste vedeli, da so igralci \u017ee ve\u010dkrat zmagali z [&hellip;]<\/p>\n","protected":false},"author":1,"featured_media":0,"parent":0,"menu_order":4,"comment_status":"closed","ping_status":"closed","template":"Results.php","meta":{"_et_pb_use_builder":"","_et_pb_old_content":"","_et_gb_content_width":"","exclude_from_search":false,"footnotes":""},"class_list":["post-5867","page","type-page","status-publish","hentry"],"yoast_head":"<!-- This site is optimized with the Yoast SEO plugin v23.4 - https:\/\/yoast.com\/wordpress\/plugins\/seo\/ -->\n<title>Dobitne loto \u0161tevilke in rezultati za najve\u010dje svetovne jackpote<\/title>\n<meta name=\"description\" content=\"Preglejte loto rezultate \u017erebanj tega tedna in zmagovalne \u0161tevilke najve\u010djih loterij\" \/>\n<meta name=\"robots\" content=\"index, follow, max-snippet:-1, max-image-preview:large, max-video-preview:-1\" \/>\n<link rel=\"canonical\" href=\"https:\/\/onlinelotto365.com\/sl\/zmagovalne-stevilke\/\" \/>\n<meta property=\"og:locale\" content=\"sl_SI\" \/>\n<meta property=\"og:type\" content=\"article\" \/>\n<meta property=\"og:title\" content=\"Dobitne loto \u0161tevilke in rezultati za najve\u010dje svetovne jackpote\" \/>\n<meta property=\"og:description\" content=\"Preglejte loto rezultate \u017erebanj tega tedna in zmagovalne \u0161tevilke najve\u010djih loterij\" \/>\n<meta property=\"og:url\" content=\"https:\/\/onlinelotto365.com\/sl\/zmagovalne-stevilke\/\" \/>\n<meta property=\"og:site_name\" content=\"OnlineLotto365\" \/>\n<meta property=\"article:modified_time\" content=\"2021-03-02T09:37:38+00:00\" \/>\n<meta property=\"og:image\" content=\"https:\/\/redfoxlotto.com\/image?size=8&amp;lottery=eurojackpot\" \/>\n<meta name=\"twitter:card\" content=\"summary_large_image\" \/>\n<meta name=\"twitter:label1\" content=\"Est. reading time\" \/>\n\t<meta name=\"twitter:data1\" content=\"5 minut\" \/>\n<script type=\"application\/ld+json\" class=\"yoast-schema-graph\">{\"@context\":\"https:\/\/schema.org\",\"@graph\":[{\"@type\":\"WebPage\",\"@id\":\"https:\/\/onlinelotto365.com\/sl\/zmagovalne-stevilke\/\",\"url\":\"https:\/\/onlinelotto365.com\/sl\/zmagovalne-stevilke\/\",\"name\":\"Dobitne loto \u0161tevilke in rezultati za najve\u010dje svetovne jackpote\",\"isPartOf\":{\"@id\":\"https:\/\/onlinelotto365.com\/sl\/#website\"},\"primaryImageOfPage\":{\"@id\":\"https:\/\/onlinelotto365.com\/sl\/zmagovalne-stevilke\/#primaryimage\"},\"image\":{\"@id\":\"https:\/\/onlinelotto365.com\/sl\/zmagovalne-stevilke\/#primaryimage\"},\"thumbnailUrl\":\"https:\/\/redfoxlotto.com\/image?size=8&amp;lottery=eurojackpot\",\"datePublished\":\"2020-12-05T09:10:32+00:00\",\"dateModified\":\"2021-03-02T09:37:38+00:00\",\"description\":\"Preglejte loto rezultate \u017erebanj tega tedna in zmagovalne \u0161tevilke najve\u010djih loterij\",\"breadcrumb\":{\"@id\":\"https:\/\/onlinelotto365.com\/sl\/zmagovalne-stevilke\/#breadcrumb\"},\"inLanguage\":\"sl-SI\",\"potentialAction\":[{\"@type\":\"ReadAction\",\"target\":[\"https:\/\/onlinelotto365.com\/sl\/zmagovalne-stevilke\/\"]}]},{\"@type\":\"ImageObject\",\"inLanguage\":\"sl-SI\",\"@id\":\"https:\/\/onlinelotto365.com\/sl\/zmagovalne-stevilke\/#primaryimage\",\"url\":\"https:\/\/redfoxlotto.com\/image?size=8&amp;lottery=eurojackpot\",\"contentUrl\":\"https:\/\/redfoxlotto.com\/image?size=8&amp;lottery=eurojackpot\"},{\"@type\":\"BreadcrumbList\",\"@id\":\"https:\/\/onlinelotto365.com\/sl\/zmagovalne-stevilke\/#breadcrumb\",\"itemListElement\":[{\"@type\":\"ListItem\",\"position\":1,\"name\":\"Home\",\"item\":\"https:\/\/onlinelotto365.com\/sl\/\"},{\"@type\":\"ListItem\",\"position\":2,\"name\":\"Preglejte zmagovalne \u0161tevilke in rezultate najnovej\u0161ih loto \u017erebanj\"}]},{\"@type\":\"WebSite\",\"@id\":\"https:\/\/onlinelotto365.com\/sl\/#website\",\"url\":\"https:\/\/onlinelotto365.com\/sl\/\",\"name\":\"OnlineLotto365\",\"description\":\"\",\"potentialAction\":[{\"@type\":\"SearchAction\",\"target\":{\"@type\":\"EntryPoint\",\"urlTemplate\":\"https:\/\/onlinelotto365.com\/sl\/?s={search_term_string}\"},\"query-input\":{\"@type\":\"PropertyValueSpecification\",\"valueRequired\":true,\"valueName\":\"search_term_string\"}}],\"inLanguage\":\"sl-SI\"}]}<\/script>\n<!-- \/ Yoast SEO plugin. -->","yoast_head_json":{"title":"Dobitne loto \u0161tevilke in rezultati za najve\u010dje svetovne jackpote","description":"Preglejte loto rezultate \u017erebanj tega tedna in zmagovalne \u0161tevilke najve\u010djih loterij","robots":{"index":"index","follow":"follow","max-snippet":"max-snippet:-1","max-image-preview":"max-image-preview:large","max-video-preview":"max-video-preview:-1"},"canonical":"https:\/\/onlinelotto365.com\/sl\/zmagovalne-stevilke\/","og_locale":"sl_SI","og_type":"article","og_title":"Dobitne loto \u0161tevilke in rezultati za najve\u010dje svetovne jackpote","og_description":"Preglejte loto rezultate \u017erebanj tega tedna in zmagovalne \u0161tevilke najve\u010djih loterij","og_url":"https:\/\/onlinelotto365.com\/sl\/zmagovalne-stevilke\/","og_site_name":"OnlineLotto365","article_modified_time":"2021-03-02T09:37:38+00:00","og_image":[{"url":"https:\/\/redfoxlotto.com\/image?size=8&amp;lottery=eurojackpot"}],"twitter_card":"summary_large_image","twitter_misc":{"Est. reading time":"5 minut"},"schema":{"@context":"https:\/\/schema.org","@graph":[{"@type":"WebPage","@id":"https:\/\/onlinelotto365.com\/sl\/zmagovalne-stevilke\/","url":"https:\/\/onlinelotto365.com\/sl\/zmagovalne-stevilke\/","name":"Dobitne loto \u0161tevilke in rezultati za najve\u010dje svetovne jackpote","isPartOf":{"@id":"https:\/\/onlinelotto365.com\/sl\/#website"},"primaryImageOfPage":{"@id":"https:\/\/onlinelotto365.com\/sl\/zmagovalne-stevilke\/#primaryimage"},"image":{"@id":"https:\/\/onlinelotto365.com\/sl\/zmagovalne-stevilke\/#primaryimage"},"thumbnailUrl":"https:\/\/redfoxlotto.com\/image?size=8&amp;lottery=eurojackpot","datePublished":"2020-12-05T09:10:32+00:00","dateModified":"2021-03-02T09:37:38+00:00","description":"Preglejte loto rezultate \u017erebanj tega tedna in zmagovalne \u0161tevilke najve\u010djih loterij","breadcrumb":{"@id":"https:\/\/onlinelotto365.com\/sl\/zmagovalne-stevilke\/#breadcrumb"},"inLanguage":"sl-SI","potentialAction":[{"@type":"ReadAction","target":["https:\/\/onlinelotto365.com\/sl\/zmagovalne-stevilke\/"]}]},{"@type":"ImageObject","inLanguage":"sl-SI","@id":"https:\/\/onlinelotto365.com\/sl\/zmagovalne-stevilke\/#primaryimage","url":"https:\/\/redfoxlotto.com\/image?size=8&amp;lottery=eurojackpot","contentUrl":"https:\/\/redfoxlotto.com\/image?size=8&amp;lottery=eurojackpot"},{"@type":"BreadcrumbList","@id":"https:\/\/onlinelotto365.com\/sl\/zmagovalne-stevilke\/#breadcrumb","itemListElement":[{"@type":"ListItem","position":1,"name":"Home","item":"https:\/\/onlinelotto365.com\/sl\/"},{"@type":"ListItem","position":2,"name":"Preglejte zmagovalne \u0161tevilke in rezultate najnovej\u0161ih loto \u017erebanj"}]},{"@type":"WebSite","@id":"https:\/\/onlinelotto365.com\/sl\/#website","url":"https:\/\/onlinelotto365.com\/sl\/","name":"OnlineLotto365","description":"","potentialAction":[{"@type":"SearchAction","target":{"@type":"EntryPoint","urlTemplate":"https:\/\/onlinelotto365.com\/sl\/?s={search_term_string}"},"query-input":{"@type":"PropertyValueSpecification","valueRequired":true,"valueName":"search_term_string"}}],"inLanguage":"sl-SI"}]}},"_links":{"self":[{"href":"https:\/\/onlinelotto365.com\/sl\/wp-json\/wp\/v2\/pages\/5867","targetHints":{"allow":["GET"]}}],"collection":[{"href":"https:\/\/onlinelotto365.com\/sl\/wp-json\/wp\/v2\/pages"}],"about":[{"href":"https:\/\/onlinelotto365.com\/sl\/wp-json\/wp\/v2\/types\/page"}],"author":[{"embeddable":true,"href":"https:\/\/onlinelotto365.com\/sl\/wp-json\/wp\/v2\/users\/1"}],"replies":[{"embeddable":true,"href":"https:\/\/onlinelotto365.com\/sl\/wp-json\/wp\/v2\/comments?post=5867"}],"version-history":[{"count":0,"href":"https:\/\/onlinelotto365.com\/sl\/wp-json\/wp\/v2\/pages\/5867\/revisions"}],"wp:attachment":[{"href":"https:\/\/onlinelotto365.com\/sl\/wp-json\/wp\/v2\/media?parent=5867"}],"curies":[{"name":"wp","href":"https:\/\/api.w.org\/{rel}","templated":true}]}}