{"id":79131,"date":"2022-11-01T13:26:39","date_gmt":"2022-11-01T12:26:39","guid":{"rendered":"https:\/\/onlinelotto365.com\/?page_id=79131"},"modified":"2022-11-09T13:20:54","modified_gmt":"2022-11-09T12:20:54","slug":"mon-wed-lotto","status":"publish","type":"page","link":"https:\/\/onlinelotto365.com\/sl\/igrajte\/mon-wed-lotto\/","title":{"rendered":"Igranje Mon &#038; Wed Lotto Australia je le ena od mo\u017enosti za ljubitelje loterije iz Slovenije."},"content":{"rendered":"<h2>Kako igrati Mon &amp; Wed Lotto Australia na spletu<\/h2>\n<p>\u010ce ste v Sloveniji, ni treba, da bi bilo te\u017eko igrati Mon &amp; Wed Lotto Australia prek spleta. Vse, kar morate storiti, je, da ugotovite, na kak\u0161en na\u010din boste to storili in kako boste dobili \u017erebanja, ki jih \u017eelite za naslednje \u017erebanje. Pri tem vam lahko pomagamo.<\/p>\n<p>Na\u0161 sistem poskrbi, da boste ves \u010das na pravi poti. Vse, kar morate storiti, je, da ustvarite svoj ra\u010dun, izberete \u017eelene vstopnice in \u0161tevilke ter jih nato pla\u010date z \u017eelenim na\u010dinom pla\u010dila. Tako kot to, boste pripravljeni na delo in \u010dakali na naslednje \u017erebanje, da boste lahko preverili svoje vstopnice.<\/p>\n<p>\u010ce ste pripravljeni izbrati prve vstopnice, morate le izbrati pravo igro. V tem primeru govorimo o avstralski loteriji Mon &amp; Wed Lotto. Izberite pravo igro in za\u010dnite izbirati \u0161tevilke.<br \/>\nAli pa izberite hitro izbiro, pri kateri bo ra\u010dunalnik namesto vas izbral naklju\u010dne \u0161tevilke. \u010ce si premislite, lahko te \u0161tevilke \u0161e vedno prilagajate, tako da boste za vsako \u017erebanje dobili \u017eelene \u0161tevilke.<\/p>\n<p>Ko izberete \u0161tevilke za ponedeljek in sredo, lahko izberete listke za druge igre, ki jih \u017eelite igrati, in se odjavite. Postopek oddaje je varen in zanesljiv, poleg tega pa zagotavlja, da ste vi tisti, ki kupuje vstopnice. Potrditi boste morali svoj ra\u010dun (in ga ustvariti), nato pa lahko za\u010dnete kupovati vse vstopnice, ki jih \u017eelite.<\/p>\n<p>Samo ustvarite ra\u010dun z osebnimi podatki in kliknite povezavo v potrditvenem e-po\u0161tnem sporo\u010dilu, ki vam ga po\u0161ljemo. \u010ce nas \u0161e niste dodali v svoj imenik, je morda v mapi za ne\u017eeleno po\u0161to, zato poskrbite, da ga boste opazovali. Od tam bo va\u0161 ra\u010dun pripravljen in lahko za\u010dnete kupovati vse vstopnice, ki jih \u017eelite.<\/p>\n<p><a href=\"https:\/\/redfoxlotto.com\/play\/monday-wednesday-lotto-au\/?ref=a8564250a2&amp;medium=ol365\" target=\"_blank\" rel=\"noopener noreferrer\"><img decoding=\"async\" class=\"aligncenter\" src=\"https:\/\/redfoxlotto.com\/image?size=8&amp;lottery=monday-wednesday-lotto-au\" alt=\"Mon &amp; Wed Lotto Australia\" \/><\/a><\/p>\n<h2>O Mon &amp; Wed Lotto Australia<\/h2>\n<ul>\n<li>Dr\u017eava: Avstralien<\/li>\n<li>Razpon glavnih \u0161tevilk: 45<\/li>\n<li>Izbrati morate: 6<\/li>\n<li>Dnevi, ure \u017erebanja: Ponedeljek, sreda, 21:30 GMT+11 &#8211; 10:30 CET<\/li>\n<li>Jackpot se za\u010dne pri: AU$ 2,5 milijona<\/li>\n<li>Zgornja meja dobitka: fiksni dobitek<\/li>\n<li>Mo\u017enost za osvojitev glavnega dobitka: 1 proti 8145060<\/li>\n<li>Mo\u017enost za osvojitev druge nagrade: 1 proti 678755<\/li>\n<li>mo\u017enost, da osvojite katero koli nagrado: 1 proti 85,44<\/li>\n<li>\u0160tevilo nagradnih kategorij: 1: 6<\/li>\n<\/ul>\n<h2>Najbolj\u0161e zna\u010dilnosti Mon &amp; Wed Lotto Australia<\/h2>\n<p>Mon &amp; Wed Lotto Australia, ki se \u017ereblje dvakrat na teden, vam ponuja prilo\u017enost za milijonske nagrade. Vse, kar morate storiti, je, da mu ponudite prilo\u017enost in se uvrstite v nagradni sklad Divizije 1. Nikoli ne veste, kaj lahko osvojite.<\/p>\n<h2>Kako preveriti rezultate Mon &amp; Wed Lotto Australia<\/h2>\n<p>Pri preverjanju rezultatov boste morda presene\u010deni, kam vse se lahko odpravite. Na spletni strani loterije lahko preverite \u0161tevilke takoj po \u017erebanju. Po \u017erebanju lahko preverite tudi lokalne \u010dasopise in televizijske postaje.<br \/>\n\u010ce pa \u017eelite rezultate dobiti hitro in enostavno, morate preveriti na\u0161o spletno stran, na kateri ste kupili sre\u010dke. Na njej ne boste na\u0161li le zmagovalnih \u0161tevilk, temve\u010d tudi primerjavo z va\u0161imi \u0161tevilkami.<\/p>\n<h2>Igrali ste Mon &amp; Wed Lotto Australia online in zmagali &#8211; kaj sledi?<\/h2>\n<p>Oglejte si zmagovalne \u0161tevilke, svoje \u0161tevilke in koliko ste osvojili v igri. \u010ce ste osvojili manj kot 2500 \u20ac, vam ni treba storiti ni\u010desar. Denar bo \u017ee na va\u0161em ra\u010dunu.<br \/>\nIn ko bo na va\u0161em ra\u010dunu, ga boste morali le \u0161e dvigniti (\u010de je vi\u0161ji od 10 \u20ac) ali porabiti za nove sre\u010dke za loto. Na ra\u010dunu ga lahko pustite za porabo poljubno dolgo, tako da je vedno na voljo.<br \/>\n\u010ce boste imeli sre\u010do in boste osvojili ve\u010d kot 2500 \u20ac, pa boste prejeli sporo\u010dilo na\u0161e ekipe za podporo uporabnikom. Pomagali vam bodo dolo\u010diti naslednje korake, vklju\u010dno z izpolnitvijo obrazca za zahtevek, da bi dobili svoj dobitek. Nato bo va\u0161 denar nakazan neposredno na va\u0161 ban\u010dni ra\u010dun ali pa vam bo poslan s \u010dekom.<\/p>\n","protected":false},"excerpt":{"rendered":"<p>Kako igrati Mon &amp; Wed Lotto Australia na spletu \u010ce ste v Sloveniji, ni treba, da bi bilo te\u017eko igrati Mon &amp; Wed Lotto Australia prek spleta. Vse, kar morate storiti, je, da ugotovite, na kak\u0161en na\u010din boste to storili in kako boste dobili \u017erebanja, ki jih \u017eelite za naslednje \u017erebanje. Pri tem vam lahko [&hellip;]<\/p>\n","protected":false},"author":1,"featured_media":0,"parent":5088,"menu_order":16,"comment_status":"closed","ping_status":"closed","template":"template-rightsidebar.php","meta":{"_et_pb_use_builder":"","_et_pb_old_content":"","_et_gb_content_width":"","exclude_from_search":false,"footnotes":""},"class_list":["post-79131","page","type-page","status-publish","hentry"],"yoast_head":"<!-- This site is optimized with the Yoast SEO plugin v23.4 - https:\/\/yoast.com\/wordpress\/plugins\/seo\/ -->\n<title>Sodelujte v Mon &amp; Wed Lotto Australia tudi iz Slovenije<\/title>\n<meta name=\"description\" content=\"\u017delite igrati avstralski loto Won &amp; Wed? Kupite sre\u010dke tukaj!\" \/>\n<meta name=\"robots\" content=\"index, follow, max-snippet:-1, max-image-preview:large, max-video-preview:-1\" \/>\n<link rel=\"canonical\" href=\"https:\/\/onlinelotto365.com\/sl\/igrajte\/mon-wed-lotto\/\" \/>\n<meta property=\"og:locale\" content=\"sl_SI\" \/>\n<meta property=\"og:type\" content=\"article\" \/>\n<meta property=\"og:title\" content=\"Sodelujte v Mon &amp; Wed Lotto Australia tudi iz Slovenije\" \/>\n<meta property=\"og:description\" content=\"\u017delite igrati avstralski loto Won &amp; Wed? Kupite sre\u010dke tukaj!\" \/>\n<meta property=\"og:url\" content=\"https:\/\/onlinelotto365.com\/sl\/igrajte\/mon-wed-lotto\/\" \/>\n<meta property=\"og:site_name\" content=\"OnlineLotto365\" \/>\n<meta property=\"article:modified_time\" content=\"2022-11-09T12:20:54+00:00\" \/>\n<meta property=\"og:image\" content=\"https:\/\/redfoxlotto.com\/image?size=8&amp;lottery=monday-wednesday-lotto-au\" \/>\n<meta name=\"twitter:card\" content=\"summary_large_image\" \/>\n<meta name=\"twitter:label1\" content=\"Est. reading time\" \/>\n\t<meta name=\"twitter:data1\" content=\"3 minute\" \/>\n<script type=\"application\/ld+json\" class=\"yoast-schema-graph\">{\"@context\":\"https:\/\/schema.org\",\"@graph\":[{\"@type\":\"WebPage\",\"@id\":\"https:\/\/onlinelotto365.com\/sl\/igrajte\/mon-wed-lotto\/\",\"url\":\"https:\/\/onlinelotto365.com\/sl\/igrajte\/mon-wed-lotto\/\",\"name\":\"Sodelujte v Mon & Wed Lotto Australia tudi iz Slovenije\",\"isPartOf\":{\"@id\":\"https:\/\/onlinelotto365.com\/sl\/#website\"},\"primaryImageOfPage\":{\"@id\":\"https:\/\/onlinelotto365.com\/sl\/igrajte\/mon-wed-lotto\/#primaryimage\"},\"image\":{\"@id\":\"https:\/\/onlinelotto365.com\/sl\/igrajte\/mon-wed-lotto\/#primaryimage\"},\"thumbnailUrl\":\"https:\/\/redfoxlotto.com\/image?size=8&amp;lottery=monday-wednesday-lotto-au\",\"datePublished\":\"2022-11-01T12:26:39+00:00\",\"dateModified\":\"2022-11-09T12:20:54+00:00\",\"description\":\"\u017delite igrati avstralski loto Won & Wed? Kupite sre\u010dke tukaj!\",\"breadcrumb\":{\"@id\":\"https:\/\/onlinelotto365.com\/sl\/igrajte\/mon-wed-lotto\/#breadcrumb\"},\"inLanguage\":\"sl-SI\",\"potentialAction\":[{\"@type\":\"ReadAction\",\"target\":[\"https:\/\/onlinelotto365.com\/sl\/igrajte\/mon-wed-lotto\/\"]}]},{\"@type\":\"ImageObject\",\"inLanguage\":\"sl-SI\",\"@id\":\"https:\/\/onlinelotto365.com\/sl\/igrajte\/mon-wed-lotto\/#primaryimage\",\"url\":\"https:\/\/redfoxlotto.com\/image?size=8&amp;lottery=monday-wednesday-lotto-au\",\"contentUrl\":\"https:\/\/redfoxlotto.com\/image?size=8&amp;lottery=monday-wednesday-lotto-au\"},{\"@type\":\"BreadcrumbList\",\"@id\":\"https:\/\/onlinelotto365.com\/sl\/igrajte\/mon-wed-lotto\/#breadcrumb\",\"itemListElement\":[{\"@type\":\"ListItem\",\"position\":1,\"name\":\"Home\",\"item\":\"https:\/\/onlinelotto365.com\/sl\/\"},{\"@type\":\"ListItem\",\"position\":2,\"name\":\"Vse, kar morate vedeti o va\u0161ih mo\u017enostih igranja najbolj\u0161ih loterij prek spleta\",\"item\":\"https:\/\/onlinelotto365.com\/sl\/igrajte\/\"},{\"@type\":\"ListItem\",\"position\":3,\"name\":\"Igranje Mon &#038; Wed Lotto Australia je le ena od mo\u017enosti za ljubitelje loterije iz Slovenije.\"}]},{\"@type\":\"WebSite\",\"@id\":\"https:\/\/onlinelotto365.com\/sl\/#website\",\"url\":\"https:\/\/onlinelotto365.com\/sl\/\",\"name\":\"OnlineLotto365\",\"description\":\"\",\"potentialAction\":[{\"@type\":\"SearchAction\",\"target\":{\"@type\":\"EntryPoint\",\"urlTemplate\":\"https:\/\/onlinelotto365.com\/sl\/?s={search_term_string}\"},\"query-input\":{\"@type\":\"PropertyValueSpecification\",\"valueRequired\":true,\"valueName\":\"search_term_string\"}}],\"inLanguage\":\"sl-SI\"}]}<\/script>\n<!-- \/ Yoast SEO plugin. -->","yoast_head_json":{"title":"Sodelujte v Mon & Wed Lotto Australia tudi iz Slovenije","description":"\u017delite igrati avstralski loto Won & Wed? Kupite sre\u010dke tukaj!","robots":{"index":"index","follow":"follow","max-snippet":"max-snippet:-1","max-image-preview":"max-image-preview:large","max-video-preview":"max-video-preview:-1"},"canonical":"https:\/\/onlinelotto365.com\/sl\/igrajte\/mon-wed-lotto\/","og_locale":"sl_SI","og_type":"article","og_title":"Sodelujte v Mon & Wed Lotto Australia tudi iz Slovenije","og_description":"\u017delite igrati avstralski loto Won & Wed? Kupite sre\u010dke tukaj!","og_url":"https:\/\/onlinelotto365.com\/sl\/igrajte\/mon-wed-lotto\/","og_site_name":"OnlineLotto365","article_modified_time":"2022-11-09T12:20:54+00:00","og_image":[{"url":"https:\/\/redfoxlotto.com\/image?size=8&amp;lottery=monday-wednesday-lotto-au"}],"twitter_card":"summary_large_image","twitter_misc":{"Est. reading time":"3 minute"},"schema":{"@context":"https:\/\/schema.org","@graph":[{"@type":"WebPage","@id":"https:\/\/onlinelotto365.com\/sl\/igrajte\/mon-wed-lotto\/","url":"https:\/\/onlinelotto365.com\/sl\/igrajte\/mon-wed-lotto\/","name":"Sodelujte v Mon & Wed Lotto Australia tudi iz Slovenije","isPartOf":{"@id":"https:\/\/onlinelotto365.com\/sl\/#website"},"primaryImageOfPage":{"@id":"https:\/\/onlinelotto365.com\/sl\/igrajte\/mon-wed-lotto\/#primaryimage"},"image":{"@id":"https:\/\/onlinelotto365.com\/sl\/igrajte\/mon-wed-lotto\/#primaryimage"},"thumbnailUrl":"https:\/\/redfoxlotto.com\/image?size=8&amp;lottery=monday-wednesday-lotto-au","datePublished":"2022-11-01T12:26:39+00:00","dateModified":"2022-11-09T12:20:54+00:00","description":"\u017delite igrati avstralski loto Won & Wed? Kupite sre\u010dke tukaj!","breadcrumb":{"@id":"https:\/\/onlinelotto365.com\/sl\/igrajte\/mon-wed-lotto\/#breadcrumb"},"inLanguage":"sl-SI","potentialAction":[{"@type":"ReadAction","target":["https:\/\/onlinelotto365.com\/sl\/igrajte\/mon-wed-lotto\/"]}]},{"@type":"ImageObject","inLanguage":"sl-SI","@id":"https:\/\/onlinelotto365.com\/sl\/igrajte\/mon-wed-lotto\/#primaryimage","url":"https:\/\/redfoxlotto.com\/image?size=8&amp;lottery=monday-wednesday-lotto-au","contentUrl":"https:\/\/redfoxlotto.com\/image?size=8&amp;lottery=monday-wednesday-lotto-au"},{"@type":"BreadcrumbList","@id":"https:\/\/onlinelotto365.com\/sl\/igrajte\/mon-wed-lotto\/#breadcrumb","itemListElement":[{"@type":"ListItem","position":1,"name":"Home","item":"https:\/\/onlinelotto365.com\/sl\/"},{"@type":"ListItem","position":2,"name":"Vse, kar morate vedeti o va\u0161ih mo\u017enostih igranja najbolj\u0161ih loterij prek spleta","item":"https:\/\/onlinelotto365.com\/sl\/igrajte\/"},{"@type":"ListItem","position":3,"name":"Igranje Mon &#038; Wed Lotto Australia je le ena od mo\u017enosti za ljubitelje loterije iz Slovenije."}]},{"@type":"WebSite","@id":"https:\/\/onlinelotto365.com\/sl\/#website","url":"https:\/\/onlinelotto365.com\/sl\/","name":"OnlineLotto365","description":"","potentialAction":[{"@type":"SearchAction","target":{"@type":"EntryPoint","urlTemplate":"https:\/\/onlinelotto365.com\/sl\/?s={search_term_string}"},"query-input":{"@type":"PropertyValueSpecification","valueRequired":true,"valueName":"search_term_string"}}],"inLanguage":"sl-SI"}]}},"_links":{"self":[{"href":"https:\/\/onlinelotto365.com\/sl\/wp-json\/wp\/v2\/pages\/79131","targetHints":{"allow":["GET"]}}],"collection":[{"href":"https:\/\/onlinelotto365.com\/sl\/wp-json\/wp\/v2\/pages"}],"about":[{"href":"https:\/\/onlinelotto365.com\/sl\/wp-json\/wp\/v2\/types\/page"}],"author":[{"embeddable":true,"href":"https:\/\/onlinelotto365.com\/sl\/wp-json\/wp\/v2\/users\/1"}],"replies":[{"embeddable":true,"href":"https:\/\/onlinelotto365.com\/sl\/wp-json\/wp\/v2\/comments?post=79131"}],"version-history":[{"count":0,"href":"https:\/\/onlinelotto365.com\/sl\/wp-json\/wp\/v2\/pages\/79131\/revisions"}],"up":[{"embeddable":true,"href":"https:\/\/onlinelotto365.com\/sl\/wp-json\/wp\/v2\/pages\/5088"}],"wp:attachment":[{"href":"https:\/\/onlinelotto365.com\/sl\/wp-json\/wp\/v2\/media?parent=79131"}],"curies":[{"name":"wp","href":"https:\/\/api.w.org\/{rel}","templated":true}]}}