{"id":79145,"date":"2022-11-01T14:19:35","date_gmt":"2022-11-01T13:19:35","guid":{"rendered":"https:\/\/onlinelotto365.com\/?page_id=79145"},"modified":"2022-11-01T14:19:35","modified_gmt":"2022-11-01T13:19:35","slug":"euromillions","status":"publish","type":"page","link":"https:\/\/onlinelotto365.com\/sl\/igrajte\/euromillions\/","title":{"rendered":"EuroMillions je najve\u010dja evropska loterija"},"content":{"rendered":"<p>EuroMillions se je za\u010del leta 2004 kot sodelovanje med nacionalnimi upravljavci loterij Francije, \u0160panije in Zdru\u017eenega kraljestva.Za sklenitev sporazuma med dr\u017eavami je bilo potrebnih celih deset let, zato je bil po za\u010detku zagotovo zelo dobro organiziran, kar velja tudi danes.<\/p>\n<p>Na\u010drt je bil igralcem loterije v teh treh dr\u017eavah ponuditi mo\u017enost igranja za veliko ve\u010dje dobitke, kot so bili na voljo prej. Ker so veliki glavni dobitki tisti, ki tukaj vzbujajo pravo navdu\u0161enje, se je pri\u010dakovalo, da bo novi loto velik hit in da bo iz tedna v teden prina\u0161al fantasti\u010dne glavne dobitke. To se je tudi zgodilo.<\/p>\n<p>Uspeh loterije je nara\u0161\u010dal, zato so se partnerstvu pridru\u017eile nove dr\u017eave, tako da danes v njej sodeluje devet razli\u010dnih dr\u017eav. Jackpoti so vedno med najve\u010djimi na svetu, saj se za\u010dnejo pri 17 milijonih evrov in nato rastejo.<\/p>\n<h2>Za igranje te loterije vam ni treba ve\u010d \u017eiveti v nobeni od teh dr\u017eav<\/h2>\n<p>Ker je bila loterija EuroMillions v preteklosti na voljo le v devetih izbranih evropskih dr\u017eavah, je ve\u010dina od nas ostala na hladnem, kar zadeva mo\u017enost igranja te loterije. Pravzaprav igranje te loterije do nedavnega za vse ostale sploh ni pri\u0161lo v po\u0161tev.<\/p>\n<p>Spretni igralci loterije iz Avstralije in od drugod, tisti, ki smo na teko\u010dem, se zdaj zavedamo, da fizi\u010dne ovire v svetu loterije ne obstajajo ve\u010d. Na neki na\u010din pravzaprav \u0161e vedno obstajajo, saj morate \u0161e vedno kupiti sre\u010dke za EuroMillions in druge loterije z vsega sveta. Seveda ne boste dvakrat tedensko potovali iz Avstralije tja, da bi kupili sre\u010dke, saj bi vam to vzelo nesmiselno veliko \u010dasa in denarja. Lahko bi najeli nekoga, ki \u017eivi v dr\u017eavah, iz katerih \u017eelite kupiti sre\u010dke, vendar bi to zahtevalo ve\u010d znanja in truda, kot bi ga ve\u010dina ljudi sploh pomislila nameniti.<\/p>\n<p><a href=\"https:\/\/redfoxlotto.com\/play\/euromillions\/?ref=a8564250a2&amp;medium=ol365\" target=\"_blank\" rel=\"noopener noreferrer\"><img loading=\"lazy\" decoding=\"async\" class=\"aligncenter\" src=\"https:\/\/redfoxlotto.com\/image?size=8&amp;lottery=euromillions\" alt=\"euromillions\" width=\"720\" height=\"90\" \/><\/a><\/p>\n<p>Re\u0161itev je, da jih preprosto kupite prek spleta, kar od doma, in da cenjena in zaupanja vredna slu\u017eba poskrbi za vse va\u0161e potrebe, vklju\u010dno z nakupom sre\u010dk v va\u0161em imenu, hrambo sre\u010dk, preverjanjem \u0161tevilk in obve\u0161\u010danjem o morebitnem dobitku ter pomo\u010djo pri izpla\u010dilu dobitka.<\/p>\n<p>S to novo storitvijo se ljudem uresni\u010dujejo sanje &#8211; mo\u017enost spletnega nakupa loterijskih sre\u010dk, pri \u010demer je za vse poskrbljeno namesto njih, je zdaj postala resni\u010dnost. Ne samo, da lahko zelo priro\u010dno kupite vse \u017eelene sre\u010dke EuroMillions, ampak vam ponujamo tudi spletni nakup sre\u010dk za vse najve\u010dje in najbolj priljubljene loterijske \u017erebanja na svetu.<\/p>\n<h2>Kako na spletu pla\u010dati vstopnico za EuroMillions<\/h2>\n<p>Na voljo je ve\u010d mo\u017enosti pla\u010dila, vklju\u010dno z ban\u010dnim nakazilom, kreditno kartico ter bitcoini ali drugimi kriptovalutami. Na\u0161i protokoli digitalnega \u0161ifriranja zagotavljajo varnost va\u0161ih podatkov.<\/p>\n<p>Odlo\u010dite se lahko za neposredno pla\u010dilo naro\u010dil ali pa polo\u017eite poljuben znesek in pozneje sredstva na svojem uporabni\u0161kem ra\u010dunu uporabite za nakup poljubnega \u0161tevila spletnih sre\u010dk.<\/p>\n<h2>Ve\u010d informacij o igri Euromillions<\/h2>\n<ul>\n<li>Loterija poteka kjer: razli\u010dne evropske dr\u017eave<\/li>\n<li>Koliko glavnih \u0161tevilk lahko izbirate: 50<\/li>\n<li>Izbrati morate: 5<\/li>\n<li>Koliko dodatnih \u0161tevilk lahko izberete: 12<\/li>\n<li>Izbrati morate: 2<\/li>\n<li>Izberite dneve in ure \u017erebanja: Torek, petek 19:30 GMT &#8211; 20:30 CET<\/li>\n<li>Najmanj\u0161i dobitek: 17 milijonov evrov<\/li>\n<li>Najvi\u0161ji znesek jackpota: 17 milijonov evrov: 190 milijonov evrov.<\/li>\n<li>Mo\u017ene kombinacije \u0161tevilk za dobitek jackpot: 1 od 186.450.880<\/li>\n<li>Mo\u017ena kombinacija \u0161tevilk za dobitek 2. stopnje: 1: 1 v 2.118.760.<\/li>\n<li>Verjetnost dobitka v katerem koli razredu: 1 proti 12,98<\/li>\n<li>Koliko nagradnih ravni: 13<\/li>\n<li>Posebna \u017erebanja Euromilijonov: trikrat na leto, glavni dobitek zna\u0161a 140 milijonov EUR<\/li>\n<\/ul>\n<p>&nbsp;<\/p>\n<p>Ko glavni dobitek dose\u017ee 190 milijonov evrov, se omeji, ostali dobitki pa se dodatno pove\u010dajo. Zdi se, da organizatorji loterije menijo, da je ta vi\u0161ina glavnega dobitka dovolj velika, in to je vsekakor ve\u010d kot dovolj denarja za zadovoljstvo kogar koli od nas. Vendar pa menijo, da so na tej to\u010dki ustvarili ve\u010d kot dovolj navdu\u0161enja nad glavnim dobitkom, zdaj pa lahko enako storijo tudi z drugimi dobitki. Vendar bodo nagrade ni\u017eje stopnje po omejitvi glavnega dobitka veliko ve\u010dje. To pomeni, da bo takrat loterija postala \u0161e bolj privla\u010dna. Navsezadnje so mo\u017enosti za osvojitev nagrade druge stopnje v primerjavi z verjetnostjo osvojitve glavnega dobitka veliko ve\u010dje.<br \/>\n<img loading=\"lazy\" decoding=\"async\" class=\"alignright wp-image-1873\" style=\"font-size: 16px; font-weight: inherit;\" src=\"https:\/\/onlinelotto365.com\/wp-content\/uploads\/2020\/11\/online_lottery-167-300x197.jpg\" alt=\" igranje euromillions na spletu \" width=\"282\" height=\"185\" \/><br \/>\nTrikrat na leto je na voljo tudi tako imenovani super\u017ereb. To pomeni, da glavni dobitek preprosto dolo\u010dijo na 130 milijonov evrov. \u010ce ga nih\u010de ne osvoji, je lahko \u0161e ve\u010dji.<\/p>\n<h2>Kako preveriti rezultate igre Powerball<\/h2>\n<p>Ponovno lahko obi\u0161\u010dete na\u0161e spletno mesto in preverite svoje sre\u010dke, \u010de \u017eelite, pa lahko po\u010dakate na e-po\u0161tno sporo\u010dilo, ki vam ga po\u0161ljemo ob dobitku. Glede na vi\u0161ino dobitka vam bomo nato svetovali in vam pomagali pri njegovem prevzemu.<\/p>\n<h2>Igrali ste spletno igro Euromillions in zmagali &#8211; kaj sledi?<\/h2>\n<p>V tem dogodku loto je na voljo 13 razli\u010dnih nagradnih izpla\u010dil, od ujemanja samo dveh \u0161tevilk od petih glavnih do ujemanja vseh petih in obeh \u0161tevilk sre\u010dnih zvezd ter osvojitve glavnega dobitka. Poleg velikih zneskov glavnega dobitka EuroMillions igralcem ponuja tudi ve\u010dje mo\u017enosti za dobitek, kot je obi\u010dajno pri velikih loterijah.<\/p>\n<p>\u017drebanja potekajo dvakrat na teden, ob torkih in petkih, ob 21. uri po britanskem \u010dasu. Igralci izberejo 5 \u0161tevilk od 1 do 50 ter 2 sre\u010dni zvezdi od 1 do 11. Igralcem ponujamo mo\u017enost, da sami izberejo \u0161tevilke ali pa pustijo ra\u010dunalnikom, da izberejo naklju\u010dne \u0161tevilke.<\/p>\n<h2>Zdaj, ko ste seznanjeni, lahko<\/h2>\n<p>Od velikih loterij, kot je EuroMillions, nismo ve\u010d izklju\u010deni samo na podlagi tega, kje \u017eivimo. Zdaj lahko kupimo vse loterijske sre\u010dke, ki jih \u017eelimo, tudi iz Avstralije, in nih\u010de nas ne more ustaviti. Internet je resni\u010dno odprl svet in zdaj se je to kon\u010dno raz\u0161irilo tudi na loterije. Na\u0161e \u010dakanje je zdaj kon\u010dano.<\/p>\n<p>Ker je toliko loterijskega navdu\u0161enja zdaj tako zlahka na voljo, ni nobenega razloga, da bi se odrekli zabavi, ki nas \u010daka.<\/p>\n","protected":false},"excerpt":{"rendered":"<p>EuroMillions se je za\u010del leta 2004 kot sodelovanje med nacionalnimi upravljavci loterij Francije, \u0160panije in Zdru\u017eenega kraljestva.Za sklenitev sporazuma med dr\u017eavami je bilo potrebnih celih deset let, zato je bil po za\u010detku zagotovo zelo dobro organiziran, kar velja tudi danes. Na\u010drt je bil igralcem loterije v teh treh dr\u017eavah ponuditi mo\u017enost igranja za veliko ve\u010dje [&hellip;]<\/p>\n","protected":false},"author":1,"featured_media":0,"parent":5088,"menu_order":3,"comment_status":"closed","ping_status":"closed","template":"euromillions.php","meta":{"_et_pb_use_builder":"","_et_pb_old_content":"","_et_gb_content_width":"","exclude_from_search":false,"footnotes":""},"class_list":["post-79145","page","type-page","status-publish","hentry"],"yoast_head":"<!-- This site is optimized with the Yoast SEO plugin v23.4 - https:\/\/yoast.com\/wordpress\/plugins\/seo\/ -->\n<title>Igrajte Euromillions na spletu iz Avstralije | O Euromillions, kako dobiti vstopnice na spletu<\/title>\n<meta name=\"description\" content=\"Igrajte loterijo EuroMillions s spletno sre\u010dko, tudi iz Avstralije.\" \/>\n<meta name=\"robots\" content=\"index, follow, max-snippet:-1, max-image-preview:large, max-video-preview:-1\" \/>\n<link rel=\"canonical\" href=\"https:\/\/onlinelotto365.com\/sl\/igrajte\/euromillions\/\" \/>\n<meta property=\"og:locale\" content=\"sl_SI\" \/>\n<meta property=\"og:type\" content=\"article\" \/>\n<meta property=\"og:title\" content=\"Igrajte Euromillions na spletu iz Avstralije | O Euromillions, kako dobiti vstopnice na spletu\" \/>\n<meta property=\"og:description\" content=\"Igrajte loterijo EuroMillions s spletno sre\u010dko, tudi iz Avstralije.\" \/>\n<meta property=\"og:url\" content=\"https:\/\/onlinelotto365.com\/sl\/igrajte\/euromillions\/\" \/>\n<meta property=\"og:site_name\" content=\"OnlineLotto365\" \/>\n<meta property=\"og:image\" content=\"https:\/\/redfoxlotto.com\/image?size=8&amp;lottery=euromillions\" \/>\n<meta name=\"twitter:card\" content=\"summary_large_image\" \/>\n<meta name=\"twitter:label1\" content=\"Est. reading time\" \/>\n\t<meta name=\"twitter:data1\" content=\"5 minut\" \/>\n<script type=\"application\/ld+json\" class=\"yoast-schema-graph\">{\"@context\":\"https:\/\/schema.org\",\"@graph\":[{\"@type\":\"WebPage\",\"@id\":\"https:\/\/onlinelotto365.com\/sl\/igrajte\/euromillions\/\",\"url\":\"https:\/\/onlinelotto365.com\/sl\/igrajte\/euromillions\/\",\"name\":\"Igrajte Euromillions na spletu iz Avstralije | O Euromillions, kako dobiti vstopnice na spletu\",\"isPartOf\":{\"@id\":\"https:\/\/onlinelotto365.com\/sl\/#website\"},\"primaryImageOfPage\":{\"@id\":\"https:\/\/onlinelotto365.com\/sl\/igrajte\/euromillions\/#primaryimage\"},\"image\":{\"@id\":\"https:\/\/onlinelotto365.com\/sl\/igrajte\/euromillions\/#primaryimage\"},\"thumbnailUrl\":\"https:\/\/redfoxlotto.com\/image?size=8&amp;lottery=euromillions\",\"datePublished\":\"2022-11-01T13:19:35+00:00\",\"dateModified\":\"2022-11-01T13:19:35+00:00\",\"description\":\"Igrajte loterijo EuroMillions s spletno sre\u010dko, tudi iz Avstralije.\",\"breadcrumb\":{\"@id\":\"https:\/\/onlinelotto365.com\/sl\/igrajte\/euromillions\/#breadcrumb\"},\"inLanguage\":\"sl-SI\",\"potentialAction\":[{\"@type\":\"ReadAction\",\"target\":[\"https:\/\/onlinelotto365.com\/sl\/igrajte\/euromillions\/\"]}]},{\"@type\":\"ImageObject\",\"inLanguage\":\"sl-SI\",\"@id\":\"https:\/\/onlinelotto365.com\/sl\/igrajte\/euromillions\/#primaryimage\",\"url\":\"https:\/\/redfoxlotto.com\/image?size=8&amp;lottery=euromillions\",\"contentUrl\":\"https:\/\/redfoxlotto.com\/image?size=8&amp;lottery=euromillions\"},{\"@type\":\"BreadcrumbList\",\"@id\":\"https:\/\/onlinelotto365.com\/sl\/igrajte\/euromillions\/#breadcrumb\",\"itemListElement\":[{\"@type\":\"ListItem\",\"position\":1,\"name\":\"Home\",\"item\":\"https:\/\/onlinelotto365.com\/sl\/\"},{\"@type\":\"ListItem\",\"position\":2,\"name\":\"Vse, kar morate vedeti o va\u0161ih mo\u017enostih igranja najbolj\u0161ih loterij prek spleta\",\"item\":\"https:\/\/onlinelotto365.com\/sl\/igrajte\/\"},{\"@type\":\"ListItem\",\"position\":3,\"name\":\"EuroMillions je najve\u010dja evropska loterija\"}]},{\"@type\":\"WebSite\",\"@id\":\"https:\/\/onlinelotto365.com\/sl\/#website\",\"url\":\"https:\/\/onlinelotto365.com\/sl\/\",\"name\":\"OnlineLotto365\",\"description\":\"\",\"potentialAction\":[{\"@type\":\"SearchAction\",\"target\":{\"@type\":\"EntryPoint\",\"urlTemplate\":\"https:\/\/onlinelotto365.com\/sl\/?s={search_term_string}\"},\"query-input\":{\"@type\":\"PropertyValueSpecification\",\"valueRequired\":true,\"valueName\":\"search_term_string\"}}],\"inLanguage\":\"sl-SI\"}]}<\/script>\n<!-- \/ Yoast SEO plugin. -->","yoast_head_json":{"title":"Igrajte Euromillions na spletu iz Avstralije | O Euromillions, kako dobiti vstopnice na spletu","description":"Igrajte loterijo EuroMillions s spletno sre\u010dko, tudi iz Avstralije.","robots":{"index":"index","follow":"follow","max-snippet":"max-snippet:-1","max-image-preview":"max-image-preview:large","max-video-preview":"max-video-preview:-1"},"canonical":"https:\/\/onlinelotto365.com\/sl\/igrajte\/euromillions\/","og_locale":"sl_SI","og_type":"article","og_title":"Igrajte Euromillions na spletu iz Avstralije | O Euromillions, kako dobiti vstopnice na spletu","og_description":"Igrajte loterijo EuroMillions s spletno sre\u010dko, tudi iz Avstralije.","og_url":"https:\/\/onlinelotto365.com\/sl\/igrajte\/euromillions\/","og_site_name":"OnlineLotto365","og_image":[{"url":"https:\/\/redfoxlotto.com\/image?size=8&amp;lottery=euromillions"}],"twitter_card":"summary_large_image","twitter_misc":{"Est. reading time":"5 minut"},"schema":{"@context":"https:\/\/schema.org","@graph":[{"@type":"WebPage","@id":"https:\/\/onlinelotto365.com\/sl\/igrajte\/euromillions\/","url":"https:\/\/onlinelotto365.com\/sl\/igrajte\/euromillions\/","name":"Igrajte Euromillions na spletu iz Avstralije | O Euromillions, kako dobiti vstopnice na spletu","isPartOf":{"@id":"https:\/\/onlinelotto365.com\/sl\/#website"},"primaryImageOfPage":{"@id":"https:\/\/onlinelotto365.com\/sl\/igrajte\/euromillions\/#primaryimage"},"image":{"@id":"https:\/\/onlinelotto365.com\/sl\/igrajte\/euromillions\/#primaryimage"},"thumbnailUrl":"https:\/\/redfoxlotto.com\/image?size=8&amp;lottery=euromillions","datePublished":"2022-11-01T13:19:35+00:00","dateModified":"2022-11-01T13:19:35+00:00","description":"Igrajte loterijo EuroMillions s spletno sre\u010dko, tudi iz Avstralije.","breadcrumb":{"@id":"https:\/\/onlinelotto365.com\/sl\/igrajte\/euromillions\/#breadcrumb"},"inLanguage":"sl-SI","potentialAction":[{"@type":"ReadAction","target":["https:\/\/onlinelotto365.com\/sl\/igrajte\/euromillions\/"]}]},{"@type":"ImageObject","inLanguage":"sl-SI","@id":"https:\/\/onlinelotto365.com\/sl\/igrajte\/euromillions\/#primaryimage","url":"https:\/\/redfoxlotto.com\/image?size=8&amp;lottery=euromillions","contentUrl":"https:\/\/redfoxlotto.com\/image?size=8&amp;lottery=euromillions"},{"@type":"BreadcrumbList","@id":"https:\/\/onlinelotto365.com\/sl\/igrajte\/euromillions\/#breadcrumb","itemListElement":[{"@type":"ListItem","position":1,"name":"Home","item":"https:\/\/onlinelotto365.com\/sl\/"},{"@type":"ListItem","position":2,"name":"Vse, kar morate vedeti o va\u0161ih mo\u017enostih igranja najbolj\u0161ih loterij prek spleta","item":"https:\/\/onlinelotto365.com\/sl\/igrajte\/"},{"@type":"ListItem","position":3,"name":"EuroMillions je najve\u010dja evropska loterija"}]},{"@type":"WebSite","@id":"https:\/\/onlinelotto365.com\/sl\/#website","url":"https:\/\/onlinelotto365.com\/sl\/","name":"OnlineLotto365","description":"","potentialAction":[{"@type":"SearchAction","target":{"@type":"EntryPoint","urlTemplate":"https:\/\/onlinelotto365.com\/sl\/?s={search_term_string}"},"query-input":{"@type":"PropertyValueSpecification","valueRequired":true,"valueName":"search_term_string"}}],"inLanguage":"sl-SI"}]}},"_links":{"self":[{"href":"https:\/\/onlinelotto365.com\/sl\/wp-json\/wp\/v2\/pages\/79145","targetHints":{"allow":["GET"]}}],"collection":[{"href":"https:\/\/onlinelotto365.com\/sl\/wp-json\/wp\/v2\/pages"}],"about":[{"href":"https:\/\/onlinelotto365.com\/sl\/wp-json\/wp\/v2\/types\/page"}],"author":[{"embeddable":true,"href":"https:\/\/onlinelotto365.com\/sl\/wp-json\/wp\/v2\/users\/1"}],"replies":[{"embeddable":true,"href":"https:\/\/onlinelotto365.com\/sl\/wp-json\/wp\/v2\/comments?post=79145"}],"version-history":[{"count":0,"href":"https:\/\/onlinelotto365.com\/sl\/wp-json\/wp\/v2\/pages\/79145\/revisions"}],"up":[{"embeddable":true,"href":"https:\/\/onlinelotto365.com\/sl\/wp-json\/wp\/v2\/pages\/5088"}],"wp:attachment":[{"href":"https:\/\/onlinelotto365.com\/sl\/wp-json\/wp\/v2\/media?parent=79145"}],"curies":[{"name":"wp","href":"https:\/\/api.w.org\/{rel}","templated":true}]}}