{"id":79183,"date":"2022-11-02T08:58:10","date_gmt":"2022-11-02T07:58:10","guid":{"rendered":"https:\/\/onlinelotto365.com\/?page_id=79183"},"modified":"2022-11-02T08:59:44","modified_gmt":"2022-11-02T07:59:44","slug":"bonoloto","status":"publish","type":"page","link":"https:\/\/onlinelotto365.com\/sl\/igrajte\/bonoloto\/","title":{"rendered":"Bonoloto je zdaj na voljo povsod"},"content":{"rendered":"<h2>Kako igrati BonoLoto na spletu<\/h2>\n<p>Igranje igre BonoLoto je la\u017eje, kot si morda mislite. Vedeti morate le, kje za\u010deti in kje kupiti vstopnice. Najbolj\u0161i kraj, kjer lahko to storite, je pri nas in v nekaj preprostih korakih.<\/p>\n<p>Na\u0161 sistem poskrbi, da je za vas poskrbljeno vse od za\u010detka do konca. Vse, kar morate storiti, je, da vzpostavite popolnoma brezpla\u010den ra\u010dun in \u017ee ste na poti. Izbirali boste lahko med vsemi razli\u010dnimi igrami loto, ki jih imamo na voljo, ter izbrali \u017erebanja in dolo\u010dene \u0161tevilke, ki jih \u017eelite. Nato lahko pla\u010date z \u017eelenim na\u010dinom pla\u010dila in kon\u010dali ste.<\/p>\n<p>Vse, kar morate storiti, je, da si ogledate razli\u010dne igre loto, ki jih imamo na voljo, in izberete pravo (BonoLoto). Od tam izberete \u0161tevilke, ki jih \u017eelite igrati. \u010ce jih izberete preve\u010d ali premalo, ni pomembno, saj vas bo na\u0161 sistem opozoril, kaj morate storiti, da boste lahko popravili svoj listek. Lahko pa se odlo\u010dite, da vam ra\u010dunalnik naklju\u010dno dodeli \u0161tevilke.<\/p>\n<p>Ko boste dobili \u017eelene vstopnice za igro BonoLoto, se lahko odlo\u010dite, da boste dodali tudi vstopnice iz drugih iger. To bo zelo preprosto in vam bo vzelo le nekaj minut \u010dasa. Po\u010dakate, da se v elektronskem sporo\u010dilu, ki ste nam ga posredovali, pojavi sporo\u010dilo o preverjanju, in kliknete na povezavo. To je vse, kar je potrebno, in va\u0161 ra\u010dun bo vzpostavljen. Tako boste lahko \u0161e naprej kupovali vstopnice.<\/p>\n<p><a href=\"https:\/\/redfoxlotto.com\/play\/bonoloto\/?ref=a8564250a2&amp;medium=ol365\" target=\"_blank\" rel=\"noopener noreferrer\"><img decoding=\"async\" class=\"aligncenter\" src=\"https:\/\/redfoxlotto.com\/image?size=8&amp;lottery=bonoloto\" alt=\"Bono Lotto\" \/><\/a><\/p>\n<p>Za gotovost se prepri\u010dajte, da povezavo za preverjanje poi\u0161\u010dete tako v svojem obi\u010dajnem e-po\u0161tnem predalu kot tudi v mapi za ne\u017eeleno po\u0161to. \u010ce nas ni v va\u0161em imeniku, morda ne boste videli e-po\u0161tnega sporo\u010dila v svoji obi\u010dajni mapi ra\u010duna.<\/p>\n<h2>O BonoLoto<\/h2>\n<ul>\n<li>Dr\u017eava: \u0160panija<\/li>\n<li>Glavne \u0161tevilke: 49<\/li>\n<li>Izbrati morate: 6<\/li>\n<li>Dnevi, ure \u017erebanja: vsak dan, razen ob nedeljah, od 21:30 do 21:30 po srednjeevropskem \u010dasu<\/li>\n<li>Jackpot se za\u010dne pri: \u20ac400.000<\/li>\n<li>Zgornja meja glavnega dobitka je: ni<\/li>\n<li>Mo\u017enost za osvojitev glavnega dobitka: 1 proti 13983816<\/li>\n<li>Mo\u017enost za osvojitev druge nagrade: 1 proti 2330636<\/li>\n<li>Mo\u017enost, da osvojite katero koli nagrado: 1 proti 8,43<\/li>\n<li>\u0160tevilo nagradnih kategorij: 1: 6<\/li>\n<\/ul>\n<p>&nbsp;<\/p>\n<h2>Najbolj\u0161e lastnosti igre BonoLoto<\/h2>\n<p>BonoLoto je na voljo \u017ee kar nekaj \u010dasa in v tem \u010dasu je podelil veliko nagrad. \u0160e bolje je, da ima vsak teden \u0161tiri razli\u010dna \u017erebanja in da je bil prvotno ustvarjen kot cenovno dostopna mo\u017enost. \u0160e vedno je in v skupnih nagradah lahko osvojite dele\u017e 55 % dohodka.<\/p>\n<h2>Kako preveriti rezultate igre BonoLoto<\/h2>\n<p>Ste pripravljeni preveriti, katere so dobitne \u0161tevilke v igri BonoLoto? No, to je pravzaprav zelo preprosto, saj morate le obiskati uradno spletno stran BonoLoto. Lahko pa se odlo\u010dite tudi za lokalne \u010dasopise in televizijske postaje. Na vseh teh mestih so objavljene zmagovalne \u0161tevilke.<br \/>\nNajbolj\u0161i kraj za obisk pa je zagotovo kraj, kjer ste kupili svojo sre\u010dko, torej tukaj. Ogledali si boste lahko zmagovalne \u0161tevilke in svoje \u0161tevilke ter njihovo primerjavo. Tako boste lahko takoj videli tudi svoj dobitek. <img loading=\"lazy\" decoding=\"async\" class=\"alignright wp-image-3656\" src=\"https:\/\/onlinelotto365.com\/wp-content\/uploads\/2020\/11\/online_lottery-16-300x200.jpg\" alt=\"igranje bonoloto na spletu\" width=\"215\" height=\"143\" srcset=\"https:\/\/onlinelotto365.com\/wp-content\/uploads\/2020\/11\/online_lottery-16-300x200.jpg 300w, https:\/\/onlinelotto365.com\/wp-content\/uploads\/2020\/11\/online_lottery-16.jpg 320w\" sizes=\"auto, (max-width: 215px) 100vw, 215px\" \/><\/p>\n<h2>Igrali ste BonoLoto na spletu in zmagali &#8211; kaj sledi?<\/h2>\n<p>\u010ce ste osvojili manj kot 2500 evrov, vam ni treba storiti ni\u010desar. Denar namre\u010d zahtevamo namesto vas in ga naka\u017eemo neposredno na va\u0161 ra\u010dun. Tam ga boste lahko uporabili, kakor koli in kadar koli boste \u017eeleli. Lahko pa ga dvignete na svoj obi\u010dajni ban\u010dni ra\u010dun, \u010de imate vsaj 10 \u20ac.<br \/>\n\u010ce ste osvojili ve\u010d kot 2500 \u20ac, boste morali po\u010dakati, da se vam oglasi na\u0161a ekipa za podporo uporabnikom, saj je za izpla\u010dilo dobitka potrebno nekoliko ve\u010d postopkov. Na sre\u010do vam pomagamo pri postopku in vam takoj omogo\u010dimo, da vam denar po\u0161ljemo s \u010dekom ali neposredno na va\u0161 ra\u010dun.<\/p>\n","protected":false},"excerpt":{"rendered":"<p>Kako igrati BonoLoto na spletu Igranje igre BonoLoto je la\u017eje, kot si morda mislite. Vedeti morate le, kje za\u010deti in kje kupiti vstopnice. Najbolj\u0161i kraj, kjer lahko to storite, je pri nas in v nekaj preprostih korakih. Na\u0161 sistem poskrbi, da je za vas poskrbljeno vse od za\u010detka do konca. Vse, kar morate storiti, je, [&hellip;]<\/p>\n","protected":false},"author":1,"featured_media":0,"parent":5088,"menu_order":8,"comment_status":"closed","ping_status":"closed","template":"","meta":{"_et_pb_use_builder":"","_et_pb_old_content":"","_et_gb_content_width":"","exclude_from_search":false,"footnotes":""},"class_list":["post-79183","page","type-page","status-publish","hentry"],"yoast_head":"<!-- This site is optimized with the Yoast SEO plugin v23.4 - https:\/\/yoast.com\/wordpress\/plugins\/seo\/ -->\n<title>Kako igrati BonoLoto, \u010de \u017eivi\u0161 v Sloveniji<\/title>\n<meta name=\"description\" content=\"Legalno naro\u010dite vstopnice za igranje Bonoloto tukaj na na\u0161i spletni strani\" \/>\n<meta name=\"robots\" content=\"index, follow, max-snippet:-1, max-image-preview:large, max-video-preview:-1\" \/>\n<link rel=\"canonical\" href=\"https:\/\/onlinelotto365.com\/sl\/igrajte\/bonoloto\/\" \/>\n<meta property=\"og:locale\" content=\"sl_SI\" \/>\n<meta property=\"og:type\" content=\"article\" \/>\n<meta property=\"og:title\" content=\"Kako igrati BonoLoto, \u010de \u017eivi\u0161 v Sloveniji\" \/>\n<meta property=\"og:description\" content=\"Legalno naro\u010dite vstopnice za igranje Bonoloto tukaj na na\u0161i spletni strani\" \/>\n<meta property=\"og:url\" content=\"https:\/\/onlinelotto365.com\/sl\/igrajte\/bonoloto\/\" \/>\n<meta property=\"og:site_name\" content=\"OnlineLotto365\" \/>\n<meta property=\"article:modified_time\" content=\"2022-11-02T07:59:44+00:00\" \/>\n<meta property=\"og:image\" content=\"https:\/\/redfoxlotto.com\/image?size=8&amp;lottery=bonoloto\" \/>\n<meta name=\"twitter:card\" content=\"summary_large_image\" \/>\n<meta name=\"twitter:label1\" content=\"Est. reading time\" \/>\n\t<meta name=\"twitter:data1\" content=\"3 minute\" \/>\n<script type=\"application\/ld+json\" class=\"yoast-schema-graph\">{\"@context\":\"https:\/\/schema.org\",\"@graph\":[{\"@type\":\"WebPage\",\"@id\":\"https:\/\/onlinelotto365.com\/sl\/igrajte\/bonoloto\/\",\"url\":\"https:\/\/onlinelotto365.com\/sl\/igrajte\/bonoloto\/\",\"name\":\"Kako igrati BonoLoto, \u010de \u017eivi\u0161 v Sloveniji\",\"isPartOf\":{\"@id\":\"https:\/\/onlinelotto365.com\/sl\/#website\"},\"primaryImageOfPage\":{\"@id\":\"https:\/\/onlinelotto365.com\/sl\/igrajte\/bonoloto\/#primaryimage\"},\"image\":{\"@id\":\"https:\/\/onlinelotto365.com\/sl\/igrajte\/bonoloto\/#primaryimage\"},\"thumbnailUrl\":\"https:\/\/redfoxlotto.com\/image?size=8&amp;lottery=bonoloto\",\"datePublished\":\"2022-11-02T07:58:10+00:00\",\"dateModified\":\"2022-11-02T07:59:44+00:00\",\"description\":\"Legalno naro\u010dite vstopnice za igranje Bonoloto tukaj na na\u0161i spletni strani\",\"breadcrumb\":{\"@id\":\"https:\/\/onlinelotto365.com\/sl\/igrajte\/bonoloto\/#breadcrumb\"},\"inLanguage\":\"sl-SI\",\"potentialAction\":[{\"@type\":\"ReadAction\",\"target\":[\"https:\/\/onlinelotto365.com\/sl\/igrajte\/bonoloto\/\"]}]},{\"@type\":\"ImageObject\",\"inLanguage\":\"sl-SI\",\"@id\":\"https:\/\/onlinelotto365.com\/sl\/igrajte\/bonoloto\/#primaryimage\",\"url\":\"https:\/\/redfoxlotto.com\/image?size=8&amp;lottery=bonoloto\",\"contentUrl\":\"https:\/\/redfoxlotto.com\/image?size=8&amp;lottery=bonoloto\"},{\"@type\":\"BreadcrumbList\",\"@id\":\"https:\/\/onlinelotto365.com\/sl\/igrajte\/bonoloto\/#breadcrumb\",\"itemListElement\":[{\"@type\":\"ListItem\",\"position\":1,\"name\":\"Home\",\"item\":\"https:\/\/onlinelotto365.com\/sl\/\"},{\"@type\":\"ListItem\",\"position\":2,\"name\":\"Vse, kar morate vedeti o va\u0161ih mo\u017enostih igranja najbolj\u0161ih loterij prek spleta\",\"item\":\"https:\/\/onlinelotto365.com\/sl\/igrajte\/\"},{\"@type\":\"ListItem\",\"position\":3,\"name\":\"Bonoloto je zdaj na voljo povsod\"}]},{\"@type\":\"WebSite\",\"@id\":\"https:\/\/onlinelotto365.com\/sl\/#website\",\"url\":\"https:\/\/onlinelotto365.com\/sl\/\",\"name\":\"OnlineLotto365\",\"description\":\"\",\"potentialAction\":[{\"@type\":\"SearchAction\",\"target\":{\"@type\":\"EntryPoint\",\"urlTemplate\":\"https:\/\/onlinelotto365.com\/sl\/?s={search_term_string}\"},\"query-input\":{\"@type\":\"PropertyValueSpecification\",\"valueRequired\":true,\"valueName\":\"search_term_string\"}}],\"inLanguage\":\"sl-SI\"}]}<\/script>\n<!-- \/ Yoast SEO plugin. -->","yoast_head_json":{"title":"Kako igrati BonoLoto, \u010de \u017eivi\u0161 v Sloveniji","description":"Legalno naro\u010dite vstopnice za igranje Bonoloto tukaj na na\u0161i spletni strani","robots":{"index":"index","follow":"follow","max-snippet":"max-snippet:-1","max-image-preview":"max-image-preview:large","max-video-preview":"max-video-preview:-1"},"canonical":"https:\/\/onlinelotto365.com\/sl\/igrajte\/bonoloto\/","og_locale":"sl_SI","og_type":"article","og_title":"Kako igrati BonoLoto, \u010de \u017eivi\u0161 v Sloveniji","og_description":"Legalno naro\u010dite vstopnice za igranje Bonoloto tukaj na na\u0161i spletni strani","og_url":"https:\/\/onlinelotto365.com\/sl\/igrajte\/bonoloto\/","og_site_name":"OnlineLotto365","article_modified_time":"2022-11-02T07:59:44+00:00","og_image":[{"url":"https:\/\/redfoxlotto.com\/image?size=8&amp;lottery=bonoloto"}],"twitter_card":"summary_large_image","twitter_misc":{"Est. reading time":"3 minute"},"schema":{"@context":"https:\/\/schema.org","@graph":[{"@type":"WebPage","@id":"https:\/\/onlinelotto365.com\/sl\/igrajte\/bonoloto\/","url":"https:\/\/onlinelotto365.com\/sl\/igrajte\/bonoloto\/","name":"Kako igrati BonoLoto, \u010de \u017eivi\u0161 v Sloveniji","isPartOf":{"@id":"https:\/\/onlinelotto365.com\/sl\/#website"},"primaryImageOfPage":{"@id":"https:\/\/onlinelotto365.com\/sl\/igrajte\/bonoloto\/#primaryimage"},"image":{"@id":"https:\/\/onlinelotto365.com\/sl\/igrajte\/bonoloto\/#primaryimage"},"thumbnailUrl":"https:\/\/redfoxlotto.com\/image?size=8&amp;lottery=bonoloto","datePublished":"2022-11-02T07:58:10+00:00","dateModified":"2022-11-02T07:59:44+00:00","description":"Legalno naro\u010dite vstopnice za igranje Bonoloto tukaj na na\u0161i spletni strani","breadcrumb":{"@id":"https:\/\/onlinelotto365.com\/sl\/igrajte\/bonoloto\/#breadcrumb"},"inLanguage":"sl-SI","potentialAction":[{"@type":"ReadAction","target":["https:\/\/onlinelotto365.com\/sl\/igrajte\/bonoloto\/"]}]},{"@type":"ImageObject","inLanguage":"sl-SI","@id":"https:\/\/onlinelotto365.com\/sl\/igrajte\/bonoloto\/#primaryimage","url":"https:\/\/redfoxlotto.com\/image?size=8&amp;lottery=bonoloto","contentUrl":"https:\/\/redfoxlotto.com\/image?size=8&amp;lottery=bonoloto"},{"@type":"BreadcrumbList","@id":"https:\/\/onlinelotto365.com\/sl\/igrajte\/bonoloto\/#breadcrumb","itemListElement":[{"@type":"ListItem","position":1,"name":"Home","item":"https:\/\/onlinelotto365.com\/sl\/"},{"@type":"ListItem","position":2,"name":"Vse, kar morate vedeti o va\u0161ih mo\u017enostih igranja najbolj\u0161ih loterij prek spleta","item":"https:\/\/onlinelotto365.com\/sl\/igrajte\/"},{"@type":"ListItem","position":3,"name":"Bonoloto je zdaj na voljo povsod"}]},{"@type":"WebSite","@id":"https:\/\/onlinelotto365.com\/sl\/#website","url":"https:\/\/onlinelotto365.com\/sl\/","name":"OnlineLotto365","description":"","potentialAction":[{"@type":"SearchAction","target":{"@type":"EntryPoint","urlTemplate":"https:\/\/onlinelotto365.com\/sl\/?s={search_term_string}"},"query-input":{"@type":"PropertyValueSpecification","valueRequired":true,"valueName":"search_term_string"}}],"inLanguage":"sl-SI"}]}},"_links":{"self":[{"href":"https:\/\/onlinelotto365.com\/sl\/wp-json\/wp\/v2\/pages\/79183","targetHints":{"allow":["GET"]}}],"collection":[{"href":"https:\/\/onlinelotto365.com\/sl\/wp-json\/wp\/v2\/pages"}],"about":[{"href":"https:\/\/onlinelotto365.com\/sl\/wp-json\/wp\/v2\/types\/page"}],"author":[{"embeddable":true,"href":"https:\/\/onlinelotto365.com\/sl\/wp-json\/wp\/v2\/users\/1"}],"replies":[{"embeddable":true,"href":"https:\/\/onlinelotto365.com\/sl\/wp-json\/wp\/v2\/comments?post=79183"}],"version-history":[{"count":0,"href":"https:\/\/onlinelotto365.com\/sl\/wp-json\/wp\/v2\/pages\/79183\/revisions"}],"up":[{"embeddable":true,"href":"https:\/\/onlinelotto365.com\/sl\/wp-json\/wp\/v2\/pages\/5088"}],"wp:attachment":[{"href":"https:\/\/onlinelotto365.com\/sl\/wp-json\/wp\/v2\/media?parent=79183"}],"curies":[{"name":"wp","href":"https:\/\/api.w.org\/{rel}","templated":true}]}}