{"id":79221,"date":"2022-11-02T11:54:04","date_gmt":"2022-11-02T10:54:04","guid":{"rendered":"https:\/\/onlinelotto365.com\/?page_id=79221"},"modified":"2022-11-02T11:54:46","modified_gmt":"2022-11-02T10:54:46","slug":"german-lotto","status":"publish","type":"page","link":"https:\/\/onlinelotto365.com\/sl\/igrajte\/german-lotto\/","title":{"rendered":"Sodelujte v nem\u0161ki Lotto iz drugih dr\u017eav"},"content":{"rendered":"<p>Nem\u0161ka loterija Lotto je ena najdlje trajajo\u010dih loterij na svetu, saj poteka \u017ee ve\u010d kot 50 let. Lahko stavite, da jim vse te izku\u0161nje zelo dobro slu\u017eijo in da so ena ve\u010djih evropskih dr\u017eav, ki je ohranila lastno nacionalno loterijo, namesto da bi se povezala z loterijo EuroMillions. Zato so Nemci ponosni na svojo nem\u0161ko loterijo, kar bi morali biti.<\/p>\n<p>\u010ce \u017eivite v Sloveniji in \u017eelite igrati nem\u0161ko loterijo ali katero koli drugo veliko loterijo z vsega sveta, vas pri tem ni\u010d ve\u010d ne ovira. Vse, kar morate danes storiti, je, da kupite sre\u010dke prek spleta. \u010ce ste iz Slovenije, lahko \u0161e vedno celo kupite sre\u010dke za nem\u0161ko loterijo Lotto tudi prek spleta.<\/p>\n<p>Seveda morate vedeti, kje lahko na ta na\u010din kupite loterijske sre\u010dke, in tu smo na mestu mi. To storitev spletnega nakupovanja loterijskih sre\u010dk izvajamo \u017ee kar nekaj \u010dasa. Kot si lahko predstavljate, je to najve\u010dja stvar, ki se je kdajkoli zgodila na podro\u010dju igranja loterije, odkar so bile loterije izumljene.<\/p>\n<p><a href=\"https:\/\/redfoxlotto.com\/play\/lotto-6aus49\/?ref=a8564250a2&amp;medium=ol365\" target=\"_blank\" rel=\"noopener noreferrer\"><img decoding=\"async\" class=\"aligncenter\" src=\"https:\/\/redfoxlotto.com\/image?size=8&amp;lottery=lotto-6aus49\" alt=\"Nem\u0161ki 6aus49\" \/><\/a><\/p>\n<h2>Ni\u010d ve\u010d niste omejeni le na loterijo v svojem kraju<\/h2>\n<p>\u010ce ste kot ve\u010dina igralcev loterije, \u017eelite igrati velike loterije, in \u010de imate mo\u017enost izbire, \u017eelite igrati ve\u010d kot le eno. Do nedavnega to ni bilo mogo\u010de. Ljudje so se spra\u0161evali, zakaj ne, na primer, zakaj lahko prek spleta kupite skoraj vse, razen loterijskih sre\u010dk?<\/p>\n<p>Za to je bilo treba vzpostaviti mre\u017eo ljudi, ki bi opravljali naro\u010dila za na\u0161e stranke, kar pomeni, da bi morali iti in kupovati sre\u010dke za vse, v \u0161tevilnih razli\u010dnih dr\u017eavah. To je vklju\u010devalo tudi upravljanje izku\u0161enj strank od prodajne to\u010dke naprej in zagotavljanje odli\u010dnih storitev, ki jih ljudje pri\u010dakujejo.<\/p>\n<p><img loading=\"lazy\" decoding=\"async\" class=\" wp-image-1543 alignright\" src=\"https:\/\/onlinelotto365.com\/wp-content\/uploads\/2020\/11\/online_lottery-135.jpg\" alt=\"igranje nem\u0161kega lota na spletu\" width=\"305\" height=\"204\" \/><\/p>\n<h2>O nem\u0161ki loteriji Lotto<\/h2>\n<ul>\n<li>Dr\u017eava: .<\/li>\n<li>Glavne \u0161tevilke: 49<\/li>\n<li>Izberete: 6<\/li>\n<li>Razpon dodatnih \u0161tevilk: ni<\/li>\n<li>Izberete: nobena<\/li>\n<li>Dnevi in ure \u017erebanja: Sobota, 20:25 po srednjeevropskem \u010dasu, 20:25 po srednjeevropskem \u010dasu<\/li>\n<li>Najmanj\u0161i dobitek: 1 milijon EUR<\/li>\n<li>Najvi\u0161ji mo\u017eni jackpot: brez omejitve<\/li>\n<li>Verjetnost dobitka: 1 proti 125.854.344<\/li>\n<li>Verjetnost dobitka iz drugega nivoja: 1: 1 proti 13.983.816<\/li>\n<li>Verjetnost dobitka v katerem koli razredu: 1 proti 31<\/li>\n<li>\u0160tevilo nagradnih stopenj: 9<\/li>\n<\/ul>\n<p>Vse loterije, ki so vam na voljo, so prvovrstne glavne loterije, vklju\u010dno z nem\u0161ko Lotto. \u010ce \u017eelite igrati Nem\u0161ko loterijo, izberite 6 \u0161tevilk od 49 mo\u017enih, skupaj z bonusno \u0161tevilko od 1 do 9.\u00a0\u010ce uspe\u0161no zadenete vseh 6 \u0161tevilk in bonusno \u0161tevilko, se boste kmalu odpravili na potovanje v Nem\u010dijo, kjer boste pobrali ve\u010d milijonov evrov ali ve\u010d.<\/p>\n<p>Glede na manj\u0161e \u0161tevilo kroglic v bobnu v primerjavi z mnogimi drugimi velikimi loterijami so va\u0161e mo\u017enosti za osvojitev glavnega dobitka v nem\u0161ki loteriji vsekakor ve\u010dje. Nem\u0161ka loterija poleg glavnega dobitka seveda ponuja tudi druge nagrade, kot vse loterije, in poleg glavnega dobitka je na voljo skupaj 7 pomo\u017enih nagrad. \u010ce vam uspe ujeti \u017ee 3 \u0161tevilke, boste prejeli izpla\u010dilo.<\/p>\n<h2>Naj bomo va\u0161 vodnik po nem\u0161ki igri loto in drugih igrah.<\/h2>\n<p>Glede na to, kako priljubljene so loterije po vsem svetu, je imeti dostop do vseh dobrih loterij sanje vsakega igralca loterije. Zakaj bi igrali samo eno, \u010de lahko namesto tega igrate toliko, kolikor \u017eelite? Zakaj bi se zadovoljili z enim ali dvema \u017erebanjema na teden, \u010de jih lahko po \u017eelji opravite ve\u010d deset? Zakaj bi hodili v trgovino, \u010de lahko vse \u017erebanja kupite prek spleta?<\/p>\n<h2>Igrali ste spletno igro German Lotto in zmagali &#8211; kaj sledi?<\/h2>\n<p>Pomagamo vam na vsakem koraku, od tega, da vam po\u0161ljemo potrditev nakupa po elektronski po\u0161ti, do tega, da vas po elektronski po\u0161ti obvestimo o vsakem dobitku in vam pomagamo unov\u010diti dobljeni denar. Vse je izjemno preprosto.<\/p>\n","protected":false},"excerpt":{"rendered":"<p>Nem\u0161ka loterija Lotto je ena najdlje trajajo\u010dih loterij na svetu, saj poteka \u017ee ve\u010d kot 50 let. Lahko stavite, da jim vse te izku\u0161nje zelo dobro slu\u017eijo in da so ena ve\u010djih evropskih dr\u017eav, ki je ohranila lastno nacionalno loterijo, namesto da bi se povezala z loterijo EuroMillions. Zato so Nemci ponosni na svojo nem\u0161ko [&hellip;]<\/p>\n","protected":false},"author":1,"featured_media":0,"parent":5088,"menu_order":11,"comment_status":"closed","ping_status":"closed","template":"lotto-german.php","meta":{"_et_pb_use_builder":"","_et_pb_old_content":"","_et_gb_content_width":"","exclude_from_search":false,"footnotes":""},"class_list":["post-79221","page","type-page","status-publish","hentry"],"yoast_head":"<!-- This site is optimized with the Yoast SEO plugin v23.4 - https:\/\/yoast.com\/wordpress\/plugins\/seo\/ -->\n<title>Igrajte nem\u0161ki Lotto prek spleta iz Slovenije | Ali lahko sodelujem v nem\u0161kem Lotto, \u010de \u017eivim v Sloveniji<\/title>\n<meta name=\"description\" content=\"Igrajte nem\u0161ki Lotto Lotto tukaj - na\u0161a storitev spletnega nakupovanja sre\u010dk vam to omogo\u010da iz Slovenije\" \/>\n<meta name=\"robots\" content=\"index, follow, max-snippet:-1, max-image-preview:large, max-video-preview:-1\" \/>\n<link rel=\"canonical\" href=\"https:\/\/onlinelotto365.com\/sl\/igrajte\/german-lotto\/\" \/>\n<meta property=\"og:locale\" content=\"sl_SI\" \/>\n<meta property=\"og:type\" content=\"article\" \/>\n<meta property=\"og:title\" content=\"Igrajte nem\u0161ki Lotto prek spleta iz Slovenije | Ali lahko sodelujem v nem\u0161kem Lotto, \u010de \u017eivim v Sloveniji\" \/>\n<meta property=\"og:description\" content=\"Igrajte nem\u0161ki Lotto Lotto tukaj - na\u0161a storitev spletnega nakupovanja sre\u010dk vam to omogo\u010da iz Slovenije\" \/>\n<meta property=\"og:url\" content=\"https:\/\/onlinelotto365.com\/sl\/igrajte\/german-lotto\/\" \/>\n<meta property=\"og:site_name\" content=\"OnlineLotto365\" \/>\n<meta property=\"article:modified_time\" content=\"2022-11-02T10:54:46+00:00\" \/>\n<meta property=\"og:image\" content=\"https:\/\/redfoxlotto.com\/image?size=8&amp;lottery=lotto-6aus49\" \/>\n<meta name=\"twitter:card\" content=\"summary_large_image\" \/>\n<meta name=\"twitter:label1\" content=\"Est. reading time\" \/>\n\t<meta name=\"twitter:data1\" content=\"3 minute\" \/>\n<script type=\"application\/ld+json\" class=\"yoast-schema-graph\">{\"@context\":\"https:\/\/schema.org\",\"@graph\":[{\"@type\":\"WebPage\",\"@id\":\"https:\/\/onlinelotto365.com\/sl\/igrajte\/german-lotto\/\",\"url\":\"https:\/\/onlinelotto365.com\/sl\/igrajte\/german-lotto\/\",\"name\":\"Igrajte nem\u0161ki Lotto prek spleta iz Slovenije | Ali lahko sodelujem v nem\u0161kem Lotto, \u010de \u017eivim v Sloveniji\",\"isPartOf\":{\"@id\":\"https:\/\/onlinelotto365.com\/sl\/#website\"},\"primaryImageOfPage\":{\"@id\":\"https:\/\/onlinelotto365.com\/sl\/igrajte\/german-lotto\/#primaryimage\"},\"image\":{\"@id\":\"https:\/\/onlinelotto365.com\/sl\/igrajte\/german-lotto\/#primaryimage\"},\"thumbnailUrl\":\"https:\/\/redfoxlotto.com\/image?size=8&amp;lottery=lotto-6aus49\",\"datePublished\":\"2022-11-02T10:54:04+00:00\",\"dateModified\":\"2022-11-02T10:54:46+00:00\",\"description\":\"Igrajte nem\u0161ki Lotto Lotto tukaj - na\u0161a storitev spletnega nakupovanja sre\u010dk vam to omogo\u010da iz Slovenije\",\"breadcrumb\":{\"@id\":\"https:\/\/onlinelotto365.com\/sl\/igrajte\/german-lotto\/#breadcrumb\"},\"inLanguage\":\"sl-SI\",\"potentialAction\":[{\"@type\":\"ReadAction\",\"target\":[\"https:\/\/onlinelotto365.com\/sl\/igrajte\/german-lotto\/\"]}]},{\"@type\":\"ImageObject\",\"inLanguage\":\"sl-SI\",\"@id\":\"https:\/\/onlinelotto365.com\/sl\/igrajte\/german-lotto\/#primaryimage\",\"url\":\"https:\/\/redfoxlotto.com\/image?size=8&amp;lottery=lotto-6aus49\",\"contentUrl\":\"https:\/\/redfoxlotto.com\/image?size=8&amp;lottery=lotto-6aus49\"},{\"@type\":\"BreadcrumbList\",\"@id\":\"https:\/\/onlinelotto365.com\/sl\/igrajte\/german-lotto\/#breadcrumb\",\"itemListElement\":[{\"@type\":\"ListItem\",\"position\":1,\"name\":\"Home\",\"item\":\"https:\/\/onlinelotto365.com\/sl\/\"},{\"@type\":\"ListItem\",\"position\":2,\"name\":\"Vse, kar morate vedeti o va\u0161ih mo\u017enostih igranja najbolj\u0161ih loterij prek spleta\",\"item\":\"https:\/\/onlinelotto365.com\/sl\/igrajte\/\"},{\"@type\":\"ListItem\",\"position\":3,\"name\":\"Sodelujte v nem\u0161ki Lotto iz drugih dr\u017eav\"}]},{\"@type\":\"WebSite\",\"@id\":\"https:\/\/onlinelotto365.com\/sl\/#website\",\"url\":\"https:\/\/onlinelotto365.com\/sl\/\",\"name\":\"OnlineLotto365\",\"description\":\"\",\"potentialAction\":[{\"@type\":\"SearchAction\",\"target\":{\"@type\":\"EntryPoint\",\"urlTemplate\":\"https:\/\/onlinelotto365.com\/sl\/?s={search_term_string}\"},\"query-input\":{\"@type\":\"PropertyValueSpecification\",\"valueRequired\":true,\"valueName\":\"search_term_string\"}}],\"inLanguage\":\"sl-SI\"}]}<\/script>\n<!-- \/ Yoast SEO plugin. -->","yoast_head_json":{"title":"Igrajte nem\u0161ki Lotto prek spleta iz Slovenije | Ali lahko sodelujem v nem\u0161kem Lotto, \u010de \u017eivim v Sloveniji","description":"Igrajte nem\u0161ki Lotto Lotto tukaj - na\u0161a storitev spletnega nakupovanja sre\u010dk vam to omogo\u010da iz Slovenije","robots":{"index":"index","follow":"follow","max-snippet":"max-snippet:-1","max-image-preview":"max-image-preview:large","max-video-preview":"max-video-preview:-1"},"canonical":"https:\/\/onlinelotto365.com\/sl\/igrajte\/german-lotto\/","og_locale":"sl_SI","og_type":"article","og_title":"Igrajte nem\u0161ki Lotto prek spleta iz Slovenije | Ali lahko sodelujem v nem\u0161kem Lotto, \u010de \u017eivim v Sloveniji","og_description":"Igrajte nem\u0161ki Lotto Lotto tukaj - na\u0161a storitev spletnega nakupovanja sre\u010dk vam to omogo\u010da iz Slovenije","og_url":"https:\/\/onlinelotto365.com\/sl\/igrajte\/german-lotto\/","og_site_name":"OnlineLotto365","article_modified_time":"2022-11-02T10:54:46+00:00","og_image":[{"url":"https:\/\/redfoxlotto.com\/image?size=8&amp;lottery=lotto-6aus49"}],"twitter_card":"summary_large_image","twitter_misc":{"Est. reading time":"3 minute"},"schema":{"@context":"https:\/\/schema.org","@graph":[{"@type":"WebPage","@id":"https:\/\/onlinelotto365.com\/sl\/igrajte\/german-lotto\/","url":"https:\/\/onlinelotto365.com\/sl\/igrajte\/german-lotto\/","name":"Igrajte nem\u0161ki Lotto prek spleta iz Slovenije | Ali lahko sodelujem v nem\u0161kem Lotto, \u010de \u017eivim v Sloveniji","isPartOf":{"@id":"https:\/\/onlinelotto365.com\/sl\/#website"},"primaryImageOfPage":{"@id":"https:\/\/onlinelotto365.com\/sl\/igrajte\/german-lotto\/#primaryimage"},"image":{"@id":"https:\/\/onlinelotto365.com\/sl\/igrajte\/german-lotto\/#primaryimage"},"thumbnailUrl":"https:\/\/redfoxlotto.com\/image?size=8&amp;lottery=lotto-6aus49","datePublished":"2022-11-02T10:54:04+00:00","dateModified":"2022-11-02T10:54:46+00:00","description":"Igrajte nem\u0161ki Lotto Lotto tukaj - na\u0161a storitev spletnega nakupovanja sre\u010dk vam to omogo\u010da iz Slovenije","breadcrumb":{"@id":"https:\/\/onlinelotto365.com\/sl\/igrajte\/german-lotto\/#breadcrumb"},"inLanguage":"sl-SI","potentialAction":[{"@type":"ReadAction","target":["https:\/\/onlinelotto365.com\/sl\/igrajte\/german-lotto\/"]}]},{"@type":"ImageObject","inLanguage":"sl-SI","@id":"https:\/\/onlinelotto365.com\/sl\/igrajte\/german-lotto\/#primaryimage","url":"https:\/\/redfoxlotto.com\/image?size=8&amp;lottery=lotto-6aus49","contentUrl":"https:\/\/redfoxlotto.com\/image?size=8&amp;lottery=lotto-6aus49"},{"@type":"BreadcrumbList","@id":"https:\/\/onlinelotto365.com\/sl\/igrajte\/german-lotto\/#breadcrumb","itemListElement":[{"@type":"ListItem","position":1,"name":"Home","item":"https:\/\/onlinelotto365.com\/sl\/"},{"@type":"ListItem","position":2,"name":"Vse, kar morate vedeti o va\u0161ih mo\u017enostih igranja najbolj\u0161ih loterij prek spleta","item":"https:\/\/onlinelotto365.com\/sl\/igrajte\/"},{"@type":"ListItem","position":3,"name":"Sodelujte v nem\u0161ki Lotto iz drugih dr\u017eav"}]},{"@type":"WebSite","@id":"https:\/\/onlinelotto365.com\/sl\/#website","url":"https:\/\/onlinelotto365.com\/sl\/","name":"OnlineLotto365","description":"","potentialAction":[{"@type":"SearchAction","target":{"@type":"EntryPoint","urlTemplate":"https:\/\/onlinelotto365.com\/sl\/?s={search_term_string}"},"query-input":{"@type":"PropertyValueSpecification","valueRequired":true,"valueName":"search_term_string"}}],"inLanguage":"sl-SI"}]}},"_links":{"self":[{"href":"https:\/\/onlinelotto365.com\/sl\/wp-json\/wp\/v2\/pages\/79221","targetHints":{"allow":["GET"]}}],"collection":[{"href":"https:\/\/onlinelotto365.com\/sl\/wp-json\/wp\/v2\/pages"}],"about":[{"href":"https:\/\/onlinelotto365.com\/sl\/wp-json\/wp\/v2\/types\/page"}],"author":[{"embeddable":true,"href":"https:\/\/onlinelotto365.com\/sl\/wp-json\/wp\/v2\/users\/1"}],"replies":[{"embeddable":true,"href":"https:\/\/onlinelotto365.com\/sl\/wp-json\/wp\/v2\/comments?post=79221"}],"version-history":[{"count":0,"href":"https:\/\/onlinelotto365.com\/sl\/wp-json\/wp\/v2\/pages\/79221\/revisions"}],"up":[{"embeddable":true,"href":"https:\/\/onlinelotto365.com\/sl\/wp-json\/wp\/v2\/pages\/5088"}],"wp:attachment":[{"href":"https:\/\/onlinelotto365.com\/sl\/wp-json\/wp\/v2\/media?parent=79221"}],"curies":[{"name":"wp","href":"https:\/\/api.w.org\/{rel}","templated":true}]}}