{"id":79271,"date":"2022-11-03T09:11:02","date_gmt":"2022-11-03T08:11:02","guid":{"rendered":"https:\/\/onlinelotto365.com\/?page_id=79271"},"modified":"2022-11-03T09:11:16","modified_gmt":"2022-11-03T08:11:16","slug":"la-primitiva","status":"publish","type":"page","link":"https:\/\/onlinelotto365.com\/sl\/igrajte\/la-primitiva\/","title":{"rendered":"Kako igrati \u0161panski La Primitiva loteriji"},"content":{"rendered":"<h2>O podjetju La Primitiva<\/h2>\n<p>Ta loterija iz \u0160panije je znana tudi kot El Gordo, \u010deprav je to zavajajo\u010de. Pravzaprav je El Gordo vzdevek bo\u017ei\u010dne izdaje loterije La Primitiva. Medtem ko lahko igro La Primitiva igrate vse leto, je El Gordo na voljo le za bo\u017ei\u010d. Loto La Primitiva lahko prebivalci Slovenije igrajo prek spleta na na\u0161i spletni strani.<\/p>\n<p>V igri La Primitiva sta dve \u017erebanji na teden. Mo\u017enosti za osvojitev glavnega dobitka so razmeroma visoke, saj ni dodatnih \u0161tevilk.<\/p>\n<p><a href=\"https:\/\/redfoxlotto.com\/play\/la-primitiva\/?ref=a8564250a2&amp;medium=ol365\" target=\"_blank\" rel=\"noopener noreferrer\"><img decoding=\"async\" class=\"aligncenter\" src=\"https:\/\/redfoxlotto.com\/image?size=8&amp;lottery=la-primitiva\" alt=\"La Primitiva\" \/><\/a><\/p>\n<p>&nbsp;<\/p>\n<ul>\n<li>Dr\u017eava: \u0160panija<\/li>\n<li>Razpon glavnih \u0161tevilk: 49<\/li>\n<li>Izbrati morate: 6<\/li>\n<li>Dodatne \u0161tevilke:<\/li>\n<li>Izbrati morate: 1<\/li>\n<li>Dnevi, ure \u017erebanja: Izberete: 1: \u010cetrtek, sobota, 21:30 CET &#8211; 21:30 CET<\/li>\n<li>Jackpot se za\u010dne pri: \u20ac.<\/li>\n<li>Zgornja meja glavnega dobitka: ni<\/li>\n<li>Mo\u017enost za osvojitev glavnega dobitka: 1 proti 15537573<\/li>\n<li>Mo\u017enost za osvojitev druge nagrade: 1 proti 542008<\/li>\n<li>mo\u017enost, da osvojite katero koli nagrado: 1 proti 8,43<\/li>\n<li>\u0160tevilo nagradnih kategorij: 1: 9<\/li>\n<\/ul>\n<h2>Najbolj\u0161e lastnosti igre La Primitiva<\/h2>\n<p>Kot smo \u017ee omenili, so va\u0161e mo\u017enosti za osvojitev glavnega dobitka zaradi dejstva, da morate od 49 \u0161tevilk igrati le 6 \u0161tevilk in nobenih dodatnih \u0161tevilk, precej velike.<\/p>\n<h2>Kako preveriti rezultate igre La Primitiva<\/h2>\n<p>\u010ce ste sre\u010dko kupili prek spleta v Sloveniji ali kateri koli drugi dr\u017eavi zunaj \u0160panije, je iskanje dobitnih \u0161tevilk in zneskov dobitkov lahko te\u017eavno. Toda na na\u0161em spletnem mestu objavljamo rezultate takoj po \u017erebanju \u0161tevilk loterije La Primitiva. Svojo sre\u010dko si lahko ogledate celo v svojem igralnem ra\u010dunu, kjer lahko takoj vidite, katere \u0161tevilke z va\u0161e sre\u010dke se ujemajo z rezultati \u017erebanja.<\/p>\n<p><img loading=\"lazy\" decoding=\"async\" class=\"alignright size-full wp-image-905\" src=\"https:\/\/onlinelotto365.com\/wp-content\/uploads\/2020\/11\/online_lottery-71.jpg\" alt=\"igranje la primitiva\" width=\"302\" height=\"100\" \/><\/p>\n<h2>Igrali ste spletno igro La Primitiva in zmagali &#8211; kaj sledi?<\/h2>\n<p>\u010ce je va\u0161 listek osvojil nagrado pod 2500 \u20ac, bo ta znesek nagrade na va\u0161em igralnem ra\u010dunu takoj po \u017erebanju. \u010ce ste osvojili vi\u0161jo nagrado, se obrnite na na\u0161o slu\u017ebo. Pomagali vam bodo nastaviti izpla\u010dilo neposredno na va\u0161 ban\u010dni ra\u010dun ali s \u010dekom.<\/p>\n","protected":false},"excerpt":{"rendered":"<p>O podjetju La Primitiva Ta loterija iz \u0160panije je znana tudi kot El Gordo, \u010deprav je to zavajajo\u010de. Pravzaprav je El Gordo vzdevek bo\u017ei\u010dne izdaje loterije La Primitiva. Medtem ko lahko igro La Primitiva igrate vse leto, je El Gordo na voljo le za bo\u017ei\u010d. Loto La Primitiva lahko prebivalci Slovenije igrajo prek spleta na [&hellip;]<\/p>\n","protected":false},"author":1,"featured_media":0,"parent":5088,"menu_order":7,"comment_status":"closed","ping_status":"closed","template":"la-primitiva.php","meta":{"_et_pb_use_builder":"","_et_pb_old_content":"","_et_gb_content_width":"","exclude_from_search":false,"footnotes":""},"class_list":["post-79271","page","type-page","status-publish","hentry"],"yoast_head":"<!-- This site is optimized with the Yoast SEO plugin v23.4 - https:\/\/yoast.com\/wordpress\/plugins\/seo\/ -->\n<title>Igrajte La Primitiva \u0160panija na spletu | La Primitiva iz Slovenije<\/title>\n<meta name=\"description\" content=\"\u0160pansko loterijo La Primitiva lahko zdaj igrate prek spleta iz Slovenije\" \/>\n<meta name=\"robots\" content=\"index, follow, max-snippet:-1, max-image-preview:large, max-video-preview:-1\" \/>\n<link rel=\"canonical\" href=\"https:\/\/onlinelotto365.com\/sl\/igrajte\/la-primitiva\/\" \/>\n<meta property=\"og:locale\" content=\"sl_SI\" \/>\n<meta property=\"og:type\" content=\"article\" \/>\n<meta property=\"og:title\" content=\"Igrajte La Primitiva \u0160panija na spletu | La Primitiva iz Slovenije\" \/>\n<meta property=\"og:description\" content=\"\u0160pansko loterijo La Primitiva lahko zdaj igrate prek spleta iz Slovenije\" \/>\n<meta property=\"og:url\" content=\"https:\/\/onlinelotto365.com\/sl\/igrajte\/la-primitiva\/\" \/>\n<meta property=\"og:site_name\" content=\"OnlineLotto365\" \/>\n<meta property=\"article:modified_time\" content=\"2022-11-03T08:11:16+00:00\" \/>\n<meta property=\"og:image\" content=\"https:\/\/redfoxlotto.com\/image?size=8&amp;lottery=la-primitiva\" \/>\n<meta name=\"twitter:card\" content=\"summary_large_image\" \/>\n<meta name=\"twitter:label1\" content=\"Est. reading time\" \/>\n\t<meta name=\"twitter:data1\" content=\"2 minuti\" \/>\n<script type=\"application\/ld+json\" class=\"yoast-schema-graph\">{\"@context\":\"https:\/\/schema.org\",\"@graph\":[{\"@type\":\"WebPage\",\"@id\":\"https:\/\/onlinelotto365.com\/sl\/igrajte\/la-primitiva\/\",\"url\":\"https:\/\/onlinelotto365.com\/sl\/igrajte\/la-primitiva\/\",\"name\":\"Igrajte La Primitiva \u0160panija na spletu | La Primitiva iz Slovenije\",\"isPartOf\":{\"@id\":\"https:\/\/onlinelotto365.com\/sl\/#website\"},\"primaryImageOfPage\":{\"@id\":\"https:\/\/onlinelotto365.com\/sl\/igrajte\/la-primitiva\/#primaryimage\"},\"image\":{\"@id\":\"https:\/\/onlinelotto365.com\/sl\/igrajte\/la-primitiva\/#primaryimage\"},\"thumbnailUrl\":\"https:\/\/redfoxlotto.com\/image?size=8&amp;lottery=la-primitiva\",\"datePublished\":\"2022-11-03T08:11:02+00:00\",\"dateModified\":\"2022-11-03T08:11:16+00:00\",\"description\":\"\u0160pansko loterijo La Primitiva lahko zdaj igrate prek spleta iz Slovenije\",\"breadcrumb\":{\"@id\":\"https:\/\/onlinelotto365.com\/sl\/igrajte\/la-primitiva\/#breadcrumb\"},\"inLanguage\":\"sl-SI\",\"potentialAction\":[{\"@type\":\"ReadAction\",\"target\":[\"https:\/\/onlinelotto365.com\/sl\/igrajte\/la-primitiva\/\"]}]},{\"@type\":\"ImageObject\",\"inLanguage\":\"sl-SI\",\"@id\":\"https:\/\/onlinelotto365.com\/sl\/igrajte\/la-primitiva\/#primaryimage\",\"url\":\"https:\/\/redfoxlotto.com\/image?size=8&amp;lottery=la-primitiva\",\"contentUrl\":\"https:\/\/redfoxlotto.com\/image?size=8&amp;lottery=la-primitiva\"},{\"@type\":\"BreadcrumbList\",\"@id\":\"https:\/\/onlinelotto365.com\/sl\/igrajte\/la-primitiva\/#breadcrumb\",\"itemListElement\":[{\"@type\":\"ListItem\",\"position\":1,\"name\":\"Home\",\"item\":\"https:\/\/onlinelotto365.com\/sl\/\"},{\"@type\":\"ListItem\",\"position\":2,\"name\":\"Vse, kar morate vedeti o va\u0161ih mo\u017enostih igranja najbolj\u0161ih loterij prek spleta\",\"item\":\"https:\/\/onlinelotto365.com\/sl\/igrajte\/\"},{\"@type\":\"ListItem\",\"position\":3,\"name\":\"Kako igrati \u0161panski La Primitiva loteriji\"}]},{\"@type\":\"WebSite\",\"@id\":\"https:\/\/onlinelotto365.com\/sl\/#website\",\"url\":\"https:\/\/onlinelotto365.com\/sl\/\",\"name\":\"OnlineLotto365\",\"description\":\"\",\"potentialAction\":[{\"@type\":\"SearchAction\",\"target\":{\"@type\":\"EntryPoint\",\"urlTemplate\":\"https:\/\/onlinelotto365.com\/sl\/?s={search_term_string}\"},\"query-input\":{\"@type\":\"PropertyValueSpecification\",\"valueRequired\":true,\"valueName\":\"search_term_string\"}}],\"inLanguage\":\"sl-SI\"}]}<\/script>\n<!-- \/ Yoast SEO plugin. -->","yoast_head_json":{"title":"Igrajte La Primitiva \u0160panija na spletu | La Primitiva iz Slovenije","description":"\u0160pansko loterijo La Primitiva lahko zdaj igrate prek spleta iz Slovenije","robots":{"index":"index","follow":"follow","max-snippet":"max-snippet:-1","max-image-preview":"max-image-preview:large","max-video-preview":"max-video-preview:-1"},"canonical":"https:\/\/onlinelotto365.com\/sl\/igrajte\/la-primitiva\/","og_locale":"sl_SI","og_type":"article","og_title":"Igrajte La Primitiva \u0160panija na spletu | La Primitiva iz Slovenije","og_description":"\u0160pansko loterijo La Primitiva lahko zdaj igrate prek spleta iz Slovenije","og_url":"https:\/\/onlinelotto365.com\/sl\/igrajte\/la-primitiva\/","og_site_name":"OnlineLotto365","article_modified_time":"2022-11-03T08:11:16+00:00","og_image":[{"url":"https:\/\/redfoxlotto.com\/image?size=8&amp;lottery=la-primitiva"}],"twitter_card":"summary_large_image","twitter_misc":{"Est. reading time":"2 minuti"},"schema":{"@context":"https:\/\/schema.org","@graph":[{"@type":"WebPage","@id":"https:\/\/onlinelotto365.com\/sl\/igrajte\/la-primitiva\/","url":"https:\/\/onlinelotto365.com\/sl\/igrajte\/la-primitiva\/","name":"Igrajte La Primitiva \u0160panija na spletu | La Primitiva iz Slovenije","isPartOf":{"@id":"https:\/\/onlinelotto365.com\/sl\/#website"},"primaryImageOfPage":{"@id":"https:\/\/onlinelotto365.com\/sl\/igrajte\/la-primitiva\/#primaryimage"},"image":{"@id":"https:\/\/onlinelotto365.com\/sl\/igrajte\/la-primitiva\/#primaryimage"},"thumbnailUrl":"https:\/\/redfoxlotto.com\/image?size=8&amp;lottery=la-primitiva","datePublished":"2022-11-03T08:11:02+00:00","dateModified":"2022-11-03T08:11:16+00:00","description":"\u0160pansko loterijo La Primitiva lahko zdaj igrate prek spleta iz Slovenije","breadcrumb":{"@id":"https:\/\/onlinelotto365.com\/sl\/igrajte\/la-primitiva\/#breadcrumb"},"inLanguage":"sl-SI","potentialAction":[{"@type":"ReadAction","target":["https:\/\/onlinelotto365.com\/sl\/igrajte\/la-primitiva\/"]}]},{"@type":"ImageObject","inLanguage":"sl-SI","@id":"https:\/\/onlinelotto365.com\/sl\/igrajte\/la-primitiva\/#primaryimage","url":"https:\/\/redfoxlotto.com\/image?size=8&amp;lottery=la-primitiva","contentUrl":"https:\/\/redfoxlotto.com\/image?size=8&amp;lottery=la-primitiva"},{"@type":"BreadcrumbList","@id":"https:\/\/onlinelotto365.com\/sl\/igrajte\/la-primitiva\/#breadcrumb","itemListElement":[{"@type":"ListItem","position":1,"name":"Home","item":"https:\/\/onlinelotto365.com\/sl\/"},{"@type":"ListItem","position":2,"name":"Vse, kar morate vedeti o va\u0161ih mo\u017enostih igranja najbolj\u0161ih loterij prek spleta","item":"https:\/\/onlinelotto365.com\/sl\/igrajte\/"},{"@type":"ListItem","position":3,"name":"Kako igrati \u0161panski La Primitiva loteriji"}]},{"@type":"WebSite","@id":"https:\/\/onlinelotto365.com\/sl\/#website","url":"https:\/\/onlinelotto365.com\/sl\/","name":"OnlineLotto365","description":"","potentialAction":[{"@type":"SearchAction","target":{"@type":"EntryPoint","urlTemplate":"https:\/\/onlinelotto365.com\/sl\/?s={search_term_string}"},"query-input":{"@type":"PropertyValueSpecification","valueRequired":true,"valueName":"search_term_string"}}],"inLanguage":"sl-SI"}]}},"_links":{"self":[{"href":"https:\/\/onlinelotto365.com\/sl\/wp-json\/wp\/v2\/pages\/79271","targetHints":{"allow":["GET"]}}],"collection":[{"href":"https:\/\/onlinelotto365.com\/sl\/wp-json\/wp\/v2\/pages"}],"about":[{"href":"https:\/\/onlinelotto365.com\/sl\/wp-json\/wp\/v2\/types\/page"}],"author":[{"embeddable":true,"href":"https:\/\/onlinelotto365.com\/sl\/wp-json\/wp\/v2\/users\/1"}],"replies":[{"embeddable":true,"href":"https:\/\/onlinelotto365.com\/sl\/wp-json\/wp\/v2\/comments?post=79271"}],"version-history":[{"count":0,"href":"https:\/\/onlinelotto365.com\/sl\/wp-json\/wp\/v2\/pages\/79271\/revisions"}],"up":[{"embeddable":true,"href":"https:\/\/onlinelotto365.com\/sl\/wp-json\/wp\/v2\/pages\/5088"}],"wp:attachment":[{"href":"https:\/\/onlinelotto365.com\/sl\/wp-json\/wp\/v2\/media?parent=79271"}],"curies":[{"name":"wp","href":"https:\/\/api.w.org\/{rel}","templated":true}]}}