{"id":79302,"date":"2022-11-03T10:36:51","date_gmt":"2022-11-03T09:36:51","guid":{"rendered":"https:\/\/onlinelotto365.com\/?page_id=79302"},"modified":"2022-11-03T10:36:51","modified_gmt":"2022-11-03T09:36:51","slug":"saturday-lotto-australia","status":"publish","type":"page","link":"https:\/\/onlinelotto365.com\/sl\/igrajte\/saturday-lotto-australia\/","title":{"rendered":"Igranje sobota Lotto Avstralija je le ena od mo\u017enosti za loterija navdu\u0161ence iz Slova\u0161ke"},"content":{"rendered":"<h2>Kako igrati sobota Lotto Australia online<\/h2>\n<p>\u010ce \u017eivite v Sloveniji ali drugje, boste ugotovili, da igranje Saturday Lotto Australia ni tako te\u017eko, kot si morda mislite. Poleg tega boste imeli mo\u017enosti, da dobite \u017eelene sre\u010dke, ne da bi vam bilo treba za to porabiti veliko \u010dasa, kaj je lahko bolj\u0161e od tega?<\/p>\n<p>No, dejstvo, da vam bomo na tej poti pomagali, bo prav gotovo tudi velika prednost. Izberete lahko vse \u017eelene mo\u017enosti, ustvarite svoj ra\u010dun, kupite vstopnice in vse drugo, kar potrebujete, z \u017eelenim na\u010dinom pla\u010dila v kratkem \u010dasu. Mi pa bomo poskrbeli, da bodo te vstopnice pripravljene za vas, ko bo pri\u0161lo do \u017erebanja.<\/p>\n<p>Vse, kar morate storiti, je, da si ogledate razli\u010dne mo\u017enosti lota in izberete Saturday Lotto Australia. Ko to storite, boste lahko izbrali \u0161tevilke za vsako \u017eeleno sre\u010dko.<br \/>\nNe skrbite, da bi izbrali napa\u010dno \u0161tevilo \u0161tevilk, saj vas bo sistem vodil do pravega \u0161tevila. \u010ce niste prepri\u010dani o \u017eelenih \u0161tevilkah, lahko izberete hitro izbiro in pustite, da ra\u010dunalnik izbere \u0161tevilke namesto vas.<\/p>\n<p>Ko ste dobili vstopnice, lahko izberete mo\u017enost dodajanja novih, izberete vstopnice za drugo tekmo ali pa samo dodate svoje naro\u010dilo in se pripravite na nakup. Postopek na blagajni je zasnovan tako, da je kar se da preprost, zato lahko vstopnice pla\u010date in se v hipu odpravite na pot. Vse, kar morate storiti, je ustvariti svoj ra\u010dun.<\/p>\n<p>Ustvarjanje ra\u010duna je preprosto, saj ne potrebujemo veliko podatkov. Nato pa vam bomo poslali potrditveno e-po\u0161tno sporo\u010dilo, da boste lahko dokon\u010dali svoj ra\u010dun. Ne pozabite, da lahko kon\u010da v mapi za ne\u017eeleno po\u0161to (kar pomeni, da nas morate dodati v svoj imenik), s tem pa boste imeli ra\u010dun in mo\u017enost nakupa ve\u010d vstopnic, kadarkoli boste \u017eeleli.<\/p>\n<p><a href=\"https:\/\/redfoxlotto.com\/play\/saturday-lotto-au\/?ref=a8564250a2&amp;medium=ol365\" target=\"_blank\" rel=\"noopener noreferrer\"><img decoding=\"async\" class=\"aligncenter\" src=\"https:\/\/redfoxlotto.com\/image?size=8&amp;lottery=saturday-lotto-au\" alt=\"Sobota Lotto Avstralija\" \/><\/a><\/p>\n<h2>O Saturday Lotto Australia<\/h2>\n<ul>\n<li>Dr\u017eava: Avstralija<\/li>\n<li>Razpon glavnih \u0161tevilk: 45<\/li>\n<li>Izbrati morate: 6<\/li>\n<li>Dnevi, ure \u017erebanja: \u010cas \u017erebanja: sobota, 21:30 GMT+11 &#8211; 10:30 po srednjeevropskem \u010dasu<\/li>\n<li>Jackpot se za\u010dne pri: avstralskih dolarjev.<\/li>\n<li>Jackpot je omejen na: AU$ 150 milijonov AU$<\/li>\n<li>Mo\u017enost za osvojitev glavnega dobitka: 1 proti 8145060<\/li>\n<li>Mo\u017enost za osvojitev druge nagrade: 1 proti 678755<\/li>\n<li>mo\u017enost, da osvojite katero koli nagrado: 1 proti 85,44<\/li>\n<li>\u0160tevilo nagradnih kategorij: 1: 6<\/li>\n<\/ul>\n<h2>Najbolj\u0161e zna\u010dilnosti Saturday Lotto Australia<\/h2>\n<p>Sobota Lotto Avstralija ponuja veliko mo\u017enosti za zmago in jackpotov v vi\u0161ini ve\u010d milijonov. \u0160e bolj\u0161e pa je, da je v vsakem \u017erebanju ve\u010d sto tiso\u010d zmagovalcev. Lahko osvojite majhno nagrado, manj\u0161o od 10 dolarjev, ali pa velike nagrade, ki zna\u0161ajo ve\u010d sto tiso\u010d dolarjev. Vse, kar morate storiti, je izbrati prave \u0161tevilke.<\/p>\n<h2>Kako preveriti rezultate igre Saturday Lotto Australia<\/h2>\n<p>Ko je \u010das za preverjanje rezultatov igre Saturday Lotto Australia, imate na voljo ve\u010d razli\u010dnih mo\u017enosti. Prva je, da si ogledate uradno spletno stran loterije. Na njej so po \u017erebanju vedno objavljene dobitne \u0161tevilke.<br \/>\n\u010ce \u017eivite v kraju, lahko preverite tudi lokalne \u010dasopise in televizijske kanale. Seveda pa je najla\u017eji in najbolj\u0161i na\u010din preverjanja ta, da se vrnete na na\u0161o spletno stran in se prijavite v svoj ra\u010dun. Tam si boste lahko ogledali najnovej\u0161e dobitne \u0161tevilke in jih primerjali s svojimi.<\/p>\n<h2>Igrali ste Saturday Lotto Australia na spletu in zmagali &#8211; kaj sledi?<\/h2>\n<p>Ste v zadnjem \u017erebanju kaj osvojili? \u010ce ste, boste \u017eeleli vedeti, koliko, kar bo vplivalo na to, kako boste dobili svoj denar. Vsak znesek, ni\u017eji od 2500 \u20ac, lahko vpla\u010date neposredno na svoj ra\u010dun, in sicer. To pomeni, da lahko z njim po\u010dnete, kar \u017eelite, od izpla\u010dila (\u010de je vi\u0161ji od 10 \u20ac) do nakupa nekaj dodatnih sre\u010dk za to ali katero koli drugo igro, ki jo \u017eelite.<br \/>\nPo drugi strani pa vam bomo, \u010de ste imeli sre\u010do in ste osvojili ve\u010d kot 2500 \u20ac, pomagali pri postopku prevzema dobitka, ki zahteva nekoliko ve\u010d truda. Pri tem postopku boste morali izpolniti obrazec zahtevka za loterijsko komisijo in se odlo\u010diti, ali \u017eelite, da vam denar po\u0161ljemo z ban\u010dnim nakazilom ali \u010dekom. Odlo\u010ditev je povsem va\u0161a.<\/p>\n","protected":false},"excerpt":{"rendered":"<p>Kako igrati sobota Lotto Australia online \u010ce \u017eivite v Sloveniji ali drugje, boste ugotovili, da igranje Saturday Lotto Australia ni tako te\u017eko, kot si morda mislite. Poleg tega boste imeli mo\u017enosti, da dobite \u017eelene sre\u010dke, ne da bi vam bilo treba za to porabiti veliko \u010dasa, kaj je lahko bolj\u0161e od tega? No, dejstvo, da [&hellip;]<\/p>\n","protected":false},"author":1,"featured_media":0,"parent":5088,"menu_order":15,"comment_status":"closed","ping_status":"closed","template":"saturday-lotto.php","meta":{"_et_pb_use_builder":"","_et_pb_old_content":"","_et_gb_content_width":"","exclude_from_search":false,"footnotes":""},"class_list":["post-79302","page","type-page","status-publish","hentry"],"yoast_head":"<!-- This site is optimized with the Yoast SEO plugin v23.4 - https:\/\/yoast.com\/wordpress\/plugins\/seo\/ -->\n<title>Na\u0161a storitev vam omogo\u010da, da igrajo Saturday Lotto Australia online iz Slovenije<\/title>\n<meta name=\"description\" content=\"Tudi v Avstraliji obstaja sobota lotto - zdaj ga igrajte prek spleta\" \/>\n<meta name=\"robots\" content=\"index, follow, max-snippet:-1, max-image-preview:large, max-video-preview:-1\" \/>\n<link rel=\"canonical\" href=\"https:\/\/onlinelotto365.com\/sl\/igrajte\/saturday-lotto-australia\/\" \/>\n<meta property=\"og:locale\" content=\"sl_SI\" \/>\n<meta property=\"og:type\" content=\"article\" \/>\n<meta property=\"og:title\" content=\"Na\u0161a storitev vam omogo\u010da, da igrajo Saturday Lotto Australia online iz Slovenije\" \/>\n<meta property=\"og:description\" content=\"Tudi v Avstraliji obstaja sobota lotto - zdaj ga igrajte prek spleta\" \/>\n<meta property=\"og:url\" content=\"https:\/\/onlinelotto365.com\/sl\/igrajte\/saturday-lotto-australia\/\" \/>\n<meta property=\"og:site_name\" content=\"OnlineLotto365\" \/>\n<meta property=\"og:image\" content=\"https:\/\/redfoxlotto.com\/image?size=8&amp;lottery=saturday-lotto-au\" \/>\n<meta name=\"twitter:card\" content=\"summary_large_image\" \/>\n<meta name=\"twitter:label1\" content=\"Est. reading time\" \/>\n\t<meta name=\"twitter:data1\" content=\"3 minute\" \/>\n<script type=\"application\/ld+json\" class=\"yoast-schema-graph\">{\"@context\":\"https:\/\/schema.org\",\"@graph\":[{\"@type\":\"WebPage\",\"@id\":\"https:\/\/onlinelotto365.com\/sl\/igrajte\/saturday-lotto-australia\/\",\"url\":\"https:\/\/onlinelotto365.com\/sl\/igrajte\/saturday-lotto-australia\/\",\"name\":\"Na\u0161a storitev vam omogo\u010da, da igrajo Saturday Lotto Australia online iz Slovenije\",\"isPartOf\":{\"@id\":\"https:\/\/onlinelotto365.com\/sl\/#website\"},\"primaryImageOfPage\":{\"@id\":\"https:\/\/onlinelotto365.com\/sl\/igrajte\/saturday-lotto-australia\/#primaryimage\"},\"image\":{\"@id\":\"https:\/\/onlinelotto365.com\/sl\/igrajte\/saturday-lotto-australia\/#primaryimage\"},\"thumbnailUrl\":\"https:\/\/redfoxlotto.com\/image?size=8&amp;lottery=saturday-lotto-au\",\"datePublished\":\"2022-11-03T09:36:51+00:00\",\"dateModified\":\"2022-11-03T09:36:51+00:00\",\"description\":\"Tudi v Avstraliji obstaja sobota lotto - zdaj ga igrajte prek spleta\",\"breadcrumb\":{\"@id\":\"https:\/\/onlinelotto365.com\/sl\/igrajte\/saturday-lotto-australia\/#breadcrumb\"},\"inLanguage\":\"sl-SI\",\"potentialAction\":[{\"@type\":\"ReadAction\",\"target\":[\"https:\/\/onlinelotto365.com\/sl\/igrajte\/saturday-lotto-australia\/\"]}]},{\"@type\":\"ImageObject\",\"inLanguage\":\"sl-SI\",\"@id\":\"https:\/\/onlinelotto365.com\/sl\/igrajte\/saturday-lotto-australia\/#primaryimage\",\"url\":\"https:\/\/redfoxlotto.com\/image?size=8&amp;lottery=saturday-lotto-au\",\"contentUrl\":\"https:\/\/redfoxlotto.com\/image?size=8&amp;lottery=saturday-lotto-au\"},{\"@type\":\"BreadcrumbList\",\"@id\":\"https:\/\/onlinelotto365.com\/sl\/igrajte\/saturday-lotto-australia\/#breadcrumb\",\"itemListElement\":[{\"@type\":\"ListItem\",\"position\":1,\"name\":\"Home\",\"item\":\"https:\/\/onlinelotto365.com\/sl\/\"},{\"@type\":\"ListItem\",\"position\":2,\"name\":\"Vse, kar morate vedeti o va\u0161ih mo\u017enostih igranja najbolj\u0161ih loterij prek spleta\",\"item\":\"https:\/\/onlinelotto365.com\/sl\/igrajte\/\"},{\"@type\":\"ListItem\",\"position\":3,\"name\":\"Igranje sobota Lotto Avstralija je le ena od mo\u017enosti za loterija navdu\u0161ence iz Slova\u0161ke\"}]},{\"@type\":\"WebSite\",\"@id\":\"https:\/\/onlinelotto365.com\/sl\/#website\",\"url\":\"https:\/\/onlinelotto365.com\/sl\/\",\"name\":\"OnlineLotto365\",\"description\":\"\",\"potentialAction\":[{\"@type\":\"SearchAction\",\"target\":{\"@type\":\"EntryPoint\",\"urlTemplate\":\"https:\/\/onlinelotto365.com\/sl\/?s={search_term_string}\"},\"query-input\":{\"@type\":\"PropertyValueSpecification\",\"valueRequired\":true,\"valueName\":\"search_term_string\"}}],\"inLanguage\":\"sl-SI\"}]}<\/script>\n<!-- \/ Yoast SEO plugin. -->","yoast_head_json":{"title":"Na\u0161a storitev vam omogo\u010da, da igrajo Saturday Lotto Australia online iz Slovenije","description":"Tudi v Avstraliji obstaja sobota lotto - zdaj ga igrajte prek spleta","robots":{"index":"index","follow":"follow","max-snippet":"max-snippet:-1","max-image-preview":"max-image-preview:large","max-video-preview":"max-video-preview:-1"},"canonical":"https:\/\/onlinelotto365.com\/sl\/igrajte\/saturday-lotto-australia\/","og_locale":"sl_SI","og_type":"article","og_title":"Na\u0161a storitev vam omogo\u010da, da igrajo Saturday Lotto Australia online iz Slovenije","og_description":"Tudi v Avstraliji obstaja sobota lotto - zdaj ga igrajte prek spleta","og_url":"https:\/\/onlinelotto365.com\/sl\/igrajte\/saturday-lotto-australia\/","og_site_name":"OnlineLotto365","og_image":[{"url":"https:\/\/redfoxlotto.com\/image?size=8&amp;lottery=saturday-lotto-au"}],"twitter_card":"summary_large_image","twitter_misc":{"Est. reading time":"3 minute"},"schema":{"@context":"https:\/\/schema.org","@graph":[{"@type":"WebPage","@id":"https:\/\/onlinelotto365.com\/sl\/igrajte\/saturday-lotto-australia\/","url":"https:\/\/onlinelotto365.com\/sl\/igrajte\/saturday-lotto-australia\/","name":"Na\u0161a storitev vam omogo\u010da, da igrajo Saturday Lotto Australia online iz Slovenije","isPartOf":{"@id":"https:\/\/onlinelotto365.com\/sl\/#website"},"primaryImageOfPage":{"@id":"https:\/\/onlinelotto365.com\/sl\/igrajte\/saturday-lotto-australia\/#primaryimage"},"image":{"@id":"https:\/\/onlinelotto365.com\/sl\/igrajte\/saturday-lotto-australia\/#primaryimage"},"thumbnailUrl":"https:\/\/redfoxlotto.com\/image?size=8&amp;lottery=saturday-lotto-au","datePublished":"2022-11-03T09:36:51+00:00","dateModified":"2022-11-03T09:36:51+00:00","description":"Tudi v Avstraliji obstaja sobota lotto - zdaj ga igrajte prek spleta","breadcrumb":{"@id":"https:\/\/onlinelotto365.com\/sl\/igrajte\/saturday-lotto-australia\/#breadcrumb"},"inLanguage":"sl-SI","potentialAction":[{"@type":"ReadAction","target":["https:\/\/onlinelotto365.com\/sl\/igrajte\/saturday-lotto-australia\/"]}]},{"@type":"ImageObject","inLanguage":"sl-SI","@id":"https:\/\/onlinelotto365.com\/sl\/igrajte\/saturday-lotto-australia\/#primaryimage","url":"https:\/\/redfoxlotto.com\/image?size=8&amp;lottery=saturday-lotto-au","contentUrl":"https:\/\/redfoxlotto.com\/image?size=8&amp;lottery=saturday-lotto-au"},{"@type":"BreadcrumbList","@id":"https:\/\/onlinelotto365.com\/sl\/igrajte\/saturday-lotto-australia\/#breadcrumb","itemListElement":[{"@type":"ListItem","position":1,"name":"Home","item":"https:\/\/onlinelotto365.com\/sl\/"},{"@type":"ListItem","position":2,"name":"Vse, kar morate vedeti o va\u0161ih mo\u017enostih igranja najbolj\u0161ih loterij prek spleta","item":"https:\/\/onlinelotto365.com\/sl\/igrajte\/"},{"@type":"ListItem","position":3,"name":"Igranje sobota Lotto Avstralija je le ena od mo\u017enosti za loterija navdu\u0161ence iz Slova\u0161ke"}]},{"@type":"WebSite","@id":"https:\/\/onlinelotto365.com\/sl\/#website","url":"https:\/\/onlinelotto365.com\/sl\/","name":"OnlineLotto365","description":"","potentialAction":[{"@type":"SearchAction","target":{"@type":"EntryPoint","urlTemplate":"https:\/\/onlinelotto365.com\/sl\/?s={search_term_string}"},"query-input":{"@type":"PropertyValueSpecification","valueRequired":true,"valueName":"search_term_string"}}],"inLanguage":"sl-SI"}]}},"_links":{"self":[{"href":"https:\/\/onlinelotto365.com\/sl\/wp-json\/wp\/v2\/pages\/79302","targetHints":{"allow":["GET"]}}],"collection":[{"href":"https:\/\/onlinelotto365.com\/sl\/wp-json\/wp\/v2\/pages"}],"about":[{"href":"https:\/\/onlinelotto365.com\/sl\/wp-json\/wp\/v2\/types\/page"}],"author":[{"embeddable":true,"href":"https:\/\/onlinelotto365.com\/sl\/wp-json\/wp\/v2\/users\/1"}],"replies":[{"embeddable":true,"href":"https:\/\/onlinelotto365.com\/sl\/wp-json\/wp\/v2\/comments?post=79302"}],"version-history":[{"count":0,"href":"https:\/\/onlinelotto365.com\/sl\/wp-json\/wp\/v2\/pages\/79302\/revisions"}],"up":[{"embeddable":true,"href":"https:\/\/onlinelotto365.com\/sl\/wp-json\/wp\/v2\/pages\/5088"}],"wp:attachment":[{"href":"https:\/\/onlinelotto365.com\/sl\/wp-json\/wp\/v2\/media?parent=79302"}],"curies":[{"name":"wp","href":"https:\/\/api.w.org\/{rel}","templated":true}]}}