{"id":79344,"date":"2022-11-03T12:29:40","date_gmt":"2022-11-03T11:29:40","guid":{"rendered":"https:\/\/onlinelotto365.com\/?page_id=79344"},"modified":"2022-11-03T12:29:40","modified_gmt":"2022-11-03T11:29:40","slug":"oz-lotto","status":"publish","type":"page","link":"https:\/\/onlinelotto365.com\/sl\/igrajte\/oz-lotto\/","title":{"rendered":"Igranje Oz Lotto je le ena od mo\u017enosti za ljubitelje loterije iz Slovenije"},"content":{"rendered":"<h2>Kako igrati Oz Lotto na spletu<\/h2>\n<p>Ne glede na to, ali \u017eivite v Sloveniji ali ne, lahko na spletu igrate Oz Lotto brez te\u017eav. Vse, kar morate storiti, je najti pravo stran na na\u0161em spletnem mestu, klikniti nekaj gumbov in \u0161e preden se boste zavedali, boste imeli \u017eelene vstopnice.<\/p>\n<p>\u0160e bolje, samo vzpostavite popolnoma brezpla\u010den ra\u010dun, izberete \u017eelene sre\u010dke in \u0161tevilke, izberete na\u010din pla\u010dila, ki vam najbolj ustreza, in kon\u010dali ste. To je res tako preprosto.<\/p>\n<p>\u010ce ste pripravljeni, morate najprej izbrati \u017eeleni lotto. V tem primeru je to Oz Lotto. Ko ste vstopili, preprosto izberite \u0161tevilke, ki jih \u017eelite igrati. Pri tem vam sploh ni treba skrbeti, da bi \u0161tevilke izbrali napa\u010dno, saj vam bo sistem sporo\u010dil, kaj potrebujete.<\/p>\n<p>To pomeni tudi koli\u010dino \u0161tevilk. Poleg tega lahko izberete hitro izbiro, da ra\u010dunalnik naklju\u010dno izbere va\u0161e \u0161tevilke, nato pa te \u0161tevilke tudi uredite.<br \/>\nKo boste dobili \u017eelene sre\u010dke za igro Oz Lotto, lahko dodate \u0161e ve\u010d sre\u010dk, izberete drugo igro in dodate te sre\u010dke ali pa samo dodate svoje sre\u010dke v naro\u010dilo za nakup. Odjavite se in pla\u010dajte z \u017eelenim na\u010dinom pla\u010dila in vse bo pripravljeno. \u010ceprav boste seveda morali ustvariti ra\u010dun, da boste lahko opravili celoten postopek oddaje.<\/p>\n<p>Ustvarjanje ra\u010duna je preprosto, takoj pa vam po\u0161ljemo potrditveno e-po\u0161tno sporo\u010dilo in povezavo. Tako lahko takoj za\u010dnete z nakupom vstopnic, ne da bi vam bilo treba \u010dakati. Prepri\u010dajte se le, da preverjate svoj po\u0161tni predal in mapo za ne\u017eeleno po\u0161to, saj vstopnic ne boste mogli dobiti, \u010de ne boste potrdili. V trenutku boste pripravljeni na pot.<\/p>\n<p><a href=\"https:\/\/redfoxlotto.com\/play\/oz-lotto\/?ref=a8564250a2&amp;medium=ol365\" target=\"_blank\" rel=\"noopener noreferrer\"><img decoding=\"async\" class=\"aligncenter\" src=\"https:\/\/redfoxlotto.com\/image?size=8&amp;lottery=oz-lotto\" alt=\"Oz Lotto\" \/><\/a><\/p>\n<h2>O Oz Lotto<\/h2>\n<ul>\n<li>Dr\u017eava: Slovenija (v angle\u0161\u010dini): .<\/li>\n<li>Razpon glavnih \u0161tevilk: 45<\/li>\n<li>Izbrati morate: 7<\/li>\n<li>Dnevi, ure \u017erebanja: Izberete lahko ve\u010d \u0161tevilk: \u010cas \u017erebanja: torek, 21:30 GMT+11 &#8211; 10:30 CET<\/li>\n<li>Jackpot se za\u010dne pri: AU$ 2 milijona<\/li>\n<li>Zgornja meja glavnega dobitka je: ni<\/li>\n<li>Mo\u017enost za osvojitev glavnega dobitka: 1 proti 45379620<\/li>\n<li>Mo\u017enost za osvojitev druge nagrade: 1 proti 3241401<\/li>\n<li>Mo\u017enost za katero koli nagrado: 1 proti 54,59<\/li>\n<li>\u0160tevilo nagradnih kategorij: 7<\/li>\n<\/ul>\n<h2>\nNajbolj\u0161e zna\u010dilnosti igre Oz Lotto<\/h2>\n<p>Oz Lotto vam ponuja prilo\u017enost, da zmagate v sedmih razli\u010dnih razdelkih, kar pove\u010duje va\u0161e mo\u017enosti za osvojitev odli\u010dne nagrade. Ne samo to, \u010de zmagate v 1. diviziji, si boste zagotovo razdelili nagrado v vi\u0161ini 2 milijona dolarjev, pogosto pa je ta znesek \u0161e veliko vi\u0161ji. To pomeni, da vam ne bo te\u017eko osvojiti nekaj velikega ali vsaj dobiti dele\u017e ene od odli\u010dnih nagradnih mo\u017enosti.<\/p>\n<h2>Kako preveriti rezultate igre Oz Lotto<\/h2>\n<p>Obstaja veliko na\u010dinov za preverjanje zmagovalnih \u0161tevilk za igro Oz Lotto. Prvi je obisk uradne spletne strani ali preverjanje lokalnih loterij prek svojega \u010dasopisa ali najljub\u0161ega informativnega kanala. Vendar to deluje le, \u010de je igra lokalna. Najbolj\u0161i na\u010din, kako lahko dobite \u0161tevilke za loto, pa je, da se vrnete na na\u0161e spletno mesto.<br \/>\nKonec koncev ste svoje sre\u010dke kupili tukaj, zakaj torej ne? Prijavili se boste lahko v svoj ra\u010dun in primerjali svoje \u0161tevilke z zmagovalnimi \u0161tevilkami ter preverili, koliko ste osvojili.<\/p>\n<h2>Ste zmagovalec igre Oz Lotto! &#8211; Kaj zdaj?<\/h2>\n<p>Najprej vas bo zanimalo, koliko boste dobili. Navsezadnje vsakdo \u017eeli vedeti, kak\u0161en je njegov dobitek, kajne? \u010ce ste osvojili manj kot 2500 EUR, vam ni treba storiti ni\u010desar. Za prevzem nagrade bomo poskrbeli mi in jo nakazali neposredno na va\u0161 spletni ra\u010dun. Od tam se lahko odlo\u010dite, ali jo boste dvignili, kupili nove sre\u010dke ali karkoli drugega, \u010de ste presegli 10 \u20ac.<\/p>\n<p><img loading=\"lazy\" decoding=\"async\" class=\"alignright wp-image-3635\" src=\"https:\/\/onlinelotto365.com\/wp-content\/uploads\/2020\/11\/online_lottery-123-300x300.jpg\" alt=\"igranje oz lotto na spletu\" width=\"228\" height=\"228\" srcset=\"https:\/\/onlinelotto365.com\/wp-content\/uploads\/2020\/11\/online_lottery-123-300x300.jpg 300w, https:\/\/onlinelotto365.com\/wp-content\/uploads\/2020\/11\/online_lottery-123-100x100.jpg 100w, https:\/\/onlinelotto365.com\/wp-content\/uploads\/2020\/11\/online_lottery-123-150x150.jpg 150w, https:\/\/onlinelotto365.com\/wp-content\/uploads\/2020\/11\/online_lottery-123.jpg 320w\" sizes=\"auto, (max-width: 228px) 100vw, 228px\" \/><\/p>\n<p>\u010ce ste osvojili ve\u010d kot 2500 \u20ac, je postopek nekoliko bolj zapleten, vendar ne skrbite, saj vam bomo pri vsem tem pomagali. Povezali se bomo z vami in vam poslali kopijo obrazca zahtevka, ki ga je treba poslati komisiji za loterijo. Ko ga boste izpolnili, boste lahko dobili svoj dobitek v skladu s tem, kar ste predlo\u017eili na papirju. Prejmete lahko \u010dek ali ban\u010dno nakazilo.<\/p>\n","protected":false},"excerpt":{"rendered":"<p>Kako igrati Oz Lotto na spletu Ne glede na to, ali \u017eivite v Sloveniji ali ne, lahko na spletu igrate Oz Lotto brez te\u017eav. Vse, kar morate storiti, je najti pravo stran na na\u0161em spletnem mestu, klikniti nekaj gumbov in \u0161e preden se boste zavedali, boste imeli \u017eelene vstopnice. \u0160e bolje, samo vzpostavite popolnoma brezpla\u010den [&hellip;]<\/p>\n","protected":false},"author":1,"featured_media":0,"parent":5088,"menu_order":14,"comment_status":"closed","ping_status":"closed","template":"template-rightsidebar.php","meta":{"_et_pb_use_builder":"","_et_pb_old_content":"","_et_gb_content_width":"","exclude_from_search":false,"footnotes":""},"class_list":["post-79344","page","type-page","status-publish","hentry"],"yoast_head":"<!-- This site is optimized with the Yoast SEO plugin v23.4 - https:\/\/yoast.com\/wordpress\/plugins\/seo\/ -->\n<title>Igrajte Oz Lotto tukaj - najve\u010dje loterije planeta, ki so na voljo na spletu iz Slovenije<\/title>\n<meta name=\"description\" content=\"Igrajte \u0161tevilne mednarodne loterije na spletu, vklju\u010dno z OzLotto\" \/>\n<meta name=\"robots\" content=\"index, follow, max-snippet:-1, max-image-preview:large, max-video-preview:-1\" \/>\n<link rel=\"canonical\" href=\"https:\/\/onlinelotto365.com\/sl\/igrajte\/oz-lotto\/\" \/>\n<meta property=\"og:locale\" content=\"sl_SI\" \/>\n<meta property=\"og:type\" content=\"article\" \/>\n<meta property=\"og:title\" content=\"Igrajte Oz Lotto tukaj - najve\u010dje loterije planeta, ki so na voljo na spletu iz Slovenije\" \/>\n<meta property=\"og:description\" content=\"Igrajte \u0161tevilne mednarodne loterije na spletu, vklju\u010dno z OzLotto\" \/>\n<meta property=\"og:url\" content=\"https:\/\/onlinelotto365.com\/sl\/igrajte\/oz-lotto\/\" \/>\n<meta property=\"og:site_name\" content=\"OnlineLotto365\" \/>\n<meta property=\"og:image\" content=\"https:\/\/redfoxlotto.com\/image?size=8&amp;lottery=oz-lotto\" \/>\n<meta name=\"twitter:card\" content=\"summary_large_image\" \/>\n<meta name=\"twitter:label1\" content=\"Est. reading time\" \/>\n\t<meta name=\"twitter:data1\" content=\"4 minute\" \/>\n<script type=\"application\/ld+json\" class=\"yoast-schema-graph\">{\"@context\":\"https:\/\/schema.org\",\"@graph\":[{\"@type\":\"WebPage\",\"@id\":\"https:\/\/onlinelotto365.com\/sl\/igrajte\/oz-lotto\/\",\"url\":\"https:\/\/onlinelotto365.com\/sl\/igrajte\/oz-lotto\/\",\"name\":\"Igrajte Oz Lotto tukaj - najve\u010dje loterije planeta, ki so na voljo na spletu iz Slovenije\",\"isPartOf\":{\"@id\":\"https:\/\/onlinelotto365.com\/sl\/#website\"},\"primaryImageOfPage\":{\"@id\":\"https:\/\/onlinelotto365.com\/sl\/igrajte\/oz-lotto\/#primaryimage\"},\"image\":{\"@id\":\"https:\/\/onlinelotto365.com\/sl\/igrajte\/oz-lotto\/#primaryimage\"},\"thumbnailUrl\":\"https:\/\/redfoxlotto.com\/image?size=8&amp;lottery=oz-lotto\",\"datePublished\":\"2022-11-03T11:29:40+00:00\",\"dateModified\":\"2022-11-03T11:29:40+00:00\",\"description\":\"Igrajte \u0161tevilne mednarodne loterije na spletu, vklju\u010dno z OzLotto\",\"breadcrumb\":{\"@id\":\"https:\/\/onlinelotto365.com\/sl\/igrajte\/oz-lotto\/#breadcrumb\"},\"inLanguage\":\"sl-SI\",\"potentialAction\":[{\"@type\":\"ReadAction\",\"target\":[\"https:\/\/onlinelotto365.com\/sl\/igrajte\/oz-lotto\/\"]}]},{\"@type\":\"ImageObject\",\"inLanguage\":\"sl-SI\",\"@id\":\"https:\/\/onlinelotto365.com\/sl\/igrajte\/oz-lotto\/#primaryimage\",\"url\":\"https:\/\/redfoxlotto.com\/image?size=8&amp;lottery=oz-lotto\",\"contentUrl\":\"https:\/\/redfoxlotto.com\/image?size=8&amp;lottery=oz-lotto\"},{\"@type\":\"BreadcrumbList\",\"@id\":\"https:\/\/onlinelotto365.com\/sl\/igrajte\/oz-lotto\/#breadcrumb\",\"itemListElement\":[{\"@type\":\"ListItem\",\"position\":1,\"name\":\"Home\",\"item\":\"https:\/\/onlinelotto365.com\/sl\/\"},{\"@type\":\"ListItem\",\"position\":2,\"name\":\"Vse, kar morate vedeti o va\u0161ih mo\u017enostih igranja najbolj\u0161ih loterij prek spleta\",\"item\":\"https:\/\/onlinelotto365.com\/sl\/igrajte\/\"},{\"@type\":\"ListItem\",\"position\":3,\"name\":\"Igranje Oz Lotto je le ena od mo\u017enosti za ljubitelje loterije iz Slovenije\"}]},{\"@type\":\"WebSite\",\"@id\":\"https:\/\/onlinelotto365.com\/sl\/#website\",\"url\":\"https:\/\/onlinelotto365.com\/sl\/\",\"name\":\"OnlineLotto365\",\"description\":\"\",\"potentialAction\":[{\"@type\":\"SearchAction\",\"target\":{\"@type\":\"EntryPoint\",\"urlTemplate\":\"https:\/\/onlinelotto365.com\/sl\/?s={search_term_string}\"},\"query-input\":{\"@type\":\"PropertyValueSpecification\",\"valueRequired\":true,\"valueName\":\"search_term_string\"}}],\"inLanguage\":\"sl-SI\"}]}<\/script>\n<!-- \/ Yoast SEO plugin. -->","yoast_head_json":{"title":"Igrajte Oz Lotto tukaj - najve\u010dje loterije planeta, ki so na voljo na spletu iz Slovenije","description":"Igrajte \u0161tevilne mednarodne loterije na spletu, vklju\u010dno z OzLotto","robots":{"index":"index","follow":"follow","max-snippet":"max-snippet:-1","max-image-preview":"max-image-preview:large","max-video-preview":"max-video-preview:-1"},"canonical":"https:\/\/onlinelotto365.com\/sl\/igrajte\/oz-lotto\/","og_locale":"sl_SI","og_type":"article","og_title":"Igrajte Oz Lotto tukaj - najve\u010dje loterije planeta, ki so na voljo na spletu iz Slovenije","og_description":"Igrajte \u0161tevilne mednarodne loterije na spletu, vklju\u010dno z OzLotto","og_url":"https:\/\/onlinelotto365.com\/sl\/igrajte\/oz-lotto\/","og_site_name":"OnlineLotto365","og_image":[{"url":"https:\/\/redfoxlotto.com\/image?size=8&amp;lottery=oz-lotto"}],"twitter_card":"summary_large_image","twitter_misc":{"Est. reading time":"4 minute"},"schema":{"@context":"https:\/\/schema.org","@graph":[{"@type":"WebPage","@id":"https:\/\/onlinelotto365.com\/sl\/igrajte\/oz-lotto\/","url":"https:\/\/onlinelotto365.com\/sl\/igrajte\/oz-lotto\/","name":"Igrajte Oz Lotto tukaj - najve\u010dje loterije planeta, ki so na voljo na spletu iz Slovenije","isPartOf":{"@id":"https:\/\/onlinelotto365.com\/sl\/#website"},"primaryImageOfPage":{"@id":"https:\/\/onlinelotto365.com\/sl\/igrajte\/oz-lotto\/#primaryimage"},"image":{"@id":"https:\/\/onlinelotto365.com\/sl\/igrajte\/oz-lotto\/#primaryimage"},"thumbnailUrl":"https:\/\/redfoxlotto.com\/image?size=8&amp;lottery=oz-lotto","datePublished":"2022-11-03T11:29:40+00:00","dateModified":"2022-11-03T11:29:40+00:00","description":"Igrajte \u0161tevilne mednarodne loterije na spletu, vklju\u010dno z OzLotto","breadcrumb":{"@id":"https:\/\/onlinelotto365.com\/sl\/igrajte\/oz-lotto\/#breadcrumb"},"inLanguage":"sl-SI","potentialAction":[{"@type":"ReadAction","target":["https:\/\/onlinelotto365.com\/sl\/igrajte\/oz-lotto\/"]}]},{"@type":"ImageObject","inLanguage":"sl-SI","@id":"https:\/\/onlinelotto365.com\/sl\/igrajte\/oz-lotto\/#primaryimage","url":"https:\/\/redfoxlotto.com\/image?size=8&amp;lottery=oz-lotto","contentUrl":"https:\/\/redfoxlotto.com\/image?size=8&amp;lottery=oz-lotto"},{"@type":"BreadcrumbList","@id":"https:\/\/onlinelotto365.com\/sl\/igrajte\/oz-lotto\/#breadcrumb","itemListElement":[{"@type":"ListItem","position":1,"name":"Home","item":"https:\/\/onlinelotto365.com\/sl\/"},{"@type":"ListItem","position":2,"name":"Vse, kar morate vedeti o va\u0161ih mo\u017enostih igranja najbolj\u0161ih loterij prek spleta","item":"https:\/\/onlinelotto365.com\/sl\/igrajte\/"},{"@type":"ListItem","position":3,"name":"Igranje Oz Lotto je le ena od mo\u017enosti za ljubitelje loterije iz Slovenije"}]},{"@type":"WebSite","@id":"https:\/\/onlinelotto365.com\/sl\/#website","url":"https:\/\/onlinelotto365.com\/sl\/","name":"OnlineLotto365","description":"","potentialAction":[{"@type":"SearchAction","target":{"@type":"EntryPoint","urlTemplate":"https:\/\/onlinelotto365.com\/sl\/?s={search_term_string}"},"query-input":{"@type":"PropertyValueSpecification","valueRequired":true,"valueName":"search_term_string"}}],"inLanguage":"sl-SI"}]}},"_links":{"self":[{"href":"https:\/\/onlinelotto365.com\/sl\/wp-json\/wp\/v2\/pages\/79344","targetHints":{"allow":["GET"]}}],"collection":[{"href":"https:\/\/onlinelotto365.com\/sl\/wp-json\/wp\/v2\/pages"}],"about":[{"href":"https:\/\/onlinelotto365.com\/sl\/wp-json\/wp\/v2\/types\/page"}],"author":[{"embeddable":true,"href":"https:\/\/onlinelotto365.com\/sl\/wp-json\/wp\/v2\/users\/1"}],"replies":[{"embeddable":true,"href":"https:\/\/onlinelotto365.com\/sl\/wp-json\/wp\/v2\/comments?post=79344"}],"version-history":[{"count":0,"href":"https:\/\/onlinelotto365.com\/sl\/wp-json\/wp\/v2\/pages\/79344\/revisions"}],"up":[{"embeddable":true,"href":"https:\/\/onlinelotto365.com\/sl\/wp-json\/wp\/v2\/pages\/5088"}],"wp:attachment":[{"href":"https:\/\/onlinelotto365.com\/sl\/wp-json\/wp\/v2\/media?parent=79344"}],"curies":[{"name":"wp","href":"https:\/\/api.w.org\/{rel}","templated":true}]}}