{"id":79388,"date":"2022-11-04T07:14:16","date_gmt":"2022-11-04T06:14:16","guid":{"rendered":"https:\/\/onlinelotto365.com\/?page_id=79388"},"modified":"2022-11-04T07:15:09","modified_gmt":"2022-11-04T06:15:09","slug":"powerball-australia","status":"publish","type":"page","link":"https:\/\/onlinelotto365.com\/sl\/igrajte\/powerball-australia\/","title":{"rendered":"Powerball Avstralija &#8211; niste ve\u010d omejeni na svoje Slovenija loterije"},"content":{"rendered":"<h2>Kako igrati Powerball Australia na spletu<\/h2>\n<p>Igranje igre Powerball Australia na spletu je pravzaprav zelo preprosto, tudi \u010de ste v Sloveniji. To je tudi precej priro\u010dno, saj ste \u017ee tukaj, kjer lahko z nekaj kliki z mi\u0161ko dobite svoje vstopnice.<\/p>\n<p>Za vas bo poskrbljeno na vsakem koraku, kjer morate le vzpostaviti brezpla\u010den ra\u010dun, opraviti svoje izbire, izbrati eno od \u0161tevilnih priro\u010dnih mo\u017enosti pla\u010dila, za vse ostalo pa poskrbimo mi.<\/p>\n<p>Prepri\u010dajte se, da ste kliknili na pravo loterijo, in sicer Powerball Australia. Nato izberite svoje \u0161tevilke. \u010ce posku\u0161ate izbrati preve\u010d \u0161tevilk ali niste izbrali dovolj \u0161tevilk, vas bo sistem pozval, da izberete manj ali ve\u010d \u0161tevilk. Kliknete lahko tudi na gumb za hitro izbiro in spletno mesto bo za vas naklju\u010dno izbralo nekaj \u0161tevilk. Te \u0161tevilke lahko \u0161e vedno ro\u010dno urejate, \u010de vam niso v\u0161e\u010d.<\/p>\n<p>Obstaja tudi metoda, ki jo radi uporabljajo \u0161tevilni igralci &#8211; funkcija hitrega izbiranja. Lahko pa tudi ro\u010dno uporabite nekaj svojih najljub\u0161ih \u0161tevilk in pustite, da generator naklju\u010dnih \u0161tevilk preostale izbere namesto vas.<\/p>\n<p>Nato lahko izberete drugo loterijo, odigrate ve\u010d sre\u010dk in jih dodate svojemu naro\u010dilu. Nato kliknite, da se odjavite in varno pla\u010date svoje sre\u010dke. V tem trenutku boste morali ustvariti ra\u010dun pri nas. Seveda lahko tudi najprej ustvarite svoj ra\u010dun in nato za\u010dnete postopek naro\u010danja sre\u010dk.<\/p>\n<p>Ko boste ustvarili svoj ra\u010dun, vam bomo poslali potrditveno e-po\u0161to s povezavo, ki jo morate klikniti. Ne pozabite preveriti mape za neza\u017eeleno po\u0161to, da boste na\u0161li to e-po\u0161tno sporo\u010dilo. Pametno bi bilo, da na\u0161 e-po\u0161tni naslov ozna\u010dite kot zaupanja vrednega po\u0161iljatelja. To zagotavlja, da vas bodo pomembna sporo\u010dila, kot so obvestila o dobitkih, dejansko dosegla.<\/p>\n<p><a href=\"https:\/\/redfoxlotto.com\/play\/powerball-au\/?ref=a8564250a2&amp;medium=ol365\" target=\"_blank\" rel=\"noopener noreferrer\"><img decoding=\"async\" class=\"aligncenter\" src=\"https:\/\/redfoxlotto.com\/image?size=8&amp;lottery=powerball-au\" alt=\"Powerball Avstralija\" \/><\/a><\/p>\n<h2>O igri Powerball Australia<\/h2>\n<ul>\n<li>Dr\u017eava: Slovenija Avstralija<\/li>\n<li>Razpon glavnih \u0161tevilk: 35<\/li>\n<li>Izbrati morate: 7<\/li>\n<li>Razpon dodatnih \u0161tevilk: 20<\/li>\n<li>Izbrati morate: 1<\/li>\n<li>Dnevi, ure \u017erebanja: Izberete lahko ve\u010d vrstic, ki so na voljo za \u017erebanje: \u010cetrtek, 21:30 GMT+11, 10:30 CET<\/li>\n<li>Jackpot se za\u010dne pri: AU$, za\u010dne se s 3 milijoni avstralskih dolarjev.<\/li>\n<li>Jackpot je omejen na: AU$ 150 milijonov AU$<\/li>\n<li>Mo\u017enost za osvojitev glavnega dobitka: 1 proti 134.490.400<\/li>\n<li>Mo\u017enost za osvojitev druge nagrade: 1 proti 7.078.443<\/li>\n<li>mo\u017enost, da osvojite katero koli nagrado: 1 proti 24,87<\/li>\n<li>\u0160tevilo nagradnih kategorij: 1: 7<\/li>\n<\/ul>\n<h2>Kako preveriti rezultate igre Powerball Australia<\/h2>\n<p>Rezultate lahko preverite na ve\u010d na\u010dinov. Najdete jih na uradnem spletnem mestu loterije. Pri nekaterih loterijah lahko zmagovalne \u0161tevilke najdete v lokalnem \u010dasopisu ali pa jih predvaja televizijski kanal. Najla\u017eji na\u010din pa je, da se vrnete na na\u0161e spletno mesto in preverite najnovej\u0161e dobitne \u0161tevilke tukaj. Ko ste prijavljeni v svoj ra\u010dun, lahko \u0161tevilke, ki ste jih igrali, primerjate s \u0161tevilkami iz \u017erebanja. Takoj si lahko ogledate, koliko ste osvojili.<\/p>\n<h2>Igrali ste Powerball Australia na spletu in zmagali &#8211; kaj sledi?<\/h2>\n<p>Najprej preverite, koliko ste osvojili. \u010ce je dobitek manj\u0161i od 2500 EUR, bo znesek nakazan na va\u0161 igralni ra\u010dun. Lahko ga uporabite za nakup dodatnih sre\u010dk, \u010de pa vam je to ljub\u0161e, ga lahko izpla\u010date. Opozarjamo, da je mo\u017enost izpla\u010dila vidna le, \u010de je stanje na va\u0161em ra\u010dunu vsaj 10 \u20ac.<br \/>\n<img loading=\"lazy\" decoding=\"async\" class=\"alignright wp-image-1653\" src=\"https:\/\/onlinelotto365.com\/wp-content\/uploads\/2020\/11\/online_lottery-145-300x143.jpg\" alt=\"igranje powerball australia na spletu\" width=\"413\" height=\"197\" \/><\/p>\n<p>Za dobitke nad 2500 \u20ac vas bo kontaktirala na\u0161a slu\u017eba za podporo uporabnikom. Izpolniti boste morali obrazec zahtevka, ki ga bomo nato poslali komisiji za loterijo. Nato boste dobitek prejeli z ban\u010dnim nakazilom ali \u010dekom, odvisno od va\u0161ih \u017eelja.<\/p>\n","protected":false},"excerpt":{"rendered":"<p>Kako igrati Powerball Australia na spletu Igranje igre Powerball Australia na spletu je pravzaprav zelo preprosto, tudi \u010de ste v Sloveniji. To je tudi precej priro\u010dno, saj ste \u017ee tukaj, kjer lahko z nekaj kliki z mi\u0161ko dobite svoje vstopnice. Za vas bo poskrbljeno na vsakem koraku, kjer morate le vzpostaviti brezpla\u010den ra\u010dun, opraviti svoje [&hellip;]<\/p>\n","protected":false},"author":1,"featured_media":0,"parent":5088,"menu_order":13,"comment_status":"closed","ping_status":"closed","template":"powerball-au.php","meta":{"_et_pb_use_builder":"","_et_pb_old_content":"","_et_gb_content_width":"","exclude_from_search":false,"footnotes":""},"class_list":["post-79388","page","type-page","status-publish","hentry"],"yoast_head":"<!-- This site is optimized with the Yoast SEO plugin v23.4 - https:\/\/yoast.com\/wordpress\/plugins\/seo\/ -->\n<title>Igrajte Powerball Australia prek spleta iz Slovenije | Ali lahko sodelujem v loteriji Powerball Australia, \u010de \u017eivim v Sloveniji<\/title>\n<meta name=\"description\" content=\"Igrajte Powerball Avstralija tukaj - najve\u010dje loterije na svetu, ki so na voljo na spletu iz Slovenije\" \/>\n<meta name=\"robots\" content=\"index, follow, max-snippet:-1, max-image-preview:large, max-video-preview:-1\" \/>\n<link rel=\"canonical\" href=\"https:\/\/onlinelotto365.com\/sl\/igrajte\/powerball-australia\/\" \/>\n<meta property=\"og:locale\" content=\"sl_SI\" \/>\n<meta property=\"og:type\" content=\"article\" \/>\n<meta property=\"og:title\" content=\"Igrajte Powerball Australia prek spleta iz Slovenije | Ali lahko sodelujem v loteriji Powerball Australia, \u010de \u017eivim v Sloveniji\" \/>\n<meta property=\"og:description\" content=\"Igrajte Powerball Avstralija tukaj - najve\u010dje loterije na svetu, ki so na voljo na spletu iz Slovenije\" \/>\n<meta property=\"og:url\" content=\"https:\/\/onlinelotto365.com\/sl\/igrajte\/powerball-australia\/\" \/>\n<meta property=\"og:site_name\" content=\"OnlineLotto365\" \/>\n<meta property=\"article:modified_time\" content=\"2022-11-04T06:15:09+00:00\" \/>\n<meta property=\"og:image\" content=\"https:\/\/redfoxlotto.com\/image?size=8&amp;lottery=powerball-au\" \/>\n<meta name=\"twitter:card\" content=\"summary_large_image\" \/>\n<meta name=\"twitter:label1\" content=\"Est. reading time\" \/>\n\t<meta name=\"twitter:data1\" content=\"3 minute\" \/>\n<script type=\"application\/ld+json\" class=\"yoast-schema-graph\">{\"@context\":\"https:\/\/schema.org\",\"@graph\":[{\"@type\":\"WebPage\",\"@id\":\"https:\/\/onlinelotto365.com\/sl\/igrajte\/powerball-australia\/\",\"url\":\"https:\/\/onlinelotto365.com\/sl\/igrajte\/powerball-australia\/\",\"name\":\"Igrajte Powerball Australia prek spleta iz Slovenije | Ali lahko sodelujem v loteriji Powerball Australia, \u010de \u017eivim v Sloveniji\",\"isPartOf\":{\"@id\":\"https:\/\/onlinelotto365.com\/sl\/#website\"},\"primaryImageOfPage\":{\"@id\":\"https:\/\/onlinelotto365.com\/sl\/igrajte\/powerball-australia\/#primaryimage\"},\"image\":{\"@id\":\"https:\/\/onlinelotto365.com\/sl\/igrajte\/powerball-australia\/#primaryimage\"},\"thumbnailUrl\":\"https:\/\/redfoxlotto.com\/image?size=8&amp;lottery=powerball-au\",\"datePublished\":\"2022-11-04T06:14:16+00:00\",\"dateModified\":\"2022-11-04T06:15:09+00:00\",\"description\":\"Igrajte Powerball Avstralija tukaj - najve\u010dje loterije na svetu, ki so na voljo na spletu iz Slovenije\",\"breadcrumb\":{\"@id\":\"https:\/\/onlinelotto365.com\/sl\/igrajte\/powerball-australia\/#breadcrumb\"},\"inLanguage\":\"sl-SI\",\"potentialAction\":[{\"@type\":\"ReadAction\",\"target\":[\"https:\/\/onlinelotto365.com\/sl\/igrajte\/powerball-australia\/\"]}]},{\"@type\":\"ImageObject\",\"inLanguage\":\"sl-SI\",\"@id\":\"https:\/\/onlinelotto365.com\/sl\/igrajte\/powerball-australia\/#primaryimage\",\"url\":\"https:\/\/redfoxlotto.com\/image?size=8&amp;lottery=powerball-au\",\"contentUrl\":\"https:\/\/redfoxlotto.com\/image?size=8&amp;lottery=powerball-au\"},{\"@type\":\"BreadcrumbList\",\"@id\":\"https:\/\/onlinelotto365.com\/sl\/igrajte\/powerball-australia\/#breadcrumb\",\"itemListElement\":[{\"@type\":\"ListItem\",\"position\":1,\"name\":\"Home\",\"item\":\"https:\/\/onlinelotto365.com\/sl\/\"},{\"@type\":\"ListItem\",\"position\":2,\"name\":\"Vse, kar morate vedeti o va\u0161ih mo\u017enostih igranja najbolj\u0161ih loterij prek spleta\",\"item\":\"https:\/\/onlinelotto365.com\/sl\/igrajte\/\"},{\"@type\":\"ListItem\",\"position\":3,\"name\":\"Powerball Avstralija &#8211; niste ve\u010d omejeni na svoje Slovenija loterije\"}]},{\"@type\":\"WebSite\",\"@id\":\"https:\/\/onlinelotto365.com\/sl\/#website\",\"url\":\"https:\/\/onlinelotto365.com\/sl\/\",\"name\":\"OnlineLotto365\",\"description\":\"\",\"potentialAction\":[{\"@type\":\"SearchAction\",\"target\":{\"@type\":\"EntryPoint\",\"urlTemplate\":\"https:\/\/onlinelotto365.com\/sl\/?s={search_term_string}\"},\"query-input\":{\"@type\":\"PropertyValueSpecification\",\"valueRequired\":true,\"valueName\":\"search_term_string\"}}],\"inLanguage\":\"sl-SI\"}]}<\/script>\n<!-- \/ Yoast SEO plugin. -->","yoast_head_json":{"title":"Igrajte Powerball Australia prek spleta iz Slovenije | Ali lahko sodelujem v loteriji Powerball Australia, \u010de \u017eivim v Sloveniji","description":"Igrajte Powerball Avstralija tukaj - najve\u010dje loterije na svetu, ki so na voljo na spletu iz Slovenije","robots":{"index":"index","follow":"follow","max-snippet":"max-snippet:-1","max-image-preview":"max-image-preview:large","max-video-preview":"max-video-preview:-1"},"canonical":"https:\/\/onlinelotto365.com\/sl\/igrajte\/powerball-australia\/","og_locale":"sl_SI","og_type":"article","og_title":"Igrajte Powerball Australia prek spleta iz Slovenije | Ali lahko sodelujem v loteriji Powerball Australia, \u010de \u017eivim v Sloveniji","og_description":"Igrajte Powerball Avstralija tukaj - najve\u010dje loterije na svetu, ki so na voljo na spletu iz Slovenije","og_url":"https:\/\/onlinelotto365.com\/sl\/igrajte\/powerball-australia\/","og_site_name":"OnlineLotto365","article_modified_time":"2022-11-04T06:15:09+00:00","og_image":[{"url":"https:\/\/redfoxlotto.com\/image?size=8&amp;lottery=powerball-au"}],"twitter_card":"summary_large_image","twitter_misc":{"Est. reading time":"3 minute"},"schema":{"@context":"https:\/\/schema.org","@graph":[{"@type":"WebPage","@id":"https:\/\/onlinelotto365.com\/sl\/igrajte\/powerball-australia\/","url":"https:\/\/onlinelotto365.com\/sl\/igrajte\/powerball-australia\/","name":"Igrajte Powerball Australia prek spleta iz Slovenije | Ali lahko sodelujem v loteriji Powerball Australia, \u010de \u017eivim v Sloveniji","isPartOf":{"@id":"https:\/\/onlinelotto365.com\/sl\/#website"},"primaryImageOfPage":{"@id":"https:\/\/onlinelotto365.com\/sl\/igrajte\/powerball-australia\/#primaryimage"},"image":{"@id":"https:\/\/onlinelotto365.com\/sl\/igrajte\/powerball-australia\/#primaryimage"},"thumbnailUrl":"https:\/\/redfoxlotto.com\/image?size=8&amp;lottery=powerball-au","datePublished":"2022-11-04T06:14:16+00:00","dateModified":"2022-11-04T06:15:09+00:00","description":"Igrajte Powerball Avstralija tukaj - najve\u010dje loterije na svetu, ki so na voljo na spletu iz Slovenije","breadcrumb":{"@id":"https:\/\/onlinelotto365.com\/sl\/igrajte\/powerball-australia\/#breadcrumb"},"inLanguage":"sl-SI","potentialAction":[{"@type":"ReadAction","target":["https:\/\/onlinelotto365.com\/sl\/igrajte\/powerball-australia\/"]}]},{"@type":"ImageObject","inLanguage":"sl-SI","@id":"https:\/\/onlinelotto365.com\/sl\/igrajte\/powerball-australia\/#primaryimage","url":"https:\/\/redfoxlotto.com\/image?size=8&amp;lottery=powerball-au","contentUrl":"https:\/\/redfoxlotto.com\/image?size=8&amp;lottery=powerball-au"},{"@type":"BreadcrumbList","@id":"https:\/\/onlinelotto365.com\/sl\/igrajte\/powerball-australia\/#breadcrumb","itemListElement":[{"@type":"ListItem","position":1,"name":"Home","item":"https:\/\/onlinelotto365.com\/sl\/"},{"@type":"ListItem","position":2,"name":"Vse, kar morate vedeti o va\u0161ih mo\u017enostih igranja najbolj\u0161ih loterij prek spleta","item":"https:\/\/onlinelotto365.com\/sl\/igrajte\/"},{"@type":"ListItem","position":3,"name":"Powerball Avstralija &#8211; niste ve\u010d omejeni na svoje Slovenija loterije"}]},{"@type":"WebSite","@id":"https:\/\/onlinelotto365.com\/sl\/#website","url":"https:\/\/onlinelotto365.com\/sl\/","name":"OnlineLotto365","description":"","potentialAction":[{"@type":"SearchAction","target":{"@type":"EntryPoint","urlTemplate":"https:\/\/onlinelotto365.com\/sl\/?s={search_term_string}"},"query-input":{"@type":"PropertyValueSpecification","valueRequired":true,"valueName":"search_term_string"}}],"inLanguage":"sl-SI"}]}},"_links":{"self":[{"href":"https:\/\/onlinelotto365.com\/sl\/wp-json\/wp\/v2\/pages\/79388","targetHints":{"allow":["GET"]}}],"collection":[{"href":"https:\/\/onlinelotto365.com\/sl\/wp-json\/wp\/v2\/pages"}],"about":[{"href":"https:\/\/onlinelotto365.com\/sl\/wp-json\/wp\/v2\/types\/page"}],"author":[{"embeddable":true,"href":"https:\/\/onlinelotto365.com\/sl\/wp-json\/wp\/v2\/users\/1"}],"replies":[{"embeddable":true,"href":"https:\/\/onlinelotto365.com\/sl\/wp-json\/wp\/v2\/comments?post=79388"}],"version-history":[{"count":0,"href":"https:\/\/onlinelotto365.com\/sl\/wp-json\/wp\/v2\/pages\/79388\/revisions"}],"up":[{"embeddable":true,"href":"https:\/\/onlinelotto365.com\/sl\/wp-json\/wp\/v2\/pages\/5088"}],"wp:attachment":[{"href":"https:\/\/onlinelotto365.com\/sl\/wp-json\/wp\/v2\/media?parent=79388"}],"curies":[{"name":"wp","href":"https:\/\/api.w.org\/{rel}","templated":true}]}}