{"id":79426,"date":"2022-11-04T09:32:49","date_gmt":"2022-11-04T08:32:49","guid":{"rendered":"https:\/\/onlinelotto365.com\/?page_id=79426"},"modified":"2022-11-04T09:33:01","modified_gmt":"2022-11-04T08:33:01","slug":"mega-sena","status":"publish","type":"page","link":"https:\/\/onlinelotto365.com\/sl\/igrajte\/mega-sena\/","title":{"rendered":"Kako lahko prebivalci Slovenije igrajo Mega-Seno na spletu?"},"content":{"rendered":"<p>Na\u0161a storitev vam trenutno omogo\u010da nakup sre\u010dk za 15 razli\u010dnih velikih loterij z vsega sveta. Ponosni smo, da lahko na\u0161im igralcem ponudimo mo\u017enost igranja brazilske loterije Mega Sena na spletu. Kot pri vseh velikih loterijah ste morali prej \u017eiveti v dr\u017eavi ali na obmo\u010dju, kjer se je izvajala dolo\u010dena loterija, in se za nakup sre\u010dk odpraviti v tamkaj\u0161njo prodajalno loterije.<\/p>\n<p>Vendar to zdaj ne velja ve\u010d, saj lahko na njih igrate tudi iz Slovenije in kupite poljubne sre\u010dke kar prek spleta, in sicer za poljubno \u0161tevilo razli\u010dnih loterij kar z lastnega ra\u010dunalnika.<\/p>\n<p>Zdaj, ko se je v svetu igranja loterije pojavil nov dan, so igralci spregovorili in zahtevali so veliko izbiro razli\u010dnih loterij. Zato vam prina\u0161amo najbolj\u0161e od tega na va\u0161 dom. Med njimi je Mega-Sena Lotto, najve\u010dja brazilska loterija.<\/p>\n<p><a href=\"https:\/\/redfoxlotto.com\/play\/mega-sena\/?ref=a8564250a2&amp;medium=ol365\" target=\"_blank\" rel=\"noopener noreferrer\"><img decoding=\"async\" class=\"aligncenter\" src=\"https:\/\/redfoxlotto.com\/image?size=8&amp;lottery=mega-sena\" alt=\"mega-sena\" \/><\/a><\/p>\n<h2>O loteriji Mega-Sena<\/h2>\n<ul>\n<li>Dr\u017eava: .<\/li>\n<li>Glavni obseg \u0161tevilk: 60<\/li>\n<li>Izberete: 6<\/li>\n<li>Razpon dodatnih \u0161tevilk: ni<\/li>\n<li>Izberete: nobena<\/li>\n<li>Dnevi in ure \u017erebanja: Sreda, sobota, 20:00 GMT -3, 24:00 CET<\/li>\n<li>Najmanj\u0161i dobitek:: R$ 2 milijona<\/li>\n<li>Najvi\u0161ji mo\u017eni jackpot: ni omejitve<\/li>\n<li>Verjetnost dobitka: 1 proti 50.063.860<\/li>\n<li>Verjetnost dobitka iz drugega reda: 1: 1 proti 15.451.809<\/li>\n<li>Verjetnost dobitka v katerem koli razredu: 1 proti 2297,56<\/li>\n<li>\u0160tevilo nagradnih stopenj: 1: 3<\/li>\n<\/ul>\n<p>\u017drebanja za Mega-Sena potekajo ob sredah in sobotah, kar med vsemi drugimi loterijami, ki jih igrate zdaj, dodaja \u0161e dve mo\u017enosti za dobitek. Ponujamo vam veliko izbiro in vse se spla\u010da igrati, vklju\u010dno z igro Mega Sena.<\/p>\n<p>Za igranje lota Mega Sena igralci izberejo 6 \u0161tevilk od 1 do 60. \u010ce ujamete vseh 6 \u0161tevilk, osvojite glavni dobitek, ki vedno zna\u0161a vsaj nekaj milijonov dolarjev, pogosto pa je veliko vi\u0161ji.<br \/>\nVendar se Mega-Sena razlikuje od vseh drugih loterij na svetu, saj nima samo 60 kroglic z razli\u010dnimi \u0161tevilkami. Na voljo sta dva razli\u010dna bobna, eden z 0 do 5, drugi pa z 0 do 9. \u0160tevilke se nato iz\u017erebajo ena za drugo.<\/p>\n<p>\u010ce na primer iz prvega bobna izvle\u010dejo 2, iz drugega pa 9, je iz\u017erebana \u0161tevilka 29. Ko je enkrat iz\u017erebana enomestna \u0161tevilka, je ne dajo nazaj v boben. Tako zdaj vemo, da bo iz\u017erebana natanko ena enomestna \u0161tevilka, razen \u010de ni iz\u017erebana \u0161tevilka 00, za katero velja, da je 60, ena, ki se za\u010dne z 1, ena, ki se za\u010dne z 2, in tako naprej. To je zanimiv preobrat, ki dejansko olaj\u0161a zmago, \u010de se dr\u017eite te strategije.<\/p>\n<p>\u010ce ujamete vseh 6 \u0161tevilk, osvojite glavni dobitek, \u010de pa ujamete 4 ali 5 \u0161tevilk, osvojite sekundarni dobitek. Kot se pogosto dogaja pri dr\u017eavnih loterijah, se dobi\u010dek, ustvarjen v igri Mega-Sena Lotto, nameni za podporo socialnim programom, pri \u010demer se Brazilci dejansko mo\u010dno zana\u0161ajo na te donacije. \u010ceprav nismo iz Brazilije in zato od tega nimamo neposredne koristi, je dobro vedeti, da z igranjem igre Mega Sena poleg zabave, ki jo imamo ob tem, zagotovo naredimo nekaj dobrega.<\/p>\n<h2>Loterije so najljub\u0161a oblika iger na sre\u010do na svetu<\/h2>\n<p>Ni te\u017eko ugotoviti, zakaj so loterije najbolj priljubljena oblika iger na sre\u010do na svetu. Ne gre niti za to, da so tako lahko dostopne, \u010deprav tudi to zagotovo pomaga. Pravi razlog je vznemirjenje, ki ga prina\u0161a mo\u017enost osvojitve ogromnih vsot denarja.<\/p>\n<p>Prav tako se zdi, da je na\u0161 apetit po teh velikih dobitkih precej velik. \u010ce ste \u017ee kdaj opazili, kak\u0161en hrup nastane, ko glavni dobitki narastejo na ogromne zneske, in koliko ve\u010d sre\u010dk se proda za te dobitke ter kako dalj\u0161e so \u010dakalne vrste, potem veste, da je vse to res.<br \/>\n<img loading=\"lazy\" decoding=\"async\" class=\"size-medium wp-image-1136 alignright\" src=\"https:\/\/onlinelotto365.com\/wp-content\/uploads\/2020\/11\/online_lottery-96-300x212.jpg\" alt=\"igranje mega-sena na spletu\" width=\"300\" height=\"212\" \/><\/p>\n<p>Zakaj ne bi bili ljudje navdu\u0161eni nad mo\u017enostjo, da osvojijo dovolj denarja, da si zagotovijo \u017eivljenjsko razko\u0161je in bogastvo? Za veliko ve\u010dino od nas je to edina prilo\u017enost, ki jo bomo kdajkoli imeli za tak\u0161en na\u010din \u017eivljenja. Navadni ljudje, kot smo mi, pa osvojijo te velikanske zneske in nikoli ne veste, ali in kdaj boste pri\u0161li na vrsto vi.<\/p>\n<p>\u017de samo igranje prina\u0161a ljudem veliko u\u017eitka in \u010deprav so mo\u017enosti, da bi na ta na\u010din osvojili veliko denarja, zelo majhne, mo\u017enost \u0161e vedno obstaja. \u010ce ne igrate, ne morete sanjati in ne u\u017eivate v mislih, da se vam to lahko zgodi.<\/p>\n<p>Seveda vam ni treba osvojiti glavnega dobitka, da bi osvojili denar na loteriji, in igralci ves \u010das osvajajo manj\u0161e nagrade. Nekateri od teh manj\u0161ih nagrad pravzaprav sploh niso tako majhni. Pri igranju loterij lahko denar osvojite na veliko razli\u010dnih na\u010dinov in vsakokratni dobitek je vedno zelo prijeten.<\/p>\n","protected":false},"excerpt":{"rendered":"<p>Na\u0161a storitev vam trenutno omogo\u010da nakup sre\u010dk za 15 razli\u010dnih velikih loterij z vsega sveta. Ponosni smo, da lahko na\u0161im igralcem ponudimo mo\u017enost igranja brazilske loterije Mega Sena na spletu. Kot pri vseh velikih loterijah ste morali prej \u017eiveti v dr\u017eavi ali na obmo\u010dju, kjer se je izvajala dolo\u010dena loterija, in se za nakup sre\u010dk [&hellip;]<\/p>\n","protected":false},"author":1,"featured_media":0,"parent":5088,"menu_order":12,"comment_status":"closed","ping_status":"closed","template":"megasena.php","meta":{"_et_pb_use_builder":"","_et_pb_old_content":"","_et_gb_content_width":"","exclude_from_search":false,"footnotes":""},"class_list":["post-79426","page","type-page","status-publish","hentry"],"yoast_head":"<!-- This site is optimized with the Yoast SEO plugin v23.4 - https:\/\/yoast.com\/wordpress\/plugins\/seo\/ -->\n<title>Igraj Mega-Seno prek spleta iz Slovenije | Ali lahko sodelujem v Mega-Seni, \u010de \u017eivim v Sloveniji<\/title>\n<meta name=\"description\" content=\"Z na\u0161o spletno storitvijo za prodajo vstopnic lahko enostavno igrate Mega-Seno prek spleta\" \/>\n<meta name=\"robots\" content=\"index, follow, max-snippet:-1, max-image-preview:large, max-video-preview:-1\" \/>\n<link rel=\"canonical\" href=\"https:\/\/onlinelotto365.com\/sl\/igrajte\/mega-sena\/\" \/>\n<meta property=\"og:locale\" content=\"sl_SI\" \/>\n<meta property=\"og:type\" content=\"article\" \/>\n<meta property=\"og:title\" content=\"Igraj Mega-Seno prek spleta iz Slovenije | Ali lahko sodelujem v Mega-Seni, \u010de \u017eivim v Sloveniji\" \/>\n<meta property=\"og:description\" content=\"Z na\u0161o spletno storitvijo za prodajo vstopnic lahko enostavno igrate Mega-Seno prek spleta\" \/>\n<meta property=\"og:url\" content=\"https:\/\/onlinelotto365.com\/sl\/igrajte\/mega-sena\/\" \/>\n<meta property=\"og:site_name\" content=\"OnlineLotto365\" \/>\n<meta property=\"article:modified_time\" content=\"2022-11-04T08:33:01+00:00\" \/>\n<meta property=\"og:image\" content=\"https:\/\/redfoxlotto.com\/image?size=8&amp;lottery=mega-sena\" \/>\n<meta name=\"twitter:card\" content=\"summary_large_image\" \/>\n<meta name=\"twitter:label1\" content=\"Est. reading time\" \/>\n\t<meta name=\"twitter:data1\" content=\"4 minute\" \/>\n<script type=\"application\/ld+json\" class=\"yoast-schema-graph\">{\"@context\":\"https:\/\/schema.org\",\"@graph\":[{\"@type\":\"WebPage\",\"@id\":\"https:\/\/onlinelotto365.com\/sl\/igrajte\/mega-sena\/\",\"url\":\"https:\/\/onlinelotto365.com\/sl\/igrajte\/mega-sena\/\",\"name\":\"Igraj Mega-Seno prek spleta iz Slovenije | Ali lahko sodelujem v Mega-Seni, \u010de \u017eivim v Sloveniji\",\"isPartOf\":{\"@id\":\"https:\/\/onlinelotto365.com\/sl\/#website\"},\"primaryImageOfPage\":{\"@id\":\"https:\/\/onlinelotto365.com\/sl\/igrajte\/mega-sena\/#primaryimage\"},\"image\":{\"@id\":\"https:\/\/onlinelotto365.com\/sl\/igrajte\/mega-sena\/#primaryimage\"},\"thumbnailUrl\":\"https:\/\/redfoxlotto.com\/image?size=8&amp;lottery=mega-sena\",\"datePublished\":\"2022-11-04T08:32:49+00:00\",\"dateModified\":\"2022-11-04T08:33:01+00:00\",\"description\":\"Z na\u0161o spletno storitvijo za prodajo vstopnic lahko enostavno igrate Mega-Seno prek spleta\",\"breadcrumb\":{\"@id\":\"https:\/\/onlinelotto365.com\/sl\/igrajte\/mega-sena\/#breadcrumb\"},\"inLanguage\":\"sl-SI\",\"potentialAction\":[{\"@type\":\"ReadAction\",\"target\":[\"https:\/\/onlinelotto365.com\/sl\/igrajte\/mega-sena\/\"]}]},{\"@type\":\"ImageObject\",\"inLanguage\":\"sl-SI\",\"@id\":\"https:\/\/onlinelotto365.com\/sl\/igrajte\/mega-sena\/#primaryimage\",\"url\":\"https:\/\/redfoxlotto.com\/image?size=8&amp;lottery=mega-sena\",\"contentUrl\":\"https:\/\/redfoxlotto.com\/image?size=8&amp;lottery=mega-sena\"},{\"@type\":\"BreadcrumbList\",\"@id\":\"https:\/\/onlinelotto365.com\/sl\/igrajte\/mega-sena\/#breadcrumb\",\"itemListElement\":[{\"@type\":\"ListItem\",\"position\":1,\"name\":\"Home\",\"item\":\"https:\/\/onlinelotto365.com\/sl\/\"},{\"@type\":\"ListItem\",\"position\":2,\"name\":\"Vse, kar morate vedeti o va\u0161ih mo\u017enostih igranja najbolj\u0161ih loterij prek spleta\",\"item\":\"https:\/\/onlinelotto365.com\/sl\/igrajte\/\"},{\"@type\":\"ListItem\",\"position\":3,\"name\":\"Kako lahko prebivalci Slovenije igrajo Mega-Seno na spletu?\"}]},{\"@type\":\"WebSite\",\"@id\":\"https:\/\/onlinelotto365.com\/sl\/#website\",\"url\":\"https:\/\/onlinelotto365.com\/sl\/\",\"name\":\"OnlineLotto365\",\"description\":\"\",\"potentialAction\":[{\"@type\":\"SearchAction\",\"target\":{\"@type\":\"EntryPoint\",\"urlTemplate\":\"https:\/\/onlinelotto365.com\/sl\/?s={search_term_string}\"},\"query-input\":{\"@type\":\"PropertyValueSpecification\",\"valueRequired\":true,\"valueName\":\"search_term_string\"}}],\"inLanguage\":\"sl-SI\"}]}<\/script>\n<!-- \/ Yoast SEO plugin. -->","yoast_head_json":{"title":"Igraj Mega-Seno prek spleta iz Slovenije | Ali lahko sodelujem v Mega-Seni, \u010de \u017eivim v Sloveniji","description":"Z na\u0161o spletno storitvijo za prodajo vstopnic lahko enostavno igrate Mega-Seno prek spleta","robots":{"index":"index","follow":"follow","max-snippet":"max-snippet:-1","max-image-preview":"max-image-preview:large","max-video-preview":"max-video-preview:-1"},"canonical":"https:\/\/onlinelotto365.com\/sl\/igrajte\/mega-sena\/","og_locale":"sl_SI","og_type":"article","og_title":"Igraj Mega-Seno prek spleta iz Slovenije | Ali lahko sodelujem v Mega-Seni, \u010de \u017eivim v Sloveniji","og_description":"Z na\u0161o spletno storitvijo za prodajo vstopnic lahko enostavno igrate Mega-Seno prek spleta","og_url":"https:\/\/onlinelotto365.com\/sl\/igrajte\/mega-sena\/","og_site_name":"OnlineLotto365","article_modified_time":"2022-11-04T08:33:01+00:00","og_image":[{"url":"https:\/\/redfoxlotto.com\/image?size=8&amp;lottery=mega-sena"}],"twitter_card":"summary_large_image","twitter_misc":{"Est. reading time":"4 minute"},"schema":{"@context":"https:\/\/schema.org","@graph":[{"@type":"WebPage","@id":"https:\/\/onlinelotto365.com\/sl\/igrajte\/mega-sena\/","url":"https:\/\/onlinelotto365.com\/sl\/igrajte\/mega-sena\/","name":"Igraj Mega-Seno prek spleta iz Slovenije | Ali lahko sodelujem v Mega-Seni, \u010de \u017eivim v Sloveniji","isPartOf":{"@id":"https:\/\/onlinelotto365.com\/sl\/#website"},"primaryImageOfPage":{"@id":"https:\/\/onlinelotto365.com\/sl\/igrajte\/mega-sena\/#primaryimage"},"image":{"@id":"https:\/\/onlinelotto365.com\/sl\/igrajte\/mega-sena\/#primaryimage"},"thumbnailUrl":"https:\/\/redfoxlotto.com\/image?size=8&amp;lottery=mega-sena","datePublished":"2022-11-04T08:32:49+00:00","dateModified":"2022-11-04T08:33:01+00:00","description":"Z na\u0161o spletno storitvijo za prodajo vstopnic lahko enostavno igrate Mega-Seno prek spleta","breadcrumb":{"@id":"https:\/\/onlinelotto365.com\/sl\/igrajte\/mega-sena\/#breadcrumb"},"inLanguage":"sl-SI","potentialAction":[{"@type":"ReadAction","target":["https:\/\/onlinelotto365.com\/sl\/igrajte\/mega-sena\/"]}]},{"@type":"ImageObject","inLanguage":"sl-SI","@id":"https:\/\/onlinelotto365.com\/sl\/igrajte\/mega-sena\/#primaryimage","url":"https:\/\/redfoxlotto.com\/image?size=8&amp;lottery=mega-sena","contentUrl":"https:\/\/redfoxlotto.com\/image?size=8&amp;lottery=mega-sena"},{"@type":"BreadcrumbList","@id":"https:\/\/onlinelotto365.com\/sl\/igrajte\/mega-sena\/#breadcrumb","itemListElement":[{"@type":"ListItem","position":1,"name":"Home","item":"https:\/\/onlinelotto365.com\/sl\/"},{"@type":"ListItem","position":2,"name":"Vse, kar morate vedeti o va\u0161ih mo\u017enostih igranja najbolj\u0161ih loterij prek spleta","item":"https:\/\/onlinelotto365.com\/sl\/igrajte\/"},{"@type":"ListItem","position":3,"name":"Kako lahko prebivalci Slovenije igrajo Mega-Seno na spletu?"}]},{"@type":"WebSite","@id":"https:\/\/onlinelotto365.com\/sl\/#website","url":"https:\/\/onlinelotto365.com\/sl\/","name":"OnlineLotto365","description":"","potentialAction":[{"@type":"SearchAction","target":{"@type":"EntryPoint","urlTemplate":"https:\/\/onlinelotto365.com\/sl\/?s={search_term_string}"},"query-input":{"@type":"PropertyValueSpecification","valueRequired":true,"valueName":"search_term_string"}}],"inLanguage":"sl-SI"}]}},"_links":{"self":[{"href":"https:\/\/onlinelotto365.com\/sl\/wp-json\/wp\/v2\/pages\/79426","targetHints":{"allow":["GET"]}}],"collection":[{"href":"https:\/\/onlinelotto365.com\/sl\/wp-json\/wp\/v2\/pages"}],"about":[{"href":"https:\/\/onlinelotto365.com\/sl\/wp-json\/wp\/v2\/types\/page"}],"author":[{"embeddable":true,"href":"https:\/\/onlinelotto365.com\/sl\/wp-json\/wp\/v2\/users\/1"}],"replies":[{"embeddable":true,"href":"https:\/\/onlinelotto365.com\/sl\/wp-json\/wp\/v2\/comments?post=79426"}],"version-history":[{"count":0,"href":"https:\/\/onlinelotto365.com\/sl\/wp-json\/wp\/v2\/pages\/79426\/revisions"}],"up":[{"embeddable":true,"href":"https:\/\/onlinelotto365.com\/sl\/wp-json\/wp\/v2\/pages\/5088"}],"wp:attachment":[{"href":"https:\/\/onlinelotto365.com\/sl\/wp-json\/wp\/v2\/media?parent=79426"}],"curies":[{"name":"wp","href":"https:\/\/api.w.org\/{rel}","templated":true}]}}