{"id":79458,"date":"2022-11-04T11:16:38","date_gmt":"2022-11-04T10:16:38","guid":{"rendered":"https:\/\/onlinelotto365.com\/?page_id=79458"},"modified":"2022-11-04T11:16:38","modified_gmt":"2022-11-04T10:16:38","slug":"set-for-life","status":"publish","type":"page","link":"https:\/\/onlinelotto365.com\/sl\/igrajte\/set-for-life\/","title":{"rendered":"Ali je mogo\u010de igrati Set for life lotto na spletu?"},"content":{"rendered":"<p>Ali ste vedeli, da lahko z loterijo Set for Life vsak mesec osvojite 10.000 \u00a3? \u010ce \u017eelite poskusiti sre\u010do na loteriji, je Set za \u017eivljenje odli\u010den na\u010din za za\u010detek. Loterija Set za \u017eivljenje je najbolj znana po tem, da je edina igra, ki vam omogo\u010da igranje \u0161tevilk v sedmih zaporednih dnevnih \u017erebanjih. To preprosto pomeni, da imate vsak dan v tednu veliko mo\u017enosti za osvojitev glavnega dobitka.<\/p>\n<p>Tukaj vam bomo omogo\u010dili, da boste izvedeli ve\u010d o igri Set za \u017eivljenje in razumeli, zakaj veliko ljudi \u0161e naprej igra to loterijo.<\/p>\n<p>Igro Set for Life je organizirala nacionalna loterija in si je prislu\u017eila naziv prve loterijske igre z rento v Zdru\u017eenem kraljestvu. Loterija daje igralcem prilo\u017enost, da osvojijo mese\u010dno izpla\u010dilo v vi\u0161ini 10.000 funtov za obdobje 30 let.<\/p>\n<p>In \u010deprav gre za loterijo Zdru\u017eenega kraljestva, lahko igro Set for life igrate na spletu iz Slovenije. Na\u0161a storitev spletnih sre\u010dk za svetovne loterije omogo\u010da igralcem z vsega sveta, da sodelujejo v najbolj\u0161ih loterijah z najve\u010djimi dobitki.<\/p>\n<p><a href=\"https:\/\/redfoxlotto.com\/play\/set-for-life-uk\/?ref=a8564250a2&amp;medium=ol365\" target=\"_blank\" rel=\"noopener noreferrer\"><img decoding=\"async\" class=\"aligncenter\" src=\"https:\/\/redfoxlotto.com\/image?size=8&amp;lottery=set-for-life-uk\" alt=\"&quot;Set\" \/><\/a><\/p>\n<p>&nbsp;<\/p>\n<h2>O igri Set for life lotto<\/h2>\n<ul>\n<li>Dr\u017eava: Zdru\u017eeno kraljestvo<\/li>\n<li>Razpon glavnih \u0161tevilk: 45<\/li>\n<li>Izberete: 5<\/li>\n<li>Dodatne \u0161tevilke: 10<\/li>\n<li>Izberete: 1<\/li>\n<li>Dnevi \u017erebanja, ure: Ponedeljek, \u010detrtek, 20:00 GMT, 21:00 CET<\/li>\n<li>Najmanj\u0161i dobitek: ni<\/li>\n<li>Najve\u010dji dobitek: ni<\/li>\n<li>Verjetnost dobitka: 1 proti 15.339.390<\/li>\n<li>Verjetnost dobitka iz drugega reda: 1: 1 proti 1.704.377<\/li>\n<li>Verjetnost dobitka v katerem koli razredu: 1 proti 12,4<\/li>\n<li>\u0160tevilo nagradnih stopenj: 8<\/li>\n<\/ul>\n<p>Tako kot druge loterije v Zdru\u017eenem kraljestvu je tudi igra Set for Life igra z \u017erebanjem. \u010ce igrate na loteriji, morate izbrati pet \u0161tevilk iz obmo\u010dja ugibanja od 1 do 47, vklju\u010dno s \u0161tevilko &#8220;\u017eogice \u017eivljenja&#8221; od 1 do 10. Ko bo izbranih pet \u0161tevilk in \u0161tevilka &#8220;life ball&#8221;, boste imeli vsak mesec mo\u017enost osvojiti skupni glavni dobitek v vi\u0161ini 10.000 funtov.<\/p>\n<h2>\u017drebanje Set for Life<\/h2>\n<p>Loterija Set for Life poteka vsak ponedeljek in \u010detrtek, v Zdru\u017eenem kraljestvu pa lahko igralci kupijo sre\u010dke v lokalni prodajalni loterije. \u017drebanje se vsak ve\u010der zaklju\u010di ob 21.00 vzhodno od nas. Najnovej\u0161i rezultati igre Set za \u017eivljenje so obi\u010dajno na voljo na dan \u017erebanja, torej ob 21.45 po srednjeevropskem \u010dasu. Upo\u0161tevajte, da se dividende za vsako igro posodobijo kmalu po \u017erebanju. Prav tako so posodobitve dividend obi\u010dajno na voljo javnosti zjutraj po \u017erebanju lota.<\/p>\n<h2>Kako zmagati na loteriji Set za \u017eivljenje<\/h2>\n<p>Prva nagrada loterije Set for Life ponuja mese\u010dno izpla\u010dilo v vi\u0161ini 10.000 funtov, \u0161tirje igralci pa imajo v vsakem \u017erebanju mo\u017enost, da osvojijo nagrado. Da bi osvojili glavno nagrado, se morajo va\u0161e \u0161tevilke ujemati z osmimi dobitnimi \u0161tevilkami v posameznem nizu. To pomeni, da je v loteriji Set za \u017eivljenje skupaj osem nagradnih kategorij. Prilo\u017enost za nagrado imate s \u0161tirimi dobitnimi \u0161tevilkami, vklju\u010dno z eno bonusno \u0161tevilko v vsakem nizu.<\/p>\n<p><img loading=\"lazy\" decoding=\"async\" class=\"size-full wp-image-1477 alignright\" src=\"https:\/\/onlinelotto365.com\/wp-content\/uploads\/2020\/11\/online_lottery-128.jpg\" alt=\"igranje lota set for life\" width=\"212\" height=\"142\" \/><\/p>\n<p>Loterija Set za \u017eivljenje ponuja ugodne mo\u017enosti za osvojitev glavnega dobitka. Na primer, pri drugih nagradah, ki zahtevajo ujemanje ene ali ve\u010d \u0161tevilk, imate mo\u017enost dobitka 1 proti 12, tudi ta bi zna\u0161al le 5 funtov.<\/p>\n<p>\u010ce torej \u010dutite svojo sre\u010do, se vam bo spla\u010dalo pose\u010di po sre\u010dki Set za \u017eivljenje! Ponujamo vam \u0161iroko paleto mednarodnih loterij, ki jih lahko igrate iz Slovenije, za glavne dobitke z ve\u010d sto milijonskimi dobitki.<\/p>\n","protected":false},"excerpt":{"rendered":"<p>Ali ste vedeli, da lahko z loterijo Set for Life vsak mesec osvojite 10.000 \u00a3? \u010ce \u017eelite poskusiti sre\u010do na loteriji, je Set za \u017eivljenje odli\u010den na\u010din za za\u010detek. Loterija Set za \u017eivljenje je najbolj znana po tem, da je edina igra, ki vam omogo\u010da igranje \u0161tevilk v sedmih zaporednih dnevnih \u017erebanjih. To preprosto pomeni, [&hellip;]<\/p>\n","protected":false},"author":1,"featured_media":0,"parent":5088,"menu_order":10,"comment_status":"closed","ping_status":"closed","template":"set-for-life.php","meta":{"_et_pb_use_builder":"","_et_pb_old_content":"","_et_gb_content_width":"","exclude_from_search":false,"footnotes":""},"class_list":["post-79458","page","type-page","status-publish","hentry"],"yoast_head":"<!-- This site is optimized with the Yoast SEO plugin v23.4 - https:\/\/yoast.com\/wordpress\/plugins\/seo\/ -->\n<title>Kako igrati Set for life lotto na spletu iz Slovenije<\/title>\n<meta name=\"description\" content=\"Nakup spletnih sre\u010dk za igro Set for life lotto, \u010de imate sede\u017e v Sloveniji\" \/>\n<meta name=\"robots\" content=\"index, follow, max-snippet:-1, max-image-preview:large, max-video-preview:-1\" \/>\n<link rel=\"canonical\" href=\"https:\/\/onlinelotto365.com\/sl\/igrajte\/set-for-life\/\" \/>\n<meta property=\"og:locale\" content=\"sl_SI\" \/>\n<meta property=\"og:type\" content=\"article\" \/>\n<meta property=\"og:title\" content=\"Kako igrati Set for life lotto na spletu iz Slovenije\" \/>\n<meta property=\"og:description\" content=\"Nakup spletnih sre\u010dk za igro Set for life lotto, \u010de imate sede\u017e v Sloveniji\" \/>\n<meta property=\"og:url\" content=\"https:\/\/onlinelotto365.com\/sl\/igrajte\/set-for-life\/\" \/>\n<meta property=\"og:site_name\" content=\"OnlineLotto365\" \/>\n<meta property=\"og:image\" content=\"https:\/\/redfoxlotto.com\/image?size=8&amp;lottery=set-for-life-uk\" \/>\n<meta name=\"twitter:card\" content=\"summary_large_image\" \/>\n<meta name=\"twitter:label1\" content=\"Est. reading time\" \/>\n\t<meta name=\"twitter:data1\" content=\"3 minute\" \/>\n<script type=\"application\/ld+json\" class=\"yoast-schema-graph\">{\"@context\":\"https:\/\/schema.org\",\"@graph\":[{\"@type\":\"WebPage\",\"@id\":\"https:\/\/onlinelotto365.com\/sl\/igrajte\/set-for-life\/\",\"url\":\"https:\/\/onlinelotto365.com\/sl\/igrajte\/set-for-life\/\",\"name\":\"Kako igrati Set for life lotto na spletu iz Slovenije\",\"isPartOf\":{\"@id\":\"https:\/\/onlinelotto365.com\/sl\/#website\"},\"primaryImageOfPage\":{\"@id\":\"https:\/\/onlinelotto365.com\/sl\/igrajte\/set-for-life\/#primaryimage\"},\"image\":{\"@id\":\"https:\/\/onlinelotto365.com\/sl\/igrajte\/set-for-life\/#primaryimage\"},\"thumbnailUrl\":\"https:\/\/redfoxlotto.com\/image?size=8&amp;lottery=set-for-life-uk\",\"datePublished\":\"2022-11-04T10:16:38+00:00\",\"dateModified\":\"2022-11-04T10:16:38+00:00\",\"description\":\"Nakup spletnih sre\u010dk za igro Set for life lotto, \u010de imate sede\u017e v Sloveniji\",\"breadcrumb\":{\"@id\":\"https:\/\/onlinelotto365.com\/sl\/igrajte\/set-for-life\/#breadcrumb\"},\"inLanguage\":\"sl-SI\",\"potentialAction\":[{\"@type\":\"ReadAction\",\"target\":[\"https:\/\/onlinelotto365.com\/sl\/igrajte\/set-for-life\/\"]}]},{\"@type\":\"ImageObject\",\"inLanguage\":\"sl-SI\",\"@id\":\"https:\/\/onlinelotto365.com\/sl\/igrajte\/set-for-life\/#primaryimage\",\"url\":\"https:\/\/redfoxlotto.com\/image?size=8&amp;lottery=set-for-life-uk\",\"contentUrl\":\"https:\/\/redfoxlotto.com\/image?size=8&amp;lottery=set-for-life-uk\"},{\"@type\":\"BreadcrumbList\",\"@id\":\"https:\/\/onlinelotto365.com\/sl\/igrajte\/set-for-life\/#breadcrumb\",\"itemListElement\":[{\"@type\":\"ListItem\",\"position\":1,\"name\":\"Home\",\"item\":\"https:\/\/onlinelotto365.com\/sl\/\"},{\"@type\":\"ListItem\",\"position\":2,\"name\":\"Vse, kar morate vedeti o va\u0161ih mo\u017enostih igranja najbolj\u0161ih loterij prek spleta\",\"item\":\"https:\/\/onlinelotto365.com\/sl\/igrajte\/\"},{\"@type\":\"ListItem\",\"position\":3,\"name\":\"Ali je mogo\u010de igrati Set for life lotto na spletu?\"}]},{\"@type\":\"WebSite\",\"@id\":\"https:\/\/onlinelotto365.com\/sl\/#website\",\"url\":\"https:\/\/onlinelotto365.com\/sl\/\",\"name\":\"OnlineLotto365\",\"description\":\"\",\"potentialAction\":[{\"@type\":\"SearchAction\",\"target\":{\"@type\":\"EntryPoint\",\"urlTemplate\":\"https:\/\/onlinelotto365.com\/sl\/?s={search_term_string}\"},\"query-input\":{\"@type\":\"PropertyValueSpecification\",\"valueRequired\":true,\"valueName\":\"search_term_string\"}}],\"inLanguage\":\"sl-SI\"}]}<\/script>\n<!-- \/ Yoast SEO plugin. -->","yoast_head_json":{"title":"Kako igrati Set for life lotto na spletu iz Slovenije","description":"Nakup spletnih sre\u010dk za igro Set for life lotto, \u010de imate sede\u017e v Sloveniji","robots":{"index":"index","follow":"follow","max-snippet":"max-snippet:-1","max-image-preview":"max-image-preview:large","max-video-preview":"max-video-preview:-1"},"canonical":"https:\/\/onlinelotto365.com\/sl\/igrajte\/set-for-life\/","og_locale":"sl_SI","og_type":"article","og_title":"Kako igrati Set for life lotto na spletu iz Slovenije","og_description":"Nakup spletnih sre\u010dk za igro Set for life lotto, \u010de imate sede\u017e v Sloveniji","og_url":"https:\/\/onlinelotto365.com\/sl\/igrajte\/set-for-life\/","og_site_name":"OnlineLotto365","og_image":[{"url":"https:\/\/redfoxlotto.com\/image?size=8&amp;lottery=set-for-life-uk"}],"twitter_card":"summary_large_image","twitter_misc":{"Est. reading time":"3 minute"},"schema":{"@context":"https:\/\/schema.org","@graph":[{"@type":"WebPage","@id":"https:\/\/onlinelotto365.com\/sl\/igrajte\/set-for-life\/","url":"https:\/\/onlinelotto365.com\/sl\/igrajte\/set-for-life\/","name":"Kako igrati Set for life lotto na spletu iz Slovenije","isPartOf":{"@id":"https:\/\/onlinelotto365.com\/sl\/#website"},"primaryImageOfPage":{"@id":"https:\/\/onlinelotto365.com\/sl\/igrajte\/set-for-life\/#primaryimage"},"image":{"@id":"https:\/\/onlinelotto365.com\/sl\/igrajte\/set-for-life\/#primaryimage"},"thumbnailUrl":"https:\/\/redfoxlotto.com\/image?size=8&amp;lottery=set-for-life-uk","datePublished":"2022-11-04T10:16:38+00:00","dateModified":"2022-11-04T10:16:38+00:00","description":"Nakup spletnih sre\u010dk za igro Set for life lotto, \u010de imate sede\u017e v Sloveniji","breadcrumb":{"@id":"https:\/\/onlinelotto365.com\/sl\/igrajte\/set-for-life\/#breadcrumb"},"inLanguage":"sl-SI","potentialAction":[{"@type":"ReadAction","target":["https:\/\/onlinelotto365.com\/sl\/igrajte\/set-for-life\/"]}]},{"@type":"ImageObject","inLanguage":"sl-SI","@id":"https:\/\/onlinelotto365.com\/sl\/igrajte\/set-for-life\/#primaryimage","url":"https:\/\/redfoxlotto.com\/image?size=8&amp;lottery=set-for-life-uk","contentUrl":"https:\/\/redfoxlotto.com\/image?size=8&amp;lottery=set-for-life-uk"},{"@type":"BreadcrumbList","@id":"https:\/\/onlinelotto365.com\/sl\/igrajte\/set-for-life\/#breadcrumb","itemListElement":[{"@type":"ListItem","position":1,"name":"Home","item":"https:\/\/onlinelotto365.com\/sl\/"},{"@type":"ListItem","position":2,"name":"Vse, kar morate vedeti o va\u0161ih mo\u017enostih igranja najbolj\u0161ih loterij prek spleta","item":"https:\/\/onlinelotto365.com\/sl\/igrajte\/"},{"@type":"ListItem","position":3,"name":"Ali je mogo\u010de igrati Set for life lotto na spletu?"}]},{"@type":"WebSite","@id":"https:\/\/onlinelotto365.com\/sl\/#website","url":"https:\/\/onlinelotto365.com\/sl\/","name":"OnlineLotto365","description":"","potentialAction":[{"@type":"SearchAction","target":{"@type":"EntryPoint","urlTemplate":"https:\/\/onlinelotto365.com\/sl\/?s={search_term_string}"},"query-input":{"@type":"PropertyValueSpecification","valueRequired":true,"valueName":"search_term_string"}}],"inLanguage":"sl-SI"}]}},"_links":{"self":[{"href":"https:\/\/onlinelotto365.com\/sl\/wp-json\/wp\/v2\/pages\/79458","targetHints":{"allow":["GET"]}}],"collection":[{"href":"https:\/\/onlinelotto365.com\/sl\/wp-json\/wp\/v2\/pages"}],"about":[{"href":"https:\/\/onlinelotto365.com\/sl\/wp-json\/wp\/v2\/types\/page"}],"author":[{"embeddable":true,"href":"https:\/\/onlinelotto365.com\/sl\/wp-json\/wp\/v2\/users\/1"}],"replies":[{"embeddable":true,"href":"https:\/\/onlinelotto365.com\/sl\/wp-json\/wp\/v2\/comments?post=79458"}],"version-history":[{"count":0,"href":"https:\/\/onlinelotto365.com\/sl\/wp-json\/wp\/v2\/pages\/79458\/revisions"}],"up":[{"embeddable":true,"href":"https:\/\/onlinelotto365.com\/sl\/wp-json\/wp\/v2\/pages\/5088"}],"wp:attachment":[{"href":"https:\/\/onlinelotto365.com\/sl\/wp-json\/wp\/v2\/media?parent=79458"}],"curies":[{"name":"wp","href":"https:\/\/api.w.org\/{rel}","templated":true}]}}