{"id":79492,"date":"2022-11-04T13:17:38","date_gmt":"2022-11-04T12:17:38","guid":{"rendered":"https:\/\/onlinelotto365.com\/?page_id=79492"},"modified":"2022-11-04T13:17:38","modified_gmt":"2022-11-04T12:17:38","slug":"uk-lottery","status":"publish","type":"page","link":"https:\/\/onlinelotto365.com\/sl\/igrajte\/uk-lottery\/","title":{"rendered":"Kako lahko prebivalci Slovenije igrajo UK Lottery na spletu?"},"content":{"rendered":"<h2>O UK Lottery<\/h2>\n<p>S \u0161estimi \u0161tevilkami od 59 in brez dodatnih \u0161tevilk so mo\u017enosti za dobitek v primerjavi z loterijama Powerball ali Mega Millions majhne. \u010ce pravilno izberete 5 od 6 \u0161tevilk, vam je zagotovljeno 2,5 milijona britanskih funtov, \u010de pa izberete vseh 6 \u0161tevilk, ste dobitnik glavnega dobitka. \u010ce ne \u017eivite v Zdru\u017eenem kraljestvu, je spletno igranje prek na\u0161e storitve va\u0161a edina mo\u017enost sodelovanja.<\/p>\n<ul>\n<li>Dr\u017eava: ZDRU\u017dENO KRALJESTVO<\/li>\n<li>Razpon glavnih \u0161tevilk: 59<\/li>\n<li>Izbere\u0161: 6<\/li>\n<li>Razpon dodatnih \u0161tevilk: ni<\/li>\n<li>Izberete: nobena.<\/li>\n<li>Dnevi in ure \u017erebanja: Sreda, sobota 19:30 UTC, 19:30 CET<\/li>\n<li>Najni\u017eji glavni dobitek: GBP.<\/li>\n<li>Najvi\u0161ji jackpot: 2,5 milijona evrov: GBP.<\/li>\n<li>Verjetnost dobitka: 1 proti 45.057.474<\/li>\n<li>Verjetnost dobitka iz drugega reda: 1: 1 proti 7.509.579<\/li>\n<li>Verjetnost dobitka v katerem koli razredu: 1 proti 9,27<\/li>\n<li>\u0160tevilo nagradnih stopenj: 6<\/li>\n<\/ul>\n<p>&nbsp;<\/p>\n<h2>Zakaj so glavni dobitki loterije v Zdru\u017eenem kraljestvu obi\u010dajno precej nizki?<\/h2>\n<p><a href=\"https:\/\/redfoxlotto.com\/play\/lotto-uk\/?ref=a8564250a2&amp;medium=ol365\" target=\"_blank\" rel=\"noopener noreferrer\"><img loading=\"lazy\" decoding=\"async\" class=\"aligncenter\" src=\"https:\/\/redfoxlotto.com\/image?size=8&amp;lottery=lotto-uk\" alt=\"Loterija Velike Britanije\" width=\"720\" height=\"90\" \/><\/a><\/p>\n<p>Zaradi preprostega dejstva, da je glavni dobitek britanske loterije mogo\u010de obrniti le petkrat. Po tem lahko jackpot osvojite, \u010de imate samo 5 od<br \/>\n6 \u0161tevilk na sre\u010dki. Glede na to pravilo bi bilo smiselno igrati to loterijo vsaki\u010d, ko jackpot ni bil osvojen petkrat zapored. Takrat imate veliko ve\u010dje mo\u017enosti za osvojitev glavne nagrade. Ta glavni dobitek mora biti dovolj velik, da vam do konca \u017eivljenja ne bo treba skrbeti za denar.<\/p>\n<p>Obstaja velika verjetnost, da bo po petih obra\u010danjih glavni dobitek treba razdeliti med ve\u010d dobitnikov. Zaradi ni\u017ejih kvot in ve\u010djega \u0161tevila igralcev je lahko zmagovalec druge nagradne stopnje ve\u010d kot en.<\/p>\n<h2>Ne \u017eelite razdeliti glavnega dobitka?<\/h2>\n<p>Obstaja ena loterija strategija, s katero se lahko izognete delitvi glavnega dobitka: izberite kombinacijo \u0161tevilk, za katero se zdi manj verjetno, da jo bodo izbrali tudi drugi igralci. Uporabite na primer manj \u0161tevilk med 1 in 31 (preve\u010d je igralcev, ki kot sre\u010dne \u0161tevilke uporabljajo rojstne datume) ali uporabite tri \u0161tevilke med 30 in 40 ter tri \u0161tevilke med 50 in 56. Uporabite svojo domi\u0161ljijo in si izmislite \u0161e ve\u010d &#8220;lihih&#8221; \u0161tevilk.<\/p>\n","protected":false},"excerpt":{"rendered":"<p>O UK Lottery S \u0161estimi \u0161tevilkami od 59 in brez dodatnih \u0161tevilk so mo\u017enosti za dobitek v primerjavi z loterijama Powerball ali Mega Millions majhne. \u010ce pravilno izberete 5 od 6 \u0161tevilk, vam je zagotovljeno 2,5 milijona britanskih funtov, \u010de pa izberete vseh 6 \u0161tevilk, ste dobitnik glavnega dobitka. \u010ce ne \u017eivite v Zdru\u017eenem kraljestvu, [&hellip;]<\/p>\n","protected":false},"author":1,"featured_media":0,"parent":5088,"menu_order":9,"comment_status":"closed","ping_status":"closed","template":"lotto-uk.php","meta":{"_et_pb_use_builder":"","_et_pb_old_content":"","_et_gb_content_width":"","exclude_from_search":false,"footnotes":""},"class_list":["post-79492","page","type-page","status-publish","hentry"],"yoast_head":"<!-- This site is optimized with the Yoast SEO plugin v23.4 - https:\/\/yoast.com\/wordpress\/plugins\/seo\/ -->\n<title>Igrajte Loterijo UK na spletu iz Slovenije | Ali lahko sodelujem v Loteriji UK, \u010de \u017eivim v Sloveniji<\/title>\n<meta name=\"description\" content=\"Sodelovanje v Loteriji Zdru\u017eenega kraljestva iz drugih dr\u017eav, kot je Slovenija, je zdaj enostavno z na\u0161o spletno storitvijo\" \/>\n<meta name=\"robots\" content=\"index, follow, max-snippet:-1, max-image-preview:large, max-video-preview:-1\" \/>\n<link rel=\"canonical\" href=\"https:\/\/onlinelotto365.com\/sl\/igrajte\/uk-lottery\/\" \/>\n<meta property=\"og:locale\" content=\"sl_SI\" \/>\n<meta property=\"og:type\" content=\"article\" \/>\n<meta property=\"og:title\" content=\"Igrajte Loterijo UK na spletu iz Slovenije | Ali lahko sodelujem v Loteriji UK, \u010de \u017eivim v Sloveniji\" \/>\n<meta property=\"og:description\" content=\"Sodelovanje v Loteriji Zdru\u017eenega kraljestva iz drugih dr\u017eav, kot je Slovenija, je zdaj enostavno z na\u0161o spletno storitvijo\" \/>\n<meta property=\"og:url\" content=\"https:\/\/onlinelotto365.com\/sl\/igrajte\/uk-lottery\/\" \/>\n<meta property=\"og:site_name\" content=\"OnlineLotto365\" \/>\n<meta property=\"og:image\" content=\"https:\/\/redfoxlotto.com\/image?size=8&amp;lottery=lotto-uk\" \/>\n<meta name=\"twitter:card\" content=\"summary_large_image\" \/>\n<meta name=\"twitter:label1\" content=\"Est. reading time\" \/>\n\t<meta name=\"twitter:data1\" content=\"2 minuti\" \/>\n<script type=\"application\/ld+json\" class=\"yoast-schema-graph\">{\"@context\":\"https:\/\/schema.org\",\"@graph\":[{\"@type\":\"WebPage\",\"@id\":\"https:\/\/onlinelotto365.com\/sl\/igrajte\/uk-lottery\/\",\"url\":\"https:\/\/onlinelotto365.com\/sl\/igrajte\/uk-lottery\/\",\"name\":\"Igrajte Loterijo UK na spletu iz Slovenije | Ali lahko sodelujem v Loteriji UK, \u010de \u017eivim v Sloveniji\",\"isPartOf\":{\"@id\":\"https:\/\/onlinelotto365.com\/sl\/#website\"},\"primaryImageOfPage\":{\"@id\":\"https:\/\/onlinelotto365.com\/sl\/igrajte\/uk-lottery\/#primaryimage\"},\"image\":{\"@id\":\"https:\/\/onlinelotto365.com\/sl\/igrajte\/uk-lottery\/#primaryimage\"},\"thumbnailUrl\":\"https:\/\/redfoxlotto.com\/image?size=8&amp;lottery=lotto-uk\",\"datePublished\":\"2022-11-04T12:17:38+00:00\",\"dateModified\":\"2022-11-04T12:17:38+00:00\",\"description\":\"Sodelovanje v Loteriji Zdru\u017eenega kraljestva iz drugih dr\u017eav, kot je Slovenija, je zdaj enostavno z na\u0161o spletno storitvijo\",\"breadcrumb\":{\"@id\":\"https:\/\/onlinelotto365.com\/sl\/igrajte\/uk-lottery\/#breadcrumb\"},\"inLanguage\":\"sl-SI\",\"potentialAction\":[{\"@type\":\"ReadAction\",\"target\":[\"https:\/\/onlinelotto365.com\/sl\/igrajte\/uk-lottery\/\"]}]},{\"@type\":\"ImageObject\",\"inLanguage\":\"sl-SI\",\"@id\":\"https:\/\/onlinelotto365.com\/sl\/igrajte\/uk-lottery\/#primaryimage\",\"url\":\"https:\/\/redfoxlotto.com\/image?size=8&amp;lottery=lotto-uk\",\"contentUrl\":\"https:\/\/redfoxlotto.com\/image?size=8&amp;lottery=lotto-uk\"},{\"@type\":\"BreadcrumbList\",\"@id\":\"https:\/\/onlinelotto365.com\/sl\/igrajte\/uk-lottery\/#breadcrumb\",\"itemListElement\":[{\"@type\":\"ListItem\",\"position\":1,\"name\":\"Home\",\"item\":\"https:\/\/onlinelotto365.com\/sl\/\"},{\"@type\":\"ListItem\",\"position\":2,\"name\":\"Vse, kar morate vedeti o va\u0161ih mo\u017enostih igranja najbolj\u0161ih loterij prek spleta\",\"item\":\"https:\/\/onlinelotto365.com\/sl\/igrajte\/\"},{\"@type\":\"ListItem\",\"position\":3,\"name\":\"Kako lahko prebivalci Slovenije igrajo UK Lottery na spletu?\"}]},{\"@type\":\"WebSite\",\"@id\":\"https:\/\/onlinelotto365.com\/sl\/#website\",\"url\":\"https:\/\/onlinelotto365.com\/sl\/\",\"name\":\"OnlineLotto365\",\"description\":\"\",\"potentialAction\":[{\"@type\":\"SearchAction\",\"target\":{\"@type\":\"EntryPoint\",\"urlTemplate\":\"https:\/\/onlinelotto365.com\/sl\/?s={search_term_string}\"},\"query-input\":{\"@type\":\"PropertyValueSpecification\",\"valueRequired\":true,\"valueName\":\"search_term_string\"}}],\"inLanguage\":\"sl-SI\"}]}<\/script>\n<!-- \/ Yoast SEO plugin. -->","yoast_head_json":{"title":"Igrajte Loterijo UK na spletu iz Slovenije | Ali lahko sodelujem v Loteriji UK, \u010de \u017eivim v Sloveniji","description":"Sodelovanje v Loteriji Zdru\u017eenega kraljestva iz drugih dr\u017eav, kot je Slovenija, je zdaj enostavno z na\u0161o spletno storitvijo","robots":{"index":"index","follow":"follow","max-snippet":"max-snippet:-1","max-image-preview":"max-image-preview:large","max-video-preview":"max-video-preview:-1"},"canonical":"https:\/\/onlinelotto365.com\/sl\/igrajte\/uk-lottery\/","og_locale":"sl_SI","og_type":"article","og_title":"Igrajte Loterijo UK na spletu iz Slovenije | Ali lahko sodelujem v Loteriji UK, \u010de \u017eivim v Sloveniji","og_description":"Sodelovanje v Loteriji Zdru\u017eenega kraljestva iz drugih dr\u017eav, kot je Slovenija, je zdaj enostavno z na\u0161o spletno storitvijo","og_url":"https:\/\/onlinelotto365.com\/sl\/igrajte\/uk-lottery\/","og_site_name":"OnlineLotto365","og_image":[{"url":"https:\/\/redfoxlotto.com\/image?size=8&amp;lottery=lotto-uk"}],"twitter_card":"summary_large_image","twitter_misc":{"Est. reading time":"2 minuti"},"schema":{"@context":"https:\/\/schema.org","@graph":[{"@type":"WebPage","@id":"https:\/\/onlinelotto365.com\/sl\/igrajte\/uk-lottery\/","url":"https:\/\/onlinelotto365.com\/sl\/igrajte\/uk-lottery\/","name":"Igrajte Loterijo UK na spletu iz Slovenije | Ali lahko sodelujem v Loteriji UK, \u010de \u017eivim v Sloveniji","isPartOf":{"@id":"https:\/\/onlinelotto365.com\/sl\/#website"},"primaryImageOfPage":{"@id":"https:\/\/onlinelotto365.com\/sl\/igrajte\/uk-lottery\/#primaryimage"},"image":{"@id":"https:\/\/onlinelotto365.com\/sl\/igrajte\/uk-lottery\/#primaryimage"},"thumbnailUrl":"https:\/\/redfoxlotto.com\/image?size=8&amp;lottery=lotto-uk","datePublished":"2022-11-04T12:17:38+00:00","dateModified":"2022-11-04T12:17:38+00:00","description":"Sodelovanje v Loteriji Zdru\u017eenega kraljestva iz drugih dr\u017eav, kot je Slovenija, je zdaj enostavno z na\u0161o spletno storitvijo","breadcrumb":{"@id":"https:\/\/onlinelotto365.com\/sl\/igrajte\/uk-lottery\/#breadcrumb"},"inLanguage":"sl-SI","potentialAction":[{"@type":"ReadAction","target":["https:\/\/onlinelotto365.com\/sl\/igrajte\/uk-lottery\/"]}]},{"@type":"ImageObject","inLanguage":"sl-SI","@id":"https:\/\/onlinelotto365.com\/sl\/igrajte\/uk-lottery\/#primaryimage","url":"https:\/\/redfoxlotto.com\/image?size=8&amp;lottery=lotto-uk","contentUrl":"https:\/\/redfoxlotto.com\/image?size=8&amp;lottery=lotto-uk"},{"@type":"BreadcrumbList","@id":"https:\/\/onlinelotto365.com\/sl\/igrajte\/uk-lottery\/#breadcrumb","itemListElement":[{"@type":"ListItem","position":1,"name":"Home","item":"https:\/\/onlinelotto365.com\/sl\/"},{"@type":"ListItem","position":2,"name":"Vse, kar morate vedeti o va\u0161ih mo\u017enostih igranja najbolj\u0161ih loterij prek spleta","item":"https:\/\/onlinelotto365.com\/sl\/igrajte\/"},{"@type":"ListItem","position":3,"name":"Kako lahko prebivalci Slovenije igrajo UK Lottery na spletu?"}]},{"@type":"WebSite","@id":"https:\/\/onlinelotto365.com\/sl\/#website","url":"https:\/\/onlinelotto365.com\/sl\/","name":"OnlineLotto365","description":"","potentialAction":[{"@type":"SearchAction","target":{"@type":"EntryPoint","urlTemplate":"https:\/\/onlinelotto365.com\/sl\/?s={search_term_string}"},"query-input":{"@type":"PropertyValueSpecification","valueRequired":true,"valueName":"search_term_string"}}],"inLanguage":"sl-SI"}]}},"_links":{"self":[{"href":"https:\/\/onlinelotto365.com\/sl\/wp-json\/wp\/v2\/pages\/79492","targetHints":{"allow":["GET"]}}],"collection":[{"href":"https:\/\/onlinelotto365.com\/sl\/wp-json\/wp\/v2\/pages"}],"about":[{"href":"https:\/\/onlinelotto365.com\/sl\/wp-json\/wp\/v2\/types\/page"}],"author":[{"embeddable":true,"href":"https:\/\/onlinelotto365.com\/sl\/wp-json\/wp\/v2\/users\/1"}],"replies":[{"embeddable":true,"href":"https:\/\/onlinelotto365.com\/sl\/wp-json\/wp\/v2\/comments?post=79492"}],"version-history":[{"count":0,"href":"https:\/\/onlinelotto365.com\/sl\/wp-json\/wp\/v2\/pages\/79492\/revisions"}],"up":[{"embeddable":true,"href":"https:\/\/onlinelotto365.com\/sl\/wp-json\/wp\/v2\/pages\/5088"}],"wp:attachment":[{"href":"https:\/\/onlinelotto365.com\/sl\/wp-json\/wp\/v2\/media?parent=79492"}],"curies":[{"name":"wp","href":"https:\/\/api.w.org\/{rel}","templated":true}]}}