{"id":79529,"date":"2022-11-07T08:53:22","date_gmt":"2022-11-07T07:53:22","guid":{"rendered":"https:\/\/onlinelotto365.com\/?page_id=79529"},"modified":"2022-11-07T08:54:58","modified_gmt":"2022-11-07T07:54:58","slug":"superenalotto","status":"publish","type":"page","link":"https:\/\/onlinelotto365.com\/sl\/igrajte\/superenalotto\/","title":{"rendered":"Get your Superenalotto vstopnice od kjerkoli"},"content":{"rendered":"<p>Ljudje si \u017ee leta \u017eelijo igrati loterije v drugih delih sveta. Izziv pri tem ni bil v resnici nepripravljenost razli\u010dnih loterij, da bi sprejele mednarodne igralce loterije. Bilo je, da morate biti fizi\u010dno v dr\u017eavi ali regiji, v kateri poteka loterija, da bi lahko pravilno igrali.<\/p>\n<p>Za za\u010detek morate obiskati prodajalca loterije, ki prodaja loterijo, za katero \u017eelite kupiti sre\u010dke. To pomeni, da morate biti v dr\u017eavi ne le enkrat, ampak vsaki\u010d, ko \u017eelite kupiti sre\u010dke. To pomeni, da se morate odpraviti iz Slovenije v Italijo, da bi kupili sre\u010dke za tri \u017erebanja Superenalotto, ki potekajo vsak teden.<\/p>\n<p>Zato se morate bodisi preseliti tja bodisi najeti nekoga v Italiji, da to stori namesto vas. Tega preprosto nismo sposobni storiti. Ko ste \u017ee pri tem, bi morali najeti ljudi v vseh drugih dr\u017eavah, v katerih so velike loterije, da bi to storili namesto vas. To bi stalo ogromno denarja.<\/p>\n<p><a href=\"https:\/\/redfoxlotto.com\/play\/superenalotto\/?ref=a8564250a2&amp;medium=ol365\" target=\"_blank\" rel=\"noopener noreferrer\"><img decoding=\"async\" class=\"aligncenter\" src=\"https:\/\/redfoxlotto.com\/image?size=8&amp;lottery=superenalotto\" alt=\"superenalotto\" \/><\/a><\/p>\n<p>Toda zdaj je na voljo odli\u010dna alternativa &#8211; preprosto igrajte prek spleta tukaj na na\u0161em spletnem mestu!<\/p>\n<h2>Pokrivamo vse va\u0161e potrebe po igri loto<\/h2>\n<p>Vse smo \u017ee ugotovili, kako vas poleg vseh drugih velikih loterij na svetu vklju\u010diti v igro Superenalotto. Preprosto kupite vse loterijske sre\u010dke, ki jih \u017eelite pri nas na spletu in v Sloveniji, vse ostalo pa opravimo za vas.<\/p>\n<p>\u017detone kupimo v va\u0161em imenu in za razliko od obi\u010dajnih loterijskih sre\u010dk, ki jih lahko unov\u010di tisti, ki jih ima, jih mi hranimo za vas. Nato za vas spremljamo \u017erebanja, tako da vam jih ni treba spremljati, \u010de tega ne \u017eelite, in vas obvestimo o vsakem dobitku.<\/p>\n<h2>Ve\u010d informacij o igri Superenalotto<\/h2>\n<ul>\n<li>Loterija poteka kjer: Italija<\/li>\n<li>Koliko glavnih \u0161tevilk lahko izbirate: 90<\/li>\n<li>Izbrati morate:<\/li>\n<li>Koliko dodatnih \u0161tevilk lahko izberete: ni<\/li>\n<li>Izbrati morate: nobena<\/li>\n<li>Izberi dneve in ure \u017erebanja: Volilni dnevi: torek, \u010detrtek, sobota, 19:00 po srednjeevropskem \u010dasu, 21:00 po srednjeevropskem \u010dasu<\/li>\n<li>Najmanj\u0161i dobitek: 2 milijona EUR<\/li>\n<li>Najvi\u0161ji znesek dobitka: ni<\/li>\n<li>Mo\u017ena kombinacija \u0161tevilk za dobitek:: ni\u010d: 1 od 622.614.630<\/li>\n<li>Mo\u017ena kombinacija \u0161tevilk za dobitek iz drugega nivoja: 1: 1 od 103.769.105<\/li>\n<li>Verjetnost dobitka v katerem koli razredu: 1 proti 20,58<\/li>\n<li>Koliko nagradnih ravni: v<\/li>\n<\/ul>\n<p>Pri igri Superenalotto izberete 6 \u0161tevilk od skupno 90 mo\u017enih. Poleg tega morate med 90 \u0161tevilkami izbrati tudi tako imenovano \u0161tevilko Jolly.<\/p>\n<p>\u010ce \u017eelite osvojiti glavni dobitek, morate ujeti vseh 6 obi\u010dajnih \u0161tevilk. \u010ce jih ujamete 5 in \u0161tevilko Jolly, osvojite drugo nagrado. \u010ce ujamete 5 \u0161tevilk brez \u0161tevilke Jolly, prejmete tretje mesto, \u010de ujamete 4 pravilne \u0161tevilke, prejmete \u010detrto mesto, samo 3 \u0161tevilke pa vam prav tako prinesejo dobitek.<\/p>\n<p>\u017drebanja potekajo trikrat na teden, ob torkih, \u010detrtkih in sobotah ob 20.00 po italijanskem \u010dasu. Poleg vseh drugih velikih loterij, ki ponujajo spletne sre\u010dke, vam zagotavljamo tudi teko\u010de od\u0161tevanje do naslednjega \u017erebanja za Superenalotto, tako da vedno veste, koliko \u010dasa imate \u0161e na voljo.<\/p>\n<p><img loading=\"lazy\" decoding=\"async\" class=\" wp-image-1334 alignright\" src=\"https:\/\/onlinelotto365.com\/wp-content\/uploads\/2020\/11\/online_lottery-115.jpg\" alt=\"spletni nakup sre\u010dk za superenalotto\" width=\"452\" height=\"172\" \/><\/p>\n<h2>Prednosti spletnega igranja Superenalotto<\/h2>\n<p>\u0160tevilni igralci svetovnih loterij radi izberejo ve\u010d loterij za igranje, zlasti ker vsaka od njih redno ponuja velike dobitke. Pravzaprav velja, da ve\u010d kot je \u017erebanj, v katerih sodelujete, bolje je.<\/p>\n<p>\u010ceprav se glavni dobitki pri igri Superenalotto ne morejo primerjati z nekaterimi ve\u010djimi loterijami, na primer EuroMillions, Powerball ali Mega Millions, boste vseeno \u017eeleli igrati tudi te. Vendar pa Superenalotto ni majhna igra, saj so zna\u010dilni glavni dobitki pogosto na desetine milijonov evrov. Z dodatnimi tremi \u017erebanji na teden, ki jih ponuja Superenalotto, boste imeli tri \u017erebanja na teden ve\u010d zabave, kot \u010de ne igrate.<\/p>\n<p>S tremi dodatnimi mo\u017enostmi za osvojitev velike nagrade torej ni te\u017eko razumeti, zakaj je ta loterija v\u0161e\u010d toliko ljudem v Sloveniji. Glede na to, da lahko sre\u010dke zdaj udobno kupite prek spleta, pravzaprav ni dobrega razloga, da ne bi igrali. Razporeditev va\u0161ega denarja na ve\u010d loterij je tisto, za kar gre, kar mo\u010dno pove\u010da koli\u010dino navdu\u0161enja, ki ga lahko do\u017eivite ob igranju loterij zdaj.<\/p>\n<p>\u010ce ste torej pripravljeni na ve\u010d zabave pri igranju loterije, in vem, da ste, potem lahko za\u010dnete \u017ee zdaj.<\/p>\n<h2>Kako dobim pla\u010dilo, \u010de na spletu osvojim Superenalotto?<\/h2>\n<p>Nudimo vam vso pomo\u010d, ki jo potrebujete za izpla\u010dilo svojih sre\u010dk, od tega, da prevzamete manj\u0161e dobitke in jih takoj naka\u017eete na svoj ra\u010dun pri nas, do tega, da vam prevzamemo in po\u0161ljemo vse potrebne obrazce za ve\u010dje dobitke ali celo jackpote. Zato vam tu ni treba skrbeti, saj gre za celovit posel s prvovrstnimi storitvami in obravnavo na\u0161ih strank iz Slovenije in od drugod.<\/p>\n","protected":false},"excerpt":{"rendered":"<p>Ljudje si \u017ee leta \u017eelijo igrati loterije v drugih delih sveta. Izziv pri tem ni bil v resnici nepripravljenost razli\u010dnih loterij, da bi sprejele mednarodne igralce loterije. Bilo je, da morate biti fizi\u010dno v dr\u017eavi ali regiji, v kateri poteka loterija, da bi lahko pravilno igrali. Za za\u010detek morate obiskati prodajalca loterije, ki prodaja loterijo, [&hellip;]<\/p>\n","protected":false},"author":1,"featured_media":0,"parent":5088,"menu_order":5,"comment_status":"closed","ping_status":"closed","template":"superenalotto.php","meta":{"_et_pb_use_builder":"","_et_pb_old_content":"","_et_gb_content_width":"","exclude_from_search":false,"footnotes":""},"class_list":["post-79529","page","type-page","status-publish","hentry"],"yoast_head":"<!-- This site is optimized with the Yoast SEO plugin v23.4 - https:\/\/yoast.com\/wordpress\/plugins\/seo\/ -->\n<title>Igrajte Superenalotto Italija na spletu iz Slovenije | Kako kupiti vstopnice za Superenalotto na spletu<\/title>\n<meta name=\"description\" content=\"Ta glavni dobitek italijanskega lota lahko zdaj osvoji vsakdo in od vsepovsod - zdaj igrajte Superenalotto s spletnimi sre\u010dkami\" \/>\n<meta name=\"robots\" content=\"index, follow, max-snippet:-1, max-image-preview:large, max-video-preview:-1\" \/>\n<link rel=\"canonical\" href=\"https:\/\/onlinelotto365.com\/sl\/igrajte\/superenalotto\/\" \/>\n<meta property=\"og:locale\" content=\"sl_SI\" \/>\n<meta property=\"og:type\" content=\"article\" \/>\n<meta property=\"og:title\" content=\"Igrajte Superenalotto Italija na spletu iz Slovenije | Kako kupiti vstopnice za Superenalotto na spletu\" \/>\n<meta property=\"og:description\" content=\"Ta glavni dobitek italijanskega lota lahko zdaj osvoji vsakdo in od vsepovsod - zdaj igrajte Superenalotto s spletnimi sre\u010dkami\" \/>\n<meta property=\"og:url\" content=\"https:\/\/onlinelotto365.com\/sl\/igrajte\/superenalotto\/\" \/>\n<meta property=\"og:site_name\" content=\"OnlineLotto365\" \/>\n<meta property=\"article:modified_time\" content=\"2022-11-07T07:54:58+00:00\" \/>\n<meta property=\"og:image\" content=\"https:\/\/redfoxlotto.com\/image?size=8&amp;lottery=superenalotto\" \/>\n<meta name=\"twitter:card\" content=\"summary_large_image\" \/>\n<meta name=\"twitter:label1\" content=\"Est. reading time\" \/>\n\t<meta name=\"twitter:data1\" content=\"4 minute\" \/>\n<script type=\"application\/ld+json\" class=\"yoast-schema-graph\">{\"@context\":\"https:\/\/schema.org\",\"@graph\":[{\"@type\":\"WebPage\",\"@id\":\"https:\/\/onlinelotto365.com\/sl\/igrajte\/superenalotto\/\",\"url\":\"https:\/\/onlinelotto365.com\/sl\/igrajte\/superenalotto\/\",\"name\":\"Igrajte Superenalotto Italija na spletu iz Slovenije | Kako kupiti vstopnice za Superenalotto na spletu\",\"isPartOf\":{\"@id\":\"https:\/\/onlinelotto365.com\/sl\/#website\"},\"primaryImageOfPage\":{\"@id\":\"https:\/\/onlinelotto365.com\/sl\/igrajte\/superenalotto\/#primaryimage\"},\"image\":{\"@id\":\"https:\/\/onlinelotto365.com\/sl\/igrajte\/superenalotto\/#primaryimage\"},\"thumbnailUrl\":\"https:\/\/redfoxlotto.com\/image?size=8&amp;lottery=superenalotto\",\"datePublished\":\"2022-11-07T07:53:22+00:00\",\"dateModified\":\"2022-11-07T07:54:58+00:00\",\"description\":\"Ta glavni dobitek italijanskega lota lahko zdaj osvoji vsakdo in od vsepovsod - zdaj igrajte Superenalotto s spletnimi sre\u010dkami\",\"breadcrumb\":{\"@id\":\"https:\/\/onlinelotto365.com\/sl\/igrajte\/superenalotto\/#breadcrumb\"},\"inLanguage\":\"sl-SI\",\"potentialAction\":[{\"@type\":\"ReadAction\",\"target\":[\"https:\/\/onlinelotto365.com\/sl\/igrajte\/superenalotto\/\"]}]},{\"@type\":\"ImageObject\",\"inLanguage\":\"sl-SI\",\"@id\":\"https:\/\/onlinelotto365.com\/sl\/igrajte\/superenalotto\/#primaryimage\",\"url\":\"https:\/\/redfoxlotto.com\/image?size=8&amp;lottery=superenalotto\",\"contentUrl\":\"https:\/\/redfoxlotto.com\/image?size=8&amp;lottery=superenalotto\"},{\"@type\":\"BreadcrumbList\",\"@id\":\"https:\/\/onlinelotto365.com\/sl\/igrajte\/superenalotto\/#breadcrumb\",\"itemListElement\":[{\"@type\":\"ListItem\",\"position\":1,\"name\":\"Home\",\"item\":\"https:\/\/onlinelotto365.com\/sl\/\"},{\"@type\":\"ListItem\",\"position\":2,\"name\":\"Vse, kar morate vedeti o va\u0161ih mo\u017enostih igranja najbolj\u0161ih loterij prek spleta\",\"item\":\"https:\/\/onlinelotto365.com\/sl\/igrajte\/\"},{\"@type\":\"ListItem\",\"position\":3,\"name\":\"Get your Superenalotto vstopnice od kjerkoli\"}]},{\"@type\":\"WebSite\",\"@id\":\"https:\/\/onlinelotto365.com\/sl\/#website\",\"url\":\"https:\/\/onlinelotto365.com\/sl\/\",\"name\":\"OnlineLotto365\",\"description\":\"\",\"potentialAction\":[{\"@type\":\"SearchAction\",\"target\":{\"@type\":\"EntryPoint\",\"urlTemplate\":\"https:\/\/onlinelotto365.com\/sl\/?s={search_term_string}\"},\"query-input\":{\"@type\":\"PropertyValueSpecification\",\"valueRequired\":true,\"valueName\":\"search_term_string\"}}],\"inLanguage\":\"sl-SI\"}]}<\/script>\n<!-- \/ Yoast SEO plugin. -->","yoast_head_json":{"title":"Igrajte Superenalotto Italija na spletu iz Slovenije | Kako kupiti vstopnice za Superenalotto na spletu","description":"Ta glavni dobitek italijanskega lota lahko zdaj osvoji vsakdo in od vsepovsod - zdaj igrajte Superenalotto s spletnimi sre\u010dkami","robots":{"index":"index","follow":"follow","max-snippet":"max-snippet:-1","max-image-preview":"max-image-preview:large","max-video-preview":"max-video-preview:-1"},"canonical":"https:\/\/onlinelotto365.com\/sl\/igrajte\/superenalotto\/","og_locale":"sl_SI","og_type":"article","og_title":"Igrajte Superenalotto Italija na spletu iz Slovenije | Kako kupiti vstopnice za Superenalotto na spletu","og_description":"Ta glavni dobitek italijanskega lota lahko zdaj osvoji vsakdo in od vsepovsod - zdaj igrajte Superenalotto s spletnimi sre\u010dkami","og_url":"https:\/\/onlinelotto365.com\/sl\/igrajte\/superenalotto\/","og_site_name":"OnlineLotto365","article_modified_time":"2022-11-07T07:54:58+00:00","og_image":[{"url":"https:\/\/redfoxlotto.com\/image?size=8&amp;lottery=superenalotto"}],"twitter_card":"summary_large_image","twitter_misc":{"Est. reading time":"4 minute"},"schema":{"@context":"https:\/\/schema.org","@graph":[{"@type":"WebPage","@id":"https:\/\/onlinelotto365.com\/sl\/igrajte\/superenalotto\/","url":"https:\/\/onlinelotto365.com\/sl\/igrajte\/superenalotto\/","name":"Igrajte Superenalotto Italija na spletu iz Slovenije | Kako kupiti vstopnice za Superenalotto na spletu","isPartOf":{"@id":"https:\/\/onlinelotto365.com\/sl\/#website"},"primaryImageOfPage":{"@id":"https:\/\/onlinelotto365.com\/sl\/igrajte\/superenalotto\/#primaryimage"},"image":{"@id":"https:\/\/onlinelotto365.com\/sl\/igrajte\/superenalotto\/#primaryimage"},"thumbnailUrl":"https:\/\/redfoxlotto.com\/image?size=8&amp;lottery=superenalotto","datePublished":"2022-11-07T07:53:22+00:00","dateModified":"2022-11-07T07:54:58+00:00","description":"Ta glavni dobitek italijanskega lota lahko zdaj osvoji vsakdo in od vsepovsod - zdaj igrajte Superenalotto s spletnimi sre\u010dkami","breadcrumb":{"@id":"https:\/\/onlinelotto365.com\/sl\/igrajte\/superenalotto\/#breadcrumb"},"inLanguage":"sl-SI","potentialAction":[{"@type":"ReadAction","target":["https:\/\/onlinelotto365.com\/sl\/igrajte\/superenalotto\/"]}]},{"@type":"ImageObject","inLanguage":"sl-SI","@id":"https:\/\/onlinelotto365.com\/sl\/igrajte\/superenalotto\/#primaryimage","url":"https:\/\/redfoxlotto.com\/image?size=8&amp;lottery=superenalotto","contentUrl":"https:\/\/redfoxlotto.com\/image?size=8&amp;lottery=superenalotto"},{"@type":"BreadcrumbList","@id":"https:\/\/onlinelotto365.com\/sl\/igrajte\/superenalotto\/#breadcrumb","itemListElement":[{"@type":"ListItem","position":1,"name":"Home","item":"https:\/\/onlinelotto365.com\/sl\/"},{"@type":"ListItem","position":2,"name":"Vse, kar morate vedeti o va\u0161ih mo\u017enostih igranja najbolj\u0161ih loterij prek spleta","item":"https:\/\/onlinelotto365.com\/sl\/igrajte\/"},{"@type":"ListItem","position":3,"name":"Get your Superenalotto vstopnice od kjerkoli"}]},{"@type":"WebSite","@id":"https:\/\/onlinelotto365.com\/sl\/#website","url":"https:\/\/onlinelotto365.com\/sl\/","name":"OnlineLotto365","description":"","potentialAction":[{"@type":"SearchAction","target":{"@type":"EntryPoint","urlTemplate":"https:\/\/onlinelotto365.com\/sl\/?s={search_term_string}"},"query-input":{"@type":"PropertyValueSpecification","valueRequired":true,"valueName":"search_term_string"}}],"inLanguage":"sl-SI"}]}},"_links":{"self":[{"href":"https:\/\/onlinelotto365.com\/sl\/wp-json\/wp\/v2\/pages\/79529","targetHints":{"allow":["GET"]}}],"collection":[{"href":"https:\/\/onlinelotto365.com\/sl\/wp-json\/wp\/v2\/pages"}],"about":[{"href":"https:\/\/onlinelotto365.com\/sl\/wp-json\/wp\/v2\/types\/page"}],"author":[{"embeddable":true,"href":"https:\/\/onlinelotto365.com\/sl\/wp-json\/wp\/v2\/users\/1"}],"replies":[{"embeddable":true,"href":"https:\/\/onlinelotto365.com\/sl\/wp-json\/wp\/v2\/comments?post=79529"}],"version-history":[{"count":0,"href":"https:\/\/onlinelotto365.com\/sl\/wp-json\/wp\/v2\/pages\/79529\/revisions"}],"up":[{"embeddable":true,"href":"https:\/\/onlinelotto365.com\/sl\/wp-json\/wp\/v2\/pages\/5088"}],"wp:attachment":[{"href":"https:\/\/onlinelotto365.com\/sl\/wp-json\/wp\/v2\/media?parent=79529"}],"curies":[{"name":"wp","href":"https:\/\/api.w.org\/{rel}","templated":true}]}}