{"id":79547,"date":"2022-11-07T09:48:16","date_gmt":"2022-11-07T08:48:16","guid":{"rendered":"https:\/\/onlinelotto365.com\/?page_id=79547"},"modified":"2022-11-07T13:35:14","modified_gmt":"2022-11-07T12:35:14","slug":"eurojackpot","status":"publish","type":"page","link":"https:\/\/onlinelotto365.com\/sl\/igrajte\/eurojackpot\/","title":{"rendered":"Igraj Eurojackpot s spletno vstopnico"},"content":{"rendered":"<h2>O Eurojackpotu<\/h2>\n<p>Ta evropska loterija je nastala s sodelovanjem \u0161tevilnih evropskih loterijskih organov. \u010ce \u017eivite v eni od sodelujo\u010dih dr\u017eav, lahko trenutno igrate Eurojackpot z listki, ki so na voljo v lokalni prodajalni loterije. Te dr\u017eave so Hrva\u0161ka, \u010ce\u0161ka, Danska, Estonija, Finska, Nem\u010dija, Slovenija, Islandija, Italija, Latvija, Litva, Norve\u0161ka, Poljska, Slova\u0161ka, Slovenija, \u0160panija, \u0160vedska in Nizozemska.<\/p>\n<p>\u010ce \u017eivite v dr\u017eavi, ki je ni na seznamu, lahko igrate samo na spletu Eurojackpot. Ko boste odkrili to mo\u017enost, boste videli, da je mo\u017enosti \u0161e veliko ve\u010d. Na\u0161a spletna stran vam ne omogo\u010da le enostavnega igranja Eurojackpota na spletu iz Slovenije. Omogo\u010damo vam tudi dostop do drugih vrhunskih loterij z velikimi dobitki.<\/p>\n<p><a href=\"https:\/\/redfoxlotto.com\/play\/eurojackpot\/?ref=a8564250a2&amp;medium=ol365\" target=\"_blank\" rel=\"noopener noreferrer\"><img decoding=\"async\" class=\"aligncenter\" src=\"https:\/\/redfoxlotto.com\/image?size=8&amp;lottery=eurojackpot\" alt=\"Eurojackpot\" \/><\/a><\/p>\n<ul>\n<li>Dr\u017eava: razli\u010dne evropske dr\u017eave, glejte zgoraj<\/li>\n<li>Razpon glavnih \u0161tevilk: 50<\/li>\n<li>Izbrati morate: 5<\/li>\n<li>Dodatne \u0161tevilke: 10<\/li>\n<li>Izbrati morate: 2<\/li>\n<li>Dnevi, ure \u017erebanja: 1: 21:00 CET &#8211; 21:00 CET &#8211; 21:00 CET<\/li>\n<li>Jackpot se za\u010dne pri: \u20ac 10 milijonov<\/li>\n<li>Jackpot je omejen na: \u20ac 90 milijonov<\/li>\n<li>Mo\u017enost za osvojitev glavnega dobitka: 1 proti 135600640<\/li>\n<li>Mo\u017enost za osvojitev druge nagrade: 1 proti 2118760<\/li>\n<li>Mo\u017enost, da osvojite katero koli nagrado: 1 proti 26,39<\/li>\n<li>\u0160tevilo nagradnih kategorij: 1: 12<\/li>\n<\/ul>\n<h2>Najbolj\u0161e lastnosti igre Eurojackpot<\/h2>\n<p>Najprej boste opazili, da se glavni dobitek vedno za\u010dne z zneskom najmanj 10 milijonov EUR. Opozoriti pa morate tudi na to, da je tudi druga nagradna vrsta precej privla\u010dna in ima veliko bolj\u0161e kvote. \u010ce \u017eelite osvojiti drugo nagrado, morate pravilno oddati vseh 5 glavnih \u0161tevilk in eno od dveh dodatnih \u0161tevilk. Verjetnost, da se to zgodi, je pribli\u017eno 1 proti 2 milijonom, dobitek pa vam obi\u010dajno prinese izpla\u010dilo med 100.000 in 500.000 EUR. To je vsekakor dovolj dober razlog, da igrate Eurojackpot na spletu iz Slovenije.<\/p>\n<p>Toda glavni razlog, zakaj bi morali Eurojackpot vedno spremljati, je, kaj se bo zgodilo, \u010de glavni dobitek dose\u017ee 90 milijonov evrov, kar se obi\u010dajno zgodi nekajkrat na leto. Takoj, ko jackpot prese\u017ee prag 40 milijonov evrov, se obi\u010dajno precej hitro pove\u010da, saj Eurojackpot igra ve\u010d ljudi, zato se proda ve\u010d sre\u010dk. Kaj se bo zgodilo, ko bo dosegel zgornjo mejo 90 milijonov evrov?<\/p>\n<p>Takrat se glavni dobitek ne bo pove\u010dal za ves dodaten denar, ki ga bodo zapravili igralci. Namesto tega se bodo ta sredstva prenesla v drugo nagradno kategorijo. Pri naslednjem \u017erebanju lahko torej ne samo igrate Eurojackpot na spletu za glavni dobitek v vi\u0161ini 90 milijonov evrov, temve\u010d lahko pri\u010dakujete tudi veliko ve\u010dje izpla\u010dilo, \u010de zmagate v drugi kategoriji. Dokler glavnega dobitka v vi\u0161ini 90 milijonov evrov \u0161e ne boste razbili, lahko osvojite nagrado druge stopnje, vendar se bo z vsakim \u017erebanjem dodal nov denar.<\/p>\n<h2>Kako preveriti rezultate Eurojackpota<\/h2>\n<p>Rezultate preverite na eni od uradnih spletnih strani loterije sodelujo\u010de dr\u017eave ali pa, kar je \u0161e bolj priro\u010dno, obi\u0161\u010dite na\u0161o spletno stran, kjer najdete najnovej\u0161e rezultate najbolj spektakularnih loterij na svetu. Poleg tega, da lahko na spletu igrate Eurojackpot iz Slovenije, imate seveda tudi mo\u017enost, da preprosto izberete loterijo, ki ima trenutno najvi\u0161ji glavni dobitek, in na spletu igrate to loterijo.<\/p>\n<h2>Igrali ste Eurojackpot na spletu in zmagali &#8211; kaj sledi?<\/h2>\n<p>Ko boste izvedeli, da ste na Eurojackpotu nekaj osvojili, boste od nas prejeli tudi elektronsko obvestilo. Svoje dobitnike vedno obvestimo, zato ni mo\u017enosti, da bi zamudili dobitek. Pri vseh manj\u0161ih dobitkih (manj\u0161ih ali enakih 2500 EUR) pa boste denar, ki ste ga osvojili, \u017ee na\u0161li na svojem igralnem ra\u010dunu. Sredstva vam bodo na voljo za izpla\u010dilo kmalu po \u017erebanju. Seveda se lahko odlo\u010dite tudi, da ne izpla\u010date ali da zahtevate izpla\u010dilo delnega zneska svojega stanja. Kakr\u0161no koli preostalo stanje lahko nato uporabite za igranje spletnega lota in nakup novih sre\u010dk.<\/p>\n","protected":false},"excerpt":{"rendered":"<p>O Eurojackpotu Ta evropska loterija je nastala s sodelovanjem \u0161tevilnih evropskih loterijskih organov. \u010ce \u017eivite v eni od sodelujo\u010dih dr\u017eav, lahko trenutno igrate Eurojackpot z listki, ki so na voljo v lokalni prodajalni loterije. Te dr\u017eave so Hrva\u0161ka, \u010ce\u0161ka, Danska, Estonija, Finska, Nem\u010dija, Slovenija, Islandija, Italija, Latvija, Litva, Norve\u0161ka, Poljska, Slova\u0161ka, Slovenija, \u0160panija, \u0160vedska in [&hellip;]<\/p>\n","protected":false},"author":1,"featured_media":0,"parent":5088,"menu_order":4,"comment_status":"closed","ping_status":"closed","template":"eurojackpot.php","meta":{"_et_pb_use_builder":"","_et_pb_old_content":"","_et_gb_content_width":"","exclude_from_search":false,"footnotes":""},"class_list":["post-79547","page","type-page","status-publish","hentry"],"yoast_head":"<!-- This site is optimized with the Yoast SEO plugin v23.4 - https:\/\/yoast.com\/wordpress\/plugins\/seo\/ -->\n<title>Eurojackpot za prebivalce Slovenije | Igraj Eurojackpot na spletu tukaj<\/title>\n<meta name=\"description\" content=\"Zakonit in enostaven na\u010din igranja Eurojackpota na spletu in iz Slovenije\" \/>\n<meta name=\"robots\" content=\"index, follow, max-snippet:-1, max-image-preview:large, max-video-preview:-1\" \/>\n<link rel=\"canonical\" href=\"https:\/\/onlinelotto365.com\/sl\/igrajte\/eurojackpot\/\" \/>\n<meta property=\"og:locale\" content=\"sl_SI\" \/>\n<meta property=\"og:type\" content=\"article\" \/>\n<meta property=\"og:title\" content=\"Eurojackpot za prebivalce Slovenije | Igraj Eurojackpot na spletu tukaj\" \/>\n<meta property=\"og:description\" content=\"Zakonit in enostaven na\u010din igranja Eurojackpota na spletu in iz Slovenije\" \/>\n<meta property=\"og:url\" content=\"https:\/\/onlinelotto365.com\/sl\/igrajte\/eurojackpot\/\" \/>\n<meta property=\"og:site_name\" content=\"OnlineLotto365\" \/>\n<meta property=\"article:modified_time\" content=\"2022-11-07T12:35:14+00:00\" \/>\n<meta property=\"og:image\" content=\"https:\/\/redfoxlotto.com\/image?size=8&amp;lottery=eurojackpot\" \/>\n<meta name=\"twitter:card\" content=\"summary_large_image\" \/>\n<meta name=\"twitter:label1\" content=\"Est. reading time\" \/>\n\t<meta name=\"twitter:data1\" content=\"3 minute\" \/>\n<script type=\"application\/ld+json\" class=\"yoast-schema-graph\">{\"@context\":\"https:\/\/schema.org\",\"@graph\":[{\"@type\":\"WebPage\",\"@id\":\"https:\/\/onlinelotto365.com\/sl\/igrajte\/eurojackpot\/\",\"url\":\"https:\/\/onlinelotto365.com\/sl\/igrajte\/eurojackpot\/\",\"name\":\"Eurojackpot za prebivalce Slovenije | Igraj Eurojackpot na spletu tukaj\",\"isPartOf\":{\"@id\":\"https:\/\/onlinelotto365.com\/sl\/#website\"},\"primaryImageOfPage\":{\"@id\":\"https:\/\/onlinelotto365.com\/sl\/igrajte\/eurojackpot\/#primaryimage\"},\"image\":{\"@id\":\"https:\/\/onlinelotto365.com\/sl\/igrajte\/eurojackpot\/#primaryimage\"},\"thumbnailUrl\":\"https:\/\/redfoxlotto.com\/image?size=8&amp;lottery=eurojackpot\",\"datePublished\":\"2022-11-07T08:48:16+00:00\",\"dateModified\":\"2022-11-07T12:35:14+00:00\",\"description\":\"Zakonit in enostaven na\u010din igranja Eurojackpota na spletu in iz Slovenije\",\"breadcrumb\":{\"@id\":\"https:\/\/onlinelotto365.com\/sl\/igrajte\/eurojackpot\/#breadcrumb\"},\"inLanguage\":\"sl-SI\",\"potentialAction\":[{\"@type\":\"ReadAction\",\"target\":[\"https:\/\/onlinelotto365.com\/sl\/igrajte\/eurojackpot\/\"]}]},{\"@type\":\"ImageObject\",\"inLanguage\":\"sl-SI\",\"@id\":\"https:\/\/onlinelotto365.com\/sl\/igrajte\/eurojackpot\/#primaryimage\",\"url\":\"https:\/\/redfoxlotto.com\/image?size=8&amp;lottery=eurojackpot\",\"contentUrl\":\"https:\/\/redfoxlotto.com\/image?size=8&amp;lottery=eurojackpot\"},{\"@type\":\"BreadcrumbList\",\"@id\":\"https:\/\/onlinelotto365.com\/sl\/igrajte\/eurojackpot\/#breadcrumb\",\"itemListElement\":[{\"@type\":\"ListItem\",\"position\":1,\"name\":\"Home\",\"item\":\"https:\/\/onlinelotto365.com\/sl\/\"},{\"@type\":\"ListItem\",\"position\":2,\"name\":\"Vse, kar morate vedeti o va\u0161ih mo\u017enostih igranja najbolj\u0161ih loterij prek spleta\",\"item\":\"https:\/\/onlinelotto365.com\/sl\/igrajte\/\"},{\"@type\":\"ListItem\",\"position\":3,\"name\":\"Igraj Eurojackpot s spletno vstopnico\"}]},{\"@type\":\"WebSite\",\"@id\":\"https:\/\/onlinelotto365.com\/sl\/#website\",\"url\":\"https:\/\/onlinelotto365.com\/sl\/\",\"name\":\"OnlineLotto365\",\"description\":\"\",\"potentialAction\":[{\"@type\":\"SearchAction\",\"target\":{\"@type\":\"EntryPoint\",\"urlTemplate\":\"https:\/\/onlinelotto365.com\/sl\/?s={search_term_string}\"},\"query-input\":{\"@type\":\"PropertyValueSpecification\",\"valueRequired\":true,\"valueName\":\"search_term_string\"}}],\"inLanguage\":\"sl-SI\"}]}<\/script>\n<!-- \/ Yoast SEO plugin. -->","yoast_head_json":{"title":"Eurojackpot za prebivalce Slovenije | Igraj Eurojackpot na spletu tukaj","description":"Zakonit in enostaven na\u010din igranja Eurojackpota na spletu in iz Slovenije","robots":{"index":"index","follow":"follow","max-snippet":"max-snippet:-1","max-image-preview":"max-image-preview:large","max-video-preview":"max-video-preview:-1"},"canonical":"https:\/\/onlinelotto365.com\/sl\/igrajte\/eurojackpot\/","og_locale":"sl_SI","og_type":"article","og_title":"Eurojackpot za prebivalce Slovenije | Igraj Eurojackpot na spletu tukaj","og_description":"Zakonit in enostaven na\u010din igranja Eurojackpota na spletu in iz Slovenije","og_url":"https:\/\/onlinelotto365.com\/sl\/igrajte\/eurojackpot\/","og_site_name":"OnlineLotto365","article_modified_time":"2022-11-07T12:35:14+00:00","og_image":[{"url":"https:\/\/redfoxlotto.com\/image?size=8&amp;lottery=eurojackpot"}],"twitter_card":"summary_large_image","twitter_misc":{"Est. reading time":"3 minute"},"schema":{"@context":"https:\/\/schema.org","@graph":[{"@type":"WebPage","@id":"https:\/\/onlinelotto365.com\/sl\/igrajte\/eurojackpot\/","url":"https:\/\/onlinelotto365.com\/sl\/igrajte\/eurojackpot\/","name":"Eurojackpot za prebivalce Slovenije | Igraj Eurojackpot na spletu tukaj","isPartOf":{"@id":"https:\/\/onlinelotto365.com\/sl\/#website"},"primaryImageOfPage":{"@id":"https:\/\/onlinelotto365.com\/sl\/igrajte\/eurojackpot\/#primaryimage"},"image":{"@id":"https:\/\/onlinelotto365.com\/sl\/igrajte\/eurojackpot\/#primaryimage"},"thumbnailUrl":"https:\/\/redfoxlotto.com\/image?size=8&amp;lottery=eurojackpot","datePublished":"2022-11-07T08:48:16+00:00","dateModified":"2022-11-07T12:35:14+00:00","description":"Zakonit in enostaven na\u010din igranja Eurojackpota na spletu in iz Slovenije","breadcrumb":{"@id":"https:\/\/onlinelotto365.com\/sl\/igrajte\/eurojackpot\/#breadcrumb"},"inLanguage":"sl-SI","potentialAction":[{"@type":"ReadAction","target":["https:\/\/onlinelotto365.com\/sl\/igrajte\/eurojackpot\/"]}]},{"@type":"ImageObject","inLanguage":"sl-SI","@id":"https:\/\/onlinelotto365.com\/sl\/igrajte\/eurojackpot\/#primaryimage","url":"https:\/\/redfoxlotto.com\/image?size=8&amp;lottery=eurojackpot","contentUrl":"https:\/\/redfoxlotto.com\/image?size=8&amp;lottery=eurojackpot"},{"@type":"BreadcrumbList","@id":"https:\/\/onlinelotto365.com\/sl\/igrajte\/eurojackpot\/#breadcrumb","itemListElement":[{"@type":"ListItem","position":1,"name":"Home","item":"https:\/\/onlinelotto365.com\/sl\/"},{"@type":"ListItem","position":2,"name":"Vse, kar morate vedeti o va\u0161ih mo\u017enostih igranja najbolj\u0161ih loterij prek spleta","item":"https:\/\/onlinelotto365.com\/sl\/igrajte\/"},{"@type":"ListItem","position":3,"name":"Igraj Eurojackpot s spletno vstopnico"}]},{"@type":"WebSite","@id":"https:\/\/onlinelotto365.com\/sl\/#website","url":"https:\/\/onlinelotto365.com\/sl\/","name":"OnlineLotto365","description":"","potentialAction":[{"@type":"SearchAction","target":{"@type":"EntryPoint","urlTemplate":"https:\/\/onlinelotto365.com\/sl\/?s={search_term_string}"},"query-input":{"@type":"PropertyValueSpecification","valueRequired":true,"valueName":"search_term_string"}}],"inLanguage":"sl-SI"}]}},"_links":{"self":[{"href":"https:\/\/onlinelotto365.com\/sl\/wp-json\/wp\/v2\/pages\/79547","targetHints":{"allow":["GET"]}}],"collection":[{"href":"https:\/\/onlinelotto365.com\/sl\/wp-json\/wp\/v2\/pages"}],"about":[{"href":"https:\/\/onlinelotto365.com\/sl\/wp-json\/wp\/v2\/types\/page"}],"author":[{"embeddable":true,"href":"https:\/\/onlinelotto365.com\/sl\/wp-json\/wp\/v2\/users\/1"}],"replies":[{"embeddable":true,"href":"https:\/\/onlinelotto365.com\/sl\/wp-json\/wp\/v2\/comments?post=79547"}],"version-history":[{"count":0,"href":"https:\/\/onlinelotto365.com\/sl\/wp-json\/wp\/v2\/pages\/79547\/revisions"}],"up":[{"embeddable":true,"href":"https:\/\/onlinelotto365.com\/sl\/wp-json\/wp\/v2\/pages\/5088"}],"wp:attachment":[{"href":"https:\/\/onlinelotto365.com\/sl\/wp-json\/wp\/v2\/media?parent=79547"}],"curies":[{"name":"wp","href":"https:\/\/api.w.org\/{rel}","templated":true}]}}