{"id":80083,"date":"2022-11-14T14:09:42","date_gmt":"2022-11-14T13:09:42","guid":{"rendered":"https:\/\/onlinelotto365.com\/?page_id=80083"},"modified":"2022-11-14T14:09:42","modified_gmt":"2022-11-14T13:09:42","slug":"superenalotto","status":"publish","type":"page","link":"https:\/\/onlinelotto365.com\/sl\/zmagovalne-stevilke\/superenalotto\/","title":{"rendered":"Preverite Superenalotto zmagovalne \u0161tevilke tukaj"},"content":{"rendered":"<p>Na na\u0161i spletni strani ponujamo veliko razli\u010dnih mednarodnih loterijskih iger, vendar \u017eelimo poskrbeti, da iskanje rezultatov ne bo te\u017eava. Seveda lahko rezultate preverite na televiziji, \u010de imate dovolj sre\u010de, da rezultate \u017erebanja najdete v poro\u010dilih. Lahko pa jih najdete tudi v \u010dasopisu, \u010de \u017eivite na obmo\u010dju, kjer so igre lokalne. Toda tudi to je lahko te\u017eavno.<br \/>\n<a href=\"https:\/\/redfoxlotto.com\/play\/superenalotto\/?ref=a8564250a2&amp;medium=ol365\" target=\"_blank\" rel=\"noopener noreferrer\"><img decoding=\"async\" class=\"aligncenter\" src=\"https:\/\/redfoxlotto.com\/image?size=8&amp;lottery=superenalotto\" alt=\"superenalotto\" \/><\/a><br \/>\nNa spletnem mestu Superenalotto lahko poi\u0161\u010dete tudi neposredni prenos postopka \u017erebanja, \u010de je na voljo. To je lahko zabavno pri igrah, ki to ponujajo, in vam lahko omogo\u010di vznemirljiv trenutek gledanja, ali so va\u0161e \u0161tevilke tiste, ki so zmagale, vendar vsaka loterija te mo\u017enosti dejansko ne ponuja.<\/p>\n<p>Po \u017erebanju lahko zmagovalne \u0161tevilke in \u017erebanja za Superenalotto v\u010dasih najdete na YouTubu, \u010de veste, kako in kje iskati. Vendar to lahko traja dlje \u010dasa.<\/p>\n<p>Najbolje je, da preprosto obi\u0161\u010dete na\u0161o stran z rezultati loterije in si ogledate vse \u0161tevilke za vsako od razli\u010dnih iger loto. To vklju\u010duje Superenalotto in \u0161e veliko ve\u010d.<\/p>\n<h2>Kako ugotoviti, ali je va\u0161a spletna sre\u010dka zmagala?<\/h2>\n<p>Tisti, ki ste kupili sre\u010dko za Superenalotto na na\u0161i spletni strani, lahko preprosto preverite svoj ra\u010dun in ugotovite zmagovalne \u0161tevilke. To bo veliko la\u017eje, kot si morda mislite, \u0161e bolje pa je, da vam \u0161tevilk sploh ni treba primerjati.<\/p>\n<p>Za to bomo poskrbeli mi. Pravzaprav vam poka\u017eemo, katere \u0161tevilke, ki jih imate, se ujemajo z zmagovalnimi \u0161tevilkami, tako da jih ozna\u010dimo. Nato vam denar, ki ga osvojite do 2500 EUR, naka\u017eemo neposredno na va\u0161 ra\u010dun. Ni vam treba skrbeti, da bi ga zahtevali ali preverjali. Vse to opravimo mi, tako da lahko u\u017eivate v svojem dobitku.<\/p>\n<h2>Arhiv rezultatov Superenalotto<\/h2>\n<p>Na vsaki strani na\u0161ega spletnega mesta, kjer so prikazane zmagovalne \u0161tevilke za Superenalotto, boste videli tudi, kako se lahko vrnete k prej\u0161njim rezultatom in preverite prej\u0161nja \u017erebanja. To vam lahko pomaga pri izbiri pravih \u0161tevilk, ki jih \u017eelite igrati, ko pride \u010das za naslednje \u017erebanje. To je eden izmed najbolj priljubljenih na\u010dinov izbire \u0161tevilk.<\/p>\n<h2>Moj listek je zmagal, kaj sledi?<\/h2>\n<p><img loading=\"lazy\" decoding=\"async\" class=\"alignright size-full wp-image-3634\" src=\"https:\/\/onlinelotto365.com\/wp-content\/uploads\/2020\/11\/online_lottery-136.jpg\" alt=\"dobitne \u0161tevilke za superenalotto\" width=\"297\" height=\"101\" \/><br \/>\nVsak dobitek, ki je ni\u017eji od 2500 EUR, bo takoj nakazan na va\u0161 igralni ra\u010dun. Tako jo lahko izpla\u010date (katerikoli znesek nad 10 \u20ac) ali pa jo uporabite za nakup dodatnih sre\u010dk. Upo\u0161tevajte le, da lahko sredstva izpla\u010date s kreditno ali debetno kartico ali pa jih izpla\u010date na ban\u010dni ra\u010dun. Ne glede na to, s katerega ra\u010duna \u017eelite denar dvigniti, ga boste morali \u017ee uporabiti tudi za vpla\u010dilo. Tako vas pomagamo za\u0161\u010dititi in tudi izpolnjujemo predpise za prepre\u010devanje pranja denarja in druge.<\/p>\n","protected":false},"excerpt":{"rendered":"<p>Na na\u0161i spletni strani ponujamo veliko razli\u010dnih mednarodnih loterijskih iger, vendar \u017eelimo poskrbeti, da iskanje rezultatov ne bo te\u017eava. Seveda lahko rezultate preverite na televiziji, \u010de imate dovolj sre\u010de, da rezultate \u017erebanja najdete v poro\u010dilih. Lahko pa jih najdete tudi v \u010dasopisu, \u010de \u017eivite na obmo\u010dju, kjer so igre lokalne. Toda tudi to je lahko [&hellip;]<\/p>\n","protected":false},"author":1,"featured_media":0,"parent":5867,"menu_order":5,"comment_status":"closed","ping_status":"closed","template":"superenalotto-results.php","meta":{"_et_pb_use_builder":"","_et_pb_old_content":"","_et_gb_content_width":"","exclude_from_search":false,"footnotes":""},"class_list":["post-80083","page","type-page","status-publish","hentry"],"yoast_head":"<!-- This site is optimized with the Yoast SEO plugin v23.4 - https:\/\/yoast.com\/wordpress\/plugins\/seo\/ -->\n<title>Zadnje dobitne \u0161tevilke za Superenalotto<\/title>\n<meta name=\"description\" content=\"\u017delite izvedeti zmagovalne \u0161tevilke za Superenalotto? Rezultate in \u0161e ve\u010d najdete tukaj!\" \/>\n<meta name=\"robots\" content=\"index, follow, max-snippet:-1, max-image-preview:large, max-video-preview:-1\" \/>\n<link rel=\"canonical\" href=\"https:\/\/onlinelotto365.com\/sl\/zmagovalne-stevilke\/superenalotto\/\" \/>\n<meta property=\"og:locale\" content=\"sl_SI\" \/>\n<meta property=\"og:type\" content=\"article\" \/>\n<meta property=\"og:title\" content=\"Zadnje dobitne \u0161tevilke za Superenalotto\" \/>\n<meta property=\"og:description\" content=\"\u017delite izvedeti zmagovalne \u0161tevilke za Superenalotto? Rezultate in \u0161e ve\u010d najdete tukaj!\" \/>\n<meta property=\"og:url\" content=\"https:\/\/onlinelotto365.com\/sl\/zmagovalne-stevilke\/superenalotto\/\" \/>\n<meta property=\"og:site_name\" content=\"OnlineLotto365\" \/>\n<meta property=\"og:image\" content=\"https:\/\/redfoxlotto.com\/image?size=8&amp;lottery=superenalotto\" \/>\n<meta name=\"twitter:card\" content=\"summary_large_image\" \/>\n<meta name=\"twitter:label1\" content=\"Est. reading time\" \/>\n\t<meta name=\"twitter:data1\" content=\"3 minute\" \/>\n<script type=\"application\/ld+json\" class=\"yoast-schema-graph\">{\"@context\":\"https:\/\/schema.org\",\"@graph\":[{\"@type\":\"WebPage\",\"@id\":\"https:\/\/onlinelotto365.com\/sl\/zmagovalne-stevilke\/superenalotto\/\",\"url\":\"https:\/\/onlinelotto365.com\/sl\/zmagovalne-stevilke\/superenalotto\/\",\"name\":\"Zadnje dobitne \u0161tevilke za Superenalotto\",\"isPartOf\":{\"@id\":\"https:\/\/onlinelotto365.com\/sl\/#website\"},\"primaryImageOfPage\":{\"@id\":\"https:\/\/onlinelotto365.com\/sl\/zmagovalne-stevilke\/superenalotto\/#primaryimage\"},\"image\":{\"@id\":\"https:\/\/onlinelotto365.com\/sl\/zmagovalne-stevilke\/superenalotto\/#primaryimage\"},\"thumbnailUrl\":\"https:\/\/redfoxlotto.com\/image?size=8&amp;lottery=superenalotto\",\"datePublished\":\"2022-11-14T13:09:42+00:00\",\"dateModified\":\"2022-11-14T13:09:42+00:00\",\"description\":\"\u017delite izvedeti zmagovalne \u0161tevilke za Superenalotto? Rezultate in \u0161e ve\u010d najdete tukaj!\",\"breadcrumb\":{\"@id\":\"https:\/\/onlinelotto365.com\/sl\/zmagovalne-stevilke\/superenalotto\/#breadcrumb\"},\"inLanguage\":\"sl-SI\",\"potentialAction\":[{\"@type\":\"ReadAction\",\"target\":[\"https:\/\/onlinelotto365.com\/sl\/zmagovalne-stevilke\/superenalotto\/\"]}]},{\"@type\":\"ImageObject\",\"inLanguage\":\"sl-SI\",\"@id\":\"https:\/\/onlinelotto365.com\/sl\/zmagovalne-stevilke\/superenalotto\/#primaryimage\",\"url\":\"https:\/\/redfoxlotto.com\/image?size=8&amp;lottery=superenalotto\",\"contentUrl\":\"https:\/\/redfoxlotto.com\/image?size=8&amp;lottery=superenalotto\"},{\"@type\":\"BreadcrumbList\",\"@id\":\"https:\/\/onlinelotto365.com\/sl\/zmagovalne-stevilke\/superenalotto\/#breadcrumb\",\"itemListElement\":[{\"@type\":\"ListItem\",\"position\":1,\"name\":\"Home\",\"item\":\"https:\/\/onlinelotto365.com\/sl\/\"},{\"@type\":\"ListItem\",\"position\":2,\"name\":\"Preglejte zmagovalne \u0161tevilke in rezultate najnovej\u0161ih loto \u017erebanj\",\"item\":\"https:\/\/onlinelotto365.com\/sl\/zmagovalne-stevilke\/\"},{\"@type\":\"ListItem\",\"position\":3,\"name\":\"Preverite Superenalotto zmagovalne \u0161tevilke tukaj\"}]},{\"@type\":\"WebSite\",\"@id\":\"https:\/\/onlinelotto365.com\/sl\/#website\",\"url\":\"https:\/\/onlinelotto365.com\/sl\/\",\"name\":\"OnlineLotto365\",\"description\":\"\",\"potentialAction\":[{\"@type\":\"SearchAction\",\"target\":{\"@type\":\"EntryPoint\",\"urlTemplate\":\"https:\/\/onlinelotto365.com\/sl\/?s={search_term_string}\"},\"query-input\":{\"@type\":\"PropertyValueSpecification\",\"valueRequired\":true,\"valueName\":\"search_term_string\"}}],\"inLanguage\":\"sl-SI\"}]}<\/script>\n<!-- \/ Yoast SEO plugin. -->","yoast_head_json":{"title":"Zadnje dobitne \u0161tevilke za Superenalotto","description":"\u017delite izvedeti zmagovalne \u0161tevilke za Superenalotto? Rezultate in \u0161e ve\u010d najdete tukaj!","robots":{"index":"index","follow":"follow","max-snippet":"max-snippet:-1","max-image-preview":"max-image-preview:large","max-video-preview":"max-video-preview:-1"},"canonical":"https:\/\/onlinelotto365.com\/sl\/zmagovalne-stevilke\/superenalotto\/","og_locale":"sl_SI","og_type":"article","og_title":"Zadnje dobitne \u0161tevilke za Superenalotto","og_description":"\u017delite izvedeti zmagovalne \u0161tevilke za Superenalotto? Rezultate in \u0161e ve\u010d najdete tukaj!","og_url":"https:\/\/onlinelotto365.com\/sl\/zmagovalne-stevilke\/superenalotto\/","og_site_name":"OnlineLotto365","og_image":[{"url":"https:\/\/redfoxlotto.com\/image?size=8&amp;lottery=superenalotto"}],"twitter_card":"summary_large_image","twitter_misc":{"Est. reading time":"3 minute"},"schema":{"@context":"https:\/\/schema.org","@graph":[{"@type":"WebPage","@id":"https:\/\/onlinelotto365.com\/sl\/zmagovalne-stevilke\/superenalotto\/","url":"https:\/\/onlinelotto365.com\/sl\/zmagovalne-stevilke\/superenalotto\/","name":"Zadnje dobitne \u0161tevilke za Superenalotto","isPartOf":{"@id":"https:\/\/onlinelotto365.com\/sl\/#website"},"primaryImageOfPage":{"@id":"https:\/\/onlinelotto365.com\/sl\/zmagovalne-stevilke\/superenalotto\/#primaryimage"},"image":{"@id":"https:\/\/onlinelotto365.com\/sl\/zmagovalne-stevilke\/superenalotto\/#primaryimage"},"thumbnailUrl":"https:\/\/redfoxlotto.com\/image?size=8&amp;lottery=superenalotto","datePublished":"2022-11-14T13:09:42+00:00","dateModified":"2022-11-14T13:09:42+00:00","description":"\u017delite izvedeti zmagovalne \u0161tevilke za Superenalotto? Rezultate in \u0161e ve\u010d najdete tukaj!","breadcrumb":{"@id":"https:\/\/onlinelotto365.com\/sl\/zmagovalne-stevilke\/superenalotto\/#breadcrumb"},"inLanguage":"sl-SI","potentialAction":[{"@type":"ReadAction","target":["https:\/\/onlinelotto365.com\/sl\/zmagovalne-stevilke\/superenalotto\/"]}]},{"@type":"ImageObject","inLanguage":"sl-SI","@id":"https:\/\/onlinelotto365.com\/sl\/zmagovalne-stevilke\/superenalotto\/#primaryimage","url":"https:\/\/redfoxlotto.com\/image?size=8&amp;lottery=superenalotto","contentUrl":"https:\/\/redfoxlotto.com\/image?size=8&amp;lottery=superenalotto"},{"@type":"BreadcrumbList","@id":"https:\/\/onlinelotto365.com\/sl\/zmagovalne-stevilke\/superenalotto\/#breadcrumb","itemListElement":[{"@type":"ListItem","position":1,"name":"Home","item":"https:\/\/onlinelotto365.com\/sl\/"},{"@type":"ListItem","position":2,"name":"Preglejte zmagovalne \u0161tevilke in rezultate najnovej\u0161ih loto \u017erebanj","item":"https:\/\/onlinelotto365.com\/sl\/zmagovalne-stevilke\/"},{"@type":"ListItem","position":3,"name":"Preverite Superenalotto zmagovalne \u0161tevilke tukaj"}]},{"@type":"WebSite","@id":"https:\/\/onlinelotto365.com\/sl\/#website","url":"https:\/\/onlinelotto365.com\/sl\/","name":"OnlineLotto365","description":"","potentialAction":[{"@type":"SearchAction","target":{"@type":"EntryPoint","urlTemplate":"https:\/\/onlinelotto365.com\/sl\/?s={search_term_string}"},"query-input":{"@type":"PropertyValueSpecification","valueRequired":true,"valueName":"search_term_string"}}],"inLanguage":"sl-SI"}]}},"_links":{"self":[{"href":"https:\/\/onlinelotto365.com\/sl\/wp-json\/wp\/v2\/pages\/80083","targetHints":{"allow":["GET"]}}],"collection":[{"href":"https:\/\/onlinelotto365.com\/sl\/wp-json\/wp\/v2\/pages"}],"about":[{"href":"https:\/\/onlinelotto365.com\/sl\/wp-json\/wp\/v2\/types\/page"}],"author":[{"embeddable":true,"href":"https:\/\/onlinelotto365.com\/sl\/wp-json\/wp\/v2\/users\/1"}],"replies":[{"embeddable":true,"href":"https:\/\/onlinelotto365.com\/sl\/wp-json\/wp\/v2\/comments?post=80083"}],"version-history":[{"count":0,"href":"https:\/\/onlinelotto365.com\/sl\/wp-json\/wp\/v2\/pages\/80083\/revisions"}],"up":[{"embeddable":true,"href":"https:\/\/onlinelotto365.com\/sl\/wp-json\/wp\/v2\/pages\/5867"}],"wp:attachment":[{"href":"https:\/\/onlinelotto365.com\/sl\/wp-json\/wp\/v2\/media?parent=80083"}],"curies":[{"name":"wp","href":"https:\/\/api.w.org\/{rel}","templated":true}]}}