{"id":80115,"date":"2022-11-14T18:48:22","date_gmt":"2022-11-14T17:48:22","guid":{"rendered":"https:\/\/onlinelotto365.com\/?page_id=80115"},"modified":"2022-11-14T18:48:22","modified_gmt":"2022-11-14T17:48:22","slug":"euromillions","status":"publish","type":"page","link":"https:\/\/onlinelotto365.com\/sl\/zmagovalne-stevilke\/euromillions\/","title":{"rendered":"Oglejte si zmagovalne \u0161tevilke Euromillions"},"content":{"rendered":"<p>Vemo, da je na na\u0161i spletni strani na voljo veliko mednarodnih loterijskih iger, kar vas lahko nekoliko zmede. Vendar ni nujno, da je tako zmedeno, kot si mislite. Prav tako vam ni treba biti tako te\u017eko najti zmagovalne \u0161tevilke za \u017eeleno igro. Morda pa ste razmi\u0161ljali, da bi preverili \u0161e kje drugje. \u010casopis in televizija sta nekaj mo\u017enosti, vendar \u010de niste doma\u010dini, je lahko te\u017eko najti rezultate na katerem koli od teh mest.<br \/>\n<a href=\"https:\/\/redfoxlotto.com\/play\/euromillions\/?ref=a8564250a2&amp;medium=ol365\" target=\"_blank\" rel=\"noopener noreferrer\"><img decoding=\"async\" class=\"aligncenter\" src=\"https:\/\/redfoxlotto.com\/image?size=8&amp;lottery=euromillions\" alt=\"euromillions\" \/><\/a><br \/>\nLahko se odlo\u010dite tudi za obisk uradne spletne strani loterije EuroMillions. To je eden najbolj\u0161ih krajev, kjer lahko dobite rezultate, saj so na voljo dejstva, morda pa si boste lahko ogledali tudi neposredni prenos \u017erebanja. Spremljanje \u017erebanja v \u017eivo je lahko zabavno in razburljivo, \u0161e posebej, \u010de ste zmagovalec vi in lahko opazujete, kako prihajajo va\u0161e \u0161tevilke. Vendar lahko to vzame veliko \u010dasa in vse loterijske igre se dejansko ne prena\u0161ajo v \u017eivo.<\/p>\n<p>Ko je loterija \u017ee iz\u017erebana, je druga mo\u017enost, da na YouTubu preverite, ali lahko dobite videoposnetek \u017erebanja ali nekoga drugega, ki razkrije \u0161tevilke po tem, ko so bile iz\u017erebane.<\/p>\n<p>Najbolj\u0161i na\u010din za pridobitev zmagovalnih \u0161tevilk pa je, da si ogledate na\u0161o spletno stran in preverite rezultate. Vse to je na voljo na na\u0161i strani z rezultati loterije, ki vam bo pokazala zmagovalne \u0161tevilke za katero koli igro loto, ki jo lahko kupite na na\u0161em spletnem mestu.<\/p>\n<h2>Kako ugotoviti, ali je va\u0161a spletna sre\u010dka zmagala<\/h2>\n<p>\u0160e bolje je, da vam, \u010de ste dejansko kupili sre\u010dko za to igro, sploh ni treba skrbeti, da bi obiskali stran z rezultati. Preprosto se lahko odpravite neposredno v svoj ra\u010dun in na stran s svojimi vstopnicami.<\/p>\n<p>Od tam si lahko ogledate primerjavo zmagovalnih \u0161tevilk in svojih \u0161tevilk. Poleg tega poudarjamo \u0161tevilke, ki se ujemajo, tako da jih ne boste spregledali. Poleg tega poskrbimo za to, da vam izpla\u010damo dobitke iz va\u0161ih \u0161tevilk, \u010de imate manj kot 2500 EUR. \u010ce je ta vi\u0161ji, morate le izpolniti obrazec in \u0161e vedno vam bomo pomagali poskrbeti za vse potrebno.<\/p>\n<h2>Arhiv rezultatov EuroMillions<\/h2>\n<p>Imamo ve\u010d podro\u010dij, kjer si lahko ogledate najnovej\u0161e dobitne \u0161tevilke igre EuroMillions in rezultate drugih iger, imamo pa tudi mo\u017enosti za pregled starih dobitnih \u0161tevilk. \u010ce se \u017eelite prepri\u010dati, da ste izbrali prave \u0161tevilke za igro Neto, je ogled starej\u0161ih iger morda le dober na\u010din za to izbiro.<\/p>\n<h2>Moj listek je dobil dobitek, kaj sledi?<\/h2>\n<p><img loading=\"lazy\" decoding=\"async\" class=\"alignright wp-image-3645\" src=\"https:\/\/onlinelotto365.com\/wp-content\/uploads\/2020\/11\/online_lottery-129-300x300.jpg\" alt=\"Zmagovalne \u0161tevilke Euromillions\" width=\"210\" height=\"210\" srcset=\"https:\/\/onlinelotto365.com\/wp-content\/uploads\/2020\/11\/online_lottery-129-300x300.jpg 300w, https:\/\/onlinelotto365.com\/wp-content\/uploads\/2020\/11\/online_lottery-129-100x100.jpg 100w, https:\/\/onlinelotto365.com\/wp-content\/uploads\/2020\/11\/online_lottery-129-150x150.jpg 150w, https:\/\/onlinelotto365.com\/wp-content\/uploads\/2020\/11\/online_lottery-129.jpg 320w\" sizes=\"auto, (max-width: 210px) 100vw, 210px\" \/><br \/>\nOmenili smo \u017ee, da bo vsak va\u0161 dobitek, ki je manj\u0161i od 2500 EUR, na va\u0161 ra\u010dun nakazala na\u0161a slu\u017eba za pomo\u010d strankam. Ko bo denar na va\u0161em ra\u010dunu, ga boste lahko dvignili, uporabili ali karkoli drugega. To vam bo olaj\u0161alo nadaljnje igranje ali uporabo denarja za karkoli \u017eelite.<br \/>\nNe samo to, denar lahko dvignete s katerega koli ra\u010duna, ki ste ga \u017ee uporabili za nakup, ali pa na svoj ra\u010dun polo\u017eite dodaten denar. To vklju\u010duje ban\u010dne ra\u010dune, kreditne kartice in drugo.<\/p>\n","protected":false},"excerpt":{"rendered":"<p>Vemo, da je na na\u0161i spletni strani na voljo veliko mednarodnih loterijskih iger, kar vas lahko nekoliko zmede. Vendar ni nujno, da je tako zmedeno, kot si mislite. Prav tako vam ni treba biti tako te\u017eko najti zmagovalne \u0161tevilke za \u017eeleno igro. Morda pa ste razmi\u0161ljali, da bi preverili \u0161e kje drugje. \u010casopis in televizija [&hellip;]<\/p>\n","protected":false},"author":1,"featured_media":0,"parent":5867,"menu_order":3,"comment_status":"closed","ping_status":"closed","template":"euromillions-results.php","meta":{"_et_pb_use_builder":"","_et_pb_old_content":"","_et_gb_content_width":"","exclude_from_search":false,"footnotes":""},"class_list":["post-80115","page","type-page","status-publish","hentry"],"yoast_head":"<!-- This site is optimized with the Yoast SEO plugin v23.4 - https:\/\/yoast.com\/wordpress\/plugins\/seo\/ -->\n<title>Zmagovalne \u0161tevilke Euromillions | Oglejte si najnovej\u0161e nagrade in rezultate za Euromillions<\/title>\n<meta name=\"description\" content=\"Primerjajte svojo sre\u010dko Euromillions z zmagovalnimi \u0161tevilkami - oglejte si vse rezultate loterije tukaj\" \/>\n<meta name=\"robots\" content=\"index, follow, max-snippet:-1, max-image-preview:large, max-video-preview:-1\" \/>\n<link rel=\"canonical\" href=\"https:\/\/onlinelotto365.com\/sl\/zmagovalne-stevilke\/euromillions\/\" \/>\n<meta property=\"og:locale\" content=\"sl_SI\" \/>\n<meta property=\"og:type\" content=\"article\" \/>\n<meta property=\"og:title\" content=\"Zmagovalne \u0161tevilke Euromillions | Oglejte si najnovej\u0161e nagrade in rezultate za Euromillions\" \/>\n<meta property=\"og:description\" content=\"Primerjajte svojo sre\u010dko Euromillions z zmagovalnimi \u0161tevilkami - oglejte si vse rezultate loterije tukaj\" \/>\n<meta property=\"og:url\" content=\"https:\/\/onlinelotto365.com\/sl\/zmagovalne-stevilke\/euromillions\/\" \/>\n<meta property=\"og:site_name\" content=\"OnlineLotto365\" \/>\n<meta property=\"og:image\" content=\"https:\/\/redfoxlotto.com\/image?size=8&amp;lottery=euromillions\" \/>\n<meta name=\"twitter:card\" content=\"summary_large_image\" \/>\n<meta name=\"twitter:label1\" content=\"Est. reading time\" \/>\n\t<meta name=\"twitter:data1\" content=\"3 minute\" \/>\n<script type=\"application\/ld+json\" class=\"yoast-schema-graph\">{\"@context\":\"https:\/\/schema.org\",\"@graph\":[{\"@type\":\"WebPage\",\"@id\":\"https:\/\/onlinelotto365.com\/sl\/zmagovalne-stevilke\/euromillions\/\",\"url\":\"https:\/\/onlinelotto365.com\/sl\/zmagovalne-stevilke\/euromillions\/\",\"name\":\"Zmagovalne \u0161tevilke Euromillions | Oglejte si najnovej\u0161e nagrade in rezultate za Euromillions\",\"isPartOf\":{\"@id\":\"https:\/\/onlinelotto365.com\/sl\/#website\"},\"primaryImageOfPage\":{\"@id\":\"https:\/\/onlinelotto365.com\/sl\/zmagovalne-stevilke\/euromillions\/#primaryimage\"},\"image\":{\"@id\":\"https:\/\/onlinelotto365.com\/sl\/zmagovalne-stevilke\/euromillions\/#primaryimage\"},\"thumbnailUrl\":\"https:\/\/redfoxlotto.com\/image?size=8&amp;lottery=euromillions\",\"datePublished\":\"2022-11-14T17:48:22+00:00\",\"dateModified\":\"2022-11-14T17:48:22+00:00\",\"description\":\"Primerjajte svojo sre\u010dko Euromillions z zmagovalnimi \u0161tevilkami - oglejte si vse rezultate loterije tukaj\",\"breadcrumb\":{\"@id\":\"https:\/\/onlinelotto365.com\/sl\/zmagovalne-stevilke\/euromillions\/#breadcrumb\"},\"inLanguage\":\"sl-SI\",\"potentialAction\":[{\"@type\":\"ReadAction\",\"target\":[\"https:\/\/onlinelotto365.com\/sl\/zmagovalne-stevilke\/euromillions\/\"]}]},{\"@type\":\"ImageObject\",\"inLanguage\":\"sl-SI\",\"@id\":\"https:\/\/onlinelotto365.com\/sl\/zmagovalne-stevilke\/euromillions\/#primaryimage\",\"url\":\"https:\/\/redfoxlotto.com\/image?size=8&amp;lottery=euromillions\",\"contentUrl\":\"https:\/\/redfoxlotto.com\/image?size=8&amp;lottery=euromillions\"},{\"@type\":\"BreadcrumbList\",\"@id\":\"https:\/\/onlinelotto365.com\/sl\/zmagovalne-stevilke\/euromillions\/#breadcrumb\",\"itemListElement\":[{\"@type\":\"ListItem\",\"position\":1,\"name\":\"Home\",\"item\":\"https:\/\/onlinelotto365.com\/sl\/\"},{\"@type\":\"ListItem\",\"position\":2,\"name\":\"Preglejte zmagovalne \u0161tevilke in rezultate najnovej\u0161ih loto \u017erebanj\",\"item\":\"https:\/\/onlinelotto365.com\/sl\/zmagovalne-stevilke\/\"},{\"@type\":\"ListItem\",\"position\":3,\"name\":\"Oglejte si zmagovalne \u0161tevilke Euromillions\"}]},{\"@type\":\"WebSite\",\"@id\":\"https:\/\/onlinelotto365.com\/sl\/#website\",\"url\":\"https:\/\/onlinelotto365.com\/sl\/\",\"name\":\"OnlineLotto365\",\"description\":\"\",\"potentialAction\":[{\"@type\":\"SearchAction\",\"target\":{\"@type\":\"EntryPoint\",\"urlTemplate\":\"https:\/\/onlinelotto365.com\/sl\/?s={search_term_string}\"},\"query-input\":{\"@type\":\"PropertyValueSpecification\",\"valueRequired\":true,\"valueName\":\"search_term_string\"}}],\"inLanguage\":\"sl-SI\"}]}<\/script>\n<!-- \/ Yoast SEO plugin. -->","yoast_head_json":{"title":"Zmagovalne \u0161tevilke Euromillions | Oglejte si najnovej\u0161e nagrade in rezultate za Euromillions","description":"Primerjajte svojo sre\u010dko Euromillions z zmagovalnimi \u0161tevilkami - oglejte si vse rezultate loterije tukaj","robots":{"index":"index","follow":"follow","max-snippet":"max-snippet:-1","max-image-preview":"max-image-preview:large","max-video-preview":"max-video-preview:-1"},"canonical":"https:\/\/onlinelotto365.com\/sl\/zmagovalne-stevilke\/euromillions\/","og_locale":"sl_SI","og_type":"article","og_title":"Zmagovalne \u0161tevilke Euromillions | Oglejte si najnovej\u0161e nagrade in rezultate za Euromillions","og_description":"Primerjajte svojo sre\u010dko Euromillions z zmagovalnimi \u0161tevilkami - oglejte si vse rezultate loterije tukaj","og_url":"https:\/\/onlinelotto365.com\/sl\/zmagovalne-stevilke\/euromillions\/","og_site_name":"OnlineLotto365","og_image":[{"url":"https:\/\/redfoxlotto.com\/image?size=8&amp;lottery=euromillions"}],"twitter_card":"summary_large_image","twitter_misc":{"Est. reading time":"3 minute"},"schema":{"@context":"https:\/\/schema.org","@graph":[{"@type":"WebPage","@id":"https:\/\/onlinelotto365.com\/sl\/zmagovalne-stevilke\/euromillions\/","url":"https:\/\/onlinelotto365.com\/sl\/zmagovalne-stevilke\/euromillions\/","name":"Zmagovalne \u0161tevilke Euromillions | Oglejte si najnovej\u0161e nagrade in rezultate za Euromillions","isPartOf":{"@id":"https:\/\/onlinelotto365.com\/sl\/#website"},"primaryImageOfPage":{"@id":"https:\/\/onlinelotto365.com\/sl\/zmagovalne-stevilke\/euromillions\/#primaryimage"},"image":{"@id":"https:\/\/onlinelotto365.com\/sl\/zmagovalne-stevilke\/euromillions\/#primaryimage"},"thumbnailUrl":"https:\/\/redfoxlotto.com\/image?size=8&amp;lottery=euromillions","datePublished":"2022-11-14T17:48:22+00:00","dateModified":"2022-11-14T17:48:22+00:00","description":"Primerjajte svojo sre\u010dko Euromillions z zmagovalnimi \u0161tevilkami - oglejte si vse rezultate loterije tukaj","breadcrumb":{"@id":"https:\/\/onlinelotto365.com\/sl\/zmagovalne-stevilke\/euromillions\/#breadcrumb"},"inLanguage":"sl-SI","potentialAction":[{"@type":"ReadAction","target":["https:\/\/onlinelotto365.com\/sl\/zmagovalne-stevilke\/euromillions\/"]}]},{"@type":"ImageObject","inLanguage":"sl-SI","@id":"https:\/\/onlinelotto365.com\/sl\/zmagovalne-stevilke\/euromillions\/#primaryimage","url":"https:\/\/redfoxlotto.com\/image?size=8&amp;lottery=euromillions","contentUrl":"https:\/\/redfoxlotto.com\/image?size=8&amp;lottery=euromillions"},{"@type":"BreadcrumbList","@id":"https:\/\/onlinelotto365.com\/sl\/zmagovalne-stevilke\/euromillions\/#breadcrumb","itemListElement":[{"@type":"ListItem","position":1,"name":"Home","item":"https:\/\/onlinelotto365.com\/sl\/"},{"@type":"ListItem","position":2,"name":"Preglejte zmagovalne \u0161tevilke in rezultate najnovej\u0161ih loto \u017erebanj","item":"https:\/\/onlinelotto365.com\/sl\/zmagovalne-stevilke\/"},{"@type":"ListItem","position":3,"name":"Oglejte si zmagovalne \u0161tevilke Euromillions"}]},{"@type":"WebSite","@id":"https:\/\/onlinelotto365.com\/sl\/#website","url":"https:\/\/onlinelotto365.com\/sl\/","name":"OnlineLotto365","description":"","potentialAction":[{"@type":"SearchAction","target":{"@type":"EntryPoint","urlTemplate":"https:\/\/onlinelotto365.com\/sl\/?s={search_term_string}"},"query-input":{"@type":"PropertyValueSpecification","valueRequired":true,"valueName":"search_term_string"}}],"inLanguage":"sl-SI"}]}},"_links":{"self":[{"href":"https:\/\/onlinelotto365.com\/sl\/wp-json\/wp\/v2\/pages\/80115","targetHints":{"allow":["GET"]}}],"collection":[{"href":"https:\/\/onlinelotto365.com\/sl\/wp-json\/wp\/v2\/pages"}],"about":[{"href":"https:\/\/onlinelotto365.com\/sl\/wp-json\/wp\/v2\/types\/page"}],"author":[{"embeddable":true,"href":"https:\/\/onlinelotto365.com\/sl\/wp-json\/wp\/v2\/users\/1"}],"replies":[{"embeddable":true,"href":"https:\/\/onlinelotto365.com\/sl\/wp-json\/wp\/v2\/comments?post=80115"}],"version-history":[{"count":0,"href":"https:\/\/onlinelotto365.com\/sl\/wp-json\/wp\/v2\/pages\/80115\/revisions"}],"up":[{"embeddable":true,"href":"https:\/\/onlinelotto365.com\/sl\/wp-json\/wp\/v2\/pages\/5867"}],"wp:attachment":[{"href":"https:\/\/onlinelotto365.com\/sl\/wp-json\/wp\/v2\/media?parent=80115"}],"curies":[{"name":"wp","href":"https:\/\/api.w.org\/{rel}","templated":true}]}}