{"id":80147,"date":"2022-11-15T07:40:48","date_gmt":"2022-11-15T06:40:48","guid":{"rendered":"https:\/\/onlinelotto365.com\/?page_id=80147"},"modified":"2022-11-15T07:40:48","modified_gmt":"2022-11-15T06:40:48","slug":"mega-milijoni","status":"publish","type":"page","link":"https:\/\/onlinelotto365.com\/sl\/zmagovalne-stevilke\/mega-milijoni\/","title":{"rendered":"Preverite zmagovalne \u0161tevilke Mega Millions tukaj"},"content":{"rendered":"<p>Zaradi vseh mednarodnih loterij, ki jih lahko igrate na na\u0161em spletnem mestu, je pridobivanje zmagovalnih \u0161tevilk in rezultatov lahko te\u017eava. Verjetno ne boste mogli najti zmagovalnih \u0161tevilk za Mega Millions v svojem \u010dasopisu. Lahko poi\u0161\u010dete televizijski kanal, ki je na voljo in ki v svoje novice vklju\u010duje rezultate \u017erebanja, vendar bi to zahtevalo nekaj raziskovanja.<br \/>\n<a href=\"https:\/\/redfoxlotto.com\/play\/mega-millions\/?ref=a8564250a2&amp;medium=ol365\" target=\"_blank\" rel=\"noopener noreferrer\"><img decoding=\"async\" class=\"aligncenter\" src=\"https:\/\/redfoxlotto.com\/image?size=8&amp;lottery=mega-millions\" alt=\"Mega Millions\" \/><\/a><br \/>\nEna od mo\u017enosti je, da preverite, ali uradna spletna stran loterije Mega Millions predvaja prenos postopka \u017erebanja v \u017eivo. Videti \u017erebanje \u0161tevilk v \u017eivo je seveda zelo razburljivo. To bi bil tudi najhitrej\u0161i na\u010din, da bi izvedeli, ali so va\u0161e \u0161tevilke dobitne. Vendar ve\u010dina loterij ne ponuja prenosa \u017erebanja v \u017eivo v realnem \u010dasu.<\/p>\n<p>\u010ce je bilo \u017erebanje v \u010dasu, ko \u017eelite preveriti dobitne \u0161tevilke, \u017ee opravljeno, se lahko odpravite na Youtube in poi\u0161\u010dete videoposnetek, ki prikazuje zadnje \u017erebanje Mega Millions.<\/p>\n<p>Zelo priro\u010den na\u010din za preverjanje zmagovalnih \u0161tevilk ter rezultatov in nagrad igre Mega Millions pa je na\u0161a stran z rezultati loterije. Na eni strani lahko najdete zmagovalne \u0161tevilke za vse loterije, ki jih ponujamo.<\/p>\n<h2>Kako ugotoviti, ali je va\u0161a spletna sre\u010dka dobitna<\/h2>\n<p>In to je \u0161e bolj\u0161e! \u010ce ste kupili sre\u010dko za Mega Millions na na\u0161em spletnem mestu, si lahko ogledate svoj ra\u010dun (seveda se morate najprej prijaviti) in razdelek, v katerem so shranjene va\u0161e sre\u010dke. Za vsako loterijo, ki ste jo igrali, so zmagovalne \u0161tevilke prikazane tik ob \u0161tevilkah, ki ste jih izbrali. Barvno bodo ozna\u010dene tudi vse \u0161tevilke z va\u0161ega listka, ki se ujemajo z rezultati \u017erebanja. Ko veste, koliko \u0161tevilk ste pravilno izbrali, lahko preverite, koliko ste osvojili. Prav tako ne pozabite, da bodo vsi dobitki, manj\u0161i od 2500 EUR, nakazani na va\u0161 igralni ra\u010dun takoj, ko bo loterija potrdila uradne rezultate.<\/p>\n<h2>Arhiv rezultatov igre Mega Millions<\/h2>\n<p>Na straneh na\u0161ega spletnega mesta, kjer so prikazani najnovej\u0161i rezultati igre Mega Millions, lahko preverite tudi rezultate prej\u0161njih \u017erebanj. To mnogi igralci uporabljajo za preverjanje, katere \u0161tevilke so bile v zadnjem \u010dasu iz\u017erebane ali katere \u0161tevilke v preteklosti niso bile iz\u017erebane. To je zelo priljubljena strategija loterije, da te informacije uporabite pri izbiri \u0161tevilk za naslednjo sre\u010dko.<\/p>\n<h2>Moj listek je zmagal, kaj sledi?<\/h2>\n<p>Kot smo \u017ee omenili, bodo dobitki, manj\u0161i od 2500 EUR, nakazani neposredno na va\u0161 uporabni\u0161ki ra\u010dun na na\u0161em spletnem mestu. Od tam ga lahko izpla\u010date v celoti ali delno, \u010de imate na ra\u010dunu vsaj 10 \u20ac. Del zneska lahko uporabite tudi za nakup novih sre\u010dk. \u010ce se odlo\u010dite za izpla\u010dilo sredstev na kreditno kartico ali ban\u010dni ra\u010dun, nam boste morali predlo\u017eiti nekaj dokumentov za identifikacijo. To zahtevajo na\u0161i obdelovalci pla\u010dil zaradi zakonov proti pranju denarja. Prav tako ne smete uporabiti na\u010dina izpla\u010dila, ki ga pred tem niste uporabili za nakup ali polog.<\/p>\n","protected":false},"excerpt":{"rendered":"<p>Zaradi vseh mednarodnih loterij, ki jih lahko igrate na na\u0161em spletnem mestu, je pridobivanje zmagovalnih \u0161tevilk in rezultatov lahko te\u017eava. Verjetno ne boste mogli najti zmagovalnih \u0161tevilk za Mega Millions v svojem \u010dasopisu. Lahko poi\u0161\u010dete televizijski kanal, ki je na voljo in ki v svoje novice vklju\u010duje rezultate \u017erebanja, vendar bi to zahtevalo nekaj raziskovanja. [&hellip;]<\/p>\n","protected":false},"author":1,"featured_media":0,"parent":5867,"menu_order":2,"comment_status":"closed","ping_status":"closed","template":"megamillion-results.php","meta":{"_et_pb_use_builder":"","_et_pb_old_content":"","_et_gb_content_width":"","exclude_from_search":false,"footnotes":""},"class_list":["post-80147","page","type-page","status-publish","hentry"],"yoast_head":"<!-- This site is optimized with the Yoast SEO plugin v23.4 - https:\/\/yoast.com\/wordpress\/plugins\/seo\/ -->\n<title>Zmagovalne \u0161tevilke Mega Millions | Najnovej\u0161i rezultati \u017erebanja in nagrade za Mega Millions<\/title>\n<meta name=\"description\" content=\"Kako uporabljati na\u0161o spletno stran za enostavno iskanje dobitnih \u0161tevilk in rezultatov za Mega Millions\" \/>\n<meta name=\"robots\" content=\"index, follow, max-snippet:-1, max-image-preview:large, max-video-preview:-1\" \/>\n<link rel=\"canonical\" href=\"https:\/\/onlinelotto365.com\/sl\/zmagovalne-stevilke\/mega-milijoni\/\" \/>\n<meta property=\"og:locale\" content=\"sl_SI\" \/>\n<meta property=\"og:type\" content=\"article\" \/>\n<meta property=\"og:title\" content=\"Zmagovalne \u0161tevilke Mega Millions | Najnovej\u0161i rezultati \u017erebanja in nagrade za Mega Millions\" \/>\n<meta property=\"og:description\" content=\"Kako uporabljati na\u0161o spletno stran za enostavno iskanje dobitnih \u0161tevilk in rezultatov za Mega Millions\" \/>\n<meta property=\"og:url\" content=\"https:\/\/onlinelotto365.com\/sl\/zmagovalne-stevilke\/mega-milijoni\/\" \/>\n<meta property=\"og:site_name\" content=\"OnlineLotto365\" \/>\n<meta property=\"og:image\" content=\"https:\/\/redfoxlotto.com\/image?size=8&amp;lottery=mega-millions\" \/>\n<meta name=\"twitter:card\" content=\"summary_large_image\" \/>\n<meta name=\"twitter:label1\" content=\"Est. reading time\" \/>\n\t<meta name=\"twitter:data1\" content=\"3 minute\" \/>\n<script type=\"application\/ld+json\" class=\"yoast-schema-graph\">{\"@context\":\"https:\/\/schema.org\",\"@graph\":[{\"@type\":\"WebPage\",\"@id\":\"https:\/\/onlinelotto365.com\/sl\/zmagovalne-stevilke\/mega-milijoni\/\",\"url\":\"https:\/\/onlinelotto365.com\/sl\/zmagovalne-stevilke\/mega-milijoni\/\",\"name\":\"Zmagovalne \u0161tevilke Mega Millions | Najnovej\u0161i rezultati \u017erebanja in nagrade za Mega Millions\",\"isPartOf\":{\"@id\":\"https:\/\/onlinelotto365.com\/sl\/#website\"},\"primaryImageOfPage\":{\"@id\":\"https:\/\/onlinelotto365.com\/sl\/zmagovalne-stevilke\/mega-milijoni\/#primaryimage\"},\"image\":{\"@id\":\"https:\/\/onlinelotto365.com\/sl\/zmagovalne-stevilke\/mega-milijoni\/#primaryimage\"},\"thumbnailUrl\":\"https:\/\/redfoxlotto.com\/image?size=8&amp;lottery=mega-millions\",\"datePublished\":\"2022-11-15T06:40:48+00:00\",\"dateModified\":\"2022-11-15T06:40:48+00:00\",\"description\":\"Kako uporabljati na\u0161o spletno stran za enostavno iskanje dobitnih \u0161tevilk in rezultatov za Mega Millions\",\"breadcrumb\":{\"@id\":\"https:\/\/onlinelotto365.com\/sl\/zmagovalne-stevilke\/mega-milijoni\/#breadcrumb\"},\"inLanguage\":\"sl-SI\",\"potentialAction\":[{\"@type\":\"ReadAction\",\"target\":[\"https:\/\/onlinelotto365.com\/sl\/zmagovalne-stevilke\/mega-milijoni\/\"]}]},{\"@type\":\"ImageObject\",\"inLanguage\":\"sl-SI\",\"@id\":\"https:\/\/onlinelotto365.com\/sl\/zmagovalne-stevilke\/mega-milijoni\/#primaryimage\",\"url\":\"https:\/\/redfoxlotto.com\/image?size=8&amp;lottery=mega-millions\",\"contentUrl\":\"https:\/\/redfoxlotto.com\/image?size=8&amp;lottery=mega-millions\"},{\"@type\":\"BreadcrumbList\",\"@id\":\"https:\/\/onlinelotto365.com\/sl\/zmagovalne-stevilke\/mega-milijoni\/#breadcrumb\",\"itemListElement\":[{\"@type\":\"ListItem\",\"position\":1,\"name\":\"Home\",\"item\":\"https:\/\/onlinelotto365.com\/sl\/\"},{\"@type\":\"ListItem\",\"position\":2,\"name\":\"Preglejte zmagovalne \u0161tevilke in rezultate najnovej\u0161ih loto \u017erebanj\",\"item\":\"https:\/\/onlinelotto365.com\/sl\/zmagovalne-stevilke\/\"},{\"@type\":\"ListItem\",\"position\":3,\"name\":\"Preverite zmagovalne \u0161tevilke Mega Millions tukaj\"}]},{\"@type\":\"WebSite\",\"@id\":\"https:\/\/onlinelotto365.com\/sl\/#website\",\"url\":\"https:\/\/onlinelotto365.com\/sl\/\",\"name\":\"OnlineLotto365\",\"description\":\"\",\"potentialAction\":[{\"@type\":\"SearchAction\",\"target\":{\"@type\":\"EntryPoint\",\"urlTemplate\":\"https:\/\/onlinelotto365.com\/sl\/?s={search_term_string}\"},\"query-input\":{\"@type\":\"PropertyValueSpecification\",\"valueRequired\":true,\"valueName\":\"search_term_string\"}}],\"inLanguage\":\"sl-SI\"}]}<\/script>\n<!-- \/ Yoast SEO plugin. -->","yoast_head_json":{"title":"Zmagovalne \u0161tevilke Mega Millions | Najnovej\u0161i rezultati \u017erebanja in nagrade za Mega Millions","description":"Kako uporabljati na\u0161o spletno stran za enostavno iskanje dobitnih \u0161tevilk in rezultatov za Mega Millions","robots":{"index":"index","follow":"follow","max-snippet":"max-snippet:-1","max-image-preview":"max-image-preview:large","max-video-preview":"max-video-preview:-1"},"canonical":"https:\/\/onlinelotto365.com\/sl\/zmagovalne-stevilke\/mega-milijoni\/","og_locale":"sl_SI","og_type":"article","og_title":"Zmagovalne \u0161tevilke Mega Millions | Najnovej\u0161i rezultati \u017erebanja in nagrade za Mega Millions","og_description":"Kako uporabljati na\u0161o spletno stran za enostavno iskanje dobitnih \u0161tevilk in rezultatov za Mega Millions","og_url":"https:\/\/onlinelotto365.com\/sl\/zmagovalne-stevilke\/mega-milijoni\/","og_site_name":"OnlineLotto365","og_image":[{"url":"https:\/\/redfoxlotto.com\/image?size=8&amp;lottery=mega-millions"}],"twitter_card":"summary_large_image","twitter_misc":{"Est. reading time":"3 minute"},"schema":{"@context":"https:\/\/schema.org","@graph":[{"@type":"WebPage","@id":"https:\/\/onlinelotto365.com\/sl\/zmagovalne-stevilke\/mega-milijoni\/","url":"https:\/\/onlinelotto365.com\/sl\/zmagovalne-stevilke\/mega-milijoni\/","name":"Zmagovalne \u0161tevilke Mega Millions | Najnovej\u0161i rezultati \u017erebanja in nagrade za Mega Millions","isPartOf":{"@id":"https:\/\/onlinelotto365.com\/sl\/#website"},"primaryImageOfPage":{"@id":"https:\/\/onlinelotto365.com\/sl\/zmagovalne-stevilke\/mega-milijoni\/#primaryimage"},"image":{"@id":"https:\/\/onlinelotto365.com\/sl\/zmagovalne-stevilke\/mega-milijoni\/#primaryimage"},"thumbnailUrl":"https:\/\/redfoxlotto.com\/image?size=8&amp;lottery=mega-millions","datePublished":"2022-11-15T06:40:48+00:00","dateModified":"2022-11-15T06:40:48+00:00","description":"Kako uporabljati na\u0161o spletno stran za enostavno iskanje dobitnih \u0161tevilk in rezultatov za Mega Millions","breadcrumb":{"@id":"https:\/\/onlinelotto365.com\/sl\/zmagovalne-stevilke\/mega-milijoni\/#breadcrumb"},"inLanguage":"sl-SI","potentialAction":[{"@type":"ReadAction","target":["https:\/\/onlinelotto365.com\/sl\/zmagovalne-stevilke\/mega-milijoni\/"]}]},{"@type":"ImageObject","inLanguage":"sl-SI","@id":"https:\/\/onlinelotto365.com\/sl\/zmagovalne-stevilke\/mega-milijoni\/#primaryimage","url":"https:\/\/redfoxlotto.com\/image?size=8&amp;lottery=mega-millions","contentUrl":"https:\/\/redfoxlotto.com\/image?size=8&amp;lottery=mega-millions"},{"@type":"BreadcrumbList","@id":"https:\/\/onlinelotto365.com\/sl\/zmagovalne-stevilke\/mega-milijoni\/#breadcrumb","itemListElement":[{"@type":"ListItem","position":1,"name":"Home","item":"https:\/\/onlinelotto365.com\/sl\/"},{"@type":"ListItem","position":2,"name":"Preglejte zmagovalne \u0161tevilke in rezultate najnovej\u0161ih loto \u017erebanj","item":"https:\/\/onlinelotto365.com\/sl\/zmagovalne-stevilke\/"},{"@type":"ListItem","position":3,"name":"Preverite zmagovalne \u0161tevilke Mega Millions tukaj"}]},{"@type":"WebSite","@id":"https:\/\/onlinelotto365.com\/sl\/#website","url":"https:\/\/onlinelotto365.com\/sl\/","name":"OnlineLotto365","description":"","potentialAction":[{"@type":"SearchAction","target":{"@type":"EntryPoint","urlTemplate":"https:\/\/onlinelotto365.com\/sl\/?s={search_term_string}"},"query-input":{"@type":"PropertyValueSpecification","valueRequired":true,"valueName":"search_term_string"}}],"inLanguage":"sl-SI"}]}},"_links":{"self":[{"href":"https:\/\/onlinelotto365.com\/sl\/wp-json\/wp\/v2\/pages\/80147","targetHints":{"allow":["GET"]}}],"collection":[{"href":"https:\/\/onlinelotto365.com\/sl\/wp-json\/wp\/v2\/pages"}],"about":[{"href":"https:\/\/onlinelotto365.com\/sl\/wp-json\/wp\/v2\/types\/page"}],"author":[{"embeddable":true,"href":"https:\/\/onlinelotto365.com\/sl\/wp-json\/wp\/v2\/users\/1"}],"replies":[{"embeddable":true,"href":"https:\/\/onlinelotto365.com\/sl\/wp-json\/wp\/v2\/comments?post=80147"}],"version-history":[{"count":0,"href":"https:\/\/onlinelotto365.com\/sl\/wp-json\/wp\/v2\/pages\/80147\/revisions"}],"up":[{"embeddable":true,"href":"https:\/\/onlinelotto365.com\/sl\/wp-json\/wp\/v2\/pages\/5867"}],"wp:attachment":[{"href":"https:\/\/onlinelotto365.com\/sl\/wp-json\/wp\/v2\/media?parent=80147"}],"curies":[{"name":"wp","href":"https:\/\/api.w.org\/{rel}","templated":true}]}}