{"id":80179,"date":"2022-11-15T08:57:15","date_gmt":"2022-11-15T07:57:15","guid":{"rendered":"https:\/\/onlinelotto365.com\/?page_id=80179"},"modified":"2022-11-15T08:57:15","modified_gmt":"2022-11-15T07:57:15","slug":"powerball","status":"publish","type":"page","link":"https:\/\/onlinelotto365.com\/sl\/zmagovalne-stevilke\/powerball\/","title":{"rendered":"Rezultati \u017erebanja Powerball"},"content":{"rendered":"<h2>Preverite zmagovalne \u0161tevilke igre Powerball tukaj<\/h2>\n<p>\u010ce \u017eivite v ZDA, je iskanje zmagovalnih \u0161tevilk igre Powerball preprosto. Zlasti ob prilo\u017enostih, ko je glavni dobitek zelo visok, so rezultati objavljeni v vseh \u010dasopisih.<br \/>\n<a href=\"https:\/\/redfoxlotto.com\/play\/powerball\/?ref=a8564250a2&amp;medium=ol365\" target=\"_blank\" rel=\"noopener noreferrer\"><img decoding=\"async\" class=\"aligncenter\" src=\"https:\/\/redfoxlotto.com\/image?size=8&amp;lottery=powerball\" alt=\"Powerball\" \/><\/a><br \/>\nKaj pa, \u010de ne \u017eivite v ZDA, kako lahko dobite dobitne \u0161tevilke Powerball? Kako najdete rezultate in preverite, koliko ste osvojili?<\/p>\n<h2>Kako ugotoviti, ali je va\u0161a spletna sre\u010dka dobitek<\/h2>\n<p>\u010ce ste kupili spletno sre\u010dko, je to pravzaprav precej preprosto. Vrnite se na na\u0161e spletno mesto, se prijavite s svojim uporabni\u0161kim imenom in geslom, nato pa pojdite v razdelek, kjer je digitalno shranjena va\u0161a kupljena sre\u010dka. \u0160tevilke, ki ste jih igrali, bodo ozna\u010dene z drugo barvo, \u010de se ujemajo z iz\u017erebanimi \u0161tevilkami dneva \u017erebanja, za katerega ste kupili sre\u010dko.<\/p>\n<p>Seveda lahko odprete tudi na\u0161o stran s pregledom rezultatov in na ta na\u010din primerjate rezultate \u017erebanja z va\u0161o vstopnico. Nekatere na\u0161e stranke rade natisnejo svoje spletne sre\u010dke in nato na izpisu ozna\u010dijo dobitne \u0161tevilke, da vidijo, ali so zmagali.<\/p>\n<h2>Arhiv rezultatov igre Powerball<\/h2>\n<p>Na na\u0161i strani s pregledom rezultatov loterije si lahko ogledate tudi zmagovalne \u0161tevilke iz preteklih tednov. To vam lahko pomaga pri strategiji izbire sre\u010dnih \u0161tevilk. Lahko na primer poskusite poiskati \u0161tevilke, ki so \u017ee zdavnaj iz\u017erebane, in nato ustvarite loterijski listek samo s temi \u0161tevilkami.<\/p>\n<p>Lahko pa izberete zmagovalne \u0161tevilke igre Powerball tako, da ugotovite, katere \u0161tevilke so se pojavljale pogosteje kot druge \u0161tevilke. Mnogi igralci za izbiro osebnih loterijskih \u0161tevilk uporabljajo kombinacijo teh dveh metod.<\/p>\n<p>\u010ce se ne morete odlo\u010diti, katere \u0161tevilke izbrati za zmagovalno sre\u010dko, lahko uporabite to metodo: Preverite pretekle zmagovalne \u0161tevilke druge loterije, ki ima podoben razpon \u0161tevilk kot loterija, ki jo nameravate igrati. V teh preteklih rezultatih poi\u0161\u010dite zmagovalno kombinacijo, ki vam je v\u0161e\u010d, nato pa te starej\u0161e zmagovalne \u0161tevilke uporabite za novo sre\u010dko Powerball.<\/p>\n<h2>Moj listek je zmagal, kaj sledi?<\/h2>\n<p><img loading=\"lazy\" decoding=\"async\" class=\"size-full wp-image-50704 alignright\" src=\"https:\/\/onlinelotto365.com\/wp-content\/uploads\/2021\/01\/online_lottery-136.jpg\" alt=\"lottery results\" width=\"297\" height=\"101\" \/><br \/>\n\u010cestitamo, dobro za vas! Seveda smo vedno veseli, \u010de ima katera od na\u0161ih strank sre\u010dko z zmagovalnim dobitkom Powerball. Ne glede na to, ali gre za manj\u0161i ali ve\u010dji dobitek, za izpla\u010dilo poskrbimo namesto vas, seveda brezpla\u010dno!<\/p>\n<p>Dobitek v vi\u0161ini 2500 EUR ali manj &#8211; dobitek bo nakazan na va\u0161e dobroimetje na na\u0161em spletnem mestu. Od tam ga lahko izpla\u010date ali pa preostanek porabite za nakup ve\u010d sre\u010dk.<\/p>\n<p>Dobitek nad 2500 evrov &#8211; pri izpla\u010dilu vam bo pomagala na\u0161a slu\u017eba za podporo. Ko boste posredovali nekaj podatkov o svoji identiteti in \u017eelenem na\u010dinu pla\u010dila (ban\u010dno nakazilo ali \u010dek), boste prerezultati loterijejeli pla\u010dilo neposredno na izbrani na\u010din.<\/p>\n","protected":false},"excerpt":{"rendered":"<p>Preverite zmagovalne \u0161tevilke igre Powerball tukaj \u010ce \u017eivite v ZDA, je iskanje zmagovalnih \u0161tevilk igre Powerball preprosto. Zlasti ob prilo\u017enostih, ko je glavni dobitek zelo visok, so rezultati objavljeni v vseh \u010dasopisih. Kaj pa, \u010de ne \u017eivite v ZDA, kako lahko dobite dobitne \u0161tevilke Powerball? Kako najdete rezultate in preverite, koliko ste osvojili? Kako ugotoviti, [&hellip;]<\/p>\n","protected":false},"author":1,"featured_media":0,"parent":5867,"menu_order":1,"comment_status":"closed","ping_status":"closed","template":"powerball-usa-info.php","meta":{"_et_pb_use_builder":"","_et_pb_old_content":"","_et_gb_content_width":"","exclude_from_search":false,"footnotes":""},"class_list":["post-80179","page","type-page","status-publish","hentry"],"yoast_head":"<!-- This site is optimized with the Yoast SEO plugin v23.4 - https:\/\/yoast.com\/wordpress\/plugins\/seo\/ -->\n<title>Zmagovalne \u0161tevilke igre Powerball | Preverite rezultate in dobitke za igro Powerball v ZDA<\/title>\n<meta name=\"description\" content=\"\u017delite preveriti, ali je va\u0161a sre\u010dka Powerball dobitna? Preverite zmagovalne \u0161tevilke na na\u0161em spletnem mestu!\" \/>\n<meta name=\"robots\" content=\"index, follow, max-snippet:-1, max-image-preview:large, max-video-preview:-1\" \/>\n<link rel=\"canonical\" href=\"https:\/\/onlinelotto365.com\/sl\/zmagovalne-stevilke\/powerball\/\" \/>\n<meta property=\"og:locale\" content=\"sl_SI\" \/>\n<meta property=\"og:type\" content=\"article\" \/>\n<meta property=\"og:title\" content=\"Zmagovalne \u0161tevilke igre Powerball | Preverite rezultate in dobitke za igro Powerball v ZDA\" \/>\n<meta property=\"og:description\" content=\"\u017delite preveriti, ali je va\u0161a sre\u010dka Powerball dobitna? Preverite zmagovalne \u0161tevilke na na\u0161em spletnem mestu!\" \/>\n<meta property=\"og:url\" content=\"https:\/\/onlinelotto365.com\/sl\/zmagovalne-stevilke\/powerball\/\" \/>\n<meta property=\"og:site_name\" content=\"OnlineLotto365\" \/>\n<meta property=\"og:image\" content=\"https:\/\/redfoxlotto.com\/image?size=8&amp;lottery=powerball\" \/>\n<meta name=\"twitter:card\" content=\"summary_large_image\" \/>\n<meta name=\"twitter:label1\" content=\"Est. reading time\" \/>\n\t<meta name=\"twitter:data1\" content=\"3 minute\" \/>\n<script type=\"application\/ld+json\" class=\"yoast-schema-graph\">{\"@context\":\"https:\/\/schema.org\",\"@graph\":[{\"@type\":\"WebPage\",\"@id\":\"https:\/\/onlinelotto365.com\/sl\/zmagovalne-stevilke\/powerball\/\",\"url\":\"https:\/\/onlinelotto365.com\/sl\/zmagovalne-stevilke\/powerball\/\",\"name\":\"Zmagovalne \u0161tevilke igre Powerball | Preverite rezultate in dobitke za igro Powerball v ZDA\",\"isPartOf\":{\"@id\":\"https:\/\/onlinelotto365.com\/sl\/#website\"},\"primaryImageOfPage\":{\"@id\":\"https:\/\/onlinelotto365.com\/sl\/zmagovalne-stevilke\/powerball\/#primaryimage\"},\"image\":{\"@id\":\"https:\/\/onlinelotto365.com\/sl\/zmagovalne-stevilke\/powerball\/#primaryimage\"},\"thumbnailUrl\":\"https:\/\/redfoxlotto.com\/image?size=8&amp;lottery=powerball\",\"datePublished\":\"2022-11-15T07:57:15+00:00\",\"dateModified\":\"2022-11-15T07:57:15+00:00\",\"description\":\"\u017delite preveriti, ali je va\u0161a sre\u010dka Powerball dobitna? Preverite zmagovalne \u0161tevilke na na\u0161em spletnem mestu!\",\"breadcrumb\":{\"@id\":\"https:\/\/onlinelotto365.com\/sl\/zmagovalne-stevilke\/powerball\/#breadcrumb\"},\"inLanguage\":\"sl-SI\",\"potentialAction\":[{\"@type\":\"ReadAction\",\"target\":[\"https:\/\/onlinelotto365.com\/sl\/zmagovalne-stevilke\/powerball\/\"]}]},{\"@type\":\"ImageObject\",\"inLanguage\":\"sl-SI\",\"@id\":\"https:\/\/onlinelotto365.com\/sl\/zmagovalne-stevilke\/powerball\/#primaryimage\",\"url\":\"https:\/\/redfoxlotto.com\/image?size=8&amp;lottery=powerball\",\"contentUrl\":\"https:\/\/redfoxlotto.com\/image?size=8&amp;lottery=powerball\"},{\"@type\":\"BreadcrumbList\",\"@id\":\"https:\/\/onlinelotto365.com\/sl\/zmagovalne-stevilke\/powerball\/#breadcrumb\",\"itemListElement\":[{\"@type\":\"ListItem\",\"position\":1,\"name\":\"Home\",\"item\":\"https:\/\/onlinelotto365.com\/sl\/\"},{\"@type\":\"ListItem\",\"position\":2,\"name\":\"Preglejte zmagovalne \u0161tevilke in rezultate najnovej\u0161ih loto \u017erebanj\",\"item\":\"https:\/\/onlinelotto365.com\/sl\/zmagovalne-stevilke\/\"},{\"@type\":\"ListItem\",\"position\":3,\"name\":\"Rezultati \u017erebanja Powerball\"}]},{\"@type\":\"WebSite\",\"@id\":\"https:\/\/onlinelotto365.com\/sl\/#website\",\"url\":\"https:\/\/onlinelotto365.com\/sl\/\",\"name\":\"OnlineLotto365\",\"description\":\"\",\"potentialAction\":[{\"@type\":\"SearchAction\",\"target\":{\"@type\":\"EntryPoint\",\"urlTemplate\":\"https:\/\/onlinelotto365.com\/sl\/?s={search_term_string}\"},\"query-input\":{\"@type\":\"PropertyValueSpecification\",\"valueRequired\":true,\"valueName\":\"search_term_string\"}}],\"inLanguage\":\"sl-SI\"}]}<\/script>\n<!-- \/ Yoast SEO plugin. -->","yoast_head_json":{"title":"Zmagovalne \u0161tevilke igre Powerball | Preverite rezultate in dobitke za igro Powerball v ZDA","description":"\u017delite preveriti, ali je va\u0161a sre\u010dka Powerball dobitna? Preverite zmagovalne \u0161tevilke na na\u0161em spletnem mestu!","robots":{"index":"index","follow":"follow","max-snippet":"max-snippet:-1","max-image-preview":"max-image-preview:large","max-video-preview":"max-video-preview:-1"},"canonical":"https:\/\/onlinelotto365.com\/sl\/zmagovalne-stevilke\/powerball\/","og_locale":"sl_SI","og_type":"article","og_title":"Zmagovalne \u0161tevilke igre Powerball | Preverite rezultate in dobitke za igro Powerball v ZDA","og_description":"\u017delite preveriti, ali je va\u0161a sre\u010dka Powerball dobitna? Preverite zmagovalne \u0161tevilke na na\u0161em spletnem mestu!","og_url":"https:\/\/onlinelotto365.com\/sl\/zmagovalne-stevilke\/powerball\/","og_site_name":"OnlineLotto365","og_image":[{"url":"https:\/\/redfoxlotto.com\/image?size=8&amp;lottery=powerball"}],"twitter_card":"summary_large_image","twitter_misc":{"Est. reading time":"3 minute"},"schema":{"@context":"https:\/\/schema.org","@graph":[{"@type":"WebPage","@id":"https:\/\/onlinelotto365.com\/sl\/zmagovalne-stevilke\/powerball\/","url":"https:\/\/onlinelotto365.com\/sl\/zmagovalne-stevilke\/powerball\/","name":"Zmagovalne \u0161tevilke igre Powerball | Preverite rezultate in dobitke za igro Powerball v ZDA","isPartOf":{"@id":"https:\/\/onlinelotto365.com\/sl\/#website"},"primaryImageOfPage":{"@id":"https:\/\/onlinelotto365.com\/sl\/zmagovalne-stevilke\/powerball\/#primaryimage"},"image":{"@id":"https:\/\/onlinelotto365.com\/sl\/zmagovalne-stevilke\/powerball\/#primaryimage"},"thumbnailUrl":"https:\/\/redfoxlotto.com\/image?size=8&amp;lottery=powerball","datePublished":"2022-11-15T07:57:15+00:00","dateModified":"2022-11-15T07:57:15+00:00","description":"\u017delite preveriti, ali je va\u0161a sre\u010dka Powerball dobitna? Preverite zmagovalne \u0161tevilke na na\u0161em spletnem mestu!","breadcrumb":{"@id":"https:\/\/onlinelotto365.com\/sl\/zmagovalne-stevilke\/powerball\/#breadcrumb"},"inLanguage":"sl-SI","potentialAction":[{"@type":"ReadAction","target":["https:\/\/onlinelotto365.com\/sl\/zmagovalne-stevilke\/powerball\/"]}]},{"@type":"ImageObject","inLanguage":"sl-SI","@id":"https:\/\/onlinelotto365.com\/sl\/zmagovalne-stevilke\/powerball\/#primaryimage","url":"https:\/\/redfoxlotto.com\/image?size=8&amp;lottery=powerball","contentUrl":"https:\/\/redfoxlotto.com\/image?size=8&amp;lottery=powerball"},{"@type":"BreadcrumbList","@id":"https:\/\/onlinelotto365.com\/sl\/zmagovalne-stevilke\/powerball\/#breadcrumb","itemListElement":[{"@type":"ListItem","position":1,"name":"Home","item":"https:\/\/onlinelotto365.com\/sl\/"},{"@type":"ListItem","position":2,"name":"Preglejte zmagovalne \u0161tevilke in rezultate najnovej\u0161ih loto \u017erebanj","item":"https:\/\/onlinelotto365.com\/sl\/zmagovalne-stevilke\/"},{"@type":"ListItem","position":3,"name":"Rezultati \u017erebanja Powerball"}]},{"@type":"WebSite","@id":"https:\/\/onlinelotto365.com\/sl\/#website","url":"https:\/\/onlinelotto365.com\/sl\/","name":"OnlineLotto365","description":"","potentialAction":[{"@type":"SearchAction","target":{"@type":"EntryPoint","urlTemplate":"https:\/\/onlinelotto365.com\/sl\/?s={search_term_string}"},"query-input":{"@type":"PropertyValueSpecification","valueRequired":true,"valueName":"search_term_string"}}],"inLanguage":"sl-SI"}]}},"_links":{"self":[{"href":"https:\/\/onlinelotto365.com\/sl\/wp-json\/wp\/v2\/pages\/80179","targetHints":{"allow":["GET"]}}],"collection":[{"href":"https:\/\/onlinelotto365.com\/sl\/wp-json\/wp\/v2\/pages"}],"about":[{"href":"https:\/\/onlinelotto365.com\/sl\/wp-json\/wp\/v2\/types\/page"}],"author":[{"embeddable":true,"href":"https:\/\/onlinelotto365.com\/sl\/wp-json\/wp\/v2\/users\/1"}],"replies":[{"embeddable":true,"href":"https:\/\/onlinelotto365.com\/sl\/wp-json\/wp\/v2\/comments?post=80179"}],"version-history":[{"count":0,"href":"https:\/\/onlinelotto365.com\/sl\/wp-json\/wp\/v2\/pages\/80179\/revisions"}],"up":[{"embeddable":true,"href":"https:\/\/onlinelotto365.com\/sl\/wp-json\/wp\/v2\/pages\/5867"}],"wp:attachment":[{"href":"https:\/\/onlinelotto365.com\/sl\/wp-json\/wp\/v2\/media?parent=80179"}],"curies":[{"name":"wp","href":"https:\/\/api.w.org\/{rel}","templated":true}]}}