{"id":80231,"date":"2022-11-15T12:19:52","date_gmt":"2022-11-15T11:19:52","guid":{"rendered":"https:\/\/onlinelotto365.com\/?page_id=80231"},"modified":"2022-11-15T12:19:52","modified_gmt":"2022-11-15T11:19:52","slug":"superenalotto","status":"publish","type":"page","link":"https:\/\/onlinelotto365.com\/sl\/kupiti-vstopnice\/superenalotto\/","title":{"rendered":"Kako kupiti Superenalotto vstopnice na spletu"},"content":{"rendered":"<p>Vas zanima spletni nakup vstopnic Superenalotto iz Slovenije<br \/>\na niste prepri\u010dani, kako to storiti? Potem ste na pravem mestu, saj bomo za to poskrbeli mi. Vse, kar morate storiti, je, da sledite preprostim korakom, ki jih bomo obravnavali spodaj, in vstopnice boste imeli hitro.<br \/>\n<a href=\"https:\/\/redfoxlotto.com\/play\/superenalotto\/?ref=a8564250a2&amp;medium=ol365\" target=\"_blank\" rel=\"noopener noreferrer\"><img decoding=\"async\" class=\"aligncenter\" src=\"https:\/\/redfoxlotto.com\/image?size=8&amp;lottery=superenalotto\" alt=\"superenalotto\" \/><\/a><\/p>\n<ul>\n<li>Izberite loterijsko igro, za katero \u017eelite kupiti sre\u010dke, in izberite \u0161tevilke, ki jih \u017eelite igrati, ali pa izberite mo\u017enost hitre izbire, da ra\u010dunalnik izbere namesto vas.<\/li>\n<li>Dodajte dodatne sre\u010dke ali dodatne loterije, da ustvarite svoje naro\u010dilo<\/li>\n<li>Izberite mo\u017enost za pla\u010dilo zdaj<\/li>\n<li>Ustvarite ra\u010dun pri nas ali se prijavite v svoj ra\u010dun, da bi kupili vstopnice<\/li>\n<li>Tisti, ki morajo registrirati ra\u010dun, bodo morali poiskati povezavo za preverjanje v svojem e-po\u0161tnem sporo\u010dilu, da se prepri\u010dajo, da je njihov ra\u010dun popolnoma nastavljen<\/li>\n<li>Ne pozabite, da bo povezava morda \u0161la v mapo za ne\u017eeleno po\u0161to, \u010de na\u0161 e-po\u0161tni naslov ni dodan v va\u0161 imenik, zato to dvakrat preverite<\/li>\n<li>Izberite ikono za pla\u010dilo na vrhu zaslona<\/li>\n<li>Izberite na\u010din pla\u010dila in sledite navodilom za dokon\u010danje postopka pla\u010dila<\/li>\n<\/ul>\n<h2>Kako pla\u010dati vstopnico za Superenalotto prek spleta<\/h2>\n<p>Omogo\u010damo, da pla\u010dilo vozovnice za Superenalotto iz Slovenije<br \/>\nkar se da preprosto, saj vam ponujamo \u0161irok izbor razli\u010dnih na\u010dinov pla\u010dila. Izberete le tistega, ki vam je najbolj v\u0161e\u010d, in v hipu boste na poti.<\/p>\n<p>Ko ste pripravljeni kupiti vstopnice prek spleta, morate samo izbrati eno od naslednjih mo\u017enosti:<\/p>\n<ul>\n<li>Uporabite \u017eeleni na\u010din pla\u010dila za neposredno pla\u010dilo vstopnic<\/li>\n<li>Vlo\u017eite denar na svoj ra\u010dun in ga uporabite za nakup vstopnic<\/li>\n<\/ul>\n<p>\u010ce se odlo\u010dite za ta na\u010din pla\u010dila, le poskrbite, da na svoj ra\u010dun naka\u017eete ve\u010d denarja, kot ga potrebujete za vstopnice.<\/p>\n<h2>Ve\u010d informacij o Superenalotto<\/h2>\n<ul>\n<li>Dr\u017eava: Italija<\/li>\n<li>Razpon glavnih \u0161tevilk: 90<\/li>\n<li>Izberete: 6<\/li>\n<li>Iz\u017erebani dnevi, ure: V \u010dasu \u017erebanja: torek, \u010detrtek, sobota, 19:00 po srednjeevropskem \u010dasu, 21:00 po srednjeevropskem \u010dasu<\/li>\n<li>Najmanj\u0161i glavni dobitek: 2 milijona EUR<\/li>\n<li>Najvi\u0161ji dobitek: ni<\/li>\n<li>Verjetnost dobitka: 1 proti 622614630<\/li>\n<li>Verjetnost dobitka iz drugega reda: 1: 1 proti 103769105<\/li>\n<li>Verjetnost dobitka v katerem koli razredu: 1 proti 20,58<\/li>\n<li>\u0160tevilo nagradnih stopenj: 6<\/li>\n<\/ul>\n<h2>Prednosti spletnega nakupa sre\u010dk Superenalotto<\/h2>\n<ul>\n<li>Nakup vstopnic je mogo\u010d od koderkoli vam je najbolj udobno, vklju\u010dno s Slovenijo<\/li>\n<li>Izbirate lahko med ve\u010d razli\u010dnimi loterijami<\/li>\n<li>Zagotovite si najbolj\u0161e mo\u017enosti za zmago na loterijah, ki imajo najbolj\u0161e glavne dobitke<\/li>\n<li>Dodajte denar na svoj ra\u010dun in pla\u010dajte neposredno za sre\u010dke<\/li>\n<li>Brez skrbi, da bi izgubili svojo sre\u010dko<\/li>\n<li>Takoj\u0161nja obvestila, ko zmagate<\/li>\n<li>Generator naklju\u010dnih \u0161tevilk za mo\u017enost hitrega izbiranja sre\u010dk<\/li>\n<\/ul>\n<h2>Ali je nakup sre\u010dk Superenalotto prek spleta zakonit?<\/h2>\n<p>Kaj pa, \u010de vas skrbi zakonitost spletnega nakupa sre\u010dk za loto? Ali celo na tradicionalen na\u010din? \u010ce imajo v dr\u017eavi, v kateri prebivate, stroge zakone, vas to morda skrbi, vendar vam ni treba. Na\u0161a storitev namre\u010d upo\u0161teva predpise in poskrbi, da boste dobili svoj dobitek, ne glede na to, koliko ste osvojili in kje \u017eivite. Za uporabo storitve morate biti stari le 18 let.<\/p>\n<h2>Kako dobim pla\u010dilo, \u010de na spletu osvojim Superenalotto?<\/h2>\n<p><img loading=\"lazy\" decoding=\"async\" class=\"alignright size-medium wp-image-3615\" src=\"https:\/\/onlinelotto365.com\/wp-content\/uploads\/2020\/11\/online_lottery-52-300x169.jpg\" alt=\"igranje superenalotto na spletu Slovenija\" width=\"300\" height=\"169\" srcset=\"https:\/\/onlinelotto365.com\/wp-content\/uploads\/2020\/11\/online_lottery-52-300x169.jpg 300w, https:\/\/onlinelotto365.com\/wp-content\/uploads\/2020\/11\/online_lottery-52.jpg 462w\" sizes=\"auto, (max-width: 300px) 100vw, 300px\" \/><br \/>\n\u010ce osvojite dobitek, je postopek izpla\u010dila enostaven, saj morate storiti zelo malo. Prav tako vam ni treba skrbeti, da bi izgubili kakr\u0161en koli dobitek. Ob va\u0161em dobitku ne vzamemo provizije in vam ne zara\u010dunamo nobenih stro\u0161kov, razen \u010de se odlo\u010dite za izvedbo ban\u010dnega nakazila. V tem primeru, \u010de nam banka zara\u010duna provizijo za nakazilo, jo prenesemo naprej in morda se vam od dobitka od\u0161teje majhen znesek.<\/p>\n<h2>Sicer pa morate vedeti dvoje:<\/h2>\n<ul>\n<li>Dobitki, ki so ni\u017eji od 2500 \u20ac, se takoj prenesejo neposredno na va\u0161 igralni ra\u010dun, tako da jih lahko uporabite, kakor \u017eelite.<\/li>\n<li>Za zneske, ki presegajo 2500 \u20ac, je potreben dodaten korak. Na\u0161a ekipa za podporo vam bo poslala obrazec, ki ga morate izpolniti za loterijsko komisijo. V obrazcu bo podrobno opisano, kako \u017eelite, da se izvedejo va\u0161a pla\u010dila, vi pa boste lahko dobili ban\u010dno nakazilo ali \u010dek za znesek, ki ste ga osvojili.<\/li>\n<\/ul>\n","protected":false},"excerpt":{"rendered":"<p>Vas zanima spletni nakup vstopnic Superenalotto iz Slovenije a niste prepri\u010dani, kako to storiti? Potem ste na pravem mestu, saj bomo za to poskrbeli mi. Vse, kar morate storiti, je, da sledite preprostim korakom, ki jih bomo obravnavali spodaj, in vstopnice boste imeli hitro. Izberite loterijsko igro, za katero \u017eelite kupiti sre\u010dke, in izberite \u0161tevilke, [&hellip;]<\/p>\n","protected":false},"author":1,"featured_media":0,"parent":5679,"menu_order":5,"comment_status":"closed","ping_status":"closed","template":"superenalotto-info.php","meta":{"_et_pb_use_builder":"","_et_pb_old_content":"","_et_gb_content_width":"","exclude_from_search":false,"footnotes":""},"class_list":["post-80231","page","type-page","status-publish","hentry"],"yoast_head":"<!-- This site is optimized with the Yoast SEO plugin v23.4 - https:\/\/yoast.com\/wordpress\/plugins\/seo\/ -->\n<title>O spletnem nakupu vstopnic za Superenalotto iz Slovenije<\/title>\n<meta name=\"description\" content=\"Preberite, kako kupiti vstopnice za Superenalotto od koderkoli, tudi iz Slovenije\" \/>\n<meta name=\"robots\" content=\"index, follow, max-snippet:-1, max-image-preview:large, max-video-preview:-1\" \/>\n<link rel=\"canonical\" href=\"https:\/\/onlinelotto365.com\/sl\/kupiti-vstopnice\/superenalotto\/\" \/>\n<meta property=\"og:locale\" content=\"sl_SI\" \/>\n<meta property=\"og:type\" content=\"article\" \/>\n<meta property=\"og:title\" content=\"O spletnem nakupu vstopnic za Superenalotto iz Slovenije\" \/>\n<meta property=\"og:description\" content=\"Preberite, kako kupiti vstopnice za Superenalotto od koderkoli, tudi iz Slovenije\" \/>\n<meta property=\"og:url\" content=\"https:\/\/onlinelotto365.com\/sl\/kupiti-vstopnice\/superenalotto\/\" \/>\n<meta property=\"og:site_name\" content=\"OnlineLotto365\" \/>\n<meta property=\"og:image\" content=\"https:\/\/redfoxlotto.com\/image?size=8&amp;lottery=superenalotto\" \/>\n<meta name=\"twitter:card\" content=\"summary_large_image\" \/>\n<meta name=\"twitter:label1\" content=\"Est. reading time\" \/>\n\t<meta name=\"twitter:data1\" content=\"4 minute\" \/>\n<script type=\"application\/ld+json\" class=\"yoast-schema-graph\">{\"@context\":\"https:\/\/schema.org\",\"@graph\":[{\"@type\":\"WebPage\",\"@id\":\"https:\/\/onlinelotto365.com\/sl\/kupiti-vstopnice\/superenalotto\/\",\"url\":\"https:\/\/onlinelotto365.com\/sl\/kupiti-vstopnice\/superenalotto\/\",\"name\":\"O spletnem nakupu vstopnic za Superenalotto iz Slovenije\",\"isPartOf\":{\"@id\":\"https:\/\/onlinelotto365.com\/sl\/#website\"},\"primaryImageOfPage\":{\"@id\":\"https:\/\/onlinelotto365.com\/sl\/kupiti-vstopnice\/superenalotto\/#primaryimage\"},\"image\":{\"@id\":\"https:\/\/onlinelotto365.com\/sl\/kupiti-vstopnice\/superenalotto\/#primaryimage\"},\"thumbnailUrl\":\"https:\/\/redfoxlotto.com\/image?size=8&amp;lottery=superenalotto\",\"datePublished\":\"2022-11-15T11:19:52+00:00\",\"dateModified\":\"2022-11-15T11:19:52+00:00\",\"description\":\"Preberite, kako kupiti vstopnice za Superenalotto od koderkoli, tudi iz Slovenije\",\"breadcrumb\":{\"@id\":\"https:\/\/onlinelotto365.com\/sl\/kupiti-vstopnice\/superenalotto\/#breadcrumb\"},\"inLanguage\":\"sl-SI\",\"potentialAction\":[{\"@type\":\"ReadAction\",\"target\":[\"https:\/\/onlinelotto365.com\/sl\/kupiti-vstopnice\/superenalotto\/\"]}]},{\"@type\":\"ImageObject\",\"inLanguage\":\"sl-SI\",\"@id\":\"https:\/\/onlinelotto365.com\/sl\/kupiti-vstopnice\/superenalotto\/#primaryimage\",\"url\":\"https:\/\/redfoxlotto.com\/image?size=8&amp;lottery=superenalotto\",\"contentUrl\":\"https:\/\/redfoxlotto.com\/image?size=8&amp;lottery=superenalotto\"},{\"@type\":\"BreadcrumbList\",\"@id\":\"https:\/\/onlinelotto365.com\/sl\/kupiti-vstopnice\/superenalotto\/#breadcrumb\",\"itemListElement\":[{\"@type\":\"ListItem\",\"position\":1,\"name\":\"Home\",\"item\":\"https:\/\/onlinelotto365.com\/sl\/\"},{\"@type\":\"ListItem\",\"position\":2,\"name\":\"Zakaj je bolj smiselno kupovati loterijske sre\u010dke prek spleta\",\"item\":\"https:\/\/onlinelotto365.com\/sl\/kupiti-vstopnice\/\"},{\"@type\":\"ListItem\",\"position\":3,\"name\":\"Kako kupiti Superenalotto vstopnice na spletu\"}]},{\"@type\":\"WebSite\",\"@id\":\"https:\/\/onlinelotto365.com\/sl\/#website\",\"url\":\"https:\/\/onlinelotto365.com\/sl\/\",\"name\":\"OnlineLotto365\",\"description\":\"\",\"potentialAction\":[{\"@type\":\"SearchAction\",\"target\":{\"@type\":\"EntryPoint\",\"urlTemplate\":\"https:\/\/onlinelotto365.com\/sl\/?s={search_term_string}\"},\"query-input\":{\"@type\":\"PropertyValueSpecification\",\"valueRequired\":true,\"valueName\":\"search_term_string\"}}],\"inLanguage\":\"sl-SI\"}]}<\/script>\n<!-- \/ Yoast SEO plugin. -->","yoast_head_json":{"title":"O spletnem nakupu vstopnic za Superenalotto iz Slovenije","description":"Preberite, kako kupiti vstopnice za Superenalotto od koderkoli, tudi iz Slovenije","robots":{"index":"index","follow":"follow","max-snippet":"max-snippet:-1","max-image-preview":"max-image-preview:large","max-video-preview":"max-video-preview:-1"},"canonical":"https:\/\/onlinelotto365.com\/sl\/kupiti-vstopnice\/superenalotto\/","og_locale":"sl_SI","og_type":"article","og_title":"O spletnem nakupu vstopnic za Superenalotto iz Slovenije","og_description":"Preberite, kako kupiti vstopnice za Superenalotto od koderkoli, tudi iz Slovenije","og_url":"https:\/\/onlinelotto365.com\/sl\/kupiti-vstopnice\/superenalotto\/","og_site_name":"OnlineLotto365","og_image":[{"url":"https:\/\/redfoxlotto.com\/image?size=8&amp;lottery=superenalotto"}],"twitter_card":"summary_large_image","twitter_misc":{"Est. reading time":"4 minute"},"schema":{"@context":"https:\/\/schema.org","@graph":[{"@type":"WebPage","@id":"https:\/\/onlinelotto365.com\/sl\/kupiti-vstopnice\/superenalotto\/","url":"https:\/\/onlinelotto365.com\/sl\/kupiti-vstopnice\/superenalotto\/","name":"O spletnem nakupu vstopnic za Superenalotto iz Slovenije","isPartOf":{"@id":"https:\/\/onlinelotto365.com\/sl\/#website"},"primaryImageOfPage":{"@id":"https:\/\/onlinelotto365.com\/sl\/kupiti-vstopnice\/superenalotto\/#primaryimage"},"image":{"@id":"https:\/\/onlinelotto365.com\/sl\/kupiti-vstopnice\/superenalotto\/#primaryimage"},"thumbnailUrl":"https:\/\/redfoxlotto.com\/image?size=8&amp;lottery=superenalotto","datePublished":"2022-11-15T11:19:52+00:00","dateModified":"2022-11-15T11:19:52+00:00","description":"Preberite, kako kupiti vstopnice za Superenalotto od koderkoli, tudi iz Slovenije","breadcrumb":{"@id":"https:\/\/onlinelotto365.com\/sl\/kupiti-vstopnice\/superenalotto\/#breadcrumb"},"inLanguage":"sl-SI","potentialAction":[{"@type":"ReadAction","target":["https:\/\/onlinelotto365.com\/sl\/kupiti-vstopnice\/superenalotto\/"]}]},{"@type":"ImageObject","inLanguage":"sl-SI","@id":"https:\/\/onlinelotto365.com\/sl\/kupiti-vstopnice\/superenalotto\/#primaryimage","url":"https:\/\/redfoxlotto.com\/image?size=8&amp;lottery=superenalotto","contentUrl":"https:\/\/redfoxlotto.com\/image?size=8&amp;lottery=superenalotto"},{"@type":"BreadcrumbList","@id":"https:\/\/onlinelotto365.com\/sl\/kupiti-vstopnice\/superenalotto\/#breadcrumb","itemListElement":[{"@type":"ListItem","position":1,"name":"Home","item":"https:\/\/onlinelotto365.com\/sl\/"},{"@type":"ListItem","position":2,"name":"Zakaj je bolj smiselno kupovati loterijske sre\u010dke prek spleta","item":"https:\/\/onlinelotto365.com\/sl\/kupiti-vstopnice\/"},{"@type":"ListItem","position":3,"name":"Kako kupiti Superenalotto vstopnice na spletu"}]},{"@type":"WebSite","@id":"https:\/\/onlinelotto365.com\/sl\/#website","url":"https:\/\/onlinelotto365.com\/sl\/","name":"OnlineLotto365","description":"","potentialAction":[{"@type":"SearchAction","target":{"@type":"EntryPoint","urlTemplate":"https:\/\/onlinelotto365.com\/sl\/?s={search_term_string}"},"query-input":{"@type":"PropertyValueSpecification","valueRequired":true,"valueName":"search_term_string"}}],"inLanguage":"sl-SI"}]}},"_links":{"self":[{"href":"https:\/\/onlinelotto365.com\/sl\/wp-json\/wp\/v2\/pages\/80231","targetHints":{"allow":["GET"]}}],"collection":[{"href":"https:\/\/onlinelotto365.com\/sl\/wp-json\/wp\/v2\/pages"}],"about":[{"href":"https:\/\/onlinelotto365.com\/sl\/wp-json\/wp\/v2\/types\/page"}],"author":[{"embeddable":true,"href":"https:\/\/onlinelotto365.com\/sl\/wp-json\/wp\/v2\/users\/1"}],"replies":[{"embeddable":true,"href":"https:\/\/onlinelotto365.com\/sl\/wp-json\/wp\/v2\/comments?post=80231"}],"version-history":[{"count":0,"href":"https:\/\/onlinelotto365.com\/sl\/wp-json\/wp\/v2\/pages\/80231\/revisions"}],"up":[{"embeddable":true,"href":"https:\/\/onlinelotto365.com\/sl\/wp-json\/wp\/v2\/pages\/5679"}],"wp:attachment":[{"href":"https:\/\/onlinelotto365.com\/sl\/wp-json\/wp\/v2\/media?parent=80231"}],"curies":[{"name":"wp","href":"https:\/\/api.w.org\/{rel}","templated":true}]}}