{"id":80261,"date":"2022-11-16T07:56:26","date_gmt":"2022-11-16T06:56:26","guid":{"rendered":"https:\/\/onlinelotto365.com\/?page_id=80261"},"modified":"2022-11-16T07:56:26","modified_gmt":"2022-11-16T06:56:26","slug":"el-gordo","status":"publish","type":"page","link":"https:\/\/onlinelotto365.com\/sl\/kupiti-vstopnice\/el-gordo\/","title":{"rendered":"Kako kupiti vstopnice El Gordo na spletu"},"content":{"rendered":"<p>Vas zanima, kako kupiti vstopnice El Gordo na spletu, \u010de \u017eivite v Sloveniji? Potem ne boste \u017eeleli zamuditi tega \u010dlanka, saj vas bomo popeljali skozi celoten postopek, tako da boste lahko dobili vstopnice, ki jih \u017eelite, brez te\u017eav in brez potrebe po potovanju v dr\u017eavo, kjer se ta igra obi\u010dajno igra.<br \/>\n<a href=\"https:\/\/redfoxlotto.com\/play\/el-gordo-primitiva\/?ref=a8564250a2&amp;medium=ol365\" target=\"_blank\" rel=\"noopener noreferrer\"><img decoding=\"async\" class=\"aligncenter\" src=\"https:\/\/redfoxlotto.com\/image?size=8&amp;lottery=el-gordo-primitiva\" alt=\"el gordo\" \/><\/a><\/p>\n<ul>\n<li>Oglejte si glavno stran loterije, ki jo \u017eelite igrati, in izberite \u0161tevilke, ki jih \u017eelite na svojih vstopnicah.<\/li>\n<li>Dodajte \u0161e ve\u010d sre\u010dk za isto igro ali za druge igre, ki jih \u017eelite igrati, da boste imeli popolno naro\u010dilo<\/li>\n<li>Izberite mo\u017enost za pla\u010dilo zdaj<\/li>\n<li>\u010ce \u0161e nikoli niste kupovali pri nas, opravite postopek registracije ra\u010duna ali se prijavite v obstoje\u010di ra\u010dun, \u010de ga \u017ee imate.<\/li>\n<li>Preverite svoje e-po\u0161tno sporo\u010dilo za povezavo za preverjanje za ra\u010dune, ki jih je treba preveriti in registrirati<\/li>\n<li>\u010ce se e-po\u0161tno sporo\u010dilo ne prika\u017ee v va\u0161em e-po\u0161tnem predalu, preverite, ali ni pristalo v mapi za ne\u017eeleno po\u0161to.<\/li>\n<li>Za pla\u010dilo naro\u010dila kliknite na nakupovalno ko\u0161arico<\/li>\n<li>Izberite \u017eeleno mo\u017enost pla\u010dila in sledite navodilom za pla\u010dilo<\/li>\n<\/ul>\n<h2>Kako pla\u010dati vstopnico za El Gordo prek spleta<\/h2>\n<p>Pla\u010dilo za va\u0161e vstopnice je enostavno in hitro, saj \u017eelimo na\u0161im strankam iz Slovenije zagotoviti, da lahko izberejo vstopnice, ki jih \u017eelijo, kadar jih \u017eelijo.<br \/>\nZa pla\u010dilo svojih vstopnic se lahko odlo\u010dite na enega od naslednjih na\u010dinov:<\/p>\n<ul>\n<li>Vstavite na\u010din pla\u010dila in opravite nakup neposredno<\/li>\n<li>Dodajte denar na svoj ra\u010dun in izvedite pla\u010dilo neposredno od tam<\/li>\n<\/ul>\n<p>Prepri\u010dajte se, da ste na svoj igralni ra\u010dun dodali ve\u010d kot dovolj, \u010de nameravate opraviti nakup neposredno prek te strani.<\/p>\n<h2>Ve\u010d informacij o igri El Gordo<\/h2>\n<ul>\n<li>Dr\u017eava: \u0160panija<\/li>\n<li>Razpon glavnih \u0161tevilk: 54<\/li>\n<li>Izberete: 5<\/li>\n<li>Razpon dodatnih \u0161tevilk: ni<\/li>\n<li>Izberete: nobena<\/li>\n<li>Dnevi in ure \u017erebanja: Nedelja, 21:30 CET, 21:30 CET<\/li>\n<li>Najmanj\u0161i dobitek: 4 milijoni evrov<\/li>\n<li>Najve\u010dji dobitek: ni<\/li>\n<li>Verjetnost dobitka: 1 proti 31625100<\/li>\n<li>Verjetnost dobitka iz drugega reda: 1: 1 proti 3513900<\/li>\n<li>Verjetnost dobitka v katerem koli razredu: 1 proti 6,16<\/li>\n<li>\u0160tevilo nagradnih stopenj: 9<\/li>\n<\/ul>\n<h2>Prednosti spletnega nakupa sre\u010dk El Gordo<\/h2>\n<ul>\n<li>\u017delene vstopnice dobite, ne da bi zapustili dom<\/li>\n<li>Izbirate lahko med \u0161e ve\u010d loterijskimi igrami<\/li>\n<li>Z izbiro loterijskih iger z najbolj\u0161imi glavnimi dobitki si zagotovite \u0161e bolj\u0161e mo\u017enosti za zmago<\/li>\n<li>Dodajte denar na svoj ra\u010dun in pla\u010dajte vstopnice z loterijskim dobroimetjem<\/li>\n<li>Enostavno sledite svojim vstopnicam<\/li>\n<li>Prejmite takoj\u0161nje obvestilo o zmagovalnih sre\u010dkah<\/li>\n<li>Naj ra\u010dunalnik izbere \u0161tevilke sre\u010dk, ki jih uporabljate<\/li>\n<\/ul>\n<h2>Ali je nakup vstopnic El Gordo prek spleta zakonit?<\/h2>\n<p>V Sloveniji vas ne skrbi, ali je nakup sre\u010dk in nakup prek spleta ali na tradicionalen na\u010din zakonit. Na\u0161 sistem vse opravi zakonito in v skladu s predpisi. Da ne omenjamo, da boste ne glede na vse prejeli svoje pla\u010dilo in dobitek. Poskrbeli bomo, da bo ta v najkraj\u0161em mo\u017enem \u010dasu nakazan na va\u0161 ra\u010dun.<br \/>\nVse, kar morate storiti, je, da ste stari 18 let, da lahko uporabljate na\u0161o spletno stran.<\/p>\n<h2>Kako dobim izpla\u010dilo, \u010de na spletu osvojim dobitek El Gordo?<\/h2>\n<p>Zavedamo se, da vam je izpla\u010dilo izredno pomembno, zato smo v ta proces vlo\u017eili veliko \u010dasa in truda. Poskrbimo, da dobi\u0161 ves svoj dobitek brez kakr\u0161nih koli provizij ali nadomestil. Edini trenutek, ko nam kaj pla\u010date, je, \u010de za na\u010din pla\u010dila izberete ban\u010dno nakazilo. Na nekaterih obmo\u010djih lahko banka za nakazilo v Slovenijo zara\u010duna provizijo, ki jo bomo prav tako prenesli na vas.<\/p>\n<h2>V nasprotnem primeru pla\u010dilo poteka na dva na\u010dina:<\/h2>\n<p><img loading=\"lazy\" decoding=\"async\" class=\"alignright wp-image-3585\" src=\"https:\/\/onlinelotto365.com\/wp-content\/uploads\/2020\/11\/online_lottery-106.jpg\" alt=\"igranje el gordo na spletu Slovenija\" width=\"282\" height=\"169\" \/><\/p>\n<ul>\n<li>\u010ce osvojite manj kot 2500 EUR, jih bomo samodejno nakazali neposredno na va\u0161 ra\u010dun, tako da vam ne bo treba storiti ni\u010desar drugega.<\/li>\n<li>\u010ce osvojite ve\u010d kot 2500 \u20ac, boste morali po\u010dakati na e-po\u0161tno sporo\u010dilo na\u0161e ekipe za podporo, da boste lahko izpolnili obrazec za zahtevke. Tako boste lahko svoj dobitek prejeli neposredno z ban\u010dnim nakazilom ali s \u010dekom, ki vam ga bomo poslali.<\/li>\n<\/ul>\n","protected":false},"excerpt":{"rendered":"<p>Vas zanima, kako kupiti vstopnice El Gordo na spletu, \u010de \u017eivite v Sloveniji? Potem ne boste \u017eeleli zamuditi tega \u010dlanka, saj vas bomo popeljali skozi celoten postopek, tako da boste lahko dobili vstopnice, ki jih \u017eelite, brez te\u017eav in brez potrebe po potovanju v dr\u017eavo, kjer se ta igra obi\u010dajno igra. Oglejte si glavno stran [&hellip;]<\/p>\n","protected":false},"author":1,"featured_media":0,"parent":5679,"menu_order":6,"comment_status":"closed","ping_status":"closed","template":"el-gordo-info.php","meta":{"_et_pb_use_builder":"","_et_pb_old_content":"","_et_gb_content_width":"","exclude_from_search":false,"footnotes":""},"class_list":["post-80261","page","type-page","status-publish","hentry"],"yoast_head":"<!-- This site is optimized with the Yoast SEO plugin v23.4 - https:\/\/yoast.com\/wordpress\/plugins\/seo\/ -->\n<title>El Gordo iz Slovenije - kako kupiti vstopnice na spletu<\/title>\n<meta name=\"description\" content=\"Ta \u0161panska loterija je zdaj na voljo iz Slovenije - kupite vstopnice prek spleta\" \/>\n<meta name=\"robots\" content=\"index, follow, max-snippet:-1, max-image-preview:large, max-video-preview:-1\" \/>\n<link rel=\"canonical\" href=\"https:\/\/onlinelotto365.com\/sl\/kupiti-vstopnice\/el-gordo\/\" \/>\n<meta property=\"og:locale\" content=\"sl_SI\" \/>\n<meta property=\"og:type\" content=\"article\" \/>\n<meta property=\"og:title\" content=\"El Gordo iz Slovenije - kako kupiti vstopnice na spletu\" \/>\n<meta property=\"og:description\" content=\"Ta \u0161panska loterija je zdaj na voljo iz Slovenije - kupite vstopnice prek spleta\" \/>\n<meta property=\"og:url\" content=\"https:\/\/onlinelotto365.com\/sl\/kupiti-vstopnice\/el-gordo\/\" \/>\n<meta property=\"og:site_name\" content=\"OnlineLotto365\" \/>\n<meta property=\"og:image\" content=\"https:\/\/redfoxlotto.com\/image?size=8&amp;lottery=el-gordo-primitiva\" \/>\n<meta name=\"twitter:card\" content=\"summary_large_image\" \/>\n<meta name=\"twitter:label1\" content=\"Est. reading time\" \/>\n\t<meta name=\"twitter:data1\" content=\"4 minute\" \/>\n<script type=\"application\/ld+json\" class=\"yoast-schema-graph\">{\"@context\":\"https:\/\/schema.org\",\"@graph\":[{\"@type\":\"WebPage\",\"@id\":\"https:\/\/onlinelotto365.com\/sl\/kupiti-vstopnice\/el-gordo\/\",\"url\":\"https:\/\/onlinelotto365.com\/sl\/kupiti-vstopnice\/el-gordo\/\",\"name\":\"El Gordo iz Slovenije - kako kupiti vstopnice na spletu\",\"isPartOf\":{\"@id\":\"https:\/\/onlinelotto365.com\/sl\/#website\"},\"primaryImageOfPage\":{\"@id\":\"https:\/\/onlinelotto365.com\/sl\/kupiti-vstopnice\/el-gordo\/#primaryimage\"},\"image\":{\"@id\":\"https:\/\/onlinelotto365.com\/sl\/kupiti-vstopnice\/el-gordo\/#primaryimage\"},\"thumbnailUrl\":\"https:\/\/redfoxlotto.com\/image?size=8&amp;lottery=el-gordo-primitiva\",\"datePublished\":\"2022-11-16T06:56:26+00:00\",\"dateModified\":\"2022-11-16T06:56:26+00:00\",\"description\":\"Ta \u0161panska loterija je zdaj na voljo iz Slovenije - kupite vstopnice prek spleta\",\"breadcrumb\":{\"@id\":\"https:\/\/onlinelotto365.com\/sl\/kupiti-vstopnice\/el-gordo\/#breadcrumb\"},\"inLanguage\":\"sl-SI\",\"potentialAction\":[{\"@type\":\"ReadAction\",\"target\":[\"https:\/\/onlinelotto365.com\/sl\/kupiti-vstopnice\/el-gordo\/\"]}]},{\"@type\":\"ImageObject\",\"inLanguage\":\"sl-SI\",\"@id\":\"https:\/\/onlinelotto365.com\/sl\/kupiti-vstopnice\/el-gordo\/#primaryimage\",\"url\":\"https:\/\/redfoxlotto.com\/image?size=8&amp;lottery=el-gordo-primitiva\",\"contentUrl\":\"https:\/\/redfoxlotto.com\/image?size=8&amp;lottery=el-gordo-primitiva\"},{\"@type\":\"BreadcrumbList\",\"@id\":\"https:\/\/onlinelotto365.com\/sl\/kupiti-vstopnice\/el-gordo\/#breadcrumb\",\"itemListElement\":[{\"@type\":\"ListItem\",\"position\":1,\"name\":\"Home\",\"item\":\"https:\/\/onlinelotto365.com\/sl\/\"},{\"@type\":\"ListItem\",\"position\":2,\"name\":\"Zakaj je bolj smiselno kupovati loterijske sre\u010dke prek spleta\",\"item\":\"https:\/\/onlinelotto365.com\/sl\/kupiti-vstopnice\/\"},{\"@type\":\"ListItem\",\"position\":3,\"name\":\"Kako kupiti vstopnice El Gordo na spletu\"}]},{\"@type\":\"WebSite\",\"@id\":\"https:\/\/onlinelotto365.com\/sl\/#website\",\"url\":\"https:\/\/onlinelotto365.com\/sl\/\",\"name\":\"OnlineLotto365\",\"description\":\"\",\"potentialAction\":[{\"@type\":\"SearchAction\",\"target\":{\"@type\":\"EntryPoint\",\"urlTemplate\":\"https:\/\/onlinelotto365.com\/sl\/?s={search_term_string}\"},\"query-input\":{\"@type\":\"PropertyValueSpecification\",\"valueRequired\":true,\"valueName\":\"search_term_string\"}}],\"inLanguage\":\"sl-SI\"}]}<\/script>\n<!-- \/ Yoast SEO plugin. -->","yoast_head_json":{"title":"El Gordo iz Slovenije - kako kupiti vstopnice na spletu","description":"Ta \u0161panska loterija je zdaj na voljo iz Slovenije - kupite vstopnice prek spleta","robots":{"index":"index","follow":"follow","max-snippet":"max-snippet:-1","max-image-preview":"max-image-preview:large","max-video-preview":"max-video-preview:-1"},"canonical":"https:\/\/onlinelotto365.com\/sl\/kupiti-vstopnice\/el-gordo\/","og_locale":"sl_SI","og_type":"article","og_title":"El Gordo iz Slovenije - kako kupiti vstopnice na spletu","og_description":"Ta \u0161panska loterija je zdaj na voljo iz Slovenije - kupite vstopnice prek spleta","og_url":"https:\/\/onlinelotto365.com\/sl\/kupiti-vstopnice\/el-gordo\/","og_site_name":"OnlineLotto365","og_image":[{"url":"https:\/\/redfoxlotto.com\/image?size=8&amp;lottery=el-gordo-primitiva"}],"twitter_card":"summary_large_image","twitter_misc":{"Est. reading time":"4 minute"},"schema":{"@context":"https:\/\/schema.org","@graph":[{"@type":"WebPage","@id":"https:\/\/onlinelotto365.com\/sl\/kupiti-vstopnice\/el-gordo\/","url":"https:\/\/onlinelotto365.com\/sl\/kupiti-vstopnice\/el-gordo\/","name":"El Gordo iz Slovenije - kako kupiti vstopnice na spletu","isPartOf":{"@id":"https:\/\/onlinelotto365.com\/sl\/#website"},"primaryImageOfPage":{"@id":"https:\/\/onlinelotto365.com\/sl\/kupiti-vstopnice\/el-gordo\/#primaryimage"},"image":{"@id":"https:\/\/onlinelotto365.com\/sl\/kupiti-vstopnice\/el-gordo\/#primaryimage"},"thumbnailUrl":"https:\/\/redfoxlotto.com\/image?size=8&amp;lottery=el-gordo-primitiva","datePublished":"2022-11-16T06:56:26+00:00","dateModified":"2022-11-16T06:56:26+00:00","description":"Ta \u0161panska loterija je zdaj na voljo iz Slovenije - kupite vstopnice prek spleta","breadcrumb":{"@id":"https:\/\/onlinelotto365.com\/sl\/kupiti-vstopnice\/el-gordo\/#breadcrumb"},"inLanguage":"sl-SI","potentialAction":[{"@type":"ReadAction","target":["https:\/\/onlinelotto365.com\/sl\/kupiti-vstopnice\/el-gordo\/"]}]},{"@type":"ImageObject","inLanguage":"sl-SI","@id":"https:\/\/onlinelotto365.com\/sl\/kupiti-vstopnice\/el-gordo\/#primaryimage","url":"https:\/\/redfoxlotto.com\/image?size=8&amp;lottery=el-gordo-primitiva","contentUrl":"https:\/\/redfoxlotto.com\/image?size=8&amp;lottery=el-gordo-primitiva"},{"@type":"BreadcrumbList","@id":"https:\/\/onlinelotto365.com\/sl\/kupiti-vstopnice\/el-gordo\/#breadcrumb","itemListElement":[{"@type":"ListItem","position":1,"name":"Home","item":"https:\/\/onlinelotto365.com\/sl\/"},{"@type":"ListItem","position":2,"name":"Zakaj je bolj smiselno kupovati loterijske sre\u010dke prek spleta","item":"https:\/\/onlinelotto365.com\/sl\/kupiti-vstopnice\/"},{"@type":"ListItem","position":3,"name":"Kako kupiti vstopnice El Gordo na spletu"}]},{"@type":"WebSite","@id":"https:\/\/onlinelotto365.com\/sl\/#website","url":"https:\/\/onlinelotto365.com\/sl\/","name":"OnlineLotto365","description":"","potentialAction":[{"@type":"SearchAction","target":{"@type":"EntryPoint","urlTemplate":"https:\/\/onlinelotto365.com\/sl\/?s={search_term_string}"},"query-input":{"@type":"PropertyValueSpecification","valueRequired":true,"valueName":"search_term_string"}}],"inLanguage":"sl-SI"}]}},"_links":{"self":[{"href":"https:\/\/onlinelotto365.com\/sl\/wp-json\/wp\/v2\/pages\/80261","targetHints":{"allow":["GET"]}}],"collection":[{"href":"https:\/\/onlinelotto365.com\/sl\/wp-json\/wp\/v2\/pages"}],"about":[{"href":"https:\/\/onlinelotto365.com\/sl\/wp-json\/wp\/v2\/types\/page"}],"author":[{"embeddable":true,"href":"https:\/\/onlinelotto365.com\/sl\/wp-json\/wp\/v2\/users\/1"}],"replies":[{"embeddable":true,"href":"https:\/\/onlinelotto365.com\/sl\/wp-json\/wp\/v2\/comments?post=80261"}],"version-history":[{"count":0,"href":"https:\/\/onlinelotto365.com\/sl\/wp-json\/wp\/v2\/pages\/80261\/revisions"}],"up":[{"embeddable":true,"href":"https:\/\/onlinelotto365.com\/sl\/wp-json\/wp\/v2\/pages\/5679"}],"wp:attachment":[{"href":"https:\/\/onlinelotto365.com\/sl\/wp-json\/wp\/v2\/media?parent=80261"}],"curies":[{"name":"wp","href":"https:\/\/api.w.org\/{rel}","templated":true}]}}