{"id":80293,"date":"2022-11-16T10:31:45","date_gmt":"2022-11-16T09:31:45","guid":{"rendered":"https:\/\/onlinelotto365.com\/?page_id=80293"},"modified":"2022-11-16T10:31:45","modified_gmt":"2022-11-16T09:31:45","slug":"la-primitiva","status":"publish","type":"page","link":"https:\/\/onlinelotto365.com\/sl\/kupiti-vstopnice\/la-primitiva\/","title":{"rendered":"Kako kupiti vstopnice La Primitiva na spletu"},"content":{"rendered":"<p>\u010ce \u017eelite kupiti vstopnice La Primitiva na spletu, vendar \u0161e vedno niste povsem prepri\u010dani, kako to storiti, si oglejte ta postopek. Za Slovenijo je veliko la\u017eje, kot si morda mislite.<br \/>\nlotto in morda boste na \u017erebanje \u010dakali hitreje, kot si mislite.<br \/>\n<a href=\"https:\/\/redfoxlotto.com\/play\/la-primitiva\/?ref=a8564250a2&amp;medium=ol365\" target=\"_blank\" rel=\"noopener noreferrer\"><img decoding=\"async\" class=\"aligncenter\" src=\"https:\/\/redfoxlotto.com\/image?size=8&amp;lottery=la-primitiva\" alt=\" la primitiva\" \/><\/a><\/p>\n<ul>\n<li>Izberite loterijsko igro, ki jo \u017eelite igrati, in izberite \u0161tevilke za vsako od svojih sre\u010dk. Ali pa dovolite, da \u0161tevilke za va\u0161e sre\u010dke namesto vas izbere ra\u010dunalnik.<\/li>\n<li>V svoje naro\u010dilo dodajte poljubno \u0161tevilo razli\u010dnih sre\u010dk in loterijskih iger, preden ste pripravljeni na odjavo<\/li>\n<li>Izberite mo\u017enost za pla\u010dilo zdaj<\/li>\n<li>Registrirajte nov ra\u010dun, \u010de pri nas \u0161e niste kupovali, ali se prijavite, \u010de ste \u017ee obstoje\u010da stranka<\/li>\n<li>Dokon\u010dajte postopek registracije s klikom na povezavo za preverjanje, ki je poslana na va\u0161 e-po\u0161tni naslov<\/li>\n<li>Preverite, ali imate v po\u0161tnem predalu in mapi za ne\u017eeleno po\u0161to potrditveno e-po\u0161tno sporo\u010dilo.<\/li>\n<li>Pojdite v nakupovalno ko\u0161arico na spletnem mestu<\/li>\n<li>Sledite navodilom, da izberete mo\u017enost pla\u010dila in pla\u010date vstopnice<\/li>\n<\/ul>\n<h2>Kako pla\u010dati vstopnico za festival La Primitiva prek spleta<\/h2>\n<p>Izbirate lahko med ve\u010d razli\u010dnimi mo\u017enostmi pla\u010dila, ki so za na\u0161e uporabnike zelo varne. Omogo\u010damo vam, da izberete mo\u017enost, ki vam najbolj ustreza.<br \/>\nZa za\u010detek izberite eno od dveh mo\u017enosti:<\/p>\n<ul>\n<li>Pla\u010dajte neposredno s kreditno kartico, ban\u010dnim ra\u010dunom ali drugim na\u010dinom pla\u010dila.<\/li>\n<li>Dodajte denar na svoj ra\u010dun in ga uporabite za nakup vstopnic iz svojega igralnega ra\u010duna<\/li>\n<\/ul>\n<p>Tisti, ki za nakup dodajo denar na svoj igralni ra\u010dun, bodo morali vpla\u010dati ve\u010d kot dovolj denarja za nakup, ki so ga izbrali.<\/p>\n<h2>Ve\u010d informacij o igri La Primitiva<\/h2>\n<ul>\n<li>Dr\u017eava: \u0160panija<\/li>\n<li>Razpon glavnih \u0161tevilk: 49<\/li>\n<li>Izberete: 6<\/li>\n<li>Dodatne \u0161tevilke:<\/li>\n<li>Izberete: 1<\/li>\n<li>Dnevi \u017erebanja, ure: \u010cetrtek, sobota, 21:30 po srednjeevropskem \u010dasu, 21:30 po srednjeevropskem \u010dasu<\/li>\n<li>Najmanj\u0161i dobitek: 2 milijona EUR<\/li>\n<li>Najve\u010dji dobitek: ni<\/li>\n<li>Verjetnost dobitka: 1 proti 15537573<\/li>\n<li>Verjetnost dobitka iz drugega reda: 1: 1 proti 542008<\/li>\n<li>Verjetnost dobitka v katerem koli razredu: 1 proti 8,43<\/li>\n<li>\u0160tevilo nagradnih stopenj: 9<\/li>\n<\/ul>\n<h2>Prednosti spletnega nakupa vstopnic La Primitiva<\/h2>\n<ul>\n<li>Izberite vstopnice, ne da bi zapustili dom<\/li>\n<li>Izbirate lahko med \u0161e ve\u010d mo\u017enostmi loterije<\/li>\n<li>Oglejte si razli\u010dne glavne dobitke in preverite, kje lahko osvojite najve\u010d<\/li>\n<li>Denar za pla\u010dilo vstopnic lahko nalo\u017eite na svoj ra\u010dun<\/li>\n<li>Brez skrbi, da bi izgubili sre\u010dke<\/li>\n<li>Prejeli boste obvestilo o dobitku<\/li>\n<li>Izberete lahko naklju\u010dno ustvarjeno sre\u010dko<\/li>\n<\/ul>\n<h2>Ali je nakup vstopnic za igro La Primitiva prek spleta zakonit?<\/h2>\n<p>Nekatere ljudi skrbi, ali je nakup loterijskih sre\u010dk prek spleta dovoljen v dr\u017eavi njihovega prebivali\u0161\u010da. Ali sploh lahko kupijo sre\u010dke na tradicionalen na\u010din. Vendar vam ni treba skrbeti, ali je uporaba na\u0161ega sistema zakonita, saj poskrbimo za predpise za obmo\u010dje, kjer poteka loterija. Tako boste dobili svoj dobitek, ne glede na to, kaj se dogaja, in ne glede na to, koliko ste osvojili.<br \/>\nZa uporabo na\u0161e storitve morate biti stari vsaj 18 let.<\/p>\n<h2>Kako dobim izpla\u010dilo, \u010de na spletu osvojim dobitek La Primitiva?<\/h2>\n<p><img loading=\"lazy\" decoding=\"async\" class=\"alignright wp-image-3535\" src=\"https:\/\/onlinelotto365.com\/wp-content\/uploads\/2020\/11\/online_lottery-141-296x300.jpg\" alt=\"la primitiva na spletu\" width=\"164\" height=\"166\" srcset=\"https:\/\/onlinelotto365.com\/wp-content\/uploads\/2020\/11\/online_lottery-141-296x300.jpg 296w, https:\/\/onlinelotto365.com\/wp-content\/uploads\/2020\/11\/online_lottery-141-100x100.jpg 100w, https:\/\/onlinelotto365.com\/wp-content\/uploads\/2020\/11\/online_lottery-141.jpg 491w\" sizes=\"auto, (max-width: 164px) 100vw, 164px\" \/><br \/>\nKo gre za izpla\u010dilo, se zavedamo, kako pomembno je to za vas. Zato je postopek pla\u010dila kar se da preprost. Vse to storimo, ne da bi vam zara\u010dunali kakr\u0161ne koli pristojbine ali provizijo. Vsaj \u010de se ne odlo\u010dite za nakazilo z ban\u010dnim nakazilom. V tem primeru nam lahko va\u0161a banka zara\u010duna provizijo. \u010ce se to zgodi, to provizijo prenesemo na vas.<br \/>\nVse, kar morate storiti, je, da veste, kaj se zgodi, ko zmagate:<\/p>\n<ul>\n<li>\u010ce osvojite manj kot 2500 EUR, vam ni treba storiti ni\u010desar, saj za vse poskrbimo mi. Poskrbimo, da ves svoj denar prejmete neposredno na svoj igralni ra\u010dun.<\/li>\n<li>\u010ce osvoji\u0161 ve\u010d kot 2500 \u20ac, bo\u0161 lahko svoj denar prejel s \u010dekom ali ban\u010dnim nakazilom. V tem primeru bo\u0161 moral izpolniti obrazec za zahtevek, ki ti ga bo poslala na\u0161a ekipa za podporo, nato pa ti bomo pomagali z ostalim.<\/li>\n<\/ul>\n","protected":false},"excerpt":{"rendered":"<p>\u010ce \u017eelite kupiti vstopnice La Primitiva na spletu, vendar \u0161e vedno niste povsem prepri\u010dani, kako to storiti, si oglejte ta postopek. Za Slovenijo je veliko la\u017eje, kot si morda mislite. lotto in morda boste na \u017erebanje \u010dakali hitreje, kot si mislite. Izberite loterijsko igro, ki jo \u017eelite igrati, in izberite \u0161tevilke za vsako od svojih [&hellip;]<\/p>\n","protected":false},"author":1,"featured_media":0,"parent":5679,"menu_order":7,"comment_status":"closed","ping_status":"closed","template":"la-primitiva-info.php","meta":{"_et_pb_use_builder":"","_et_pb_old_content":"","_et_gb_content_width":"","exclude_from_search":false,"footnotes":""},"class_list":["post-80293","page","type-page","status-publish","hentry"],"yoast_head":"<!-- This site is optimized with the Yoast SEO plugin v23.4 - https:\/\/yoast.com\/wordpress\/plugins\/seo\/ -->\n<title>Spletna storitev za nakup vstopnic La Primitiva | La Primitiva iz Slovenije<\/title>\n<meta name=\"description\" content=\"Preberite, kako lahko kupite vstopnice za \u0161pansko loterijo La Primitiva iz Slovenije\" \/>\n<meta name=\"robots\" content=\"index, follow, max-snippet:-1, max-image-preview:large, max-video-preview:-1\" \/>\n<link rel=\"canonical\" href=\"https:\/\/onlinelotto365.com\/sl\/kupiti-vstopnice\/la-primitiva\/\" \/>\n<meta property=\"og:locale\" content=\"sl_SI\" \/>\n<meta property=\"og:type\" content=\"article\" \/>\n<meta property=\"og:title\" content=\"Spletna storitev za nakup vstopnic La Primitiva | La Primitiva iz Slovenije\" \/>\n<meta property=\"og:description\" content=\"Preberite, kako lahko kupite vstopnice za \u0161pansko loterijo La Primitiva iz Slovenije\" \/>\n<meta property=\"og:url\" content=\"https:\/\/onlinelotto365.com\/sl\/kupiti-vstopnice\/la-primitiva\/\" \/>\n<meta property=\"og:site_name\" content=\"OnlineLotto365\" \/>\n<meta property=\"og:image\" content=\"https:\/\/redfoxlotto.com\/image?size=8&amp;lottery=la-primitiva\" \/>\n<meta name=\"twitter:card\" content=\"summary_large_image\" \/>\n<meta name=\"twitter:label1\" content=\"Est. reading time\" \/>\n\t<meta name=\"twitter:data1\" content=\"3 minute\" \/>\n<script type=\"application\/ld+json\" class=\"yoast-schema-graph\">{\"@context\":\"https:\/\/schema.org\",\"@graph\":[{\"@type\":\"WebPage\",\"@id\":\"https:\/\/onlinelotto365.com\/sl\/kupiti-vstopnice\/la-primitiva\/\",\"url\":\"https:\/\/onlinelotto365.com\/sl\/kupiti-vstopnice\/la-primitiva\/\",\"name\":\"Spletna storitev za nakup vstopnic La Primitiva | La Primitiva iz Slovenije\",\"isPartOf\":{\"@id\":\"https:\/\/onlinelotto365.com\/sl\/#website\"},\"primaryImageOfPage\":{\"@id\":\"https:\/\/onlinelotto365.com\/sl\/kupiti-vstopnice\/la-primitiva\/#primaryimage\"},\"image\":{\"@id\":\"https:\/\/onlinelotto365.com\/sl\/kupiti-vstopnice\/la-primitiva\/#primaryimage\"},\"thumbnailUrl\":\"https:\/\/redfoxlotto.com\/image?size=8&amp;lottery=la-primitiva\",\"datePublished\":\"2022-11-16T09:31:45+00:00\",\"dateModified\":\"2022-11-16T09:31:45+00:00\",\"description\":\"Preberite, kako lahko kupite vstopnice za \u0161pansko loterijo La Primitiva iz Slovenije\",\"breadcrumb\":{\"@id\":\"https:\/\/onlinelotto365.com\/sl\/kupiti-vstopnice\/la-primitiva\/#breadcrumb\"},\"inLanguage\":\"sl-SI\",\"potentialAction\":[{\"@type\":\"ReadAction\",\"target\":[\"https:\/\/onlinelotto365.com\/sl\/kupiti-vstopnice\/la-primitiva\/\"]}]},{\"@type\":\"ImageObject\",\"inLanguage\":\"sl-SI\",\"@id\":\"https:\/\/onlinelotto365.com\/sl\/kupiti-vstopnice\/la-primitiva\/#primaryimage\",\"url\":\"https:\/\/redfoxlotto.com\/image?size=8&amp;lottery=la-primitiva\",\"contentUrl\":\"https:\/\/redfoxlotto.com\/image?size=8&amp;lottery=la-primitiva\"},{\"@type\":\"BreadcrumbList\",\"@id\":\"https:\/\/onlinelotto365.com\/sl\/kupiti-vstopnice\/la-primitiva\/#breadcrumb\",\"itemListElement\":[{\"@type\":\"ListItem\",\"position\":1,\"name\":\"Home\",\"item\":\"https:\/\/onlinelotto365.com\/sl\/\"},{\"@type\":\"ListItem\",\"position\":2,\"name\":\"Zakaj je bolj smiselno kupovati loterijske sre\u010dke prek spleta\",\"item\":\"https:\/\/onlinelotto365.com\/sl\/kupiti-vstopnice\/\"},{\"@type\":\"ListItem\",\"position\":3,\"name\":\"Kako kupiti vstopnice La Primitiva na spletu\"}]},{\"@type\":\"WebSite\",\"@id\":\"https:\/\/onlinelotto365.com\/sl\/#website\",\"url\":\"https:\/\/onlinelotto365.com\/sl\/\",\"name\":\"OnlineLotto365\",\"description\":\"\",\"potentialAction\":[{\"@type\":\"SearchAction\",\"target\":{\"@type\":\"EntryPoint\",\"urlTemplate\":\"https:\/\/onlinelotto365.com\/sl\/?s={search_term_string}\"},\"query-input\":{\"@type\":\"PropertyValueSpecification\",\"valueRequired\":true,\"valueName\":\"search_term_string\"}}],\"inLanguage\":\"sl-SI\"}]}<\/script>\n<!-- \/ Yoast SEO plugin. -->","yoast_head_json":{"title":"Spletna storitev za nakup vstopnic La Primitiva | La Primitiva iz Slovenije","description":"Preberite, kako lahko kupite vstopnice za \u0161pansko loterijo La Primitiva iz Slovenije","robots":{"index":"index","follow":"follow","max-snippet":"max-snippet:-1","max-image-preview":"max-image-preview:large","max-video-preview":"max-video-preview:-1"},"canonical":"https:\/\/onlinelotto365.com\/sl\/kupiti-vstopnice\/la-primitiva\/","og_locale":"sl_SI","og_type":"article","og_title":"Spletna storitev za nakup vstopnic La Primitiva | La Primitiva iz Slovenije","og_description":"Preberite, kako lahko kupite vstopnice za \u0161pansko loterijo La Primitiva iz Slovenije","og_url":"https:\/\/onlinelotto365.com\/sl\/kupiti-vstopnice\/la-primitiva\/","og_site_name":"OnlineLotto365","og_image":[{"url":"https:\/\/redfoxlotto.com\/image?size=8&amp;lottery=la-primitiva"}],"twitter_card":"summary_large_image","twitter_misc":{"Est. reading time":"3 minute"},"schema":{"@context":"https:\/\/schema.org","@graph":[{"@type":"WebPage","@id":"https:\/\/onlinelotto365.com\/sl\/kupiti-vstopnice\/la-primitiva\/","url":"https:\/\/onlinelotto365.com\/sl\/kupiti-vstopnice\/la-primitiva\/","name":"Spletna storitev za nakup vstopnic La Primitiva | La Primitiva iz Slovenije","isPartOf":{"@id":"https:\/\/onlinelotto365.com\/sl\/#website"},"primaryImageOfPage":{"@id":"https:\/\/onlinelotto365.com\/sl\/kupiti-vstopnice\/la-primitiva\/#primaryimage"},"image":{"@id":"https:\/\/onlinelotto365.com\/sl\/kupiti-vstopnice\/la-primitiva\/#primaryimage"},"thumbnailUrl":"https:\/\/redfoxlotto.com\/image?size=8&amp;lottery=la-primitiva","datePublished":"2022-11-16T09:31:45+00:00","dateModified":"2022-11-16T09:31:45+00:00","description":"Preberite, kako lahko kupite vstopnice za \u0161pansko loterijo La Primitiva iz Slovenije","breadcrumb":{"@id":"https:\/\/onlinelotto365.com\/sl\/kupiti-vstopnice\/la-primitiva\/#breadcrumb"},"inLanguage":"sl-SI","potentialAction":[{"@type":"ReadAction","target":["https:\/\/onlinelotto365.com\/sl\/kupiti-vstopnice\/la-primitiva\/"]}]},{"@type":"ImageObject","inLanguage":"sl-SI","@id":"https:\/\/onlinelotto365.com\/sl\/kupiti-vstopnice\/la-primitiva\/#primaryimage","url":"https:\/\/redfoxlotto.com\/image?size=8&amp;lottery=la-primitiva","contentUrl":"https:\/\/redfoxlotto.com\/image?size=8&amp;lottery=la-primitiva"},{"@type":"BreadcrumbList","@id":"https:\/\/onlinelotto365.com\/sl\/kupiti-vstopnice\/la-primitiva\/#breadcrumb","itemListElement":[{"@type":"ListItem","position":1,"name":"Home","item":"https:\/\/onlinelotto365.com\/sl\/"},{"@type":"ListItem","position":2,"name":"Zakaj je bolj smiselno kupovati loterijske sre\u010dke prek spleta","item":"https:\/\/onlinelotto365.com\/sl\/kupiti-vstopnice\/"},{"@type":"ListItem","position":3,"name":"Kako kupiti vstopnice La Primitiva na spletu"}]},{"@type":"WebSite","@id":"https:\/\/onlinelotto365.com\/sl\/#website","url":"https:\/\/onlinelotto365.com\/sl\/","name":"OnlineLotto365","description":"","potentialAction":[{"@type":"SearchAction","target":{"@type":"EntryPoint","urlTemplate":"https:\/\/onlinelotto365.com\/sl\/?s={search_term_string}"},"query-input":{"@type":"PropertyValueSpecification","valueRequired":true,"valueName":"search_term_string"}}],"inLanguage":"sl-SI"}]}},"_links":{"self":[{"href":"https:\/\/onlinelotto365.com\/sl\/wp-json\/wp\/v2\/pages\/80293","targetHints":{"allow":["GET"]}}],"collection":[{"href":"https:\/\/onlinelotto365.com\/sl\/wp-json\/wp\/v2\/pages"}],"about":[{"href":"https:\/\/onlinelotto365.com\/sl\/wp-json\/wp\/v2\/types\/page"}],"author":[{"embeddable":true,"href":"https:\/\/onlinelotto365.com\/sl\/wp-json\/wp\/v2\/users\/1"}],"replies":[{"embeddable":true,"href":"https:\/\/onlinelotto365.com\/sl\/wp-json\/wp\/v2\/comments?post=80293"}],"version-history":[{"count":0,"href":"https:\/\/onlinelotto365.com\/sl\/wp-json\/wp\/v2\/pages\/80293\/revisions"}],"up":[{"embeddable":true,"href":"https:\/\/onlinelotto365.com\/sl\/wp-json\/wp\/v2\/pages\/5679"}],"wp:attachment":[{"href":"https:\/\/onlinelotto365.com\/sl\/wp-json\/wp\/v2\/media?parent=80293"}],"curies":[{"name":"wp","href":"https:\/\/api.w.org\/{rel}","templated":true}]}}