{"id":80325,"date":"2022-11-16T13:13:45","date_gmt":"2022-11-16T12:13:45","guid":{"rendered":"https:\/\/onlinelotto365.com\/?page_id=80325"},"modified":"2022-11-16T13:13:45","modified_gmt":"2022-11-16T12:13:45","slug":"bonoloto","status":"publish","type":"page","link":"https:\/\/onlinelotto365.com\/sl\/kupiti-vstopnice\/bonoloto\/","title":{"rendered":"Kako kupiti vstopnice BonoLoto na spletu"},"content":{"rendered":"<p>\u010ce \u017eivite v Sloveniji in \u017eelite izvedeti, kako igrati BonoLoto na spletu in kako priti do vstopnic, ste na pravem mestu. Pomagamo vam lahko pri celotnem postopku, ki bo veliko la\u017eji, kot si morda mislite. Vse, kar morate storiti, je, da sledite korakom, ki smo jih opisali spodaj.<br \/>\n<a href=\"https:\/\/redfoxlotto.com\/play\/bonoloto\/?ref=a8564250a2&amp;medium=ol365\" target=\"_blank\" rel=\"noopener noreferrer\"><img decoding=\"async\" class=\"aligncenter\" src=\"https:\/\/redfoxlotto.com\/image?size=8&amp;lottery=bonoloto\" alt=\"BonoLoto\" \/><\/a><\/p>\n<ul>\n<li>Pojdite na stran za igro loto, ki jo \u017eelite igrati, na primer BonoLoto. Nato izberite vse \u017eelene sre\u010dke, vklju\u010dno s \u0161tevilkami, ki jih \u017eelite igrati.<\/li>\n<li>Dodajte dodatne sre\u010dke za BonoLoto ali za druge igre v svoje naro\u010dilo, dokler niste pripravljeni na blagajno.<\/li>\n<li>Izberite gumb za pla\u010dilo<\/li>\n<li>Prijavite se v svoj ra\u010dun ali izberite mo\u017enost za ustvarjanje povsem novega ra\u010duna in opravite postopek prijave.<\/li>\n<li>\u010ce ustvarjate nov ra\u010dun, boste morali iti v svojo e-po\u0161to, da bi dobili povezavo za preverjanje, ki vam bo omogo\u010dila dokon\u010danje postopka.<\/li>\n<li>\u010ce povezave ne prejmete, preverite mapo za ne\u017eeleno po\u0161to, da vidite, ali se je prikazala v njej namesto v obi\u010dajnem po\u0161tnem predalu.<\/li>\n<li>Pojdite na blagajni\u0161ko stran na spletnem mestu in za\u010dnite postopek pla\u010dila.<\/li>\n<li>Izberite na\u010din pla\u010dila in dokon\u010dajte postopek oddaje.<\/li>\n<\/ul>\n<h2>Kako pla\u010dati vstopnico za BonoLoto prek spleta<\/h2>\n<p>Na voljo boste imeli veliko razli\u010dnih na\u010dinov pla\u010dila, ki jih lahko uporabite za nakup vstopnic BonoLoto in \u0161e ve\u010d.<br \/>\nZa za\u010detek si vstopnice zagotovite tako, da izberete eno od teh dveh splo\u0161nih mo\u017enosti:<\/p>\n<ul>\n<li>Pla\u010dilo za va\u0161e naro\u010dilo opravite neposredno s kreditno kartico ali finan\u010dnim ra\u010dunom<\/li>\n<li>Naka\u017eite denar na svoj igralni ra\u010dun na na\u0161em spletnem mestu in uporabite svoj igralni ra\u010dun za nakup<\/li>\n<\/ul>\n<p>Tisti, ki se odlo\u010dite za nakazilo denarja na svoj igralni ra\u010dun, se prepri\u010dajte, da dodate ve\u010d denarja, kot ga potrebujete za trenutno naro\u010dilo, da ga bomo lahko obdelali.<\/p>\n<h2>Ve\u010d informacij o BonoLoto<\/h2>\n<ul>\n<li>Dr\u017eava: \u0160panija<\/li>\n<li>Glavno obmo\u010dje \u0161tevilk: 49<\/li>\n<li>Izberete: 6<\/li>\n<li>Dnevi \u017erebanja, ure: vsak dan razen ob nedeljah, 21:30 po srednjeevropskem \u010dasu, 21:30 po srednjeevropskem \u010dasu<\/li>\n<li>Najmanj\u0161i dobitek: 400 000<\/li>\n<li>Najve\u010dji dobitek: ni<\/li>\n<li>Verjetnost dobitka: 1 proti 13983816<\/li>\n<li>Verjetnost dobitka iz drugega reda: 1: 1 od 2330636<\/li>\n<li>Verjetnost dobitka v katerem koli razredu: 1 proti 8,43<\/li>\n<li>\u0160tevilo nagradnih stopenj: 6<\/li>\n<\/ul>\n<h2>Prednosti spletnega nakupa sre\u010dk BonoLoto<\/h2>\n<ul>\n<li>Ostanite doma in \u0161e vedno dobite \u017eelene vstopnice iz Slovenije ali katere koli druge dr\u017eave<\/li>\n<li>Izbirate lahko med \u0161iroko paleto razli\u010dnih loterijskih iger z vsega sveta<\/li>\n<li>Z izbiro najbolj\u0161ih glavnih dobitkov si zagotovite bolj\u0161e mo\u017enosti za osvojitev velikih nagrad<\/li>\n<li>Na svoj ra\u010dun naka\u017eite denar za pla\u010dilo vstopnic<\/li>\n<li>Ne skrbite, da bi kdaj znova izgubili sre\u010dko<\/li>\n<li>Nikoli ne zamudite dobitka s takoj\u0161njimi obvestili<\/li>\n<li>Uporabite generator naklju\u010dnih \u0161tevilk, ki bo namesto vas izbral \u0161tevilke<\/li>\n<\/ul>\n<h2>Ali je nakup vstopnic BonoLoto prek spleta zakonit?<\/h2>\n<p>\u010ce ne poznate zakonitosti spletnega lota v dr\u017eavi, v kateri \u017eivite, vas igranje te vrste igre morda nekoliko skrbi. Vendar lahko popolnoma zaupate na\u0161i slu\u017ebi, da vam bo pomagala. Poskrbimo, da so upo\u0161tevani vsi predpisi za dr\u017eavo, iz katere prihaja lotto.<\/p>\n<p>Tako vam v primeru dobitka, vklju\u010dno z glavnim dobitkom, ne bo treba skrbeti, da ga boste lahko zahtevali. Zagotovljeno je, da boste prejeli nagrado, ki ste si jo zaslu\u017eili.<br \/>\nEdino pravilo je, da morate biti stari vsaj 18 let, \u010de \u017eelite igrati.<\/p>\n<h2>Kako prejmem izpla\u010dilo, \u010de osvojim spletni dobitek BonoLoto?<\/h2>\n<p><img loading=\"lazy\" decoding=\"async\" class=\"alignright wp-image-3675\" src=\"https:\/\/onlinelotto365.com\/wp-content\/uploads\/2020\/11\/online_lottery-117-300x217.jpg\" alt=\"nakup vstopnic bonoloto na spletu\" width=\"195\" height=\"141\" srcset=\"https:\/\/onlinelotto365.com\/wp-content\/uploads\/2020\/11\/online_lottery-117-300x217.jpg 300w, https:\/\/onlinelotto365.com\/wp-content\/uploads\/2020\/11\/online_lottery-117.jpg 320w\" sizes=\"auto, (max-width: 195px) 100vw, 195px\" \/><\/p>\n<p>Izpla\u010dila so pomembna, zato \u017eelite biti prepri\u010dani, da boste dobili ves denar, do katerega ste upravi\u010deni. Pri nas to ni te\u017eava, saj vam ne zara\u010dunavamo provizije za vse va\u0161e dobitke. Vse dobitke boste prejeli neposredno na svoj ra\u010dun.<\/p>\n<p>Edini primer, ko celo zara\u010dunamo provizijo, je, \u010de se odlo\u010dite za nakazilo denarja na va\u0161o banko. \u010ce va\u0161a banka za ta prenos zara\u010duna provizijo, jo prenesemo na va\u0161 ra\u010dun.<br \/>\nKo ste upravi\u010deni do pla\u010dila, se zgodi ena od dveh stvari:<\/p>\n<ul>\n<li>\u010ce ste osvojili manj kot 2500 EUR, boste denar dobili na svoj ra\u010dun prakti\u010dno takoj, tako da lahko z njim po\u010dnete, kar \u017eelite.<\/li>\n<li>\u010ce boste osvojili ve\u010d kot 2500 \u20ac, vam bo dobljeni znesek poslan v obliki ban\u010dnega nakazila ali \u010deka. Pri izpolnjevanju obrazca za zahtevek, ki vam ga bo poslalo na\u0161e osebje, lahko izberete, kaj vam bolj ustreza. Tako boste svoj denar prejeli v nekaj dneh.<\/li>\n<\/ul>\n","protected":false},"excerpt":{"rendered":"<p>\u010ce \u017eivite v Sloveniji in \u017eelite izvedeti, kako igrati BonoLoto na spletu in kako priti do vstopnic, ste na pravem mestu. Pomagamo vam lahko pri celotnem postopku, ki bo veliko la\u017eji, kot si morda mislite. Vse, kar morate storiti, je, da sledite korakom, ki smo jih opisali spodaj. Pojdite na stran za igro loto, ki [&hellip;]<\/p>\n","protected":false},"author":1,"featured_media":0,"parent":5679,"menu_order":8,"comment_status":"closed","ping_status":"closed","template":"template-rightsidebar.php","meta":{"_et_pb_use_builder":"","_et_pb_old_content":"","_et_gb_content_width":"","exclude_from_search":false,"footnotes":""},"class_list":["post-80325","page","type-page","status-publish","hentry"],"yoast_head":"<!-- This site is optimized with the Yoast SEO plugin v23.4 - https:\/\/yoast.com\/wordpress\/plugins\/seo\/ -->\n<title>BonoLoto vstopnice na spletu | Kako kupiti vstopnice iz Slovenije<\/title>\n<meta name=\"description\" content=\"Na\u0161a spletna stran omogo\u010da spletni in zakoniti nakup vstopnic za Bonoloto\" \/>\n<meta name=\"robots\" content=\"index, follow, max-snippet:-1, max-image-preview:large, max-video-preview:-1\" \/>\n<link rel=\"canonical\" href=\"https:\/\/onlinelotto365.com\/sl\/kupiti-vstopnice\/bonoloto\/\" \/>\n<meta property=\"og:locale\" content=\"sl_SI\" \/>\n<meta property=\"og:type\" content=\"article\" \/>\n<meta property=\"og:title\" content=\"BonoLoto vstopnice na spletu | Kako kupiti vstopnice iz Slovenije\" \/>\n<meta property=\"og:description\" content=\"Na\u0161a spletna stran omogo\u010da spletni in zakoniti nakup vstopnic za Bonoloto\" \/>\n<meta property=\"og:url\" content=\"https:\/\/onlinelotto365.com\/sl\/kupiti-vstopnice\/bonoloto\/\" \/>\n<meta property=\"og:site_name\" content=\"OnlineLotto365\" \/>\n<meta property=\"og:image\" content=\"https:\/\/redfoxlotto.com\/image?size=8&amp;lottery=bonoloto\" \/>\n<meta name=\"twitter:card\" content=\"summary_large_image\" \/>\n<meta name=\"twitter:label1\" content=\"Est. reading time\" \/>\n\t<meta name=\"twitter:data1\" content=\"4 minute\" \/>\n<script type=\"application\/ld+json\" class=\"yoast-schema-graph\">{\"@context\":\"https:\/\/schema.org\",\"@graph\":[{\"@type\":\"WebPage\",\"@id\":\"https:\/\/onlinelotto365.com\/sl\/kupiti-vstopnice\/bonoloto\/\",\"url\":\"https:\/\/onlinelotto365.com\/sl\/kupiti-vstopnice\/bonoloto\/\",\"name\":\"BonoLoto vstopnice na spletu | Kako kupiti vstopnice iz Slovenije\",\"isPartOf\":{\"@id\":\"https:\/\/onlinelotto365.com\/sl\/#website\"},\"primaryImageOfPage\":{\"@id\":\"https:\/\/onlinelotto365.com\/sl\/kupiti-vstopnice\/bonoloto\/#primaryimage\"},\"image\":{\"@id\":\"https:\/\/onlinelotto365.com\/sl\/kupiti-vstopnice\/bonoloto\/#primaryimage\"},\"thumbnailUrl\":\"https:\/\/redfoxlotto.com\/image?size=8&amp;lottery=bonoloto\",\"datePublished\":\"2022-11-16T12:13:45+00:00\",\"dateModified\":\"2022-11-16T12:13:45+00:00\",\"description\":\"Na\u0161a spletna stran omogo\u010da spletni in zakoniti nakup vstopnic za Bonoloto\",\"breadcrumb\":{\"@id\":\"https:\/\/onlinelotto365.com\/sl\/kupiti-vstopnice\/bonoloto\/#breadcrumb\"},\"inLanguage\":\"sl-SI\",\"potentialAction\":[{\"@type\":\"ReadAction\",\"target\":[\"https:\/\/onlinelotto365.com\/sl\/kupiti-vstopnice\/bonoloto\/\"]}]},{\"@type\":\"ImageObject\",\"inLanguage\":\"sl-SI\",\"@id\":\"https:\/\/onlinelotto365.com\/sl\/kupiti-vstopnice\/bonoloto\/#primaryimage\",\"url\":\"https:\/\/redfoxlotto.com\/image?size=8&amp;lottery=bonoloto\",\"contentUrl\":\"https:\/\/redfoxlotto.com\/image?size=8&amp;lottery=bonoloto\"},{\"@type\":\"BreadcrumbList\",\"@id\":\"https:\/\/onlinelotto365.com\/sl\/kupiti-vstopnice\/bonoloto\/#breadcrumb\",\"itemListElement\":[{\"@type\":\"ListItem\",\"position\":1,\"name\":\"Home\",\"item\":\"https:\/\/onlinelotto365.com\/sl\/\"},{\"@type\":\"ListItem\",\"position\":2,\"name\":\"Zakaj je bolj smiselno kupovati loterijske sre\u010dke prek spleta\",\"item\":\"https:\/\/onlinelotto365.com\/sl\/kupiti-vstopnice\/\"},{\"@type\":\"ListItem\",\"position\":3,\"name\":\"Kako kupiti vstopnice BonoLoto na spletu\"}]},{\"@type\":\"WebSite\",\"@id\":\"https:\/\/onlinelotto365.com\/sl\/#website\",\"url\":\"https:\/\/onlinelotto365.com\/sl\/\",\"name\":\"OnlineLotto365\",\"description\":\"\",\"potentialAction\":[{\"@type\":\"SearchAction\",\"target\":{\"@type\":\"EntryPoint\",\"urlTemplate\":\"https:\/\/onlinelotto365.com\/sl\/?s={search_term_string}\"},\"query-input\":{\"@type\":\"PropertyValueSpecification\",\"valueRequired\":true,\"valueName\":\"search_term_string\"}}],\"inLanguage\":\"sl-SI\"}]}<\/script>\n<!-- \/ Yoast SEO plugin. -->","yoast_head_json":{"title":"BonoLoto vstopnice na spletu | Kako kupiti vstopnice iz Slovenije","description":"Na\u0161a spletna stran omogo\u010da spletni in zakoniti nakup vstopnic za Bonoloto","robots":{"index":"index","follow":"follow","max-snippet":"max-snippet:-1","max-image-preview":"max-image-preview:large","max-video-preview":"max-video-preview:-1"},"canonical":"https:\/\/onlinelotto365.com\/sl\/kupiti-vstopnice\/bonoloto\/","og_locale":"sl_SI","og_type":"article","og_title":"BonoLoto vstopnice na spletu | Kako kupiti vstopnice iz Slovenije","og_description":"Na\u0161a spletna stran omogo\u010da spletni in zakoniti nakup vstopnic za Bonoloto","og_url":"https:\/\/onlinelotto365.com\/sl\/kupiti-vstopnice\/bonoloto\/","og_site_name":"OnlineLotto365","og_image":[{"url":"https:\/\/redfoxlotto.com\/image?size=8&amp;lottery=bonoloto"}],"twitter_card":"summary_large_image","twitter_misc":{"Est. reading time":"4 minute"},"schema":{"@context":"https:\/\/schema.org","@graph":[{"@type":"WebPage","@id":"https:\/\/onlinelotto365.com\/sl\/kupiti-vstopnice\/bonoloto\/","url":"https:\/\/onlinelotto365.com\/sl\/kupiti-vstopnice\/bonoloto\/","name":"BonoLoto vstopnice na spletu | Kako kupiti vstopnice iz Slovenije","isPartOf":{"@id":"https:\/\/onlinelotto365.com\/sl\/#website"},"primaryImageOfPage":{"@id":"https:\/\/onlinelotto365.com\/sl\/kupiti-vstopnice\/bonoloto\/#primaryimage"},"image":{"@id":"https:\/\/onlinelotto365.com\/sl\/kupiti-vstopnice\/bonoloto\/#primaryimage"},"thumbnailUrl":"https:\/\/redfoxlotto.com\/image?size=8&amp;lottery=bonoloto","datePublished":"2022-11-16T12:13:45+00:00","dateModified":"2022-11-16T12:13:45+00:00","description":"Na\u0161a spletna stran omogo\u010da spletni in zakoniti nakup vstopnic za Bonoloto","breadcrumb":{"@id":"https:\/\/onlinelotto365.com\/sl\/kupiti-vstopnice\/bonoloto\/#breadcrumb"},"inLanguage":"sl-SI","potentialAction":[{"@type":"ReadAction","target":["https:\/\/onlinelotto365.com\/sl\/kupiti-vstopnice\/bonoloto\/"]}]},{"@type":"ImageObject","inLanguage":"sl-SI","@id":"https:\/\/onlinelotto365.com\/sl\/kupiti-vstopnice\/bonoloto\/#primaryimage","url":"https:\/\/redfoxlotto.com\/image?size=8&amp;lottery=bonoloto","contentUrl":"https:\/\/redfoxlotto.com\/image?size=8&amp;lottery=bonoloto"},{"@type":"BreadcrumbList","@id":"https:\/\/onlinelotto365.com\/sl\/kupiti-vstopnice\/bonoloto\/#breadcrumb","itemListElement":[{"@type":"ListItem","position":1,"name":"Home","item":"https:\/\/onlinelotto365.com\/sl\/"},{"@type":"ListItem","position":2,"name":"Zakaj je bolj smiselno kupovati loterijske sre\u010dke prek spleta","item":"https:\/\/onlinelotto365.com\/sl\/kupiti-vstopnice\/"},{"@type":"ListItem","position":3,"name":"Kako kupiti vstopnice BonoLoto na spletu"}]},{"@type":"WebSite","@id":"https:\/\/onlinelotto365.com\/sl\/#website","url":"https:\/\/onlinelotto365.com\/sl\/","name":"OnlineLotto365","description":"","potentialAction":[{"@type":"SearchAction","target":{"@type":"EntryPoint","urlTemplate":"https:\/\/onlinelotto365.com\/sl\/?s={search_term_string}"},"query-input":{"@type":"PropertyValueSpecification","valueRequired":true,"valueName":"search_term_string"}}],"inLanguage":"sl-SI"}]}},"_links":{"self":[{"href":"https:\/\/onlinelotto365.com\/sl\/wp-json\/wp\/v2\/pages\/80325","targetHints":{"allow":["GET"]}}],"collection":[{"href":"https:\/\/onlinelotto365.com\/sl\/wp-json\/wp\/v2\/pages"}],"about":[{"href":"https:\/\/onlinelotto365.com\/sl\/wp-json\/wp\/v2\/types\/page"}],"author":[{"embeddable":true,"href":"https:\/\/onlinelotto365.com\/sl\/wp-json\/wp\/v2\/users\/1"}],"replies":[{"embeddable":true,"href":"https:\/\/onlinelotto365.com\/sl\/wp-json\/wp\/v2\/comments?post=80325"}],"version-history":[{"count":0,"href":"https:\/\/onlinelotto365.com\/sl\/wp-json\/wp\/v2\/pages\/80325\/revisions"}],"up":[{"embeddable":true,"href":"https:\/\/onlinelotto365.com\/sl\/wp-json\/wp\/v2\/pages\/5679"}],"wp:attachment":[{"href":"https:\/\/onlinelotto365.com\/sl\/wp-json\/wp\/v2\/media?parent=80325"}],"curies":[{"name":"wp","href":"https:\/\/api.w.org\/{rel}","templated":true}]}}