{"id":80363,"date":"2022-11-17T08:40:42","date_gmt":"2022-11-17T07:40:42","guid":{"rendered":"https:\/\/onlinelotto365.com\/?page_id=80363"},"modified":"2022-11-17T08:40:42","modified_gmt":"2022-11-17T07:40:42","slug":"uk-lottery","status":"publish","type":"page","link":"https:\/\/onlinelotto365.com\/sl\/kupiti-vstopnice\/uk-lottery\/","title":{"rendered":"Kako kupiti UK Loterija vstopnice na spletu"},"content":{"rendered":"<p>\u010ce \u017eelite kupiti sre\u010dke za Loto UK v Sloveniji, vam ni treba skrbeti, saj smo vam celoten postopek pripravili hitro in enostavno. Ogledati si morate le spodnje preproste korake in v hipu boste pripravljeni.<br \/>\n<a href=\"https:\/\/redfoxlotto.com\/play\/lotto-uk\/?ref=a8564250a2&amp;medium=ol365\" target=\"_blank\" rel=\"noopener noreferrer\"><img decoding=\"async\" class=\"aligncenter\" src=\"https:\/\/redfoxlotto.com\/image?size=8&amp;lottery=lotto-uk\" alt=\"uk loterija\" \/><\/a><\/p>\n<ul>\n<li>Pojdite na pravo stran za loterijsko igro, ki jo \u017eelite igrati, na primer Loterijo Velike Britanije. Nato izberite \u0161tevilke, ki jih \u017eelite za svojo sre\u010dko.<\/li>\n<li>Izberite morebitne dodatne loterijske sre\u010dke, ki jih \u017eelite za to ali katero koli drugo loterijsko igro, ki jo boste igrali.<\/li>\n<li>Izberite mo\u017enost za pla\u010dilo vstopnic<\/li>\n<li>Opravite postopek registracije ra\u010duna, \u010de ste nov uporabnik, ali se prijavite v svoj ra\u010dun, \u010de ste \u017ee obstoje\u010di uporabnik<\/li>\n<li>Tisti, ki se morate \u0161e registrirati, boste v nekaj minutah v svoj e-po\u0161tni predal ali mapo za ne\u017eeleno po\u0161to prejeli potrditveno e-po\u0161to<\/li>\n<li>\u010ce v nekaj minutah niste prejeli e-po\u0161tnega sporo\u010dila, preverite mapo za neza\u017eeleno po\u0161to in preverite, ali ste ga prejeli<\/li>\n<li>Vrnite se na spletno mesto in izberite nakupovalno ko\u0161arico za pla\u010dilo vstopnic<\/li>\n<li>Izberite na\u010din pla\u010dila in preberite navodila za pla\u010dilo<\/li>\n<\/ul>\n<h2>Kako pla\u010dati vstopnico za loterijo UK Lottery prek spleta<\/h2>\n<p>Na\u0161im strankam iz Slovenije in od drugod ponujamo ve\u010d razli\u010dnih popolnoma varnih na\u010dinov pla\u010dila. Tako lahko izberete na\u010din, ki vam najbolj ustreza.<br \/>\nIzbirate lahko med dvema razli\u010dnima splo\u0161nima mo\u017enostma pla\u010dila:<\/p>\n<p>Pla\u010dajte vsako naro\u010dilo z izbranim pla\u010dilom.<br \/>\nNaka\u017eite denar na svoj ra\u010dun in ga uporabite za nakup \u017eelenih vstopnic<\/p>\n<p>\u010ce se odlo\u010dite za neposreden prenos denarja na ra\u010dun, poskrbite, da boste vpla\u010dali ve\u010d kot znesek, ki ga potrebujete za vstopnice.<\/p>\n<h2>Ve\u010d informacij o loteriji UK Lottery<\/h2>\n<ul>\n<li>Dr\u017eava: Dr\u017eava: Velika Britanija Loterija<\/li>\n<li>Razpon glavnih \u0161tevilk: 59<\/li>\n<li>Izberete: 6<\/li>\n<li>Dodatne \u0161tevilke:<\/li>\n<li>Izberete:<\/li>\n<li>Iz\u017erebajte dneve, ure: Sreda, sobota, , 19:30 UTC, 19:30 CET<\/li>\n<li>Najni\u017eji glavni dobitek: GBP.<\/li>\n<li>Najvi\u0161ji jackpot: 2,5 milijona evrov: GBP.<\/li>\n<li>Verjetnost dobitka: 1 proti 45057474<\/li>\n<li>Verjetnost dobitka stopnje 2: 1: 1 proti 7509579<\/li>\n<li>Verjetnost dobitka v katerem koli razredu: 1 proti 9,27<\/li>\n<li>\u0160tevilo nagradnih stopenj: 6<\/li>\n<\/ul>\n<h2>Prednosti nakupa loterijskih sre\u010dk v Zdru\u017eenem kraljestvu na spletu<\/h2>\n<ul>\n<li>\u017delene sre\u010dke dobite, ne da bi zapustili dom<\/li>\n<li>Izbirate lahko med \u0161iroko paleto razli\u010dnih loterijskih iger<\/li>\n<li>Z izbiro med razli\u010dnimi igrami si zagotovite najbolj\u0161e mo\u017enosti za velik glavni dobitek<\/li>\n<li>Dodajte denar neposredno na svoj pla\u010dilni ra\u010dun za pla\u010dilo vstopnic<\/li>\n<li>Brez skrbi, da bi \u0161e kdaj izgubili sre\u010dke<\/li>\n<li>Obvestila za dobitke, ki jih po\u0161ljete neposredno vam<\/li>\n<li>Mo\u017enosti enostavnega izbiranja, \u010de ne \u017eelite sami izbirati \u0161tevilk<\/li>\n<\/ul>\n<h2>Ali je zakonito kupiti spletne sre\u010dke za loterijo v Zdru\u017eenem kraljestvu?<\/h2>\n<p>Glede zakonitosti spletnega nakupa sre\u010dk Loterije Velike Britanije iz Slovenije ali na bolj tradicionalen na\u010din ni nobenih pomislekov. Lahko ste prepri\u010dani, da boste ne glede na vse dobili svoje sre\u010dke in da vam ne bo treba skrbeti niti za to, da bi dobili glavni dobitek.<\/p>\n<p>Poskrbeli bomo za to, da boste dobili denar, ne da bi vam bilo treba skrbeti, ali je storitev zakonita glede na dr\u017eavo va\u0161ega prebivali\u0161\u010da. Prepri\u010dajte se le, da ste starej\u0161i od 18 let, \u010de \u017eelite kupiti vstopnice pri nas<\/p>\n<h2>Kako dobim pla\u010dilo, \u010de zmagam na spletni loteriji Zdru\u017eenega kraljestva?<\/h2>\n<p><img loading=\"lazy\" decoding=\"async\" class=\"alignright size-medium wp-image-3655\" src=\"https:\/\/onlinelotto365.com\/wp-content\/uploads\/2020\/11\/online_lottery-59-300x182.jpg\" alt=\"igranje spletne loterije uk loterija\" width=\"300\" height=\"182\" srcset=\"https:\/\/onlinelotto365.com\/wp-content\/uploads\/2020\/11\/online_lottery-59-300x182.jpg 300w, https:\/\/onlinelotto365.com\/wp-content\/uploads\/2020\/11\/online_lottery-59.jpg 320w\" sizes=\"auto, (max-width: 300px) 100vw, 300px\" \/><br \/>\nZavedamo se, da je za vas izpla\u010dilo eden najpomembnej\u0161ih delov, zato \u017eelimo zagotoviti, da je postopek pla\u010dila \u010dim bolj preprost. Poleg tega od va\u0161ega dobitka ne vzamemo nobene provizije, zato dobite vsak del\u010dek dobitka, ki ste ga osvojili. Stro\u0161ke zara\u010dunamo le, \u010de zahtevate ban\u010dno nakazilo in nam banka zara\u010duna provizijo. Ta znesek se lahko prenese na vas.<br \/>\nV nasprotnem primeru si oglejte, kaj se dogaja z va\u0161imi pla\u010dili tukaj:<\/p>\n<ul>\n<li>Pla\u010dila, ni\u017eja od 2500 EUR, bodo samodejno izpla\u010dana na va\u0161 ra\u010dun. Ni\u010d vam ni treba storiti<\/li>\n<li>Za izpla\u010dila nad 2500 EUR bo treba izpolniti obrazec za zahtevek, ki ga lahko predlo\u017eite loterijski komisiji. Tega vam bo poslala na\u0161a slu\u017eba za podporo, v njem pa boste lahko izbrali, ali \u017eelite denar poslati s \u010dekom ali ban\u010dnim nakazilom.<\/li>\n<\/ul>\n","protected":false},"excerpt":{"rendered":"<p>\u010ce \u017eelite kupiti sre\u010dke za Loto UK v Sloveniji, vam ni treba skrbeti, saj smo vam celoten postopek pripravili hitro in enostavno. Ogledati si morate le spodnje preproste korake in v hipu boste pripravljeni. Pojdite na pravo stran za loterijsko igro, ki jo \u017eelite igrati, na primer Loterijo Velike Britanije. Nato izberite \u0161tevilke, ki jih [&hellip;]<\/p>\n","protected":false},"author":1,"featured_media":0,"parent":5679,"menu_order":9,"comment_status":"closed","ping_status":"closed","template":"lotto-uk-info.php","meta":{"_et_pb_use_builder":"","_et_pb_old_content":"","_et_gb_content_width":"","exclude_from_search":false,"footnotes":""},"class_list":["post-80363","page","type-page","status-publish","hentry"],"yoast_head":"<!-- This site is optimized with the Yoast SEO plugin v23.4 - https:\/\/yoast.com\/wordpress\/plugins\/seo\/ -->\n<title>Nakup vstopnic za Loterijo UK na spletu iz Slovenije | Loterija UK info, kako kupiti vstopnice<\/title>\n<meta name=\"description\" content=\"Igralcem lota iz Slovenije omogo\u010damo nakup sre\u010dk za Loterijo Velike Britanije\" \/>\n<meta name=\"robots\" content=\"index, follow, max-snippet:-1, max-image-preview:large, max-video-preview:-1\" \/>\n<link rel=\"canonical\" href=\"https:\/\/onlinelotto365.com\/sl\/kupiti-vstopnice\/uk-lottery\/\" \/>\n<meta property=\"og:locale\" content=\"sl_SI\" \/>\n<meta property=\"og:type\" content=\"article\" \/>\n<meta property=\"og:title\" content=\"Nakup vstopnic za Loterijo UK na spletu iz Slovenije | Loterija UK info, kako kupiti vstopnice\" \/>\n<meta property=\"og:description\" content=\"Igralcem lota iz Slovenije omogo\u010damo nakup sre\u010dk za Loterijo Velike Britanije\" \/>\n<meta property=\"og:url\" content=\"https:\/\/onlinelotto365.com\/sl\/kupiti-vstopnice\/uk-lottery\/\" \/>\n<meta property=\"og:site_name\" content=\"OnlineLotto365\" \/>\n<meta property=\"og:image\" content=\"https:\/\/redfoxlotto.com\/image?size=8&amp;lottery=lotto-uk\" \/>\n<meta name=\"twitter:card\" content=\"summary_large_image\" \/>\n<meta name=\"twitter:label1\" content=\"Est. reading time\" \/>\n\t<meta name=\"twitter:data1\" content=\"4 minute\" \/>\n<script type=\"application\/ld+json\" class=\"yoast-schema-graph\">{\"@context\":\"https:\/\/schema.org\",\"@graph\":[{\"@type\":\"WebPage\",\"@id\":\"https:\/\/onlinelotto365.com\/sl\/kupiti-vstopnice\/uk-lottery\/\",\"url\":\"https:\/\/onlinelotto365.com\/sl\/kupiti-vstopnice\/uk-lottery\/\",\"name\":\"Nakup vstopnic za Loterijo UK na spletu iz Slovenije | Loterija UK info, kako kupiti vstopnice\",\"isPartOf\":{\"@id\":\"https:\/\/onlinelotto365.com\/sl\/#website\"},\"primaryImageOfPage\":{\"@id\":\"https:\/\/onlinelotto365.com\/sl\/kupiti-vstopnice\/uk-lottery\/#primaryimage\"},\"image\":{\"@id\":\"https:\/\/onlinelotto365.com\/sl\/kupiti-vstopnice\/uk-lottery\/#primaryimage\"},\"thumbnailUrl\":\"https:\/\/redfoxlotto.com\/image?size=8&amp;lottery=lotto-uk\",\"datePublished\":\"2022-11-17T07:40:42+00:00\",\"dateModified\":\"2022-11-17T07:40:42+00:00\",\"description\":\"Igralcem lota iz Slovenije omogo\u010damo nakup sre\u010dk za Loterijo Velike Britanije\",\"breadcrumb\":{\"@id\":\"https:\/\/onlinelotto365.com\/sl\/kupiti-vstopnice\/uk-lottery\/#breadcrumb\"},\"inLanguage\":\"sl-SI\",\"potentialAction\":[{\"@type\":\"ReadAction\",\"target\":[\"https:\/\/onlinelotto365.com\/sl\/kupiti-vstopnice\/uk-lottery\/\"]}]},{\"@type\":\"ImageObject\",\"inLanguage\":\"sl-SI\",\"@id\":\"https:\/\/onlinelotto365.com\/sl\/kupiti-vstopnice\/uk-lottery\/#primaryimage\",\"url\":\"https:\/\/redfoxlotto.com\/image?size=8&amp;lottery=lotto-uk\",\"contentUrl\":\"https:\/\/redfoxlotto.com\/image?size=8&amp;lottery=lotto-uk\"},{\"@type\":\"BreadcrumbList\",\"@id\":\"https:\/\/onlinelotto365.com\/sl\/kupiti-vstopnice\/uk-lottery\/#breadcrumb\",\"itemListElement\":[{\"@type\":\"ListItem\",\"position\":1,\"name\":\"Home\",\"item\":\"https:\/\/onlinelotto365.com\/sl\/\"},{\"@type\":\"ListItem\",\"position\":2,\"name\":\"Zakaj je bolj smiselno kupovati loterijske sre\u010dke prek spleta\",\"item\":\"https:\/\/onlinelotto365.com\/sl\/kupiti-vstopnice\/\"},{\"@type\":\"ListItem\",\"position\":3,\"name\":\"Kako kupiti UK Loterija vstopnice na spletu\"}]},{\"@type\":\"WebSite\",\"@id\":\"https:\/\/onlinelotto365.com\/sl\/#website\",\"url\":\"https:\/\/onlinelotto365.com\/sl\/\",\"name\":\"OnlineLotto365\",\"description\":\"\",\"potentialAction\":[{\"@type\":\"SearchAction\",\"target\":{\"@type\":\"EntryPoint\",\"urlTemplate\":\"https:\/\/onlinelotto365.com\/sl\/?s={search_term_string}\"},\"query-input\":{\"@type\":\"PropertyValueSpecification\",\"valueRequired\":true,\"valueName\":\"search_term_string\"}}],\"inLanguage\":\"sl-SI\"}]}<\/script>\n<!-- \/ Yoast SEO plugin. -->","yoast_head_json":{"title":"Nakup vstopnic za Loterijo UK na spletu iz Slovenije | Loterija UK info, kako kupiti vstopnice","description":"Igralcem lota iz Slovenije omogo\u010damo nakup sre\u010dk za Loterijo Velike Britanije","robots":{"index":"index","follow":"follow","max-snippet":"max-snippet:-1","max-image-preview":"max-image-preview:large","max-video-preview":"max-video-preview:-1"},"canonical":"https:\/\/onlinelotto365.com\/sl\/kupiti-vstopnice\/uk-lottery\/","og_locale":"sl_SI","og_type":"article","og_title":"Nakup vstopnic za Loterijo UK na spletu iz Slovenije | Loterija UK info, kako kupiti vstopnice","og_description":"Igralcem lota iz Slovenije omogo\u010damo nakup sre\u010dk za Loterijo Velike Britanije","og_url":"https:\/\/onlinelotto365.com\/sl\/kupiti-vstopnice\/uk-lottery\/","og_site_name":"OnlineLotto365","og_image":[{"url":"https:\/\/redfoxlotto.com\/image?size=8&amp;lottery=lotto-uk"}],"twitter_card":"summary_large_image","twitter_misc":{"Est. reading time":"4 minute"},"schema":{"@context":"https:\/\/schema.org","@graph":[{"@type":"WebPage","@id":"https:\/\/onlinelotto365.com\/sl\/kupiti-vstopnice\/uk-lottery\/","url":"https:\/\/onlinelotto365.com\/sl\/kupiti-vstopnice\/uk-lottery\/","name":"Nakup vstopnic za Loterijo UK na spletu iz Slovenije | Loterija UK info, kako kupiti vstopnice","isPartOf":{"@id":"https:\/\/onlinelotto365.com\/sl\/#website"},"primaryImageOfPage":{"@id":"https:\/\/onlinelotto365.com\/sl\/kupiti-vstopnice\/uk-lottery\/#primaryimage"},"image":{"@id":"https:\/\/onlinelotto365.com\/sl\/kupiti-vstopnice\/uk-lottery\/#primaryimage"},"thumbnailUrl":"https:\/\/redfoxlotto.com\/image?size=8&amp;lottery=lotto-uk","datePublished":"2022-11-17T07:40:42+00:00","dateModified":"2022-11-17T07:40:42+00:00","description":"Igralcem lota iz Slovenije omogo\u010damo nakup sre\u010dk za Loterijo Velike Britanije","breadcrumb":{"@id":"https:\/\/onlinelotto365.com\/sl\/kupiti-vstopnice\/uk-lottery\/#breadcrumb"},"inLanguage":"sl-SI","potentialAction":[{"@type":"ReadAction","target":["https:\/\/onlinelotto365.com\/sl\/kupiti-vstopnice\/uk-lottery\/"]}]},{"@type":"ImageObject","inLanguage":"sl-SI","@id":"https:\/\/onlinelotto365.com\/sl\/kupiti-vstopnice\/uk-lottery\/#primaryimage","url":"https:\/\/redfoxlotto.com\/image?size=8&amp;lottery=lotto-uk","contentUrl":"https:\/\/redfoxlotto.com\/image?size=8&amp;lottery=lotto-uk"},{"@type":"BreadcrumbList","@id":"https:\/\/onlinelotto365.com\/sl\/kupiti-vstopnice\/uk-lottery\/#breadcrumb","itemListElement":[{"@type":"ListItem","position":1,"name":"Home","item":"https:\/\/onlinelotto365.com\/sl\/"},{"@type":"ListItem","position":2,"name":"Zakaj je bolj smiselno kupovati loterijske sre\u010dke prek spleta","item":"https:\/\/onlinelotto365.com\/sl\/kupiti-vstopnice\/"},{"@type":"ListItem","position":3,"name":"Kako kupiti UK Loterija vstopnice na spletu"}]},{"@type":"WebSite","@id":"https:\/\/onlinelotto365.com\/sl\/#website","url":"https:\/\/onlinelotto365.com\/sl\/","name":"OnlineLotto365","description":"","potentialAction":[{"@type":"SearchAction","target":{"@type":"EntryPoint","urlTemplate":"https:\/\/onlinelotto365.com\/sl\/?s={search_term_string}"},"query-input":{"@type":"PropertyValueSpecification","valueRequired":true,"valueName":"search_term_string"}}],"inLanguage":"sl-SI"}]}},"_links":{"self":[{"href":"https:\/\/onlinelotto365.com\/sl\/wp-json\/wp\/v2\/pages\/80363","targetHints":{"allow":["GET"]}}],"collection":[{"href":"https:\/\/onlinelotto365.com\/sl\/wp-json\/wp\/v2\/pages"}],"about":[{"href":"https:\/\/onlinelotto365.com\/sl\/wp-json\/wp\/v2\/types\/page"}],"author":[{"embeddable":true,"href":"https:\/\/onlinelotto365.com\/sl\/wp-json\/wp\/v2\/users\/1"}],"replies":[{"embeddable":true,"href":"https:\/\/onlinelotto365.com\/sl\/wp-json\/wp\/v2\/comments?post=80363"}],"version-history":[{"count":0,"href":"https:\/\/onlinelotto365.com\/sl\/wp-json\/wp\/v2\/pages\/80363\/revisions"}],"up":[{"embeddable":true,"href":"https:\/\/onlinelotto365.com\/sl\/wp-json\/wp\/v2\/pages\/5679"}],"wp:attachment":[{"href":"https:\/\/onlinelotto365.com\/sl\/wp-json\/wp\/v2\/media?parent=80363"}],"curies":[{"name":"wp","href":"https:\/\/api.w.org\/{rel}","templated":true}]}}