{"id":80415,"date":"2022-11-17T12:47:17","date_gmt":"2022-11-17T11:47:17","guid":{"rendered":"https:\/\/onlinelotto365.com\/?page_id=80415"},"modified":"2022-11-17T12:47:17","modified_gmt":"2022-11-17T11:47:17","slug":"set-za-zivljenje","status":"publish","type":"page","link":"https:\/\/onlinelotto365.com\/sl\/kupiti-vstopnice\/set-za-zivljenje\/","title":{"rendered":"Kako kupiti vstopnice Set for life prek spleta"},"content":{"rendered":"<p>\u010ce \u017eelite zdaj kupiti vstopnice Set for Life, morate vedeti, kako to storiti. \u010ce \u017eivite v Sloveniji, je to za vas enostavno in verjetno \u017ee veste, kako priti do vstopnic. Kaj pa igralci lota iz drugih dr\u017eav, na primer iz Avstralije? No, postopek je zelo enostaven in z njim vam lahko pomagamo za\u010deti v zelo kratkem \u010dasu. Slediti morate le korakom, ki smo jih navedli spodaj. Od tam si lahko priskrbite \u017eelene sre\u010dke za naslednje \u017erebanje.<br \/>\n<a href=\"https:\/\/redfoxlotto.com\/play\/set-for-life-uk\/?ref=a8564250a2&amp;medium=ol365\" target=\"_blank\" rel=\"noopener noreferrer\"><img decoding=\"async\" class=\"aligncenter\" src=\"https:\/\/redfoxlotto.com\/image?size=8&amp;lottery=set-for-life-uk\" alt=\"&quot;Set\" \/><\/a><\/p>\n<ul>\n<li>Pojdite na stran za loterijo Set za \u017eivljenje in izberite \u017eeleno \u0161tevilo vstopnic ter \u0161tevilke, ki jih \u017eelite za vsako od teh vstopnic.<\/li>\n<li>Izberite dodatne sre\u010dke za igro Set za \u017eivljenje ali druge loterijske igre, da napolnite ko\u0161arico<\/li>\n<li>Izberite mo\u017enost za pla\u010dilo zdaj<\/li>\n<li>Sledite navodilom za prijavo v svoj ra\u010dun ali postopek ustvarjanja novega ra\u010duna<\/li>\n<li>postopek preverjanja zaklju\u010dite tako, da vstopite v svoj ra\u010dun in kliknete na povezavo v e-po\u0161tnem sporo\u010dilu<\/li>\n<li>\u010ce se e-po\u0161tno sporo\u010dilo ne prika\u017ee v va\u0161em e-po\u0161tnem predalu, preverite mapo za ne\u017eeleno po\u0161to, da se prepri\u010date, da ste ga prejeli<\/li>\n<li>Ko ste preverili svoj ra\u010dun, pojdite v nakupovalno ko\u0161arico na spletnem mestu<\/li>\n<li>Izberite \u017eeleni na\u010din pla\u010dila in opravite postopek pla\u010dila<\/li>\n<\/ul>\n<h2>Kako pla\u010dati vstopnico Set for life prek spleta<\/h2>\n<p>Pri pla\u010devanju vstopnic boste ugotovili, da to ni le preprosto, temve\u010d tudi popolnoma varno in vam ponuja veliko mo\u017enosti.<br \/>\nIzberite, ali \u017eelite vstopnice pla\u010dati z:<\/p>\n<p>z neposrednim nakupom z izbranim na\u010dinom pla\u010dila<br \/>\nz nakazilom denarja na svoj ra\u010dun in z njim opravite nakup<\/p>\n<p>\u010ce se odlo\u010dite za nakazilo denarja na ra\u010dun, poskrbite, da boste vpla\u010dali \u0161e nekaj dodatnega denarja, da bo va\u0161a izbira pla\u010dila uspe\u0161na.<\/p>\n<h2>Ve\u010d informacij o storitvi Set for life<\/h2>\n<ul>\n<li>Dr\u017eava: Slovenija<\/li>\n<li>Glavno obmo\u010dje \u0161tevilk: 45<\/li>\n<li>Izberete: 5<\/li>\n<li>Dodatne \u0161tevilke: 10<\/li>\n<li>Izberete: 1<\/li>\n<li>Dnevi \u017erebanja, ure: Ponedeljek, \u010detrtek, 20:00 GMT, 21:00 CET<\/li>\n<li>Najni\u017eji jackpot: 1:<\/li>\n<li>Najve\u010dji dobitek: 1:<\/li>\n<li>Verjetnost dobitka: 1 proti 15339390<\/li>\n<li>Verjetnost dobitka iz drugega reda: 1: 1 proti 1704377<\/li>\n<li>Verjetnost dobitka v katerem koli razredu: 1 proti 12,4<\/li>\n<li>\u0160tevilo nagradnih stopenj: 8<\/li>\n<\/ul>\n<h2>Prednosti spletnega nakupa sre\u010dk Set for life<\/h2>\n<ul>\n<li>Za nakup vstopnic ne zapustite doma<\/li>\n<li>Niste omejeni na igranje loterij iz Avstralije<\/li>\n<li>Izbirate lahko med razli\u010dnimi loterijami z vsega sveta<\/li>\n<li>Izberite igre z najvi\u0161jimi glavnimi dobitki, da pove\u010date svoje mo\u017enosti<\/li>\n<li>Uporabite stanje na ra\u010dunu za nakup \u017eelenih sre\u010dk<\/li>\n<li>Vedno imejte pregled nad svojimi sre\u010dkami<\/li>\n<li>Prejmite obvestilo, \u010de je va\u0161a sre\u010dka zmagovalna<\/li>\n<li>S hitrimi izbirami ne skrbite z izbiro mo\u017enosti vstopnic<\/li>\n<\/ul>\n<h2>Ali je nakup sre\u010dk Set for life prek spleta zakonit?<\/h2>\n<p>Ni vam treba skrbeti glede zakonitosti nakupa vstopnic prek spleta ali na tradicionalen na\u010din. Lahko se udobno namestite in sprostite ter zaupate, da bomo poskrbeli za upo\u0161tevanje vseh predpisov iz dr\u017eave, iz katere prihajajo te igre. Vse, kar morate storiti, je, da kupite sre\u010dko, mi pa vam zagotavljamo, da boste dobili nagrado, \u010de ste do nje upravi\u010deni, vklju\u010dno z glavnim dobitkom.<br \/>\nZa uporabo na\u0161ega spletnega mesta morate biti stari najmanj 18 let.<\/p>\n<h2>Kako prejmem pla\u010dilo, \u010de na spletu osvojim dobitek Set za \u017eivljenje?<\/h2>\n<p>Ko nekaj osvojite, \u017eelite, da vam izpla\u010damo vsak cent, ki vam pripada, in to\u010dno to tudi storimo. Poskrbimo, da vedno prejmete ves denar brez provizije in brez provizij, ki se zara\u010dunajo va\u0161emu dobitku.<br \/>\nEdini primer, ko morate karkoli pla\u010dati, je, \u010de se odlo\u010dite za ban\u010dno nakazilo. \u010ce nam banka zara\u010duna denar, kar se lahko zgodi pri mednarodnih nakazilih, potem provizijo zara\u010dunamo z va\u0161ega ra\u010duna. To je edini razlog, da od va\u0161ega dobitka karkoli od\u0161tejemo.<br \/>\nIn \u010de zmagate, boste svoj denar prejeli na enega od le nekaj na\u010dinov:<\/p>\n<ul>\n<li>Vsak znesek, ni\u017eji od 2500 EUR, je enostaven, saj bo na\u0161a ekipa za podporo denar nakazala neposredno na va\u0161 ra\u010dun.<\/li>\n<li>Vsak znesek nad 2500 \u20ac bo za vas \u0161e vedno enostaven, saj vam bo na\u0161a ekipa za podporo pomagala pri postopku. Posredovali vam bomo obrazec zahtevka, da ga boste lahko izpolnili in nam sporo\u010dili, ali \u017eelite denar nakazati na svojo banko ali poslati kot \u010dek.<\/li>\n<\/ul>\n","protected":false},"excerpt":{"rendered":"<p>\u010ce \u017eelite zdaj kupiti vstopnice Set for Life, morate vedeti, kako to storiti. \u010ce \u017eivite v Sloveniji, je to za vas enostavno in verjetno \u017ee veste, kako priti do vstopnic. Kaj pa igralci lota iz drugih dr\u017eav, na primer iz Avstralije? No, postopek je zelo enostaven in z njim vam lahko pomagamo za\u010deti v zelo [&hellip;]<\/p>\n","protected":false},"author":1,"featured_media":0,"parent":5679,"menu_order":10,"comment_status":"closed","ping_status":"closed","template":"set-for-life-info.php","meta":{"_et_pb_use_builder":"","_et_pb_old_content":"","_et_gb_content_width":"","exclude_from_search":false,"footnotes":""},"class_list":["post-80415","page","type-page","status-publish","hentry"],"yoast_head":"<!-- This site is optimized with the Yoast SEO plugin v23.4 - https:\/\/yoast.com\/wordpress\/plugins\/seo\/ -->\n<title>Nakup vstopnic za Set for life na spletu iz Avstralije | Set for life loterija info, kako kupiti vstopnice<\/title>\n<meta name=\"description\" content=\"Loterijo Set za \u017eivljenje lahko osvojite iz Avstralije - kupite vstopnice na spletu tukaj\" \/>\n<meta name=\"robots\" content=\"index, follow, max-snippet:-1, max-image-preview:large, max-video-preview:-1\" \/>\n<link rel=\"canonical\" href=\"https:\/\/onlinelotto365.com\/sl\/kupiti-vstopnice\/set-za-zivljenje\/\" \/>\n<meta property=\"og:locale\" content=\"sl_SI\" \/>\n<meta property=\"og:type\" content=\"article\" \/>\n<meta property=\"og:title\" content=\"Nakup vstopnic za Set for life na spletu iz Avstralije | Set for life loterija info, kako kupiti vstopnice\" \/>\n<meta property=\"og:description\" content=\"Loterijo Set za \u017eivljenje lahko osvojite iz Avstralije - kupite vstopnice na spletu tukaj\" \/>\n<meta property=\"og:url\" content=\"https:\/\/onlinelotto365.com\/sl\/kupiti-vstopnice\/set-za-zivljenje\/\" \/>\n<meta property=\"og:site_name\" content=\"OnlineLotto365\" \/>\n<meta property=\"og:image\" content=\"https:\/\/redfoxlotto.com\/image?size=8&amp;lottery=set-for-life-uk\" \/>\n<meta name=\"twitter:card\" content=\"summary_large_image\" \/>\n<meta name=\"twitter:label1\" content=\"Est. reading time\" \/>\n\t<meta name=\"twitter:data1\" content=\"3 minute\" \/>\n<script type=\"application\/ld+json\" class=\"yoast-schema-graph\">{\"@context\":\"https:\/\/schema.org\",\"@graph\":[{\"@type\":\"WebPage\",\"@id\":\"https:\/\/onlinelotto365.com\/sl\/kupiti-vstopnice\/set-za-zivljenje\/\",\"url\":\"https:\/\/onlinelotto365.com\/sl\/kupiti-vstopnice\/set-za-zivljenje\/\",\"name\":\"Nakup vstopnic za Set for life na spletu iz Avstralije | Set for life loterija info, kako kupiti vstopnice\",\"isPartOf\":{\"@id\":\"https:\/\/onlinelotto365.com\/sl\/#website\"},\"primaryImageOfPage\":{\"@id\":\"https:\/\/onlinelotto365.com\/sl\/kupiti-vstopnice\/set-za-zivljenje\/#primaryimage\"},\"image\":{\"@id\":\"https:\/\/onlinelotto365.com\/sl\/kupiti-vstopnice\/set-za-zivljenje\/#primaryimage\"},\"thumbnailUrl\":\"https:\/\/redfoxlotto.com\/image?size=8&amp;lottery=set-for-life-uk\",\"datePublished\":\"2022-11-17T11:47:17+00:00\",\"dateModified\":\"2022-11-17T11:47:17+00:00\",\"description\":\"Loterijo Set za \u017eivljenje lahko osvojite iz Avstralije - kupite vstopnice na spletu tukaj\",\"breadcrumb\":{\"@id\":\"https:\/\/onlinelotto365.com\/sl\/kupiti-vstopnice\/set-za-zivljenje\/#breadcrumb\"},\"inLanguage\":\"sl-SI\",\"potentialAction\":[{\"@type\":\"ReadAction\",\"target\":[\"https:\/\/onlinelotto365.com\/sl\/kupiti-vstopnice\/set-za-zivljenje\/\"]}]},{\"@type\":\"ImageObject\",\"inLanguage\":\"sl-SI\",\"@id\":\"https:\/\/onlinelotto365.com\/sl\/kupiti-vstopnice\/set-za-zivljenje\/#primaryimage\",\"url\":\"https:\/\/redfoxlotto.com\/image?size=8&amp;lottery=set-for-life-uk\",\"contentUrl\":\"https:\/\/redfoxlotto.com\/image?size=8&amp;lottery=set-for-life-uk\"},{\"@type\":\"BreadcrumbList\",\"@id\":\"https:\/\/onlinelotto365.com\/sl\/kupiti-vstopnice\/set-za-zivljenje\/#breadcrumb\",\"itemListElement\":[{\"@type\":\"ListItem\",\"position\":1,\"name\":\"Home\",\"item\":\"https:\/\/onlinelotto365.com\/sl\/\"},{\"@type\":\"ListItem\",\"position\":2,\"name\":\"Zakaj je bolj smiselno kupovati loterijske sre\u010dke prek spleta\",\"item\":\"https:\/\/onlinelotto365.com\/sl\/kupiti-vstopnice\/\"},{\"@type\":\"ListItem\",\"position\":3,\"name\":\"Kako kupiti vstopnice Set for life prek spleta\"}]},{\"@type\":\"WebSite\",\"@id\":\"https:\/\/onlinelotto365.com\/sl\/#website\",\"url\":\"https:\/\/onlinelotto365.com\/sl\/\",\"name\":\"OnlineLotto365\",\"description\":\"\",\"potentialAction\":[{\"@type\":\"SearchAction\",\"target\":{\"@type\":\"EntryPoint\",\"urlTemplate\":\"https:\/\/onlinelotto365.com\/sl\/?s={search_term_string}\"},\"query-input\":{\"@type\":\"PropertyValueSpecification\",\"valueRequired\":true,\"valueName\":\"search_term_string\"}}],\"inLanguage\":\"sl-SI\"}]}<\/script>\n<!-- \/ Yoast SEO plugin. -->","yoast_head_json":{"title":"Nakup vstopnic za Set for life na spletu iz Avstralije | Set for life loterija info, kako kupiti vstopnice","description":"Loterijo Set za \u017eivljenje lahko osvojite iz Avstralije - kupite vstopnice na spletu tukaj","robots":{"index":"index","follow":"follow","max-snippet":"max-snippet:-1","max-image-preview":"max-image-preview:large","max-video-preview":"max-video-preview:-1"},"canonical":"https:\/\/onlinelotto365.com\/sl\/kupiti-vstopnice\/set-za-zivljenje\/","og_locale":"sl_SI","og_type":"article","og_title":"Nakup vstopnic za Set for life na spletu iz Avstralije | Set for life loterija info, kako kupiti vstopnice","og_description":"Loterijo Set za \u017eivljenje lahko osvojite iz Avstralije - kupite vstopnice na spletu tukaj","og_url":"https:\/\/onlinelotto365.com\/sl\/kupiti-vstopnice\/set-za-zivljenje\/","og_site_name":"OnlineLotto365","og_image":[{"url":"https:\/\/redfoxlotto.com\/image?size=8&amp;lottery=set-for-life-uk"}],"twitter_card":"summary_large_image","twitter_misc":{"Est. reading time":"3 minute"},"schema":{"@context":"https:\/\/schema.org","@graph":[{"@type":"WebPage","@id":"https:\/\/onlinelotto365.com\/sl\/kupiti-vstopnice\/set-za-zivljenje\/","url":"https:\/\/onlinelotto365.com\/sl\/kupiti-vstopnice\/set-za-zivljenje\/","name":"Nakup vstopnic za Set for life na spletu iz Avstralije | Set for life loterija info, kako kupiti vstopnice","isPartOf":{"@id":"https:\/\/onlinelotto365.com\/sl\/#website"},"primaryImageOfPage":{"@id":"https:\/\/onlinelotto365.com\/sl\/kupiti-vstopnice\/set-za-zivljenje\/#primaryimage"},"image":{"@id":"https:\/\/onlinelotto365.com\/sl\/kupiti-vstopnice\/set-za-zivljenje\/#primaryimage"},"thumbnailUrl":"https:\/\/redfoxlotto.com\/image?size=8&amp;lottery=set-for-life-uk","datePublished":"2022-11-17T11:47:17+00:00","dateModified":"2022-11-17T11:47:17+00:00","description":"Loterijo Set za \u017eivljenje lahko osvojite iz Avstralije - kupite vstopnice na spletu tukaj","breadcrumb":{"@id":"https:\/\/onlinelotto365.com\/sl\/kupiti-vstopnice\/set-za-zivljenje\/#breadcrumb"},"inLanguage":"sl-SI","potentialAction":[{"@type":"ReadAction","target":["https:\/\/onlinelotto365.com\/sl\/kupiti-vstopnice\/set-za-zivljenje\/"]}]},{"@type":"ImageObject","inLanguage":"sl-SI","@id":"https:\/\/onlinelotto365.com\/sl\/kupiti-vstopnice\/set-za-zivljenje\/#primaryimage","url":"https:\/\/redfoxlotto.com\/image?size=8&amp;lottery=set-for-life-uk","contentUrl":"https:\/\/redfoxlotto.com\/image?size=8&amp;lottery=set-for-life-uk"},{"@type":"BreadcrumbList","@id":"https:\/\/onlinelotto365.com\/sl\/kupiti-vstopnice\/set-za-zivljenje\/#breadcrumb","itemListElement":[{"@type":"ListItem","position":1,"name":"Home","item":"https:\/\/onlinelotto365.com\/sl\/"},{"@type":"ListItem","position":2,"name":"Zakaj je bolj smiselno kupovati loterijske sre\u010dke prek spleta","item":"https:\/\/onlinelotto365.com\/sl\/kupiti-vstopnice\/"},{"@type":"ListItem","position":3,"name":"Kako kupiti vstopnice Set for life prek spleta"}]},{"@type":"WebSite","@id":"https:\/\/onlinelotto365.com\/sl\/#website","url":"https:\/\/onlinelotto365.com\/sl\/","name":"OnlineLotto365","description":"","potentialAction":[{"@type":"SearchAction","target":{"@type":"EntryPoint","urlTemplate":"https:\/\/onlinelotto365.com\/sl\/?s={search_term_string}"},"query-input":{"@type":"PropertyValueSpecification","valueRequired":true,"valueName":"search_term_string"}}],"inLanguage":"sl-SI"}]}},"_links":{"self":[{"href":"https:\/\/onlinelotto365.com\/sl\/wp-json\/wp\/v2\/pages\/80415","targetHints":{"allow":["GET"]}}],"collection":[{"href":"https:\/\/onlinelotto365.com\/sl\/wp-json\/wp\/v2\/pages"}],"about":[{"href":"https:\/\/onlinelotto365.com\/sl\/wp-json\/wp\/v2\/types\/page"}],"author":[{"embeddable":true,"href":"https:\/\/onlinelotto365.com\/sl\/wp-json\/wp\/v2\/users\/1"}],"replies":[{"embeddable":true,"href":"https:\/\/onlinelotto365.com\/sl\/wp-json\/wp\/v2\/comments?post=80415"}],"version-history":[{"count":0,"href":"https:\/\/onlinelotto365.com\/sl\/wp-json\/wp\/v2\/pages\/80415\/revisions"}],"up":[{"embeddable":true,"href":"https:\/\/onlinelotto365.com\/sl\/wp-json\/wp\/v2\/pages\/5679"}],"wp:attachment":[{"href":"https:\/\/onlinelotto365.com\/sl\/wp-json\/wp\/v2\/media?parent=80415"}],"curies":[{"name":"wp","href":"https:\/\/api.w.org\/{rel}","templated":true}]}}