{"id":80449,"date":"2022-11-18T08:56:50","date_gmt":"2022-11-18T07:56:50","guid":{"rendered":"https:\/\/onlinelotto365.com\/?page_id=80449"},"modified":"2022-11-18T08:56:50","modified_gmt":"2022-11-18T07:56:50","slug":"german-lotto","status":"publish","type":"page","link":"https:\/\/onlinelotto365.com\/sl\/kupiti-vstopnice\/german-lotto\/","title":{"rendered":"Kako kupiti vstopnice na spletu za nem\u0161ko Lotto"},"content":{"rendered":"<p>Niste povsem prepri\u010dani, kako kupiti nem\u0161ke Lotto vstopnice na spletu? Potem ste pri\u0161li na pravo mesto, saj vas bomo popeljali skozi izjemno preprost postopek, da boste od \u017eelje po vstopnicah v Sloveniji do \u010dakanja na \u017erebanje in preverjanja, ali ste osvojili nekaj velikega.<br \/>\n<a href=\"https:\/\/redfoxlotto.com\/play\/lotto-6aus49\/?ref=a8564250a2&amp;medium=ol365\" target=\"_blank\" rel=\"noopener noreferrer\"><img decoding=\"async\" class=\"aligncenter\" src=\"https:\/\/redfoxlotto.com\/image?size=8&amp;lottery=lotto-6aus49\" alt=\" Nem\u0161ki Lotto 6aus49\" \/><\/a><\/p>\n<ul>\n<li>Pojdite na spletno stran igre loto, ki jo \u017eelite igrati, in izberite \u017eeleno \u0161tevilo sre\u010dk ter \u0161tevilke, ki jih \u017eelite igrati.<\/li>\n<li>Za to igro in za vse druge igre kupite poljubno \u0161tevilo sre\u010dk.<\/li>\n<li>Kliknite gumb za pla\u010dilo<\/li>\n<li>Prijavite se v svoj trenutni ra\u010dun in izvedite pla\u010dilo ali ustvarite nov ra\u010dun in dokon\u010dajte postopek registracije<\/li>\n<li>Tisti, ki morajo ustvariti ra\u010dun, ga morajo tudi potrditi s svojim e-po\u0161tnim ra\u010dunom<\/li>\n<li>Preverite, ali je e-po\u0161tno sporo\u010dilo poslano v mapo prejetih sporo\u010dil in v mapo za ne\u017eeleno po\u0161to, ter kliknite povezavo<\/li>\n<li>Ko potrdite svoj ra\u010dun, pojdite v ko\u0161arico in kupite svoje izdelke<\/li>\n<li>Opravite postopek pla\u010dila v skladu s prilo\u017eenimi navodili<\/li>\n<\/ul>\n<h2>Kako pla\u010dati za svojo nem\u0161ko loterijsko sre\u010dko prek spleta<\/h2>\n<p>Ko je \u010das za pla\u010dilo sre\u010dk, lahko izbirate med ve\u010d razli\u010dnimi popolnoma varnimi na\u010dini pla\u010dila.<br \/>\nVsaka od teh mo\u017enosti spada v eno od dveh razli\u010dnih kategorij:<\/p>\n<p>Pla\u010dajte svoje vstopnice tako, da ob nakupu predlo\u017eite na\u010din pla\u010dila.<br \/>\nPla\u010dajte vstopnice tako, da na svoj igralni ra\u010dun dodate denar in ga uporabite za nakup.<\/p>\n<p>\u010ce dodajate denar na svoj ra\u010dun, se prepri\u010dajte, da ga dodajate toliko, da ve\u010d kot pokrijete stro\u0161ke trenutne transakcije, da bo ta odobrena.<\/p>\n<h2>Ve\u010d informacij o igri German Lotto<\/h2>\n<ul>\n<li>Dr\u017eava: Nem\u010dija<\/li>\n<li>Razpon glavnih \u0161tevilk: 49<\/li>\n<li>Izberete: 6<\/li>\n<li>Dodatna \u0161tevilka bo izbrana samodejno<\/li>\n<li>Dnevi \u017erebanja, ure: Sobota, 20:25 CET, 20:25 CET<\/li>\n<li>Najmanj\u0161i dobitek: 1 milijon EUR<\/li>\n<li>Najve\u010dji dobitek: po 12 \u017erebanjih<\/li>\n<li>Verjetnost dobitka: 1 proti 125854344<\/li>\n<li>Verjetnost dobitka iz drugega reda: 1 proti 13983816<\/li>\n<li>Verjetnost dobitka v katerem koli razredu: 1 proti 31<\/li>\n<li>\u0160tevilo nagradnih stopenj: 9<\/li>\n<\/ul>\n<h2>Prednosti nakupa nem\u0161kih Lotto vstopnic na spletu<\/h2>\n<ul>\n<li>Lestvice lahko kupite kar od doma, kjer vam je udobno<\/li>\n<li>Pridobite vse vrste loterijskih iger, ki jih \u017eelite<\/li>\n<li>S pravilno izbiro iger si zagotovite bolj\u0161e mo\u017enosti za najbolj\u0161e glavne dobitke<\/li>\n<li>Pridobite enostavne mo\u017enosti pla\u010dila z neposrednim dodajanjem denarja na svoj igralni ra\u010dun za nakup<\/li>\n<li>Enostavno shranite vse svoje sre\u010dke za loto.<\/li>\n<li>Prejmite takoj\u0161nje obvestilo o dobitkih<\/li>\n<li>Pridobite mo\u017enosti enostavnega izbiranja, tako da vam ni treba izbirati \u0161tevilk<\/li>\n<\/ul>\n<h2>Ali je nakup nem\u0161kih sre\u010dk Lotto prek spleta zakonit?<\/h2>\n<p>\u010ce ste bili zaskrbljeni glede spletnega nakupa sre\u010dk, ker se nahajate v Sloveniji<br \/>\nin ne poznate pravil, vam ni treba skrbeti. Pomagamo vam lahko odpraviti nekaj skrbi, saj poskrbimo, da so upo\u0161tevani vsi predpisi za dr\u017eavo, iz katere prihaja loterija.<br \/>\nTako se boste po\u010dutili bolj samozavestno, poleg tega pa boste zagotovili, da bo denar, ki ga boste osvojili, zagotovo pri\u0161el neposredno k vam.<br \/>\nEdino pravilo je, da morate biti starej\u0161i od 18 let, \u010de \u017eelite igrati.<\/p>\n<h2>Kako dobim pla\u010dilo, \u010de zmagam na spletni loteriji German Lotto?<\/h2>\n<p><img loading=\"lazy\" decoding=\"async\" class=\"alignright wp-image-3633\" src=\"https:\/\/onlinelotto365.com\/wp-content\/uploads\/2020\/11\/online_lottery-41-300x102.jpg\" alt=\"nem\u0161ki loto na spletu uk\" width=\"376\" height=\"128\" srcset=\"https:\/\/onlinelotto365.com\/wp-content\/uploads\/2020\/11\/online_lottery-41-300x102.jpg 300w, https:\/\/onlinelotto365.com\/wp-content\/uploads\/2020\/11\/online_lottery-41.jpg 593w\" sizes=\"auto, (max-width: 376px) 100vw, 376px\" \/><br \/>\nKo gre za to, da dobite svoj dobitek, \u017ee vemo, da se ne \u017eelite \u017ertvovati. \u017delite dobiti ves denar, do katerega ste upravi\u010deni, in pri tem vam lahko pomagamo. Pravzaprav lahko za\u010dnete takoj, saj od va\u0161ega dobitka ne bomo vzeli provizije.<\/p>\n<p>Prav tako vam ne bomo zara\u010dunali nobenih pristojbin. Tako je, razen \u010de se odlo\u010dite za nakazilo denarja na va\u0161o banko, vam ne bomo zara\u010dunali nobene pristojbine za nobeno na\u0161e dejanje. \u010ce se odlo\u010dite za ban\u010dni prenos, vam zara\u010dunamo pristojbino, ker va\u0161a banka zara\u010duna pristojbino.<\/p>\n<p><strong>Kaj se zgodi, ko zmagate:<\/strong><\/p>\n<ul>\n<li>Za tiste, ki osvojijo manj kot 2500 EUR, vam ni treba storiti ni\u010desar. Za vse poskrbimo mi, tako da denar naka\u017eemo na va\u0161 ra\u010dun.<\/li>\n<li>Za tiste, ki osvojite ve\u010d kot 2500 EUR, boste od na\u0161e ekipe za podporo prejeli obrazec za zahtevek. Na tem obrazcu se boste lahko odlo\u010dili, ali \u017eelite izpla\u010dilo s \u010dekom ali z ban\u010dnim nakazilom. Nato lahko samo sedite in po\u010dakate, da denar v nekaj dneh prispe k vam.<\/li>\n<\/ul>\n<p>&nbsp;<\/p>\n","protected":false},"excerpt":{"rendered":"<p>Niste povsem prepri\u010dani, kako kupiti nem\u0161ke Lotto vstopnice na spletu? Potem ste pri\u0161li na pravo mesto, saj vas bomo popeljali skozi izjemno preprost postopek, da boste od \u017eelje po vstopnicah v Sloveniji do \u010dakanja na \u017erebanje in preverjanja, ali ste osvojili nekaj velikega. Pojdite na spletno stran igre loto, ki jo \u017eelite igrati, in izberite [&hellip;]<\/p>\n","protected":false},"author":1,"featured_media":0,"parent":5679,"menu_order":11,"comment_status":"closed","ping_status":"closed","template":"lotto-german-info.php","meta":{"_et_pb_use_builder":"","_et_pb_old_content":"","_et_gb_content_width":"","exclude_from_search":false,"footnotes":""},"class_list":["post-80449","page","type-page","status-publish","hentry"],"yoast_head":"<!-- This site is optimized with the Yoast SEO plugin v23.4 - https:\/\/yoast.com\/wordpress\/plugins\/seo\/ -->\n<title>Zdaj kupite nem\u0161ke Lotto vstopnice na spletu iz Slovenije<\/title>\n<meta name=\"description\" content=\"\u010ce \u017eivite v Sloveniji, lahko \u0161e vedno kupite spletne sre\u010dke nem\u0161kega lota\" \/>\n<meta name=\"robots\" content=\"index, follow, max-snippet:-1, max-image-preview:large, max-video-preview:-1\" \/>\n<link rel=\"canonical\" href=\"https:\/\/onlinelotto365.com\/sl\/kupiti-vstopnice\/german-lotto\/\" \/>\n<meta property=\"og:locale\" content=\"sl_SI\" \/>\n<meta property=\"og:type\" content=\"article\" \/>\n<meta property=\"og:title\" content=\"Zdaj kupite nem\u0161ke Lotto vstopnice na spletu iz Slovenije\" \/>\n<meta property=\"og:description\" content=\"\u010ce \u017eivite v Sloveniji, lahko \u0161e vedno kupite spletne sre\u010dke nem\u0161kega lota\" \/>\n<meta property=\"og:url\" content=\"https:\/\/onlinelotto365.com\/sl\/kupiti-vstopnice\/german-lotto\/\" \/>\n<meta property=\"og:site_name\" content=\"OnlineLotto365\" \/>\n<meta property=\"og:image\" content=\"https:\/\/redfoxlotto.com\/image?size=8&amp;lottery=lotto-6aus49\" \/>\n<meta name=\"twitter:card\" content=\"summary_large_image\" \/>\n<meta name=\"twitter:label1\" content=\"Est. reading time\" \/>\n\t<meta name=\"twitter:data1\" content=\"4 minute\" \/>\n<script type=\"application\/ld+json\" class=\"yoast-schema-graph\">{\"@context\":\"https:\/\/schema.org\",\"@graph\":[{\"@type\":\"WebPage\",\"@id\":\"https:\/\/onlinelotto365.com\/sl\/kupiti-vstopnice\/german-lotto\/\",\"url\":\"https:\/\/onlinelotto365.com\/sl\/kupiti-vstopnice\/german-lotto\/\",\"name\":\"Zdaj kupite nem\u0161ke Lotto vstopnice na spletu iz Slovenije\",\"isPartOf\":{\"@id\":\"https:\/\/onlinelotto365.com\/sl\/#website\"},\"primaryImageOfPage\":{\"@id\":\"https:\/\/onlinelotto365.com\/sl\/kupiti-vstopnice\/german-lotto\/#primaryimage\"},\"image\":{\"@id\":\"https:\/\/onlinelotto365.com\/sl\/kupiti-vstopnice\/german-lotto\/#primaryimage\"},\"thumbnailUrl\":\"https:\/\/redfoxlotto.com\/image?size=8&amp;lottery=lotto-6aus49\",\"datePublished\":\"2022-11-18T07:56:50+00:00\",\"dateModified\":\"2022-11-18T07:56:50+00:00\",\"description\":\"\u010ce \u017eivite v Sloveniji, lahko \u0161e vedno kupite spletne sre\u010dke nem\u0161kega lota\",\"breadcrumb\":{\"@id\":\"https:\/\/onlinelotto365.com\/sl\/kupiti-vstopnice\/german-lotto\/#breadcrumb\"},\"inLanguage\":\"sl-SI\",\"potentialAction\":[{\"@type\":\"ReadAction\",\"target\":[\"https:\/\/onlinelotto365.com\/sl\/kupiti-vstopnice\/german-lotto\/\"]}]},{\"@type\":\"ImageObject\",\"inLanguage\":\"sl-SI\",\"@id\":\"https:\/\/onlinelotto365.com\/sl\/kupiti-vstopnice\/german-lotto\/#primaryimage\",\"url\":\"https:\/\/redfoxlotto.com\/image?size=8&amp;lottery=lotto-6aus49\",\"contentUrl\":\"https:\/\/redfoxlotto.com\/image?size=8&amp;lottery=lotto-6aus49\"},{\"@type\":\"BreadcrumbList\",\"@id\":\"https:\/\/onlinelotto365.com\/sl\/kupiti-vstopnice\/german-lotto\/#breadcrumb\",\"itemListElement\":[{\"@type\":\"ListItem\",\"position\":1,\"name\":\"Home\",\"item\":\"https:\/\/onlinelotto365.com\/sl\/\"},{\"@type\":\"ListItem\",\"position\":2,\"name\":\"Zakaj je bolj smiselno kupovati loterijske sre\u010dke prek spleta\",\"item\":\"https:\/\/onlinelotto365.com\/sl\/kupiti-vstopnice\/\"},{\"@type\":\"ListItem\",\"position\":3,\"name\":\"Kako kupiti vstopnice na spletu za nem\u0161ko Lotto\"}]},{\"@type\":\"WebSite\",\"@id\":\"https:\/\/onlinelotto365.com\/sl\/#website\",\"url\":\"https:\/\/onlinelotto365.com\/sl\/\",\"name\":\"OnlineLotto365\",\"description\":\"\",\"potentialAction\":[{\"@type\":\"SearchAction\",\"target\":{\"@type\":\"EntryPoint\",\"urlTemplate\":\"https:\/\/onlinelotto365.com\/sl\/?s={search_term_string}\"},\"query-input\":{\"@type\":\"PropertyValueSpecification\",\"valueRequired\":true,\"valueName\":\"search_term_string\"}}],\"inLanguage\":\"sl-SI\"}]}<\/script>\n<!-- \/ Yoast SEO plugin. -->","yoast_head_json":{"title":"Zdaj kupite nem\u0161ke Lotto vstopnice na spletu iz Slovenije","description":"\u010ce \u017eivite v Sloveniji, lahko \u0161e vedno kupite spletne sre\u010dke nem\u0161kega lota","robots":{"index":"index","follow":"follow","max-snippet":"max-snippet:-1","max-image-preview":"max-image-preview:large","max-video-preview":"max-video-preview:-1"},"canonical":"https:\/\/onlinelotto365.com\/sl\/kupiti-vstopnice\/german-lotto\/","og_locale":"sl_SI","og_type":"article","og_title":"Zdaj kupite nem\u0161ke Lotto vstopnice na spletu iz Slovenije","og_description":"\u010ce \u017eivite v Sloveniji, lahko \u0161e vedno kupite spletne sre\u010dke nem\u0161kega lota","og_url":"https:\/\/onlinelotto365.com\/sl\/kupiti-vstopnice\/german-lotto\/","og_site_name":"OnlineLotto365","og_image":[{"url":"https:\/\/redfoxlotto.com\/image?size=8&amp;lottery=lotto-6aus49"}],"twitter_card":"summary_large_image","twitter_misc":{"Est. reading time":"4 minute"},"schema":{"@context":"https:\/\/schema.org","@graph":[{"@type":"WebPage","@id":"https:\/\/onlinelotto365.com\/sl\/kupiti-vstopnice\/german-lotto\/","url":"https:\/\/onlinelotto365.com\/sl\/kupiti-vstopnice\/german-lotto\/","name":"Zdaj kupite nem\u0161ke Lotto vstopnice na spletu iz Slovenije","isPartOf":{"@id":"https:\/\/onlinelotto365.com\/sl\/#website"},"primaryImageOfPage":{"@id":"https:\/\/onlinelotto365.com\/sl\/kupiti-vstopnice\/german-lotto\/#primaryimage"},"image":{"@id":"https:\/\/onlinelotto365.com\/sl\/kupiti-vstopnice\/german-lotto\/#primaryimage"},"thumbnailUrl":"https:\/\/redfoxlotto.com\/image?size=8&amp;lottery=lotto-6aus49","datePublished":"2022-11-18T07:56:50+00:00","dateModified":"2022-11-18T07:56:50+00:00","description":"\u010ce \u017eivite v Sloveniji, lahko \u0161e vedno kupite spletne sre\u010dke nem\u0161kega lota","breadcrumb":{"@id":"https:\/\/onlinelotto365.com\/sl\/kupiti-vstopnice\/german-lotto\/#breadcrumb"},"inLanguage":"sl-SI","potentialAction":[{"@type":"ReadAction","target":["https:\/\/onlinelotto365.com\/sl\/kupiti-vstopnice\/german-lotto\/"]}]},{"@type":"ImageObject","inLanguage":"sl-SI","@id":"https:\/\/onlinelotto365.com\/sl\/kupiti-vstopnice\/german-lotto\/#primaryimage","url":"https:\/\/redfoxlotto.com\/image?size=8&amp;lottery=lotto-6aus49","contentUrl":"https:\/\/redfoxlotto.com\/image?size=8&amp;lottery=lotto-6aus49"},{"@type":"BreadcrumbList","@id":"https:\/\/onlinelotto365.com\/sl\/kupiti-vstopnice\/german-lotto\/#breadcrumb","itemListElement":[{"@type":"ListItem","position":1,"name":"Home","item":"https:\/\/onlinelotto365.com\/sl\/"},{"@type":"ListItem","position":2,"name":"Zakaj je bolj smiselno kupovati loterijske sre\u010dke prek spleta","item":"https:\/\/onlinelotto365.com\/sl\/kupiti-vstopnice\/"},{"@type":"ListItem","position":3,"name":"Kako kupiti vstopnice na spletu za nem\u0161ko Lotto"}]},{"@type":"WebSite","@id":"https:\/\/onlinelotto365.com\/sl\/#website","url":"https:\/\/onlinelotto365.com\/sl\/","name":"OnlineLotto365","description":"","potentialAction":[{"@type":"SearchAction","target":{"@type":"EntryPoint","urlTemplate":"https:\/\/onlinelotto365.com\/sl\/?s={search_term_string}"},"query-input":{"@type":"PropertyValueSpecification","valueRequired":true,"valueName":"search_term_string"}}],"inLanguage":"sl-SI"}]}},"_links":{"self":[{"href":"https:\/\/onlinelotto365.com\/sl\/wp-json\/wp\/v2\/pages\/80449","targetHints":{"allow":["GET"]}}],"collection":[{"href":"https:\/\/onlinelotto365.com\/sl\/wp-json\/wp\/v2\/pages"}],"about":[{"href":"https:\/\/onlinelotto365.com\/sl\/wp-json\/wp\/v2\/types\/page"}],"author":[{"embeddable":true,"href":"https:\/\/onlinelotto365.com\/sl\/wp-json\/wp\/v2\/users\/1"}],"replies":[{"embeddable":true,"href":"https:\/\/onlinelotto365.com\/sl\/wp-json\/wp\/v2\/comments?post=80449"}],"version-history":[{"count":0,"href":"https:\/\/onlinelotto365.com\/sl\/wp-json\/wp\/v2\/pages\/80449\/revisions"}],"up":[{"embeddable":true,"href":"https:\/\/onlinelotto365.com\/sl\/wp-json\/wp\/v2\/pages\/5679"}],"wp:attachment":[{"href":"https:\/\/onlinelotto365.com\/sl\/wp-json\/wp\/v2\/media?parent=80449"}],"curies":[{"name":"wp","href":"https:\/\/api.w.org\/{rel}","templated":true}]}}