{"id":80481,"date":"2022-11-18T11:47:05","date_gmt":"2022-11-18T10:47:05","guid":{"rendered":"https:\/\/onlinelotto365.com\/?page_id=80481"},"modified":"2022-11-18T11:47:05","modified_gmt":"2022-11-18T10:47:05","slug":"mega-sena","status":"publish","type":"page","link":"https:\/\/onlinelotto365.com\/sl\/kupiti-vstopnice\/mega-sena\/","title":{"rendered":"Kako kupiti vstopnice Mega-Sena Brazil na spletu"},"content":{"rendered":"<p>Vas zanima, kako lahko dobite vstopnice za Mega-Seno, \u010deprav \u017eivite v Sloveniji ali kateri koli drugi dr\u017eavi zunaj Brazilije? V tem primeru boste \u017eeleli brati \u0161e malo naprej, saj vam lahko pomagamo pri celotnem postopku in poskrbimo, da boste na dobri poti do vstopnic za vse igre, ki jih \u017eelite igrati.<br \/>\n<a href=\"https:\/\/redfoxlotto.com\/play\/mega-sena\/?ref=a8564250a2&amp;medium=ol365\" target=\"_blank\" rel=\"noopener noreferrer\"><img decoding=\"async\" class=\"aligncenter\" src=\"https:\/\/redfoxlotto.com\/image?size=8&amp;lottery=mega-sena\" alt=\"mega-sena\" \/><\/a><\/p>\n<ul>\n<li>Vse, kar morate storiti za za\u010detek, je, da izberete igro, ki jo \u017eelite igrati, in \u0161tevilke vstopnic, ki jih \u017eelite za to igro.<\/li>\n<li>Dodajte poljubno \u0161tevilo vstopnic za to igro ali katero koli drugo igro, ki jo \u017eelite igrati.<\/li>\n<li>Kliknite gumb za za\u010detek postopka oddaje.<\/li>\n<li>Prijavite se v svoj trenutni ra\u010dun ali ustvarite nov ra\u010dun, da boste lahko kupili vstopnice.<\/li>\n<li>\u010ce morate ustvariti nov ra\u010dun, boste morali opraviti postopek registracije. Povezava za preverjanje bo poslana na va\u0161 elektronski naslov.<\/li>\n<li>\u010ce se e-po\u0161tno sporo\u010dilo ne prika\u017ee v va\u0161em po\u0161tnem predalu, preverite mapo za ne\u017eeleno po\u0161to in se prepri\u010dajte, da ste ga prejeli.<\/li>\n<li>Ko ste preverili svoj ra\u010dun, pojdite v nakupovalno ko\u0161arico na spletnem mestu.<\/li>\n<li>Sledite navodilom za pla\u010dilo vstopnic z izbranim na\u010dinom pla\u010dila.<\/li>\n<\/ul>\n<h2>Kako pla\u010dati vstopnico za tekmovanje Mega-Sena prek spleta<\/h2>\n<p>Varno pla\u010devanje vstopnic je za vas pomembno, zato vam to kar najbolj olaj\u0161amo, saj vam ponujamo veliko razli\u010dnih mo\u017enosti neposrednega pla\u010dila, pa tudi sekundarno mo\u017enost nakupa vstopnic. Za\u010deti morate z eno od spodnjih dveh mo\u017enosti.<\/p>\n<p>Neposredno pla\u010dilo z va\u0161im priljubljenim na\u010dinom pla\u010dila<br \/>\nDodajte denar na svoj igralni ra\u010dun, da boste lahko vstopnice kupili neposredno z ra\u010duna.<\/p>\n<p>Poskrbite, da boste na svoj igralni ra\u010dun dodali nekaj ve\u010d, \u010de boste izbrali ta na\u010din. Na ta na\u010din bo stanje na va\u0161em ra\u010dunu omogo\u010dalo pla\u010dilo nakupa.<\/p>\n<h2>Ve\u010d informacij o igri Mega-Sena<\/h2>\n<ul>\n<li>Dr\u017eava: .<\/li>\n<li>Razpon glavnih \u0161tevilk: 60<\/li>\n<li>Izberete: 6<\/li>\n<li>Dnevih, urah \u017erebanja: Sreda, sobota, 20:00 GMT -3, 24:00 CET<\/li>\n<li>Najni\u017eji glavni dobitek: 2 milijona R$.<\/li>\n<li>Najve\u010dji dobitek: ni<\/li>\n<li>Verjetnost dobitka: 1 proti 50063860<\/li>\n<li>Verjetnost dobitka iz drugega reda: 1 od 15451809<\/li>\n<li>Verjetnost dobitka v katerem koli razredu: 1 proti 2297,56<\/li>\n<li>\u0160tevilo nagradnih stopenj: 1: 3<\/li>\n<\/ul>\n<h2>Prednosti spletnega nakupa sre\u010dk Mega-Sena<\/h2>\n<ul>\n<li>Potovanje ni potrebno &#8211; vstopnice kupite kar od doma<\/li>\n<li>Izbirate lahko med razli\u010dnimi loterijskimi igrami<\/li>\n<li>Pridobite najbolj\u0161e mo\u017enosti za zmago v igrah z visokimi glavnimi dobitki<\/li>\n<li>Denar, ki ga lahko uporabite za nakup, polo\u017eite neposredno na svoj ra\u010dun<\/li>\n<li>Enostavno sledite svojim sre\u010dkam<\/li>\n<li>Prejemajte obvestila, kadarkoli zmagate na svojih sre\u010dkah<\/li>\n<li>Uporabite mo\u017enost hitrega izbiranja, da bi dobili sre\u010dke brez izbiranja \u0161tevilk<\/li>\n<\/ul>\n<h2>Ali je nakup sre\u010dk Mega-Sena prek spleta zakonit?<\/h2>\n<p>Veliko ljudi skrbi, ali lahko kupijo sre\u010dke za loto Mega Sena na spletu, ker je Slovenija njihova dr\u017eava prebivali\u0161\u010da. Ali pa morda \u017eivijo v drugi dr\u017eavi, vendar ne v Braziliji. Pomagamo vam odpraviti nekatere skrbi, saj poskrbimo, da vse, kar po\u010dnemo, temelji na predpisih dr\u017eave, v kateri poteka loterija. Tako boste la\u017eje kupili sre\u010dke in se pri tem po\u010dutili udobno. Poleg tega vam zagotavljamo, da boste prejeli ves denar, ki ga osvojite, vklju\u010dno z glavnim dobitkom.<\/p>\n<h2>Kako prejmem pla\u010dilo, \u010de na spletu osvojim dobitek Mega-Sena?<\/h2>\n<p><img loading=\"lazy\" decoding=\"async\" class=\"alignright wp-image-3660\" src=\"https:\/\/onlinelotto365.com\/wp-content\/uploads\/2020\/11\/online_lottery-133-300x212.jpg\" alt=\"mega-sena na spletu Slovenija\" width=\"177\" height=\"125\" srcset=\"https:\/\/onlinelotto365.com\/wp-content\/uploads\/2020\/11\/online_lottery-133-300x212.jpg 300w, https:\/\/onlinelotto365.com\/wp-content\/uploads\/2020\/11\/online_lottery-133.jpg 320w\" sizes=\"auto, (max-width: 177px) 100vw, 177px\" \/><br \/>\nKo gre za izpla\u010dila zmagovalcem, to storimo na najbolj\u0161i na\u010din, in sicer tako, da vam izpla\u010damo vsak cent. Za vsak znesek, ki ga osvojite, ne glede na to, ali gre za majhen dobitek ali celo glavni dobitek, nam ni treba pla\u010dati provizije. Prav tako nam ni treba pla\u010dati nobenih provizij, razen \u010de se odlo\u010dite za ban\u010dno nakazilo.<br \/>\nZ vsemi drugimi na\u010dini pla\u010dila boste prejeli ves denar, ki ste ga osvojili. Pri ban\u010dnih nakazilih v\u010dasih od banke dobimo provizijo, ki se med postopkom nakazila od\u0161teje od va\u0161ega dobitka.<\/p>\n<p><strong>Ko osvojite dobitek, pa morate poznati postopek, ki se zgodi, da dobite denar:<\/strong><\/p>\n<ul>\n<li>\u010ce je dobitek ni\u017eji od 2500 EUR, bo denar nakazan neposredno na ra\u010dun, ne da bi bilo treba kar koli storiti.<\/li>\n<li>Vse, ki bodo osvojili ve\u010d kot 2500 \u20ac, pa bo na\u0161a slu\u017eba za podporo prosila, da izpolnijo obrazec za zahtevek. Tako boste lahko denar prejeli na dva na\u010dina. Izberete lahko \u010dek za celoten znesek ali pa opravite ban\u010dno nakazilo. V vsakem primeru boste v nekaj dneh prejeli denar v katero koli dr\u017eavo, tudi v Slovenijo.<\/li>\n<\/ul>\n","protected":false},"excerpt":{"rendered":"<p>Vas zanima, kako lahko dobite vstopnice za Mega-Seno, \u010deprav \u017eivite v Sloveniji ali kateri koli drugi dr\u017eavi zunaj Brazilije? V tem primeru boste \u017eeleli brati \u0161e malo naprej, saj vam lahko pomagamo pri celotnem postopku in poskrbimo, da boste na dobri poti do vstopnic za vse igre, ki jih \u017eelite igrati. Vse, kar morate storiti [&hellip;]<\/p>\n","protected":false},"author":1,"featured_media":0,"parent":5679,"menu_order":12,"comment_status":"closed","ping_status":"closed","template":"megasena-info.php","meta":{"_et_pb_use_builder":"","_et_pb_old_content":"","_et_gb_content_width":"","exclude_from_search":false,"footnotes":""},"class_list":["post-80481","page","type-page","status-publish","hentry"],"yoast_head":"<!-- This site is optimized with the Yoast SEO plugin v23.4 - https:\/\/yoast.com\/wordpress\/plugins\/seo\/ -->\n<title>Nakup vstopnic za Mega-Sena na spletu iz Slovenije | O Mega-Sena in kako priti do vstopnic<\/title>\n<meta name=\"description\" content=\"To je odli\u010dna loterija iz Brazilije - in zdaj lahko kupite spletne vstopnice\" \/>\n<meta name=\"robots\" content=\"index, follow, max-snippet:-1, max-image-preview:large, max-video-preview:-1\" \/>\n<link rel=\"canonical\" href=\"https:\/\/onlinelotto365.com\/sl\/kupiti-vstopnice\/mega-sena\/\" \/>\n<meta property=\"og:locale\" content=\"sl_SI\" \/>\n<meta property=\"og:type\" content=\"article\" \/>\n<meta property=\"og:title\" content=\"Nakup vstopnic za Mega-Sena na spletu iz Slovenije | O Mega-Sena in kako priti do vstopnic\" \/>\n<meta property=\"og:description\" content=\"To je odli\u010dna loterija iz Brazilije - in zdaj lahko kupite spletne vstopnice\" \/>\n<meta property=\"og:url\" content=\"https:\/\/onlinelotto365.com\/sl\/kupiti-vstopnice\/mega-sena\/\" \/>\n<meta property=\"og:site_name\" content=\"OnlineLotto365\" \/>\n<meta property=\"og:image\" content=\"https:\/\/redfoxlotto.com\/image?size=8&amp;lottery=mega-sena\" \/>\n<meta name=\"twitter:card\" content=\"summary_large_image\" \/>\n<meta name=\"twitter:label1\" content=\"Est. reading time\" \/>\n\t<meta name=\"twitter:data1\" content=\"4 minute\" \/>\n<script type=\"application\/ld+json\" class=\"yoast-schema-graph\">{\"@context\":\"https:\/\/schema.org\",\"@graph\":[{\"@type\":\"WebPage\",\"@id\":\"https:\/\/onlinelotto365.com\/sl\/kupiti-vstopnice\/mega-sena\/\",\"url\":\"https:\/\/onlinelotto365.com\/sl\/kupiti-vstopnice\/mega-sena\/\",\"name\":\"Nakup vstopnic za Mega-Sena na spletu iz Slovenije | O Mega-Sena in kako priti do vstopnic\",\"isPartOf\":{\"@id\":\"https:\/\/onlinelotto365.com\/sl\/#website\"},\"primaryImageOfPage\":{\"@id\":\"https:\/\/onlinelotto365.com\/sl\/kupiti-vstopnice\/mega-sena\/#primaryimage\"},\"image\":{\"@id\":\"https:\/\/onlinelotto365.com\/sl\/kupiti-vstopnice\/mega-sena\/#primaryimage\"},\"thumbnailUrl\":\"https:\/\/redfoxlotto.com\/image?size=8&amp;lottery=mega-sena\",\"datePublished\":\"2022-11-18T10:47:05+00:00\",\"dateModified\":\"2022-11-18T10:47:05+00:00\",\"description\":\"To je odli\u010dna loterija iz Brazilije - in zdaj lahko kupite spletne vstopnice\",\"breadcrumb\":{\"@id\":\"https:\/\/onlinelotto365.com\/sl\/kupiti-vstopnice\/mega-sena\/#breadcrumb\"},\"inLanguage\":\"sl-SI\",\"potentialAction\":[{\"@type\":\"ReadAction\",\"target\":[\"https:\/\/onlinelotto365.com\/sl\/kupiti-vstopnice\/mega-sena\/\"]}]},{\"@type\":\"ImageObject\",\"inLanguage\":\"sl-SI\",\"@id\":\"https:\/\/onlinelotto365.com\/sl\/kupiti-vstopnice\/mega-sena\/#primaryimage\",\"url\":\"https:\/\/redfoxlotto.com\/image?size=8&amp;lottery=mega-sena\",\"contentUrl\":\"https:\/\/redfoxlotto.com\/image?size=8&amp;lottery=mega-sena\"},{\"@type\":\"BreadcrumbList\",\"@id\":\"https:\/\/onlinelotto365.com\/sl\/kupiti-vstopnice\/mega-sena\/#breadcrumb\",\"itemListElement\":[{\"@type\":\"ListItem\",\"position\":1,\"name\":\"Home\",\"item\":\"https:\/\/onlinelotto365.com\/sl\/\"},{\"@type\":\"ListItem\",\"position\":2,\"name\":\"Zakaj je bolj smiselno kupovati loterijske sre\u010dke prek spleta\",\"item\":\"https:\/\/onlinelotto365.com\/sl\/kupiti-vstopnice\/\"},{\"@type\":\"ListItem\",\"position\":3,\"name\":\"Kako kupiti vstopnice Mega-Sena Brazil na spletu\"}]},{\"@type\":\"WebSite\",\"@id\":\"https:\/\/onlinelotto365.com\/sl\/#website\",\"url\":\"https:\/\/onlinelotto365.com\/sl\/\",\"name\":\"OnlineLotto365\",\"description\":\"\",\"potentialAction\":[{\"@type\":\"SearchAction\",\"target\":{\"@type\":\"EntryPoint\",\"urlTemplate\":\"https:\/\/onlinelotto365.com\/sl\/?s={search_term_string}\"},\"query-input\":{\"@type\":\"PropertyValueSpecification\",\"valueRequired\":true,\"valueName\":\"search_term_string\"}}],\"inLanguage\":\"sl-SI\"}]}<\/script>\n<!-- \/ Yoast SEO plugin. -->","yoast_head_json":{"title":"Nakup vstopnic za Mega-Sena na spletu iz Slovenije | O Mega-Sena in kako priti do vstopnic","description":"To je odli\u010dna loterija iz Brazilije - in zdaj lahko kupite spletne vstopnice","robots":{"index":"index","follow":"follow","max-snippet":"max-snippet:-1","max-image-preview":"max-image-preview:large","max-video-preview":"max-video-preview:-1"},"canonical":"https:\/\/onlinelotto365.com\/sl\/kupiti-vstopnice\/mega-sena\/","og_locale":"sl_SI","og_type":"article","og_title":"Nakup vstopnic za Mega-Sena na spletu iz Slovenije | O Mega-Sena in kako priti do vstopnic","og_description":"To je odli\u010dna loterija iz Brazilije - in zdaj lahko kupite spletne vstopnice","og_url":"https:\/\/onlinelotto365.com\/sl\/kupiti-vstopnice\/mega-sena\/","og_site_name":"OnlineLotto365","og_image":[{"url":"https:\/\/redfoxlotto.com\/image?size=8&amp;lottery=mega-sena"}],"twitter_card":"summary_large_image","twitter_misc":{"Est. reading time":"4 minute"},"schema":{"@context":"https:\/\/schema.org","@graph":[{"@type":"WebPage","@id":"https:\/\/onlinelotto365.com\/sl\/kupiti-vstopnice\/mega-sena\/","url":"https:\/\/onlinelotto365.com\/sl\/kupiti-vstopnice\/mega-sena\/","name":"Nakup vstopnic za Mega-Sena na spletu iz Slovenije | O Mega-Sena in kako priti do vstopnic","isPartOf":{"@id":"https:\/\/onlinelotto365.com\/sl\/#website"},"primaryImageOfPage":{"@id":"https:\/\/onlinelotto365.com\/sl\/kupiti-vstopnice\/mega-sena\/#primaryimage"},"image":{"@id":"https:\/\/onlinelotto365.com\/sl\/kupiti-vstopnice\/mega-sena\/#primaryimage"},"thumbnailUrl":"https:\/\/redfoxlotto.com\/image?size=8&amp;lottery=mega-sena","datePublished":"2022-11-18T10:47:05+00:00","dateModified":"2022-11-18T10:47:05+00:00","description":"To je odli\u010dna loterija iz Brazilije - in zdaj lahko kupite spletne vstopnice","breadcrumb":{"@id":"https:\/\/onlinelotto365.com\/sl\/kupiti-vstopnice\/mega-sena\/#breadcrumb"},"inLanguage":"sl-SI","potentialAction":[{"@type":"ReadAction","target":["https:\/\/onlinelotto365.com\/sl\/kupiti-vstopnice\/mega-sena\/"]}]},{"@type":"ImageObject","inLanguage":"sl-SI","@id":"https:\/\/onlinelotto365.com\/sl\/kupiti-vstopnice\/mega-sena\/#primaryimage","url":"https:\/\/redfoxlotto.com\/image?size=8&amp;lottery=mega-sena","contentUrl":"https:\/\/redfoxlotto.com\/image?size=8&amp;lottery=mega-sena"},{"@type":"BreadcrumbList","@id":"https:\/\/onlinelotto365.com\/sl\/kupiti-vstopnice\/mega-sena\/#breadcrumb","itemListElement":[{"@type":"ListItem","position":1,"name":"Home","item":"https:\/\/onlinelotto365.com\/sl\/"},{"@type":"ListItem","position":2,"name":"Zakaj je bolj smiselno kupovati loterijske sre\u010dke prek spleta","item":"https:\/\/onlinelotto365.com\/sl\/kupiti-vstopnice\/"},{"@type":"ListItem","position":3,"name":"Kako kupiti vstopnice Mega-Sena Brazil na spletu"}]},{"@type":"WebSite","@id":"https:\/\/onlinelotto365.com\/sl\/#website","url":"https:\/\/onlinelotto365.com\/sl\/","name":"OnlineLotto365","description":"","potentialAction":[{"@type":"SearchAction","target":{"@type":"EntryPoint","urlTemplate":"https:\/\/onlinelotto365.com\/sl\/?s={search_term_string}"},"query-input":{"@type":"PropertyValueSpecification","valueRequired":true,"valueName":"search_term_string"}}],"inLanguage":"sl-SI"}]}},"_links":{"self":[{"href":"https:\/\/onlinelotto365.com\/sl\/wp-json\/wp\/v2\/pages\/80481","targetHints":{"allow":["GET"]}}],"collection":[{"href":"https:\/\/onlinelotto365.com\/sl\/wp-json\/wp\/v2\/pages"}],"about":[{"href":"https:\/\/onlinelotto365.com\/sl\/wp-json\/wp\/v2\/types\/page"}],"author":[{"embeddable":true,"href":"https:\/\/onlinelotto365.com\/sl\/wp-json\/wp\/v2\/users\/1"}],"replies":[{"embeddable":true,"href":"https:\/\/onlinelotto365.com\/sl\/wp-json\/wp\/v2\/comments?post=80481"}],"version-history":[{"count":0,"href":"https:\/\/onlinelotto365.com\/sl\/wp-json\/wp\/v2\/pages\/80481\/revisions"}],"up":[{"embeddable":true,"href":"https:\/\/onlinelotto365.com\/sl\/wp-json\/wp\/v2\/pages\/5679"}],"wp:attachment":[{"href":"https:\/\/onlinelotto365.com\/sl\/wp-json\/wp\/v2\/media?parent=80481"}],"curies":[{"name":"wp","href":"https:\/\/api.w.org\/{rel}","templated":true}]}}