{"id":80521,"date":"2022-11-21T08:40:10","date_gmt":"2022-11-21T07:40:10","guid":{"rendered":"https:\/\/onlinelotto365.com\/?page_id=80521"},"modified":"2022-11-21T08:40:10","modified_gmt":"2022-11-21T07:40:10","slug":"powerball-australia","status":"publish","type":"page","link":"https:\/\/onlinelotto365.com\/sl\/kupiti-vstopnice\/powerball-australia\/","title":{"rendered":"Kako kupiti vstopnice Powerball Australia na spletu"},"content":{"rendered":"<p>\u017delite izvedeti, kako lahko kupite sre\u010dke Powerball Australia prek spleta? Za na\u0161e stranke iz Slovenije in drugih dr\u017eav smo to razdelili na nekaj preprostih korakov, tako da lahko postopek za\u010dnete \u017ee zdaj. To lahko storite veliko hitreje in la\u017eje, kot si morda mislite.<br \/>\n<a href=\"https:\/\/redfoxlotto.com\/play\/powerball-au\/?ref=a8564250a2&amp;medium=ol365\" target=\"_blank\" rel=\"noopener noreferrer\"><img decoding=\"async\" class=\"aligncenter\" src=\"https:\/\/redfoxlotto.com\/image?size=8&amp;lottery=powerball-au\" alt=\"Powerball Avstralija\" \/><\/a><\/p>\n<ul>\n<li>Pojdite na stran Powerball Avstralija in izberite \u017erebanja, ki jih \u017eelite, ter \u0161tevilke za ta \u017erebanja ali pa dovolite, da ra\u010dunalnik izbere namesto vas.<\/li>\n<li>Preden kon\u010date, v naro\u010dilo dodajte poljubno \u0161tevilo sre\u010dk in iger.<\/li>\n<li>Kliknite gumb za pla\u010dilo<\/li>\n<li>Ustvarite ra\u010dun na na\u0161i spletni strani ali se prijavite v svoj trenutni ra\u010dun, \u010de ga \u017ee imate.<\/li>\n<li>Tisti, ki morate ustvariti ra\u010dun, ga boste morali registrirati s svojim e-po\u0161tnim naslovom.<\/li>\n<li>Preverite mapo za ne\u017eeleno po\u0161to in obi\u010dajni po\u0161tni predal za potrditveno e-po\u0161tno sporo\u010dilo.<\/li>\n<li>Pojdite v ko\u0161arico in dokon\u010dajte nakup<\/li>\n<li>Izberite na\u010din pla\u010dila, ki ga \u017eelite uporabiti, in opravite postopek pla\u010dila<\/li>\n<\/ul>\n<h2>Kako pla\u010dati vstopnico Powerball Australia prek spleta<\/h2>\n<p>Izbirate lahko med razli\u010dnimi na\u010dini pla\u010dila, ki so vsi enako varni, kot bi pri\u010dakovali pri spletnem nakupu iz Slovenije.<br \/>\nSvojo vstopnico lahko kupite tako, da:<\/p>\n<p>neposredno pla\u010date naro\u010dilo z \u017eeleno mo\u017enostjo pla\u010dila<br \/>\nZ nakazilom denarja na svoj igralni ra\u010dun in z njim kupite vstopnice<\/p>\n<p>Ne pozabite, da boste morali na svoj igralni ra\u010dun nakazati ve\u010d kot dovolj denarja za nakup \u017eelenih vstopnic, \u010de izberete to mo\u017enost.<\/p>\n<h2>Ve\u010d informacij o igri Powerball Australia<\/h2>\n<ul>\n<li>Dr\u017eava: Avstralija<\/li>\n<li>Razpon glavnih \u0161tevilk: 35<\/li>\n<li>Izberete: 7<\/li>\n<li>Razpon dodatnih \u0161tevilk: 20<\/li>\n<li>Izberete: 1<\/li>\n<li>Dnevi \u017erebanja, ure: \u010cetrtek, 21:30 GMT+11, 10:30 CET<\/li>\n<li>Najmanj\u0161i dobitek: AU$ 3 milijone<\/li>\n<li>Najvi\u0161ji dobitek: AU$ 150 milijonov AU$<\/li>\n<li>Verjetnost dobitka: 1 proti 134490400<\/li>\n<li>Verjetnost dobitka stopnje 2: 1 proti 7078443<\/li>\n<li>Verjetnost dobitka v katerem koli razredu: 1 proti 24,87<\/li>\n<li>\u0160tevilo nagradnih stopenj: 7<\/li>\n<\/ul>\n<h2>Prednosti spletnega nakupa sre\u010dk Powerball Australia<\/h2>\n<ul>\n<li>\u017delene sre\u010dke dobite, ne da bi vam bilo treba zapustiti dom<\/li>\n<li>Kupite sre\u010dke za \u0161tevilne razli\u010dne vrste loterij<\/li>\n<li>Z izbiro najbolj\u0161ih mo\u017enosti si zagotovite bolj\u0161e mo\u017enosti za osvojitev velikega glavnega dobitka<\/li>\n<li>Denar polo\u017eite na svoj ra\u010dun in ga uporabite za nakup sre\u010dk<\/li>\n<li>Ne skrbite, da bi izgubili sre\u010dke<\/li>\n<li>Obvestila, \u010de je va\u0161a sre\u010dka zmagovalna<\/li>\n<li>Z generatorjem \u0161tevilk izberite naklju\u010dne sre\u010dke<\/li>\n<\/ul>\n<h2>Ali je nakup sre\u010dk Powerball Australia prek spleta v Sloveniji zakonit?<\/h2>\n<p>Glede predpisov dr\u017eave, v kateri prebivate, vam ni treba skrbeti za nakup sre\u010dk na spletu ali na tradicionalen na\u010din. Poskrbimo za upo\u0161tevanje predpisov dr\u017eave, v kateri poteka loterija, da boste lahko prejeli svoj dobitek. Tudi \u010de osvojite glavni dobitek, ne boste imeli te\u017eav s prejemom denarja.<br \/>\nVsi, ki uporabljajo na\u0161o storitev, morajo biti stari vsaj 18 let.<\/p>\n<h2>Kako dobim pla\u010dilo, \u010de na spletu osvojim loterijo Powerball Australia?<\/h2>\n<p><img loading=\"lazy\" decoding=\"async\" class=\"alignright wp-image-3631\" src=\"https:\/\/onlinelotto365.com\/wp-content\/uploads\/2020\/11\/online_lottery-40-300x200.jpg\" alt=\"powerball australia na spletu\" width=\"252\" height=\"168\" srcset=\"https:\/\/onlinelotto365.com\/wp-content\/uploads\/2020\/11\/online_lottery-40-300x200.jpg 300w, https:\/\/onlinelotto365.com\/wp-content\/uploads\/2020\/11\/online_lottery-40.jpg 424w\" sizes=\"auto, (max-width: 252px) 100vw, 252px\" \/><br \/>\nVemo, da \u017eelite dobitek prejeti \u010dim prej in da od tega dobitka zagotovo ne \u017eelite nikomur drugemu izpla\u010dati denarja. Zato od va\u0161ega dobitka nikoli ne vzamemo provizije. \u010ce zmagate, dobite denar. Edini primer, ko vzamemo provizijo, je, \u010de se odlo\u010dite za nakazilo denarja z ban\u010dnim nakazilom na va\u0161o banko, ki nam zara\u010duna provizijo, ki se prenese na vas.<br \/>\n\u010ce osvojite denar, morate imeti to v mislih:<\/p>\n<ul>\n<li>Zneski, ni\u017eji od 2500 \u20ac, se samodejno izpla\u010dajo na va\u0161 igralni ra\u010dun, ne da bi vam bilo treba kar koli storiti.<\/li>\n<li>Zneski nad 2500 \u20ac se izpla\u010dajo s \u010dekom ali z ban\u010dnim nakazilom, pri \u010demer mora\u0161 izpolniti obrazec, ki ti ga bo poslala ekipa za podporo uporabnikom. Na ta na\u010din lahko denar potrdite prek loterijske komisije.<\/li>\n<\/ul>\n","protected":false},"excerpt":{"rendered":"<p>\u017delite izvedeti, kako lahko kupite sre\u010dke Powerball Australia prek spleta? Za na\u0161e stranke iz Slovenije in drugih dr\u017eav smo to razdelili na nekaj preprostih korakov, tako da lahko postopek za\u010dnete \u017ee zdaj. To lahko storite veliko hitreje in la\u017eje, kot si morda mislite. Pojdite na stran Powerball Avstralija in izberite \u017erebanja, ki jih \u017eelite, ter [&hellip;]<\/p>\n","protected":false},"author":1,"featured_media":0,"parent":5679,"menu_order":13,"comment_status":"closed","ping_status":"closed","template":"powerball-au-info.php","meta":{"_et_pb_use_builder":"","_et_pb_old_content":"","_et_gb_content_width":"","exclude_from_search":false,"footnotes":""},"class_list":["post-80521","page","type-page","status-publish","hentry"],"yoast_head":"<!-- This site is optimized with the Yoast SEO plugin v23.4 - https:\/\/yoast.com\/wordpress\/plugins\/seo\/ -->\n<title>Nakup vstopnic za Powerball Australia iz Slovenije prek spletne storitve<\/title>\n<meta name=\"description\" content=\"Nakup vstopnic Powerball Avstralija prek spleta - omogo\u010damo ga tudi igralcem iz Slovenije\" \/>\n<meta name=\"robots\" content=\"index, follow, max-snippet:-1, max-image-preview:large, max-video-preview:-1\" \/>\n<link rel=\"canonical\" href=\"https:\/\/onlinelotto365.com\/sl\/kupiti-vstopnice\/powerball-australia\/\" \/>\n<meta property=\"og:locale\" content=\"sl_SI\" \/>\n<meta property=\"og:type\" content=\"article\" \/>\n<meta property=\"og:title\" content=\"Nakup vstopnic za Powerball Australia iz Slovenije prek spletne storitve\" \/>\n<meta property=\"og:description\" content=\"Nakup vstopnic Powerball Avstralija prek spleta - omogo\u010damo ga tudi igralcem iz Slovenije\" \/>\n<meta property=\"og:url\" content=\"https:\/\/onlinelotto365.com\/sl\/kupiti-vstopnice\/powerball-australia\/\" \/>\n<meta property=\"og:site_name\" content=\"OnlineLotto365\" \/>\n<meta property=\"og:image\" content=\"https:\/\/redfoxlotto.com\/image?size=8&amp;lottery=powerball-au\" \/>\n<meta name=\"twitter:card\" content=\"summary_large_image\" \/>\n<meta name=\"twitter:label1\" content=\"Est. reading time\" \/>\n\t<meta name=\"twitter:data1\" content=\"3 minute\" \/>\n<script type=\"application\/ld+json\" class=\"yoast-schema-graph\">{\"@context\":\"https:\/\/schema.org\",\"@graph\":[{\"@type\":\"WebPage\",\"@id\":\"https:\/\/onlinelotto365.com\/sl\/kupiti-vstopnice\/powerball-australia\/\",\"url\":\"https:\/\/onlinelotto365.com\/sl\/kupiti-vstopnice\/powerball-australia\/\",\"name\":\"Nakup vstopnic za Powerball Australia iz Slovenije prek spletne storitve\",\"isPartOf\":{\"@id\":\"https:\/\/onlinelotto365.com\/sl\/#website\"},\"primaryImageOfPage\":{\"@id\":\"https:\/\/onlinelotto365.com\/sl\/kupiti-vstopnice\/powerball-australia\/#primaryimage\"},\"image\":{\"@id\":\"https:\/\/onlinelotto365.com\/sl\/kupiti-vstopnice\/powerball-australia\/#primaryimage\"},\"thumbnailUrl\":\"https:\/\/redfoxlotto.com\/image?size=8&amp;lottery=powerball-au\",\"datePublished\":\"2022-11-21T07:40:10+00:00\",\"dateModified\":\"2022-11-21T07:40:10+00:00\",\"description\":\"Nakup vstopnic Powerball Avstralija prek spleta - omogo\u010damo ga tudi igralcem iz Slovenije\",\"breadcrumb\":{\"@id\":\"https:\/\/onlinelotto365.com\/sl\/kupiti-vstopnice\/powerball-australia\/#breadcrumb\"},\"inLanguage\":\"sl-SI\",\"potentialAction\":[{\"@type\":\"ReadAction\",\"target\":[\"https:\/\/onlinelotto365.com\/sl\/kupiti-vstopnice\/powerball-australia\/\"]}]},{\"@type\":\"ImageObject\",\"inLanguage\":\"sl-SI\",\"@id\":\"https:\/\/onlinelotto365.com\/sl\/kupiti-vstopnice\/powerball-australia\/#primaryimage\",\"url\":\"https:\/\/redfoxlotto.com\/image?size=8&amp;lottery=powerball-au\",\"contentUrl\":\"https:\/\/redfoxlotto.com\/image?size=8&amp;lottery=powerball-au\"},{\"@type\":\"BreadcrumbList\",\"@id\":\"https:\/\/onlinelotto365.com\/sl\/kupiti-vstopnice\/powerball-australia\/#breadcrumb\",\"itemListElement\":[{\"@type\":\"ListItem\",\"position\":1,\"name\":\"Home\",\"item\":\"https:\/\/onlinelotto365.com\/sl\/\"},{\"@type\":\"ListItem\",\"position\":2,\"name\":\"Zakaj je bolj smiselno kupovati loterijske sre\u010dke prek spleta\",\"item\":\"https:\/\/onlinelotto365.com\/sl\/kupiti-vstopnice\/\"},{\"@type\":\"ListItem\",\"position\":3,\"name\":\"Kako kupiti vstopnice Powerball Australia na spletu\"}]},{\"@type\":\"WebSite\",\"@id\":\"https:\/\/onlinelotto365.com\/sl\/#website\",\"url\":\"https:\/\/onlinelotto365.com\/sl\/\",\"name\":\"OnlineLotto365\",\"description\":\"\",\"potentialAction\":[{\"@type\":\"SearchAction\",\"target\":{\"@type\":\"EntryPoint\",\"urlTemplate\":\"https:\/\/onlinelotto365.com\/sl\/?s={search_term_string}\"},\"query-input\":{\"@type\":\"PropertyValueSpecification\",\"valueRequired\":true,\"valueName\":\"search_term_string\"}}],\"inLanguage\":\"sl-SI\"}]}<\/script>\n<!-- \/ Yoast SEO plugin. -->","yoast_head_json":{"title":"Nakup vstopnic za Powerball Australia iz Slovenije prek spletne storitve","description":"Nakup vstopnic Powerball Avstralija prek spleta - omogo\u010damo ga tudi igralcem iz Slovenije","robots":{"index":"index","follow":"follow","max-snippet":"max-snippet:-1","max-image-preview":"max-image-preview:large","max-video-preview":"max-video-preview:-1"},"canonical":"https:\/\/onlinelotto365.com\/sl\/kupiti-vstopnice\/powerball-australia\/","og_locale":"sl_SI","og_type":"article","og_title":"Nakup vstopnic za Powerball Australia iz Slovenije prek spletne storitve","og_description":"Nakup vstopnic Powerball Avstralija prek spleta - omogo\u010damo ga tudi igralcem iz Slovenije","og_url":"https:\/\/onlinelotto365.com\/sl\/kupiti-vstopnice\/powerball-australia\/","og_site_name":"OnlineLotto365","og_image":[{"url":"https:\/\/redfoxlotto.com\/image?size=8&amp;lottery=powerball-au"}],"twitter_card":"summary_large_image","twitter_misc":{"Est. reading time":"3 minute"},"schema":{"@context":"https:\/\/schema.org","@graph":[{"@type":"WebPage","@id":"https:\/\/onlinelotto365.com\/sl\/kupiti-vstopnice\/powerball-australia\/","url":"https:\/\/onlinelotto365.com\/sl\/kupiti-vstopnice\/powerball-australia\/","name":"Nakup vstopnic za Powerball Australia iz Slovenije prek spletne storitve","isPartOf":{"@id":"https:\/\/onlinelotto365.com\/sl\/#website"},"primaryImageOfPage":{"@id":"https:\/\/onlinelotto365.com\/sl\/kupiti-vstopnice\/powerball-australia\/#primaryimage"},"image":{"@id":"https:\/\/onlinelotto365.com\/sl\/kupiti-vstopnice\/powerball-australia\/#primaryimage"},"thumbnailUrl":"https:\/\/redfoxlotto.com\/image?size=8&amp;lottery=powerball-au","datePublished":"2022-11-21T07:40:10+00:00","dateModified":"2022-11-21T07:40:10+00:00","description":"Nakup vstopnic Powerball Avstralija prek spleta - omogo\u010damo ga tudi igralcem iz Slovenije","breadcrumb":{"@id":"https:\/\/onlinelotto365.com\/sl\/kupiti-vstopnice\/powerball-australia\/#breadcrumb"},"inLanguage":"sl-SI","potentialAction":[{"@type":"ReadAction","target":["https:\/\/onlinelotto365.com\/sl\/kupiti-vstopnice\/powerball-australia\/"]}]},{"@type":"ImageObject","inLanguage":"sl-SI","@id":"https:\/\/onlinelotto365.com\/sl\/kupiti-vstopnice\/powerball-australia\/#primaryimage","url":"https:\/\/redfoxlotto.com\/image?size=8&amp;lottery=powerball-au","contentUrl":"https:\/\/redfoxlotto.com\/image?size=8&amp;lottery=powerball-au"},{"@type":"BreadcrumbList","@id":"https:\/\/onlinelotto365.com\/sl\/kupiti-vstopnice\/powerball-australia\/#breadcrumb","itemListElement":[{"@type":"ListItem","position":1,"name":"Home","item":"https:\/\/onlinelotto365.com\/sl\/"},{"@type":"ListItem","position":2,"name":"Zakaj je bolj smiselno kupovati loterijske sre\u010dke prek spleta","item":"https:\/\/onlinelotto365.com\/sl\/kupiti-vstopnice\/"},{"@type":"ListItem","position":3,"name":"Kako kupiti vstopnice Powerball Australia na spletu"}]},{"@type":"WebSite","@id":"https:\/\/onlinelotto365.com\/sl\/#website","url":"https:\/\/onlinelotto365.com\/sl\/","name":"OnlineLotto365","description":"","potentialAction":[{"@type":"SearchAction","target":{"@type":"EntryPoint","urlTemplate":"https:\/\/onlinelotto365.com\/sl\/?s={search_term_string}"},"query-input":{"@type":"PropertyValueSpecification","valueRequired":true,"valueName":"search_term_string"}}],"inLanguage":"sl-SI"}]}},"_links":{"self":[{"href":"https:\/\/onlinelotto365.com\/sl\/wp-json\/wp\/v2\/pages\/80521","targetHints":{"allow":["GET"]}}],"collection":[{"href":"https:\/\/onlinelotto365.com\/sl\/wp-json\/wp\/v2\/pages"}],"about":[{"href":"https:\/\/onlinelotto365.com\/sl\/wp-json\/wp\/v2\/types\/page"}],"author":[{"embeddable":true,"href":"https:\/\/onlinelotto365.com\/sl\/wp-json\/wp\/v2\/users\/1"}],"replies":[{"embeddable":true,"href":"https:\/\/onlinelotto365.com\/sl\/wp-json\/wp\/v2\/comments?post=80521"}],"version-history":[{"count":0,"href":"https:\/\/onlinelotto365.com\/sl\/wp-json\/wp\/v2\/pages\/80521\/revisions"}],"up":[{"embeddable":true,"href":"https:\/\/onlinelotto365.com\/sl\/wp-json\/wp\/v2\/pages\/5679"}],"wp:attachment":[{"href":"https:\/\/onlinelotto365.com\/sl\/wp-json\/wp\/v2\/media?parent=80521"}],"curies":[{"name":"wp","href":"https:\/\/api.w.org\/{rel}","templated":true}]}}