{"id":80551,"date":"2022-11-21T12:08:02","date_gmt":"2022-11-21T11:08:02","guid":{"rendered":"https:\/\/onlinelotto365.com\/?page_id=80551"},"modified":"2022-11-21T12:08:02","modified_gmt":"2022-11-21T11:08:02","slug":"oz-lotto","status":"publish","type":"page","link":"https:\/\/onlinelotto365.com\/sl\/kupiti-vstopnice\/oz-lotto\/","title":{"rendered":"Kako kupiti Oz Lotto vstopnice na spletu"},"content":{"rendered":"<p>Imate sre\u010do, saj smo vam predstavili postopek, kaj morate storiti, da bi dobili vstopnice Oz Lotto tukaj in v Sloveniji.<br \/>\ntudi iz Slovenije. Spletni nakup lahko opravite brez te\u017eav, \u010de le sledite tem preprostim korakom, ki smo jih pripravili za vas.<br \/>\n<a href=\"https:\/\/redfoxlotto.com\/play\/oz-lotto\/?ref=a8564250a2&amp;medium=ol365\" target=\"_blank\" rel=\"noopener noreferrer\"><img decoding=\"async\" class=\"aligncenter\" src=\"https:\/\/redfoxlotto.com\/image?size=8&amp;lottery=oz-lotto\" alt=\"Oz Lotto\" \/><\/a><\/p>\n<ul>\n<li>Pojdite na stran za loterijo, ki jo \u017eelite igrati, in izberite \u017eelene \u0161tevilke. Ali pa pustite, da ra\u010dunalnik izbere nekaj \u0161tevilk namesto vas.<\/li>\n<li>Dodajte sre\u010dke za \u0161e ve\u010d loterij in tudi za to igro.<\/li>\n<li>Pla\u010dajte zdaj za svoje vstopnice<\/li>\n<li>Registrirajte nov ra\u010dun ali se prijavite v svoj trenutni ra\u010dun, da bi opravili postopek pla\u010dila<\/li>\n<li>Za ra\u010dune, ki se morajo registrirati, preverite, ali je v va\u0161em e-po\u0161tnem sporo\u010dilu navedena povezava za preverjanje, da lahko za\u010dnete.<\/li>\n<li>\u010ce e-po\u0161tnega sporo\u010dila niste prejeli v obi\u010dajni po\u0161tni predal, poi\u0161\u010dite mapo za ne\u017eeleno po\u0161to in kliknite povezavo za preverjanje<\/li>\n<li>Pojdite v nakupovalno ko\u0161arico in kupite vstopnice<\/li>\n<li>Opravite postopek pla\u010dila in prejmite vstopnice<\/li>\n<\/ul>\n<h2>Kako pla\u010dati za svojo spletno karto Oz Lotto<\/h2>\n<p>Pri pla\u010dilu vstopnic Oz Lotto lahko izbirate med ve\u010d razli\u010dnimi popolnoma varnimi mo\u017enostmi.<br \/>\nVsaka od njih spada v dve razli\u010dni kategoriji:<\/p>\n<p>Pla\u010dajte naro\u010dilo s katerim koli izbranim na\u010dinom pla\u010dila.<br \/>\nnaka\u017eite denar na svoj trenutni igralni ra\u010dun in ga uporabite za nakup<\/p>\n<p>\u010ce nameravate uporabiti svoj igralni ra\u010dun, poskrbite, da vpla\u010date ve\u010d denarja, kot ga potrebujete za nakup.<\/p>\n<h2>Ve\u010d informacij o igri Oz Lotto<\/h2>\n<ul>\n<li>Dr\u017eava: .<\/li>\n<li>Razpon glavnih \u0161tevilk: 45<\/li>\n<li>Izberete: 7<\/li>\n<li>\u017drebanje dni, ur: Torek, 21:30 GMT+11, 10:30 po srednjeevropskem \u010dasu.<\/li>\n<li>Najni\u017eji glavni dobitek: AU$ 2 milijona.<\/li>\n<li>Najvi\u0161ji dobitek: ni<\/li>\n<li>Verjetnost dobitka: 1 proti 45379620<\/li>\n<li>Verjetnost dobitka iz drugega reda: 1 proti 3241401<\/li>\n<li>Verjetnost dobitka v katerem koli razredu: 1 proti 54,59<\/li>\n<li>\u0160tevilo nagradnih stopenj: 7<\/li>\n<\/ul>\n<h2>Prednosti nakupa vstopnic Oz Lotto na spletu<\/h2>\n<ul>\n<li>Za izbiro sre\u010dk vam ni treba zapustiti doma<\/li>\n<li>Izbirate lahko med \u0161tevilnimi razli\u010dnimi mo\u017enostmi<\/li>\n<li>Oglejte si zneske glavnih dobitkov in se odlo\u010dite, katero loterijo \u017eelite kupiti<\/li>\n<li>Dodajte denar neposredno na svoj igralni ra\u010dun in ga uporabite za nakup sre\u010dk<\/li>\n<li>Nikoli ne skrbite, da bi izgubili sre\u010dke<\/li>\n<li>Prejmite obvestila, \u010de kaj osvojite<\/li>\n<li>Uporabite mo\u017enost hitrega izbiranja in si zagotovite vstopnice, ne da bi sami izbirali \u0161tevilke<\/li>\n<\/ul>\n<h2>Ali je zakonito kupiti spletne vstopnice Oz Lotto?<\/h2>\n<p>Morda se vam zdi, da niste prepri\u010dani, ali je v va\u0161i dr\u017eavi prebivali\u0161\u010da dovoljeno kupovati loterijske sre\u010dke prek spleta ali celo na tradicionalen na\u010din. No, ni vam treba skrbeti, ali v Sloveniji<br \/>\nali kje drugje, saj mi poskrbimo za predpise za dr\u017eavo, v kateri se igra igra. Ni vam treba skrbeti, ali je uporaba storitve, ki jo zagotavljamo, zakonita, \u010de ste stari vsaj 18 let. Poskrbeli bomo, da boste dobili pla\u010dilo ne glede na vse.<\/p>\n<h2>Kako dobim pla\u010dilo, \u010de na spletu osvojim igro Oz Lotto?<\/h2>\n<p><img loading=\"lazy\" decoding=\"async\" class=\"alignright wp-image-3659\" src=\"https:\/\/onlinelotto365.com\/wp-content\/uploads\/2020\/11\/online_lottery-4-300x300.jpg\" alt=\"Oz lotto iz Zdru\u017eenega kraljestva\" width=\"246\" height=\"246\" srcset=\"https:\/\/onlinelotto365.com\/wp-content\/uploads\/2020\/11\/online_lottery-4-300x300.jpg 300w, https:\/\/onlinelotto365.com\/wp-content\/uploads\/2020\/11\/online_lottery-4-100x100.jpg 100w, https:\/\/onlinelotto365.com\/wp-content\/uploads\/2020\/11\/online_lottery-4-150x150.jpg 150w, https:\/\/onlinelotto365.com\/wp-content\/uploads\/2020\/11\/online_lottery-4.jpg 320w\" sizes=\"auto, (max-width: 246px) 100vw, 246px\" \/><br \/>\nPla\u010dila so pomemben del procesa, ko gre za va\u0161e igranje loterije. \u017delimo poskrbeti, da dobite ves svoj denar, zato poskrbimo, da vam ne zara\u010dunamo provizije, ko karkoli osvojite.<\/p>\n<p>Prav tako vam ne bomo zara\u010dunali nobenih provizij, razen \u010de se odlo\u010dite za ban\u010dno nakazilo, s katerim boste denar prejeli na svoj ra\u010dun. V tem primeru vam bomo morda zara\u010dunali provizijo v vi\u0161ini, ki jo banka zara\u010duna za nakazilo.<\/p>\n<p><strong>V nasprotnem primeru imejte v mislih naslednje:<\/strong><\/p>\n<ul>\n<li>\u010ce osvojite manj kot 2500 \u20ac, se denar samodejno naka\u017ee na va\u0161 ra\u010dun. Tako vam ne bo treba skrbeti za ni\u010d.<\/li>\n<li>\u010ce boste osvojili ve\u010d kot 2500 EUR, bo denar moral iti po ustreznih kanalih. To pomeni, da boste od nas prejeli e-po\u0161tno sporo\u010dilo o izpolnjevanju obrazca za zahtevek pri loterijski komisiji. Nato bo denar nakazan na va\u0161 ban\u010dni ra\u010dun ali pa vam bo poslan s \u010dekom neposredno na va\u0161 ra\u010dun.<\/li>\n<\/ul>\n","protected":false},"excerpt":{"rendered":"<p>Imate sre\u010do, saj smo vam predstavili postopek, kaj morate storiti, da bi dobili vstopnice Oz Lotto tukaj in v Sloveniji. tudi iz Slovenije. Spletni nakup lahko opravite brez te\u017eav, \u010de le sledite tem preprostim korakom, ki smo jih pripravili za vas. Pojdite na stran za loterijo, ki jo \u017eelite igrati, in izberite \u017eelene \u0161tevilke. Ali [&hellip;]<\/p>\n","protected":false},"author":1,"featured_media":0,"parent":5679,"menu_order":14,"comment_status":"closed","ping_status":"closed","template":"template-rightsidebar.php","meta":{"_et_pb_use_builder":"","_et_pb_old_content":"","_et_gb_content_width":"","exclude_from_search":false,"footnotes":""},"class_list":["post-80551","page","type-page","status-publish","hentry"],"yoast_head":"<!-- This site is optimized with the Yoast SEO plugin v23.4 - https:\/\/yoast.com\/wordpress\/plugins\/seo\/ -->\n<title>Pridobivanje vstopnic za Oz Lotto na spletu iz Slovenije<\/title>\n<meta name=\"description\" content=\"Pridobite vstopnice za avstralski Oz Lotto iz Slovenije\" \/>\n<meta name=\"robots\" content=\"index, follow, max-snippet:-1, max-image-preview:large, max-video-preview:-1\" \/>\n<link rel=\"canonical\" href=\"https:\/\/onlinelotto365.com\/sl\/kupiti-vstopnice\/oz-lotto\/\" \/>\n<meta property=\"og:locale\" content=\"sl_SI\" \/>\n<meta property=\"og:type\" content=\"article\" \/>\n<meta property=\"og:title\" content=\"Pridobivanje vstopnic za Oz Lotto na spletu iz Slovenije\" \/>\n<meta property=\"og:description\" content=\"Pridobite vstopnice za avstralski Oz Lotto iz Slovenije\" \/>\n<meta property=\"og:url\" content=\"https:\/\/onlinelotto365.com\/sl\/kupiti-vstopnice\/oz-lotto\/\" \/>\n<meta property=\"og:site_name\" content=\"OnlineLotto365\" \/>\n<meta property=\"og:image\" content=\"https:\/\/redfoxlotto.com\/image?size=8&amp;lottery=oz-lotto\" \/>\n<meta name=\"twitter:card\" content=\"summary_large_image\" \/>\n<meta name=\"twitter:label1\" content=\"Est. reading time\" \/>\n\t<meta name=\"twitter:data1\" content=\"3 minute\" \/>\n<script type=\"application\/ld+json\" class=\"yoast-schema-graph\">{\"@context\":\"https:\/\/schema.org\",\"@graph\":[{\"@type\":\"WebPage\",\"@id\":\"https:\/\/onlinelotto365.com\/sl\/kupiti-vstopnice\/oz-lotto\/\",\"url\":\"https:\/\/onlinelotto365.com\/sl\/kupiti-vstopnice\/oz-lotto\/\",\"name\":\"Pridobivanje vstopnic za Oz Lotto na spletu iz Slovenije\",\"isPartOf\":{\"@id\":\"https:\/\/onlinelotto365.com\/sl\/#website\"},\"primaryImageOfPage\":{\"@id\":\"https:\/\/onlinelotto365.com\/sl\/kupiti-vstopnice\/oz-lotto\/#primaryimage\"},\"image\":{\"@id\":\"https:\/\/onlinelotto365.com\/sl\/kupiti-vstopnice\/oz-lotto\/#primaryimage\"},\"thumbnailUrl\":\"https:\/\/redfoxlotto.com\/image?size=8&amp;lottery=oz-lotto\",\"datePublished\":\"2022-11-21T11:08:02+00:00\",\"dateModified\":\"2022-11-21T11:08:02+00:00\",\"description\":\"Pridobite vstopnice za avstralski Oz Lotto iz Slovenije\",\"breadcrumb\":{\"@id\":\"https:\/\/onlinelotto365.com\/sl\/kupiti-vstopnice\/oz-lotto\/#breadcrumb\"},\"inLanguage\":\"sl-SI\",\"potentialAction\":[{\"@type\":\"ReadAction\",\"target\":[\"https:\/\/onlinelotto365.com\/sl\/kupiti-vstopnice\/oz-lotto\/\"]}]},{\"@type\":\"ImageObject\",\"inLanguage\":\"sl-SI\",\"@id\":\"https:\/\/onlinelotto365.com\/sl\/kupiti-vstopnice\/oz-lotto\/#primaryimage\",\"url\":\"https:\/\/redfoxlotto.com\/image?size=8&amp;lottery=oz-lotto\",\"contentUrl\":\"https:\/\/redfoxlotto.com\/image?size=8&amp;lottery=oz-lotto\"},{\"@type\":\"BreadcrumbList\",\"@id\":\"https:\/\/onlinelotto365.com\/sl\/kupiti-vstopnice\/oz-lotto\/#breadcrumb\",\"itemListElement\":[{\"@type\":\"ListItem\",\"position\":1,\"name\":\"Home\",\"item\":\"https:\/\/onlinelotto365.com\/sl\/\"},{\"@type\":\"ListItem\",\"position\":2,\"name\":\"Zakaj je bolj smiselno kupovati loterijske sre\u010dke prek spleta\",\"item\":\"https:\/\/onlinelotto365.com\/sl\/kupiti-vstopnice\/\"},{\"@type\":\"ListItem\",\"position\":3,\"name\":\"Kako kupiti Oz Lotto vstopnice na spletu\"}]},{\"@type\":\"WebSite\",\"@id\":\"https:\/\/onlinelotto365.com\/sl\/#website\",\"url\":\"https:\/\/onlinelotto365.com\/sl\/\",\"name\":\"OnlineLotto365\",\"description\":\"\",\"potentialAction\":[{\"@type\":\"SearchAction\",\"target\":{\"@type\":\"EntryPoint\",\"urlTemplate\":\"https:\/\/onlinelotto365.com\/sl\/?s={search_term_string}\"},\"query-input\":{\"@type\":\"PropertyValueSpecification\",\"valueRequired\":true,\"valueName\":\"search_term_string\"}}],\"inLanguage\":\"sl-SI\"}]}<\/script>\n<!-- \/ Yoast SEO plugin. -->","yoast_head_json":{"title":"Pridobivanje vstopnic za Oz Lotto na spletu iz Slovenije","description":"Pridobite vstopnice za avstralski Oz Lotto iz Slovenije","robots":{"index":"index","follow":"follow","max-snippet":"max-snippet:-1","max-image-preview":"max-image-preview:large","max-video-preview":"max-video-preview:-1"},"canonical":"https:\/\/onlinelotto365.com\/sl\/kupiti-vstopnice\/oz-lotto\/","og_locale":"sl_SI","og_type":"article","og_title":"Pridobivanje vstopnic za Oz Lotto na spletu iz Slovenije","og_description":"Pridobite vstopnice za avstralski Oz Lotto iz Slovenije","og_url":"https:\/\/onlinelotto365.com\/sl\/kupiti-vstopnice\/oz-lotto\/","og_site_name":"OnlineLotto365","og_image":[{"url":"https:\/\/redfoxlotto.com\/image?size=8&amp;lottery=oz-lotto"}],"twitter_card":"summary_large_image","twitter_misc":{"Est. reading time":"3 minute"},"schema":{"@context":"https:\/\/schema.org","@graph":[{"@type":"WebPage","@id":"https:\/\/onlinelotto365.com\/sl\/kupiti-vstopnice\/oz-lotto\/","url":"https:\/\/onlinelotto365.com\/sl\/kupiti-vstopnice\/oz-lotto\/","name":"Pridobivanje vstopnic za Oz Lotto na spletu iz Slovenije","isPartOf":{"@id":"https:\/\/onlinelotto365.com\/sl\/#website"},"primaryImageOfPage":{"@id":"https:\/\/onlinelotto365.com\/sl\/kupiti-vstopnice\/oz-lotto\/#primaryimage"},"image":{"@id":"https:\/\/onlinelotto365.com\/sl\/kupiti-vstopnice\/oz-lotto\/#primaryimage"},"thumbnailUrl":"https:\/\/redfoxlotto.com\/image?size=8&amp;lottery=oz-lotto","datePublished":"2022-11-21T11:08:02+00:00","dateModified":"2022-11-21T11:08:02+00:00","description":"Pridobite vstopnice za avstralski Oz Lotto iz Slovenije","breadcrumb":{"@id":"https:\/\/onlinelotto365.com\/sl\/kupiti-vstopnice\/oz-lotto\/#breadcrumb"},"inLanguage":"sl-SI","potentialAction":[{"@type":"ReadAction","target":["https:\/\/onlinelotto365.com\/sl\/kupiti-vstopnice\/oz-lotto\/"]}]},{"@type":"ImageObject","inLanguage":"sl-SI","@id":"https:\/\/onlinelotto365.com\/sl\/kupiti-vstopnice\/oz-lotto\/#primaryimage","url":"https:\/\/redfoxlotto.com\/image?size=8&amp;lottery=oz-lotto","contentUrl":"https:\/\/redfoxlotto.com\/image?size=8&amp;lottery=oz-lotto"},{"@type":"BreadcrumbList","@id":"https:\/\/onlinelotto365.com\/sl\/kupiti-vstopnice\/oz-lotto\/#breadcrumb","itemListElement":[{"@type":"ListItem","position":1,"name":"Home","item":"https:\/\/onlinelotto365.com\/sl\/"},{"@type":"ListItem","position":2,"name":"Zakaj je bolj smiselno kupovati loterijske sre\u010dke prek spleta","item":"https:\/\/onlinelotto365.com\/sl\/kupiti-vstopnice\/"},{"@type":"ListItem","position":3,"name":"Kako kupiti Oz Lotto vstopnice na spletu"}]},{"@type":"WebSite","@id":"https:\/\/onlinelotto365.com\/sl\/#website","url":"https:\/\/onlinelotto365.com\/sl\/","name":"OnlineLotto365","description":"","potentialAction":[{"@type":"SearchAction","target":{"@type":"EntryPoint","urlTemplate":"https:\/\/onlinelotto365.com\/sl\/?s={search_term_string}"},"query-input":{"@type":"PropertyValueSpecification","valueRequired":true,"valueName":"search_term_string"}}],"inLanguage":"sl-SI"}]}},"_links":{"self":[{"href":"https:\/\/onlinelotto365.com\/sl\/wp-json\/wp\/v2\/pages\/80551","targetHints":{"allow":["GET"]}}],"collection":[{"href":"https:\/\/onlinelotto365.com\/sl\/wp-json\/wp\/v2\/pages"}],"about":[{"href":"https:\/\/onlinelotto365.com\/sl\/wp-json\/wp\/v2\/types\/page"}],"author":[{"embeddable":true,"href":"https:\/\/onlinelotto365.com\/sl\/wp-json\/wp\/v2\/users\/1"}],"replies":[{"embeddable":true,"href":"https:\/\/onlinelotto365.com\/sl\/wp-json\/wp\/v2\/comments?post=80551"}],"version-history":[{"count":0,"href":"https:\/\/onlinelotto365.com\/sl\/wp-json\/wp\/v2\/pages\/80551\/revisions"}],"up":[{"embeddable":true,"href":"https:\/\/onlinelotto365.com\/sl\/wp-json\/wp\/v2\/pages\/5679"}],"wp:attachment":[{"href":"https:\/\/onlinelotto365.com\/sl\/wp-json\/wp\/v2\/media?parent=80551"}],"curies":[{"name":"wp","href":"https:\/\/api.w.org\/{rel}","templated":true}]}}