{"id":80612,"date":"2022-11-22T08:29:43","date_gmt":"2022-11-22T07:29:43","guid":{"rendered":"https:\/\/onlinelotto365.com\/?page_id=80612"},"modified":"2022-11-22T09:11:42","modified_gmt":"2022-11-22T08:11:42","slug":"sobota-lotto-australia","status":"publish","type":"page","link":"https:\/\/onlinelotto365.com\/sl\/kupiti-vstopnice\/sobota-lotto-australia\/","title":{"rendered":"Kako kupiti sobota Lotto Avstralija vstopnice na spletu"},"content":{"rendered":"<p>\u010ce \u0161e niste povsem prepri\u010dani, kako kupiti spletne vstopnice Saturday Lotto Australia, si oglejte ta vodnik po korakih, ki vam bo pomagal hitro priti do cilja. Ne bo vam treba skrbeti za ni\u010d, saj vam bomo pri tem pomagali.<\/p>\n<p><a href=\"https:\/\/redfoxlotto.com\/play\/saturday-lotto-au\/?ref=a8564250a2&amp;medium=ol365\" target=\"_blank\" rel=\"noopener noreferrer\"><img decoding=\"async\" class=\"aligncenter\" src=\"https:\/\/redfoxlotto.com\/image?size=8&amp;lottery=saturday-lotto-au\" alt=\"Sobota Lotto Avstralija\" \/><\/a><\/p>\n<ul>\n<li>Pojdite na stran za Saturday Lotto Australia in izberite \u0161tevilke, ki jih \u017eelite igrati na vsaki od svojih vstopnic.<\/li>\n<li>Dodajte ve\u010d sre\u010dk za isto igro ali za razli\u010dne igre<\/li>\n<li>Pojdite na mo\u017enost pla\u010dati zdaj<\/li>\n<li>Prijavite se v svoj trenutni ra\u010dun ali izberite mo\u017enost za registracijo novega ra\u010duna in sledite navodilom<\/li>\n<li>Za nove ra\u010dune preverite svoj e-po\u0161tni predal, ali boste prejeli potrditveno e-po\u0161tno sporo\u010dilo s povezavo za preverjanje.<\/li>\n<li>\u010ce ne vidite potrditvenega e-po\u0161tnega sporo\u010dila, preverite mapo za ne\u017eeleno po\u0161to in kliknite na povezavo<\/li>\n<li>Pojdite v nakupovalno ko\u0161arico<\/li>\n<li>Izberite mo\u017enost pla\u010dila, ki jo \u017eelite uporabiti, in opravite postopek pla\u010dila<\/li>\n<\/ul>\n<h2>Kako pla\u010dati za svojo vstopnico Saturday Lotto Australia na spletu<\/h2>\n<p>Ko ste pripravljeni na nakup naslednjih loterijskih sre\u010dk pri nas iz Slovenije, lahko uporabite eno od \u0161tevilnih razli\u010dnih varnih mo\u017enosti pla\u010dila.<br \/>\nIzberite eno od teh razli\u010dnih mo\u017enosti:<\/p>\n<p>Pla\u010dajte naro\u010dilo neposredno z \u017eeleno pla\u010dilno metodo<br \/>\nNaka\u017eite denar na svoj ra\u010dun in ga uporabite za nakup sre\u010dk<\/p>\n<p>\u010ce se odlo\u010dite, da boste denar polo\u017eili na svoj ra\u010dun, poskrbite, da boste dodali ve\u010d kot dovolj denarja za nakup.<\/p>\n<h2>Ve\u010d informacij o Saturday Lotto Australia<\/h2>\n<ul>\n<li>Dr\u017eava: Avstralija<\/li>\n<li>Razpon glavnih \u0161tevilk: 45<\/li>\n<li>Va\u0161a izbira: 6<\/li>\n<li>Iz\u017erebani dnevi, ure: V soboto, 21:30 GMT+11, 10:30 po srednjeevropskem \u010dasu.<\/li>\n<li>Najni\u017eji glavni dobitek: AU$ 5 milijonov<\/li>\n<li>Najvi\u0161ji dobitek: AU$ 150 milijonov AU$<\/li>\n<li>Verjetnost dobitka: 1 proti 8145060<\/li>\n<li>Verjetnost dobitka stopnje 2: 1 proti 678755<\/li>\n<li>Verjetnost dobitka v katerem koli razredu: 1 proti 85,44<\/li>\n<li>\u0160tevilo nagradnih stopenj: 6<\/li>\n<\/ul>\n<h2>Prednosti nakupa vstopnic Saturday Lotto Australia na spletu<\/h2>\n<ul>\n<li>Pridobite \u017eelene vstopnice in vam ni treba oditi skozi vrata<\/li>\n<li>Izbirate lahko med \u0161tevilnimi razli\u010dnimi loterijskimi igrami<\/li>\n<li>Ve\u010d mo\u017enosti za zmago imate, \u010de se odlo\u010dite za najve\u010dje dobitke<\/li>\n<li>Denar polo\u017eite na ra\u010dun in nato pla\u010dajte vstopnice<\/li>\n<li>Enostavno spremljajte svoje vstopnice<\/li>\n<li>Vsaki\u010d prejmite obvestila o dobitkih<\/li>\n<li>S hitrim izbiranjem lahko dobite sre\u010dke, ne da bi izbirali \u0161tevilke<\/li>\n<\/ul>\n<h2>Ali je zakonito kupiti vstopnice Saturday Lotto Australia na spletu?<\/h2>\n<p>Morda vas skrbi, ali je nakup loterijskih sre\u010dk na ta na\u010din, ko ste prebivalec Slovenije, dejansko zakonit v dr\u017eavi va\u0161ega prebivali\u0161\u010da. No, ni vam treba skrbeti, saj poskrbimo, da je vse zakonito glede na dr\u017eavo, v kateri se kupujejo sre\u010dke, vklju\u010dno z dr\u017eavo, v kateri je sede\u017e loterije. Ni vam treba skrbeti za ni\u010d drugega kot za to, da se prepri\u010date, da ste dovolj stari, da lahko kupite sre\u010dke. Za uporabo na\u0161ega spletnega mesta morate biti stari 18 let.<\/p>\n<h2>Kako dobim pla\u010dilo, \u010de zmagam na spletu Saturday Lotto Australia?<\/h2>\n<p><img loading=\"lazy\" decoding=\"async\" class=\"alignright wp-image-3694\" src=\"https:\/\/onlinelotto365.com\/wp-content\/uploads\/2020\/11\/online_lottery-11-300x300.jpeg\" alt=\"kupiti vstopnice sobota lotto na spletu\" width=\"187\" height=\"187\" srcset=\"https:\/\/onlinelotto365.com\/wp-content\/uploads\/2020\/11\/online_lottery-11-300x300.jpeg 300w, https:\/\/onlinelotto365.com\/wp-content\/uploads\/2020\/11\/online_lottery-11-100x100.jpeg 100w, https:\/\/onlinelotto365.com\/wp-content\/uploads\/2020\/11\/online_lottery-11-150x150.jpeg 150w, https:\/\/onlinelotto365.com\/wp-content\/uploads\/2020\/11\/online_lottery-11.jpeg 480w\" sizes=\"auto, (max-width: 187px) 100vw, 187px\" \/><br \/>\nVemo, da si ne \u017eelite, da bi si kdorkoli vzel dele\u017e va\u0161ega dobitka, zato poskrbimo, da tega ne storimo. Nikoli nam ne boste pla\u010dali provizije, ko boste osvojili svoje najljub\u0161e loterijske igre. Prav tako vam ni treba skrbeti, da bi nam pla\u010dali provizijo od dobitkov.<\/p>\n<p>Provizijo boste pla\u010dali le, \u010de se boste odlo\u010dili, da bo va\u0161 loterijski dobitek nakazan z ban\u010dnim nakazilom, na primer na banko v Sloveniji. Za ta ban\u010dna nakazila lahko v\u010dasih pla\u010damo provizijo, saj banke zara\u010dunavajo mednarodne prenose. Ta pristojbina se lahko prenese na vas in se od\u0161teje od izpla\u010danega dobitka.<br \/>\nKo gre za izpla\u010dilo, si morate zapomniti:<\/p>\n<ul>\n<li>Pla\u010dila pod 2500 \u20ac se prenesejo na va\u0161 ra\u010dun. Ni\u010desar vam ni treba storiti, saj bomo vse opravili namesto vas.<\/li>\n<li>Izpla\u010dila nad 2500 \u20ac se izpla\u010dajo z ban\u010dnim nakazilom ali \u010dekom. Z vami bo stopila v stik na\u0161a ekipa za podporo, da izpolnite obrazec, na podlagi katerega bomo vedeli, kako naj vam dostavimo denar. Nato boste morali po\u010dakati le nekaj dni, da bo denar pri\u0161el do vas.<\/li>\n<\/ul>\n","protected":false},"excerpt":{"rendered":"<p>\u010ce \u0161e niste povsem prepri\u010dani, kako kupiti spletne vstopnice Saturday Lotto Australia, si oglejte ta vodnik po korakih, ki vam bo pomagal hitro priti do cilja. Ne bo vam treba skrbeti za ni\u010d, saj vam bomo pri tem pomagali. Pojdite na stran za Saturday Lotto Australia in izberite \u0161tevilke, ki jih \u017eelite igrati na vsaki [&hellip;]<\/p>\n","protected":false},"author":1,"featured_media":0,"parent":5679,"menu_order":15,"comment_status":"closed","ping_status":"closed","template":"saturday-lotto-info.php","meta":{"_et_pb_use_builder":"","_et_pb_old_content":"","_et_gb_content_width":"","exclude_from_search":false,"footnotes":""},"class_list":["post-80612","page","type-page","status-publish","hentry"],"yoast_head":"<!-- This site is optimized with the Yoast SEO plugin v23.4 - https:\/\/yoast.com\/wordpress\/plugins\/seo\/ -->\n<title>Kako priti do vstopnic za Saturday Lotto Australia, \u010de ste rezident Slovenije<\/title>\n<meta name=\"description\" content=\"Prebivalci Slovenije lahko zdaj kupite vstopnice za Saturday lotto Avstralija\" \/>\n<meta name=\"robots\" content=\"index, follow, max-snippet:-1, max-image-preview:large, max-video-preview:-1\" \/>\n<link rel=\"canonical\" href=\"https:\/\/onlinelotto365.com\/sl\/kupiti-vstopnice\/sobota-lotto-australia\/\" \/>\n<meta property=\"og:locale\" content=\"sl_SI\" \/>\n<meta property=\"og:type\" content=\"article\" \/>\n<meta property=\"og:title\" content=\"Kako priti do vstopnic za Saturday Lotto Australia, \u010de ste rezident Slovenije\" \/>\n<meta property=\"og:description\" content=\"Prebivalci Slovenije lahko zdaj kupite vstopnice za Saturday lotto Avstralija\" \/>\n<meta property=\"og:url\" content=\"https:\/\/onlinelotto365.com\/sl\/kupiti-vstopnice\/sobota-lotto-australia\/\" \/>\n<meta property=\"og:site_name\" content=\"OnlineLotto365\" \/>\n<meta property=\"article:modified_time\" content=\"2022-11-22T08:11:42+00:00\" \/>\n<meta property=\"og:image\" content=\"https:\/\/redfoxlotto.com\/image?size=8&amp;lottery=saturday-lotto-au\" \/>\n<meta name=\"twitter:card\" content=\"summary_large_image\" \/>\n<meta name=\"twitter:label1\" content=\"Est. reading time\" \/>\n\t<meta name=\"twitter:data1\" content=\"4 minute\" \/>\n<script type=\"application\/ld+json\" class=\"yoast-schema-graph\">{\"@context\":\"https:\/\/schema.org\",\"@graph\":[{\"@type\":\"WebPage\",\"@id\":\"https:\/\/onlinelotto365.com\/sl\/kupiti-vstopnice\/sobota-lotto-australia\/\",\"url\":\"https:\/\/onlinelotto365.com\/sl\/kupiti-vstopnice\/sobota-lotto-australia\/\",\"name\":\"Kako priti do vstopnic za Saturday Lotto Australia, \u010de ste rezident Slovenije\",\"isPartOf\":{\"@id\":\"https:\/\/onlinelotto365.com\/sl\/#website\"},\"primaryImageOfPage\":{\"@id\":\"https:\/\/onlinelotto365.com\/sl\/kupiti-vstopnice\/sobota-lotto-australia\/#primaryimage\"},\"image\":{\"@id\":\"https:\/\/onlinelotto365.com\/sl\/kupiti-vstopnice\/sobota-lotto-australia\/#primaryimage\"},\"thumbnailUrl\":\"https:\/\/redfoxlotto.com\/image?size=8&amp;lottery=saturday-lotto-au\",\"datePublished\":\"2022-11-22T07:29:43+00:00\",\"dateModified\":\"2022-11-22T08:11:42+00:00\",\"description\":\"Prebivalci Slovenije lahko zdaj kupite vstopnice za Saturday lotto Avstralija\",\"breadcrumb\":{\"@id\":\"https:\/\/onlinelotto365.com\/sl\/kupiti-vstopnice\/sobota-lotto-australia\/#breadcrumb\"},\"inLanguage\":\"sl-SI\",\"potentialAction\":[{\"@type\":\"ReadAction\",\"target\":[\"https:\/\/onlinelotto365.com\/sl\/kupiti-vstopnice\/sobota-lotto-australia\/\"]}]},{\"@type\":\"ImageObject\",\"inLanguage\":\"sl-SI\",\"@id\":\"https:\/\/onlinelotto365.com\/sl\/kupiti-vstopnice\/sobota-lotto-australia\/#primaryimage\",\"url\":\"https:\/\/redfoxlotto.com\/image?size=8&amp;lottery=saturday-lotto-au\",\"contentUrl\":\"https:\/\/redfoxlotto.com\/image?size=8&amp;lottery=saturday-lotto-au\"},{\"@type\":\"BreadcrumbList\",\"@id\":\"https:\/\/onlinelotto365.com\/sl\/kupiti-vstopnice\/sobota-lotto-australia\/#breadcrumb\",\"itemListElement\":[{\"@type\":\"ListItem\",\"position\":1,\"name\":\"Home\",\"item\":\"https:\/\/onlinelotto365.com\/sl\/\"},{\"@type\":\"ListItem\",\"position\":2,\"name\":\"Zakaj je bolj smiselno kupovati loterijske sre\u010dke prek spleta\",\"item\":\"https:\/\/onlinelotto365.com\/sl\/kupiti-vstopnice\/\"},{\"@type\":\"ListItem\",\"position\":3,\"name\":\"Kako kupiti sobota Lotto Avstralija vstopnice na spletu\"}]},{\"@type\":\"WebSite\",\"@id\":\"https:\/\/onlinelotto365.com\/sl\/#website\",\"url\":\"https:\/\/onlinelotto365.com\/sl\/\",\"name\":\"OnlineLotto365\",\"description\":\"\",\"potentialAction\":[{\"@type\":\"SearchAction\",\"target\":{\"@type\":\"EntryPoint\",\"urlTemplate\":\"https:\/\/onlinelotto365.com\/sl\/?s={search_term_string}\"},\"query-input\":{\"@type\":\"PropertyValueSpecification\",\"valueRequired\":true,\"valueName\":\"search_term_string\"}}],\"inLanguage\":\"sl-SI\"}]}<\/script>\n<!-- \/ Yoast SEO plugin. -->","yoast_head_json":{"title":"Kako priti do vstopnic za Saturday Lotto Australia, \u010de ste rezident Slovenije","description":"Prebivalci Slovenije lahko zdaj kupite vstopnice za Saturday lotto Avstralija","robots":{"index":"index","follow":"follow","max-snippet":"max-snippet:-1","max-image-preview":"max-image-preview:large","max-video-preview":"max-video-preview:-1"},"canonical":"https:\/\/onlinelotto365.com\/sl\/kupiti-vstopnice\/sobota-lotto-australia\/","og_locale":"sl_SI","og_type":"article","og_title":"Kako priti do vstopnic za Saturday Lotto Australia, \u010de ste rezident Slovenije","og_description":"Prebivalci Slovenije lahko zdaj kupite vstopnice za Saturday lotto Avstralija","og_url":"https:\/\/onlinelotto365.com\/sl\/kupiti-vstopnice\/sobota-lotto-australia\/","og_site_name":"OnlineLotto365","article_modified_time":"2022-11-22T08:11:42+00:00","og_image":[{"url":"https:\/\/redfoxlotto.com\/image?size=8&amp;lottery=saturday-lotto-au"}],"twitter_card":"summary_large_image","twitter_misc":{"Est. reading time":"4 minute"},"schema":{"@context":"https:\/\/schema.org","@graph":[{"@type":"WebPage","@id":"https:\/\/onlinelotto365.com\/sl\/kupiti-vstopnice\/sobota-lotto-australia\/","url":"https:\/\/onlinelotto365.com\/sl\/kupiti-vstopnice\/sobota-lotto-australia\/","name":"Kako priti do vstopnic za Saturday Lotto Australia, \u010de ste rezident Slovenije","isPartOf":{"@id":"https:\/\/onlinelotto365.com\/sl\/#website"},"primaryImageOfPage":{"@id":"https:\/\/onlinelotto365.com\/sl\/kupiti-vstopnice\/sobota-lotto-australia\/#primaryimage"},"image":{"@id":"https:\/\/onlinelotto365.com\/sl\/kupiti-vstopnice\/sobota-lotto-australia\/#primaryimage"},"thumbnailUrl":"https:\/\/redfoxlotto.com\/image?size=8&amp;lottery=saturday-lotto-au","datePublished":"2022-11-22T07:29:43+00:00","dateModified":"2022-11-22T08:11:42+00:00","description":"Prebivalci Slovenije lahko zdaj kupite vstopnice za Saturday lotto Avstralija","breadcrumb":{"@id":"https:\/\/onlinelotto365.com\/sl\/kupiti-vstopnice\/sobota-lotto-australia\/#breadcrumb"},"inLanguage":"sl-SI","potentialAction":[{"@type":"ReadAction","target":["https:\/\/onlinelotto365.com\/sl\/kupiti-vstopnice\/sobota-lotto-australia\/"]}]},{"@type":"ImageObject","inLanguage":"sl-SI","@id":"https:\/\/onlinelotto365.com\/sl\/kupiti-vstopnice\/sobota-lotto-australia\/#primaryimage","url":"https:\/\/redfoxlotto.com\/image?size=8&amp;lottery=saturday-lotto-au","contentUrl":"https:\/\/redfoxlotto.com\/image?size=8&amp;lottery=saturday-lotto-au"},{"@type":"BreadcrumbList","@id":"https:\/\/onlinelotto365.com\/sl\/kupiti-vstopnice\/sobota-lotto-australia\/#breadcrumb","itemListElement":[{"@type":"ListItem","position":1,"name":"Home","item":"https:\/\/onlinelotto365.com\/sl\/"},{"@type":"ListItem","position":2,"name":"Zakaj je bolj smiselno kupovati loterijske sre\u010dke prek spleta","item":"https:\/\/onlinelotto365.com\/sl\/kupiti-vstopnice\/"},{"@type":"ListItem","position":3,"name":"Kako kupiti sobota Lotto Avstralija vstopnice na spletu"}]},{"@type":"WebSite","@id":"https:\/\/onlinelotto365.com\/sl\/#website","url":"https:\/\/onlinelotto365.com\/sl\/","name":"OnlineLotto365","description":"","potentialAction":[{"@type":"SearchAction","target":{"@type":"EntryPoint","urlTemplate":"https:\/\/onlinelotto365.com\/sl\/?s={search_term_string}"},"query-input":{"@type":"PropertyValueSpecification","valueRequired":true,"valueName":"search_term_string"}}],"inLanguage":"sl-SI"}]}},"_links":{"self":[{"href":"https:\/\/onlinelotto365.com\/sl\/wp-json\/wp\/v2\/pages\/80612","targetHints":{"allow":["GET"]}}],"collection":[{"href":"https:\/\/onlinelotto365.com\/sl\/wp-json\/wp\/v2\/pages"}],"about":[{"href":"https:\/\/onlinelotto365.com\/sl\/wp-json\/wp\/v2\/types\/page"}],"author":[{"embeddable":true,"href":"https:\/\/onlinelotto365.com\/sl\/wp-json\/wp\/v2\/users\/1"}],"replies":[{"embeddable":true,"href":"https:\/\/onlinelotto365.com\/sl\/wp-json\/wp\/v2\/comments?post=80612"}],"version-history":[{"count":0,"href":"https:\/\/onlinelotto365.com\/sl\/wp-json\/wp\/v2\/pages\/80612\/revisions"}],"up":[{"embeddable":true,"href":"https:\/\/onlinelotto365.com\/sl\/wp-json\/wp\/v2\/pages\/5679"}],"wp:attachment":[{"href":"https:\/\/onlinelotto365.com\/sl\/wp-json\/wp\/v2\/media?parent=80612"}],"curies":[{"name":"wp","href":"https:\/\/api.w.org\/{rel}","templated":true}]}}