{"id":80614,"date":"2022-11-22T08:35:27","date_gmt":"2022-11-22T07:35:27","guid":{"rendered":"https:\/\/onlinelotto365.com\/?page_id=80614"},"modified":"2022-11-22T08:35:27","modified_gmt":"2022-11-22T07:35:27","slug":"mon-wed-lotto-2","status":"publish","type":"page","link":"https:\/\/onlinelotto365.com\/sl\/kupiti-vstopnice\/mon-wed-lotto-2\/","title":{"rendered":"Kako kupiti Mon &#038; Wed Lotto Australia vstopnice na spletu"},"content":{"rendered":"<p>Opisali smo razli\u010dne korake, ki jim morate slediti, \u010de \u017eelite kupiti vstopnice Mon &amp; Wed Lotto Australia na na\u0161i spletni strani. To je preprosto in enostavno, in ko boste opravili te korake, boste ugotovili, da so va\u0161e vstopnice hitro pripravljene za odhod.<br \/>\n<a href=\"https:\/\/redfoxlotto.com\/play\/monday-wednesday-lotto-au\/?ref=a8564250a2&amp;medium=ol365\" target=\"_blank\" rel=\"noopener noreferrer\"><img decoding=\"async\" class=\"aligncenter\" src=\"https:\/\/redfoxlotto.com\/image?size=8&amp;lottery=monday-wednesday-lotto-au\" alt=\"Mon &amp; Wed Lotto Australia\" \/><\/a><\/p>\n<ul>\n<li>Pojdite na stran za loterijo, ki jo \u017eelite igrati, in izberite \u0161tevilke, ki jih boste igrali na vsaki sre\u010dki.<\/li>\n<li>Dodajte toliko sre\u010dk za to ali katero koli drugo igro, kolikor \u017eelite, da ustvarite naro\u010dilo<\/li>\n<li>Izberite mo\u017enost za pla\u010dilo zdaj<\/li>\n<li>Prijavite se v svoj trenutni ra\u010dun ali pa opravite postopek ustvarjanja novega ra\u010duna in njegove registracije<\/li>\n<li>Poi\u0161\u010dite svoje e-po\u0161tno sporo\u010dilo, da prejmete povezavo za preverjanje, s katero lahko registrirate svoj ra\u010dun in opravite nakup<\/li>\n<li>\u010ce e-po\u0161tnega sporo\u010dila ne vidite v mapi za ne\u017eeleno po\u0161to, preverite, ali je bilo vanjo poslano pomotoma.<\/li>\n<li>V nakupovalni ko\u0161arici opravite postopek nakupa<\/li>\n<li>Izberite na\u010din pla\u010dila, ki ga \u017eelite uporabiti, in sledite navodilom za izvedbo pla\u010dila<\/li>\n<\/ul>\n<h2>Kako pla\u010dati za va\u0161o Mon &amp; Wed Lotto Australia vstopnico na spletu<\/h2>\n<p>Pri pla\u010dilu imate na voljo ve\u010d razli\u010dnih popolnoma varnih mo\u017enosti. Vse, kar morate storiti, je, da si ogledate tukaj in si ogledate, kak\u0161ne bodo nekatere od teh mo\u017enosti.<br \/>\nSvojo vstopnico lahko kupite tako, da izberete eno od dveh mo\u017enosti:<\/p>\n<p>Pla\u010dajte neposredno z izbranim na\u010dinom pla\u010dila.<br \/>\nDodajte denar na igralni ra\u010dun in ga uporabite za nakup vstopnic<\/p>\n<p>Ne naredite napake, \u010de na svoj ra\u010dun za pla\u010dilo vstopnic nalo\u017eite premalo denarja. Potrebujete malo ve\u010d, kot je znesek v ko\u0161arici.<\/p>\n<h2>Ve\u010d informacij o igri Mon &amp; Wed Lotto Australia<\/h2>\n<ul>\n<li>Dr\u017eava: Avstralien<\/li>\n<li>Razpon glavnih \u0161tevilk: 45<\/li>\n<li>Izberete: 6<\/li>\n<li>Iz\u017erebani dnevi, ure: Volilni dnevi: ponedeljek, sreda, 21:30 GMT+11, 10:30 po srednjeevropskem \u010dasu<\/li>\n<li>Najni\u017eji glavni dobitek: AU$ 2,5 milijona<\/li>\n<li>Najve\u010dji dobitek: fiksni dobitek<\/li>\n<li>Verjetnost dobitka: 1 proti 8145060<\/li>\n<li>Verjetnost dobitka iz 2. stopnje: 1: 1 proti 678755<\/li>\n<li>Verjetnost dobitka v katerem koli razredu: 1 proti 85,44<\/li>\n<li>\u0160tevilo nagradnih stopenj: 6<\/li>\n<\/ul>\n<h2>Prednosti nakupa Mon &amp; Wed Lotto Australia vstopnic na spletu<\/h2>\n<ul>\n<li>Loterijske sre\u010dke lahko kupite od doma, ne da bi vam bilo treba iti ven<\/li>\n<li>Izbirate lahko med vsemi svojimi najljub\u0161imi sre\u010dkami in \u0161e nekaterimi drugimi<\/li>\n<li>Z izbiro iger z najvi\u0161jimi zneski glavnega dobitka si zagotovite bolj\u0161e mo\u017enosti<\/li>\n<li>Uporabite stanje na ra\u010dunu za nakup sre\u010dk z vpla\u010dilom denarja<\/li>\n<li>Spremljajte svoje sre\u010dke prek spletnega ra\u010duna<\/li>\n<li>Prejemajte obvestila, kadar koli imate dobitno sre\u010dko<\/li>\n<li>Uporabite generator naklju\u010dnih \u0161tevilk, da za vas izbere sre\u010dke<\/li>\n<li>Ali je zakonito kupiti Mon &amp; Wed Lotto Australia vstopnice na spletu?<\/li>\n<\/ul>\n<p>Veliko ljudi skrbi, da je spletni nakup sre\u010dk nezakonit ali da je nakup na tradicionalen na\u010din morda nezakonit v njihovi dr\u017eavi. Mi poskrbimo, da so upo\u0161tevani vsi predpisi dr\u017eave, iz katere prihaja sama loterija. Prav tako bomo poskrbeli, da boste dobili svoj loterijski dobitek. Ne glede na to, ali ste osvojili majhen ali velik dobitek, vam bomo pomagali dobiti, kar i\u0161\u010dete in do \u010desar ste upravi\u010deni.<br \/>\nVsi uporabniki na\u0161ega spletnega mesta morajo biti stari najmanj 18 let.<\/p>\n<h2>Kako dobim pla\u010dilo, \u010de zmagam na spletnem sre\u010danju Mon &amp; Wed Lotto Australia?<\/h2>\n<p><img loading=\"lazy\" decoding=\"async\" class=\"alignright wp-image-3685\" src=\"https:\/\/onlinelotto365.com\/wp-content\/uploads\/2020\/11\/online_lottery-4-300x192.jpeg\" alt=\"mon wed lotto avstralia online\" width=\"255\" height=\"163\" srcset=\"https:\/\/onlinelotto365.com\/wp-content\/uploads\/2020\/11\/online_lottery-4-300x192.jpeg 300w, https:\/\/onlinelotto365.com\/wp-content\/uploads\/2020\/11\/online_lottery-4-600x383.jpeg 600w, https:\/\/onlinelotto365.com\/wp-content\/uploads\/2020\/11\/online_lottery-4.jpeg 751w\" sizes=\"auto, (max-width: 255px) 100vw, 255px\" \/><br \/>\nPridobitev dobitkov na\u0161im strankam je najpomembnej\u0161i del postopka, kar dose\u017eemo tako, da poskrbimo, da ni nobenih provizij. Ni vam treba skrbeti, da bomo karkoli vzeli od va\u0161ega dobitka, razen \u010de se odlo\u010dite za ban\u010dno nakazilo.<br \/>\nTa na\u010din pla\u010dila, \u0161e posebej, \u010de je izveden kot mednarodna transakcija, nas lahko stane, ko banka zara\u010duna provizije. \u010ce se to zgodi, lahko stro\u0161ke prenesemo na vas in jih od\u0161tejemo od va\u0161ega dobitka.<br \/>\nPla\u010dila se izvajajo na dva razli\u010dna na\u010dina.<\/p>\n<ul>\n<li>Pla\u010dila, ki so ni\u017eja od 2500 EUR, bodo izvedena brez va\u0161ega prispevka. Na\u0161a ekipa poskrbi, da se denar naka\u017ee neposredno na va\u0161 ra\u010dun.<\/li>\n<li>Dobitki, ki presegajo 2500 \u20ac, se obdelajo na druga\u010den na\u010din. Te zneske je treba obdelati pri loterijski komisiji, kar pomeni, da moramo izpolniti obrazec za zahtevek. Obrazec vam bomo poslali, vi pa ga morate le izpolniti in nam sporo\u010diti, ali \u017eelite denar z ban\u010dnim nakazilom ali \u010dekom.<\/li>\n<\/ul>\n","protected":false},"excerpt":{"rendered":"<p>Opisali smo razli\u010dne korake, ki jim morate slediti, \u010de \u017eelite kupiti vstopnice Mon &amp; Wed Lotto Australia na na\u0161i spletni strani. To je preprosto in enostavno, in ko boste opravili te korake, boste ugotovili, da so va\u0161e vstopnice hitro pripravljene za odhod. Pojdite na stran za loterijo, ki jo \u017eelite igrati, in izberite \u0161tevilke, ki [&hellip;]<\/p>\n","protected":false},"author":1,"featured_media":0,"parent":5679,"menu_order":16,"comment_status":"closed","ping_status":"closed","template":"template-rightsidebar.php","meta":{"_et_pb_use_builder":"","_et_pb_old_content":"","_et_gb_content_width":"","exclude_from_search":false,"footnotes":""},"class_list":["post-80614","page","type-page","status-publish","hentry"],"yoast_head":"<!-- This site is optimized with the Yoast SEO plugin v23.4 - https:\/\/yoast.com\/wordpress\/plugins\/seo\/ -->\n<title>Spletni nakup vstopnice za Mon &amp; Wed Lotto Australia<\/title>\n<meta name=\"description\" content=\"Ne glede na to, kje \u017eivite, in ne glede na to, kaj i\u0161\u010dete, lahko vstopnice Mon &amp; Wed Lotto Australia kupite tukaj!\" \/>\n<meta name=\"robots\" content=\"index, follow, max-snippet:-1, max-image-preview:large, max-video-preview:-1\" \/>\n<link rel=\"canonical\" href=\"https:\/\/onlinelotto365.com\/sl\/kupiti-vstopnice\/mon-wed-lotto-2\/\" \/>\n<meta property=\"og:locale\" content=\"sl_SI\" \/>\n<meta property=\"og:type\" content=\"article\" \/>\n<meta property=\"og:title\" content=\"Spletni nakup vstopnice za Mon &amp; Wed Lotto Australia\" \/>\n<meta property=\"og:description\" content=\"Ne glede na to, kje \u017eivite, in ne glede na to, kaj i\u0161\u010dete, lahko vstopnice Mon &amp; Wed Lotto Australia kupite tukaj!\" \/>\n<meta property=\"og:url\" content=\"https:\/\/onlinelotto365.com\/sl\/kupiti-vstopnice\/mon-wed-lotto-2\/\" \/>\n<meta property=\"og:site_name\" content=\"OnlineLotto365\" \/>\n<meta property=\"og:image\" content=\"https:\/\/redfoxlotto.com\/image?size=8&amp;lottery=monday-wednesday-lotto-au\" \/>\n<meta name=\"twitter:card\" content=\"summary_large_image\" \/>\n<meta name=\"twitter:label1\" content=\"Est. reading time\" \/>\n\t<meta name=\"twitter:data1\" content=\"4 minute\" \/>\n<script type=\"application\/ld+json\" class=\"yoast-schema-graph\">{\"@context\":\"https:\/\/schema.org\",\"@graph\":[{\"@type\":\"WebPage\",\"@id\":\"https:\/\/onlinelotto365.com\/sl\/kupiti-vstopnice\/mon-wed-lotto-2\/\",\"url\":\"https:\/\/onlinelotto365.com\/sl\/kupiti-vstopnice\/mon-wed-lotto-2\/\",\"name\":\"Spletni nakup vstopnice za Mon & Wed Lotto Australia\",\"isPartOf\":{\"@id\":\"https:\/\/onlinelotto365.com\/sl\/#website\"},\"primaryImageOfPage\":{\"@id\":\"https:\/\/onlinelotto365.com\/sl\/kupiti-vstopnice\/mon-wed-lotto-2\/#primaryimage\"},\"image\":{\"@id\":\"https:\/\/onlinelotto365.com\/sl\/kupiti-vstopnice\/mon-wed-lotto-2\/#primaryimage\"},\"thumbnailUrl\":\"https:\/\/redfoxlotto.com\/image?size=8&amp;lottery=monday-wednesday-lotto-au\",\"datePublished\":\"2022-11-22T07:35:27+00:00\",\"dateModified\":\"2022-11-22T07:35:27+00:00\",\"description\":\"Ne glede na to, kje \u017eivite, in ne glede na to, kaj i\u0161\u010dete, lahko vstopnice Mon & Wed Lotto Australia kupite tukaj!\",\"breadcrumb\":{\"@id\":\"https:\/\/onlinelotto365.com\/sl\/kupiti-vstopnice\/mon-wed-lotto-2\/#breadcrumb\"},\"inLanguage\":\"sl-SI\",\"potentialAction\":[{\"@type\":\"ReadAction\",\"target\":[\"https:\/\/onlinelotto365.com\/sl\/kupiti-vstopnice\/mon-wed-lotto-2\/\"]}]},{\"@type\":\"ImageObject\",\"inLanguage\":\"sl-SI\",\"@id\":\"https:\/\/onlinelotto365.com\/sl\/kupiti-vstopnice\/mon-wed-lotto-2\/#primaryimage\",\"url\":\"https:\/\/redfoxlotto.com\/image?size=8&amp;lottery=monday-wednesday-lotto-au\",\"contentUrl\":\"https:\/\/redfoxlotto.com\/image?size=8&amp;lottery=monday-wednesday-lotto-au\"},{\"@type\":\"BreadcrumbList\",\"@id\":\"https:\/\/onlinelotto365.com\/sl\/kupiti-vstopnice\/mon-wed-lotto-2\/#breadcrumb\",\"itemListElement\":[{\"@type\":\"ListItem\",\"position\":1,\"name\":\"Home\",\"item\":\"https:\/\/onlinelotto365.com\/sl\/\"},{\"@type\":\"ListItem\",\"position\":2,\"name\":\"Zakaj je bolj smiselno kupovati loterijske sre\u010dke prek spleta\",\"item\":\"https:\/\/onlinelotto365.com\/sl\/kupiti-vstopnice\/\"},{\"@type\":\"ListItem\",\"position\":3,\"name\":\"Kako kupiti Mon &#038; Wed Lotto Australia vstopnice na spletu\"}]},{\"@type\":\"WebSite\",\"@id\":\"https:\/\/onlinelotto365.com\/sl\/#website\",\"url\":\"https:\/\/onlinelotto365.com\/sl\/\",\"name\":\"OnlineLotto365\",\"description\":\"\",\"potentialAction\":[{\"@type\":\"SearchAction\",\"target\":{\"@type\":\"EntryPoint\",\"urlTemplate\":\"https:\/\/onlinelotto365.com\/sl\/?s={search_term_string}\"},\"query-input\":{\"@type\":\"PropertyValueSpecification\",\"valueRequired\":true,\"valueName\":\"search_term_string\"}}],\"inLanguage\":\"sl-SI\"}]}<\/script>\n<!-- \/ Yoast SEO plugin. -->","yoast_head_json":{"title":"Spletni nakup vstopnice za Mon & Wed Lotto Australia","description":"Ne glede na to, kje \u017eivite, in ne glede na to, kaj i\u0161\u010dete, lahko vstopnice Mon & Wed Lotto Australia kupite tukaj!","robots":{"index":"index","follow":"follow","max-snippet":"max-snippet:-1","max-image-preview":"max-image-preview:large","max-video-preview":"max-video-preview:-1"},"canonical":"https:\/\/onlinelotto365.com\/sl\/kupiti-vstopnice\/mon-wed-lotto-2\/","og_locale":"sl_SI","og_type":"article","og_title":"Spletni nakup vstopnice za Mon & Wed Lotto Australia","og_description":"Ne glede na to, kje \u017eivite, in ne glede na to, kaj i\u0161\u010dete, lahko vstopnice Mon & Wed Lotto Australia kupite tukaj!","og_url":"https:\/\/onlinelotto365.com\/sl\/kupiti-vstopnice\/mon-wed-lotto-2\/","og_site_name":"OnlineLotto365","og_image":[{"url":"https:\/\/redfoxlotto.com\/image?size=8&amp;lottery=monday-wednesday-lotto-au"}],"twitter_card":"summary_large_image","twitter_misc":{"Est. reading time":"4 minute"},"schema":{"@context":"https:\/\/schema.org","@graph":[{"@type":"WebPage","@id":"https:\/\/onlinelotto365.com\/sl\/kupiti-vstopnice\/mon-wed-lotto-2\/","url":"https:\/\/onlinelotto365.com\/sl\/kupiti-vstopnice\/mon-wed-lotto-2\/","name":"Spletni nakup vstopnice za Mon & Wed Lotto Australia","isPartOf":{"@id":"https:\/\/onlinelotto365.com\/sl\/#website"},"primaryImageOfPage":{"@id":"https:\/\/onlinelotto365.com\/sl\/kupiti-vstopnice\/mon-wed-lotto-2\/#primaryimage"},"image":{"@id":"https:\/\/onlinelotto365.com\/sl\/kupiti-vstopnice\/mon-wed-lotto-2\/#primaryimage"},"thumbnailUrl":"https:\/\/redfoxlotto.com\/image?size=8&amp;lottery=monday-wednesday-lotto-au","datePublished":"2022-11-22T07:35:27+00:00","dateModified":"2022-11-22T07:35:27+00:00","description":"Ne glede na to, kje \u017eivite, in ne glede na to, kaj i\u0161\u010dete, lahko vstopnice Mon & Wed Lotto Australia kupite tukaj!","breadcrumb":{"@id":"https:\/\/onlinelotto365.com\/sl\/kupiti-vstopnice\/mon-wed-lotto-2\/#breadcrumb"},"inLanguage":"sl-SI","potentialAction":[{"@type":"ReadAction","target":["https:\/\/onlinelotto365.com\/sl\/kupiti-vstopnice\/mon-wed-lotto-2\/"]}]},{"@type":"ImageObject","inLanguage":"sl-SI","@id":"https:\/\/onlinelotto365.com\/sl\/kupiti-vstopnice\/mon-wed-lotto-2\/#primaryimage","url":"https:\/\/redfoxlotto.com\/image?size=8&amp;lottery=monday-wednesday-lotto-au","contentUrl":"https:\/\/redfoxlotto.com\/image?size=8&amp;lottery=monday-wednesday-lotto-au"},{"@type":"BreadcrumbList","@id":"https:\/\/onlinelotto365.com\/sl\/kupiti-vstopnice\/mon-wed-lotto-2\/#breadcrumb","itemListElement":[{"@type":"ListItem","position":1,"name":"Home","item":"https:\/\/onlinelotto365.com\/sl\/"},{"@type":"ListItem","position":2,"name":"Zakaj je bolj smiselno kupovati loterijske sre\u010dke prek spleta","item":"https:\/\/onlinelotto365.com\/sl\/kupiti-vstopnice\/"},{"@type":"ListItem","position":3,"name":"Kako kupiti Mon &#038; Wed Lotto Australia vstopnice na spletu"}]},{"@type":"WebSite","@id":"https:\/\/onlinelotto365.com\/sl\/#website","url":"https:\/\/onlinelotto365.com\/sl\/","name":"OnlineLotto365","description":"","potentialAction":[{"@type":"SearchAction","target":{"@type":"EntryPoint","urlTemplate":"https:\/\/onlinelotto365.com\/sl\/?s={search_term_string}"},"query-input":{"@type":"PropertyValueSpecification","valueRequired":true,"valueName":"search_term_string"}}],"inLanguage":"sl-SI"}]}},"_links":{"self":[{"href":"https:\/\/onlinelotto365.com\/sl\/wp-json\/wp\/v2\/pages\/80614","targetHints":{"allow":["GET"]}}],"collection":[{"href":"https:\/\/onlinelotto365.com\/sl\/wp-json\/wp\/v2\/pages"}],"about":[{"href":"https:\/\/onlinelotto365.com\/sl\/wp-json\/wp\/v2\/types\/page"}],"author":[{"embeddable":true,"href":"https:\/\/onlinelotto365.com\/sl\/wp-json\/wp\/v2\/users\/1"}],"replies":[{"embeddable":true,"href":"https:\/\/onlinelotto365.com\/sl\/wp-json\/wp\/v2\/comments?post=80614"}],"version-history":[{"count":0,"href":"https:\/\/onlinelotto365.com\/sl\/wp-json\/wp\/v2\/pages\/80614\/revisions"}],"up":[{"embeddable":true,"href":"https:\/\/onlinelotto365.com\/sl\/wp-json\/wp\/v2\/pages\/5679"}],"wp:attachment":[{"href":"https:\/\/onlinelotto365.com\/sl\/wp-json\/wp\/v2\/media?parent=80614"}],"curies":[{"name":"wp","href":"https:\/\/api.w.org\/{rel}","templated":true}]}}