{"id":80681,"date":"2022-11-22T11:43:58","date_gmt":"2022-11-22T10:43:58","guid":{"rendered":"https:\/\/onlinelotto365.com\/?page_id=80681"},"modified":"2022-11-22T11:43:58","modified_gmt":"2022-11-22T10:43:58","slug":"el-gordo","status":"publish","type":"page","link":"https:\/\/onlinelotto365.com\/sl\/zmagovalne-stevilke\/el-gordo\/","title":{"rendered":"Preverite rezultate in dobitke igre El Gordo tukaj"},"content":{"rendered":"<p>Vemo, da ponujamo cel kup razli\u010dnih mednarodnih loterij, zato je lahko iskanje zmagovalnih \u0161tevilk nekoliko zmedeno. Veliko ljudi poi\u0161\u010de zmagovalne \u0161tevilke za svoje najljub\u0161e igre v \u010dasopisu, a \u010de ne \u017eivite na tem obmo\u010dju, je iskanje \u0161tevilk za El Gordo lahko te\u017eavno. Enako velja za gledanje \u017erebanja ali gledanje zmagovalnih \u0161tevilk na televiziji.<br \/>\n<a href=\"https:\/\/redfoxlotto.com\/play\/el-gordo-primitiva\/?ref=a8564250a2&amp;medium=ol365\" target=\"_blank\" rel=\"noopener noreferrer\"><img decoding=\"async\" class=\"aligncenter\" src=\"https:\/\/redfoxlotto.com\/image?size=8&amp;lottery=el-gordo-primitiva\" alt=\"el gordo\" \/><\/a><br \/>\nDruga mo\u017enost je, da si ogledate uradno spletno stran igre El Gordo in preverite, ali ponujajo prenos \u017erebanja v \u017eivo. Pri tistih igrah, ki to ponujajo, je to lahko zabavna in zanimiva prilo\u017enost za vsakogar.<\/p>\n<p>Vendar pa je veliko iger, ki tega dejansko ne ponujajo. Namesto tega boste morali po\u010dakati, da se \u017erebanje kon\u010da in da je vse sporo\u010deno, da si ogledate rezultate.<br \/>\nNazadnje, \u010de je \u017erebanje \u017ee kon\u010dano, lahko morda obi\u0161\u010dete YouTube in tam najdete \u017erebanje El Gordo. Vendar je to \u0161e eno podro\u010dje, na katerem morda ne boste uspe\u0161ni. Morda ne bo na voljo ni\u010desar za va\u0161o risbo.<\/p>\n<p>Eden najbolj\u0161ih in najla\u017ejih na\u010dinov za iskanje dobitnih \u0161tevilk pa je na\u0161e spletno mesto. Preverite na\u0161e strani z dobitnimi \u0161tevilkami in rezultati ter poi\u0161\u010dite rezultate za El Gordo in katero koli drugo loterijsko igro, ki jo imamo na voljo.<\/p>\n<h2>Kako ugotoviti, ali je va\u0161a spletna sre\u010dka zmagala<\/h2>\n<p>\u0160e bolj\u0161i del je, da vam sploh ni treba iti na stran z rezultati loterije. \u010ce ste kupili sre\u010dke, lahko greste neposredno v svoj ra\u010dun. Od tam si boste lahko ogledali ne le zmagovalne \u0161tevilke, temve\u010d tudi, kako so se va\u0161e \u0161tevilke razvrstile. \u0160tevilke lahko primerjate in nato vidite, katere se ujemajo in koliko ste dejansko osvojili. \u010ce ste osvojili manj kot 2500 EUR, vam ni treba storiti ni\u010desar, saj bo dobitek na va\u0161em ra\u010dunu.<\/p>\n<h2>Arhiv rezultatov El Gordo<\/h2>\n<p>\u010ce \u017eelite poiskati stare \u0161tevilke in preveriti, kak\u0161ne so bile, lahko brez te\u017eav storite tudi to. Pravzaprav lahko na vseh straneh na\u0161ega spletnega mesta, kjer si lahko ogledate najnovej\u0161e rezultate igre El Gordo, preverite tudi nekatere starej\u0161e \u0161tevilke. Tako boste la\u017eje ugotovili, katere \u0161tevilke \u017eelite igrati naslednji\u010d.<\/p>\n<h2>Moj listek je zmagal, kaj sledi?<\/h2>\n<p><img loading=\"lazy\" decoding=\"async\" class=\"alignright wp-image-3573\" src=\"https:\/\/onlinelotto365.com\/wp-content\/uploads\/2020\/11\/online_lottery-96-300x212.jpg\" alt=\"Rezultati igre El Gordo\" width=\"166\" height=\"117\" srcset=\"https:\/\/onlinelotto365.com\/wp-content\/uploads\/2020\/11\/online_lottery-96-300x212.jpg 300w, https:\/\/onlinelotto365.com\/wp-content\/uploads\/2020\/11\/online_lottery-96.jpg 320w\" sizes=\"auto, (max-width: 166px) 100vw, 166px\" \/><br \/>\n\u010ce ste zmagali, boste denar zlahka prejeli, saj ga naka\u017eemo neposredno na va\u0161 ra\u010dun takoj, ko so rezultati potrjeni. \u010ce je dobitek ni\u017eji od 2500 EUR, boste denar dobili tako hitro. \u010ce je znesek vi\u0161ji od 10 \u20ac, lahko denar dvignete na svoj ra\u010dun.<br \/>\nLahko pa denar pustite na svojem igralnem ra\u010dunu in ga uporabite za nakup \u0161e ve\u010d vstopnic za dodatne igre. Upo\u0161tevajte le, da bo za izpla\u010dilo denarja potrebna dolo\u010dena dokumentacija, ki bo skladna z zveznimi predpisi. Prav tako morate uporabiti metodo, ki ste jo \u017ee uporabili za nakazilo.<\/p>\n","protected":false},"excerpt":{"rendered":"<p>Vemo, da ponujamo cel kup razli\u010dnih mednarodnih loterij, zato je lahko iskanje zmagovalnih \u0161tevilk nekoliko zmedeno. Veliko ljudi poi\u0161\u010de zmagovalne \u0161tevilke za svoje najljub\u0161e igre v \u010dasopisu, a \u010de ne \u017eivite na tem obmo\u010dju, je iskanje \u0161tevilk za El Gordo lahko te\u017eavno. Enako velja za gledanje \u017erebanja ali gledanje zmagovalnih \u0161tevilk na televiziji. Druga mo\u017enost [&hellip;]<\/p>\n","protected":false},"author":1,"featured_media":0,"parent":5867,"menu_order":6,"comment_status":"closed","ping_status":"closed","template":"el-gordo-results.php","meta":{"_et_pb_use_builder":"","_et_pb_old_content":"","_et_gb_content_width":"","exclude_from_search":false,"footnotes":""},"class_list":["post-80681","page","type-page","status-publish","hentry"],"yoast_head":"<!-- This site is optimized with the Yoast SEO plugin v23.4 - https:\/\/yoast.com\/wordpress\/plugins\/seo\/ -->\n<title>Dobitne \u0161tevilke El Gordo | Rezultati \u017erebanja El Gordo in dobitki<\/title>\n<meta name=\"description\" content=\"Dobitne \u0161tevilke, rezultati, nagrade za El Gordo in \u0161tevilne druge loterije, vedno posodobljene na na\u0161i spletni strani\" \/>\n<meta name=\"robots\" content=\"index, follow, max-snippet:-1, max-image-preview:large, max-video-preview:-1\" \/>\n<link rel=\"canonical\" href=\"https:\/\/onlinelotto365.com\/sl\/zmagovalne-stevilke\/el-gordo\/\" \/>\n<meta property=\"og:locale\" content=\"sl_SI\" \/>\n<meta property=\"og:type\" content=\"article\" \/>\n<meta property=\"og:title\" content=\"Dobitne \u0161tevilke El Gordo | Rezultati \u017erebanja El Gordo in dobitki\" \/>\n<meta property=\"og:description\" content=\"Dobitne \u0161tevilke, rezultati, nagrade za El Gordo in \u0161tevilne druge loterije, vedno posodobljene na na\u0161i spletni strani\" \/>\n<meta property=\"og:url\" content=\"https:\/\/onlinelotto365.com\/sl\/zmagovalne-stevilke\/el-gordo\/\" \/>\n<meta property=\"og:site_name\" content=\"OnlineLotto365\" \/>\n<meta property=\"og:image\" content=\"https:\/\/redfoxlotto.com\/image?size=8&amp;lottery=el-gordo-primitiva\" \/>\n<meta name=\"twitter:card\" content=\"summary_large_image\" \/>\n<meta name=\"twitter:label1\" content=\"Est. reading time\" \/>\n\t<meta name=\"twitter:data1\" content=\"3 minute\" \/>\n<script type=\"application\/ld+json\" class=\"yoast-schema-graph\">{\"@context\":\"https:\/\/schema.org\",\"@graph\":[{\"@type\":\"WebPage\",\"@id\":\"https:\/\/onlinelotto365.com\/sl\/zmagovalne-stevilke\/el-gordo\/\",\"url\":\"https:\/\/onlinelotto365.com\/sl\/zmagovalne-stevilke\/el-gordo\/\",\"name\":\"Dobitne \u0161tevilke El Gordo | Rezultati \u017erebanja El Gordo in dobitki\",\"isPartOf\":{\"@id\":\"https:\/\/onlinelotto365.com\/sl\/#website\"},\"primaryImageOfPage\":{\"@id\":\"https:\/\/onlinelotto365.com\/sl\/zmagovalne-stevilke\/el-gordo\/#primaryimage\"},\"image\":{\"@id\":\"https:\/\/onlinelotto365.com\/sl\/zmagovalne-stevilke\/el-gordo\/#primaryimage\"},\"thumbnailUrl\":\"https:\/\/redfoxlotto.com\/image?size=8&amp;lottery=el-gordo-primitiva\",\"datePublished\":\"2022-11-22T10:43:58+00:00\",\"dateModified\":\"2022-11-22T10:43:58+00:00\",\"description\":\"Dobitne \u0161tevilke, rezultati, nagrade za El Gordo in \u0161tevilne druge loterije, vedno posodobljene na na\u0161i spletni strani\",\"breadcrumb\":{\"@id\":\"https:\/\/onlinelotto365.com\/sl\/zmagovalne-stevilke\/el-gordo\/#breadcrumb\"},\"inLanguage\":\"sl-SI\",\"potentialAction\":[{\"@type\":\"ReadAction\",\"target\":[\"https:\/\/onlinelotto365.com\/sl\/zmagovalne-stevilke\/el-gordo\/\"]}]},{\"@type\":\"ImageObject\",\"inLanguage\":\"sl-SI\",\"@id\":\"https:\/\/onlinelotto365.com\/sl\/zmagovalne-stevilke\/el-gordo\/#primaryimage\",\"url\":\"https:\/\/redfoxlotto.com\/image?size=8&amp;lottery=el-gordo-primitiva\",\"contentUrl\":\"https:\/\/redfoxlotto.com\/image?size=8&amp;lottery=el-gordo-primitiva\"},{\"@type\":\"BreadcrumbList\",\"@id\":\"https:\/\/onlinelotto365.com\/sl\/zmagovalne-stevilke\/el-gordo\/#breadcrumb\",\"itemListElement\":[{\"@type\":\"ListItem\",\"position\":1,\"name\":\"Home\",\"item\":\"https:\/\/onlinelotto365.com\/sl\/\"},{\"@type\":\"ListItem\",\"position\":2,\"name\":\"Preglejte zmagovalne \u0161tevilke in rezultate najnovej\u0161ih loto \u017erebanj\",\"item\":\"https:\/\/onlinelotto365.com\/sl\/zmagovalne-stevilke\/\"},{\"@type\":\"ListItem\",\"position\":3,\"name\":\"Preverite rezultate in dobitke igre El Gordo tukaj\"}]},{\"@type\":\"WebSite\",\"@id\":\"https:\/\/onlinelotto365.com\/sl\/#website\",\"url\":\"https:\/\/onlinelotto365.com\/sl\/\",\"name\":\"OnlineLotto365\",\"description\":\"\",\"potentialAction\":[{\"@type\":\"SearchAction\",\"target\":{\"@type\":\"EntryPoint\",\"urlTemplate\":\"https:\/\/onlinelotto365.com\/sl\/?s={search_term_string}\"},\"query-input\":{\"@type\":\"PropertyValueSpecification\",\"valueRequired\":true,\"valueName\":\"search_term_string\"}}],\"inLanguage\":\"sl-SI\"}]}<\/script>\n<!-- \/ Yoast SEO plugin. -->","yoast_head_json":{"title":"Dobitne \u0161tevilke El Gordo | Rezultati \u017erebanja El Gordo in dobitki","description":"Dobitne \u0161tevilke, rezultati, nagrade za El Gordo in \u0161tevilne druge loterije, vedno posodobljene na na\u0161i spletni strani","robots":{"index":"index","follow":"follow","max-snippet":"max-snippet:-1","max-image-preview":"max-image-preview:large","max-video-preview":"max-video-preview:-1"},"canonical":"https:\/\/onlinelotto365.com\/sl\/zmagovalne-stevilke\/el-gordo\/","og_locale":"sl_SI","og_type":"article","og_title":"Dobitne \u0161tevilke El Gordo | Rezultati \u017erebanja El Gordo in dobitki","og_description":"Dobitne \u0161tevilke, rezultati, nagrade za El Gordo in \u0161tevilne druge loterije, vedno posodobljene na na\u0161i spletni strani","og_url":"https:\/\/onlinelotto365.com\/sl\/zmagovalne-stevilke\/el-gordo\/","og_site_name":"OnlineLotto365","og_image":[{"url":"https:\/\/redfoxlotto.com\/image?size=8&amp;lottery=el-gordo-primitiva"}],"twitter_card":"summary_large_image","twitter_misc":{"Est. reading time":"3 minute"},"schema":{"@context":"https:\/\/schema.org","@graph":[{"@type":"WebPage","@id":"https:\/\/onlinelotto365.com\/sl\/zmagovalne-stevilke\/el-gordo\/","url":"https:\/\/onlinelotto365.com\/sl\/zmagovalne-stevilke\/el-gordo\/","name":"Dobitne \u0161tevilke El Gordo | Rezultati \u017erebanja El Gordo in dobitki","isPartOf":{"@id":"https:\/\/onlinelotto365.com\/sl\/#website"},"primaryImageOfPage":{"@id":"https:\/\/onlinelotto365.com\/sl\/zmagovalne-stevilke\/el-gordo\/#primaryimage"},"image":{"@id":"https:\/\/onlinelotto365.com\/sl\/zmagovalne-stevilke\/el-gordo\/#primaryimage"},"thumbnailUrl":"https:\/\/redfoxlotto.com\/image?size=8&amp;lottery=el-gordo-primitiva","datePublished":"2022-11-22T10:43:58+00:00","dateModified":"2022-11-22T10:43:58+00:00","description":"Dobitne \u0161tevilke, rezultati, nagrade za El Gordo in \u0161tevilne druge loterije, vedno posodobljene na na\u0161i spletni strani","breadcrumb":{"@id":"https:\/\/onlinelotto365.com\/sl\/zmagovalne-stevilke\/el-gordo\/#breadcrumb"},"inLanguage":"sl-SI","potentialAction":[{"@type":"ReadAction","target":["https:\/\/onlinelotto365.com\/sl\/zmagovalne-stevilke\/el-gordo\/"]}]},{"@type":"ImageObject","inLanguage":"sl-SI","@id":"https:\/\/onlinelotto365.com\/sl\/zmagovalne-stevilke\/el-gordo\/#primaryimage","url":"https:\/\/redfoxlotto.com\/image?size=8&amp;lottery=el-gordo-primitiva","contentUrl":"https:\/\/redfoxlotto.com\/image?size=8&amp;lottery=el-gordo-primitiva"},{"@type":"BreadcrumbList","@id":"https:\/\/onlinelotto365.com\/sl\/zmagovalne-stevilke\/el-gordo\/#breadcrumb","itemListElement":[{"@type":"ListItem","position":1,"name":"Home","item":"https:\/\/onlinelotto365.com\/sl\/"},{"@type":"ListItem","position":2,"name":"Preglejte zmagovalne \u0161tevilke in rezultate najnovej\u0161ih loto \u017erebanj","item":"https:\/\/onlinelotto365.com\/sl\/zmagovalne-stevilke\/"},{"@type":"ListItem","position":3,"name":"Preverite rezultate in dobitke igre El Gordo tukaj"}]},{"@type":"WebSite","@id":"https:\/\/onlinelotto365.com\/sl\/#website","url":"https:\/\/onlinelotto365.com\/sl\/","name":"OnlineLotto365","description":"","potentialAction":[{"@type":"SearchAction","target":{"@type":"EntryPoint","urlTemplate":"https:\/\/onlinelotto365.com\/sl\/?s={search_term_string}"},"query-input":{"@type":"PropertyValueSpecification","valueRequired":true,"valueName":"search_term_string"}}],"inLanguage":"sl-SI"}]}},"_links":{"self":[{"href":"https:\/\/onlinelotto365.com\/sl\/wp-json\/wp\/v2\/pages\/80681","targetHints":{"allow":["GET"]}}],"collection":[{"href":"https:\/\/onlinelotto365.com\/sl\/wp-json\/wp\/v2\/pages"}],"about":[{"href":"https:\/\/onlinelotto365.com\/sl\/wp-json\/wp\/v2\/types\/page"}],"author":[{"embeddable":true,"href":"https:\/\/onlinelotto365.com\/sl\/wp-json\/wp\/v2\/users\/1"}],"replies":[{"embeddable":true,"href":"https:\/\/onlinelotto365.com\/sl\/wp-json\/wp\/v2\/comments?post=80681"}],"version-history":[{"count":0,"href":"https:\/\/onlinelotto365.com\/sl\/wp-json\/wp\/v2\/pages\/80681\/revisions"}],"up":[{"embeddable":true,"href":"https:\/\/onlinelotto365.com\/sl\/wp-json\/wp\/v2\/pages\/5867"}],"wp:attachment":[{"href":"https:\/\/onlinelotto365.com\/sl\/wp-json\/wp\/v2\/media?parent=80681"}],"curies":[{"name":"wp","href":"https:\/\/api.w.org\/{rel}","templated":true}]}}