{"id":80714,"date":"2022-11-22T12:54:35","date_gmt":"2022-11-22T11:54:35","guid":{"rendered":"https:\/\/onlinelotto365.com\/?page_id=80714"},"modified":"2022-11-22T12:54:35","modified_gmt":"2022-11-22T11:54:35","slug":"la-primitiva","status":"publish","type":"page","link":"https:\/\/onlinelotto365.com\/sl\/zmagovalne-stevilke\/la-primitiva\/","title":{"rendered":"Rezultati \u017erebanja La Primitiva"},"content":{"rendered":"<p>Ponujamo veliko razli\u010dnih mednarodnih loterijskih iger in vemo, da \u017eelite hitro najti zmagovalne \u0161tevilke. Zato se nekateri odlo\u010dijo, da \u0161tevilke poi\u0161\u010dejo v \u010dasopisu. Vendar je iskanje zmagovalnih \u0161tevilk za La Primitiva v \u010dasopisu lahko te\u017eavno. Prav tako lahko te \u0161tevilke najdete na televiziji, saj morate opraviti raziskavo, da najdete pravi kanal.<br \/>\n<a href=\"https:\/\/redfoxlotto.com\/play\/la-primitiva\/?ref=a8564250a2&amp;medium=ol365\" target=\"_blank\" rel=\"noopener noreferrer\"><img decoding=\"async\" class=\"aligncenter\" src=\"https:\/\/redfoxlotto.com\/image?size=8&amp;lottery=la-primitiva\" alt=\" la primitiva\" \/><\/a><br \/>\nDruga mo\u017enost je, da obi\u0161\u010dete spletno stran igre La Primitiva in preverite, ali prikazujejo \u017erebanje v \u017eivo za njihovo igro. \u010ce to po\u010dnejo, je to lahko zelo zanimivo. \u010ce tega ne po\u010dnejo, kar se pri \u0161tevilnih igrah na sre\u010do ne dogaja, boste morali \u0161e nekaj \u010dasa \u010dakati.<\/p>\n<p>Po \u017erebanju lahko najnovej\u0161e \u017erebanje igre La Primitiva v\u010dasih najdete na YouTubu. Vendar morate za to po\u010dakati nekaj \u010dasa po \u017erebanju.<\/p>\n<p>Najprimernej\u0161i na\u010din za pridobitev \u0161tevilk pa je, da si ogledate na\u0161o spletno stran. Dobitne \u0161tevilke in rezultate ter celo zneske nagrad za La Primitivo vam ponujamo kar na na\u0161i spletni strani, vklju\u010dene pa so tudi druge loterije, ki jih ponujamo.<\/p>\n<h2>Kako ugotoviti, ali je va\u0161a spletna sre\u010dka dobitna<\/h2>\n<p>\u010ce ste kupili sre\u010dke za La Primitivo, vam sploh ni treba iti na stran z rezultati. Lahko greste naravnost v svoj ra\u010dun in si ogledate svoje vstopnice. Na istem zaslonu boste videli zmagovalne \u0161tevilke za vsako igro, ki ste jo igrali. Vidite tudi ozna\u010dene \u0161tevilke, ki se ujemajo z va\u0161imi listki in zmagovalnimi \u0161tevilkami.<br \/>\n\u010ce je va\u0161a \u0161tevilka pravilna, ste zmagovalec in lahko natan\u010dno vidite, koliko ste osvojili. Prav tako boste ugotovili, da so dobitki (za vse zneske pod 2500 EUR) \u017ee na voljo na va\u0161em ra\u010dunu, takoj ko so rezultati preverjeni.<\/p>\n<h2>Arhiv rezultatov igre La Primitiva<\/h2>\n<p>Za tiste, ki \u017eelijo izbrati svoje \u0161tevilke za naslednje \u017erebanje, vemo, da je lahko pomembno preveriti starej\u0161e sre\u010dke in starej\u0161e \u0161tevilke. Zato smo poskrbeli, da ima vsaka stran z najnovej\u0161imi rezultati igre La Primitiva dostop tudi do starej\u0161ih \u0161tevilk. Te lahko preverite kadar koli in iz katerega koli razloga.<\/p>\n<h2>Moj listek je zmagal, kaj sledi?<\/h2>\n<p>\u010ce je va\u0161a sre\u010dka dobitna, se morate samo udobno namestiti in sprostiti, saj bomo za vse poskrbeli namesto vas. Znesek, ni\u017eji od 2500 EUR, vam naka\u017eemo neposredno na va\u0161 ra\u010dun, zato vam ga ni treba zahtevati ali opravljati dodatnih korakov. \u010ce imate na ra\u010dunu vsaj 10 \u20ac, lahko nato denar dvignete na svoj ban\u010dni ra\u010dun ali kreditno kartico.<br \/>\n<img loading=\"lazy\" decoding=\"async\" class=\"alignright wp-image-3572\" src=\"https:\/\/onlinelotto365.com\/wp-content\/uploads\/2020\/11\/online_lottery-25-300x212.jpg\" alt=\"dobitne \u0161tevilke za La Primitiva\" width=\"232\" height=\"165\" srcset=\"https:\/\/onlinelotto365.com\/wp-content\/uploads\/2020\/11\/online_lottery-25-300x212.jpg 300w, https:\/\/onlinelotto365.com\/wp-content\/uploads\/2020\/11\/online_lottery-25.jpg 320w\" sizes=\"auto, (max-width: 232px) 100vw, 232px\" \/><br \/>\nPrepri\u010dati se morate le, da ste to kartico ali ra\u010dun pri nas \u017ee uporabili. Izpolniti boste morali tudi nekaj dokumentov, da se prepri\u010damo, da izpolnjujemo predpise, ki jih ima na\u0161 obdelovalec pla\u010dil. Ti dokumenti \u0161\u010ditijo nas, \u0161\u010ditijo pa tudi vas, saj zagotavljajo, da ste vi edini, ki lahko dvignete svoj denar z ra\u010duna.<\/p>\n","protected":false},"excerpt":{"rendered":"<p>Ponujamo veliko razli\u010dnih mednarodnih loterijskih iger in vemo, da \u017eelite hitro najti zmagovalne \u0161tevilke. Zato se nekateri odlo\u010dijo, da \u0161tevilke poi\u0161\u010dejo v \u010dasopisu. Vendar je iskanje zmagovalnih \u0161tevilk za La Primitiva v \u010dasopisu lahko te\u017eavno. Prav tako lahko te \u0161tevilke najdete na televiziji, saj morate opraviti raziskavo, da najdete pravi kanal. Druga mo\u017enost je, da [&hellip;]<\/p>\n","protected":false},"author":1,"featured_media":0,"parent":5867,"menu_order":7,"comment_status":"closed","ping_status":"closed","template":"la-primitiva-results.php","meta":{"_et_pb_use_builder":"","_et_pb_old_content":"","_et_gb_content_width":"","exclude_from_search":false,"footnotes":""},"class_list":["post-80714","page","type-page","status-publish","hentry"],"yoast_head":"<!-- This site is optimized with the Yoast SEO plugin v23.4 - https:\/\/yoast.com\/wordpress\/plugins\/seo\/ -->\n<title>Zadnji rezultati \u017erebanja, dobitne \u0161tevilke za La Primitiva<\/title>\n<meta name=\"description\" content=\"Preberite najnovej\u0161e dobitne \u0161tevilke \u0161panskega \u017erebanja La Primitiva in druge rezultate.\" \/>\n<meta name=\"robots\" content=\"index, follow, max-snippet:-1, max-image-preview:large, max-video-preview:-1\" \/>\n<link rel=\"canonical\" href=\"https:\/\/onlinelotto365.com\/sl\/zmagovalne-stevilke\/la-primitiva\/\" \/>\n<meta property=\"og:locale\" content=\"sl_SI\" \/>\n<meta property=\"og:type\" content=\"article\" \/>\n<meta property=\"og:title\" content=\"Zadnji rezultati \u017erebanja, dobitne \u0161tevilke za La Primitiva\" \/>\n<meta property=\"og:description\" content=\"Preberite najnovej\u0161e dobitne \u0161tevilke \u0161panskega \u017erebanja La Primitiva in druge rezultate.\" \/>\n<meta property=\"og:url\" content=\"https:\/\/onlinelotto365.com\/sl\/zmagovalne-stevilke\/la-primitiva\/\" \/>\n<meta property=\"og:site_name\" content=\"OnlineLotto365\" \/>\n<meta property=\"og:image\" content=\"https:\/\/redfoxlotto.com\/image?size=8&amp;lottery=la-primitiva\" \/>\n<meta name=\"twitter:card\" content=\"summary_large_image\" \/>\n<meta name=\"twitter:label1\" content=\"Est. reading time\" \/>\n\t<meta name=\"twitter:data1\" content=\"3 minute\" \/>\n<script type=\"application\/ld+json\" class=\"yoast-schema-graph\">{\"@context\":\"https:\/\/schema.org\",\"@graph\":[{\"@type\":\"WebPage\",\"@id\":\"https:\/\/onlinelotto365.com\/sl\/zmagovalne-stevilke\/la-primitiva\/\",\"url\":\"https:\/\/onlinelotto365.com\/sl\/zmagovalne-stevilke\/la-primitiva\/\",\"name\":\"Zadnji rezultati \u017erebanja, dobitne \u0161tevilke za La Primitiva\",\"isPartOf\":{\"@id\":\"https:\/\/onlinelotto365.com\/sl\/#website\"},\"primaryImageOfPage\":{\"@id\":\"https:\/\/onlinelotto365.com\/sl\/zmagovalne-stevilke\/la-primitiva\/#primaryimage\"},\"image\":{\"@id\":\"https:\/\/onlinelotto365.com\/sl\/zmagovalne-stevilke\/la-primitiva\/#primaryimage\"},\"thumbnailUrl\":\"https:\/\/redfoxlotto.com\/image?size=8&amp;lottery=la-primitiva\",\"datePublished\":\"2022-11-22T11:54:35+00:00\",\"dateModified\":\"2022-11-22T11:54:35+00:00\",\"description\":\"Preberite najnovej\u0161e dobitne \u0161tevilke \u0161panskega \u017erebanja La Primitiva in druge rezultate.\",\"breadcrumb\":{\"@id\":\"https:\/\/onlinelotto365.com\/sl\/zmagovalne-stevilke\/la-primitiva\/#breadcrumb\"},\"inLanguage\":\"sl-SI\",\"potentialAction\":[{\"@type\":\"ReadAction\",\"target\":[\"https:\/\/onlinelotto365.com\/sl\/zmagovalne-stevilke\/la-primitiva\/\"]}]},{\"@type\":\"ImageObject\",\"inLanguage\":\"sl-SI\",\"@id\":\"https:\/\/onlinelotto365.com\/sl\/zmagovalne-stevilke\/la-primitiva\/#primaryimage\",\"url\":\"https:\/\/redfoxlotto.com\/image?size=8&amp;lottery=la-primitiva\",\"contentUrl\":\"https:\/\/redfoxlotto.com\/image?size=8&amp;lottery=la-primitiva\"},{\"@type\":\"BreadcrumbList\",\"@id\":\"https:\/\/onlinelotto365.com\/sl\/zmagovalne-stevilke\/la-primitiva\/#breadcrumb\",\"itemListElement\":[{\"@type\":\"ListItem\",\"position\":1,\"name\":\"Home\",\"item\":\"https:\/\/onlinelotto365.com\/sl\/\"},{\"@type\":\"ListItem\",\"position\":2,\"name\":\"Preglejte zmagovalne \u0161tevilke in rezultate najnovej\u0161ih loto \u017erebanj\",\"item\":\"https:\/\/onlinelotto365.com\/sl\/zmagovalne-stevilke\/\"},{\"@type\":\"ListItem\",\"position\":3,\"name\":\"Rezultati \u017erebanja La Primitiva\"}]},{\"@type\":\"WebSite\",\"@id\":\"https:\/\/onlinelotto365.com\/sl\/#website\",\"url\":\"https:\/\/onlinelotto365.com\/sl\/\",\"name\":\"OnlineLotto365\",\"description\":\"\",\"potentialAction\":[{\"@type\":\"SearchAction\",\"target\":{\"@type\":\"EntryPoint\",\"urlTemplate\":\"https:\/\/onlinelotto365.com\/sl\/?s={search_term_string}\"},\"query-input\":{\"@type\":\"PropertyValueSpecification\",\"valueRequired\":true,\"valueName\":\"search_term_string\"}}],\"inLanguage\":\"sl-SI\"}]}<\/script>\n<!-- \/ Yoast SEO plugin. -->","yoast_head_json":{"title":"Zadnji rezultati \u017erebanja, dobitne \u0161tevilke za La Primitiva","description":"Preberite najnovej\u0161e dobitne \u0161tevilke \u0161panskega \u017erebanja La Primitiva in druge rezultate.","robots":{"index":"index","follow":"follow","max-snippet":"max-snippet:-1","max-image-preview":"max-image-preview:large","max-video-preview":"max-video-preview:-1"},"canonical":"https:\/\/onlinelotto365.com\/sl\/zmagovalne-stevilke\/la-primitiva\/","og_locale":"sl_SI","og_type":"article","og_title":"Zadnji rezultati \u017erebanja, dobitne \u0161tevilke za La Primitiva","og_description":"Preberite najnovej\u0161e dobitne \u0161tevilke \u0161panskega \u017erebanja La Primitiva in druge rezultate.","og_url":"https:\/\/onlinelotto365.com\/sl\/zmagovalne-stevilke\/la-primitiva\/","og_site_name":"OnlineLotto365","og_image":[{"url":"https:\/\/redfoxlotto.com\/image?size=8&amp;lottery=la-primitiva"}],"twitter_card":"summary_large_image","twitter_misc":{"Est. reading time":"3 minute"},"schema":{"@context":"https:\/\/schema.org","@graph":[{"@type":"WebPage","@id":"https:\/\/onlinelotto365.com\/sl\/zmagovalne-stevilke\/la-primitiva\/","url":"https:\/\/onlinelotto365.com\/sl\/zmagovalne-stevilke\/la-primitiva\/","name":"Zadnji rezultati \u017erebanja, dobitne \u0161tevilke za La Primitiva","isPartOf":{"@id":"https:\/\/onlinelotto365.com\/sl\/#website"},"primaryImageOfPage":{"@id":"https:\/\/onlinelotto365.com\/sl\/zmagovalne-stevilke\/la-primitiva\/#primaryimage"},"image":{"@id":"https:\/\/onlinelotto365.com\/sl\/zmagovalne-stevilke\/la-primitiva\/#primaryimage"},"thumbnailUrl":"https:\/\/redfoxlotto.com\/image?size=8&amp;lottery=la-primitiva","datePublished":"2022-11-22T11:54:35+00:00","dateModified":"2022-11-22T11:54:35+00:00","description":"Preberite najnovej\u0161e dobitne \u0161tevilke \u0161panskega \u017erebanja La Primitiva in druge rezultate.","breadcrumb":{"@id":"https:\/\/onlinelotto365.com\/sl\/zmagovalne-stevilke\/la-primitiva\/#breadcrumb"},"inLanguage":"sl-SI","potentialAction":[{"@type":"ReadAction","target":["https:\/\/onlinelotto365.com\/sl\/zmagovalne-stevilke\/la-primitiva\/"]}]},{"@type":"ImageObject","inLanguage":"sl-SI","@id":"https:\/\/onlinelotto365.com\/sl\/zmagovalne-stevilke\/la-primitiva\/#primaryimage","url":"https:\/\/redfoxlotto.com\/image?size=8&amp;lottery=la-primitiva","contentUrl":"https:\/\/redfoxlotto.com\/image?size=8&amp;lottery=la-primitiva"},{"@type":"BreadcrumbList","@id":"https:\/\/onlinelotto365.com\/sl\/zmagovalne-stevilke\/la-primitiva\/#breadcrumb","itemListElement":[{"@type":"ListItem","position":1,"name":"Home","item":"https:\/\/onlinelotto365.com\/sl\/"},{"@type":"ListItem","position":2,"name":"Preglejte zmagovalne \u0161tevilke in rezultate najnovej\u0161ih loto \u017erebanj","item":"https:\/\/onlinelotto365.com\/sl\/zmagovalne-stevilke\/"},{"@type":"ListItem","position":3,"name":"Rezultati \u017erebanja La Primitiva"}]},{"@type":"WebSite","@id":"https:\/\/onlinelotto365.com\/sl\/#website","url":"https:\/\/onlinelotto365.com\/sl\/","name":"OnlineLotto365","description":"","potentialAction":[{"@type":"SearchAction","target":{"@type":"EntryPoint","urlTemplate":"https:\/\/onlinelotto365.com\/sl\/?s={search_term_string}"},"query-input":{"@type":"PropertyValueSpecification","valueRequired":true,"valueName":"search_term_string"}}],"inLanguage":"sl-SI"}]}},"_links":{"self":[{"href":"https:\/\/onlinelotto365.com\/sl\/wp-json\/wp\/v2\/pages\/80714","targetHints":{"allow":["GET"]}}],"collection":[{"href":"https:\/\/onlinelotto365.com\/sl\/wp-json\/wp\/v2\/pages"}],"about":[{"href":"https:\/\/onlinelotto365.com\/sl\/wp-json\/wp\/v2\/types\/page"}],"author":[{"embeddable":true,"href":"https:\/\/onlinelotto365.com\/sl\/wp-json\/wp\/v2\/users\/1"}],"replies":[{"embeddable":true,"href":"https:\/\/onlinelotto365.com\/sl\/wp-json\/wp\/v2\/comments?post=80714"}],"version-history":[{"count":0,"href":"https:\/\/onlinelotto365.com\/sl\/wp-json\/wp\/v2\/pages\/80714\/revisions"}],"up":[{"embeddable":true,"href":"https:\/\/onlinelotto365.com\/sl\/wp-json\/wp\/v2\/pages\/5867"}],"wp:attachment":[{"href":"https:\/\/onlinelotto365.com\/sl\/wp-json\/wp\/v2\/media?parent=80714"}],"curies":[{"name":"wp","href":"https:\/\/api.w.org\/{rel}","templated":true}]}}