{"id":80746,"date":"2022-11-22T13:43:59","date_gmt":"2022-11-22T12:43:59","guid":{"rendered":"https:\/\/onlinelotto365.com\/?page_id=80746"},"modified":"2022-11-22T13:43:59","modified_gmt":"2022-11-22T12:43:59","slug":"bonoloto","status":"publish","type":"page","link":"https:\/\/onlinelotto365.com\/sl\/zmagovalne-stevilke\/bonoloto\/","title":{"rendered":"\u0160panski rezultati Bonoloto"},"content":{"rendered":"<p>Mednarodne loterijske igre so lahko zelo zabavne, vendar morate vedeti, kako preveriti zmagovalne \u0161tevilke. Eden od na\u010dinov za preverjanje zmagovalnih \u0161tevilk BonoLoto je, da obi\u0161\u010dete \u010dasopis. Vendar bodo rezultati, ki jih i\u0161\u010dete, obi\u010dajno objavljeni le v lokalnih \u010dasopisih.<br \/>\n<a href=\"https:\/\/redfoxlotto.com\/play\/bonoloto\/?ref=a8564250a2&amp;medium=ol365\" target=\"_blank\" rel=\"noopener noreferrer\"><img decoding=\"async\" class=\"aligncenter\" src=\"https:\/\/redfoxlotto.com\/image?size=8&amp;lottery=bonoloto\" alt=\"BonoLoto\" \/><\/a><br \/>\nDruga mo\u017enost je, da si ogledate televizijske postaje, vendar tudi tam morda ne boste na\u0161li informacij, ki jih i\u0161\u010dete. \u017diveti morate na pravem obmo\u010dju in vedeti, kdaj preveriti \u0161tevilke.<\/p>\n<p>Nato lahko na uradni spletni strani BonoLoto preverite, ali ponujajo spletno \u017erebanje v \u017eivo. Pri igrah, ki to ponujajo, je to lahko razburljivo za vsakogar, saj se lahko ujamete v trenutek, ko gledate \u0161tevilke, ki se takoj pojavijo. Vendar ne pozabite, da te mo\u017enosti ne ponujajo vse loterijske igre.<\/p>\n<p>Nazadnje si lahko na YouTubu ogledate, ali je kdo objavil video posnetek \u017erebanja v \u017eivo ali pa je zmagovalne \u0161tevilke posnel na kakr\u0161en koli drug na\u010din in tako delil \u017erebanje BonoLoto.<\/p>\n<p>Najbolj priro\u010den na\u010din, kako lahko dobite zmagovalne \u0161tevilke, pa je vsekakor ta, da si ogledate na\u0161o spletno stran. Na na\u0161em spletnem mestu vam bomo posredovali vse dobitne \u0161tevilke za igro BonoLoto in vse druge igre, ki jih imamo na voljo, tako da jih boste lahko spremljali na enem mestu.<\/p>\n<h2>Kako ugotoviti, ali je va\u0161a spletna sre\u010dka dobitna<\/h2>\n<p>Tisti, ki ste \u017ee kupili sre\u010dko za BonoLoto, lahko vstopite v svoj ra\u010dun. Prijavite se in pojdite na stran s svojimi vstopnicami. Ko boste tam, si boste lahko ogledali rezultate vseh iger, za katere ste kupili vstopnice. Tako boste veliko la\u017eje videli, katere \u0161tevilke so se ujemale in katere ne. Prav tako boste lahko takoj dobili svoj denar, \u010de ste osvojili manj kot 2500 evrov. Ti zneski so namre\u010d nakazani neposredno na va\u0161 ra\u010dun, ne da bi vam bilo treba kar koli storiti.<\/p>\n<h2>Arhiv rezultatov BonoLoto<\/h2>\n<p><img loading=\"lazy\" decoding=\"async\" class=\"alignright wp-image-3651\" src=\"https:\/\/onlinelotto365.com\/wp-content\/uploads\/2020\/11\/online_lottery-79-300x292.jpg\" alt=\"zmagovalne \u0161tevilke bonoloto\" width=\"148\" height=\"145\" srcset=\"https:\/\/onlinelotto365.com\/wp-content\/uploads\/2020\/11\/online_lottery-79-300x292.jpg 300w, https:\/\/onlinelotto365.com\/wp-content\/uploads\/2020\/11\/online_lottery-79.jpg 320w\" sizes=\"auto, (max-width: 148px) 100vw, 148px\" \/><br \/>\n\u010ce i\u0161\u010dete stare \u0161tevilke igre BonoLoto, vam ni treba iskati dale\u010d. Za vse smo namre\u010d poskrbeli namesto vas. Vse stare \u0161tevilke smo celo postavili na isto mesto kot najnovej\u0161e \u0161tevilke, tako da vam jih ni treba iskati. To pa zato, ker vemo, kako pomembno je za vas, da lahko te \u0161tevilke najdete, ko jih \u017eelite.<\/p>\n<h2>Moj listek je zmagal, kaj sledi?<\/h2>\n<p>Govorili smo \u017ee o tem, da \u010de osvojite katerega od manj\u0161ih dobitkov za katero koli igro loto, vam ni treba skrbeti, da boste dobili svoj denar. To pa zato, ker za njegovo nakazilo neposredno na va\u0161 ra\u010dun poskrbimo mi. Vsak znesek pod 2500 \u20ac bo samodejno dodan na va\u0161 ra\u010dun, tako da bo pripravljen, kadarkoli ga boste \u017eeleli.<br \/>\nTo bo za vas vsekakor priro\u010dno in vam bo pomagalo, da za\u010dnete uporabljati ta denar. To pa zato, ker ga boste lahko uporabili za nakup ve\u010d vstopnic, kadarkoli boste \u017eeleli. \u010ce je znesek vi\u0161ji od 10 \u20ac, lahko denar celo dvignete na katerikoli ra\u010dun, ki ste ga na na\u0161em spletnem mestu \u017ee uporabljali.<\/p>\n","protected":false},"excerpt":{"rendered":"<p>Mednarodne loterijske igre so lahko zelo zabavne, vendar morate vedeti, kako preveriti zmagovalne \u0161tevilke. Eden od na\u010dinov za preverjanje zmagovalnih \u0161tevilk BonoLoto je, da obi\u0161\u010dete \u010dasopis. Vendar bodo rezultati, ki jih i\u0161\u010dete, obi\u010dajno objavljeni le v lokalnih \u010dasopisih. Druga mo\u017enost je, da si ogledate televizijske postaje, vendar tudi tam morda ne boste na\u0161li informacij, ki [&hellip;]<\/p>\n","protected":false},"author":1,"featured_media":0,"parent":5867,"menu_order":8,"comment_status":"closed","ping_status":"closed","template":"template-rightsidebar.php","meta":{"_et_pb_use_builder":"","_et_pb_old_content":"","_et_gb_content_width":"","exclude_from_search":false,"footnotes":""},"class_list":["post-80746","page","type-page","status-publish","hentry"],"yoast_head":"<!-- This site is optimized with the Yoast SEO plugin v23.4 - https:\/\/yoast.com\/wordpress\/plugins\/seo\/ -->\n<title>Rezultati in nagrade za \u0161panski BonoLoto<\/title>\n<meta name=\"description\" content=\"\u010ce \u017eelite izvedeti, ali so va\u0161e vstopnice za Bonoloto zmagale, glejte tukaj\" \/>\n<meta name=\"robots\" content=\"index, follow, max-snippet:-1, max-image-preview:large, max-video-preview:-1\" \/>\n<link rel=\"canonical\" href=\"https:\/\/onlinelotto365.com\/sl\/zmagovalne-stevilke\/bonoloto\/\" \/>\n<meta property=\"og:locale\" content=\"sl_SI\" \/>\n<meta property=\"og:type\" content=\"article\" \/>\n<meta property=\"og:title\" content=\"Rezultati in nagrade za \u0161panski BonoLoto\" \/>\n<meta property=\"og:description\" content=\"\u010ce \u017eelite izvedeti, ali so va\u0161e vstopnice za Bonoloto zmagale, glejte tukaj\" \/>\n<meta property=\"og:url\" content=\"https:\/\/onlinelotto365.com\/sl\/zmagovalne-stevilke\/bonoloto\/\" \/>\n<meta property=\"og:site_name\" content=\"OnlineLotto365\" \/>\n<meta property=\"og:image\" content=\"https:\/\/redfoxlotto.com\/image?size=8&amp;lottery=bonoloto\" \/>\n<meta name=\"twitter:card\" content=\"summary_large_image\" \/>\n<meta name=\"twitter:label1\" content=\"Est. reading time\" \/>\n\t<meta name=\"twitter:data1\" content=\"3 minute\" \/>\n<script type=\"application\/ld+json\" class=\"yoast-schema-graph\">{\"@context\":\"https:\/\/schema.org\",\"@graph\":[{\"@type\":\"WebPage\",\"@id\":\"https:\/\/onlinelotto365.com\/sl\/zmagovalne-stevilke\/bonoloto\/\",\"url\":\"https:\/\/onlinelotto365.com\/sl\/zmagovalne-stevilke\/bonoloto\/\",\"name\":\"Rezultati in nagrade za \u0161panski BonoLoto\",\"isPartOf\":{\"@id\":\"https:\/\/onlinelotto365.com\/sl\/#website\"},\"primaryImageOfPage\":{\"@id\":\"https:\/\/onlinelotto365.com\/sl\/zmagovalne-stevilke\/bonoloto\/#primaryimage\"},\"image\":{\"@id\":\"https:\/\/onlinelotto365.com\/sl\/zmagovalne-stevilke\/bonoloto\/#primaryimage\"},\"thumbnailUrl\":\"https:\/\/redfoxlotto.com\/image?size=8&amp;lottery=bonoloto\",\"datePublished\":\"2022-11-22T12:43:59+00:00\",\"dateModified\":\"2022-11-22T12:43:59+00:00\",\"description\":\"\u010ce \u017eelite izvedeti, ali so va\u0161e vstopnice za Bonoloto zmagale, glejte tukaj\",\"breadcrumb\":{\"@id\":\"https:\/\/onlinelotto365.com\/sl\/zmagovalne-stevilke\/bonoloto\/#breadcrumb\"},\"inLanguage\":\"sl-SI\",\"potentialAction\":[{\"@type\":\"ReadAction\",\"target\":[\"https:\/\/onlinelotto365.com\/sl\/zmagovalne-stevilke\/bonoloto\/\"]}]},{\"@type\":\"ImageObject\",\"inLanguage\":\"sl-SI\",\"@id\":\"https:\/\/onlinelotto365.com\/sl\/zmagovalne-stevilke\/bonoloto\/#primaryimage\",\"url\":\"https:\/\/redfoxlotto.com\/image?size=8&amp;lottery=bonoloto\",\"contentUrl\":\"https:\/\/redfoxlotto.com\/image?size=8&amp;lottery=bonoloto\"},{\"@type\":\"BreadcrumbList\",\"@id\":\"https:\/\/onlinelotto365.com\/sl\/zmagovalne-stevilke\/bonoloto\/#breadcrumb\",\"itemListElement\":[{\"@type\":\"ListItem\",\"position\":1,\"name\":\"Home\",\"item\":\"https:\/\/onlinelotto365.com\/sl\/\"},{\"@type\":\"ListItem\",\"position\":2,\"name\":\"Preglejte zmagovalne \u0161tevilke in rezultate najnovej\u0161ih loto \u017erebanj\",\"item\":\"https:\/\/onlinelotto365.com\/sl\/zmagovalne-stevilke\/\"},{\"@type\":\"ListItem\",\"position\":3,\"name\":\"\u0160panski rezultati Bonoloto\"}]},{\"@type\":\"WebSite\",\"@id\":\"https:\/\/onlinelotto365.com\/sl\/#website\",\"url\":\"https:\/\/onlinelotto365.com\/sl\/\",\"name\":\"OnlineLotto365\",\"description\":\"\",\"potentialAction\":[{\"@type\":\"SearchAction\",\"target\":{\"@type\":\"EntryPoint\",\"urlTemplate\":\"https:\/\/onlinelotto365.com\/sl\/?s={search_term_string}\"},\"query-input\":{\"@type\":\"PropertyValueSpecification\",\"valueRequired\":true,\"valueName\":\"search_term_string\"}}],\"inLanguage\":\"sl-SI\"}]}<\/script>\n<!-- \/ Yoast SEO plugin. -->","yoast_head_json":{"title":"Rezultati in nagrade za \u0161panski BonoLoto","description":"\u010ce \u017eelite izvedeti, ali so va\u0161e vstopnice za Bonoloto zmagale, glejte tukaj","robots":{"index":"index","follow":"follow","max-snippet":"max-snippet:-1","max-image-preview":"max-image-preview:large","max-video-preview":"max-video-preview:-1"},"canonical":"https:\/\/onlinelotto365.com\/sl\/zmagovalne-stevilke\/bonoloto\/","og_locale":"sl_SI","og_type":"article","og_title":"Rezultati in nagrade za \u0161panski BonoLoto","og_description":"\u010ce \u017eelite izvedeti, ali so va\u0161e vstopnice za Bonoloto zmagale, glejte tukaj","og_url":"https:\/\/onlinelotto365.com\/sl\/zmagovalne-stevilke\/bonoloto\/","og_site_name":"OnlineLotto365","og_image":[{"url":"https:\/\/redfoxlotto.com\/image?size=8&amp;lottery=bonoloto"}],"twitter_card":"summary_large_image","twitter_misc":{"Est. reading time":"3 minute"},"schema":{"@context":"https:\/\/schema.org","@graph":[{"@type":"WebPage","@id":"https:\/\/onlinelotto365.com\/sl\/zmagovalne-stevilke\/bonoloto\/","url":"https:\/\/onlinelotto365.com\/sl\/zmagovalne-stevilke\/bonoloto\/","name":"Rezultati in nagrade za \u0161panski BonoLoto","isPartOf":{"@id":"https:\/\/onlinelotto365.com\/sl\/#website"},"primaryImageOfPage":{"@id":"https:\/\/onlinelotto365.com\/sl\/zmagovalne-stevilke\/bonoloto\/#primaryimage"},"image":{"@id":"https:\/\/onlinelotto365.com\/sl\/zmagovalne-stevilke\/bonoloto\/#primaryimage"},"thumbnailUrl":"https:\/\/redfoxlotto.com\/image?size=8&amp;lottery=bonoloto","datePublished":"2022-11-22T12:43:59+00:00","dateModified":"2022-11-22T12:43:59+00:00","description":"\u010ce \u017eelite izvedeti, ali so va\u0161e vstopnice za Bonoloto zmagale, glejte tukaj","breadcrumb":{"@id":"https:\/\/onlinelotto365.com\/sl\/zmagovalne-stevilke\/bonoloto\/#breadcrumb"},"inLanguage":"sl-SI","potentialAction":[{"@type":"ReadAction","target":["https:\/\/onlinelotto365.com\/sl\/zmagovalne-stevilke\/bonoloto\/"]}]},{"@type":"ImageObject","inLanguage":"sl-SI","@id":"https:\/\/onlinelotto365.com\/sl\/zmagovalne-stevilke\/bonoloto\/#primaryimage","url":"https:\/\/redfoxlotto.com\/image?size=8&amp;lottery=bonoloto","contentUrl":"https:\/\/redfoxlotto.com\/image?size=8&amp;lottery=bonoloto"},{"@type":"BreadcrumbList","@id":"https:\/\/onlinelotto365.com\/sl\/zmagovalne-stevilke\/bonoloto\/#breadcrumb","itemListElement":[{"@type":"ListItem","position":1,"name":"Home","item":"https:\/\/onlinelotto365.com\/sl\/"},{"@type":"ListItem","position":2,"name":"Preglejte zmagovalne \u0161tevilke in rezultate najnovej\u0161ih loto \u017erebanj","item":"https:\/\/onlinelotto365.com\/sl\/zmagovalne-stevilke\/"},{"@type":"ListItem","position":3,"name":"\u0160panski rezultati Bonoloto"}]},{"@type":"WebSite","@id":"https:\/\/onlinelotto365.com\/sl\/#website","url":"https:\/\/onlinelotto365.com\/sl\/","name":"OnlineLotto365","description":"","potentialAction":[{"@type":"SearchAction","target":{"@type":"EntryPoint","urlTemplate":"https:\/\/onlinelotto365.com\/sl\/?s={search_term_string}"},"query-input":{"@type":"PropertyValueSpecification","valueRequired":true,"valueName":"search_term_string"}}],"inLanguage":"sl-SI"}]}},"_links":{"self":[{"href":"https:\/\/onlinelotto365.com\/sl\/wp-json\/wp\/v2\/pages\/80746","targetHints":{"allow":["GET"]}}],"collection":[{"href":"https:\/\/onlinelotto365.com\/sl\/wp-json\/wp\/v2\/pages"}],"about":[{"href":"https:\/\/onlinelotto365.com\/sl\/wp-json\/wp\/v2\/types\/page"}],"author":[{"embeddable":true,"href":"https:\/\/onlinelotto365.com\/sl\/wp-json\/wp\/v2\/users\/1"}],"replies":[{"embeddable":true,"href":"https:\/\/onlinelotto365.com\/sl\/wp-json\/wp\/v2\/comments?post=80746"}],"version-history":[{"count":0,"href":"https:\/\/onlinelotto365.com\/sl\/wp-json\/wp\/v2\/pages\/80746\/revisions"}],"up":[{"embeddable":true,"href":"https:\/\/onlinelotto365.com\/sl\/wp-json\/wp\/v2\/pages\/5867"}],"wp:attachment":[{"href":"https:\/\/onlinelotto365.com\/sl\/wp-json\/wp\/v2\/media?parent=80746"}],"curies":[{"name":"wp","href":"https:\/\/api.w.org\/{rel}","templated":true}]}}