{"id":80778,"date":"2022-11-23T07:37:28","date_gmt":"2022-11-23T06:37:28","guid":{"rendered":"https:\/\/onlinelotto365.com\/?page_id=80778"},"modified":"2022-11-23T07:37:28","modified_gmt":"2022-11-23T06:37:28","slug":"uk-lottery","status":"publish","type":"page","link":"https:\/\/onlinelotto365.com\/sl\/zmagovalne-stevilke\/uk-lottery\/","title":{"rendered":"Rezultati loterije v Zdru\u017eenem kraljestvu"},"content":{"rendered":"<p>Na voljo je veliko razli\u010dnih mednarodnih iger, mi pa jih ponujamo veliko. To lahko pomeni, da boste po \u017erebanju te\u017eko na\u0161li rezultate. Nekateri \u017eelijo poiskati rezultate v \u010dasopisu, vendar va\u0161 lokalni \u010dasopis morda nima rezultatov loterije v Zdru\u017eenem kraljestvu. Po drugi strani pa tudi televizijske postaje morda nimajo teh rezultatov ali pa lahko traja nekaj \u010dasa, da najdete pravi kanal, ki jih ima.<br \/>\n<a href=\"https:\/\/redfoxlotto.com\/play\/lotto-uk\/?ref=a8564250a2&amp;medium=ol365\" target=\"_blank\" rel=\"noopener noreferrer\"><img decoding=\"async\" class=\"aligncenter\" src=\"https:\/\/redfoxlotto.com\/image?size=8&amp;lottery=lotto-uk\" alt=\"uk loterija\" \/><\/a><\/p>\n<p>Druga mo\u017enost je, da si ogledate uradno spletno stran Loterije Zdru\u017eenega kraljestva, na kateri je morda na voljo neposredni prenos postopka \u017erebanja. Vendar vse loterijske igre ne ponujajo tak\u0161nega sistema prenosa v \u017eivo in tudi \u010de ga ponujajo, morate biti tam ob pravem \u010dasu. Na kak\u0161en na\u010din torej lahko poi\u0161\u010dete rezultate loterije UK Lottery?<br \/>\nDruga mo\u017enost je, da na YouTubu poi\u0161\u010dete zadnje \u017erebanje Loterije Velike Britanije, \u010de se je \u017ee kon\u010dalo. V\u010dasih bodo ljudje nalo\u017eili posnetek ali na kakr\u0161en koli na\u010din objavili zmagovalne \u0161tevilke.<\/p>\n<p>Najla\u017eji na\u010din, kako lahko dobite zmagovalne \u0161tevilke, pa je, da si ogledate na\u0161o spletno stran. Na na\u0161i strani z rezultati loterije boste videli rezultate in nagrade za Loterijo Velike Britanije ter vse druge loterijske igre, ki jih imamo na voljo.<\/p>\n<h2>Kako ugotoviti, ali je va\u0161a spletna sre\u010dka zmagala<\/h2>\n<p>\u0160e bolj\u0161e za vas je, da lahko preverite stran svojega ra\u010duna, \u010de ste \u017ee kupili sre\u010dke. Na strani va\u0161ega ra\u010duna vam bomo prikazali zmagovalne \u0161tevilke za vse listke, ki jih imate, in jih primerjali z va\u0161im listkom. Izpostavili bomo celo \u0161tevilke, ki se ujemajo.<br \/>\nIn \u010de osvojite manj kot 2500 evrov, vam ni treba storiti ni\u010desar, saj bo denar \u017ee nakazan neposredno na va\u0161 igralni ra\u010dun, takoj ko bodo rezultati preverjeni. Tako boste la\u017eje kupili ve\u010d sre\u010dk za naslednje \u017erebanje.<\/p>\n<h2>Arhiv rezultatov britanske loterije<\/h2>\n<p>Na vsaki strani na na\u0161em spletnem mestu, kjer so prikazane trenutne dobitne \u0161tevilke, so prikazani tudi stari rezultati Loterije Velike Britanije. Tako boste lahko preverili prej\u0161nja \u017erebanja za stare sre\u010dke ali ugotovili, katere \u0161tevilke \u017eelite igrati naslednji\u010d. Veliko ljudi namre\u010d rado preveri stare \u0161tevilke, da bi izbrali svoje.<\/p>\n<h2>Moj listek je zmagal, kaj sledi?<\/h2>\n<p><img loading=\"lazy\" decoding=\"async\" class=\"alignright wp-image-3550\" src=\"https:\/\/onlinelotto365.com\/wp-content\/uploads\/2020\/11\/online_lottery-108-300x232.jpg\" alt=\"uk loterija rezultati\" width=\"146\" height=\"113\" srcset=\"https:\/\/onlinelotto365.com\/wp-content\/uploads\/2020\/11\/online_lottery-108-300x232.jpg 300w, https:\/\/onlinelotto365.com\/wp-content\/uploads\/2020\/11\/online_lottery-108.jpg 320w\" sizes=\"auto, (max-width: 146px) 100vw, 146px\" \/><br \/>\n\u010ce imate dobitno sre\u010dko in ste upravi\u010deni do manj kot 2500 EUR, vam ni treba storiti ni\u010desar. Za vse poskrbimo namesto vas in poskrbimo, da dobitek prejmete neposredno na svoj ra\u010dun. \u010ce \u017eelite ta denar porabiti, ga lahko uporabite za nakup \u0161e ve\u010d sre\u010dk. \u010ce tega ne \u017eelite, lahko denar dvignete, \u010de imate na voljo vsaj 10 \u20ac. Ta denar je treba dvigniti z na\u010dinom pla\u010dila, ki je bil \u017ee uporabljen na na\u0161em spletnem mestu, zaradi skladnosti z zveznimi predpisi pa boste morda morali preveriti svojo identiteto.<\/p>\n","protected":false},"excerpt":{"rendered":"<p>Na voljo je veliko razli\u010dnih mednarodnih iger, mi pa jih ponujamo veliko. To lahko pomeni, da boste po \u017erebanju te\u017eko na\u0161li rezultate. Nekateri \u017eelijo poiskati rezultate v \u010dasopisu, vendar va\u0161 lokalni \u010dasopis morda nima rezultatov loterije v Zdru\u017eenem kraljestvu. Po drugi strani pa tudi televizijske postaje morda nimajo teh rezultatov ali pa lahko traja nekaj [&hellip;]<\/p>\n","protected":false},"author":1,"featured_media":0,"parent":5867,"menu_order":9,"comment_status":"closed","ping_status":"closed","template":"lotto-uk-results.php","meta":{"_et_pb_use_builder":"","_et_pb_old_content":"","_et_gb_content_width":"","exclude_from_search":false,"footnotes":""},"class_list":["post-80778","page","type-page","status-publish","hentry"],"yoast_head":"<!-- This site is optimized with the Yoast SEO plugin v23.4 - https:\/\/yoast.com\/wordpress\/plugins\/seo\/ -->\n<title>Rezultati, zmagovalne \u0161tevilke za UK Lottery<\/title>\n<meta name=\"description\" content=\"Takoj po \u017erebanju si oglejte rezultate in \u0161tevilke loterije v Zdru\u017eenem kraljestvu tukaj\" \/>\n<meta name=\"robots\" content=\"index, follow, max-snippet:-1, max-image-preview:large, max-video-preview:-1\" \/>\n<link rel=\"canonical\" href=\"https:\/\/onlinelotto365.com\/sl\/zmagovalne-stevilke\/uk-lottery\/\" \/>\n<meta property=\"og:locale\" content=\"sl_SI\" \/>\n<meta property=\"og:type\" content=\"article\" \/>\n<meta property=\"og:title\" content=\"Rezultati, zmagovalne \u0161tevilke za UK Lottery\" \/>\n<meta property=\"og:description\" content=\"Takoj po \u017erebanju si oglejte rezultate in \u0161tevilke loterije v Zdru\u017eenem kraljestvu tukaj\" \/>\n<meta property=\"og:url\" content=\"https:\/\/onlinelotto365.com\/sl\/zmagovalne-stevilke\/uk-lottery\/\" \/>\n<meta property=\"og:site_name\" content=\"OnlineLotto365\" \/>\n<meta property=\"og:image\" content=\"https:\/\/redfoxlotto.com\/image?size=8&amp;lottery=lotto-uk\" \/>\n<meta name=\"twitter:card\" content=\"summary_large_image\" \/>\n<meta name=\"twitter:label1\" content=\"Est. reading time\" \/>\n\t<meta name=\"twitter:data1\" content=\"3 minute\" \/>\n<script type=\"application\/ld+json\" class=\"yoast-schema-graph\">{\"@context\":\"https:\/\/schema.org\",\"@graph\":[{\"@type\":\"WebPage\",\"@id\":\"https:\/\/onlinelotto365.com\/sl\/zmagovalne-stevilke\/uk-lottery\/\",\"url\":\"https:\/\/onlinelotto365.com\/sl\/zmagovalne-stevilke\/uk-lottery\/\",\"name\":\"Rezultati, zmagovalne \u0161tevilke za UK Lottery\",\"isPartOf\":{\"@id\":\"https:\/\/onlinelotto365.com\/sl\/#website\"},\"primaryImageOfPage\":{\"@id\":\"https:\/\/onlinelotto365.com\/sl\/zmagovalne-stevilke\/uk-lottery\/#primaryimage\"},\"image\":{\"@id\":\"https:\/\/onlinelotto365.com\/sl\/zmagovalne-stevilke\/uk-lottery\/#primaryimage\"},\"thumbnailUrl\":\"https:\/\/redfoxlotto.com\/image?size=8&amp;lottery=lotto-uk\",\"datePublished\":\"2022-11-23T06:37:28+00:00\",\"dateModified\":\"2022-11-23T06:37:28+00:00\",\"description\":\"Takoj po \u017erebanju si oglejte rezultate in \u0161tevilke loterije v Zdru\u017eenem kraljestvu tukaj\",\"breadcrumb\":{\"@id\":\"https:\/\/onlinelotto365.com\/sl\/zmagovalne-stevilke\/uk-lottery\/#breadcrumb\"},\"inLanguage\":\"sl-SI\",\"potentialAction\":[{\"@type\":\"ReadAction\",\"target\":[\"https:\/\/onlinelotto365.com\/sl\/zmagovalne-stevilke\/uk-lottery\/\"]}]},{\"@type\":\"ImageObject\",\"inLanguage\":\"sl-SI\",\"@id\":\"https:\/\/onlinelotto365.com\/sl\/zmagovalne-stevilke\/uk-lottery\/#primaryimage\",\"url\":\"https:\/\/redfoxlotto.com\/image?size=8&amp;lottery=lotto-uk\",\"contentUrl\":\"https:\/\/redfoxlotto.com\/image?size=8&amp;lottery=lotto-uk\"},{\"@type\":\"BreadcrumbList\",\"@id\":\"https:\/\/onlinelotto365.com\/sl\/zmagovalne-stevilke\/uk-lottery\/#breadcrumb\",\"itemListElement\":[{\"@type\":\"ListItem\",\"position\":1,\"name\":\"Home\",\"item\":\"https:\/\/onlinelotto365.com\/sl\/\"},{\"@type\":\"ListItem\",\"position\":2,\"name\":\"Preglejte zmagovalne \u0161tevilke in rezultate najnovej\u0161ih loto \u017erebanj\",\"item\":\"https:\/\/onlinelotto365.com\/sl\/zmagovalne-stevilke\/\"},{\"@type\":\"ListItem\",\"position\":3,\"name\":\"Rezultati loterije v Zdru\u017eenem kraljestvu\"}]},{\"@type\":\"WebSite\",\"@id\":\"https:\/\/onlinelotto365.com\/sl\/#website\",\"url\":\"https:\/\/onlinelotto365.com\/sl\/\",\"name\":\"OnlineLotto365\",\"description\":\"\",\"potentialAction\":[{\"@type\":\"SearchAction\",\"target\":{\"@type\":\"EntryPoint\",\"urlTemplate\":\"https:\/\/onlinelotto365.com\/sl\/?s={search_term_string}\"},\"query-input\":{\"@type\":\"PropertyValueSpecification\",\"valueRequired\":true,\"valueName\":\"search_term_string\"}}],\"inLanguage\":\"sl-SI\"}]}<\/script>\n<!-- \/ Yoast SEO plugin. -->","yoast_head_json":{"title":"Rezultati, zmagovalne \u0161tevilke za UK Lottery","description":"Takoj po \u017erebanju si oglejte rezultate in \u0161tevilke loterije v Zdru\u017eenem kraljestvu tukaj","robots":{"index":"index","follow":"follow","max-snippet":"max-snippet:-1","max-image-preview":"max-image-preview:large","max-video-preview":"max-video-preview:-1"},"canonical":"https:\/\/onlinelotto365.com\/sl\/zmagovalne-stevilke\/uk-lottery\/","og_locale":"sl_SI","og_type":"article","og_title":"Rezultati, zmagovalne \u0161tevilke za UK Lottery","og_description":"Takoj po \u017erebanju si oglejte rezultate in \u0161tevilke loterije v Zdru\u017eenem kraljestvu tukaj","og_url":"https:\/\/onlinelotto365.com\/sl\/zmagovalne-stevilke\/uk-lottery\/","og_site_name":"OnlineLotto365","og_image":[{"url":"https:\/\/redfoxlotto.com\/image?size=8&amp;lottery=lotto-uk"}],"twitter_card":"summary_large_image","twitter_misc":{"Est. reading time":"3 minute"},"schema":{"@context":"https:\/\/schema.org","@graph":[{"@type":"WebPage","@id":"https:\/\/onlinelotto365.com\/sl\/zmagovalne-stevilke\/uk-lottery\/","url":"https:\/\/onlinelotto365.com\/sl\/zmagovalne-stevilke\/uk-lottery\/","name":"Rezultati, zmagovalne \u0161tevilke za UK Lottery","isPartOf":{"@id":"https:\/\/onlinelotto365.com\/sl\/#website"},"primaryImageOfPage":{"@id":"https:\/\/onlinelotto365.com\/sl\/zmagovalne-stevilke\/uk-lottery\/#primaryimage"},"image":{"@id":"https:\/\/onlinelotto365.com\/sl\/zmagovalne-stevilke\/uk-lottery\/#primaryimage"},"thumbnailUrl":"https:\/\/redfoxlotto.com\/image?size=8&amp;lottery=lotto-uk","datePublished":"2022-11-23T06:37:28+00:00","dateModified":"2022-11-23T06:37:28+00:00","description":"Takoj po \u017erebanju si oglejte rezultate in \u0161tevilke loterije v Zdru\u017eenem kraljestvu tukaj","breadcrumb":{"@id":"https:\/\/onlinelotto365.com\/sl\/zmagovalne-stevilke\/uk-lottery\/#breadcrumb"},"inLanguage":"sl-SI","potentialAction":[{"@type":"ReadAction","target":["https:\/\/onlinelotto365.com\/sl\/zmagovalne-stevilke\/uk-lottery\/"]}]},{"@type":"ImageObject","inLanguage":"sl-SI","@id":"https:\/\/onlinelotto365.com\/sl\/zmagovalne-stevilke\/uk-lottery\/#primaryimage","url":"https:\/\/redfoxlotto.com\/image?size=8&amp;lottery=lotto-uk","contentUrl":"https:\/\/redfoxlotto.com\/image?size=8&amp;lottery=lotto-uk"},{"@type":"BreadcrumbList","@id":"https:\/\/onlinelotto365.com\/sl\/zmagovalne-stevilke\/uk-lottery\/#breadcrumb","itemListElement":[{"@type":"ListItem","position":1,"name":"Home","item":"https:\/\/onlinelotto365.com\/sl\/"},{"@type":"ListItem","position":2,"name":"Preglejte zmagovalne \u0161tevilke in rezultate najnovej\u0161ih loto \u017erebanj","item":"https:\/\/onlinelotto365.com\/sl\/zmagovalne-stevilke\/"},{"@type":"ListItem","position":3,"name":"Rezultati loterije v Zdru\u017eenem kraljestvu"}]},{"@type":"WebSite","@id":"https:\/\/onlinelotto365.com\/sl\/#website","url":"https:\/\/onlinelotto365.com\/sl\/","name":"OnlineLotto365","description":"","potentialAction":[{"@type":"SearchAction","target":{"@type":"EntryPoint","urlTemplate":"https:\/\/onlinelotto365.com\/sl\/?s={search_term_string}"},"query-input":{"@type":"PropertyValueSpecification","valueRequired":true,"valueName":"search_term_string"}}],"inLanguage":"sl-SI"}]}},"_links":{"self":[{"href":"https:\/\/onlinelotto365.com\/sl\/wp-json\/wp\/v2\/pages\/80778","targetHints":{"allow":["GET"]}}],"collection":[{"href":"https:\/\/onlinelotto365.com\/sl\/wp-json\/wp\/v2\/pages"}],"about":[{"href":"https:\/\/onlinelotto365.com\/sl\/wp-json\/wp\/v2\/types\/page"}],"author":[{"embeddable":true,"href":"https:\/\/onlinelotto365.com\/sl\/wp-json\/wp\/v2\/users\/1"}],"replies":[{"embeddable":true,"href":"https:\/\/onlinelotto365.com\/sl\/wp-json\/wp\/v2\/comments?post=80778"}],"version-history":[{"count":0,"href":"https:\/\/onlinelotto365.com\/sl\/wp-json\/wp\/v2\/pages\/80778\/revisions"}],"up":[{"embeddable":true,"href":"https:\/\/onlinelotto365.com\/sl\/wp-json\/wp\/v2\/pages\/5867"}],"wp:attachment":[{"href":"https:\/\/onlinelotto365.com\/sl\/wp-json\/wp\/v2\/media?parent=80778"}],"curies":[{"name":"wp","href":"https:\/\/api.w.org\/{rel}","templated":true}]}}