{"id":80814,"date":"2022-11-23T08:43:57","date_gmt":"2022-11-23T07:43:57","guid":{"rendered":"https:\/\/onlinelotto365.com\/?page_id=80814"},"modified":"2022-11-23T08:43:57","modified_gmt":"2022-11-23T07:43:57","slug":"set-for-life","status":"publish","type":"page","link":"https:\/\/onlinelotto365.com\/sl\/zmagovalne-stevilke\/set-for-life\/","title":{"rendered":"Rezultati \u017erebanja zbirke Set for life"},"content":{"rendered":"<p>Mednarodne loterijske igre so lahko zelo zabavne, vendar se je treba za iskanje zmagovalnih \u0161tevilk nekoliko potruditi. \u0160tevilke za igro Set for Life morda niso na voljo v lokalnem \u010dasopisu. To je zato, ker morda niste na pravem obmo\u010dju.<br \/>\n<a href=\"https:\/\/redfoxlotto.com\/play\/set-for-life-uk\/?ref=a8564250a2&amp;medium=ol365\" target=\"_blank\" rel=\"noopener noreferrer\"><img decoding=\"async\" class=\"aligncenter\" src=\"https:\/\/redfoxlotto.com\/image?size=8&amp;lottery=set-for-life-uk\" alt=\"set za \u017eivljenje\" \/><\/a><br \/>\nEnako velja za spremljanje rezultatov na televiziji. \u010ce niste na pravem obmo\u010dju, boste morali veliko iskati, da boste na\u0161li kanal, ki prikazuje rezultate.<br \/>\nNa uradni spletni strani Set za \u017eivljenje lahko tudi preverite, ali je na voljo neposredni prenos zmagovalnih \u0161tevilk. \u010ce jo imajo, si jo oglejte, saj je gledanje \u017erebanja v \u017eivo ena najbolj vznemirljivih mo\u017enosti. Po drugi strani pa te mo\u017enosti ne ponujajo vse loterijske igre in je morda ne boste na\u0161li.<\/p>\n<p>Drug kraj, kjer lahko poi\u0161\u010dete, je YouTube. V\u010dasih lahko tam najdete videoposnetke \u017erebanja po izvedenem \u017erebanju in morda boste lahko na\u0161li zmagovalne \u0161tevilke.<\/p>\n<p>Najprimernej\u0161i na\u010din za iskanje dobitnih \u0161tevilk za igro Set za \u017eivljenje je, da obi\u0161\u010dete na\u0161o spletno stran. Na voljo imamo vse dobitne \u0161tevilke za vse igre, ki jih imamo na voljo. Tako lahko najdete Set za \u017eivljenje in \u0161e veliko ve\u010d.<\/p>\n<h2>Kako ugotoviti, ali je va\u0161a spletna sre\u010dka dobitna?<\/h2>\n<p>\u010ce ste pri nas \u017ee kupili vstopnice za igro Set za \u017eivljenje, je to \u0161e bolj\u0161e. To pa zato, ker vam \u0161e bolj olaj\u0161amo preverjanje vstopnic, ki jih \u017ee imate. Preverite stran, na kateri so shranjene vse va\u0161e vstopnice, in na\u0161li boste ne le \u0161tevilke svojih vstopnic, temve\u010d tudi \u0161tevilke zmagovalne vstopnice. Poskrbeli bomo celo za to, da boste vedeli, katere \u0161tevilke se ujemajo, saj jih bomo ozna\u010dili z barvami. Tako vam teh mo\u017enosti sploh ne bo treba pregledovati. \u010ce je dobitek manj\u0161i od 2500 EUR, vam ne bo treba skrbeti, saj bomo denar takoj nakazali na va\u0161 ra\u010dun.<\/p>\n<h2>Arhiv rezultatov Set for life<\/h2>\n<p>Tisti, ki si \u017eelite ogledati stare \u0161tevilke za igro Set za \u017eivljenje, lahko to storite na enostaven na\u010din. Arhiv \u0161tevilk imamo na voljo povsod, kjer so na voljo najnovej\u0161i rezultati. Tako si lahko ogledate, katere \u0161tevilke so bile najve\u010dkrat iz\u017erebane in katere so morda \u017ee na vrsti za novo \u017erebanje.<\/p>\n<h2>Moj listek je zmagal, kaj sledi?<\/h2>\n<p><img loading=\"lazy\" decoding=\"async\" class=\"alignright wp-image-3543\" src=\"https:\/\/onlinelotto365.com\/wp-content\/uploads\/2020\/11\/online_lottery-3-300x300.jpg\" alt=\"dobitne \u0161tevilke set for life\" width=\"187\" height=\"187\" srcset=\"https:\/\/onlinelotto365.com\/wp-content\/uploads\/2020\/11\/online_lottery-3-300x300.jpg 300w, https:\/\/onlinelotto365.com\/wp-content\/uploads\/2020\/11\/online_lottery-3-100x100.jpg 100w, https:\/\/onlinelotto365.com\/wp-content\/uploads\/2020\/11\/online_lottery-3-150x150.jpg 150w, https:\/\/onlinelotto365.com\/wp-content\/uploads\/2020\/11\/online_lottery-3.jpg 320w\" sizes=\"auto, (max-width: 187px) 100vw, 187px\" \/><br \/>\n\u010ce ste z listkom za igro loto s storitvijo Set for Life osvojili dobitek, morate samo po\u010dakati in videti, kaj se bo zgodilo. To pa zato, ker bomo za ve\u010dino stvari poskrbeli namesto vas. Po\u010dakate lahko na katerikoli znesek, ki je ni\u017eji od 2500 EUR, saj ga bomo takoj po potrditvi zmagovalnih \u0161tevilk nakazali na va\u0161 ra\u010dun.<\/p>\n<p>\u010ce boste imeli na ra\u010dunu vsaj 10 \u20ac, boste lahko nato denar izpla\u010dali na svoj ban\u010dni ra\u010dun. Poskrbeti morate le, da uporabite ra\u010dun, ki ste ga v na\u0161em sistemu \u017ee uporabili. Prav tako boste morali preveriti svojo identiteto in podatke za na\u0161ega obdelovalca pla\u010dil. To je preprost postopek, ki ga lahko opravite s pomo\u010djo le nekaj obrazcev, in \u0161e preden se boste zavedali, bo va\u0161 denar na voljo.<\/p>\n","protected":false},"excerpt":{"rendered":"<p>Mednarodne loterijske igre so lahko zelo zabavne, vendar se je treba za iskanje zmagovalnih \u0161tevilk nekoliko potruditi. \u0160tevilke za igro Set for Life morda niso na voljo v lokalnem \u010dasopisu. To je zato, ker morda niste na pravem obmo\u010dju. Enako velja za spremljanje rezultatov na televiziji. \u010ce niste na pravem obmo\u010dju, boste morali veliko iskati, [&hellip;]<\/p>\n","protected":false},"author":1,"featured_media":0,"parent":5867,"menu_order":10,"comment_status":"closed","ping_status":"closed","template":"set-for-life-results.php","meta":{"_et_pb_use_builder":"","_et_pb_old_content":"","_et_gb_content_width":"","exclude_from_search":false,"footnotes":""},"class_list":["post-80814","page","type-page","status-publish","hentry"],"yoast_head":"<!-- This site is optimized with the Yoast SEO plugin v23.4 - https:\/\/yoast.com\/wordpress\/plugins\/seo\/ -->\n<title>Zadnje dobitne \u0161tevilke in izpla\u010dila v igri Set za \u017eivljenje<\/title>\n<meta name=\"description\" content=\"Ste igrali na loteriji Set za \u017eivljenje? Na voljo so vam najnovej\u0161e in pretekle dobitne \u0161tevilke\" \/>\n<meta name=\"robots\" content=\"index, follow, max-snippet:-1, max-image-preview:large, max-video-preview:-1\" \/>\n<link rel=\"canonical\" href=\"https:\/\/onlinelotto365.com\/sl\/zmagovalne-stevilke\/set-for-life\/\" \/>\n<meta property=\"og:locale\" content=\"sl_SI\" \/>\n<meta property=\"og:type\" content=\"article\" \/>\n<meta property=\"og:title\" content=\"Zadnje dobitne \u0161tevilke in izpla\u010dila v igri Set za \u017eivljenje\" \/>\n<meta property=\"og:description\" content=\"Ste igrali na loteriji Set za \u017eivljenje? Na voljo so vam najnovej\u0161e in pretekle dobitne \u0161tevilke\" \/>\n<meta property=\"og:url\" content=\"https:\/\/onlinelotto365.com\/sl\/zmagovalne-stevilke\/set-for-life\/\" \/>\n<meta property=\"og:site_name\" content=\"OnlineLotto365\" \/>\n<meta property=\"og:image\" content=\"https:\/\/redfoxlotto.com\/image?size=8&amp;lottery=set-for-life-uk\" \/>\n<meta name=\"twitter:card\" content=\"summary_large_image\" \/>\n<meta name=\"twitter:label1\" content=\"Est. reading time\" \/>\n\t<meta name=\"twitter:data1\" content=\"3 minute\" \/>\n<script type=\"application\/ld+json\" class=\"yoast-schema-graph\">{\"@context\":\"https:\/\/schema.org\",\"@graph\":[{\"@type\":\"WebPage\",\"@id\":\"https:\/\/onlinelotto365.com\/sl\/zmagovalne-stevilke\/set-for-life\/\",\"url\":\"https:\/\/onlinelotto365.com\/sl\/zmagovalne-stevilke\/set-for-life\/\",\"name\":\"Zadnje dobitne \u0161tevilke in izpla\u010dila v igri Set za \u017eivljenje\",\"isPartOf\":{\"@id\":\"https:\/\/onlinelotto365.com\/sl\/#website\"},\"primaryImageOfPage\":{\"@id\":\"https:\/\/onlinelotto365.com\/sl\/zmagovalne-stevilke\/set-for-life\/#primaryimage\"},\"image\":{\"@id\":\"https:\/\/onlinelotto365.com\/sl\/zmagovalne-stevilke\/set-for-life\/#primaryimage\"},\"thumbnailUrl\":\"https:\/\/redfoxlotto.com\/image?size=8&amp;lottery=set-for-life-uk\",\"datePublished\":\"2022-11-23T07:43:57+00:00\",\"dateModified\":\"2022-11-23T07:43:57+00:00\",\"description\":\"Ste igrali na loteriji Set za \u017eivljenje? Na voljo so vam najnovej\u0161e in pretekle dobitne \u0161tevilke\",\"breadcrumb\":{\"@id\":\"https:\/\/onlinelotto365.com\/sl\/zmagovalne-stevilke\/set-for-life\/#breadcrumb\"},\"inLanguage\":\"sl-SI\",\"potentialAction\":[{\"@type\":\"ReadAction\",\"target\":[\"https:\/\/onlinelotto365.com\/sl\/zmagovalne-stevilke\/set-for-life\/\"]}]},{\"@type\":\"ImageObject\",\"inLanguage\":\"sl-SI\",\"@id\":\"https:\/\/onlinelotto365.com\/sl\/zmagovalne-stevilke\/set-for-life\/#primaryimage\",\"url\":\"https:\/\/redfoxlotto.com\/image?size=8&amp;lottery=set-for-life-uk\",\"contentUrl\":\"https:\/\/redfoxlotto.com\/image?size=8&amp;lottery=set-for-life-uk\"},{\"@type\":\"BreadcrumbList\",\"@id\":\"https:\/\/onlinelotto365.com\/sl\/zmagovalne-stevilke\/set-for-life\/#breadcrumb\",\"itemListElement\":[{\"@type\":\"ListItem\",\"position\":1,\"name\":\"Home\",\"item\":\"https:\/\/onlinelotto365.com\/sl\/\"},{\"@type\":\"ListItem\",\"position\":2,\"name\":\"Preglejte zmagovalne \u0161tevilke in rezultate najnovej\u0161ih loto \u017erebanj\",\"item\":\"https:\/\/onlinelotto365.com\/sl\/zmagovalne-stevilke\/\"},{\"@type\":\"ListItem\",\"position\":3,\"name\":\"Rezultati \u017erebanja zbirke Set for life\"}]},{\"@type\":\"WebSite\",\"@id\":\"https:\/\/onlinelotto365.com\/sl\/#website\",\"url\":\"https:\/\/onlinelotto365.com\/sl\/\",\"name\":\"OnlineLotto365\",\"description\":\"\",\"potentialAction\":[{\"@type\":\"SearchAction\",\"target\":{\"@type\":\"EntryPoint\",\"urlTemplate\":\"https:\/\/onlinelotto365.com\/sl\/?s={search_term_string}\"},\"query-input\":{\"@type\":\"PropertyValueSpecification\",\"valueRequired\":true,\"valueName\":\"search_term_string\"}}],\"inLanguage\":\"sl-SI\"}]}<\/script>\n<!-- \/ Yoast SEO plugin. -->","yoast_head_json":{"title":"Zadnje dobitne \u0161tevilke in izpla\u010dila v igri Set za \u017eivljenje","description":"Ste igrali na loteriji Set za \u017eivljenje? Na voljo so vam najnovej\u0161e in pretekle dobitne \u0161tevilke","robots":{"index":"index","follow":"follow","max-snippet":"max-snippet:-1","max-image-preview":"max-image-preview:large","max-video-preview":"max-video-preview:-1"},"canonical":"https:\/\/onlinelotto365.com\/sl\/zmagovalne-stevilke\/set-for-life\/","og_locale":"sl_SI","og_type":"article","og_title":"Zadnje dobitne \u0161tevilke in izpla\u010dila v igri Set za \u017eivljenje","og_description":"Ste igrali na loteriji Set za \u017eivljenje? Na voljo so vam najnovej\u0161e in pretekle dobitne \u0161tevilke","og_url":"https:\/\/onlinelotto365.com\/sl\/zmagovalne-stevilke\/set-for-life\/","og_site_name":"OnlineLotto365","og_image":[{"url":"https:\/\/redfoxlotto.com\/image?size=8&amp;lottery=set-for-life-uk"}],"twitter_card":"summary_large_image","twitter_misc":{"Est. reading time":"3 minute"},"schema":{"@context":"https:\/\/schema.org","@graph":[{"@type":"WebPage","@id":"https:\/\/onlinelotto365.com\/sl\/zmagovalne-stevilke\/set-for-life\/","url":"https:\/\/onlinelotto365.com\/sl\/zmagovalne-stevilke\/set-for-life\/","name":"Zadnje dobitne \u0161tevilke in izpla\u010dila v igri Set za \u017eivljenje","isPartOf":{"@id":"https:\/\/onlinelotto365.com\/sl\/#website"},"primaryImageOfPage":{"@id":"https:\/\/onlinelotto365.com\/sl\/zmagovalne-stevilke\/set-for-life\/#primaryimage"},"image":{"@id":"https:\/\/onlinelotto365.com\/sl\/zmagovalne-stevilke\/set-for-life\/#primaryimage"},"thumbnailUrl":"https:\/\/redfoxlotto.com\/image?size=8&amp;lottery=set-for-life-uk","datePublished":"2022-11-23T07:43:57+00:00","dateModified":"2022-11-23T07:43:57+00:00","description":"Ste igrali na loteriji Set za \u017eivljenje? Na voljo so vam najnovej\u0161e in pretekle dobitne \u0161tevilke","breadcrumb":{"@id":"https:\/\/onlinelotto365.com\/sl\/zmagovalne-stevilke\/set-for-life\/#breadcrumb"},"inLanguage":"sl-SI","potentialAction":[{"@type":"ReadAction","target":["https:\/\/onlinelotto365.com\/sl\/zmagovalne-stevilke\/set-for-life\/"]}]},{"@type":"ImageObject","inLanguage":"sl-SI","@id":"https:\/\/onlinelotto365.com\/sl\/zmagovalne-stevilke\/set-for-life\/#primaryimage","url":"https:\/\/redfoxlotto.com\/image?size=8&amp;lottery=set-for-life-uk","contentUrl":"https:\/\/redfoxlotto.com\/image?size=8&amp;lottery=set-for-life-uk"},{"@type":"BreadcrumbList","@id":"https:\/\/onlinelotto365.com\/sl\/zmagovalne-stevilke\/set-for-life\/#breadcrumb","itemListElement":[{"@type":"ListItem","position":1,"name":"Home","item":"https:\/\/onlinelotto365.com\/sl\/"},{"@type":"ListItem","position":2,"name":"Preglejte zmagovalne \u0161tevilke in rezultate najnovej\u0161ih loto \u017erebanj","item":"https:\/\/onlinelotto365.com\/sl\/zmagovalne-stevilke\/"},{"@type":"ListItem","position":3,"name":"Rezultati \u017erebanja zbirke Set for life"}]},{"@type":"WebSite","@id":"https:\/\/onlinelotto365.com\/sl\/#website","url":"https:\/\/onlinelotto365.com\/sl\/","name":"OnlineLotto365","description":"","potentialAction":[{"@type":"SearchAction","target":{"@type":"EntryPoint","urlTemplate":"https:\/\/onlinelotto365.com\/sl\/?s={search_term_string}"},"query-input":{"@type":"PropertyValueSpecification","valueRequired":true,"valueName":"search_term_string"}}],"inLanguage":"sl-SI"}]}},"_links":{"self":[{"href":"https:\/\/onlinelotto365.com\/sl\/wp-json\/wp\/v2\/pages\/80814","targetHints":{"allow":["GET"]}}],"collection":[{"href":"https:\/\/onlinelotto365.com\/sl\/wp-json\/wp\/v2\/pages"}],"about":[{"href":"https:\/\/onlinelotto365.com\/sl\/wp-json\/wp\/v2\/types\/page"}],"author":[{"embeddable":true,"href":"https:\/\/onlinelotto365.com\/sl\/wp-json\/wp\/v2\/users\/1"}],"replies":[{"embeddable":true,"href":"https:\/\/onlinelotto365.com\/sl\/wp-json\/wp\/v2\/comments?post=80814"}],"version-history":[{"count":0,"href":"https:\/\/onlinelotto365.com\/sl\/wp-json\/wp\/v2\/pages\/80814\/revisions"}],"up":[{"embeddable":true,"href":"https:\/\/onlinelotto365.com\/sl\/wp-json\/wp\/v2\/pages\/5867"}],"wp:attachment":[{"href":"https:\/\/onlinelotto365.com\/sl\/wp-json\/wp\/v2\/media?parent=80814"}],"curies":[{"name":"wp","href":"https:\/\/api.w.org\/{rel}","templated":true}]}}