{"id":80847,"date":"2022-11-23T11:54:32","date_gmt":"2022-11-23T10:54:32","guid":{"rendered":"https:\/\/onlinelotto365.com\/?page_id=80847"},"modified":"2022-11-23T11:54:32","modified_gmt":"2022-11-23T10:54:32","slug":"german-lotto","status":"publish","type":"page","link":"https:\/\/onlinelotto365.com\/sl\/zmagovalne-stevilke\/german-lotto\/","title":{"rendered":"Oglejte si nem\u0161ki Lotto zmagovalne \u0161tevilke tukaj"},"content":{"rendered":"<p>Mednarodne loterijske igre je nekoliko te\u017eje spremljati, saj morda ne \u017eivite na istem obmo\u010dju, na katerem se \u017erebajo. Rezultatov nem\u0161ke loterije Lotto morda ne boste mogli preveriti v lokalnem \u010dasopisu. Prav tako morda ne boste mogli najti zmagovalnih \u0161tevilk nem\u0161ke loterije Lotto na televiziji. \u010ce jih boste na\u0161li na katerem koli od teh mest, boste morali opraviti precej\u0161njo koli\u010dino raziskav, da boste pri\u0161li do njih.<br \/>\n<a href=\"https:\/\/redfoxlotto.com\/play\/lotto-6aus49\/?ref=a8564250a2&amp;medium=ol365\" target=\"_blank\" rel=\"noopener noreferrer\"><img decoding=\"async\" class=\"aligncenter\" src=\"https:\/\/redfoxlotto.com\/image?size=8&amp;lottery=lotto-6aus49\" alt=\"Nem\u0161ki Lotto 6aus49\" \/><\/a><br \/>\nRazmislite tudi o obisku spletne strani nem\u0161ke loterije Lotto. V\u010dasih ta uradna spletna mesta ponujajo \u017erebanja v \u017eivo, tako da si lahko rezultate ogledate takoj, ko pridejo. Vendar pa te mo\u017enosti nimajo vse igre, zato se lahko zgodi, da tudi na uradnem spletnem mestu ne boste mogli najti svojih rezultatov.<\/p>\n<p>Lahko si ogledate tudi YouTube in preverite, ali je kdo nalo\u017eil videoposnetek \u017erebanja v \u017eivo ali celo videoposnetek z rezultati nekaj \u010dasa po \u017erebanju.<\/p>\n<p>Najla\u017eje pa boste rezultate, ki jih i\u0161\u010dete, dobili tako, da si ogledate na\u0161o spletno stran. Pomagali vam bomo najti rezultate za nem\u0161ko loterijo Lotto kar na na\u0161i strani z rezultati. Tam delimo zmagovalne \u0161tevilke za vse loterijske igre, ki jih najdete na na\u0161i spletni strani.<\/p>\n<h2>Kako ugotoviti, ali je va\u0161a spletna sre\u010dka zmagala?<\/h2>\n<p>Tisti, ki ste pri nas kupili sre\u010dke za Nem\u0161ko loterijo Lotto, boste ugotovili, da je iskanje rezultatov \u0161e la\u017eje. Vse, kar morate storiti, je, da si ogledate stran svojega ra\u010duna. Tam si boste lahko ogledali sre\u010dke, ki ste jih kupili za vse igre, ki jih imamo na voljo. Na istem mestu si lahko ogledate tudi zmagovalne \u0161tevilke.<br \/>\nVse \u0161tevilke, ki ste jih iz\u017erebali, bomo celo ozna\u010dili in vam sporo\u010dili, kaj ste osvojili. In \u010de osvojite manj kot 2500 \u20ac, bomo poskrbeli, da jih bomo dodali na va\u0161 ra\u010dun takoj, ko bo igra uradno potrdila \u0161tevilke. Tako preprosto je za vas.<\/p>\n<h2>Arhiv rezultatov nem\u0161ke igre Lotto<\/h2>\n<p>Na straneh na\u0161ega spletnega mesta, kjer so objavljene najnovej\u0161e \u0161tevilke za Nem\u0161ko loterijo Lotto, so prikazane tudi vse stare \u0161tevilke iz na\u0161ega arhiva. Vemo namre\u010d, da veliko ljudi \u017eeli poznati starej\u0161e \u0161tevilke, ki jim bodo pomagale pri izbiri \u0161tevilk za naslednje sre\u010dke. Objavljamo jih na vseh straneh, na katerih so prikazane nove \u0161tevilke.<\/p>\n<h2>Moj listek je zmagal, kaj sledi?<\/h2>\n<p><img loading=\"lazy\" decoding=\"async\" class=\"alignright size-medium wp-image-3593\" src=\"https:\/\/onlinelotto365.com\/wp-content\/uploads\/2020\/11\/online_lottery-39-300x150.jpg\" alt=\"dobitne \u0161tevilke nem\u0161kega lota\" width=\"300\" height=\"150\" srcset=\"https:\/\/onlinelotto365.com\/wp-content\/uploads\/2020\/11\/online_lottery-39-300x150.jpg 300w, https:\/\/onlinelotto365.com\/wp-content\/uploads\/2020\/11\/online_lottery-39.jpg 490w\" sizes=\"auto, (max-width: 300px) 100vw, 300px\" \/><br \/>\n\u010ce ste zmagali v nem\u0161ki igri Lotto in je vrednost va\u0161e sre\u010dke manj\u0161a od 2500 EUR, bomo poskrbeli za prenos denarja na va\u0161 ra\u010dun takoj, ko bodo vse zmagovalne \u0161tevilke preverjene. To pomeni, da vam ni treba storiti ni\u010desar. \u010ce je dobitna sre\u010dka vredna ve\u010d kot 2500 \u20ac, boste morali izpolniti obrazec, vendar vam bomo vseeno pomagali pri postopku. \u010ce imate na ra\u010dunu vsaj 10 \u20ac, boste lahko nato denar izpla\u010dali na katerikoli ban\u010dni ra\u010dun ali ra\u010dun kreditne kartice, ki ste ga \u017ee uporabili na na\u0161em spletnem mestu. \u010ce ra\u010duna pri nas \u0161e niste uporabljali, denarja nanj ne boste mogli dvigniti.<\/p>\n","protected":false},"excerpt":{"rendered":"<p>Mednarodne loterijske igre je nekoliko te\u017eje spremljati, saj morda ne \u017eivite na istem obmo\u010dju, na katerem se \u017erebajo. Rezultatov nem\u0161ke loterije Lotto morda ne boste mogli preveriti v lokalnem \u010dasopisu. Prav tako morda ne boste mogli najti zmagovalnih \u0161tevilk nem\u0161ke loterije Lotto na televiziji. \u010ce jih boste na\u0161li na katerem koli od teh mest, boste [&hellip;]<\/p>\n","protected":false},"author":1,"featured_media":0,"parent":5867,"menu_order":11,"comment_status":"closed","ping_status":"closed","template":"lotto-german-results.php","meta":{"_et_pb_use_builder":"","_et_pb_old_content":"","_et_gb_content_width":"","exclude_from_search":false,"footnotes":""},"class_list":["post-80847","page","type-page","status-publish","hentry"],"yoast_head":"<!-- This site is optimized with the Yoast SEO plugin v23.4 - https:\/\/yoast.com\/wordpress\/plugins\/seo\/ -->\n<title>Zmagovalne \u0161tevilke Nem\u0161ki Lotto | Rezultati \u017erebanja in dobljeni zneski za Nem\u0161ki Lotto<\/title>\n<meta name=\"description\" content=\"\u010ce \u017eelite najti dobitne \u0161tevilke za nem\u0161ko loterijo 6aus49, poglejte tukaj!\" \/>\n<meta name=\"robots\" content=\"index, follow, max-snippet:-1, max-image-preview:large, max-video-preview:-1\" \/>\n<link rel=\"canonical\" href=\"https:\/\/onlinelotto365.com\/sl\/zmagovalne-stevilke\/german-lotto\/\" \/>\n<meta property=\"og:locale\" content=\"sl_SI\" \/>\n<meta property=\"og:type\" content=\"article\" \/>\n<meta property=\"og:title\" content=\"Zmagovalne \u0161tevilke Nem\u0161ki Lotto | Rezultati \u017erebanja in dobljeni zneski za Nem\u0161ki Lotto\" \/>\n<meta property=\"og:description\" content=\"\u010ce \u017eelite najti dobitne \u0161tevilke za nem\u0161ko loterijo 6aus49, poglejte tukaj!\" \/>\n<meta property=\"og:url\" content=\"https:\/\/onlinelotto365.com\/sl\/zmagovalne-stevilke\/german-lotto\/\" \/>\n<meta property=\"og:site_name\" content=\"OnlineLotto365\" \/>\n<meta property=\"og:image\" content=\"https:\/\/redfoxlotto.com\/image?size=8&amp;lottery=lotto-6aus49\" \/>\n<meta name=\"twitter:card\" content=\"summary_large_image\" \/>\n<meta name=\"twitter:label1\" content=\"Est. reading time\" \/>\n\t<meta name=\"twitter:data1\" content=\"3 minute\" \/>\n<script type=\"application\/ld+json\" class=\"yoast-schema-graph\">{\"@context\":\"https:\/\/schema.org\",\"@graph\":[{\"@type\":\"WebPage\",\"@id\":\"https:\/\/onlinelotto365.com\/sl\/zmagovalne-stevilke\/german-lotto\/\",\"url\":\"https:\/\/onlinelotto365.com\/sl\/zmagovalne-stevilke\/german-lotto\/\",\"name\":\"Zmagovalne \u0161tevilke Nem\u0161ki Lotto | Rezultati \u017erebanja in dobljeni zneski za Nem\u0161ki Lotto\",\"isPartOf\":{\"@id\":\"https:\/\/onlinelotto365.com\/sl\/#website\"},\"primaryImageOfPage\":{\"@id\":\"https:\/\/onlinelotto365.com\/sl\/zmagovalne-stevilke\/german-lotto\/#primaryimage\"},\"image\":{\"@id\":\"https:\/\/onlinelotto365.com\/sl\/zmagovalne-stevilke\/german-lotto\/#primaryimage\"},\"thumbnailUrl\":\"https:\/\/redfoxlotto.com\/image?size=8&amp;lottery=lotto-6aus49\",\"datePublished\":\"2022-11-23T10:54:32+00:00\",\"dateModified\":\"2022-11-23T10:54:32+00:00\",\"description\":\"\u010ce \u017eelite najti dobitne \u0161tevilke za nem\u0161ko loterijo 6aus49, poglejte tukaj!\",\"breadcrumb\":{\"@id\":\"https:\/\/onlinelotto365.com\/sl\/zmagovalne-stevilke\/german-lotto\/#breadcrumb\"},\"inLanguage\":\"sl-SI\",\"potentialAction\":[{\"@type\":\"ReadAction\",\"target\":[\"https:\/\/onlinelotto365.com\/sl\/zmagovalne-stevilke\/german-lotto\/\"]}]},{\"@type\":\"ImageObject\",\"inLanguage\":\"sl-SI\",\"@id\":\"https:\/\/onlinelotto365.com\/sl\/zmagovalne-stevilke\/german-lotto\/#primaryimage\",\"url\":\"https:\/\/redfoxlotto.com\/image?size=8&amp;lottery=lotto-6aus49\",\"contentUrl\":\"https:\/\/redfoxlotto.com\/image?size=8&amp;lottery=lotto-6aus49\"},{\"@type\":\"BreadcrumbList\",\"@id\":\"https:\/\/onlinelotto365.com\/sl\/zmagovalne-stevilke\/german-lotto\/#breadcrumb\",\"itemListElement\":[{\"@type\":\"ListItem\",\"position\":1,\"name\":\"Home\",\"item\":\"https:\/\/onlinelotto365.com\/sl\/\"},{\"@type\":\"ListItem\",\"position\":2,\"name\":\"Preglejte zmagovalne \u0161tevilke in rezultate najnovej\u0161ih loto \u017erebanj\",\"item\":\"https:\/\/onlinelotto365.com\/sl\/zmagovalne-stevilke\/\"},{\"@type\":\"ListItem\",\"position\":3,\"name\":\"Oglejte si nem\u0161ki Lotto zmagovalne \u0161tevilke tukaj\"}]},{\"@type\":\"WebSite\",\"@id\":\"https:\/\/onlinelotto365.com\/sl\/#website\",\"url\":\"https:\/\/onlinelotto365.com\/sl\/\",\"name\":\"OnlineLotto365\",\"description\":\"\",\"potentialAction\":[{\"@type\":\"SearchAction\",\"target\":{\"@type\":\"EntryPoint\",\"urlTemplate\":\"https:\/\/onlinelotto365.com\/sl\/?s={search_term_string}\"},\"query-input\":{\"@type\":\"PropertyValueSpecification\",\"valueRequired\":true,\"valueName\":\"search_term_string\"}}],\"inLanguage\":\"sl-SI\"}]}<\/script>\n<!-- \/ Yoast SEO plugin. -->","yoast_head_json":{"title":"Zmagovalne \u0161tevilke Nem\u0161ki Lotto | Rezultati \u017erebanja in dobljeni zneski za Nem\u0161ki Lotto","description":"\u010ce \u017eelite najti dobitne \u0161tevilke za nem\u0161ko loterijo 6aus49, poglejte tukaj!","robots":{"index":"index","follow":"follow","max-snippet":"max-snippet:-1","max-image-preview":"max-image-preview:large","max-video-preview":"max-video-preview:-1"},"canonical":"https:\/\/onlinelotto365.com\/sl\/zmagovalne-stevilke\/german-lotto\/","og_locale":"sl_SI","og_type":"article","og_title":"Zmagovalne \u0161tevilke Nem\u0161ki Lotto | Rezultati \u017erebanja in dobljeni zneski za Nem\u0161ki Lotto","og_description":"\u010ce \u017eelite najti dobitne \u0161tevilke za nem\u0161ko loterijo 6aus49, poglejte tukaj!","og_url":"https:\/\/onlinelotto365.com\/sl\/zmagovalne-stevilke\/german-lotto\/","og_site_name":"OnlineLotto365","og_image":[{"url":"https:\/\/redfoxlotto.com\/image?size=8&amp;lottery=lotto-6aus49"}],"twitter_card":"summary_large_image","twitter_misc":{"Est. reading time":"3 minute"},"schema":{"@context":"https:\/\/schema.org","@graph":[{"@type":"WebPage","@id":"https:\/\/onlinelotto365.com\/sl\/zmagovalne-stevilke\/german-lotto\/","url":"https:\/\/onlinelotto365.com\/sl\/zmagovalne-stevilke\/german-lotto\/","name":"Zmagovalne \u0161tevilke Nem\u0161ki Lotto | Rezultati \u017erebanja in dobljeni zneski za Nem\u0161ki Lotto","isPartOf":{"@id":"https:\/\/onlinelotto365.com\/sl\/#website"},"primaryImageOfPage":{"@id":"https:\/\/onlinelotto365.com\/sl\/zmagovalne-stevilke\/german-lotto\/#primaryimage"},"image":{"@id":"https:\/\/onlinelotto365.com\/sl\/zmagovalne-stevilke\/german-lotto\/#primaryimage"},"thumbnailUrl":"https:\/\/redfoxlotto.com\/image?size=8&amp;lottery=lotto-6aus49","datePublished":"2022-11-23T10:54:32+00:00","dateModified":"2022-11-23T10:54:32+00:00","description":"\u010ce \u017eelite najti dobitne \u0161tevilke za nem\u0161ko loterijo 6aus49, poglejte tukaj!","breadcrumb":{"@id":"https:\/\/onlinelotto365.com\/sl\/zmagovalne-stevilke\/german-lotto\/#breadcrumb"},"inLanguage":"sl-SI","potentialAction":[{"@type":"ReadAction","target":["https:\/\/onlinelotto365.com\/sl\/zmagovalne-stevilke\/german-lotto\/"]}]},{"@type":"ImageObject","inLanguage":"sl-SI","@id":"https:\/\/onlinelotto365.com\/sl\/zmagovalne-stevilke\/german-lotto\/#primaryimage","url":"https:\/\/redfoxlotto.com\/image?size=8&amp;lottery=lotto-6aus49","contentUrl":"https:\/\/redfoxlotto.com\/image?size=8&amp;lottery=lotto-6aus49"},{"@type":"BreadcrumbList","@id":"https:\/\/onlinelotto365.com\/sl\/zmagovalne-stevilke\/german-lotto\/#breadcrumb","itemListElement":[{"@type":"ListItem","position":1,"name":"Home","item":"https:\/\/onlinelotto365.com\/sl\/"},{"@type":"ListItem","position":2,"name":"Preglejte zmagovalne \u0161tevilke in rezultate najnovej\u0161ih loto \u017erebanj","item":"https:\/\/onlinelotto365.com\/sl\/zmagovalne-stevilke\/"},{"@type":"ListItem","position":3,"name":"Oglejte si nem\u0161ki Lotto zmagovalne \u0161tevilke tukaj"}]},{"@type":"WebSite","@id":"https:\/\/onlinelotto365.com\/sl\/#website","url":"https:\/\/onlinelotto365.com\/sl\/","name":"OnlineLotto365","description":"","potentialAction":[{"@type":"SearchAction","target":{"@type":"EntryPoint","urlTemplate":"https:\/\/onlinelotto365.com\/sl\/?s={search_term_string}"},"query-input":{"@type":"PropertyValueSpecification","valueRequired":true,"valueName":"search_term_string"}}],"inLanguage":"sl-SI"}]}},"_links":{"self":[{"href":"https:\/\/onlinelotto365.com\/sl\/wp-json\/wp\/v2\/pages\/80847","targetHints":{"allow":["GET"]}}],"collection":[{"href":"https:\/\/onlinelotto365.com\/sl\/wp-json\/wp\/v2\/pages"}],"about":[{"href":"https:\/\/onlinelotto365.com\/sl\/wp-json\/wp\/v2\/types\/page"}],"author":[{"embeddable":true,"href":"https:\/\/onlinelotto365.com\/sl\/wp-json\/wp\/v2\/users\/1"}],"replies":[{"embeddable":true,"href":"https:\/\/onlinelotto365.com\/sl\/wp-json\/wp\/v2\/comments?post=80847"}],"version-history":[{"count":0,"href":"https:\/\/onlinelotto365.com\/sl\/wp-json\/wp\/v2\/pages\/80847\/revisions"}],"up":[{"embeddable":true,"href":"https:\/\/onlinelotto365.com\/sl\/wp-json\/wp\/v2\/pages\/5867"}],"wp:attachment":[{"href":"https:\/\/onlinelotto365.com\/sl\/wp-json\/wp\/v2\/media?parent=80847"}],"curies":[{"name":"wp","href":"https:\/\/api.w.org\/{rel}","templated":true}]}}