{"id":80879,"date":"2022-11-23T12:46:42","date_gmt":"2022-11-23T11:46:42","guid":{"rendered":"https:\/\/onlinelotto365.com\/?page_id=80879"},"modified":"2022-11-23T12:46:42","modified_gmt":"2022-11-23T11:46:42","slug":"mega-sena","status":"publish","type":"page","link":"https:\/\/onlinelotto365.com\/sl\/zmagovalne-stevilke\/mega-sena\/","title":{"rendered":"Mega-Sena iz Brazilije &#8211; najnovej\u0161e zmagovalne \u0161tevilke"},"content":{"rendered":"<p>Na voljo je veliko razli\u010dnih iger, zato se morate prepri\u010dati, da boste \u010dim prej na\u0161li zmagovalne \u0161tevilke. To je mogo\u010de na ve\u010d razli\u010dnih na\u010dinov, \u010de veste, kje iskati. Dobitne \u0161tevilke so v\u010dasih na voljo v \u010dasopisu, \u010de \u017eivite na obmo\u010dju, kjer gre za lokalno igro. To lahko pomeni, da rezultati igre Mega-Sena na va\u0161em obmo\u010dju niso na voljo. Prav tako so na nekaterih obmo\u010djih zmagovalne \u0161tevilke prikazane na televiziji, kar se bo zgodilo le, \u010de \u017eivite na dolo\u010denih obmo\u010djih.<br \/>\n<a href=\"https:\/\/redfoxlotto.com\/play\/mega-sena\/?ref=a8564250a2&amp;medium=ol365\" target=\"_blank\" rel=\"noopener noreferrer\"><img decoding=\"async\" class=\"aligncenter\" src=\"https:\/\/redfoxlotto.com\/image?size=8&amp;lottery=mega-sena\" alt=\"mega-sena\" \/><\/a><\/p>\n<p>Druga mo\u017enost je, da na spletni strani loterije Mega-Sena preverite, ali imajo na voljo prenos v \u017eivo, ko je igra iz\u017erebana. Tega ne po\u010dnejo vse igre, a pri tistih, ki to po\u010dnejo, je to lahko vznemirljiva izku\u0161nja za vse, ki jih gledajo. \u0160e posebej, \u010de ste pravzaprav zmagovalec in gledate, kako se \u017erebajo va\u0161e \u0161tevilke.<\/p>\n<p>Na voljo je tudi mo\u017enost, da se odpravite na YouTube. V\u010dasih ljudje na splet nalo\u017eijo videoposnetke \u017erebanja v \u017eivo in morda si boste lahko ogledali zadnje \u017erebanje Mega Sena.<\/p>\n<p>Najla\u017eji na\u010din za pridobitev zmagovalnih \u0161tevilk pa bo, da si ogledate na\u0161o spletno stran. Pri nas lahko dostopate do vseh dobitnih \u0161tevilk za igro Mega Sena in katero koli drugo \u017eeleno igro, ki jo imamo na voljo. Tako boste la\u017eje na\u0161li \u017eelene rezultate.<\/p>\n<h2>Kako ugotoviti, ali je va\u0161a spletna sre\u010dka dobitna<\/h2>\n<p>\u0160e bolj\u0161e je, da se lahko prijavite neposredno v svoj ra\u010dun in poi\u0161\u010dete tudi rezultate katere koli igre, za katero ste kupili sre\u010dke. Preprosto pojdite v razdelek spletnega mesta, kjer so shranjene va\u0161e vstopnice, in poi\u0161\u010dite zmagovalne \u0161tevilke, ki veljajo za te vstopnice.<\/p>\n<p>Nato si lahko ogledate tudi zmagovalne \u0161tevilke, ki se ujemajo z va\u0161imi trenutnimi \u0161tevilkami, tako da lahko vidite, koliko ste \u017ee osvojili. \u010ce je manj kot 2500 EUR, bomo poskrbeli za to, da ta denar dobite neposredno na svoj ra\u010dun, tako da ga boste lahko za\u010deli porabljati ali ga dvignili na svoj ra\u010dun. Vse, kar morate storiti, je, da poskrbite, da denar dvignete na ra\u010dun, ki ste ga \u017ee uporabljali pri nas.<\/p>\n<h2>Arhiv rezultatov Mega-Sena<\/h2>\n<p><img loading=\"lazy\" decoding=\"async\" class=\"alignright wp-image-3640\" src=\"https:\/\/onlinelotto365.com\/wp-content\/uploads\/2020\/11\/lottery_balls1-300x160.jpg\" alt=\"mega-sena rezultati\" width=\"249\" height=\"133\" srcset=\"https:\/\/onlinelotto365.com\/wp-content\/uploads\/2020\/11\/lottery_balls1-300x160.jpg 300w, https:\/\/onlinelotto365.com\/wp-content\/uploads\/2020\/11\/lottery_balls1.jpg 472w\" sizes=\"auto, (max-width: 249px) 100vw, 249px\" \/><br \/>\nTisti, ki \u017eelite dobiti dostop do starej\u0161ih \u0161tevilk igre Mega-Sena, si boste morali podrobno ogledati spletne strani, ki \u017ee ponujajo najnovej\u0161e \u0161tevilke. Tam so na voljo tudi vse starej\u0161e \u0161tevilke, tako da vam ni treba skrbeti, da bi zamudili nekaj najbolj\u0161ih informacij za izbiro naslednjega niza \u0161tevilk.<\/p>\n","protected":false},"excerpt":{"rendered":"<p>Na voljo je veliko razli\u010dnih iger, zato se morate prepri\u010dati, da boste \u010dim prej na\u0161li zmagovalne \u0161tevilke. To je mogo\u010de na ve\u010d razli\u010dnih na\u010dinov, \u010de veste, kje iskati. Dobitne \u0161tevilke so v\u010dasih na voljo v \u010dasopisu, \u010de \u017eivite na obmo\u010dju, kjer gre za lokalno igro. To lahko pomeni, da rezultati igre Mega-Sena na va\u0161em obmo\u010dju [&hellip;]<\/p>\n","protected":false},"author":1,"featured_media":0,"parent":5867,"menu_order":12,"comment_status":"closed","ping_status":"closed","template":"megasena-results.php","meta":{"_et_pb_use_builder":"","_et_pb_old_content":"","_et_gb_content_width":"","exclude_from_search":false,"footnotes":""},"class_list":["post-80879","page","type-page","status-publish","hentry"],"yoast_head":"<!-- This site is optimized with the Yoast SEO plugin v23.4 - https:\/\/yoast.com\/wordpress\/plugins\/seo\/ -->\n<title>Najnovej\u0161i rezultati \u017erebanja in nagrade za Mega-Sena<\/title>\n<meta name=\"description\" content=\"Rezultati za Mega-Sena Brazilija in \u0161tevilne druge svetovne loterije, ki jih najdete tukaj\" \/>\n<meta name=\"robots\" content=\"index, follow, max-snippet:-1, max-image-preview:large, max-video-preview:-1\" \/>\n<link rel=\"canonical\" href=\"https:\/\/onlinelotto365.com\/sl\/zmagovalne-stevilke\/mega-sena\/\" \/>\n<meta property=\"og:locale\" content=\"sl_SI\" \/>\n<meta property=\"og:type\" content=\"article\" \/>\n<meta property=\"og:title\" content=\"Najnovej\u0161i rezultati \u017erebanja in nagrade za Mega-Sena\" \/>\n<meta property=\"og:description\" content=\"Rezultati za Mega-Sena Brazilija in \u0161tevilne druge svetovne loterije, ki jih najdete tukaj\" \/>\n<meta property=\"og:url\" content=\"https:\/\/onlinelotto365.com\/sl\/zmagovalne-stevilke\/mega-sena\/\" \/>\n<meta property=\"og:site_name\" content=\"OnlineLotto365\" \/>\n<meta property=\"og:image\" content=\"https:\/\/redfoxlotto.com\/image?size=8&amp;lottery=mega-sena\" \/>\n<meta name=\"twitter:card\" content=\"summary_large_image\" \/>\n<meta name=\"twitter:label1\" content=\"Est. reading time\" \/>\n\t<meta name=\"twitter:data1\" content=\"3 minute\" \/>\n<script type=\"application\/ld+json\" class=\"yoast-schema-graph\">{\"@context\":\"https:\/\/schema.org\",\"@graph\":[{\"@type\":\"WebPage\",\"@id\":\"https:\/\/onlinelotto365.com\/sl\/zmagovalne-stevilke\/mega-sena\/\",\"url\":\"https:\/\/onlinelotto365.com\/sl\/zmagovalne-stevilke\/mega-sena\/\",\"name\":\"Najnovej\u0161i rezultati \u017erebanja in nagrade za Mega-Sena\",\"isPartOf\":{\"@id\":\"https:\/\/onlinelotto365.com\/sl\/#website\"},\"primaryImageOfPage\":{\"@id\":\"https:\/\/onlinelotto365.com\/sl\/zmagovalne-stevilke\/mega-sena\/#primaryimage\"},\"image\":{\"@id\":\"https:\/\/onlinelotto365.com\/sl\/zmagovalne-stevilke\/mega-sena\/#primaryimage\"},\"thumbnailUrl\":\"https:\/\/redfoxlotto.com\/image?size=8&amp;lottery=mega-sena\",\"datePublished\":\"2022-11-23T11:46:42+00:00\",\"dateModified\":\"2022-11-23T11:46:42+00:00\",\"description\":\"Rezultati za Mega-Sena Brazilija in \u0161tevilne druge svetovne loterije, ki jih najdete tukaj\",\"breadcrumb\":{\"@id\":\"https:\/\/onlinelotto365.com\/sl\/zmagovalne-stevilke\/mega-sena\/#breadcrumb\"},\"inLanguage\":\"sl-SI\",\"potentialAction\":[{\"@type\":\"ReadAction\",\"target\":[\"https:\/\/onlinelotto365.com\/sl\/zmagovalne-stevilke\/mega-sena\/\"]}]},{\"@type\":\"ImageObject\",\"inLanguage\":\"sl-SI\",\"@id\":\"https:\/\/onlinelotto365.com\/sl\/zmagovalne-stevilke\/mega-sena\/#primaryimage\",\"url\":\"https:\/\/redfoxlotto.com\/image?size=8&amp;lottery=mega-sena\",\"contentUrl\":\"https:\/\/redfoxlotto.com\/image?size=8&amp;lottery=mega-sena\"},{\"@type\":\"BreadcrumbList\",\"@id\":\"https:\/\/onlinelotto365.com\/sl\/zmagovalne-stevilke\/mega-sena\/#breadcrumb\",\"itemListElement\":[{\"@type\":\"ListItem\",\"position\":1,\"name\":\"Home\",\"item\":\"https:\/\/onlinelotto365.com\/sl\/\"},{\"@type\":\"ListItem\",\"position\":2,\"name\":\"Preglejte zmagovalne \u0161tevilke in rezultate najnovej\u0161ih loto \u017erebanj\",\"item\":\"https:\/\/onlinelotto365.com\/sl\/zmagovalne-stevilke\/\"},{\"@type\":\"ListItem\",\"position\":3,\"name\":\"Mega-Sena iz Brazilije &#8211; najnovej\u0161e zmagovalne \u0161tevilke\"}]},{\"@type\":\"WebSite\",\"@id\":\"https:\/\/onlinelotto365.com\/sl\/#website\",\"url\":\"https:\/\/onlinelotto365.com\/sl\/\",\"name\":\"OnlineLotto365\",\"description\":\"\",\"potentialAction\":[{\"@type\":\"SearchAction\",\"target\":{\"@type\":\"EntryPoint\",\"urlTemplate\":\"https:\/\/onlinelotto365.com\/sl\/?s={search_term_string}\"},\"query-input\":{\"@type\":\"PropertyValueSpecification\",\"valueRequired\":true,\"valueName\":\"search_term_string\"}}],\"inLanguage\":\"sl-SI\"}]}<\/script>\n<!-- \/ Yoast SEO plugin. -->","yoast_head_json":{"title":"Najnovej\u0161i rezultati \u017erebanja in nagrade za Mega-Sena","description":"Rezultati za Mega-Sena Brazilija in \u0161tevilne druge svetovne loterije, ki jih najdete tukaj","robots":{"index":"index","follow":"follow","max-snippet":"max-snippet:-1","max-image-preview":"max-image-preview:large","max-video-preview":"max-video-preview:-1"},"canonical":"https:\/\/onlinelotto365.com\/sl\/zmagovalne-stevilke\/mega-sena\/","og_locale":"sl_SI","og_type":"article","og_title":"Najnovej\u0161i rezultati \u017erebanja in nagrade za Mega-Sena","og_description":"Rezultati za Mega-Sena Brazilija in \u0161tevilne druge svetovne loterije, ki jih najdete tukaj","og_url":"https:\/\/onlinelotto365.com\/sl\/zmagovalne-stevilke\/mega-sena\/","og_site_name":"OnlineLotto365","og_image":[{"url":"https:\/\/redfoxlotto.com\/image?size=8&amp;lottery=mega-sena"}],"twitter_card":"summary_large_image","twitter_misc":{"Est. reading time":"3 minute"},"schema":{"@context":"https:\/\/schema.org","@graph":[{"@type":"WebPage","@id":"https:\/\/onlinelotto365.com\/sl\/zmagovalne-stevilke\/mega-sena\/","url":"https:\/\/onlinelotto365.com\/sl\/zmagovalne-stevilke\/mega-sena\/","name":"Najnovej\u0161i rezultati \u017erebanja in nagrade za Mega-Sena","isPartOf":{"@id":"https:\/\/onlinelotto365.com\/sl\/#website"},"primaryImageOfPage":{"@id":"https:\/\/onlinelotto365.com\/sl\/zmagovalne-stevilke\/mega-sena\/#primaryimage"},"image":{"@id":"https:\/\/onlinelotto365.com\/sl\/zmagovalne-stevilke\/mega-sena\/#primaryimage"},"thumbnailUrl":"https:\/\/redfoxlotto.com\/image?size=8&amp;lottery=mega-sena","datePublished":"2022-11-23T11:46:42+00:00","dateModified":"2022-11-23T11:46:42+00:00","description":"Rezultati za Mega-Sena Brazilija in \u0161tevilne druge svetovne loterije, ki jih najdete tukaj","breadcrumb":{"@id":"https:\/\/onlinelotto365.com\/sl\/zmagovalne-stevilke\/mega-sena\/#breadcrumb"},"inLanguage":"sl-SI","potentialAction":[{"@type":"ReadAction","target":["https:\/\/onlinelotto365.com\/sl\/zmagovalne-stevilke\/mega-sena\/"]}]},{"@type":"ImageObject","inLanguage":"sl-SI","@id":"https:\/\/onlinelotto365.com\/sl\/zmagovalne-stevilke\/mega-sena\/#primaryimage","url":"https:\/\/redfoxlotto.com\/image?size=8&amp;lottery=mega-sena","contentUrl":"https:\/\/redfoxlotto.com\/image?size=8&amp;lottery=mega-sena"},{"@type":"BreadcrumbList","@id":"https:\/\/onlinelotto365.com\/sl\/zmagovalne-stevilke\/mega-sena\/#breadcrumb","itemListElement":[{"@type":"ListItem","position":1,"name":"Home","item":"https:\/\/onlinelotto365.com\/sl\/"},{"@type":"ListItem","position":2,"name":"Preglejte zmagovalne \u0161tevilke in rezultate najnovej\u0161ih loto \u017erebanj","item":"https:\/\/onlinelotto365.com\/sl\/zmagovalne-stevilke\/"},{"@type":"ListItem","position":3,"name":"Mega-Sena iz Brazilije &#8211; najnovej\u0161e zmagovalne \u0161tevilke"}]},{"@type":"WebSite","@id":"https:\/\/onlinelotto365.com\/sl\/#website","url":"https:\/\/onlinelotto365.com\/sl\/","name":"OnlineLotto365","description":"","potentialAction":[{"@type":"SearchAction","target":{"@type":"EntryPoint","urlTemplate":"https:\/\/onlinelotto365.com\/sl\/?s={search_term_string}"},"query-input":{"@type":"PropertyValueSpecification","valueRequired":true,"valueName":"search_term_string"}}],"inLanguage":"sl-SI"}]}},"_links":{"self":[{"href":"https:\/\/onlinelotto365.com\/sl\/wp-json\/wp\/v2\/pages\/80879","targetHints":{"allow":["GET"]}}],"collection":[{"href":"https:\/\/onlinelotto365.com\/sl\/wp-json\/wp\/v2\/pages"}],"about":[{"href":"https:\/\/onlinelotto365.com\/sl\/wp-json\/wp\/v2\/types\/page"}],"author":[{"embeddable":true,"href":"https:\/\/onlinelotto365.com\/sl\/wp-json\/wp\/v2\/users\/1"}],"replies":[{"embeddable":true,"href":"https:\/\/onlinelotto365.com\/sl\/wp-json\/wp\/v2\/comments?post=80879"}],"version-history":[{"count":0,"href":"https:\/\/onlinelotto365.com\/sl\/wp-json\/wp\/v2\/pages\/80879\/revisions"}],"up":[{"embeddable":true,"href":"https:\/\/onlinelotto365.com\/sl\/wp-json\/wp\/v2\/pages\/5867"}],"wp:attachment":[{"href":"https:\/\/onlinelotto365.com\/sl\/wp-json\/wp\/v2\/media?parent=80879"}],"curies":[{"name":"wp","href":"https:\/\/api.w.org\/{rel}","templated":true}]}}