{"id":80911,"date":"2022-11-23T13:45:47","date_gmt":"2022-11-23T12:45:47","guid":{"rendered":"https:\/\/onlinelotto365.com\/?page_id=80911"},"modified":"2022-11-23T13:45:47","modified_gmt":"2022-11-23T12:45:47","slug":"powerball-australia","status":"publish","type":"page","link":"https:\/\/onlinelotto365.com\/sl\/zmagovalne-stevilke\/powerball-australia\/","title":{"rendered":"Powerball Avstralija &#8211; najnovej\u0161e in prej\u0161nje zmagovalne \u0161tevilke, rezultati"},"content":{"rendered":"<p>Pri mednarodnih loterijah lahko rezultate preverite v \u010dasopisu, vendar je malo verjetno, da boste zmagovalne \u0161tevilke za Powerball Australia na\u0161li v lokalnem \u010dasopisu. Prav tako jih morda ne boste na\u0161li na nobenem od lokalnih televizijskih kanalov. \u010ce jo boste na\u0161li, bo potrebno nekaj \u010dasa in truda, da boste na\u0161li pravi kanal.<\/p>\n<p>Druga mo\u017enost je, da preverite spletno stran Powerball Australia in preverite, ali ponuja mo\u017enost \u017erebanja v \u017eivo. \u010ce jo imajo, jo boste morda lahko spremljali in v celoti u\u017eivali ob gledanju \u017erebanja \u0161tevilk v \u017eivo. Vendar pa te mo\u017enosti ne ponujajo vse igre, zato se vam lahko zgodi, da boste to izku\u0161njo popolnoma zamudili.<br \/>\nNa YouTubu lahko preverite, ali je na voljo posnetek \u017erebanja Powerball Australia v \u017eivo. To je lahko dober na\u010din za iskanje rezultatov po \u017erebanju.<br \/>\n<a href=\"https:\/\/redfoxlotto.com\/play\/powerball-au\/?ref=a8564250a2&amp;medium=ol365\" target=\"_blank\" rel=\"noopener noreferrer\"><img decoding=\"async\" class=\"aligncenter\" src=\"https:\/\/redfoxlotto.com\/image?size=8&amp;lottery=powerball-au\" alt=\"Powerball Avstralija\" \/><\/a><br \/>\nNajbolj\u0161i na\u010din za iskanje rezultatov \u017erebanja Powerball Australia pa je, da si ogledate na\u0161o spletno stran. Na njej boste lahko na\u0161li rezultate te in vseh drugih iger, ki jih imamo na voljo, zato vam ni treba skrbeti, da bi karkoli zamudili.<\/p>\n<h2>Kako ugotoviti, ali je va\u0161a spletna sre\u010dka zmagala?<\/h2>\n<p>Kaj pa \u010de ste \u017ee kupili svoje sre\u010dke za avstralsko igro Powerball? Potem je preverjanje zmagovalnih \u0161tevilk \u0161e la\u017eje. Namesto da bi preverili obi\u010dajno stran z rezultati loterije, lahko na svojem ra\u010dunu preverite stran s sre\u010dkami. Tako si boste lahko ogledali zmagovalne \u0161tevilke v primerjavi s svojimi, kar bo za va\u0161e potrebe \u0161e bolje.<\/p>\n<p>Na svoji sre\u010dki lahko poi\u0161\u010dete vse \u0161tevilke, ki so ozna\u010dene, kar pomeni, da se ujemajo z zmagovalnimi \u0161tevilkami. Nato si lahko ogledate, koliko ste osvojili. In \u010de je ta znesek manj\u0161i od 2500 evrov, bo le tako nakazan na va\u0161 ra\u010dun.<\/p>\n<h2>Arhiv rezultatov igre Powerball Australia<\/h2>\n<p>Na na\u0161em spletnem mestu vam omogo\u010damo, da na enostaven na\u010din preverite ne le trenutne \u0161tevilke loterije Powerball Australia in ve\u010d, temve\u010d tudi stare \u0161tevilke. Eden izmed najbolj priljubljenih na\u010dinov izbire \u0161tevilk je ogled starej\u0161ih \u0161tevilk, zato smo poskrbeli, da te \u0161tevilke najdete na vsaki strani, kjer so na voljo trenutne dobitne \u0161tevilke.<\/p>\n<h2>Moj listek je dobil dobitek, kaj sledi?<\/h2>\n<p>\u010ce je va\u0161a sre\u010dka dobitna, se morate samo udobno namestiti in pustiti, da vam pomagamo dobiti denar, do katerega ste upravi\u010deni. \u010ce ste osvojili manj kot 2500 EUR, vam jih bomo na va\u0161 igralni ra\u010dun nakazali takoj, ko bodo rezultati preverjeni. Nato boste lahko denar dvignili, \u010de bo na va\u0161em ra\u010dunu ostalo 10 \u20ac.<\/p>\n","protected":false},"excerpt":{"rendered":"<p>Pri mednarodnih loterijah lahko rezultate preverite v \u010dasopisu, vendar je malo verjetno, da boste zmagovalne \u0161tevilke za Powerball Australia na\u0161li v lokalnem \u010dasopisu. Prav tako jih morda ne boste na\u0161li na nobenem od lokalnih televizijskih kanalov. \u010ce jo boste na\u0161li, bo potrebno nekaj \u010dasa in truda, da boste na\u0161li pravi kanal. Druga mo\u017enost je, da [&hellip;]<\/p>\n","protected":false},"author":1,"featured_media":0,"parent":5867,"menu_order":13,"comment_status":"closed","ping_status":"closed","template":"powerball-au-results.php","meta":{"_et_pb_use_builder":"","_et_pb_old_content":"","_et_gb_content_width":"","exclude_from_search":false,"footnotes":""},"class_list":["post-80911","page","type-page","status-publish","hentry"],"yoast_head":"<!-- This site is optimized with the Yoast SEO plugin v23.4 - https:\/\/yoast.com\/wordpress\/plugins\/seo\/ -->\n<title>Najnovej\u0161i in pretekli rezultati \u017erebanja ter dobitne \u0161tevilke za Powerball Australia<\/title>\n<meta name=\"description\" content=\"Zmagovalne \u0161tevilke igre Powerball Australia objavljamo takoj po \u017erebanju.\" \/>\n<meta name=\"robots\" content=\"index, follow, max-snippet:-1, max-image-preview:large, max-video-preview:-1\" \/>\n<link rel=\"canonical\" href=\"https:\/\/onlinelotto365.com\/sl\/zmagovalne-stevilke\/powerball-australia\/\" \/>\n<meta property=\"og:locale\" content=\"sl_SI\" \/>\n<meta property=\"og:type\" content=\"article\" \/>\n<meta property=\"og:title\" content=\"Najnovej\u0161i in pretekli rezultati \u017erebanja ter dobitne \u0161tevilke za Powerball Australia\" \/>\n<meta property=\"og:description\" content=\"Zmagovalne \u0161tevilke igre Powerball Australia objavljamo takoj po \u017erebanju.\" \/>\n<meta property=\"og:url\" content=\"https:\/\/onlinelotto365.com\/sl\/zmagovalne-stevilke\/powerball-australia\/\" \/>\n<meta property=\"og:site_name\" content=\"OnlineLotto365\" \/>\n<meta property=\"og:image\" content=\"https:\/\/redfoxlotto.com\/image?size=8&amp;lottery=powerball-au\" \/>\n<meta name=\"twitter:card\" content=\"summary_large_image\" \/>\n<meta name=\"twitter:label1\" content=\"Est. reading time\" \/>\n\t<meta name=\"twitter:data1\" content=\"2 minuti\" \/>\n<script type=\"application\/ld+json\" class=\"yoast-schema-graph\">{\"@context\":\"https:\/\/schema.org\",\"@graph\":[{\"@type\":\"WebPage\",\"@id\":\"https:\/\/onlinelotto365.com\/sl\/zmagovalne-stevilke\/powerball-australia\/\",\"url\":\"https:\/\/onlinelotto365.com\/sl\/zmagovalne-stevilke\/powerball-australia\/\",\"name\":\"Najnovej\u0161i in pretekli rezultati \u017erebanja ter dobitne \u0161tevilke za Powerball Australia\",\"isPartOf\":{\"@id\":\"https:\/\/onlinelotto365.com\/sl\/#website\"},\"primaryImageOfPage\":{\"@id\":\"https:\/\/onlinelotto365.com\/sl\/zmagovalne-stevilke\/powerball-australia\/#primaryimage\"},\"image\":{\"@id\":\"https:\/\/onlinelotto365.com\/sl\/zmagovalne-stevilke\/powerball-australia\/#primaryimage\"},\"thumbnailUrl\":\"https:\/\/redfoxlotto.com\/image?size=8&amp;lottery=powerball-au\",\"datePublished\":\"2022-11-23T12:45:47+00:00\",\"dateModified\":\"2022-11-23T12:45:47+00:00\",\"description\":\"Zmagovalne \u0161tevilke igre Powerball Australia objavljamo takoj po \u017erebanju.\",\"breadcrumb\":{\"@id\":\"https:\/\/onlinelotto365.com\/sl\/zmagovalne-stevilke\/powerball-australia\/#breadcrumb\"},\"inLanguage\":\"sl-SI\",\"potentialAction\":[{\"@type\":\"ReadAction\",\"target\":[\"https:\/\/onlinelotto365.com\/sl\/zmagovalne-stevilke\/powerball-australia\/\"]}]},{\"@type\":\"ImageObject\",\"inLanguage\":\"sl-SI\",\"@id\":\"https:\/\/onlinelotto365.com\/sl\/zmagovalne-stevilke\/powerball-australia\/#primaryimage\",\"url\":\"https:\/\/redfoxlotto.com\/image?size=8&amp;lottery=powerball-au\",\"contentUrl\":\"https:\/\/redfoxlotto.com\/image?size=8&amp;lottery=powerball-au\"},{\"@type\":\"BreadcrumbList\",\"@id\":\"https:\/\/onlinelotto365.com\/sl\/zmagovalne-stevilke\/powerball-australia\/#breadcrumb\",\"itemListElement\":[{\"@type\":\"ListItem\",\"position\":1,\"name\":\"Home\",\"item\":\"https:\/\/onlinelotto365.com\/sl\/\"},{\"@type\":\"ListItem\",\"position\":2,\"name\":\"Preglejte zmagovalne \u0161tevilke in rezultate najnovej\u0161ih loto \u017erebanj\",\"item\":\"https:\/\/onlinelotto365.com\/sl\/zmagovalne-stevilke\/\"},{\"@type\":\"ListItem\",\"position\":3,\"name\":\"Powerball Avstralija &#8211; najnovej\u0161e in prej\u0161nje zmagovalne \u0161tevilke, rezultati\"}]},{\"@type\":\"WebSite\",\"@id\":\"https:\/\/onlinelotto365.com\/sl\/#website\",\"url\":\"https:\/\/onlinelotto365.com\/sl\/\",\"name\":\"OnlineLotto365\",\"description\":\"\",\"potentialAction\":[{\"@type\":\"SearchAction\",\"target\":{\"@type\":\"EntryPoint\",\"urlTemplate\":\"https:\/\/onlinelotto365.com\/sl\/?s={search_term_string}\"},\"query-input\":{\"@type\":\"PropertyValueSpecification\",\"valueRequired\":true,\"valueName\":\"search_term_string\"}}],\"inLanguage\":\"sl-SI\"}]}<\/script>\n<!-- \/ Yoast SEO plugin. -->","yoast_head_json":{"title":"Najnovej\u0161i in pretekli rezultati \u017erebanja ter dobitne \u0161tevilke za Powerball Australia","description":"Zmagovalne \u0161tevilke igre Powerball Australia objavljamo takoj po \u017erebanju.","robots":{"index":"index","follow":"follow","max-snippet":"max-snippet:-1","max-image-preview":"max-image-preview:large","max-video-preview":"max-video-preview:-1"},"canonical":"https:\/\/onlinelotto365.com\/sl\/zmagovalne-stevilke\/powerball-australia\/","og_locale":"sl_SI","og_type":"article","og_title":"Najnovej\u0161i in pretekli rezultati \u017erebanja ter dobitne \u0161tevilke za Powerball Australia","og_description":"Zmagovalne \u0161tevilke igre Powerball Australia objavljamo takoj po \u017erebanju.","og_url":"https:\/\/onlinelotto365.com\/sl\/zmagovalne-stevilke\/powerball-australia\/","og_site_name":"OnlineLotto365","og_image":[{"url":"https:\/\/redfoxlotto.com\/image?size=8&amp;lottery=powerball-au"}],"twitter_card":"summary_large_image","twitter_misc":{"Est. reading time":"2 minuti"},"schema":{"@context":"https:\/\/schema.org","@graph":[{"@type":"WebPage","@id":"https:\/\/onlinelotto365.com\/sl\/zmagovalne-stevilke\/powerball-australia\/","url":"https:\/\/onlinelotto365.com\/sl\/zmagovalne-stevilke\/powerball-australia\/","name":"Najnovej\u0161i in pretekli rezultati \u017erebanja ter dobitne \u0161tevilke za Powerball Australia","isPartOf":{"@id":"https:\/\/onlinelotto365.com\/sl\/#website"},"primaryImageOfPage":{"@id":"https:\/\/onlinelotto365.com\/sl\/zmagovalne-stevilke\/powerball-australia\/#primaryimage"},"image":{"@id":"https:\/\/onlinelotto365.com\/sl\/zmagovalne-stevilke\/powerball-australia\/#primaryimage"},"thumbnailUrl":"https:\/\/redfoxlotto.com\/image?size=8&amp;lottery=powerball-au","datePublished":"2022-11-23T12:45:47+00:00","dateModified":"2022-11-23T12:45:47+00:00","description":"Zmagovalne \u0161tevilke igre Powerball Australia objavljamo takoj po \u017erebanju.","breadcrumb":{"@id":"https:\/\/onlinelotto365.com\/sl\/zmagovalne-stevilke\/powerball-australia\/#breadcrumb"},"inLanguage":"sl-SI","potentialAction":[{"@type":"ReadAction","target":["https:\/\/onlinelotto365.com\/sl\/zmagovalne-stevilke\/powerball-australia\/"]}]},{"@type":"ImageObject","inLanguage":"sl-SI","@id":"https:\/\/onlinelotto365.com\/sl\/zmagovalne-stevilke\/powerball-australia\/#primaryimage","url":"https:\/\/redfoxlotto.com\/image?size=8&amp;lottery=powerball-au","contentUrl":"https:\/\/redfoxlotto.com\/image?size=8&amp;lottery=powerball-au"},{"@type":"BreadcrumbList","@id":"https:\/\/onlinelotto365.com\/sl\/zmagovalne-stevilke\/powerball-australia\/#breadcrumb","itemListElement":[{"@type":"ListItem","position":1,"name":"Home","item":"https:\/\/onlinelotto365.com\/sl\/"},{"@type":"ListItem","position":2,"name":"Preglejte zmagovalne \u0161tevilke in rezultate najnovej\u0161ih loto \u017erebanj","item":"https:\/\/onlinelotto365.com\/sl\/zmagovalne-stevilke\/"},{"@type":"ListItem","position":3,"name":"Powerball Avstralija &#8211; najnovej\u0161e in prej\u0161nje zmagovalne \u0161tevilke, rezultati"}]},{"@type":"WebSite","@id":"https:\/\/onlinelotto365.com\/sl\/#website","url":"https:\/\/onlinelotto365.com\/sl\/","name":"OnlineLotto365","description":"","potentialAction":[{"@type":"SearchAction","target":{"@type":"EntryPoint","urlTemplate":"https:\/\/onlinelotto365.com\/sl\/?s={search_term_string}"},"query-input":{"@type":"PropertyValueSpecification","valueRequired":true,"valueName":"search_term_string"}}],"inLanguage":"sl-SI"}]}},"_links":{"self":[{"href":"https:\/\/onlinelotto365.com\/sl\/wp-json\/wp\/v2\/pages\/80911","targetHints":{"allow":["GET"]}}],"collection":[{"href":"https:\/\/onlinelotto365.com\/sl\/wp-json\/wp\/v2\/pages"}],"about":[{"href":"https:\/\/onlinelotto365.com\/sl\/wp-json\/wp\/v2\/types\/page"}],"author":[{"embeddable":true,"href":"https:\/\/onlinelotto365.com\/sl\/wp-json\/wp\/v2\/users\/1"}],"replies":[{"embeddable":true,"href":"https:\/\/onlinelotto365.com\/sl\/wp-json\/wp\/v2\/comments?post=80911"}],"version-history":[{"count":0,"href":"https:\/\/onlinelotto365.com\/sl\/wp-json\/wp\/v2\/pages\/80911\/revisions"}],"up":[{"embeddable":true,"href":"https:\/\/onlinelotto365.com\/sl\/wp-json\/wp\/v2\/pages\/5867"}],"wp:attachment":[{"href":"https:\/\/onlinelotto365.com\/sl\/wp-json\/wp\/v2\/media?parent=80911"}],"curies":[{"name":"wp","href":"https:\/\/api.w.org\/{rel}","templated":true}]}}