{"id":80944,"date":"2022-11-23T22:06:02","date_gmt":"2022-11-23T21:06:02","guid":{"rendered":"https:\/\/onlinelotto365.com\/?page_id=80944"},"modified":"2022-11-23T22:06:02","modified_gmt":"2022-11-23T21:06:02","slug":"oz-lotto","status":"publish","type":"page","link":"https:\/\/onlinelotto365.com\/sl\/zmagovalne-stevilke\/oz-lotto\/","title":{"rendered":"Zmagovalne \u0161tevilke iz Oz Lotto"},"content":{"rendered":"<p>Na na\u0161i spletni strani je na voljo veliko mo\u017enosti mednarodne loterije, pri igranju teh iger pa se morate prepri\u010dati, da lahko preverite zmagovalne \u0161tevilke. Eden od na\u010dinov je \u010dasopis, vendar je iskanje rezultatov igre Oz Lotto v \u010dasopisu lahko te\u017eavno. Druga mo\u017enost je na televiziji, vendar je iskanje pravega kanala za ogled \u017erebanja ali rezultatov za ve\u010dino ljudi prav tako lahko te\u017eavno.<br \/>\n<a href=\"https:\/\/redfoxlotto.com\/play\/oz-lotto\/?ref=a8564250a2&amp;medium=ol365\" target=\"_blank\" rel=\"noopener noreferrer\"><img decoding=\"async\" class=\"aligncenter\" src=\"https:\/\/redfoxlotto.com\/image?size=8&amp;lottery=oz-lotto\" alt=\"Oz Lotto\" \/><\/a><br \/>\nNato lahko preverite uradno spletno stran za Oz Lotto in preverite, ali lahko tam dobite rezultate. Nekatere igre vam omogo\u010dajo, da si \u017erebanje ogledate v \u017eivo na njihovi spletni strani. Vendar ne pozabite, da to ni mogo\u010de pri vseh igrah loto in se lahko zgodi, da boste ostali brez te mo\u017enosti.<\/p>\n<p>Po kon\u010danem \u017erebanju lahko v\u010dasih rezultate zadnjega \u017erebanja Oz Lotto poi\u0161\u010dete na YouTubu. Tudi ti niso vedno na voljo, v\u010dasih pa kdo objavi videoposnetek \u017erebanja ali \u0161tevilk v \u017eivo.<\/p>\n<p>\u010ce pa \u017eelite izvedeti najnovej\u0161e dobitne \u0161tevilke, je najbolje, da si ogledate na\u0161o spletno stran in stran z rezultati igre loto. Tam objavljamo rezultate za vsako loterijsko igro, ki jo lahko kupite na na\u0161i spletni strani, tako da veste, kje jih lahko poi\u0161\u010dete.<\/p>\n<h2>Kako ugotoviti, ali je va\u0161a spletna sre\u010dka zmagala<\/h2>\n<p>Tisti, ki ste kupili sre\u010dke za katero koli igro, ki jo ponujamo, se lahko prijavite v svoj ra\u010dun in greste na stran, kjer so shranjene va\u0161e sre\u010dke. Na tej strani boste na\u0161li vse informacije, ki jih potrebujete. Ogledali si boste lahko svoje sre\u010dke za igro Loto in tudi zmagovalne \u0161tevilke.<br \/>\n\u010ce boste imeli sre\u010do in boste ujeli katero od \u0161tevilk, boste na zaslonu videli tudi ozna\u010dene \u0161tevilke, ki se ujemajo. Preverite lahko tudi \u0161tevilo ujetih \u0161tevilk in dobitek, ki ste ga osvojili. \u010ce je ta manj\u0161i od 2500 EUR, si lahko ogledate svoj ra\u010dun in ga najdete takoj, ko so rezultati preverjeni, na svojem igralnem ra\u010dunu.<\/p>\n<h2>Arhiv rezultatov Oz Lotto<\/h2>\n<p>Tisti, ki si \u017eelite ogledati starej\u0161e \u0161tevilke iz igre Oz Lotto ali drugih loterijskih iger, lahko preprosto najdete arhiv, ki je povezan s katero koli stranjo, na kateri so prikazane trenutne \u0161tevilke. Tako boste la\u017eje na\u0161li \u0161tevilke, ki jih i\u0161\u010dete in vam bodo pomagale pri prihodnjih izborih.<\/p>\n<h2>Moj listek je zmagal, kaj sledi?<\/h2>\n<p><img loading=\"lazy\" decoding=\"async\" class=\"alignright wp-image-3624\" src=\"https:\/\/onlinelotto365.com\/wp-content\/uploads\/2020\/11\/online_lottery-74-200x300.jpg\" alt=\"oz lotto zmagovalne \u0161tevilke\" width=\"123\" height=\"185\" srcset=\"https:\/\/onlinelotto365.com\/wp-content\/uploads\/2020\/11\/online_lottery-74-200x300.jpg 200w, https:\/\/onlinelotto365.com\/wp-content\/uploads\/2020\/11\/online_lottery-74.jpg 320w\" sizes=\"auto, (max-width: 123px) 100vw, 123px\" \/><br \/>\nGovorili smo \u017ee o tem, kako lahko dobite svoj dobitek, \u010de va\u0161 listek ustreza zmagovalnim \u0161tevilkam, vendar si ga poglejmo tudi nekoliko podrobneje. \u010ce imate listek, vreden manj kot 2500 EUR, se denar samodejno doda na va\u0161 ra\u010dun takoj, ko so zmagovalne \u0161tevilke preverjene.<\/p>\n<p>\u010ce imate na ra\u010dunu vsaj 10 \u20ac, lahko nato ta denar dvignete s katero koli pla\u010dilno metodo, ki ste jo \u017ee uporabili v svojem ra\u010dunu. Izpolniti morate le nekaj obrazcev za potrditev svoje identitete in denar bo v hipu na va\u0161em ra\u010dunu. Lahko pa ga pustite tam, kjer je, in ga pozneje uporabite za nakup \u0161e ve\u010d vstopnic.<\/p>\n","protected":false},"excerpt":{"rendered":"<p>Na na\u0161i spletni strani je na voljo veliko mo\u017enosti mednarodne loterije, pri igranju teh iger pa se morate prepri\u010dati, da lahko preverite zmagovalne \u0161tevilke. Eden od na\u010dinov je \u010dasopis, vendar je iskanje rezultatov igre Oz Lotto v \u010dasopisu lahko te\u017eavno. Druga mo\u017enost je na televiziji, vendar je iskanje pravega kanala za ogled \u017erebanja ali rezultatov [&hellip;]<\/p>\n","protected":false},"author":1,"featured_media":0,"parent":5867,"menu_order":14,"comment_status":"closed","ping_status":"closed","template":"template-rightsidebar.php","meta":{"_et_pb_use_builder":"","_et_pb_old_content":"","_et_gb_content_width":"","exclude_from_search":false,"footnotes":""},"class_list":["post-80944","page","type-page","status-publish","hentry"],"yoast_head":"<!-- This site is optimized with the Yoast SEO plugin v23.4 - https:\/\/yoast.com\/wordpress\/plugins\/seo\/ -->\n<title>Oz Lotto \u010drpanje rezultati in nagrade<\/title>\n<meta name=\"description\" content=\"I\u0161\u010dete rezultate \u017erebanja Oz Lotto? Tukaj so zmagovalne \u0161tevilke\" \/>\n<meta name=\"robots\" content=\"index, follow, max-snippet:-1, max-image-preview:large, max-video-preview:-1\" \/>\n<link rel=\"canonical\" href=\"https:\/\/onlinelotto365.com\/sl\/zmagovalne-stevilke\/oz-lotto\/\" \/>\n<meta property=\"og:locale\" content=\"sl_SI\" \/>\n<meta property=\"og:type\" content=\"article\" \/>\n<meta property=\"og:title\" content=\"Oz Lotto \u010drpanje rezultati in nagrade\" \/>\n<meta property=\"og:description\" content=\"I\u0161\u010dete rezultate \u017erebanja Oz Lotto? Tukaj so zmagovalne \u0161tevilke\" \/>\n<meta property=\"og:url\" content=\"https:\/\/onlinelotto365.com\/sl\/zmagovalne-stevilke\/oz-lotto\/\" \/>\n<meta property=\"og:site_name\" content=\"OnlineLotto365\" \/>\n<meta property=\"og:image\" content=\"https:\/\/redfoxlotto.com\/image?size=8&amp;lottery=oz-lotto\" \/>\n<meta name=\"twitter:card\" content=\"summary_large_image\" \/>\n<meta name=\"twitter:label1\" content=\"Est. reading time\" \/>\n\t<meta name=\"twitter:data1\" content=\"3 minute\" \/>\n<script type=\"application\/ld+json\" class=\"yoast-schema-graph\">{\"@context\":\"https:\/\/schema.org\",\"@graph\":[{\"@type\":\"WebPage\",\"@id\":\"https:\/\/onlinelotto365.com\/sl\/zmagovalne-stevilke\/oz-lotto\/\",\"url\":\"https:\/\/onlinelotto365.com\/sl\/zmagovalne-stevilke\/oz-lotto\/\",\"name\":\"Oz Lotto \u010drpanje rezultati in nagrade\",\"isPartOf\":{\"@id\":\"https:\/\/onlinelotto365.com\/sl\/#website\"},\"primaryImageOfPage\":{\"@id\":\"https:\/\/onlinelotto365.com\/sl\/zmagovalne-stevilke\/oz-lotto\/#primaryimage\"},\"image\":{\"@id\":\"https:\/\/onlinelotto365.com\/sl\/zmagovalne-stevilke\/oz-lotto\/#primaryimage\"},\"thumbnailUrl\":\"https:\/\/redfoxlotto.com\/image?size=8&amp;lottery=oz-lotto\",\"datePublished\":\"2022-11-23T21:06:02+00:00\",\"dateModified\":\"2022-11-23T21:06:02+00:00\",\"description\":\"I\u0161\u010dete rezultate \u017erebanja Oz Lotto? Tukaj so zmagovalne \u0161tevilke\",\"breadcrumb\":{\"@id\":\"https:\/\/onlinelotto365.com\/sl\/zmagovalne-stevilke\/oz-lotto\/#breadcrumb\"},\"inLanguage\":\"sl-SI\",\"potentialAction\":[{\"@type\":\"ReadAction\",\"target\":[\"https:\/\/onlinelotto365.com\/sl\/zmagovalne-stevilke\/oz-lotto\/\"]}]},{\"@type\":\"ImageObject\",\"inLanguage\":\"sl-SI\",\"@id\":\"https:\/\/onlinelotto365.com\/sl\/zmagovalne-stevilke\/oz-lotto\/#primaryimage\",\"url\":\"https:\/\/redfoxlotto.com\/image?size=8&amp;lottery=oz-lotto\",\"contentUrl\":\"https:\/\/redfoxlotto.com\/image?size=8&amp;lottery=oz-lotto\"},{\"@type\":\"BreadcrumbList\",\"@id\":\"https:\/\/onlinelotto365.com\/sl\/zmagovalne-stevilke\/oz-lotto\/#breadcrumb\",\"itemListElement\":[{\"@type\":\"ListItem\",\"position\":1,\"name\":\"Home\",\"item\":\"https:\/\/onlinelotto365.com\/sl\/\"},{\"@type\":\"ListItem\",\"position\":2,\"name\":\"Preglejte zmagovalne \u0161tevilke in rezultate najnovej\u0161ih loto \u017erebanj\",\"item\":\"https:\/\/onlinelotto365.com\/sl\/zmagovalne-stevilke\/\"},{\"@type\":\"ListItem\",\"position\":3,\"name\":\"Zmagovalne \u0161tevilke iz Oz Lotto\"}]},{\"@type\":\"WebSite\",\"@id\":\"https:\/\/onlinelotto365.com\/sl\/#website\",\"url\":\"https:\/\/onlinelotto365.com\/sl\/\",\"name\":\"OnlineLotto365\",\"description\":\"\",\"potentialAction\":[{\"@type\":\"SearchAction\",\"target\":{\"@type\":\"EntryPoint\",\"urlTemplate\":\"https:\/\/onlinelotto365.com\/sl\/?s={search_term_string}\"},\"query-input\":{\"@type\":\"PropertyValueSpecification\",\"valueRequired\":true,\"valueName\":\"search_term_string\"}}],\"inLanguage\":\"sl-SI\"}]}<\/script>\n<!-- \/ Yoast SEO plugin. -->","yoast_head_json":{"title":"Oz Lotto \u010drpanje rezultati in nagrade","description":"I\u0161\u010dete rezultate \u017erebanja Oz Lotto? Tukaj so zmagovalne \u0161tevilke","robots":{"index":"index","follow":"follow","max-snippet":"max-snippet:-1","max-image-preview":"max-image-preview:large","max-video-preview":"max-video-preview:-1"},"canonical":"https:\/\/onlinelotto365.com\/sl\/zmagovalne-stevilke\/oz-lotto\/","og_locale":"sl_SI","og_type":"article","og_title":"Oz Lotto \u010drpanje rezultati in nagrade","og_description":"I\u0161\u010dete rezultate \u017erebanja Oz Lotto? Tukaj so zmagovalne \u0161tevilke","og_url":"https:\/\/onlinelotto365.com\/sl\/zmagovalne-stevilke\/oz-lotto\/","og_site_name":"OnlineLotto365","og_image":[{"url":"https:\/\/redfoxlotto.com\/image?size=8&amp;lottery=oz-lotto"}],"twitter_card":"summary_large_image","twitter_misc":{"Est. reading time":"3 minute"},"schema":{"@context":"https:\/\/schema.org","@graph":[{"@type":"WebPage","@id":"https:\/\/onlinelotto365.com\/sl\/zmagovalne-stevilke\/oz-lotto\/","url":"https:\/\/onlinelotto365.com\/sl\/zmagovalne-stevilke\/oz-lotto\/","name":"Oz Lotto \u010drpanje rezultati in nagrade","isPartOf":{"@id":"https:\/\/onlinelotto365.com\/sl\/#website"},"primaryImageOfPage":{"@id":"https:\/\/onlinelotto365.com\/sl\/zmagovalne-stevilke\/oz-lotto\/#primaryimage"},"image":{"@id":"https:\/\/onlinelotto365.com\/sl\/zmagovalne-stevilke\/oz-lotto\/#primaryimage"},"thumbnailUrl":"https:\/\/redfoxlotto.com\/image?size=8&amp;lottery=oz-lotto","datePublished":"2022-11-23T21:06:02+00:00","dateModified":"2022-11-23T21:06:02+00:00","description":"I\u0161\u010dete rezultate \u017erebanja Oz Lotto? Tukaj so zmagovalne \u0161tevilke","breadcrumb":{"@id":"https:\/\/onlinelotto365.com\/sl\/zmagovalne-stevilke\/oz-lotto\/#breadcrumb"},"inLanguage":"sl-SI","potentialAction":[{"@type":"ReadAction","target":["https:\/\/onlinelotto365.com\/sl\/zmagovalne-stevilke\/oz-lotto\/"]}]},{"@type":"ImageObject","inLanguage":"sl-SI","@id":"https:\/\/onlinelotto365.com\/sl\/zmagovalne-stevilke\/oz-lotto\/#primaryimage","url":"https:\/\/redfoxlotto.com\/image?size=8&amp;lottery=oz-lotto","contentUrl":"https:\/\/redfoxlotto.com\/image?size=8&amp;lottery=oz-lotto"},{"@type":"BreadcrumbList","@id":"https:\/\/onlinelotto365.com\/sl\/zmagovalne-stevilke\/oz-lotto\/#breadcrumb","itemListElement":[{"@type":"ListItem","position":1,"name":"Home","item":"https:\/\/onlinelotto365.com\/sl\/"},{"@type":"ListItem","position":2,"name":"Preglejte zmagovalne \u0161tevilke in rezultate najnovej\u0161ih loto \u017erebanj","item":"https:\/\/onlinelotto365.com\/sl\/zmagovalne-stevilke\/"},{"@type":"ListItem","position":3,"name":"Zmagovalne \u0161tevilke iz Oz Lotto"}]},{"@type":"WebSite","@id":"https:\/\/onlinelotto365.com\/sl\/#website","url":"https:\/\/onlinelotto365.com\/sl\/","name":"OnlineLotto365","description":"","potentialAction":[{"@type":"SearchAction","target":{"@type":"EntryPoint","urlTemplate":"https:\/\/onlinelotto365.com\/sl\/?s={search_term_string}"},"query-input":{"@type":"PropertyValueSpecification","valueRequired":true,"valueName":"search_term_string"}}],"inLanguage":"sl-SI"}]}},"_links":{"self":[{"href":"https:\/\/onlinelotto365.com\/sl\/wp-json\/wp\/v2\/pages\/80944","targetHints":{"allow":["GET"]}}],"collection":[{"href":"https:\/\/onlinelotto365.com\/sl\/wp-json\/wp\/v2\/pages"}],"about":[{"href":"https:\/\/onlinelotto365.com\/sl\/wp-json\/wp\/v2\/types\/page"}],"author":[{"embeddable":true,"href":"https:\/\/onlinelotto365.com\/sl\/wp-json\/wp\/v2\/users\/1"}],"replies":[{"embeddable":true,"href":"https:\/\/onlinelotto365.com\/sl\/wp-json\/wp\/v2\/comments?post=80944"}],"version-history":[{"count":0,"href":"https:\/\/onlinelotto365.com\/sl\/wp-json\/wp\/v2\/pages\/80944\/revisions"}],"up":[{"embeddable":true,"href":"https:\/\/onlinelotto365.com\/sl\/wp-json\/wp\/v2\/pages\/5867"}],"wp:attachment":[{"href":"https:\/\/onlinelotto365.com\/sl\/wp-json\/wp\/v2\/media?parent=80944"}],"curies":[{"name":"wp","href":"https:\/\/api.w.org\/{rel}","templated":true}]}}