{"id":80974,"date":"2022-11-25T09:14:30","date_gmt":"2022-11-25T08:14:30","guid":{"rendered":"https:\/\/onlinelotto365.com\/?page_id=80974"},"modified":"2022-11-25T09:14:30","modified_gmt":"2022-11-25T08:14:30","slug":"sobota-lotto-australia","status":"publish","type":"page","link":"https:\/\/onlinelotto365.com\/sl\/zmagovalne-stevilke\/sobota-lotto-australia\/","title":{"rendered":"Preverite zmagovalne \u0161tevilke in zneske za Sobota Lotto Avstralija"},"content":{"rendered":"<p>Na na\u0161em spletnem mestu je na voljo veliko razli\u010dnih mednarodnih iger in vemo, da \u017eelite \u010dim hitreje dobiti zmagovalne \u0161tevilke. \u010casopis na splo\u0161no ni dobro mesto za iskanje zmagovalnih \u0161tevilk za sobotno loterijo Lotto Australia. Prav tako ni dobro gledati televizijskih kanalov in upati, da boste na\u0161li prave \u0161tevilke za to igro. Kje torej lahko poi\u0161\u010dete rezultate?<br \/>\n<a href=\"https:\/\/redfoxlotto.com\/play\/saturday-lotto-au\/?ref=a8564250a2&amp;medium=ol365\" target=\"_blank\" rel=\"noopener noreferrer\"><img decoding=\"async\" class=\"aligncenter\" src=\"https:\/\/redfoxlotto.com\/image?size=8&amp;lottery=saturday-lotto-au\" alt=\"Sobota Lotto Avstralija\" \/><\/a><br \/>\nSpletna stran loterije je eden od krajev, kjer lahko poi\u0161\u010dete. Nekatere loterijske igre ponujajo neposredne prenose svojih \u017erebanj, vendar Saturday Lotto Australia morda ni med njimi. \u010ce \u017eelite biti prepri\u010dani, morate preveriti spletno stran in nato poskrbeti, da gledate ob pravem \u010dasu, \u010de ponujajo \u017erebanje v \u017eivo.<br \/>\n\u010ce je bilo \u017erebanje \u017ee kon\u010dano, lahko na koncu poi\u0161\u010dete rezultate, ki jih je nekdo \u017ee objavil, na YouTubu. Morda imajo na voljo videoposnetek \u017erebanja v \u017eivo, ki ga lahko posredujejo.<\/p>\n<p>Najla\u017eje pa boste iskane rezultate dobili tako, da se vrnete na na\u0161e spletno mesto. Tam boste na\u0161li vse \u0161tevilke za sobotno loterijo Lotto Australia in vse druge igre, ki jih \u017eelite igrati. \u0160tevilke so na voljo na na\u0161i strani z rezultati loterije in jih zlahka najdete.<\/p>\n<h2>Kako ugotoviti, ali je va\u0161a spletna sre\u010dka zmagala<\/h2>\n<p>Vsi, ki ste \u017ee kupili sre\u010dke za Saturday Lotto Australia na na\u0161i spletni strani, boste imeli \u0161e la\u017eje delo, saj lahko preprosto vstopite v svoj ra\u010dun. Prijavite se in si oglejte stran, na kateri so shranjene va\u0161e sre\u010dke. Na\u0161li boste ne le \u0161tevilke svojih sre\u010dk, temve\u010d tudi zmagovalne \u0161tevilke za vse igre, ki ste jih igrali.<\/p>\n<p>Od tam lahko poi\u0161\u010dete ujemanja, ki jih bomo za vas ozna\u010dili z razli\u010dnimi barvami. Tako boste lahko videli, koliko ste osvojili, in videli, kje na va\u0161em ra\u010dunu je denar. \u010ce je znesek manj\u0161i od 2500 EUR, ga \u017ee prenesemo na va\u0161 ra\u010dun, tako da vam ni treba storiti ni\u010desar.<\/p>\n<h2>Arhiv rezultatov Saturday Lotto Australia<\/h2>\n<p>Za tiste, ki \u017eelite poiskati starej\u0161e \u0161tevilke za Saturday Lotto Australia, vam ni treba skrbeti za ni\u010d. Poskrbeli smo, da boste arhiv zlahka na\u0161li, saj ga pripenjamo na vsako stran, na kateri prikazujemo trenutne rezultate lota. Tako lahko preverite vse \u0161tevilke, ki jih \u017eelite, tudi tiste izpred dalj \u010dasa.<\/p>\n<h2>Moj listek je zmagal, kaj sledi?<\/h2>\n<p><img loading=\"lazy\" decoding=\"async\" class=\"alignright wp-image-3649\" src=\"https:\/\/onlinelotto365.com\/wp-content\/uploads\/2020\/11\/online_lottery-90-300x225.jpg\" alt=\"dobitne \u0161tevilke sobota lotto avstralia\" width=\"207\" height=\"155\" srcset=\"https:\/\/onlinelotto365.com\/wp-content\/uploads\/2020\/11\/online_lottery-90-300x225.jpg 300w, https:\/\/onlinelotto365.com\/wp-content\/uploads\/2020\/11\/online_lottery-90.jpg 320w\" sizes=\"auto, (max-width: 207px) 100vw, 207px\" \/><br \/>\nGovorili smo \u017ee o dobitkih, ki jih lahko dobite z loterijskimi listki. \u010ce so ti dobitki manj\u0161i od 2500 EUR, vam za njihov prevzem ni treba storiti ni\u010desar. Denar vam bomo takoj nakazali na va\u0161 igralni ra\u010dun. \u010ce je dobitek vi\u0161ji od 2500 \u20ac, vam bomo pomagali pri postopku njegovega uveljavljanja.<\/p>\n<p>Upo\u0161tevajte tudi, da lahko dvignete katerikoli denar na svojem ra\u010dunu, \u010de je na njem vsaj 10 \u20ac. Vse, kar morate storiti, je, da izberete na\u010din pla\u010dila, ki ste ga na ra\u010dunu \u017ee uporabili, in izpolnite nekaj obrazcev za preverjanje na\u0161ega obdelovalca pla\u010dil.<\/p>\n","protected":false},"excerpt":{"rendered":"<p>Na na\u0161em spletnem mestu je na voljo veliko razli\u010dnih mednarodnih iger in vemo, da \u017eelite \u010dim hitreje dobiti zmagovalne \u0161tevilke. \u010casopis na splo\u0161no ni dobro mesto za iskanje zmagovalnih \u0161tevilk za sobotno loterijo Lotto Australia. Prav tako ni dobro gledati televizijskih kanalov in upati, da boste na\u0161li prave \u0161tevilke za to igro. Kje torej lahko [&hellip;]<\/p>\n","protected":false},"author":1,"featured_media":0,"parent":5867,"menu_order":15,"comment_status":"closed","ping_status":"closed","template":"saturday-lotto-results.php","meta":{"_et_pb_use_builder":"","_et_pb_old_content":"","_et_gb_content_width":"","exclude_from_search":false,"footnotes":""},"class_list":["post-80974","page","type-page","status-publish","hentry"],"yoast_head":"<!-- This site is optimized with the Yoast SEO plugin v23.4 - https:\/\/yoast.com\/wordpress\/plugins\/seo\/ -->\n<title>Preverite zmagovalne \u0161tevilke in zneske za Sobota Lotto Avstralija<\/title>\n<meta name=\"description\" content=\"Rezultati \u017erebanja, zmagovalne \u0161tevilke sobota lotto Avstralija, plus arhiv rezultatov\" \/>\n<meta name=\"robots\" content=\"index, follow, max-snippet:-1, max-image-preview:large, max-video-preview:-1\" \/>\n<link rel=\"canonical\" href=\"https:\/\/onlinelotto365.com\/sl\/zmagovalne-stevilke\/sobota-lotto-australia\/\" \/>\n<meta property=\"og:locale\" content=\"sl_SI\" \/>\n<meta property=\"og:type\" content=\"article\" \/>\n<meta property=\"og:title\" content=\"Preverite zmagovalne \u0161tevilke in zneske za Sobota Lotto Avstralija\" \/>\n<meta property=\"og:description\" content=\"Rezultati \u017erebanja, zmagovalne \u0161tevilke sobota lotto Avstralija, plus arhiv rezultatov\" \/>\n<meta property=\"og:url\" content=\"https:\/\/onlinelotto365.com\/sl\/zmagovalne-stevilke\/sobota-lotto-australia\/\" \/>\n<meta property=\"og:site_name\" content=\"OnlineLotto365\" \/>\n<meta property=\"og:image\" content=\"https:\/\/redfoxlotto.com\/image?size=8&amp;lottery=saturday-lotto-au\" \/>\n<meta name=\"twitter:card\" content=\"summary_large_image\" \/>\n<meta name=\"twitter:label1\" content=\"Est. reading time\" \/>\n\t<meta name=\"twitter:data1\" content=\"2 minuti\" \/>\n<script type=\"application\/ld+json\" class=\"yoast-schema-graph\">{\"@context\":\"https:\/\/schema.org\",\"@graph\":[{\"@type\":\"WebPage\",\"@id\":\"https:\/\/onlinelotto365.com\/sl\/zmagovalne-stevilke\/sobota-lotto-australia\/\",\"url\":\"https:\/\/onlinelotto365.com\/sl\/zmagovalne-stevilke\/sobota-lotto-australia\/\",\"name\":\"Preverite zmagovalne \u0161tevilke in zneske za Sobota Lotto Avstralija\",\"isPartOf\":{\"@id\":\"https:\/\/onlinelotto365.com\/sl\/#website\"},\"primaryImageOfPage\":{\"@id\":\"https:\/\/onlinelotto365.com\/sl\/zmagovalne-stevilke\/sobota-lotto-australia\/#primaryimage\"},\"image\":{\"@id\":\"https:\/\/onlinelotto365.com\/sl\/zmagovalne-stevilke\/sobota-lotto-australia\/#primaryimage\"},\"thumbnailUrl\":\"https:\/\/redfoxlotto.com\/image?size=8&amp;lottery=saturday-lotto-au\",\"datePublished\":\"2022-11-25T08:14:30+00:00\",\"dateModified\":\"2022-11-25T08:14:30+00:00\",\"description\":\"Rezultati \u017erebanja, zmagovalne \u0161tevilke sobota lotto Avstralija, plus arhiv rezultatov\",\"breadcrumb\":{\"@id\":\"https:\/\/onlinelotto365.com\/sl\/zmagovalne-stevilke\/sobota-lotto-australia\/#breadcrumb\"},\"inLanguage\":\"sl-SI\",\"potentialAction\":[{\"@type\":\"ReadAction\",\"target\":[\"https:\/\/onlinelotto365.com\/sl\/zmagovalne-stevilke\/sobota-lotto-australia\/\"]}]},{\"@type\":\"ImageObject\",\"inLanguage\":\"sl-SI\",\"@id\":\"https:\/\/onlinelotto365.com\/sl\/zmagovalne-stevilke\/sobota-lotto-australia\/#primaryimage\",\"url\":\"https:\/\/redfoxlotto.com\/image?size=8&amp;lottery=saturday-lotto-au\",\"contentUrl\":\"https:\/\/redfoxlotto.com\/image?size=8&amp;lottery=saturday-lotto-au\"},{\"@type\":\"BreadcrumbList\",\"@id\":\"https:\/\/onlinelotto365.com\/sl\/zmagovalne-stevilke\/sobota-lotto-australia\/#breadcrumb\",\"itemListElement\":[{\"@type\":\"ListItem\",\"position\":1,\"name\":\"Home\",\"item\":\"https:\/\/onlinelotto365.com\/sl\/\"},{\"@type\":\"ListItem\",\"position\":2,\"name\":\"Preglejte zmagovalne \u0161tevilke in rezultate najnovej\u0161ih loto \u017erebanj\",\"item\":\"https:\/\/onlinelotto365.com\/sl\/zmagovalne-stevilke\/\"},{\"@type\":\"ListItem\",\"position\":3,\"name\":\"Preverite zmagovalne \u0161tevilke in zneske za Sobota Lotto Avstralija\"}]},{\"@type\":\"WebSite\",\"@id\":\"https:\/\/onlinelotto365.com\/sl\/#website\",\"url\":\"https:\/\/onlinelotto365.com\/sl\/\",\"name\":\"OnlineLotto365\",\"description\":\"\",\"potentialAction\":[{\"@type\":\"SearchAction\",\"target\":{\"@type\":\"EntryPoint\",\"urlTemplate\":\"https:\/\/onlinelotto365.com\/sl\/?s={search_term_string}\"},\"query-input\":{\"@type\":\"PropertyValueSpecification\",\"valueRequired\":true,\"valueName\":\"search_term_string\"}}],\"inLanguage\":\"sl-SI\"}]}<\/script>\n<!-- \/ Yoast SEO plugin. -->","yoast_head_json":{"title":"Preverite zmagovalne \u0161tevilke in zneske za Sobota Lotto Avstralija","description":"Rezultati \u017erebanja, zmagovalne \u0161tevilke sobota lotto Avstralija, plus arhiv rezultatov","robots":{"index":"index","follow":"follow","max-snippet":"max-snippet:-1","max-image-preview":"max-image-preview:large","max-video-preview":"max-video-preview:-1"},"canonical":"https:\/\/onlinelotto365.com\/sl\/zmagovalne-stevilke\/sobota-lotto-australia\/","og_locale":"sl_SI","og_type":"article","og_title":"Preverite zmagovalne \u0161tevilke in zneske za Sobota Lotto Avstralija","og_description":"Rezultati \u017erebanja, zmagovalne \u0161tevilke sobota lotto Avstralija, plus arhiv rezultatov","og_url":"https:\/\/onlinelotto365.com\/sl\/zmagovalne-stevilke\/sobota-lotto-australia\/","og_site_name":"OnlineLotto365","og_image":[{"url":"https:\/\/redfoxlotto.com\/image?size=8&amp;lottery=saturday-lotto-au"}],"twitter_card":"summary_large_image","twitter_misc":{"Est. reading time":"2 minuti"},"schema":{"@context":"https:\/\/schema.org","@graph":[{"@type":"WebPage","@id":"https:\/\/onlinelotto365.com\/sl\/zmagovalne-stevilke\/sobota-lotto-australia\/","url":"https:\/\/onlinelotto365.com\/sl\/zmagovalne-stevilke\/sobota-lotto-australia\/","name":"Preverite zmagovalne \u0161tevilke in zneske za Sobota Lotto Avstralija","isPartOf":{"@id":"https:\/\/onlinelotto365.com\/sl\/#website"},"primaryImageOfPage":{"@id":"https:\/\/onlinelotto365.com\/sl\/zmagovalne-stevilke\/sobota-lotto-australia\/#primaryimage"},"image":{"@id":"https:\/\/onlinelotto365.com\/sl\/zmagovalne-stevilke\/sobota-lotto-australia\/#primaryimage"},"thumbnailUrl":"https:\/\/redfoxlotto.com\/image?size=8&amp;lottery=saturday-lotto-au","datePublished":"2022-11-25T08:14:30+00:00","dateModified":"2022-11-25T08:14:30+00:00","description":"Rezultati \u017erebanja, zmagovalne \u0161tevilke sobota lotto Avstralija, plus arhiv rezultatov","breadcrumb":{"@id":"https:\/\/onlinelotto365.com\/sl\/zmagovalne-stevilke\/sobota-lotto-australia\/#breadcrumb"},"inLanguage":"sl-SI","potentialAction":[{"@type":"ReadAction","target":["https:\/\/onlinelotto365.com\/sl\/zmagovalne-stevilke\/sobota-lotto-australia\/"]}]},{"@type":"ImageObject","inLanguage":"sl-SI","@id":"https:\/\/onlinelotto365.com\/sl\/zmagovalne-stevilke\/sobota-lotto-australia\/#primaryimage","url":"https:\/\/redfoxlotto.com\/image?size=8&amp;lottery=saturday-lotto-au","contentUrl":"https:\/\/redfoxlotto.com\/image?size=8&amp;lottery=saturday-lotto-au"},{"@type":"BreadcrumbList","@id":"https:\/\/onlinelotto365.com\/sl\/zmagovalne-stevilke\/sobota-lotto-australia\/#breadcrumb","itemListElement":[{"@type":"ListItem","position":1,"name":"Home","item":"https:\/\/onlinelotto365.com\/sl\/"},{"@type":"ListItem","position":2,"name":"Preglejte zmagovalne \u0161tevilke in rezultate najnovej\u0161ih loto \u017erebanj","item":"https:\/\/onlinelotto365.com\/sl\/zmagovalne-stevilke\/"},{"@type":"ListItem","position":3,"name":"Preverite zmagovalne \u0161tevilke in zneske za Sobota Lotto Avstralija"}]},{"@type":"WebSite","@id":"https:\/\/onlinelotto365.com\/sl\/#website","url":"https:\/\/onlinelotto365.com\/sl\/","name":"OnlineLotto365","description":"","potentialAction":[{"@type":"SearchAction","target":{"@type":"EntryPoint","urlTemplate":"https:\/\/onlinelotto365.com\/sl\/?s={search_term_string}"},"query-input":{"@type":"PropertyValueSpecification","valueRequired":true,"valueName":"search_term_string"}}],"inLanguage":"sl-SI"}]}},"_links":{"self":[{"href":"https:\/\/onlinelotto365.com\/sl\/wp-json\/wp\/v2\/pages\/80974","targetHints":{"allow":["GET"]}}],"collection":[{"href":"https:\/\/onlinelotto365.com\/sl\/wp-json\/wp\/v2\/pages"}],"about":[{"href":"https:\/\/onlinelotto365.com\/sl\/wp-json\/wp\/v2\/types\/page"}],"author":[{"embeddable":true,"href":"https:\/\/onlinelotto365.com\/sl\/wp-json\/wp\/v2\/users\/1"}],"replies":[{"embeddable":true,"href":"https:\/\/onlinelotto365.com\/sl\/wp-json\/wp\/v2\/comments?post=80974"}],"version-history":[{"count":0,"href":"https:\/\/onlinelotto365.com\/sl\/wp-json\/wp\/v2\/pages\/80974\/revisions"}],"up":[{"embeddable":true,"href":"https:\/\/onlinelotto365.com\/sl\/wp-json\/wp\/v2\/pages\/5867"}],"wp:attachment":[{"href":"https:\/\/onlinelotto365.com\/sl\/wp-json\/wp\/v2\/media?parent=80974"}],"curies":[{"name":"wp","href":"https:\/\/api.w.org\/{rel}","templated":true}]}}