{"id":81008,"date":"2022-11-25T10:18:47","date_gmt":"2022-11-25T09:18:47","guid":{"rendered":"https:\/\/onlinelotto365.com\/?page_id=81008"},"modified":"2022-11-25T10:18:47","modified_gmt":"2022-11-25T09:18:47","slug":"mon-wed-lotto","status":"publish","type":"page","link":"https:\/\/onlinelotto365.com\/sl\/zmagovalne-stevilke\/mon-wed-lotto\/","title":{"rendered":"Vse Mon &#038; Wed Lotto Avstralija rezultati"},"content":{"rendered":"<p>Na loteriji lahko igrate veliko razli\u010dnih mednarodnih iger. Pri tem si \u017eelite, da bi lahko rezultate zanje dobili \u010dim prej. To lahko storite tako, da poi\u0161\u010dete \u010dasopis, ki ponuja ponedeljkove in sredine loterije Lotto Australia z zmagovalnimi \u0161tevilkami. Vendar jih je te\u017eko najti. Druga mo\u017enost je televizija, vendar je tudi te kanale te\u017eko najti. Kaj pa, \u010de ne \u017eelite veliko raziskovati?<br \/>\n<a href=\"https:\/\/redfoxlotto.com\/play\/monday-wednesday-lotto-au\/?ref=a8564250a2&amp;medium=ol365\" target=\"_blank\" rel=\"noopener noreferrer\"><img decoding=\"async\" class=\"aligncenter\" src=\"https:\/\/redfoxlotto.com\/image?size=8&amp;lottery=monday-wednesday-lotto-au\" alt=\"Mon &amp; Wed Lotto Avstralija\" \/><\/a><br \/>\nNa spletni strani Mon &amp; Wed Lotto Australia preverite, ali ponujajo \u017erebanja v \u017eivo. \u017drebanja v \u017eivo za katero koli igro so lahko zelo zabavna, saj vam med gledanjem nudijo cel kup takoj\u0161njega navdu\u0161enja. Vendar vsaka igra ne ponuja tovrstnih \u017erebanj. Prepri\u010dati se morate, da je Mon &amp; Wed Lotto ena izmed tistih, ki ima to mo\u017enost.<\/p>\n<p>Nato se lahko odlo\u010dite, da preverite YouTube in preverite, ali lahko tam najdete rezultate. Morda boste presene\u010deni, kako nekateri ljudje objavljajo rezultate \u017erebanj ali celo videoposnetke \u017erebanj v \u017eivo za skoraj vse igre.<\/p>\n<p>Dale\u010d najla\u017eja mo\u017enost za vas pa je, da si ogledate na\u0161o spletno stran. Na na\u0161i spletni strani vam ponujamo vse dobitne \u0161tevilke in zneske nagrad za vsako igro, ki jo lahko kupite. Tako boste veliko la\u017eje pri\u0161li do rezultatov na enem mestu in tako hitro, kot \u017eelite.<\/p>\n<h2>Kako ugotoviti, ali je va\u0161a spletna sre\u010dka dobitna<\/h2>\n<p>\u0160e bolj\u0161a novica je, da \u010de ste pri nas kupili sre\u010dko za Mon &amp; Wed Lotto Australia, lahko rezultate dobite neposredno v svojem igralnem ra\u010dunu. Tam boste na\u0161li kupljene sre\u010dke in zmagovalne \u0161tevilke za vse igre, ki ste jih izbrali za igranje.<\/p>\n<p>Videli boste lahko \u0161tevilke, ki ste jih izbrali in se ujemajo z iz\u017erebanimi \u0161tevilkami, na va\u0161 ra\u010dun pa se bo samodejno dodal ves denar, ki ste ga osvojili in je manj\u0161i od 2500 \u20ac. Kaj je lahko la\u017eje od tega?<\/p>\n<h2>Mon &amp; Wed Lotto Australia rezultati Arhiv<\/h2>\n<p>Vsaka stran na na\u0161em spletnem mestu, ki prikazuje najnovej\u0161e rezultate Mon &amp; Wed Lotto Australia, vam bo prikazala tudi starej\u0161e \u0161tevilke, ki jih boste morda \u017eeleli preveriti. Te so vam lahko v pomo\u010d pri izbiri \u0161tevilk, ki jih \u017eelite igrati ob naslednjem nakupu sre\u010dke.<\/p>\n<h2>Moj listek je zmagal, kaj sledi?<\/h2>\n<p><img loading=\"lazy\" decoding=\"async\" class=\"alignright wp-image-3542\" src=\"https:\/\/onlinelotto365.com\/wp-content\/uploads\/2020\/11\/online_lottery-154-300x200.jpg\" alt=\"Zmagovalne \u0161tevilke Mon &amp;; Wed Lotto\" width=\"197\" height=\"131\" srcset=\"https:\/\/onlinelotto365.com\/wp-content\/uploads\/2020\/11\/online_lottery-154-300x200.jpg 300w, https:\/\/onlinelotto365.com\/wp-content\/uploads\/2020\/11\/online_lottery-154.jpg 320w\" sizes=\"auto, (max-width: 197px) 100vw, 197px\" \/><br \/>\n\u010ce ste na svoji sre\u010dki zmagali, morate samo \u0161e preveriti, do kolik\u0161ne vsote ste upravi\u010deni. \u010ce je znesek manj\u0161i od 2500 EUR, bomo poskrbeli, da ga \u010dim prej potrdimo in vam ga naka\u017eemo na ra\u010dun. \u010ce imate na ra\u010dunu vsaj 10 \u20ac, jih lahko nato izpla\u010date na katero koli pla\u010dilno metodo, ki ste jo \u017ee prej uporabili v svojem ra\u010dunu. Poskrbeti morate le za nekaj dokumentov, s katerimi bo na\u0161 obdelovalec pla\u010dil vedel, kdo ste in da ste upravi\u010deni do denarja. \u010ce imate manj kot 10 EUR ali se odlo\u010dite, da denar pustite na ra\u010dunu, ga lahko uporabite za nakup ve\u010d vstopnic.<\/p>\n","protected":false},"excerpt":{"rendered":"<p>Na loteriji lahko igrate veliko razli\u010dnih mednarodnih iger. Pri tem si \u017eelite, da bi lahko rezultate zanje dobili \u010dim prej. To lahko storite tako, da poi\u0161\u010dete \u010dasopis, ki ponuja ponedeljkove in sredine loterije Lotto Australia z zmagovalnimi \u0161tevilkami. Vendar jih je te\u017eko najti. Druga mo\u017enost je televizija, vendar je tudi te kanale te\u017eko najti. Kaj [&hellip;]<\/p>\n","protected":false},"author":1,"featured_media":0,"parent":5867,"menu_order":16,"comment_status":"closed","ping_status":"closed","template":"template-rightsidebar.php","meta":{"_et_pb_use_builder":"","_et_pb_old_content":"","_et_gb_content_width":"","exclude_from_search":false,"footnotes":""},"class_list":["post-81008","page","type-page","status-publish","hentry"],"yoast_head":"<!-- This site is optimized with the Yoast SEO plugin v23.4 - https:\/\/yoast.com\/wordpress\/plugins\/seo\/ -->\n<title>Mon &amp; Wed Lotto Avstralija zmagovalne \u0161tevilke<\/title>\n<meta name=\"description\" content=\"Na\u0161a stran vam prina\u0161a najnovej\u0161e zmagovalne \u0161tevilke in zneske wo za Mon &amp; Wed lotto.\" \/>\n<meta name=\"robots\" content=\"index, follow, max-snippet:-1, max-image-preview:large, max-video-preview:-1\" \/>\n<link rel=\"canonical\" href=\"https:\/\/onlinelotto365.com\/sl\/zmagovalne-stevilke\/mon-wed-lotto\/\" \/>\n<meta property=\"og:locale\" content=\"sl_SI\" \/>\n<meta property=\"og:type\" content=\"article\" \/>\n<meta property=\"og:title\" content=\"Mon &amp; Wed Lotto Avstralija zmagovalne \u0161tevilke\" \/>\n<meta property=\"og:description\" content=\"Na\u0161a stran vam prina\u0161a najnovej\u0161e zmagovalne \u0161tevilke in zneske wo za Mon &amp; Wed lotto.\" \/>\n<meta property=\"og:url\" content=\"https:\/\/onlinelotto365.com\/sl\/zmagovalne-stevilke\/mon-wed-lotto\/\" \/>\n<meta property=\"og:site_name\" content=\"OnlineLotto365\" \/>\n<meta property=\"og:image\" content=\"https:\/\/redfoxlotto.com\/image?size=8&amp;lottery=monday-wednesday-lotto-au\" \/>\n<meta name=\"twitter:card\" content=\"summary_large_image\" \/>\n<meta name=\"twitter:label1\" content=\"Est. reading time\" \/>\n\t<meta name=\"twitter:data1\" content=\"2 minuti\" \/>\n<script type=\"application\/ld+json\" class=\"yoast-schema-graph\">{\"@context\":\"https:\/\/schema.org\",\"@graph\":[{\"@type\":\"WebPage\",\"@id\":\"https:\/\/onlinelotto365.com\/sl\/zmagovalne-stevilke\/mon-wed-lotto\/\",\"url\":\"https:\/\/onlinelotto365.com\/sl\/zmagovalne-stevilke\/mon-wed-lotto\/\",\"name\":\"Mon & Wed Lotto Avstralija zmagovalne \u0161tevilke\",\"isPartOf\":{\"@id\":\"https:\/\/onlinelotto365.com\/sl\/#website\"},\"primaryImageOfPage\":{\"@id\":\"https:\/\/onlinelotto365.com\/sl\/zmagovalne-stevilke\/mon-wed-lotto\/#primaryimage\"},\"image\":{\"@id\":\"https:\/\/onlinelotto365.com\/sl\/zmagovalne-stevilke\/mon-wed-lotto\/#primaryimage\"},\"thumbnailUrl\":\"https:\/\/redfoxlotto.com\/image?size=8&amp;lottery=monday-wednesday-lotto-au\",\"datePublished\":\"2022-11-25T09:18:47+00:00\",\"dateModified\":\"2022-11-25T09:18:47+00:00\",\"description\":\"Na\u0161a stran vam prina\u0161a najnovej\u0161e zmagovalne \u0161tevilke in zneske wo za Mon & Wed lotto.\",\"breadcrumb\":{\"@id\":\"https:\/\/onlinelotto365.com\/sl\/zmagovalne-stevilke\/mon-wed-lotto\/#breadcrumb\"},\"inLanguage\":\"sl-SI\",\"potentialAction\":[{\"@type\":\"ReadAction\",\"target\":[\"https:\/\/onlinelotto365.com\/sl\/zmagovalne-stevilke\/mon-wed-lotto\/\"]}]},{\"@type\":\"ImageObject\",\"inLanguage\":\"sl-SI\",\"@id\":\"https:\/\/onlinelotto365.com\/sl\/zmagovalne-stevilke\/mon-wed-lotto\/#primaryimage\",\"url\":\"https:\/\/redfoxlotto.com\/image?size=8&amp;lottery=monday-wednesday-lotto-au\",\"contentUrl\":\"https:\/\/redfoxlotto.com\/image?size=8&amp;lottery=monday-wednesday-lotto-au\"},{\"@type\":\"BreadcrumbList\",\"@id\":\"https:\/\/onlinelotto365.com\/sl\/zmagovalne-stevilke\/mon-wed-lotto\/#breadcrumb\",\"itemListElement\":[{\"@type\":\"ListItem\",\"position\":1,\"name\":\"Home\",\"item\":\"https:\/\/onlinelotto365.com\/sl\/\"},{\"@type\":\"ListItem\",\"position\":2,\"name\":\"Preglejte zmagovalne \u0161tevilke in rezultate najnovej\u0161ih loto \u017erebanj\",\"item\":\"https:\/\/onlinelotto365.com\/sl\/zmagovalne-stevilke\/\"},{\"@type\":\"ListItem\",\"position\":3,\"name\":\"Vse Mon &#038; Wed Lotto Avstralija rezultati\"}]},{\"@type\":\"WebSite\",\"@id\":\"https:\/\/onlinelotto365.com\/sl\/#website\",\"url\":\"https:\/\/onlinelotto365.com\/sl\/\",\"name\":\"OnlineLotto365\",\"description\":\"\",\"potentialAction\":[{\"@type\":\"SearchAction\",\"target\":{\"@type\":\"EntryPoint\",\"urlTemplate\":\"https:\/\/onlinelotto365.com\/sl\/?s={search_term_string}\"},\"query-input\":{\"@type\":\"PropertyValueSpecification\",\"valueRequired\":true,\"valueName\":\"search_term_string\"}}],\"inLanguage\":\"sl-SI\"}]}<\/script>\n<!-- \/ Yoast SEO plugin. -->","yoast_head_json":{"title":"Mon & Wed Lotto Avstralija zmagovalne \u0161tevilke","description":"Na\u0161a stran vam prina\u0161a najnovej\u0161e zmagovalne \u0161tevilke in zneske wo za Mon & Wed lotto.","robots":{"index":"index","follow":"follow","max-snippet":"max-snippet:-1","max-image-preview":"max-image-preview:large","max-video-preview":"max-video-preview:-1"},"canonical":"https:\/\/onlinelotto365.com\/sl\/zmagovalne-stevilke\/mon-wed-lotto\/","og_locale":"sl_SI","og_type":"article","og_title":"Mon & Wed Lotto Avstralija zmagovalne \u0161tevilke","og_description":"Na\u0161a stran vam prina\u0161a najnovej\u0161e zmagovalne \u0161tevilke in zneske wo za Mon & Wed lotto.","og_url":"https:\/\/onlinelotto365.com\/sl\/zmagovalne-stevilke\/mon-wed-lotto\/","og_site_name":"OnlineLotto365","og_image":[{"url":"https:\/\/redfoxlotto.com\/image?size=8&amp;lottery=monday-wednesday-lotto-au"}],"twitter_card":"summary_large_image","twitter_misc":{"Est. reading time":"2 minuti"},"schema":{"@context":"https:\/\/schema.org","@graph":[{"@type":"WebPage","@id":"https:\/\/onlinelotto365.com\/sl\/zmagovalne-stevilke\/mon-wed-lotto\/","url":"https:\/\/onlinelotto365.com\/sl\/zmagovalne-stevilke\/mon-wed-lotto\/","name":"Mon & Wed Lotto Avstralija zmagovalne \u0161tevilke","isPartOf":{"@id":"https:\/\/onlinelotto365.com\/sl\/#website"},"primaryImageOfPage":{"@id":"https:\/\/onlinelotto365.com\/sl\/zmagovalne-stevilke\/mon-wed-lotto\/#primaryimage"},"image":{"@id":"https:\/\/onlinelotto365.com\/sl\/zmagovalne-stevilke\/mon-wed-lotto\/#primaryimage"},"thumbnailUrl":"https:\/\/redfoxlotto.com\/image?size=8&amp;lottery=monday-wednesday-lotto-au","datePublished":"2022-11-25T09:18:47+00:00","dateModified":"2022-11-25T09:18:47+00:00","description":"Na\u0161a stran vam prina\u0161a najnovej\u0161e zmagovalne \u0161tevilke in zneske wo za Mon & Wed lotto.","breadcrumb":{"@id":"https:\/\/onlinelotto365.com\/sl\/zmagovalne-stevilke\/mon-wed-lotto\/#breadcrumb"},"inLanguage":"sl-SI","potentialAction":[{"@type":"ReadAction","target":["https:\/\/onlinelotto365.com\/sl\/zmagovalne-stevilke\/mon-wed-lotto\/"]}]},{"@type":"ImageObject","inLanguage":"sl-SI","@id":"https:\/\/onlinelotto365.com\/sl\/zmagovalne-stevilke\/mon-wed-lotto\/#primaryimage","url":"https:\/\/redfoxlotto.com\/image?size=8&amp;lottery=monday-wednesday-lotto-au","contentUrl":"https:\/\/redfoxlotto.com\/image?size=8&amp;lottery=monday-wednesday-lotto-au"},{"@type":"BreadcrumbList","@id":"https:\/\/onlinelotto365.com\/sl\/zmagovalne-stevilke\/mon-wed-lotto\/#breadcrumb","itemListElement":[{"@type":"ListItem","position":1,"name":"Home","item":"https:\/\/onlinelotto365.com\/sl\/"},{"@type":"ListItem","position":2,"name":"Preglejte zmagovalne \u0161tevilke in rezultate najnovej\u0161ih loto \u017erebanj","item":"https:\/\/onlinelotto365.com\/sl\/zmagovalne-stevilke\/"},{"@type":"ListItem","position":3,"name":"Vse Mon &#038; Wed Lotto Avstralija rezultati"}]},{"@type":"WebSite","@id":"https:\/\/onlinelotto365.com\/sl\/#website","url":"https:\/\/onlinelotto365.com\/sl\/","name":"OnlineLotto365","description":"","potentialAction":[{"@type":"SearchAction","target":{"@type":"EntryPoint","urlTemplate":"https:\/\/onlinelotto365.com\/sl\/?s={search_term_string}"},"query-input":{"@type":"PropertyValueSpecification","valueRequired":true,"valueName":"search_term_string"}}],"inLanguage":"sl-SI"}]}},"_links":{"self":[{"href":"https:\/\/onlinelotto365.com\/sl\/wp-json\/wp\/v2\/pages\/81008","targetHints":{"allow":["GET"]}}],"collection":[{"href":"https:\/\/onlinelotto365.com\/sl\/wp-json\/wp\/v2\/pages"}],"about":[{"href":"https:\/\/onlinelotto365.com\/sl\/wp-json\/wp\/v2\/types\/page"}],"author":[{"embeddable":true,"href":"https:\/\/onlinelotto365.com\/sl\/wp-json\/wp\/v2\/users\/1"}],"replies":[{"embeddable":true,"href":"https:\/\/onlinelotto365.com\/sl\/wp-json\/wp\/v2\/comments?post=81008"}],"version-history":[{"count":0,"href":"https:\/\/onlinelotto365.com\/sl\/wp-json\/wp\/v2\/pages\/81008\/revisions"}],"up":[{"embeddable":true,"href":"https:\/\/onlinelotto365.com\/sl\/wp-json\/wp\/v2\/pages\/5867"}],"wp:attachment":[{"href":"https:\/\/onlinelotto365.com\/sl\/wp-json\/wp\/v2\/media?parent=81008"}],"curies":[{"name":"wp","href":"https:\/\/api.w.org\/{rel}","templated":true}]}}