{"id":84230,"date":"2023-09-28T08:52:41","date_gmt":"2023-09-28T07:52:41","guid":{"rendered":"https:\/\/onlinelotto365.com\/zmagovalne-stevilke\/preverite-zmagovalne-stevilke-eurojackpota-tukaj"},"modified":"2023-09-28T08:52:41","modified_gmt":"2023-09-28T07:52:41","slug":"preverite-zmagovalne-stevilke-eurojackpota-tukaj","status":"publish","type":"page","link":"https:\/\/onlinelotto365.com\/sl\/zmagovalne-stevilke\/preverite-zmagovalne-stevilke-eurojackpota-tukaj\/","title":{"rendered":"Preverite zmagovalne \u0161tevilke Eurojackpota tukaj"},"content":{"rendered":"<p>Na na\u0161em spletnem mestu je na voljo veliko razli\u010dnih mednarodnih loterij, kar pomeni, da je iskanje \u0161tevilk in rezultatov za nekatere lahko te\u017eavno. Pri iskanju \u0161tevilk drugje pa je lahko \u0161e slab\u0161e. Rezultatov Eurojackpota verjetno ne boste na\u0161li v lokalnem \u010dasopisu, te\u017eko pa jih je najti tudi na televiziji. \u0160e posebej zato, ker jih pogosto ne prena\u0161ajo v \u017eivo.<\/p>\n<p>Preverite tudi spletno stran loterije Eurojackpot, ki vam omogo\u010da dostop do neposrednega prenosa rezultatov in \u017erebanja. To je lahko zelo zabavno, poleg tega pa boste veliko hitreje izvedeli, ali ste osvojili dobitek. Vendar to ni vedno mogo\u010de, zato morate imeti pravi \u010das.<\/p>\n<p>\u010ce i\u0161\u010dete \u0161tevilke po \u017erebanju, lahko na YouTubu vedno preverite, ali je \u017erebanje na voljo ali pa ima kdo video posnetek z zmagovalnimi \u0161tevilkami.<\/p>\n<p>Najla\u017eje boste zmagovalne \u0161tevilke na\u0161li in si celo ogledali vse nagrade in rezultate, \u010de obi\u0161\u010dete na\u0161o spletno stran na strani z rezultati loterije na strani z rezultati loterije. Tam boste na\u0161li vse dobitne \u0161tevilke iz igre Eurojackpot in vseh drugih iger, ki jih ponujamo.<\/p>\n<h2>Kako izvedeti, ali ste zmagali?<\/h2>\n<p><img decoding=\"async\" class=\"aligncenter\" src=\"https:\/\/redfoxlotto.com\/image?size=8&amp;lottery=eurojackpot\" alt=\"eurojackpot\" \/><br \/>\nSte kupili sre\u010dko za Eurojackpot? \u010ce ste ga, vam sploh ni treba iti na stran z rezultati. Preprosto pojdite v svoj ra\u010dun in zmagovalne \u0161tevilke boste videli tik ob svoji sre\u010dki. Ogledali si boste lahko celo, katere \u0161tevilke so bile pravilne in katere ne, ter videli, koliko ste osvojili. \u010ce ste osvojili manj kot 2.500 \u20ac, bo denar nakazan na va\u0161 ra\u010dun takoj, ko bodo potrjene loterijske \u0161tevilke.<\/p>\n<p>Na na\u0161em spletnem mestu boste videli rezultate najnovej\u0161ega Eurojackpota, na voljo pa imate tudi \u0161tevilne mo\u017enosti za preverjanje starej\u0161ih \u017erebanj. Tako lahko preverite starej\u0161e \u017erebanja ali \u010de i\u0161\u010dete najbolj\u0161e \u0161tevilke, ki jih boste preizkusili ob naslednjem nakupu sre\u010dke. Pravzaprav je to ena izmed najbolj priljubljenih strategij, ki jih ljudje uporabljajo pri loteriji.<\/p>\n<h2>Moj listek je zmagal, kaj sledi?<\/h2>\n<p><img loading=\"lazy\" decoding=\"async\" class=\"alignright wp-image-25127\" src=\"https:\/\/onlinelotto365.com\/wp-content\/uploads\/2021\/01\/lottery_balls1-300x160-1.jpg\" alt=\"Eurojackpot winning numbers\" width=\"265\" height=\"142\" \/><br \/>\nGovorili smo \u017ee o dobitkih, ki so ni\u017eji od 2 500 evrov. Ti dobitki se takoj prenesejo na va\u0161 ra\u010dun, nato pa se lahko odlo\u010dite za nakup ve\u010d sre\u010dk ali izpla\u010dilo celotnega ali dela denarja. Vse, kar morate storiti, je, da imate na ra\u010dunu vsaj 10 EUR, da jih lahko izpla\u010date na izbrani na\u010din.<\/p>\n<p>Izberete lahko izpla\u010dilo na svoj ban\u010dni ra\u010dun ali kreditno kartico, kar vam tudi olaj\u0161amo. \u017delimo si, da bi lahko dobili svoj denar, vendar moramo narediti nekaj korakov, da ga dobimo na va\u0161 ra\u010dun. Za spletne prenose denarja namre\u010d veljajo strogi predpisi.<\/p>\n","protected":false},"excerpt":{"rendered":"<p>Na na\u0161em spletnem mestu je na voljo veliko razli\u010dnih mednarodnih loterij, kar pomeni, da je iskanje \u0161tevilk in rezultatov za nekatere lahko te\u017eavno. Pri iskanju \u0161tevilk drugje pa je lahko \u0161e slab\u0161e. Rezultatov Eurojackpota verjetno ne boste na\u0161li v lokalnem \u010dasopisu, te\u017eko pa jih je najti tudi na televiziji. \u0160e posebej zato, ker jih pogosto [&hellip;]<\/p>\n","protected":false},"author":1,"featured_media":0,"parent":5867,"menu_order":4,"comment_status":"closed","ping_status":"closed","template":"eurojackpot-results.php","meta":{"_et_pb_use_builder":"","_et_pb_old_content":"","_et_gb_content_width":"","exclude_from_search":false,"footnotes":""},"class_list":["post-84230","page","type-page","status-publish","hentry"],"yoast_head":"<!-- This site is optimized with the Yoast SEO plugin v23.4 - https:\/\/yoast.com\/wordpress\/plugins\/seo\/ -->\n<title>Dobitne \u0161tevilke Eurojackpot | Preverite rezultate \u017erebanja in dobitke za Eurojackpot tukaj<\/title>\n<meta name=\"description\" content=\"Objavljamo rezultate in dobitne \u0161tevilke Eurojackpota ter arhiv preteklih \u017erebanj.\" \/>\n<meta name=\"robots\" content=\"index, follow, max-snippet:-1, max-image-preview:large, max-video-preview:-1\" \/>\n<link rel=\"canonical\" href=\"https:\/\/onlinelotto365.com\/sl\/zmagovalne-stevilke\/preverite-zmagovalne-stevilke-eurojackpota-tukaj\/\" \/>\n<meta property=\"og:locale\" content=\"sl_SI\" \/>\n<meta property=\"og:type\" content=\"article\" \/>\n<meta property=\"og:title\" content=\"Dobitne \u0161tevilke Eurojackpot | Preverite rezultate \u017erebanja in dobitke za Eurojackpot tukaj\" \/>\n<meta property=\"og:description\" content=\"Objavljamo rezultate in dobitne \u0161tevilke Eurojackpota ter arhiv preteklih \u017erebanj.\" \/>\n<meta property=\"og:url\" content=\"https:\/\/onlinelotto365.com\/sl\/zmagovalne-stevilke\/preverite-zmagovalne-stevilke-eurojackpota-tukaj\/\" \/>\n<meta property=\"og:site_name\" content=\"OnlineLotto365\" \/>\n<meta property=\"og:image\" content=\"https:\/\/redfoxlotto.com\/image?size=8&amp;lottery=eurojackpot\" \/>\n<meta name=\"twitter:card\" content=\"summary_large_image\" \/>\n<meta name=\"twitter:label1\" content=\"Est. reading time\" \/>\n\t<meta name=\"twitter:data1\" content=\"2 minuti\" \/>\n<script type=\"application\/ld+json\" class=\"yoast-schema-graph\">{\"@context\":\"https:\/\/schema.org\",\"@graph\":[{\"@type\":\"WebPage\",\"@id\":\"https:\/\/onlinelotto365.com\/sl\/zmagovalne-stevilke\/preverite-zmagovalne-stevilke-eurojackpota-tukaj\/\",\"url\":\"https:\/\/onlinelotto365.com\/sl\/zmagovalne-stevilke\/preverite-zmagovalne-stevilke-eurojackpota-tukaj\/\",\"name\":\"Dobitne \u0161tevilke Eurojackpot | Preverite rezultate \u017erebanja in dobitke za Eurojackpot tukaj\",\"isPartOf\":{\"@id\":\"https:\/\/onlinelotto365.com\/sl\/#website\"},\"primaryImageOfPage\":{\"@id\":\"https:\/\/onlinelotto365.com\/sl\/zmagovalne-stevilke\/preverite-zmagovalne-stevilke-eurojackpota-tukaj\/#primaryimage\"},\"image\":{\"@id\":\"https:\/\/onlinelotto365.com\/sl\/zmagovalne-stevilke\/preverite-zmagovalne-stevilke-eurojackpota-tukaj\/#primaryimage\"},\"thumbnailUrl\":\"https:\/\/redfoxlotto.com\/image?size=8&amp;lottery=eurojackpot\",\"datePublished\":\"2023-09-28T07:52:41+00:00\",\"dateModified\":\"2023-09-28T07:52:41+00:00\",\"description\":\"Objavljamo rezultate in dobitne \u0161tevilke Eurojackpota ter arhiv preteklih \u017erebanj.\",\"breadcrumb\":{\"@id\":\"https:\/\/onlinelotto365.com\/sl\/zmagovalne-stevilke\/preverite-zmagovalne-stevilke-eurojackpota-tukaj\/#breadcrumb\"},\"inLanguage\":\"sl-SI\",\"potentialAction\":[{\"@type\":\"ReadAction\",\"target\":[\"https:\/\/onlinelotto365.com\/sl\/zmagovalne-stevilke\/preverite-zmagovalne-stevilke-eurojackpota-tukaj\/\"]}]},{\"@type\":\"ImageObject\",\"inLanguage\":\"sl-SI\",\"@id\":\"https:\/\/onlinelotto365.com\/sl\/zmagovalne-stevilke\/preverite-zmagovalne-stevilke-eurojackpota-tukaj\/#primaryimage\",\"url\":\"https:\/\/redfoxlotto.com\/image?size=8&amp;lottery=eurojackpot\",\"contentUrl\":\"https:\/\/redfoxlotto.com\/image?size=8&amp;lottery=eurojackpot\"},{\"@type\":\"BreadcrumbList\",\"@id\":\"https:\/\/onlinelotto365.com\/sl\/zmagovalne-stevilke\/preverite-zmagovalne-stevilke-eurojackpota-tukaj\/#breadcrumb\",\"itemListElement\":[{\"@type\":\"ListItem\",\"position\":1,\"name\":\"Home\",\"item\":\"https:\/\/onlinelotto365.com\/sl\/\"},{\"@type\":\"ListItem\",\"position\":2,\"name\":\"Preglejte zmagovalne \u0161tevilke in rezultate najnovej\u0161ih loto \u017erebanj\",\"item\":\"https:\/\/onlinelotto365.com\/sl\/zmagovalne-stevilke\/\"},{\"@type\":\"ListItem\",\"position\":3,\"name\":\"Preverite zmagovalne \u0161tevilke Eurojackpota tukaj\"}]},{\"@type\":\"WebSite\",\"@id\":\"https:\/\/onlinelotto365.com\/sl\/#website\",\"url\":\"https:\/\/onlinelotto365.com\/sl\/\",\"name\":\"OnlineLotto365\",\"description\":\"\",\"potentialAction\":[{\"@type\":\"SearchAction\",\"target\":{\"@type\":\"EntryPoint\",\"urlTemplate\":\"https:\/\/onlinelotto365.com\/sl\/?s={search_term_string}\"},\"query-input\":{\"@type\":\"PropertyValueSpecification\",\"valueRequired\":true,\"valueName\":\"search_term_string\"}}],\"inLanguage\":\"sl-SI\"}]}<\/script>\n<!-- \/ Yoast SEO plugin. -->","yoast_head_json":{"title":"Dobitne \u0161tevilke Eurojackpot | Preverite rezultate \u017erebanja in dobitke za Eurojackpot tukaj","description":"Objavljamo rezultate in dobitne \u0161tevilke Eurojackpota ter arhiv preteklih \u017erebanj.","robots":{"index":"index","follow":"follow","max-snippet":"max-snippet:-1","max-image-preview":"max-image-preview:large","max-video-preview":"max-video-preview:-1"},"canonical":"https:\/\/onlinelotto365.com\/sl\/zmagovalne-stevilke\/preverite-zmagovalne-stevilke-eurojackpota-tukaj\/","og_locale":"sl_SI","og_type":"article","og_title":"Dobitne \u0161tevilke Eurojackpot | Preverite rezultate \u017erebanja in dobitke za Eurojackpot tukaj","og_description":"Objavljamo rezultate in dobitne \u0161tevilke Eurojackpota ter arhiv preteklih \u017erebanj.","og_url":"https:\/\/onlinelotto365.com\/sl\/zmagovalne-stevilke\/preverite-zmagovalne-stevilke-eurojackpota-tukaj\/","og_site_name":"OnlineLotto365","og_image":[{"url":"https:\/\/redfoxlotto.com\/image?size=8&amp;lottery=eurojackpot"}],"twitter_card":"summary_large_image","twitter_misc":{"Est. reading time":"2 minuti"},"schema":{"@context":"https:\/\/schema.org","@graph":[{"@type":"WebPage","@id":"https:\/\/onlinelotto365.com\/sl\/zmagovalne-stevilke\/preverite-zmagovalne-stevilke-eurojackpota-tukaj\/","url":"https:\/\/onlinelotto365.com\/sl\/zmagovalne-stevilke\/preverite-zmagovalne-stevilke-eurojackpota-tukaj\/","name":"Dobitne \u0161tevilke Eurojackpot | Preverite rezultate \u017erebanja in dobitke za Eurojackpot tukaj","isPartOf":{"@id":"https:\/\/onlinelotto365.com\/sl\/#website"},"primaryImageOfPage":{"@id":"https:\/\/onlinelotto365.com\/sl\/zmagovalne-stevilke\/preverite-zmagovalne-stevilke-eurojackpota-tukaj\/#primaryimage"},"image":{"@id":"https:\/\/onlinelotto365.com\/sl\/zmagovalne-stevilke\/preverite-zmagovalne-stevilke-eurojackpota-tukaj\/#primaryimage"},"thumbnailUrl":"https:\/\/redfoxlotto.com\/image?size=8&amp;lottery=eurojackpot","datePublished":"2023-09-28T07:52:41+00:00","dateModified":"2023-09-28T07:52:41+00:00","description":"Objavljamo rezultate in dobitne \u0161tevilke Eurojackpota ter arhiv preteklih \u017erebanj.","breadcrumb":{"@id":"https:\/\/onlinelotto365.com\/sl\/zmagovalne-stevilke\/preverite-zmagovalne-stevilke-eurojackpota-tukaj\/#breadcrumb"},"inLanguage":"sl-SI","potentialAction":[{"@type":"ReadAction","target":["https:\/\/onlinelotto365.com\/sl\/zmagovalne-stevilke\/preverite-zmagovalne-stevilke-eurojackpota-tukaj\/"]}]},{"@type":"ImageObject","inLanguage":"sl-SI","@id":"https:\/\/onlinelotto365.com\/sl\/zmagovalne-stevilke\/preverite-zmagovalne-stevilke-eurojackpota-tukaj\/#primaryimage","url":"https:\/\/redfoxlotto.com\/image?size=8&amp;lottery=eurojackpot","contentUrl":"https:\/\/redfoxlotto.com\/image?size=8&amp;lottery=eurojackpot"},{"@type":"BreadcrumbList","@id":"https:\/\/onlinelotto365.com\/sl\/zmagovalne-stevilke\/preverite-zmagovalne-stevilke-eurojackpota-tukaj\/#breadcrumb","itemListElement":[{"@type":"ListItem","position":1,"name":"Home","item":"https:\/\/onlinelotto365.com\/sl\/"},{"@type":"ListItem","position":2,"name":"Preglejte zmagovalne \u0161tevilke in rezultate najnovej\u0161ih loto \u017erebanj","item":"https:\/\/onlinelotto365.com\/sl\/zmagovalne-stevilke\/"},{"@type":"ListItem","position":3,"name":"Preverite zmagovalne \u0161tevilke Eurojackpota tukaj"}]},{"@type":"WebSite","@id":"https:\/\/onlinelotto365.com\/sl\/#website","url":"https:\/\/onlinelotto365.com\/sl\/","name":"OnlineLotto365","description":"","potentialAction":[{"@type":"SearchAction","target":{"@type":"EntryPoint","urlTemplate":"https:\/\/onlinelotto365.com\/sl\/?s={search_term_string}"},"query-input":{"@type":"PropertyValueSpecification","valueRequired":true,"valueName":"search_term_string"}}],"inLanguage":"sl-SI"}]}},"_links":{"self":[{"href":"https:\/\/onlinelotto365.com\/sl\/wp-json\/wp\/v2\/pages\/84230","targetHints":{"allow":["GET"]}}],"collection":[{"href":"https:\/\/onlinelotto365.com\/sl\/wp-json\/wp\/v2\/pages"}],"about":[{"href":"https:\/\/onlinelotto365.com\/sl\/wp-json\/wp\/v2\/types\/page"}],"author":[{"embeddable":true,"href":"https:\/\/onlinelotto365.com\/sl\/wp-json\/wp\/v2\/users\/1"}],"replies":[{"embeddable":true,"href":"https:\/\/onlinelotto365.com\/sl\/wp-json\/wp\/v2\/comments?post=84230"}],"version-history":[{"count":0,"href":"https:\/\/onlinelotto365.com\/sl\/wp-json\/wp\/v2\/pages\/84230\/revisions"}],"up":[{"embeddable":true,"href":"https:\/\/onlinelotto365.com\/sl\/wp-json\/wp\/v2\/pages\/5867"}],"wp:attachment":[{"href":"https:\/\/onlinelotto365.com\/sl\/wp-json\/wp\/v2\/media?parent=84230"}],"curies":[{"name":"wp","href":"https:\/\/api.w.org\/{rel}","templated":true}]}}